{"id":5689,"date":"2022-02-22T08:20:45","date_gmt":"2022-02-22T08:20:45","guid":{"rendered":"https:\/\/baubauwall.com\/product\/foggy-forest-wallpaper\/"},"modified":"2023-03-21T15:02:39","modified_gmt":"2023-03-21T13:02:39","slug":"udune-lillemets-tapeet","status":"publish","type":"product","link":"https:\/\/baubauwall.com\/et\/toode\/udune-lillemets-tapeet\/","title":{"rendered":"Udune lillemets &#8211; tumebee\u017e"},"content":{"rendered":"<p>Jalusk\u00e4ik lummavalt uduses muinasjutumetsas \u00fcleelusuuruste \u00f5itsvate puude vahel! Ainulaadne tapeedimuster on loodud k\u00e4sitsi joonistatud abstraktsete \u00f5itega puuokstest, mis tunduvad otsekui m\u00f5nes kaunis juturaamatus. Loo selle vapustava disainiga oma elu- v\u00f5i s\u00f6\u00f6gitoas rahulik \u00fcldmulje ja atmosf\u00e4\u00e4r. Rahusta oma meeli, too oma magamistoa seintele m\u00fcstikat ja \u00e4rka puulatvu kiigutava maheda tuuleiili saatel.<\/p>\n<p>Tapeet Udune lillemets on meil olemas ka helebee\u017eina. Nagu k\u00f5ik meie kordusmustriga tapeedid ja pilttapeedid, on ka see disain tr\u00fckitud keskkonnas\u00f5bralike v\u00e4rvidega, hingavale fliistapeedi materjalile ja nummerdatud tapeedipaanides. Kuidas see t\u00f6\u00f6tab? Loe l\u00e4hemalt\u00a0<a href=\"https:\/\/baubauwall.com\/et\/kuidas-see-tootab\/\" target=\"_blank\" rel=\"noopener\">siit.\u00a0<\/a><\/p>\n","protected":false},"excerpt":{"rendered":"<p>Jalusk\u00e4ik lummavalt uduses muinasjutumetsas \u00fcleelusuuruste \u00f5itsvate puude vahel! Ainulaadne tapeedimuster on loodud k\u00e4sitsi joonistatud abstraktsete \u00f5itega puuokstest, mis tunduvad otsekui m\u00f5nes kaunis juturaamatus. Loo selle vapustava disainiga oma elu- v\u00f5i s\u00f6\u00f6gitoas rahulik \u00fcldmulje ja atmosf\u00e4\u00e4r. Rahusta oma meeli, too oma magamistoa seintele m\u00fcstikat ja \u00e4rka puulatvu kiigutava maheda tuuleiili saatel. Tapeet Udune lillemets on meil [&hellip;]<\/p>\n","protected":false},"featured_media":11410,"comment_status":"open","ping_status":"closed","template":"","meta":{"_acf_changed":false,"inline_featured_image":false},"product_brand":[],"product_cat":[386,395,388,265,269,276,413,414,415,416,399,402,248,254],"product_tag":[563,584,328],"class_list":{"0":"post-5689","1":"product","2":"type-product","3":"status-publish","4":"has-post-thumbnail","6":"product_cat-kordusmustriga-tapeedid","7":"product_cat-romantiline","8":"product_cat-vintage-et","9":"product_cat-beezid-tapeedid","10":"product_cat-pruunid-tapeedid","11":"product_cat-pastelsed-tapeedid","12":"product_cat-magamistoa-tapeedid","13":"product_cat-soogitoa-tapeedid","14":"product_cat-kulalistetoa-tapeedid","15":"product_cat-esiku-tapeedid","16":"product_cat-kodukontori-tapeedid","17":"product_cat-elutoa-tapeedid","18":"product_cat-mets","19":"product_cat-loodus","20":"product_tag-biofiilia-stiil","21":"product_tag-boho-et","22":"product_tag-udune","23":"pa_designedby-baubauwall","25":"first","26":"instock","27":"taxable","28":"shipping-taxable","29":"purchasable","30":"product-type-simple"},"acf":[],"yoast_head":"<!-- This site is optimized with the Yoast SEO plugin v25.9 - https:\/\/yoast.com\/wordpress\/plugins\/seo\/ -->\n<title>Maagiline udune lillemets tapeet - bee\u017e. Maitsekas muster ja valik.<\/title>\n<meta name=\"description\" content=\"Hele tapeet k\u00e4sitsi joonistatud mustris. Udune mets - imekaunis disain muster magamistuppa v\u00f5i elutoa seinale. Sinu seina m\u00f5\u00f5dus tapeedid ja pilttapeedid.\" \/>\n<meta name=\"robots\" content=\"index, follow, max-snippet:-1, max-image-preview:large, max-video-preview:-1\" \/>\n<link rel=\"canonical\" href=\"https:\/\/baubauwall.com\/et\/toode\/udune-lillemets-tapeet\/\" \/>\n<meta property=\"og:locale\" content=\"et_EE\" \/>\n<meta property=\"og:type\" content=\"article\" \/>\n<meta property=\"og:title\" content=\"Maagiline udune lillemets tapeet - bee\u017e. Maitsekas muster ja valik.\" \/>\n<meta property=\"og:description\" content=\"Hele tapeet k\u00e4sitsi joonistatud mustris. Udune mets - imekaunis disain muster magamistuppa v\u00f5i elutoa seinale. Sinu seina m\u00f5\u00f5dus tapeedid ja pilttapeedid.\" \/>\n<meta property=\"og:url\" content=\"https:\/\/baubauwall.com\/et\/toode\/udune-lillemets-tapeet\/\" \/>\n<meta property=\"og:site_name\" content=\"BAUBAUWALL TAPEEDID\" \/>\n<meta property=\"article:publisher\" content=\"https:\/\/www.facebook.com\/Baubauwall\" \/>\n<meta property=\"article:modified_time\" content=\"2023-03-21T13:02:39+00:00\" \/>\n<meta property=\"og:image\" content=\"https:\/\/baubauwall.com\/wp-content\/uploads\/2022\/02\/51100140_FoggyFlowerForest_Baubauwall_Wallpaper_room08.jpg\" \/>\n\t<meta property=\"og:image:width\" content=\"1200\" \/>\n\t<meta property=\"og:image:height\" content=\"800\" \/>\n\t<meta property=\"og:image:type\" content=\"image\/jpeg\" \/>\n<meta name=\"twitter:card\" content=\"summary_large_image\" \/>\n<meta name=\"twitter:label1\" content=\"Est. reading time\" \/>\n\t<meta name=\"twitter:data1\" content=\"1 minut\" \/>\n<script type=\"application\/ld+json\" class=\"yoast-schema-graph\">{\"@context\":\"https:\/\/schema.org\",\"@graph\":[{\"@type\":\"WebPage\",\"@id\":\"https:\/\/baubauwall.com\/et\/toode\/udune-lillemets-tapeet\/\",\"url\":\"https:\/\/baubauwall.com\/et\/toode\/udune-lillemets-tapeet\/\",\"name\":\"Maagiline udune lillemets tapeet - bee\u017e. Maitsekas muster ja valik.\",\"isPartOf\":{\"@id\":\"https:\/\/baubauwall.com\/et\/#website\"},\"primaryImageOfPage\":{\"@id\":\"https:\/\/baubauwall.com\/et\/toode\/udune-lillemets-tapeet\/#primaryimage\"},\"image\":{\"@id\":\"https:\/\/baubauwall.com\/et\/toode\/udune-lillemets-tapeet\/#primaryimage\"},\"thumbnailUrl\":\"https:\/\/baubauwall.com\/wp-content\/uploads\/2022\/02\/51100140_FoggyFlowerForest_Baubauwall_Wallpaper_room08.jpg\",\"datePublished\":\"2022-02-22T08:20:45+00:00\",\"dateModified\":\"2023-03-21T13:02:39+00:00\",\"description\":\"Hele tapeet k\u00e4sitsi joonistatud mustris. Udune mets - imekaunis disain muster magamistuppa v\u00f5i elutoa seinale. Sinu seina m\u00f5\u00f5dus tapeedid ja pilttapeedid.\",\"breadcrumb\":{\"@id\":\"https:\/\/baubauwall.com\/et\/toode\/udune-lillemets-tapeet\/#breadcrumb\"},\"inLanguage\":\"et\",\"potentialAction\":[{\"@type\":\"ReadAction\",\"target\":[\"https:\/\/baubauwall.com\/et\/toode\/udune-lillemets-tapeet\/\"]}]},{\"@type\":\"ImageObject\",\"inLanguage\":\"et\",\"@id\":\"https:\/\/baubauwall.com\/et\/toode\/udune-lillemets-tapeet\/#primaryimage\",\"url\":\"https:\/\/baubauwall.com\/wp-content\/uploads\/2022\/02\/51100140_FoggyFlowerForest_Baubauwall_Wallpaper_room08.jpg\",\"contentUrl\":\"https:\/\/baubauwall.com\/wp-content\/uploads\/2022\/02\/51100140_FoggyFlowerForest_Baubauwall_Wallpaper_room08.jpg\",\"width\":1200,\"height\":800,\"caption\":\"Udune lillemets elegantne tapeet\"},{\"@type\":\"BreadcrumbList\",\"@id\":\"https:\/\/baubauwall.com\/et\/toode\/udune-lillemets-tapeet\/#breadcrumb\",\"itemListElement\":[{\"@type\":\"ListItem\",\"position\":1,\"name\":\"Koju\",\"item\":\"https:\/\/baubauwall.com\/et\/\"},{\"@type\":\"ListItem\",\"position\":2,\"name\":\"Tapeedid\",\"item\":\"https:\/\/baubauwall.com\/et\/tapeedid\/\"},{\"@type\":\"ListItem\",\"position\":3,\"name\":\"Udune lillemets &#8211; tumebee\u017e\"}]},{\"@type\":\"WebSite\",\"@id\":\"https:\/\/baubauwall.com\/et\/#website\",\"url\":\"https:\/\/baubauwall.com\/et\/\",\"name\":\"BAUBAUWALL Wallpapers\",\"description\":\"Valmis paanides tapeet Eestist!\",\"publisher\":{\"@id\":\"https:\/\/baubauwall.com\/et\/#organization\"},\"potentialAction\":[{\"@type\":\"SearchAction\",\"target\":{\"@type\":\"EntryPoint\",\"urlTemplate\":\"https:\/\/baubauwall.com\/et\/?s={search_term_string}\"},\"query-input\":{\"@type\":\"PropertyValueSpecification\",\"valueRequired\":true,\"valueName\":\"search_term_string\"}}],\"inLanguage\":\"et\"},{\"@type\":\"Organization\",\"@id\":\"https:\/\/baubauwall.com\/et\/#organization\",\"name\":\"BAUBAUWALL Wallpapers\",\"url\":\"https:\/\/baubauwall.com\/et\/\",\"logo\":{\"@type\":\"ImageObject\",\"inLanguage\":\"et\",\"@id\":\"https:\/\/baubauwall.com\/et\/#\/schema\/logo\/image\/\",\"url\":\"https:\/\/baubauwall.com\/wp-content\/uploads\/2022\/03\/logo-horizontal.svg\",\"contentUrl\":\"https:\/\/baubauwall.com\/wp-content\/uploads\/2022\/03\/logo-horizontal.svg\",\"width\":\"1024\",\"height\":\"1024\",\"caption\":\"BAUBAUWALL Wallpapers\"},\"image\":{\"@id\":\"https:\/\/baubauwall.com\/et\/#\/schema\/logo\/image\/\"},\"sameAs\":[\"https:\/\/www.facebook.com\/Baubauwall\",\"https:\/\/www.instagram.com\/baubauwall\"]}]}<\/script>\n<!-- \/ Yoast SEO plugin. -->","yoast_head_json":{"title":"Maagiline udune lillemets tapeet - bee\u017e. Maitsekas muster ja valik.","description":"Hele tapeet k\u00e4sitsi joonistatud mustris. Udune mets - imekaunis disain muster magamistuppa v\u00f5i elutoa seinale. Sinu seina m\u00f5\u00f5dus tapeedid ja pilttapeedid.","robots":{"index":"index","follow":"follow","max-snippet":"max-snippet:-1","max-image-preview":"max-image-preview:large","max-video-preview":"max-video-preview:-1"},"canonical":"https:\/\/baubauwall.com\/et\/toode\/udune-lillemets-tapeet\/","og_locale":"et_EE","og_type":"article","og_title":"Maagiline udune lillemets tapeet - bee\u017e. Maitsekas muster ja valik.","og_description":"Hele tapeet k\u00e4sitsi joonistatud mustris. Udune mets - imekaunis disain muster magamistuppa v\u00f5i elutoa seinale. Sinu seina m\u00f5\u00f5dus tapeedid ja pilttapeedid.","og_url":"https:\/\/baubauwall.com\/et\/toode\/udune-lillemets-tapeet\/","og_site_name":"BAUBAUWALL TAPEEDID","article_publisher":"https:\/\/www.facebook.com\/Baubauwall","article_modified_time":"2023-03-21T13:02:39+00:00","og_image":[{"width":1200,"height":800,"url":"https:\/\/baubauwall.com\/wp-content\/uploads\/2022\/02\/51100140_FoggyFlowerForest_Baubauwall_Wallpaper_room08.jpg","type":"image\/jpeg"}],"twitter_card":"summary_large_image","twitter_misc":{"Est. reading time":"1 minut"},"schema":{"@context":"https:\/\/schema.org","@graph":[{"@type":"WebPage","@id":"https:\/\/baubauwall.com\/et\/toode\/udune-lillemets-tapeet\/","url":"https:\/\/baubauwall.com\/et\/toode\/udune-lillemets-tapeet\/","name":"Maagiline udune lillemets tapeet - bee\u017e. Maitsekas muster ja valik.","isPartOf":{"@id":"https:\/\/baubauwall.com\/et\/#website"},"primaryImageOfPage":{"@id":"https:\/\/baubauwall.com\/et\/toode\/udune-lillemets-tapeet\/#primaryimage"},"image":{"@id":"https:\/\/baubauwall.com\/et\/toode\/udune-lillemets-tapeet\/#primaryimage"},"thumbnailUrl":"https:\/\/baubauwall.com\/wp-content\/uploads\/2022\/02\/51100140_FoggyFlowerForest_Baubauwall_Wallpaper_room08.jpg","datePublished":"2022-02-22T08:20:45+00:00","dateModified":"2023-03-21T13:02:39+00:00","description":"Hele tapeet k\u00e4sitsi joonistatud mustris. Udune mets - imekaunis disain muster magamistuppa v\u00f5i elutoa seinale. Sinu seina m\u00f5\u00f5dus tapeedid ja pilttapeedid.","breadcrumb":{"@id":"https:\/\/baubauwall.com\/et\/toode\/udune-lillemets-tapeet\/#breadcrumb"},"inLanguage":"et","potentialAction":[{"@type":"ReadAction","target":["https:\/\/baubauwall.com\/et\/toode\/udune-lillemets-tapeet\/"]}]},{"@type":"ImageObject","inLanguage":"et","@id":"https:\/\/baubauwall.com\/et\/toode\/udune-lillemets-tapeet\/#primaryimage","url":"https:\/\/baubauwall.com\/wp-content\/uploads\/2022\/02\/51100140_FoggyFlowerForest_Baubauwall_Wallpaper_room08.jpg","contentUrl":"https:\/\/baubauwall.com\/wp-content\/uploads\/2022\/02\/51100140_FoggyFlowerForest_Baubauwall_Wallpaper_room08.jpg","width":1200,"height":800,"caption":"Udune lillemets elegantne tapeet"},{"@type":"BreadcrumbList","@id":"https:\/\/baubauwall.com\/et\/toode\/udune-lillemets-tapeet\/#breadcrumb","itemListElement":[{"@type":"ListItem","position":1,"name":"Koju","item":"https:\/\/baubauwall.com\/et\/"},{"@type":"ListItem","position":2,"name":"Tapeedid","item":"https:\/\/baubauwall.com\/et\/tapeedid\/"},{"@type":"ListItem","position":3,"name":"Udune lillemets &#8211; tumebee\u017e"}]},{"@type":"WebSite","@id":"https:\/\/baubauwall.com\/et\/#website","url":"https:\/\/baubauwall.com\/et\/","name":"BAUBAUWALL Wallpapers","description":"Valmis paanides tapeet Eestist!","publisher":{"@id":"https:\/\/baubauwall.com\/et\/#organization"},"potentialAction":[{"@type":"SearchAction","target":{"@type":"EntryPoint","urlTemplate":"https:\/\/baubauwall.com\/et\/?s={search_term_string}"},"query-input":{"@type":"PropertyValueSpecification","valueRequired":true,"valueName":"search_term_string"}}],"inLanguage":"et"},{"@type":"Organization","@id":"https:\/\/baubauwall.com\/et\/#organization","name":"BAUBAUWALL Wallpapers","url":"https:\/\/baubauwall.com\/et\/","logo":{"@type":"ImageObject","inLanguage":"et","@id":"https:\/\/baubauwall.com\/et\/#\/schema\/logo\/image\/","url":"https:\/\/baubauwall.com\/wp-content\/uploads\/2022\/03\/logo-horizontal.svg","contentUrl":"https:\/\/baubauwall.com\/wp-content\/uploads\/2022\/03\/logo-horizontal.svg","width":"1024","height":"1024","caption":"BAUBAUWALL Wallpapers"},"image":{"@id":"https:\/\/baubauwall.com\/et\/#\/schema\/logo\/image\/"},"sameAs":["https:\/\/www.facebook.com\/Baubauwall","https:\/\/www.instagram.com\/baubauwall"]}]}},"jetpack_sharing_enabled":true,"_links":{"self":[{"href":"https:\/\/baubauwall.com\/et\/wp-json\/wp\/v2\/product\/5689","targetHints":{"allow":["GET"]}}],"collection":[{"href":"https:\/\/baubauwall.com\/et\/wp-json\/wp\/v2\/product"}],"about":[{"href":"https:\/\/baubauwall.com\/et\/wp-json\/wp\/v2\/types\/product"}],"replies":[{"embeddable":true,"href":"https:\/\/baubauwall.com\/et\/wp-json\/wp\/v2\/comments?post=5689"}],"wp:featuredmedia":[{"embeddable":true,"href":"https:\/\/baubauwall.com\/et\/wp-json\/wp\/v2\/media\/11410"}],"wp:attachment":[{"href":"https:\/\/baubauwall.com\/et\/wp-json\/wp\/v2\/media?parent=5689"}],"wp:term":[{"taxonomy":"product_brand","embeddable":true,"href":"https:\/\/baubauwall.com\/et\/wp-json\/wp\/v2\/product_brand?post=5689"},{"taxonomy":"product_cat","embeddable":true,"href":"https:\/\/baubauwall.com\/et\/wp-json\/wp\/v2\/product_cat?post=5689"},{"taxonomy":"product_tag","embeddable":true,"href":"https:\/\/baubauwall.com\/et\/wp-json\/wp\/v2\/product_tag?post=5689"}],"curies":[{"name":"wp","href":"https:\/\/api.w.org\/{rel}","templated":true}]}}