{"id":5690,"date":"2022-02-22T08:20:45","date_gmt":"2022-02-22T08:20:45","guid":{"rendered":"https:\/\/baubauwall.com\/product\/zebra-kingdom-wallpaper\/"},"modified":"2025-10-23T16:19:58","modified_gmt":"2025-10-23T14:19:58","slug":"tapeet-mustvalge-sebrad","status":"publish","type":"product","link":"https:\/\/baubauwall.com\/et\/toode\/tapeet-mustvalge-sebrad\/","title":{"rendered":"Sebrade kuningriik"},"content":{"rendered":"<p>Mustvalge sebratapeet imeilusate loomadega! Kas sebradel on mustad triibud valgel taustal v\u00f5i vastupidi? Uuri j\u00e4rgi sellel suursugusel sebrade maailmast inspireeritud illustreeritud tapeedil. Tapeet, mis pakub hea v\u00f5imaluse korraldada kodus totaalne muutumine. Sein oli enne valge? Siis proovi selle asemel mustvalget tapeeti. Muutus pole nii j\u00e4rsk, aga tulemus &#8211; ahhetamapanev!<\/p>\n<p>Sebradega mustvalge tapeedi iga looma ja taime maalimisel on p\u00f6\u00f6ratud suurt t\u00e4helepanu detailidele, mis annab l\u00f5pptulemuseks v\u00f5luvas tasakaalus oleva mustri.<\/p>\n<p>Sebrade kuningriik disaintapeet on saadaval ka <a href=\"https:\/\/baubauwall.com\/et\/toode\/zebra-kingdom-mustard-wallpaper\/\" target=\"_blank\" rel=\"noopener\">sinepikarva<\/a>,<a href=\"https:\/\/baubauwall.com\/et\/toode\/lilla-tapeet-sebrade-kuningriik\/\" target=\"_blank\" rel=\"noopener\">\u00a0lillal<\/a> ja sinisel taustal. Nagu k\u00f5ik meie kordusmustriga tapeedid ja pilttapeedid, on ka see sebratapeet tr\u00fckitud keskkonnas\u00f5bralike v\u00e4rvidega, hingavale fliistapeedi materjalile. Loe l\u00e4hemalt nutikatest tapeetidest <a href=\"https:\/\/baubauwall.com\/et\/keskkonnasobralikud-tapeedid\/\" target=\"_blank\" rel=\"noopener\">siit.<\/a><\/p>\n","protected":false},"excerpt":{"rendered":"<p>Mustvalge sebratapeet imeilusate loomadega! Kas sebradel on mustad triibud valgel taustal v\u00f5i vastupidi? Uuri j\u00e4rgi sellel suursugusel sebrade maailmast inspireeritud illustreeritud tapeedil. Tapeet, mis pakub hea v\u00f5imaluse korraldada kodus totaalne muutumine. Sein oli enne valge? Siis proovi selle asemel mustvalget tapeeti. Muutus pole nii j\u00e4rsk, aga tulemus &#8211; ahhetamapanev! Sebradega mustvalge tapeedi iga looma ja [&hellip;]<\/p>\n","protected":false},"featured_media":4351,"comment_status":"open","ping_status":"closed","template":"","meta":{"_acf_changed":false,"inline_featured_image":false},"product_brand":[],"product_cat":[386,820,266,410,413,414,415,416,399,402,255],"product_tag":[294,361],"class_list":{"0":"post-5690","1":"product","2":"type-product","3":"status-publish","4":"has-post-thumbnail","6":"product_cat-kordusmustriga-tapeedid","7":"product_cat-triibulised-ruudulised","8":"product_cat-mustad-tapeedid","9":"product_cat-valge-tapeedid","10":"product_cat-magamistoa-tapeedid","11":"product_cat-soogitoa-tapeedid","12":"product_cat-kulalistetoa-tapeedid","13":"product_cat-esiku-tapeedid","14":"product_cat-kodukontori-tapeedid","15":"product_cat-elutoa-tapeedid","16":"product_cat-loomad","17":"product_tag-mustvalge","18":"product_tag-safari-et","20":"first","21":"instock","22":"taxable","23":"shipping-taxable","24":"purchasable","25":"product-type-simple"},"acf":[],"yoast_head":"<!-- This site is optimized with the Yoast SEO plugin v25.9 - https:\/\/yoast.com\/wordpress\/plugins\/seo\/ -->\n<title>Mustvalge sebratapeet. Sinu seina m\u00f5\u00f5dus tapeedipaanid<\/title>\n<meta name=\"description\" content=\"Sebradega mustvalge sebratapeet. K\u00e4sitsi illustreeritud detailirohke disaintapeet, sinu seina m\u00f5\u00f5tu l\u00f5igatud t\u00e4psetes paanides.\" \/>\n<meta name=\"robots\" content=\"index, follow, max-snippet:-1, max-image-preview:large, max-video-preview:-1\" \/>\n<link rel=\"canonical\" href=\"https:\/\/baubauwall.com\/et\/toode\/tapeet-mustvalge-sebrad\/\" \/>\n<meta property=\"og:locale\" content=\"et_EE\" \/>\n<meta property=\"og:type\" content=\"article\" \/>\n<meta property=\"og:title\" content=\"Mustvalge sebratapeet. Sinu seina m\u00f5\u00f5dus tapeedipaanid\" \/>\n<meta property=\"og:description\" content=\"Sebradega mustvalge sebratapeet. K\u00e4sitsi illustreeritud detailirohke disaintapeet, sinu seina m\u00f5\u00f5tu l\u00f5igatud t\u00e4psetes paanides.\" \/>\n<meta property=\"og:url\" content=\"https:\/\/baubauwall.com\/et\/toode\/tapeet-mustvalge-sebrad\/\" \/>\n<meta property=\"og:site_name\" content=\"BAUBAUWALL Wallpapers\" \/>\n<meta property=\"article:publisher\" content=\"https:\/\/www.facebook.com\/Baubauwall\" \/>\n<meta property=\"article:modified_time\" content=\"2025-10-23T14:19:58+00:00\" \/>\n<meta property=\"og:image\" content=\"https:\/\/baubauwall.com\/wp-content\/uploads\/2022\/03\/51100139__ZebraKingdom_Baubauwall_Wallpaper_room7-6.jpg\" \/>\n\t<meta property=\"og:image:width\" content=\"1067\" \/>\n\t<meta property=\"og:image:height\" content=\"800\" \/>\n\t<meta property=\"og:image:type\" content=\"image\/jpeg\" \/>\n<meta name=\"twitter:card\" content=\"summary_large_image\" \/>\n<meta name=\"twitter:label1\" content=\"Est. reading time\" \/>\n\t<meta name=\"twitter:data1\" content=\"1 minut\" \/>\n<script type=\"application\/ld+json\" class=\"yoast-schema-graph\">{\"@context\":\"https:\/\/schema.org\",\"@graph\":[{\"@type\":\"WebPage\",\"@id\":\"https:\/\/baubauwall.com\/et\/toode\/tapeet-mustvalge-sebrad\/\",\"url\":\"https:\/\/baubauwall.com\/et\/toode\/tapeet-mustvalge-sebrad\/\",\"name\":\"Mustvalge sebratapeet. Sinu seina m\u00f5\u00f5dus tapeedipaanid\",\"isPartOf\":{\"@id\":\"https:\/\/baubauwall.com\/et\/#website\"},\"primaryImageOfPage\":{\"@id\":\"https:\/\/baubauwall.com\/et\/toode\/tapeet-mustvalge-sebrad\/#primaryimage\"},\"image\":{\"@id\":\"https:\/\/baubauwall.com\/et\/toode\/tapeet-mustvalge-sebrad\/#primaryimage\"},\"thumbnailUrl\":\"https:\/\/baubauwall.com\/wp-content\/uploads\/2022\/03\/51100139__ZebraKingdom_Baubauwall_Wallpaper_room7-6.jpg\",\"datePublished\":\"2022-02-22T08:20:45+00:00\",\"dateModified\":\"2025-10-23T14:19:58+00:00\",\"description\":\"Sebradega mustvalge sebratapeet. K\u00e4sitsi illustreeritud detailirohke disaintapeet, sinu seina m\u00f5\u00f5tu l\u00f5igatud t\u00e4psetes paanides.\",\"breadcrumb\":{\"@id\":\"https:\/\/baubauwall.com\/et\/toode\/tapeet-mustvalge-sebrad\/#breadcrumb\"},\"inLanguage\":\"et\",\"potentialAction\":[{\"@type\":\"ReadAction\",\"target\":[\"https:\/\/baubauwall.com\/et\/toode\/tapeet-mustvalge-sebrad\/\"]}]},{\"@type\":\"ImageObject\",\"inLanguage\":\"et\",\"@id\":\"https:\/\/baubauwall.com\/et\/toode\/tapeet-mustvalge-sebrad\/#primaryimage\",\"url\":\"https:\/\/baubauwall.com\/wp-content\/uploads\/2022\/03\/51100139__ZebraKingdom_Baubauwall_Wallpaper_room7-6.jpg\",\"contentUrl\":\"https:\/\/baubauwall.com\/wp-content\/uploads\/2022\/03\/51100139__ZebraKingdom_Baubauwall_Wallpaper_room7-6.jpg\",\"width\":1067,\"height\":800},{\"@type\":\"BreadcrumbList\",\"@id\":\"https:\/\/baubauwall.com\/et\/toode\/tapeet-mustvalge-sebrad\/#breadcrumb\",\"itemListElement\":[{\"@type\":\"ListItem\",\"position\":1,\"name\":\"Koju\",\"item\":\"https:\/\/baubauwall.com\/et\/\"},{\"@type\":\"ListItem\",\"position\":2,\"name\":\"Tapeedid\",\"item\":\"https:\/\/baubauwall.com\/et\/tapeedid\/\"},{\"@type\":\"ListItem\",\"position\":3,\"name\":\"Sebrade kuningriik\"}]},{\"@type\":\"WebSite\",\"@id\":\"https:\/\/baubauwall.com\/et\/#website\",\"url\":\"https:\/\/baubauwall.com\/et\/\",\"name\":\"BAUBAUWALL Wallpapers\",\"description\":\"Valmis paanides tapeet Eestist!\",\"publisher\":{\"@id\":\"https:\/\/baubauwall.com\/et\/#organization\"},\"potentialAction\":[{\"@type\":\"SearchAction\",\"target\":{\"@type\":\"EntryPoint\",\"urlTemplate\":\"https:\/\/baubauwall.com\/et\/?s={search_term_string}\"},\"query-input\":{\"@type\":\"PropertyValueSpecification\",\"valueRequired\":true,\"valueName\":\"search_term_string\"}}],\"inLanguage\":\"et\"},{\"@type\":\"Organization\",\"@id\":\"https:\/\/baubauwall.com\/et\/#organization\",\"name\":\"BAUBAUWALL Wallpapers\",\"url\":\"https:\/\/baubauwall.com\/et\/\",\"logo\":{\"@type\":\"ImageObject\",\"inLanguage\":\"et\",\"@id\":\"https:\/\/baubauwall.com\/et\/#\/schema\/logo\/image\/\",\"url\":\"https:\/\/baubauwall.com\/wp-content\/uploads\/2022\/03\/logo-horizontal.svg\",\"contentUrl\":\"https:\/\/baubauwall.com\/wp-content\/uploads\/2022\/03\/logo-horizontal.svg\",\"width\":\"1024\",\"height\":\"1024\",\"caption\":\"BAUBAUWALL Wallpapers\"},\"image\":{\"@id\":\"https:\/\/baubauwall.com\/et\/#\/schema\/logo\/image\/\"},\"sameAs\":[\"https:\/\/www.facebook.com\/Baubauwall\",\"https:\/\/www.instagram.com\/baubauwall\"]}]}<\/script>\n<!-- \/ Yoast SEO plugin. -->","yoast_head_json":{"title":"Mustvalge sebratapeet. Sinu seina m\u00f5\u00f5dus tapeedipaanid","description":"Sebradega mustvalge sebratapeet. K\u00e4sitsi illustreeritud detailirohke disaintapeet, sinu seina m\u00f5\u00f5tu l\u00f5igatud t\u00e4psetes paanides.","robots":{"index":"index","follow":"follow","max-snippet":"max-snippet:-1","max-image-preview":"max-image-preview:large","max-video-preview":"max-video-preview:-1"},"canonical":"https:\/\/baubauwall.com\/et\/toode\/tapeet-mustvalge-sebrad\/","og_locale":"et_EE","og_type":"article","og_title":"Mustvalge sebratapeet. Sinu seina m\u00f5\u00f5dus tapeedipaanid","og_description":"Sebradega mustvalge sebratapeet. K\u00e4sitsi illustreeritud detailirohke disaintapeet, sinu seina m\u00f5\u00f5tu l\u00f5igatud t\u00e4psetes paanides.","og_url":"https:\/\/baubauwall.com\/et\/toode\/tapeet-mustvalge-sebrad\/","og_site_name":"BAUBAUWALL Wallpapers","article_publisher":"https:\/\/www.facebook.com\/Baubauwall","article_modified_time":"2025-10-23T14:19:58+00:00","og_image":[{"width":1067,"height":800,"url":"https:\/\/baubauwall.com\/wp-content\/uploads\/2022\/03\/51100139__ZebraKingdom_Baubauwall_Wallpaper_room7-6.jpg","type":"image\/jpeg"}],"twitter_card":"summary_large_image","twitter_misc":{"Est. reading time":"1 minut"},"schema":{"@context":"https:\/\/schema.org","@graph":[{"@type":"WebPage","@id":"https:\/\/baubauwall.com\/et\/toode\/tapeet-mustvalge-sebrad\/","url":"https:\/\/baubauwall.com\/et\/toode\/tapeet-mustvalge-sebrad\/","name":"Mustvalge sebratapeet. Sinu seina m\u00f5\u00f5dus tapeedipaanid","isPartOf":{"@id":"https:\/\/baubauwall.com\/et\/#website"},"primaryImageOfPage":{"@id":"https:\/\/baubauwall.com\/et\/toode\/tapeet-mustvalge-sebrad\/#primaryimage"},"image":{"@id":"https:\/\/baubauwall.com\/et\/toode\/tapeet-mustvalge-sebrad\/#primaryimage"},"thumbnailUrl":"https:\/\/baubauwall.com\/wp-content\/uploads\/2022\/03\/51100139__ZebraKingdom_Baubauwall_Wallpaper_room7-6.jpg","datePublished":"2022-02-22T08:20:45+00:00","dateModified":"2025-10-23T14:19:58+00:00","description":"Sebradega mustvalge sebratapeet. K\u00e4sitsi illustreeritud detailirohke disaintapeet, sinu seina m\u00f5\u00f5tu l\u00f5igatud t\u00e4psetes paanides.","breadcrumb":{"@id":"https:\/\/baubauwall.com\/et\/toode\/tapeet-mustvalge-sebrad\/#breadcrumb"},"inLanguage":"et","potentialAction":[{"@type":"ReadAction","target":["https:\/\/baubauwall.com\/et\/toode\/tapeet-mustvalge-sebrad\/"]}]},{"@type":"ImageObject","inLanguage":"et","@id":"https:\/\/baubauwall.com\/et\/toode\/tapeet-mustvalge-sebrad\/#primaryimage","url":"https:\/\/baubauwall.com\/wp-content\/uploads\/2022\/03\/51100139__ZebraKingdom_Baubauwall_Wallpaper_room7-6.jpg","contentUrl":"https:\/\/baubauwall.com\/wp-content\/uploads\/2022\/03\/51100139__ZebraKingdom_Baubauwall_Wallpaper_room7-6.jpg","width":1067,"height":800},{"@type":"BreadcrumbList","@id":"https:\/\/baubauwall.com\/et\/toode\/tapeet-mustvalge-sebrad\/#breadcrumb","itemListElement":[{"@type":"ListItem","position":1,"name":"Koju","item":"https:\/\/baubauwall.com\/et\/"},{"@type":"ListItem","position":2,"name":"Tapeedid","item":"https:\/\/baubauwall.com\/et\/tapeedid\/"},{"@type":"ListItem","position":3,"name":"Sebrade kuningriik"}]},{"@type":"WebSite","@id":"https:\/\/baubauwall.com\/et\/#website","url":"https:\/\/baubauwall.com\/et\/","name":"BAUBAUWALL Wallpapers","description":"Valmis paanides tapeet Eestist!","publisher":{"@id":"https:\/\/baubauwall.com\/et\/#organization"},"potentialAction":[{"@type":"SearchAction","target":{"@type":"EntryPoint","urlTemplate":"https:\/\/baubauwall.com\/et\/?s={search_term_string}"},"query-input":{"@type":"PropertyValueSpecification","valueRequired":true,"valueName":"search_term_string"}}],"inLanguage":"et"},{"@type":"Organization","@id":"https:\/\/baubauwall.com\/et\/#organization","name":"BAUBAUWALL Wallpapers","url":"https:\/\/baubauwall.com\/et\/","logo":{"@type":"ImageObject","inLanguage":"et","@id":"https:\/\/baubauwall.com\/et\/#\/schema\/logo\/image\/","url":"https:\/\/baubauwall.com\/wp-content\/uploads\/2022\/03\/logo-horizontal.svg","contentUrl":"https:\/\/baubauwall.com\/wp-content\/uploads\/2022\/03\/logo-horizontal.svg","width":"1024","height":"1024","caption":"BAUBAUWALL Wallpapers"},"image":{"@id":"https:\/\/baubauwall.com\/et\/#\/schema\/logo\/image\/"},"sameAs":["https:\/\/www.facebook.com\/Baubauwall","https:\/\/www.instagram.com\/baubauwall"]}]}},"jetpack_sharing_enabled":true,"_links":{"self":[{"href":"https:\/\/baubauwall.com\/et\/wp-json\/wp\/v2\/product\/5690","targetHints":{"allow":["GET"]}}],"collection":[{"href":"https:\/\/baubauwall.com\/et\/wp-json\/wp\/v2\/product"}],"about":[{"href":"https:\/\/baubauwall.com\/et\/wp-json\/wp\/v2\/types\/product"}],"replies":[{"embeddable":true,"href":"https:\/\/baubauwall.com\/et\/wp-json\/wp\/v2\/comments?post=5690"}],"wp:featuredmedia":[{"embeddable":true,"href":"https:\/\/baubauwall.com\/et\/wp-json\/wp\/v2\/media\/4351"}],"wp:attachment":[{"href":"https:\/\/baubauwall.com\/et\/wp-json\/wp\/v2\/media?parent=5690"}],"wp:term":[{"taxonomy":"product_brand","embeddable":true,"href":"https:\/\/baubauwall.com\/et\/wp-json\/wp\/v2\/product_brand?post=5690"},{"taxonomy":"product_cat","embeddable":true,"href":"https:\/\/baubauwall.com\/et\/wp-json\/wp\/v2\/product_cat?post=5690"},{"taxonomy":"product_tag","embeddable":true,"href":"https:\/\/baubauwall.com\/et\/wp-json\/wp\/v2\/product_tag?post=5690"}],"curies":[{"name":"wp","href":"https:\/\/api.w.org\/{rel}","templated":true}]}}