{"id":5691,"date":"2022-02-22T08:20:44","date_gmt":"2022-02-22T08:20:44","guid":{"rendered":"https:\/\/baubauwall.com\/product\/chirping-love-birds-wallpaper\/"},"modified":"2022-06-29T08:27:26","modified_gmt":"2022-06-29T06:27:26","slug":"tapeet-sautsuvad-laululinnud","status":"publish","type":"product","link":"https:\/\/baubauwall.com\/et\/toode\/tapeet-sautsuvad-laululinnud\/","title":{"rendered":"S\u00e4utsuvad laululinnud"},"content":{"rendered":"<p>Armsad v\u00e4ikesed sinised linnud Sinu kauni kodu seintel siristamas. P\u00f5hjamaises stiilis tapeedimustril on linnud kombineeritud abstraktse taimemustri ja oran\u017eide marjadega. Linnumustriline tapeet on ajatu valik ja loob kodus stiilse mulje aastateks.<\/p>\n<p>Hele elevandiluuv\u00e4rvi taust lisab lisab Sinu sisekujundusele moodsa vintage\u2019i noodi, olgu see tapeet lastetoas v\u00f5i kodukontoris.<\/p>\n","protected":false},"excerpt":{"rendered":"<p>Armsad v\u00e4ikesed sinised linnud Sinu kauni kodu seintel siristamas. P\u00f5hjamaises stiilis tapeedimustril on linnud kombineeritud abstraktse taimemustri ja oran\u017eide marjadega. Linnumustriline tapeet on ajatu valik ja loob kodus stiilse mulje aastateks. Hele elevandiluuv\u00e4rvi taust lisab lisab Sinu sisekujundusele moodsa vintage\u2019i noodi, olgu see tapeet lastetoas v\u00f5i kodukontoris.<\/p>\n","protected":false},"featured_media":3898,"comment_status":"open","ping_status":"closed","template":"","meta":{"_acf_changed":false,"inline_featured_image":false},"product_brand":[],"product_cat":[386,396,388,275,276,400,414,415,416,399,401,402,257],"product_tag":[832],"class_list":{"0":"post-5691","1":"product","2":"type-product","3":"status-publish","4":"has-post-thumbnail","6":"product_cat-kordusmustriga-tapeedid","7":"product_cat-skandinaavia","8":"product_cat-vintage-et","9":"product_cat-oranzid-tapeedid","10":"product_cat-pastelsed-tapeedid","11":"product_cat-lastetoa-tapeedid","12":"product_cat-soogitoa-tapeedid","13":"product_cat-kulalistetoa-tapeedid","14":"product_cat-esiku-tapeedid","15":"product_cat-kodukontori-tapeedid","16":"product_cat-koogi-tapeedid","17":"product_cat-elutoa-tapeedid","18":"product_cat-linnud","19":"product_tag-kordusmustriga-tapeedid","20":"pa_designedby-baubauwall","22":"first","23":"instock","24":"taxable","25":"shipping-taxable","26":"purchasable","27":"product-type-simple"},"acf":[],"yoast_head":"<!-- This site is optimized with the Yoast SEO plugin v25.9 - https:\/\/yoast.com\/wordpress\/plugins\/seo\/ -->\n<title>S\u00e4utsuvad linnud tapeet. R\u00e4tsepat\u00f6\u00f6na valmivad fliistapeedid<\/title>\n<meta name=\"description\" content=\"Skandinaavia stiilis tapeet oran\u017eide lindudega. P\u00f5hjamaine, kerge vintage stiilis disain lastetoa seinale, maakoju v\u00f5i magamistuppa.\" \/>\n<meta name=\"robots\" content=\"index, follow, max-snippet:-1, max-image-preview:large, max-video-preview:-1\" \/>\n<link rel=\"canonical\" href=\"https:\/\/baubauwall.com\/et\/toode\/tapeet-sautsuvad-laululinnud\/\" \/>\n<meta property=\"og:locale\" content=\"et_EE\" \/>\n<meta property=\"og:type\" content=\"article\" \/>\n<meta property=\"og:title\" content=\"S\u00e4utsuvad linnud tapeet. R\u00e4tsepat\u00f6\u00f6na valmivad fliistapeedid\" \/>\n<meta property=\"og:description\" content=\"Skandinaavia stiilis tapeet oran\u017eide lindudega. P\u00f5hjamaine, kerge vintage stiilis disain lastetoa seinale, maakoju v\u00f5i magamistuppa.\" \/>\n<meta property=\"og:url\" content=\"https:\/\/baubauwall.com\/et\/toode\/tapeet-sautsuvad-laululinnud\/\" \/>\n<meta property=\"og:site_name\" content=\"BAUBAUWALL Wallpapers\" \/>\n<meta property=\"article:publisher\" content=\"https:\/\/www.facebook.com\/Baubauwall\" \/>\n<meta property=\"article:modified_time\" content=\"2022-06-29T06:27:26+00:00\" \/>\n<meta property=\"og:image\" content=\"https:\/\/baubauwall.com\/wp-content\/uploads\/2022\/02\/51100137_ChirpingLoveBirds_Baubauwall_Wallpaper_room3.jpg\" \/>\n\t<meta property=\"og:image:width\" content=\"800\" \/>\n\t<meta property=\"og:image:height\" content=\"800\" \/>\n\t<meta property=\"og:image:type\" content=\"image\/jpeg\" \/>\n<meta name=\"twitter:card\" content=\"summary_large_image\" \/>\n<meta name=\"twitter:label1\" content=\"Est. reading time\" \/>\n\t<meta name=\"twitter:data1\" content=\"1 minut\" \/>\n<script type=\"application\/ld+json\" class=\"yoast-schema-graph\">{\"@context\":\"https:\/\/schema.org\",\"@graph\":[{\"@type\":\"WebPage\",\"@id\":\"https:\/\/baubauwall.com\/et\/toode\/tapeet-sautsuvad-laululinnud\/\",\"url\":\"https:\/\/baubauwall.com\/et\/toode\/tapeet-sautsuvad-laululinnud\/\",\"name\":\"S\u00e4utsuvad linnud tapeet. R\u00e4tsepat\u00f6\u00f6na valmivad fliistapeedid\",\"isPartOf\":{\"@id\":\"https:\/\/baubauwall.com\/et\/#website\"},\"primaryImageOfPage\":{\"@id\":\"https:\/\/baubauwall.com\/et\/toode\/tapeet-sautsuvad-laululinnud\/#primaryimage\"},\"image\":{\"@id\":\"https:\/\/baubauwall.com\/et\/toode\/tapeet-sautsuvad-laululinnud\/#primaryimage\"},\"thumbnailUrl\":\"https:\/\/baubauwall.com\/wp-content\/uploads\/2022\/02\/51100137_ChirpingLoveBirds_Baubauwall_Wallpaper_room3.jpg\",\"datePublished\":\"2022-02-22T08:20:44+00:00\",\"dateModified\":\"2022-06-29T06:27:26+00:00\",\"description\":\"Skandinaavia stiilis tapeet oran\u017eide lindudega. P\u00f5hjamaine, kerge vintage stiilis disain lastetoa seinale, maakoju v\u00f5i magamistuppa.\",\"breadcrumb\":{\"@id\":\"https:\/\/baubauwall.com\/et\/toode\/tapeet-sautsuvad-laululinnud\/#breadcrumb\"},\"inLanguage\":\"et\",\"potentialAction\":[{\"@type\":\"ReadAction\",\"target\":[\"https:\/\/baubauwall.com\/et\/toode\/tapeet-sautsuvad-laululinnud\/\"]}]},{\"@type\":\"ImageObject\",\"inLanguage\":\"et\",\"@id\":\"https:\/\/baubauwall.com\/et\/toode\/tapeet-sautsuvad-laululinnud\/#primaryimage\",\"url\":\"https:\/\/baubauwall.com\/wp-content\/uploads\/2022\/02\/51100137_ChirpingLoveBirds_Baubauwall_Wallpaper_room3.jpg\",\"contentUrl\":\"https:\/\/baubauwall.com\/wp-content\/uploads\/2022\/02\/51100137_ChirpingLoveBirds_Baubauwall_Wallpaper_room3.jpg\",\"width\":800,\"height\":800,\"caption\":\"Chirping birds wallpaper\"},{\"@type\":\"BreadcrumbList\",\"@id\":\"https:\/\/baubauwall.com\/et\/toode\/tapeet-sautsuvad-laululinnud\/#breadcrumb\",\"itemListElement\":[{\"@type\":\"ListItem\",\"position\":1,\"name\":\"Koju\",\"item\":\"https:\/\/baubauwall.com\/et\/\"},{\"@type\":\"ListItem\",\"position\":2,\"name\":\"Tapeedid\",\"item\":\"https:\/\/baubauwall.com\/et\/tapeedid\/\"},{\"@type\":\"ListItem\",\"position\":3,\"name\":\"S\u00e4utsuvad laululinnud\"}]},{\"@type\":\"WebSite\",\"@id\":\"https:\/\/baubauwall.com\/et\/#website\",\"url\":\"https:\/\/baubauwall.com\/et\/\",\"name\":\"BAUBAUWALL Wallpapers\",\"description\":\"Valmis paanides tapeet Eestist!\",\"publisher\":{\"@id\":\"https:\/\/baubauwall.com\/et\/#organization\"},\"potentialAction\":[{\"@type\":\"SearchAction\",\"target\":{\"@type\":\"EntryPoint\",\"urlTemplate\":\"https:\/\/baubauwall.com\/et\/?s={search_term_string}\"},\"query-input\":{\"@type\":\"PropertyValueSpecification\",\"valueRequired\":true,\"valueName\":\"search_term_string\"}}],\"inLanguage\":\"et\"},{\"@type\":\"Organization\",\"@id\":\"https:\/\/baubauwall.com\/et\/#organization\",\"name\":\"BAUBAUWALL Wallpapers\",\"url\":\"https:\/\/baubauwall.com\/et\/\",\"logo\":{\"@type\":\"ImageObject\",\"inLanguage\":\"et\",\"@id\":\"https:\/\/baubauwall.com\/et\/#\/schema\/logo\/image\/\",\"url\":\"https:\/\/baubauwall.com\/wp-content\/uploads\/2022\/03\/logo-horizontal.svg\",\"contentUrl\":\"https:\/\/baubauwall.com\/wp-content\/uploads\/2022\/03\/logo-horizontal.svg\",\"width\":\"1024\",\"height\":\"1024\",\"caption\":\"BAUBAUWALL Wallpapers\"},\"image\":{\"@id\":\"https:\/\/baubauwall.com\/et\/#\/schema\/logo\/image\/\"},\"sameAs\":[\"https:\/\/www.facebook.com\/Baubauwall\",\"https:\/\/www.instagram.com\/baubauwall\"]}]}<\/script>\n<!-- \/ Yoast SEO plugin. -->","yoast_head_json":{"title":"S\u00e4utsuvad linnud tapeet. R\u00e4tsepat\u00f6\u00f6na valmivad fliistapeedid","description":"Skandinaavia stiilis tapeet oran\u017eide lindudega. P\u00f5hjamaine, kerge vintage stiilis disain lastetoa seinale, maakoju v\u00f5i magamistuppa.","robots":{"index":"index","follow":"follow","max-snippet":"max-snippet:-1","max-image-preview":"max-image-preview:large","max-video-preview":"max-video-preview:-1"},"canonical":"https:\/\/baubauwall.com\/et\/toode\/tapeet-sautsuvad-laululinnud\/","og_locale":"et_EE","og_type":"article","og_title":"S\u00e4utsuvad linnud tapeet. R\u00e4tsepat\u00f6\u00f6na valmivad fliistapeedid","og_description":"Skandinaavia stiilis tapeet oran\u017eide lindudega. P\u00f5hjamaine, kerge vintage stiilis disain lastetoa seinale, maakoju v\u00f5i magamistuppa.","og_url":"https:\/\/baubauwall.com\/et\/toode\/tapeet-sautsuvad-laululinnud\/","og_site_name":"BAUBAUWALL Wallpapers","article_publisher":"https:\/\/www.facebook.com\/Baubauwall","article_modified_time":"2022-06-29T06:27:26+00:00","og_image":[{"width":800,"height":800,"url":"https:\/\/baubauwall.com\/wp-content\/uploads\/2022\/02\/51100137_ChirpingLoveBirds_Baubauwall_Wallpaper_room3.jpg","type":"image\/jpeg"}],"twitter_card":"summary_large_image","twitter_misc":{"Est. reading time":"1 minut"},"schema":{"@context":"https:\/\/schema.org","@graph":[{"@type":"WebPage","@id":"https:\/\/baubauwall.com\/et\/toode\/tapeet-sautsuvad-laululinnud\/","url":"https:\/\/baubauwall.com\/et\/toode\/tapeet-sautsuvad-laululinnud\/","name":"S\u00e4utsuvad linnud tapeet. R\u00e4tsepat\u00f6\u00f6na valmivad fliistapeedid","isPartOf":{"@id":"https:\/\/baubauwall.com\/et\/#website"},"primaryImageOfPage":{"@id":"https:\/\/baubauwall.com\/et\/toode\/tapeet-sautsuvad-laululinnud\/#primaryimage"},"image":{"@id":"https:\/\/baubauwall.com\/et\/toode\/tapeet-sautsuvad-laululinnud\/#primaryimage"},"thumbnailUrl":"https:\/\/baubauwall.com\/wp-content\/uploads\/2022\/02\/51100137_ChirpingLoveBirds_Baubauwall_Wallpaper_room3.jpg","datePublished":"2022-02-22T08:20:44+00:00","dateModified":"2022-06-29T06:27:26+00:00","description":"Skandinaavia stiilis tapeet oran\u017eide lindudega. P\u00f5hjamaine, kerge vintage stiilis disain lastetoa seinale, maakoju v\u00f5i magamistuppa.","breadcrumb":{"@id":"https:\/\/baubauwall.com\/et\/toode\/tapeet-sautsuvad-laululinnud\/#breadcrumb"},"inLanguage":"et","potentialAction":[{"@type":"ReadAction","target":["https:\/\/baubauwall.com\/et\/toode\/tapeet-sautsuvad-laululinnud\/"]}]},{"@type":"ImageObject","inLanguage":"et","@id":"https:\/\/baubauwall.com\/et\/toode\/tapeet-sautsuvad-laululinnud\/#primaryimage","url":"https:\/\/baubauwall.com\/wp-content\/uploads\/2022\/02\/51100137_ChirpingLoveBirds_Baubauwall_Wallpaper_room3.jpg","contentUrl":"https:\/\/baubauwall.com\/wp-content\/uploads\/2022\/02\/51100137_ChirpingLoveBirds_Baubauwall_Wallpaper_room3.jpg","width":800,"height":800,"caption":"Chirping birds wallpaper"},{"@type":"BreadcrumbList","@id":"https:\/\/baubauwall.com\/et\/toode\/tapeet-sautsuvad-laululinnud\/#breadcrumb","itemListElement":[{"@type":"ListItem","position":1,"name":"Koju","item":"https:\/\/baubauwall.com\/et\/"},{"@type":"ListItem","position":2,"name":"Tapeedid","item":"https:\/\/baubauwall.com\/et\/tapeedid\/"},{"@type":"ListItem","position":3,"name":"S\u00e4utsuvad laululinnud"}]},{"@type":"WebSite","@id":"https:\/\/baubauwall.com\/et\/#website","url":"https:\/\/baubauwall.com\/et\/","name":"BAUBAUWALL Wallpapers","description":"Valmis paanides tapeet Eestist!","publisher":{"@id":"https:\/\/baubauwall.com\/et\/#organization"},"potentialAction":[{"@type":"SearchAction","target":{"@type":"EntryPoint","urlTemplate":"https:\/\/baubauwall.com\/et\/?s={search_term_string}"},"query-input":{"@type":"PropertyValueSpecification","valueRequired":true,"valueName":"search_term_string"}}],"inLanguage":"et"},{"@type":"Organization","@id":"https:\/\/baubauwall.com\/et\/#organization","name":"BAUBAUWALL Wallpapers","url":"https:\/\/baubauwall.com\/et\/","logo":{"@type":"ImageObject","inLanguage":"et","@id":"https:\/\/baubauwall.com\/et\/#\/schema\/logo\/image\/","url":"https:\/\/baubauwall.com\/wp-content\/uploads\/2022\/03\/logo-horizontal.svg","contentUrl":"https:\/\/baubauwall.com\/wp-content\/uploads\/2022\/03\/logo-horizontal.svg","width":"1024","height":"1024","caption":"BAUBAUWALL Wallpapers"},"image":{"@id":"https:\/\/baubauwall.com\/et\/#\/schema\/logo\/image\/"},"sameAs":["https:\/\/www.facebook.com\/Baubauwall","https:\/\/www.instagram.com\/baubauwall"]}]}},"jetpack_sharing_enabled":true,"_links":{"self":[{"href":"https:\/\/baubauwall.com\/et\/wp-json\/wp\/v2\/product\/5691","targetHints":{"allow":["GET"]}}],"collection":[{"href":"https:\/\/baubauwall.com\/et\/wp-json\/wp\/v2\/product"}],"about":[{"href":"https:\/\/baubauwall.com\/et\/wp-json\/wp\/v2\/types\/product"}],"replies":[{"embeddable":true,"href":"https:\/\/baubauwall.com\/et\/wp-json\/wp\/v2\/comments?post=5691"}],"wp:featuredmedia":[{"embeddable":true,"href":"https:\/\/baubauwall.com\/et\/wp-json\/wp\/v2\/media\/3898"}],"wp:attachment":[{"href":"https:\/\/baubauwall.com\/et\/wp-json\/wp\/v2\/media?parent=5691"}],"wp:term":[{"taxonomy":"product_brand","embeddable":true,"href":"https:\/\/baubauwall.com\/et\/wp-json\/wp\/v2\/product_brand?post=5691"},{"taxonomy":"product_cat","embeddable":true,"href":"https:\/\/baubauwall.com\/et\/wp-json\/wp\/v2\/product_cat?post=5691"},{"taxonomy":"product_tag","embeddable":true,"href":"https:\/\/baubauwall.com\/et\/wp-json\/wp\/v2\/product_tag?post=5691"}],"curies":[{"name":"wp","href":"https:\/\/api.w.org\/{rel}","templated":true}]}}