{"id":5693,"date":"2022-02-22T08:20:43","date_gmt":"2022-02-22T06:20:43","guid":{"rendered":"https:\/\/baubauwall.com\/product\/tropical-utopia-wallpaper\/"},"modified":"2023-06-02T08:56:17","modified_gmt":"2023-06-02T06:56:17","slug":"tapeet-troopiline-utoopia","status":"publish","type":"product","link":"https:\/\/baubauwall.com\/et\/toode\/tapeet-troopiline-utoopia\/","title":{"rendered":"Troopiline utoopia"},"content":{"rendered":"<p>Tere tulemast aiad\u017eunglisse! V\u00f5i on see lihtsalt troopiline utoopia, mille loovad monstera taim, banaanipuu ja palmilehed? Stiilne tapeedimuster tumedal \u00f6\u00f6sinisel-rohelisel taustal elavdab interj\u00f6\u00f6ri v\u00e4hese vaevaga. Kuldse tooniga lehed annavad interj\u00f6\u00f6rile troopilise h\u00f5ngu, olgu selleks siis elutuba, magamistuba, vannituba v\u00f5i midagi muud. Hoidke k\u00e4tt trendipulsil troopilise disaini ja esteetilise tapeediga, mida saab sobitada erinevas stiilis ja v\u00e4rvitoonis m\u00f6\u00f6bliga.<\/p>\n<p>Nagu k\u00f5ik meie tapeedid on ka see tapeet tr\u00fckitud keskkonnas\u00f5bralike v\u00e4rvidega hingavale, fliistapeedi materjalile. Sinu uus tapeet on l\u00f5igatud nummerdatud paanideks \u2013 t\u00e4pselt nii pikad, kui Sinu sein. Kuidas t\u00f6\u00f6tab nutikas tapeediteenus ja kuidas fliistapeeti <a href=\"https:\/\/baubauwall.com\/wp-content\/uploads\/2022\/03\/Paigaldusjuhis_baubauwalli_tapeet_web.pdf\">paigaldada<\/a> \u2013 loe l\u00e4hemalt<a href=\"https:\/\/baubauwall.com\/et\/kuidas-see-tootab\/\" target=\"_blank\" rel=\"noopener\">\u00a0siit.<\/a><\/p>\n<p>&nbsp;<\/p>\n","protected":false},"excerpt":{"rendered":"<p>Tere tulemast aiad\u017eunglisse! V\u00f5i on see lihtsalt troopiline utoopia, mille loovad monstera taim, banaanipuu ja palmilehed? Stiilne tapeedimuster tumedal \u00f6\u00f6sinisel-rohelisel taustal elavdab interj\u00f6\u00f6ri v\u00e4hese vaevaga. Kuldse tooniga lehed annavad interj\u00f6\u00f6rile troopilise h\u00f5ngu, olgu selleks siis elutuba, magamistuba, vannituba v\u00f5i midagi muud. Hoidke k\u00e4tt trendipulsil troopilise disaini ja esteetilise tapeediga, mida saab sobitada erinevas stiilis ja [&hellip;]<\/p>\n","protected":false},"featured_media":4050,"comment_status":"open","ping_status":"closed","template":"","meta":{"_acf_changed":false,"inline_featured_image":false},"product_brand":[],"product_cat":[386,266,270,271,752,413,414,415,416,399,401,402,412,699,250,254],"product_tag":[563,298,832],"class_list":{"0":"post-5693","1":"product","2":"type-product","3":"status-publish","4":"has-post-thumbnail","6":"product_cat-kordusmustriga-tapeedid","7":"product_cat-mustad-tapeedid","8":"product_cat-tumedad-tapeedid","9":"product_cat-rohelised-tapeedid","10":"product_cat-avalik-ruum","11":"product_cat-magamistoa-tapeedid","12":"product_cat-soogitoa-tapeedid","13":"product_cat-kulalistetoa-tapeedid","14":"product_cat-esiku-tapeedid","15":"product_cat-kodukontori-tapeedid","16":"product_cat-koogi-tapeedid","17":"product_cat-elutoa-tapeedid","18":"product_cat-vannitoa-tapeedid","19":"product_cat-eesti-disain-tapeedid","20":"product_cat-dzungel-troopika","21":"product_cat-loodus","22":"product_tag-biofiilia-stiil","23":"product_tag-botaaniline","24":"product_tag-kordusmustriga-tapeedid","25":"pa_designedby-baubauwall","27":"first","28":"instock","29":"taxable","30":"shipping-taxable","31":"purchasable","32":"product-type-simple"},"acf":[],"yoast_head":"<!-- This site is optimized with the Yoast SEO plugin v25.9 - https:\/\/yoast.com\/wordpress\/plugins\/seo\/ -->\n<title>Troopiline tapeet. R\u00e4tsepat\u00f6\u00f6na valmivad tapeedid. Eesti disain.<\/title>\n<meta name=\"description\" content=\"Troopiline tapeet tumedal taustal. Tr\u00fckime t\u00e4pselt teie seina m\u00f5\u00f5tu, valmis l\u00f5igatud tapeedipaanid. Ainulaadsed tapeedidisainid.\" \/>\n<meta name=\"robots\" content=\"index, follow, max-snippet:-1, max-image-preview:large, max-video-preview:-1\" \/>\n<link rel=\"canonical\" href=\"https:\/\/baubauwall.com\/et\/toode\/tapeet-troopiline-utoopia\/\" \/>\n<meta property=\"og:locale\" content=\"et_EE\" \/>\n<meta property=\"og:type\" content=\"article\" \/>\n<meta property=\"og:title\" content=\"Troopiline tapeet. R\u00e4tsepat\u00f6\u00f6na valmivad tapeedid. Eesti disain.\" \/>\n<meta property=\"og:description\" content=\"Troopiline tapeet tumedal taustal. Tr\u00fckime t\u00e4pselt teie seina m\u00f5\u00f5tu, valmis l\u00f5igatud tapeedipaanid. Ainulaadsed tapeedidisainid.\" \/>\n<meta property=\"og:url\" content=\"https:\/\/baubauwall.com\/et\/toode\/tapeet-troopiline-utoopia\/\" \/>\n<meta property=\"og:site_name\" content=\"BAUBAUWALL Wallpapers\" \/>\n<meta property=\"article:publisher\" content=\"https:\/\/www.facebook.com\/Baubauwall\" \/>\n<meta property=\"article:modified_time\" content=\"2023-06-02T06:56:17+00:00\" \/>\n<meta property=\"og:image\" content=\"https:\/\/baubauwall.com\/wp-content\/uploads\/2022\/02\/51100134_TropicalUtopia_Baubauwall_Wallpaper_room3.png\" \/>\n\t<meta property=\"og:image:width\" content=\"1092\" \/>\n\t<meta property=\"og:image:height\" content=\"738\" \/>\n\t<meta property=\"og:image:type\" content=\"image\/png\" \/>\n<meta name=\"twitter:card\" content=\"summary_large_image\" \/>\n<meta name=\"twitter:label1\" content=\"Est. reading time\" \/>\n\t<meta name=\"twitter:data1\" content=\"1 minut\" \/>\n<script type=\"application\/ld+json\" class=\"yoast-schema-graph\">{\"@context\":\"https:\/\/schema.org\",\"@graph\":[{\"@type\":\"WebPage\",\"@id\":\"https:\/\/baubauwall.com\/et\/toode\/tapeet-troopiline-utoopia\/\",\"url\":\"https:\/\/baubauwall.com\/et\/toode\/tapeet-troopiline-utoopia\/\",\"name\":\"Troopiline tapeet. R\u00e4tsepat\u00f6\u00f6na valmivad tapeedid. Eesti disain.\",\"isPartOf\":{\"@id\":\"https:\/\/baubauwall.com\/et\/#website\"},\"primaryImageOfPage\":{\"@id\":\"https:\/\/baubauwall.com\/et\/toode\/tapeet-troopiline-utoopia\/#primaryimage\"},\"image\":{\"@id\":\"https:\/\/baubauwall.com\/et\/toode\/tapeet-troopiline-utoopia\/#primaryimage\"},\"thumbnailUrl\":\"https:\/\/baubauwall.com\/wp-content\/uploads\/2022\/02\/51100134_TropicalUtopia_Baubauwall_Wallpaper_room3.png\",\"datePublished\":\"2022-02-22T06:20:43+00:00\",\"dateModified\":\"2023-06-02T06:56:17+00:00\",\"description\":\"Troopiline tapeet tumedal taustal. Tr\u00fckime t\u00e4pselt teie seina m\u00f5\u00f5tu, valmis l\u00f5igatud tapeedipaanid. Ainulaadsed tapeedidisainid.\",\"breadcrumb\":{\"@id\":\"https:\/\/baubauwall.com\/et\/toode\/tapeet-troopiline-utoopia\/#breadcrumb\"},\"inLanguage\":\"et\",\"potentialAction\":[{\"@type\":\"ReadAction\",\"target\":[\"https:\/\/baubauwall.com\/et\/toode\/tapeet-troopiline-utoopia\/\"]}]},{\"@type\":\"ImageObject\",\"inLanguage\":\"et\",\"@id\":\"https:\/\/baubauwall.com\/et\/toode\/tapeet-troopiline-utoopia\/#primaryimage\",\"url\":\"https:\/\/baubauwall.com\/wp-content\/uploads\/2022\/02\/51100134_TropicalUtopia_Baubauwall_Wallpaper_room3.png\",\"contentUrl\":\"https:\/\/baubauwall.com\/wp-content\/uploads\/2022\/02\/51100134_TropicalUtopia_Baubauwall_Wallpaper_room3.png\",\"width\":1092,\"height\":738},{\"@type\":\"BreadcrumbList\",\"@id\":\"https:\/\/baubauwall.com\/et\/toode\/tapeet-troopiline-utoopia\/#breadcrumb\",\"itemListElement\":[{\"@type\":\"ListItem\",\"position\":1,\"name\":\"Koju\",\"item\":\"https:\/\/baubauwall.com\/et\/\"},{\"@type\":\"ListItem\",\"position\":2,\"name\":\"Tapeedid\",\"item\":\"https:\/\/baubauwall.com\/et\/tapeedid\/\"},{\"@type\":\"ListItem\",\"position\":3,\"name\":\"Troopiline utoopia\"}]},{\"@type\":\"WebSite\",\"@id\":\"https:\/\/baubauwall.com\/et\/#website\",\"url\":\"https:\/\/baubauwall.com\/et\/\",\"name\":\"BAUBAUWALL Wallpapers\",\"description\":\"Valmis paanides tapeet Eestist!\",\"publisher\":{\"@id\":\"https:\/\/baubauwall.com\/et\/#organization\"},\"potentialAction\":[{\"@type\":\"SearchAction\",\"target\":{\"@type\":\"EntryPoint\",\"urlTemplate\":\"https:\/\/baubauwall.com\/et\/?s={search_term_string}\"},\"query-input\":{\"@type\":\"PropertyValueSpecification\",\"valueRequired\":true,\"valueName\":\"search_term_string\"}}],\"inLanguage\":\"et\"},{\"@type\":\"Organization\",\"@id\":\"https:\/\/baubauwall.com\/et\/#organization\",\"name\":\"BAUBAUWALL Wallpapers\",\"url\":\"https:\/\/baubauwall.com\/et\/\",\"logo\":{\"@type\":\"ImageObject\",\"inLanguage\":\"et\",\"@id\":\"https:\/\/baubauwall.com\/et\/#\/schema\/logo\/image\/\",\"url\":\"https:\/\/baubauwall.com\/wp-content\/uploads\/2022\/03\/logo-horizontal.svg\",\"contentUrl\":\"https:\/\/baubauwall.com\/wp-content\/uploads\/2022\/03\/logo-horizontal.svg\",\"width\":\"1024\",\"height\":\"1024\",\"caption\":\"BAUBAUWALL Wallpapers\"},\"image\":{\"@id\":\"https:\/\/baubauwall.com\/et\/#\/schema\/logo\/image\/\"},\"sameAs\":[\"https:\/\/www.facebook.com\/Baubauwall\",\"https:\/\/www.instagram.com\/baubauwall\"]}]}<\/script>\n<!-- \/ Yoast SEO plugin. -->","yoast_head_json":{"title":"Troopiline tapeet. R\u00e4tsepat\u00f6\u00f6na valmivad tapeedid. Eesti disain.","description":"Troopiline tapeet tumedal taustal. Tr\u00fckime t\u00e4pselt teie seina m\u00f5\u00f5tu, valmis l\u00f5igatud tapeedipaanid. Ainulaadsed tapeedidisainid.","robots":{"index":"index","follow":"follow","max-snippet":"max-snippet:-1","max-image-preview":"max-image-preview:large","max-video-preview":"max-video-preview:-1"},"canonical":"https:\/\/baubauwall.com\/et\/toode\/tapeet-troopiline-utoopia\/","og_locale":"et_EE","og_type":"article","og_title":"Troopiline tapeet. R\u00e4tsepat\u00f6\u00f6na valmivad tapeedid. Eesti disain.","og_description":"Troopiline tapeet tumedal taustal. Tr\u00fckime t\u00e4pselt teie seina m\u00f5\u00f5tu, valmis l\u00f5igatud tapeedipaanid. Ainulaadsed tapeedidisainid.","og_url":"https:\/\/baubauwall.com\/et\/toode\/tapeet-troopiline-utoopia\/","og_site_name":"BAUBAUWALL Wallpapers","article_publisher":"https:\/\/www.facebook.com\/Baubauwall","article_modified_time":"2023-06-02T06:56:17+00:00","og_image":[{"width":1092,"height":738,"url":"https:\/\/baubauwall.com\/wp-content\/uploads\/2022\/02\/51100134_TropicalUtopia_Baubauwall_Wallpaper_room3.png","type":"image\/png"}],"twitter_card":"summary_large_image","twitter_misc":{"Est. reading time":"1 minut"},"schema":{"@context":"https:\/\/schema.org","@graph":[{"@type":"WebPage","@id":"https:\/\/baubauwall.com\/et\/toode\/tapeet-troopiline-utoopia\/","url":"https:\/\/baubauwall.com\/et\/toode\/tapeet-troopiline-utoopia\/","name":"Troopiline tapeet. R\u00e4tsepat\u00f6\u00f6na valmivad tapeedid. Eesti disain.","isPartOf":{"@id":"https:\/\/baubauwall.com\/et\/#website"},"primaryImageOfPage":{"@id":"https:\/\/baubauwall.com\/et\/toode\/tapeet-troopiline-utoopia\/#primaryimage"},"image":{"@id":"https:\/\/baubauwall.com\/et\/toode\/tapeet-troopiline-utoopia\/#primaryimage"},"thumbnailUrl":"https:\/\/baubauwall.com\/wp-content\/uploads\/2022\/02\/51100134_TropicalUtopia_Baubauwall_Wallpaper_room3.png","datePublished":"2022-02-22T06:20:43+00:00","dateModified":"2023-06-02T06:56:17+00:00","description":"Troopiline tapeet tumedal taustal. Tr\u00fckime t\u00e4pselt teie seina m\u00f5\u00f5tu, valmis l\u00f5igatud tapeedipaanid. Ainulaadsed tapeedidisainid.","breadcrumb":{"@id":"https:\/\/baubauwall.com\/et\/toode\/tapeet-troopiline-utoopia\/#breadcrumb"},"inLanguage":"et","potentialAction":[{"@type":"ReadAction","target":["https:\/\/baubauwall.com\/et\/toode\/tapeet-troopiline-utoopia\/"]}]},{"@type":"ImageObject","inLanguage":"et","@id":"https:\/\/baubauwall.com\/et\/toode\/tapeet-troopiline-utoopia\/#primaryimage","url":"https:\/\/baubauwall.com\/wp-content\/uploads\/2022\/02\/51100134_TropicalUtopia_Baubauwall_Wallpaper_room3.png","contentUrl":"https:\/\/baubauwall.com\/wp-content\/uploads\/2022\/02\/51100134_TropicalUtopia_Baubauwall_Wallpaper_room3.png","width":1092,"height":738},{"@type":"BreadcrumbList","@id":"https:\/\/baubauwall.com\/et\/toode\/tapeet-troopiline-utoopia\/#breadcrumb","itemListElement":[{"@type":"ListItem","position":1,"name":"Koju","item":"https:\/\/baubauwall.com\/et\/"},{"@type":"ListItem","position":2,"name":"Tapeedid","item":"https:\/\/baubauwall.com\/et\/tapeedid\/"},{"@type":"ListItem","position":3,"name":"Troopiline utoopia"}]},{"@type":"WebSite","@id":"https:\/\/baubauwall.com\/et\/#website","url":"https:\/\/baubauwall.com\/et\/","name":"BAUBAUWALL Wallpapers","description":"Valmis paanides tapeet Eestist!","publisher":{"@id":"https:\/\/baubauwall.com\/et\/#organization"},"potentialAction":[{"@type":"SearchAction","target":{"@type":"EntryPoint","urlTemplate":"https:\/\/baubauwall.com\/et\/?s={search_term_string}"},"query-input":{"@type":"PropertyValueSpecification","valueRequired":true,"valueName":"search_term_string"}}],"inLanguage":"et"},{"@type":"Organization","@id":"https:\/\/baubauwall.com\/et\/#organization","name":"BAUBAUWALL Wallpapers","url":"https:\/\/baubauwall.com\/et\/","logo":{"@type":"ImageObject","inLanguage":"et","@id":"https:\/\/baubauwall.com\/et\/#\/schema\/logo\/image\/","url":"https:\/\/baubauwall.com\/wp-content\/uploads\/2022\/03\/logo-horizontal.svg","contentUrl":"https:\/\/baubauwall.com\/wp-content\/uploads\/2022\/03\/logo-horizontal.svg","width":"1024","height":"1024","caption":"BAUBAUWALL Wallpapers"},"image":{"@id":"https:\/\/baubauwall.com\/et\/#\/schema\/logo\/image\/"},"sameAs":["https:\/\/www.facebook.com\/Baubauwall","https:\/\/www.instagram.com\/baubauwall"]}]}},"jetpack_sharing_enabled":true,"_links":{"self":[{"href":"https:\/\/baubauwall.com\/et\/wp-json\/wp\/v2\/product\/5693","targetHints":{"allow":["GET"]}}],"collection":[{"href":"https:\/\/baubauwall.com\/et\/wp-json\/wp\/v2\/product"}],"about":[{"href":"https:\/\/baubauwall.com\/et\/wp-json\/wp\/v2\/types\/product"}],"replies":[{"embeddable":true,"href":"https:\/\/baubauwall.com\/et\/wp-json\/wp\/v2\/comments?post=5693"}],"wp:featuredmedia":[{"embeddable":true,"href":"https:\/\/baubauwall.com\/et\/wp-json\/wp\/v2\/media\/4050"}],"wp:attachment":[{"href":"https:\/\/baubauwall.com\/et\/wp-json\/wp\/v2\/media?parent=5693"}],"wp:term":[{"taxonomy":"product_brand","embeddable":true,"href":"https:\/\/baubauwall.com\/et\/wp-json\/wp\/v2\/product_brand?post=5693"},{"taxonomy":"product_cat","embeddable":true,"href":"https:\/\/baubauwall.com\/et\/wp-json\/wp\/v2\/product_cat?post=5693"},{"taxonomy":"product_tag","embeddable":true,"href":"https:\/\/baubauwall.com\/et\/wp-json\/wp\/v2\/product_tag?post=5693"}],"curies":[{"name":"wp","href":"https:\/\/api.w.org\/{rel}","templated":true}]}}