{"id":5694,"date":"2022-02-22T08:20:42","date_gmt":"2022-02-22T06:20:42","guid":{"rendered":"https:\/\/baubauwall.com\/product\/violet-flora-and-fauna-wallpaper\/"},"modified":"2024-08-06T12:35:44","modified_gmt":"2024-08-06T10:35:44","slug":"tapeet-floora-ja-fauna-purpur-lilla","status":"publish","type":"product","link":"https:\/\/baubauwall.com\/et\/toode\/tapeet-floora-ja-fauna-purpur-lilla\/","title":{"rendered":"Floora ja fauna &#8211; lilla"},"content":{"rendered":"<p>P\u00f5hjamaise mustriga julge lilla tapeet on lugu lilledest, metsadest ja aedade viljadest. See muster tekitab Sinu garderoobis, k\u00fclaliste toas v\u00f5i kodukontoris t\u00f5elise vau-efekti. Paigalda see tapeet esiku seinale ja iga kord koju tulles h\u00f5ikab ta Sulle: \u201eTere, kaunitar!\u201c . Floora ja fauna teemaline tapeedidisain on olemas ka helekollase, tumerohelise ja valge taustaga.<\/p>\n<p>Nagu k\u00f5ik meie tapeedid, fototapeedid ja pilttapeedid, on ka see disain tr\u00fckitud hingavale, keskkonnas\u00f5bralike v\u00e4rvidega fliistapeedi materjalile. Loe lisaks j\u00e4\u00e4kidevabast ja innovaatilisest\u00a0<a href=\"https:\/\/baubauwall.com\/et\/keskkonnasobralikud-tapeedid\/\">tapeeditootmisest siin.\u00a0<\/a><\/p>\n<p>&nbsp;<\/p>\n","protected":false},"excerpt":{"rendered":"<p>P\u00f5hjamaise mustriga julge lilla tapeet on lugu lilledest, metsadest ja aedade viljadest. See muster tekitab Sinu garderoobis, k\u00fclaliste toas v\u00f5i kodukontoris t\u00f5elise vau-efekti. Paigalda see tapeet esiku seinale ja iga kord koju tulles h\u00f5ikab ta Sulle: \u201eTere, kaunitar!\u201c . Floora ja fauna teemaline tapeedidisain on olemas ka helekollase, tumerohelise ja valge taustaga. Nagu k\u00f5ik meie [&hellip;]<\/p>\n","protected":false},"featured_media":8113,"comment_status":"open","ping_status":"closed","template":"","meta":{"_acf_changed":false,"inline_featured_image":false},"product_brand":[],"product_cat":[386,404,447,394,396,417,418,413,414,415,416,399,401,402,412,256,260,561],"product_tag":[],"class_list":{"0":"post-5694","1":"product","2":"type-product","3":"status-publish","4":"has-post-thumbnail","6":"product_cat-kordusmustriga-tapeedid","7":"product_cat-abstraktne","8":"product_cat-maksimalistlik-et","9":"product_cat-rikkalik","10":"product_cat-skandinaavia","11":"product_cat-purpur-tapeedid","12":"product_cat-punased-tapeedid","13":"product_cat-magamistoa-tapeedid","14":"product_cat-soogitoa-tapeedid","15":"product_cat-kulalistetoa-tapeedid","16":"product_cat-esiku-tapeedid","17":"product_cat-kodukontori-tapeedid","18":"product_cat-koogi-tapeedid","19":"product_cat-elutoa-tapeedid","20":"product_cat-vannitoa-tapeedid","21":"product_cat-marjad","22":"product_cat-lilled","23":"product_cat-suvised-tapeedid","24":"pa_designedby-baubauwall","26":"first","27":"instock","28":"taxable","29":"shipping-taxable","30":"purchasable","31":"product-type-simple"},"acf":[],"yoast_head":"<!-- This site is optimized with the Yoast SEO plugin v25.9 - https:\/\/yoast.com\/wordpress\/plugins\/seo\/ -->\n<title>Efektne tumelilla fliistapeet lillede &amp; lehtedega. Sinu seina m\u00f5\u00f5dus.<\/title>\n<meta name=\"description\" content=\"Kirgas lilla lilleline fliistapeet. Muster marjade, lehtede ja lilledega. Magamistoa tapeediks, tualetti v\u00f5i elutuppa. R\u00e4tsepat\u00f6\u00f6na valmivad fliistapeedid\" \/>\n<meta name=\"robots\" content=\"index, follow, max-snippet:-1, max-image-preview:large, max-video-preview:-1\" \/>\n<link rel=\"canonical\" href=\"https:\/\/baubauwall.com\/et\/toode\/tapeet-floora-ja-fauna-purpur-lilla\/\" \/>\n<meta property=\"og:locale\" content=\"et_EE\" \/>\n<meta property=\"og:type\" content=\"article\" \/>\n<meta property=\"og:title\" content=\"Efektne tumelilla fliistapeet lillede &amp; lehtedega. Sinu seina m\u00f5\u00f5dus.\" \/>\n<meta property=\"og:description\" content=\"Kirgas lilla lilleline fliistapeet. Muster marjade, lehtede ja lilledega. Magamistoa tapeediks, tualetti v\u00f5i elutuppa. R\u00e4tsepat\u00f6\u00f6na valmivad fliistapeedid\" \/>\n<meta property=\"og:url\" content=\"https:\/\/baubauwall.com\/et\/toode\/tapeet-floora-ja-fauna-purpur-lilla\/\" \/>\n<meta property=\"og:site_name\" content=\"BAUBAUWALL TAPEEDID\" \/>\n<meta property=\"article:publisher\" content=\"https:\/\/www.facebook.com\/Baubauwall\" \/>\n<meta property=\"article:modified_time\" content=\"2024-08-06T10:35:44+00:00\" \/>\n<meta property=\"og:image\" content=\"https:\/\/baubauwall.com\/wp-content\/uploads\/2022\/02\/51100133_FloraFauna-Violet_Baubauwall_Wallpaper_room7-1024x707.jpg\" \/>\n<meta name=\"twitter:card\" content=\"summary_large_image\" \/>\n<meta name=\"twitter:label1\" content=\"Est. reading time\" \/>\n\t<meta name=\"twitter:data1\" content=\"1 minut\" \/>\n<script type=\"application\/ld+json\" class=\"yoast-schema-graph\">{\"@context\":\"https:\/\/schema.org\",\"@graph\":[{\"@type\":\"WebPage\",\"@id\":\"https:\/\/baubauwall.com\/et\/toode\/tapeet-floora-ja-fauna-purpur-lilla\/\",\"url\":\"https:\/\/baubauwall.com\/et\/toode\/tapeet-floora-ja-fauna-purpur-lilla\/\",\"name\":\"Efektne tumelilla fliistapeet lillede & lehtedega. Sinu seina m\u00f5\u00f5dus.\",\"isPartOf\":{\"@id\":\"https:\/\/baubauwall.com\/et\/#website\"},\"primaryImageOfPage\":{\"@id\":\"https:\/\/baubauwall.com\/et\/toode\/tapeet-floora-ja-fauna-purpur-lilla\/#primaryimage\"},\"image\":{\"@id\":\"https:\/\/baubauwall.com\/et\/toode\/tapeet-floora-ja-fauna-purpur-lilla\/#primaryimage\"},\"thumbnailUrl\":\"https:\/\/baubauwall.com\/wp-content\/uploads\/2022\/02\/51100133_FloraFauna-Violet_Baubauwall_Wallpaper_room12.jpg\",\"datePublished\":\"2022-02-22T06:20:42+00:00\",\"dateModified\":\"2024-08-06T10:35:44+00:00\",\"description\":\"Kirgas lilla lilleline fliistapeet. Muster marjade, lehtede ja lilledega. Magamistoa tapeediks, tualetti v\u00f5i elutuppa. R\u00e4tsepat\u00f6\u00f6na valmivad fliistapeedid\",\"breadcrumb\":{\"@id\":\"https:\/\/baubauwall.com\/et\/toode\/tapeet-floora-ja-fauna-purpur-lilla\/#breadcrumb\"},\"inLanguage\":\"et\",\"potentialAction\":[{\"@type\":\"ReadAction\",\"target\":[\"https:\/\/baubauwall.com\/et\/toode\/tapeet-floora-ja-fauna-purpur-lilla\/\"]}]},{\"@type\":\"ImageObject\",\"inLanguage\":\"et\",\"@id\":\"https:\/\/baubauwall.com\/et\/toode\/tapeet-floora-ja-fauna-purpur-lilla\/#primaryimage\",\"url\":\"https:\/\/baubauwall.com\/wp-content\/uploads\/2022\/02\/51100133_FloraFauna-Violet_Baubauwall_Wallpaper_room12.jpg\",\"contentUrl\":\"https:\/\/baubauwall.com\/wp-content\/uploads\/2022\/02\/51100133_FloraFauna-Violet_Baubauwall_Wallpaper_room12.jpg\",\"width\":1422,\"height\":800,\"caption\":\"Voila\u00b4! Installing wallpaper has never been easier.\"},{\"@type\":\"BreadcrumbList\",\"@id\":\"https:\/\/baubauwall.com\/et\/toode\/tapeet-floora-ja-fauna-purpur-lilla\/#breadcrumb\",\"itemListElement\":[{\"@type\":\"ListItem\",\"position\":1,\"name\":\"Koju\",\"item\":\"https:\/\/baubauwall.com\/et\/\"},{\"@type\":\"ListItem\",\"position\":2,\"name\":\"Tapeedid\",\"item\":\"https:\/\/baubauwall.com\/et\/tapeedid\/\"},{\"@type\":\"ListItem\",\"position\":3,\"name\":\"Floora ja fauna &#8211; lilla\"}]},{\"@type\":\"WebSite\",\"@id\":\"https:\/\/baubauwall.com\/et\/#website\",\"url\":\"https:\/\/baubauwall.com\/et\/\",\"name\":\"BAUBAUWALL Wallpapers\",\"description\":\"Valmis paanides tapeet Eestist!\",\"publisher\":{\"@id\":\"https:\/\/baubauwall.com\/et\/#organization\"},\"potentialAction\":[{\"@type\":\"SearchAction\",\"target\":{\"@type\":\"EntryPoint\",\"urlTemplate\":\"https:\/\/baubauwall.com\/et\/?s={search_term_string}\"},\"query-input\":{\"@type\":\"PropertyValueSpecification\",\"valueRequired\":true,\"valueName\":\"search_term_string\"}}],\"inLanguage\":\"et\"},{\"@type\":\"Organization\",\"@id\":\"https:\/\/baubauwall.com\/et\/#organization\",\"name\":\"BAUBAUWALL Wallpapers\",\"url\":\"https:\/\/baubauwall.com\/et\/\",\"logo\":{\"@type\":\"ImageObject\",\"inLanguage\":\"et\",\"@id\":\"https:\/\/baubauwall.com\/et\/#\/schema\/logo\/image\/\",\"url\":\"https:\/\/baubauwall.com\/wp-content\/uploads\/2022\/03\/logo-horizontal.svg\",\"contentUrl\":\"https:\/\/baubauwall.com\/wp-content\/uploads\/2022\/03\/logo-horizontal.svg\",\"width\":\"1024\",\"height\":\"1024\",\"caption\":\"BAUBAUWALL Wallpapers\"},\"image\":{\"@id\":\"https:\/\/baubauwall.com\/et\/#\/schema\/logo\/image\/\"},\"sameAs\":[\"https:\/\/www.facebook.com\/Baubauwall\",\"https:\/\/www.instagram.com\/baubauwall\"]}]}<\/script>\n<!-- \/ Yoast SEO plugin. -->","yoast_head_json":{"title":"Efektne tumelilla fliistapeet lillede & lehtedega. Sinu seina m\u00f5\u00f5dus.","description":"Kirgas lilla lilleline fliistapeet. Muster marjade, lehtede ja lilledega. Magamistoa tapeediks, tualetti v\u00f5i elutuppa. R\u00e4tsepat\u00f6\u00f6na valmivad fliistapeedid","robots":{"index":"index","follow":"follow","max-snippet":"max-snippet:-1","max-image-preview":"max-image-preview:large","max-video-preview":"max-video-preview:-1"},"canonical":"https:\/\/baubauwall.com\/et\/toode\/tapeet-floora-ja-fauna-purpur-lilla\/","og_locale":"et_EE","og_type":"article","og_title":"Efektne tumelilla fliistapeet lillede & lehtedega. Sinu seina m\u00f5\u00f5dus.","og_description":"Kirgas lilla lilleline fliistapeet. Muster marjade, lehtede ja lilledega. Magamistoa tapeediks, tualetti v\u00f5i elutuppa. R\u00e4tsepat\u00f6\u00f6na valmivad fliistapeedid","og_url":"https:\/\/baubauwall.com\/et\/toode\/tapeet-floora-ja-fauna-purpur-lilla\/","og_site_name":"BAUBAUWALL TAPEEDID","article_publisher":"https:\/\/www.facebook.com\/Baubauwall","article_modified_time":"2024-08-06T10:35:44+00:00","og_image":[{"url":"https:\/\/baubauwall.com\/wp-content\/uploads\/2022\/02\/51100133_FloraFauna-Violet_Baubauwall_Wallpaper_room7-1024x707.jpg","type":"","width":"","height":""}],"twitter_card":"summary_large_image","twitter_misc":{"Est. reading time":"1 minut"},"schema":{"@context":"https:\/\/schema.org","@graph":[{"@type":"WebPage","@id":"https:\/\/baubauwall.com\/et\/toode\/tapeet-floora-ja-fauna-purpur-lilla\/","url":"https:\/\/baubauwall.com\/et\/toode\/tapeet-floora-ja-fauna-purpur-lilla\/","name":"Efektne tumelilla fliistapeet lillede & lehtedega. Sinu seina m\u00f5\u00f5dus.","isPartOf":{"@id":"https:\/\/baubauwall.com\/et\/#website"},"primaryImageOfPage":{"@id":"https:\/\/baubauwall.com\/et\/toode\/tapeet-floora-ja-fauna-purpur-lilla\/#primaryimage"},"image":{"@id":"https:\/\/baubauwall.com\/et\/toode\/tapeet-floora-ja-fauna-purpur-lilla\/#primaryimage"},"thumbnailUrl":"https:\/\/baubauwall.com\/wp-content\/uploads\/2022\/02\/51100133_FloraFauna-Violet_Baubauwall_Wallpaper_room12.jpg","datePublished":"2022-02-22T06:20:42+00:00","dateModified":"2024-08-06T10:35:44+00:00","description":"Kirgas lilla lilleline fliistapeet. Muster marjade, lehtede ja lilledega. Magamistoa tapeediks, tualetti v\u00f5i elutuppa. R\u00e4tsepat\u00f6\u00f6na valmivad fliistapeedid","breadcrumb":{"@id":"https:\/\/baubauwall.com\/et\/toode\/tapeet-floora-ja-fauna-purpur-lilla\/#breadcrumb"},"inLanguage":"et","potentialAction":[{"@type":"ReadAction","target":["https:\/\/baubauwall.com\/et\/toode\/tapeet-floora-ja-fauna-purpur-lilla\/"]}]},{"@type":"ImageObject","inLanguage":"et","@id":"https:\/\/baubauwall.com\/et\/toode\/tapeet-floora-ja-fauna-purpur-lilla\/#primaryimage","url":"https:\/\/baubauwall.com\/wp-content\/uploads\/2022\/02\/51100133_FloraFauna-Violet_Baubauwall_Wallpaper_room12.jpg","contentUrl":"https:\/\/baubauwall.com\/wp-content\/uploads\/2022\/02\/51100133_FloraFauna-Violet_Baubauwall_Wallpaper_room12.jpg","width":1422,"height":800,"caption":"Voila\u00b4! Installing wallpaper has never been easier."},{"@type":"BreadcrumbList","@id":"https:\/\/baubauwall.com\/et\/toode\/tapeet-floora-ja-fauna-purpur-lilla\/#breadcrumb","itemListElement":[{"@type":"ListItem","position":1,"name":"Koju","item":"https:\/\/baubauwall.com\/et\/"},{"@type":"ListItem","position":2,"name":"Tapeedid","item":"https:\/\/baubauwall.com\/et\/tapeedid\/"},{"@type":"ListItem","position":3,"name":"Floora ja fauna &#8211; lilla"}]},{"@type":"WebSite","@id":"https:\/\/baubauwall.com\/et\/#website","url":"https:\/\/baubauwall.com\/et\/","name":"BAUBAUWALL Wallpapers","description":"Valmis paanides tapeet Eestist!","publisher":{"@id":"https:\/\/baubauwall.com\/et\/#organization"},"potentialAction":[{"@type":"SearchAction","target":{"@type":"EntryPoint","urlTemplate":"https:\/\/baubauwall.com\/et\/?s={search_term_string}"},"query-input":{"@type":"PropertyValueSpecification","valueRequired":true,"valueName":"search_term_string"}}],"inLanguage":"et"},{"@type":"Organization","@id":"https:\/\/baubauwall.com\/et\/#organization","name":"BAUBAUWALL Wallpapers","url":"https:\/\/baubauwall.com\/et\/","logo":{"@type":"ImageObject","inLanguage":"et","@id":"https:\/\/baubauwall.com\/et\/#\/schema\/logo\/image\/","url":"https:\/\/baubauwall.com\/wp-content\/uploads\/2022\/03\/logo-horizontal.svg","contentUrl":"https:\/\/baubauwall.com\/wp-content\/uploads\/2022\/03\/logo-horizontal.svg","width":"1024","height":"1024","caption":"BAUBAUWALL Wallpapers"},"image":{"@id":"https:\/\/baubauwall.com\/et\/#\/schema\/logo\/image\/"},"sameAs":["https:\/\/www.facebook.com\/Baubauwall","https:\/\/www.instagram.com\/baubauwall"]}]}},"jetpack_sharing_enabled":true,"_links":{"self":[{"href":"https:\/\/baubauwall.com\/et\/wp-json\/wp\/v2\/product\/5694","targetHints":{"allow":["GET"]}}],"collection":[{"href":"https:\/\/baubauwall.com\/et\/wp-json\/wp\/v2\/product"}],"about":[{"href":"https:\/\/baubauwall.com\/et\/wp-json\/wp\/v2\/types\/product"}],"replies":[{"embeddable":true,"href":"https:\/\/baubauwall.com\/et\/wp-json\/wp\/v2\/comments?post=5694"}],"wp:featuredmedia":[{"embeddable":true,"href":"https:\/\/baubauwall.com\/et\/wp-json\/wp\/v2\/media\/8113"}],"wp:attachment":[{"href":"https:\/\/baubauwall.com\/et\/wp-json\/wp\/v2\/media?parent=5694"}],"wp:term":[{"taxonomy":"product_brand","embeddable":true,"href":"https:\/\/baubauwall.com\/et\/wp-json\/wp\/v2\/product_brand?post=5694"},{"taxonomy":"product_cat","embeddable":true,"href":"https:\/\/baubauwall.com\/et\/wp-json\/wp\/v2\/product_cat?post=5694"},{"taxonomy":"product_tag","embeddable":true,"href":"https:\/\/baubauwall.com\/et\/wp-json\/wp\/v2\/product_tag?post=5694"}],"curies":[{"name":"wp","href":"https:\/\/api.w.org\/{rel}","templated":true}]}}