{"id":5696,"date":"2022-02-22T08:20:42","date_gmt":"2022-02-22T06:20:42","guid":{"rendered":"https:\/\/baubauwall.com\/product\/grand-gala-geometric-wallpaper\/"},"modified":"2024-09-03T15:42:03","modified_gmt":"2024-09-03T13:42:03","slug":"grand-gala-geometric-wallpaper","status":"publish","type":"product","link":"https:\/\/baubauwall.com\/et\/toode\/grand-gala-geometric-wallpaper\/","title":{"rendered":"Grand Gala"},"content":{"rendered":"<p>\u00c4ratuntavas juugendstiilis suur rombimuster laotub k\u00fclluslikes vasetoonides sinakasrohelisel taustal.<br \/>\nTapeedi uhked jooned annavad sellele k\u00fcllusliku v\u00e4limuse ja luksusliku tunde. \u00dchenda geomeetrilise tapeedi julge v\u00e4rviskeem moodsa sisekujundusega ja saavutad huvitava interj\u00f6\u00f6ri, olgu selleks siis Sinu silmapaistev magamistuba, suurep\u00e4rane elutuba v\u00f5i s\u00f6\u00f6gituba, kus s\u00f5pru v\u00f5\u00f5rustada.<\/p>\n<p><strong>Miks osta tapeet siit? Tapeetimine pole kunagi nii lihtne olnud!<\/strong><\/p>\n<ul>\n<li>Eesti disain<\/li>\n<li>Nummerdatud tapeedipaanid<\/li>\n<li>Just nii pikad paanid, kui on Sinu sein<\/li>\n<li>Premium, matt fliistapeedi materjal<\/li>\n<li>M\u00fcrgivabad tr\u00fckiv\u00e4rvid, Greenguard sertifitseeritud<\/li>\n<li>Keskkonnas\u00f5bralik, j\u00e4\u00e4tmevaba tapeetimine<\/li>\n<li>Tasuta tapeediliim<\/li>\n<li>Tasuta transport ja kiire tarne 5 t\u00f6\u00f6p\u00e4evaga<\/li>\n<\/ul>\n<p>Loe l\u00e4hemalt nutikatest, eritellimust\u00f6\u00f6na valmivatest tapeetidest\u00a0<a href=\"https:\/\/baubauwall.com\/et\/keskkonnasobralikud-tapeedid\/\">siit.<\/a><\/p>\n","protected":false},"excerpt":{"rendered":"<p>\u00c4ratuntavas juugendstiilis suur rombimuster laotub k\u00fclluslikes vasetoonides sinakasrohelisel taustal. Tapeedi uhked jooned annavad sellele k\u00fcllusliku v\u00e4limuse ja luksusliku tunde. \u00dchenda geomeetrilise tapeedi julge v\u00e4rviskeem moodsa sisekujundusega ja saavutad huvitava interj\u00f6\u00f6ri, olgu selleks siis Sinu silmapaistev magamistuba, suurep\u00e4rane elutuba v\u00f5i s\u00f6\u00f6gituba, kus s\u00f5pru v\u00f5\u00f5rustada. Miks osta tapeet siit? Tapeetimine pole kunagi nii lihtne olnud! Eesti disain [&hellip;]<\/p>\n","protected":false},"featured_media":3289,"comment_status":"open","ping_status":"closed","template":"","meta":{"_acf_changed":false,"inline_featured_image":false},"product_brand":[],"product_cat":[386,408,405,271,409,413,414,415,416,399,402],"product_tag":[],"class_list":{"0":"post-5696","1":"product","2":"type-product","3":"status-publish","4":"has-post-thumbnail","6":"product_cat-kordusmustriga-tapeedid","7":"product_cat-geomeetriline","8":"product_cat-art-deco","9":"product_cat-rohelised-tapeedid","10":"product_cat-turkiis-tapeedid","11":"product_cat-magamistoa-tapeedid","12":"product_cat-soogitoa-tapeedid","13":"product_cat-kulalistetoa-tapeedid","14":"product_cat-esiku-tapeedid","15":"product_cat-kodukontori-tapeedid","16":"product_cat-elutoa-tapeedid","17":"pa_designedby-baubauwall","19":"first","20":"instock","21":"taxable","22":"shipping-taxable","23":"purchasable","24":"product-type-simple"},"acf":[],"yoast_head":"<!-- This site is optimized with the Yoast SEO plugin v25.9 - https:\/\/yoast.com\/wordpress\/plugins\/seo\/ -->\n<title>Art deco geomeetriline tapeedidisain. Keskkonnas\u00f5bralik tapeet.<\/title>\n<meta name=\"description\" content=\"Geomeetriline muster laia kordusmustriga, Sinu seina m\u00f5\u00f5tu tr\u00fckitud t\u00e4psed tapeedipaanid. Art deco efektne geomeetriline tapeet t\u00fcrkiis rohekal taustal.\" \/>\n<meta name=\"robots\" content=\"index, follow, max-snippet:-1, max-image-preview:large, max-video-preview:-1\" \/>\n<link rel=\"canonical\" href=\"https:\/\/baubauwall.com\/et\/toode\/grand-gala-geometric-wallpaper\/\" \/>\n<meta property=\"og:locale\" content=\"et_EE\" \/>\n<meta property=\"og:type\" content=\"article\" \/>\n<meta property=\"og:title\" content=\"Art deco geomeetriline tapeedidisain. Keskkonnas\u00f5bralik tapeet.\" \/>\n<meta property=\"og:description\" content=\"Geomeetriline muster laia kordusmustriga, Sinu seina m\u00f5\u00f5tu tr\u00fckitud t\u00e4psed tapeedipaanid. Art deco efektne geomeetriline tapeet t\u00fcrkiis rohekal taustal.\" \/>\n<meta property=\"og:url\" content=\"https:\/\/baubauwall.com\/et\/toode\/grand-gala-geometric-wallpaper\/\" \/>\n<meta property=\"og:site_name\" content=\"BAUBAUWALL TAPEEDID\" \/>\n<meta property=\"article:publisher\" content=\"https:\/\/www.facebook.com\/Baubauwall\" \/>\n<meta property=\"article:modified_time\" content=\"2024-09-03T13:42:03+00:00\" \/>\n<meta property=\"og:image\" content=\"https:\/\/baubauwall.com\/wp-content\/uploads\/2022\/02\/51100131_Romb_ver2_Baubauwall_Wallpaper_room1-1.png\" \/>\n\t<meta property=\"og:image:width\" content=\"1422\" \/>\n\t<meta property=\"og:image:height\" content=\"800\" \/>\n\t<meta property=\"og:image:type\" content=\"image\/png\" \/>\n<meta name=\"twitter:card\" content=\"summary_large_image\" \/>\n<meta name=\"twitter:label1\" content=\"Est. reading time\" \/>\n\t<meta name=\"twitter:data1\" content=\"1 minut\" \/>\n<script type=\"application\/ld+json\" class=\"yoast-schema-graph\">{\"@context\":\"https:\/\/schema.org\",\"@graph\":[{\"@type\":\"WebPage\",\"@id\":\"https:\/\/baubauwall.com\/et\/toode\/grand-gala-geometric-wallpaper\/\",\"url\":\"https:\/\/baubauwall.com\/et\/toode\/grand-gala-geometric-wallpaper\/\",\"name\":\"Art deco geomeetriline tapeedidisain. Keskkonnas\u00f5bralik tapeet.\",\"isPartOf\":{\"@id\":\"https:\/\/baubauwall.com\/et\/#website\"},\"primaryImageOfPage\":{\"@id\":\"https:\/\/baubauwall.com\/et\/toode\/grand-gala-geometric-wallpaper\/#primaryimage\"},\"image\":{\"@id\":\"https:\/\/baubauwall.com\/et\/toode\/grand-gala-geometric-wallpaper\/#primaryimage\"},\"thumbnailUrl\":\"https:\/\/baubauwall.com\/wp-content\/uploads\/2022\/02\/51100131_Romb_ver2_Baubauwall_Wallpaper_room1-1.png\",\"datePublished\":\"2022-02-22T06:20:42+00:00\",\"dateModified\":\"2024-09-03T13:42:03+00:00\",\"description\":\"Geomeetriline muster laia kordusmustriga, Sinu seina m\u00f5\u00f5tu tr\u00fckitud t\u00e4psed tapeedipaanid. Art deco efektne geomeetriline tapeet t\u00fcrkiis rohekal taustal.\",\"breadcrumb\":{\"@id\":\"https:\/\/baubauwall.com\/et\/toode\/grand-gala-geometric-wallpaper\/#breadcrumb\"},\"inLanguage\":\"et\",\"potentialAction\":[{\"@type\":\"ReadAction\",\"target\":[\"https:\/\/baubauwall.com\/et\/toode\/grand-gala-geometric-wallpaper\/\"]}]},{\"@type\":\"ImageObject\",\"inLanguage\":\"et\",\"@id\":\"https:\/\/baubauwall.com\/et\/toode\/grand-gala-geometric-wallpaper\/#primaryimage\",\"url\":\"https:\/\/baubauwall.com\/wp-content\/uploads\/2022\/02\/51100131_Romb_ver2_Baubauwall_Wallpaper_room1-1.png\",\"contentUrl\":\"https:\/\/baubauwall.com\/wp-content\/uploads\/2022\/02\/51100131_Romb_ver2_Baubauwall_Wallpaper_room1-1.png\",\"width\":1422,\"height\":800},{\"@type\":\"BreadcrumbList\",\"@id\":\"https:\/\/baubauwall.com\/et\/toode\/grand-gala-geometric-wallpaper\/#breadcrumb\",\"itemListElement\":[{\"@type\":\"ListItem\",\"position\":1,\"name\":\"Koju\",\"item\":\"https:\/\/baubauwall.com\/et\/\"},{\"@type\":\"ListItem\",\"position\":2,\"name\":\"Tapeedid\",\"item\":\"https:\/\/baubauwall.com\/et\/tapeedid\/\"},{\"@type\":\"ListItem\",\"position\":3,\"name\":\"Grand Gala\"}]},{\"@type\":\"WebSite\",\"@id\":\"https:\/\/baubauwall.com\/et\/#website\",\"url\":\"https:\/\/baubauwall.com\/et\/\",\"name\":\"BAUBAUWALL Wallpapers\",\"description\":\"Valmis paanides tapeet Eestist!\",\"publisher\":{\"@id\":\"https:\/\/baubauwall.com\/et\/#organization\"},\"potentialAction\":[{\"@type\":\"SearchAction\",\"target\":{\"@type\":\"EntryPoint\",\"urlTemplate\":\"https:\/\/baubauwall.com\/et\/?s={search_term_string}\"},\"query-input\":{\"@type\":\"PropertyValueSpecification\",\"valueRequired\":true,\"valueName\":\"search_term_string\"}}],\"inLanguage\":\"et\"},{\"@type\":\"Organization\",\"@id\":\"https:\/\/baubauwall.com\/et\/#organization\",\"name\":\"BAUBAUWALL Wallpapers\",\"url\":\"https:\/\/baubauwall.com\/et\/\",\"logo\":{\"@type\":\"ImageObject\",\"inLanguage\":\"et\",\"@id\":\"https:\/\/baubauwall.com\/et\/#\/schema\/logo\/image\/\",\"url\":\"https:\/\/baubauwall.com\/wp-content\/uploads\/2022\/03\/logo-horizontal.svg\",\"contentUrl\":\"https:\/\/baubauwall.com\/wp-content\/uploads\/2022\/03\/logo-horizontal.svg\",\"width\":\"1024\",\"height\":\"1024\",\"caption\":\"BAUBAUWALL Wallpapers\"},\"image\":{\"@id\":\"https:\/\/baubauwall.com\/et\/#\/schema\/logo\/image\/\"},\"sameAs\":[\"https:\/\/www.facebook.com\/Baubauwall\",\"https:\/\/www.instagram.com\/baubauwall\"]}]}<\/script>\n<!-- \/ Yoast SEO plugin. -->","yoast_head_json":{"title":"Art deco geomeetriline tapeedidisain. Keskkonnas\u00f5bralik tapeet.","description":"Geomeetriline muster laia kordusmustriga, Sinu seina m\u00f5\u00f5tu tr\u00fckitud t\u00e4psed tapeedipaanid. Art deco efektne geomeetriline tapeet t\u00fcrkiis rohekal taustal.","robots":{"index":"index","follow":"follow","max-snippet":"max-snippet:-1","max-image-preview":"max-image-preview:large","max-video-preview":"max-video-preview:-1"},"canonical":"https:\/\/baubauwall.com\/et\/toode\/grand-gala-geometric-wallpaper\/","og_locale":"et_EE","og_type":"article","og_title":"Art deco geomeetriline tapeedidisain. Keskkonnas\u00f5bralik tapeet.","og_description":"Geomeetriline muster laia kordusmustriga, Sinu seina m\u00f5\u00f5tu tr\u00fckitud t\u00e4psed tapeedipaanid. Art deco efektne geomeetriline tapeet t\u00fcrkiis rohekal taustal.","og_url":"https:\/\/baubauwall.com\/et\/toode\/grand-gala-geometric-wallpaper\/","og_site_name":"BAUBAUWALL TAPEEDID","article_publisher":"https:\/\/www.facebook.com\/Baubauwall","article_modified_time":"2024-09-03T13:42:03+00:00","og_image":[{"width":1422,"height":800,"url":"https:\/\/baubauwall.com\/wp-content\/uploads\/2022\/02\/51100131_Romb_ver2_Baubauwall_Wallpaper_room1-1.png","type":"image\/png"}],"twitter_card":"summary_large_image","twitter_misc":{"Est. reading time":"1 minut"},"schema":{"@context":"https:\/\/schema.org","@graph":[{"@type":"WebPage","@id":"https:\/\/baubauwall.com\/et\/toode\/grand-gala-geometric-wallpaper\/","url":"https:\/\/baubauwall.com\/et\/toode\/grand-gala-geometric-wallpaper\/","name":"Art deco geomeetriline tapeedidisain. Keskkonnas\u00f5bralik tapeet.","isPartOf":{"@id":"https:\/\/baubauwall.com\/et\/#website"},"primaryImageOfPage":{"@id":"https:\/\/baubauwall.com\/et\/toode\/grand-gala-geometric-wallpaper\/#primaryimage"},"image":{"@id":"https:\/\/baubauwall.com\/et\/toode\/grand-gala-geometric-wallpaper\/#primaryimage"},"thumbnailUrl":"https:\/\/baubauwall.com\/wp-content\/uploads\/2022\/02\/51100131_Romb_ver2_Baubauwall_Wallpaper_room1-1.png","datePublished":"2022-02-22T06:20:42+00:00","dateModified":"2024-09-03T13:42:03+00:00","description":"Geomeetriline muster laia kordusmustriga, Sinu seina m\u00f5\u00f5tu tr\u00fckitud t\u00e4psed tapeedipaanid. Art deco efektne geomeetriline tapeet t\u00fcrkiis rohekal taustal.","breadcrumb":{"@id":"https:\/\/baubauwall.com\/et\/toode\/grand-gala-geometric-wallpaper\/#breadcrumb"},"inLanguage":"et","potentialAction":[{"@type":"ReadAction","target":["https:\/\/baubauwall.com\/et\/toode\/grand-gala-geometric-wallpaper\/"]}]},{"@type":"ImageObject","inLanguage":"et","@id":"https:\/\/baubauwall.com\/et\/toode\/grand-gala-geometric-wallpaper\/#primaryimage","url":"https:\/\/baubauwall.com\/wp-content\/uploads\/2022\/02\/51100131_Romb_ver2_Baubauwall_Wallpaper_room1-1.png","contentUrl":"https:\/\/baubauwall.com\/wp-content\/uploads\/2022\/02\/51100131_Romb_ver2_Baubauwall_Wallpaper_room1-1.png","width":1422,"height":800},{"@type":"BreadcrumbList","@id":"https:\/\/baubauwall.com\/et\/toode\/grand-gala-geometric-wallpaper\/#breadcrumb","itemListElement":[{"@type":"ListItem","position":1,"name":"Koju","item":"https:\/\/baubauwall.com\/et\/"},{"@type":"ListItem","position":2,"name":"Tapeedid","item":"https:\/\/baubauwall.com\/et\/tapeedid\/"},{"@type":"ListItem","position":3,"name":"Grand Gala"}]},{"@type":"WebSite","@id":"https:\/\/baubauwall.com\/et\/#website","url":"https:\/\/baubauwall.com\/et\/","name":"BAUBAUWALL Wallpapers","description":"Valmis paanides tapeet Eestist!","publisher":{"@id":"https:\/\/baubauwall.com\/et\/#organization"},"potentialAction":[{"@type":"SearchAction","target":{"@type":"EntryPoint","urlTemplate":"https:\/\/baubauwall.com\/et\/?s={search_term_string}"},"query-input":{"@type":"PropertyValueSpecification","valueRequired":true,"valueName":"search_term_string"}}],"inLanguage":"et"},{"@type":"Organization","@id":"https:\/\/baubauwall.com\/et\/#organization","name":"BAUBAUWALL Wallpapers","url":"https:\/\/baubauwall.com\/et\/","logo":{"@type":"ImageObject","inLanguage":"et","@id":"https:\/\/baubauwall.com\/et\/#\/schema\/logo\/image\/","url":"https:\/\/baubauwall.com\/wp-content\/uploads\/2022\/03\/logo-horizontal.svg","contentUrl":"https:\/\/baubauwall.com\/wp-content\/uploads\/2022\/03\/logo-horizontal.svg","width":"1024","height":"1024","caption":"BAUBAUWALL Wallpapers"},"image":{"@id":"https:\/\/baubauwall.com\/et\/#\/schema\/logo\/image\/"},"sameAs":["https:\/\/www.facebook.com\/Baubauwall","https:\/\/www.instagram.com\/baubauwall"]}]}},"jetpack_sharing_enabled":true,"_links":{"self":[{"href":"https:\/\/baubauwall.com\/et\/wp-json\/wp\/v2\/product\/5696","targetHints":{"allow":["GET"]}}],"collection":[{"href":"https:\/\/baubauwall.com\/et\/wp-json\/wp\/v2\/product"}],"about":[{"href":"https:\/\/baubauwall.com\/et\/wp-json\/wp\/v2\/types\/product"}],"replies":[{"embeddable":true,"href":"https:\/\/baubauwall.com\/et\/wp-json\/wp\/v2\/comments?post=5696"}],"wp:featuredmedia":[{"embeddable":true,"href":"https:\/\/baubauwall.com\/et\/wp-json\/wp\/v2\/media\/3289"}],"wp:attachment":[{"href":"https:\/\/baubauwall.com\/et\/wp-json\/wp\/v2\/media?parent=5696"}],"wp:term":[{"taxonomy":"product_brand","embeddable":true,"href":"https:\/\/baubauwall.com\/et\/wp-json\/wp\/v2\/product_brand?post=5696"},{"taxonomy":"product_cat","embeddable":true,"href":"https:\/\/baubauwall.com\/et\/wp-json\/wp\/v2\/product_cat?post=5696"},{"taxonomy":"product_tag","embeddable":true,"href":"https:\/\/baubauwall.com\/et\/wp-json\/wp\/v2\/product_tag?post=5696"}],"curies":[{"name":"wp","href":"https:\/\/api.w.org\/{rel}","templated":true}]}}