{"id":5733,"date":"2022-03-18T11:51:47","date_gmt":"2022-03-18T09:51:47","guid":{"rendered":"https:\/\/baubauwall.com\/?post_type=product&#038;p=5733"},"modified":"2025-10-22T09:11:55","modified_gmt":"2025-10-22T07:11:55","slug":"fototapeet-unelev-paikeseloojang","status":"publish","type":"product","link":"https:\/\/baubauwall.com\/et\/toode\/fototapeet-unelev-paikeseloojang\/","title":{"rendered":"Fototapeet Unelev p\u00e4ikeseloojang"},"content":{"rendered":"<p>Fototapeet P\u00e4ikeseloojang, mis toob selle sumeda hetke koju k\u00e4tte. Kas v\u00f5iksid veeta tunde vaadates p\u00e4ikeseloojanguid? Merekaldal, olgu selleks soe troopiline rand, p\u00e4ikeseloojang Eesti v\u00f5i P\u00f5hja-Soome\u00a0 rannas. See fototapeet\u00a0 just selline ongi.\u00a0 P\u00e4ikeseloojangu sume valgus sellel tapeedidisainil v\u00f5iks paista Sinu magamistoas, elutoas, koduspaas v\u00f5i sauna eesruumis.<\/p>\n<p>Nagu k\u00f5ik meie tapeedid on ka see fototapeet tr\u00fckitud keskkonnas\u00f5bralike v\u00e4rvidega hingavale,<a href=\"https:\/\/baubauwall.com\/et\/nipid\/fliistapeet-voi-pabertapeet\/\"> fliistapeedi materjalile, <\/a>mis ei l\u00e4igi, on imeliselt matt ja kvaliteetne. Sinu uus fototapeet on l\u00f5igatud nummerdatud paanideks \u2013 t\u00e4pselt nii pikad, kui Sinu sein.<\/p>\n<p><strong>Miks see fotoapeet v\u00f5iks Sulle meeldida?<\/strong><\/p>\n<ul>\n<li>Romantiline fototapeet, mis on omamoodi ajatu. P\u00e4ikeseloojangust on igal hetkel lihtsalt m\u00f5nus imetleda.<\/li>\n<li>Eesti ettev\u00f5te<\/li>\n<li>Tr\u00fckime tapeedi t\u00e4pselt Sinu seina m\u00f5\u00f5dus<\/li>\n<li>Premium, matt fliistapeedi materjal, 100% taaskasutatud kiust<\/li>\n<li>M\u00fcrgivabad tr\u00fckiv\u00e4rvid,\u00a0<em>Greenguard<\/em>\u00a0sertifitseeritud<\/li>\n<li>Keskkonnas\u00f5bralik, j\u00e4\u00e4tmevaba tapeetimine<\/li>\n<li>Kaasa tasuta tapeediliim<\/li>\n<li>Tasuta transport ja kiire tarne 5 t\u00f6\u00f6p\u00e4evaga<\/li>\n<\/ul>\n<p><strong>N\u00e4iteks saate \u00d5htu! saatejuhid Robi ja J\u00fcri tr\u00fckkisid oma fotoga tapeedi ja <a href=\"https:\/\/www.youtube.com\/watch?v=KFXm_oukaVA\" target=\"_blank\" rel=\"noopener\">panid selle seina! Vaata siit.<\/a><\/strong><\/p>\n","protected":false},"excerpt":{"rendered":"<p>Fototapeet P\u00e4ikeseloojang, mis toob selle sumeda hetke koju k\u00e4tte. Kas v\u00f5iksid veeta tunde vaadates p\u00e4ikeseloojanguid? Merekaldal, olgu selleks soe troopiline rand, p\u00e4ikeseloojang Eesti v\u00f5i P\u00f5hja-Soome\u00a0 rannas. See fototapeet\u00a0 just selline ongi.\u00a0 P\u00e4ikeseloojangu sume valgus sellel tapeedidisainil v\u00f5iks paista Sinu magamistoas, elutoas, koduspaas v\u00f5i sauna eesruumis. Nagu k\u00f5ik meie tapeedid on ka see fototapeet tr\u00fckitud keskkonnas\u00f5bralike [&hellip;]<\/p>\n","protected":false},"featured_media":5726,"comment_status":"open","ping_status":"closed","template":"","meta":{"_acf_changed":false,"inline_featured_image":false},"product_brand":[],"product_cat":[433,395,267,273,411,413,414,415,399,402,412,245,246,715],"product_tag":[486,454],"class_list":{"0":"post-5733","1":"product","2":"type-product","3":"status-publish","4":"has-post-thumbnail","6":"product_cat-fototapeedid","7":"product_cat-romantiline","8":"product_cat-sinised-tapeedid","9":"product_cat-heledad-tapeedid","10":"product_cat-kollased-tapeedid","11":"product_cat-magamistoa-tapeedid","12":"product_cat-soogitoa-tapeedid","13":"product_cat-kulalistetoa-tapeedid","14":"product_cat-kodukontori-tapeedid","15":"product_cat-elutoa-tapeedid","16":"product_cat-vannitoa-tapeedid","17":"product_cat-maastik","18":"product_cat-rand","19":"product_cat-soodsad-tapeedid-leiunurk","20":"product_tag-fotograafia-et","21":"product_tag-fototapeet-et","23":"first","24":"instock","25":"sale","26":"taxable","27":"shipping-taxable","28":"purchasable","29":"product-type-simple"},"acf":[],"yoast_head":"<!-- This site is optimized with the Yoast SEO plugin v25.9 - https:\/\/yoast.com\/wordpress\/plugins\/seo\/ -->\n<title>Fototapeet P\u00e4ikeseloojang. Sinu seina m\u00f5\u00f5tu tapeedid Eestist<\/title>\n<meta name=\"description\" content=\"Fototapeet P\u00e4ikeseloojang magamistuppa v\u00f5i mujale. Unelev, ajatu ja soe p\u00e4ikeseloojangu vaade matil fototapeedil. Sinu seina m\u00f5\u00f5tu fliistapeedid\" \/>\n<meta name=\"robots\" content=\"index, follow, max-snippet:-1, max-image-preview:large, max-video-preview:-1\" \/>\n<link rel=\"canonical\" href=\"https:\/\/baubauwall.com\/et\/toode\/fototapeet-unelev-paikeseloojang\/\" \/>\n<meta property=\"og:locale\" content=\"et_EE\" \/>\n<meta property=\"og:type\" content=\"article\" \/>\n<meta property=\"og:title\" content=\"BAUBAUWALL TAPEEDID\" \/>\n<meta property=\"og:description\" content=\"Fototapeet P\u00e4ikeseloojang magamistuppa v\u00f5i mujale. Unelev, ajatu ja soe p\u00e4ikeseloojangu vaade matil fototapeedil. Sinu seina m\u00f5\u00f5tu fliistapeedid\" \/>\n<meta property=\"og:url\" content=\"https:\/\/baubauwall.com\/et\/toode\/fototapeet-unelev-paikeseloojang\/\" \/>\n<meta property=\"og:site_name\" content=\"BAUBAUWALL TAPEEDID\" \/>\n<meta property=\"article:publisher\" content=\"https:\/\/www.facebook.com\/Baubauwall\" \/>\n<meta property=\"article:modified_time\" content=\"2025-10-22T07:11:55+00:00\" \/>\n<meta property=\"og:image\" content=\"https:\/\/baubauwall.com\/wp-content\/uploads\/2022\/03\/51300001_DreamySeaside_Baubauwall_Wallpaper_room5.jpg\" \/>\n\t<meta property=\"og:image:width\" content=\"1275\" \/>\n\t<meta property=\"og:image:height\" content=\"800\" \/>\n\t<meta property=\"og:image:type\" content=\"image\/jpeg\" \/>\n<meta name=\"twitter:card\" content=\"summary_large_image\" \/>\n<meta name=\"twitter:label1\" content=\"Est. reading time\" \/>\n\t<meta name=\"twitter:data1\" content=\"1 minut\" \/>\n<script type=\"application\/ld+json\" class=\"yoast-schema-graph\">{\"@context\":\"https:\/\/schema.org\",\"@graph\":[{\"@type\":\"WebPage\",\"@id\":\"https:\/\/baubauwall.com\/et\/toode\/fototapeet-unelev-paikeseloojang\/\",\"url\":\"https:\/\/baubauwall.com\/et\/toode\/fototapeet-unelev-paikeseloojang\/\",\"name\":\"Fototapeet P\u00e4ikeseloojang. Sinu seina m\u00f5\u00f5tu tapeedid Eestist\",\"isPartOf\":{\"@id\":\"https:\/\/baubauwall.com\/et\/#website\"},\"primaryImageOfPage\":{\"@id\":\"https:\/\/baubauwall.com\/et\/toode\/fototapeet-unelev-paikeseloojang\/#primaryimage\"},\"image\":{\"@id\":\"https:\/\/baubauwall.com\/et\/toode\/fototapeet-unelev-paikeseloojang\/#primaryimage\"},\"thumbnailUrl\":\"https:\/\/baubauwall.com\/wp-content\/uploads\/2022\/03\/51300001_DreamySeaside_Baubauwall_Wallpaper_room1.jpg\",\"datePublished\":\"2022-03-18T09:51:47+00:00\",\"dateModified\":\"2025-10-22T07:11:55+00:00\",\"description\":\"Fototapeet P\u00e4ikeseloojang magamistuppa v\u00f5i mujale. Unelev, ajatu ja soe p\u00e4ikeseloojangu vaade matil fototapeedil. Sinu seina m\u00f5\u00f5tu fliistapeedid\",\"breadcrumb\":{\"@id\":\"https:\/\/baubauwall.com\/et\/toode\/fototapeet-unelev-paikeseloojang\/#breadcrumb\"},\"inLanguage\":\"et\",\"potentialAction\":[{\"@type\":\"ReadAction\",\"target\":[\"https:\/\/baubauwall.com\/et\/toode\/fototapeet-unelev-paikeseloojang\/\"]}]},{\"@type\":\"ImageObject\",\"inLanguage\":\"et\",\"@id\":\"https:\/\/baubauwall.com\/et\/toode\/fototapeet-unelev-paikeseloojang\/#primaryimage\",\"url\":\"https:\/\/baubauwall.com\/wp-content\/uploads\/2022\/03\/51300001_DreamySeaside_Baubauwall_Wallpaper_room1.jpg\",\"contentUrl\":\"https:\/\/baubauwall.com\/wp-content\/uploads\/2022\/03\/51300001_DreamySeaside_Baubauwall_Wallpaper_room1.jpg\",\"width\":1000,\"height\":800,\"caption\":\"Photo Wallpaper on a living room feature wall\"},{\"@type\":\"BreadcrumbList\",\"@id\":\"https:\/\/baubauwall.com\/et\/toode\/fototapeet-unelev-paikeseloojang\/#breadcrumb\",\"itemListElement\":[{\"@type\":\"ListItem\",\"position\":1,\"name\":\"Koju\",\"item\":\"https:\/\/baubauwall.com\/et\/\"},{\"@type\":\"ListItem\",\"position\":2,\"name\":\"Tapeedid\",\"item\":\"https:\/\/baubauwall.com\/et\/tapeedid\/\"},{\"@type\":\"ListItem\",\"position\":3,\"name\":\"Fototapeet Unelev p\u00e4ikeseloojang\"}]},{\"@type\":\"WebSite\",\"@id\":\"https:\/\/baubauwall.com\/et\/#website\",\"url\":\"https:\/\/baubauwall.com\/et\/\",\"name\":\"BAUBAUWALL Wallpapers\",\"description\":\"Valmis paanides tapeet Eestist!\",\"publisher\":{\"@id\":\"https:\/\/baubauwall.com\/et\/#organization\"},\"potentialAction\":[{\"@type\":\"SearchAction\",\"target\":{\"@type\":\"EntryPoint\",\"urlTemplate\":\"https:\/\/baubauwall.com\/et\/?s={search_term_string}\"},\"query-input\":{\"@type\":\"PropertyValueSpecification\",\"valueRequired\":true,\"valueName\":\"search_term_string\"}}],\"inLanguage\":\"et\"},{\"@type\":\"Organization\",\"@id\":\"https:\/\/baubauwall.com\/et\/#organization\",\"name\":\"BAUBAUWALL Wallpapers\",\"url\":\"https:\/\/baubauwall.com\/et\/\",\"logo\":{\"@type\":\"ImageObject\",\"inLanguage\":\"et\",\"@id\":\"https:\/\/baubauwall.com\/et\/#\/schema\/logo\/image\/\",\"url\":\"https:\/\/baubauwall.com\/wp-content\/uploads\/2022\/03\/logo-horizontal.svg\",\"contentUrl\":\"https:\/\/baubauwall.com\/wp-content\/uploads\/2022\/03\/logo-horizontal.svg\",\"width\":\"1024\",\"height\":\"1024\",\"caption\":\"BAUBAUWALL Wallpapers\"},\"image\":{\"@id\":\"https:\/\/baubauwall.com\/et\/#\/schema\/logo\/image\/\"},\"sameAs\":[\"https:\/\/www.facebook.com\/Baubauwall\",\"https:\/\/www.instagram.com\/baubauwall\"]}]}<\/script>\n<!-- \/ Yoast SEO plugin. -->","yoast_head_json":{"title":"Fototapeet P\u00e4ikeseloojang. Sinu seina m\u00f5\u00f5tu tapeedid Eestist","description":"Fototapeet P\u00e4ikeseloojang magamistuppa v\u00f5i mujale. Unelev, ajatu ja soe p\u00e4ikeseloojangu vaade matil fototapeedil. Sinu seina m\u00f5\u00f5tu fliistapeedid","robots":{"index":"index","follow":"follow","max-snippet":"max-snippet:-1","max-image-preview":"max-image-preview:large","max-video-preview":"max-video-preview:-1"},"canonical":"https:\/\/baubauwall.com\/et\/toode\/fototapeet-unelev-paikeseloojang\/","og_locale":"et_EE","og_type":"article","og_title":"BAUBAUWALL TAPEEDID","og_description":"Fototapeet P\u00e4ikeseloojang magamistuppa v\u00f5i mujale. Unelev, ajatu ja soe p\u00e4ikeseloojangu vaade matil fototapeedil. Sinu seina m\u00f5\u00f5tu fliistapeedid","og_url":"https:\/\/baubauwall.com\/et\/toode\/fototapeet-unelev-paikeseloojang\/","og_site_name":"BAUBAUWALL TAPEEDID","article_publisher":"https:\/\/www.facebook.com\/Baubauwall","article_modified_time":"2025-10-22T07:11:55+00:00","og_image":[{"width":1275,"height":800,"url":"https:\/\/baubauwall.com\/wp-content\/uploads\/2022\/03\/51300001_DreamySeaside_Baubauwall_Wallpaper_room5.jpg","type":"image\/jpeg"}],"twitter_card":"summary_large_image","twitter_misc":{"Est. reading time":"1 minut"},"schema":{"@context":"https:\/\/schema.org","@graph":[{"@type":"WebPage","@id":"https:\/\/baubauwall.com\/et\/toode\/fototapeet-unelev-paikeseloojang\/","url":"https:\/\/baubauwall.com\/et\/toode\/fototapeet-unelev-paikeseloojang\/","name":"Fototapeet P\u00e4ikeseloojang. Sinu seina m\u00f5\u00f5tu tapeedid Eestist","isPartOf":{"@id":"https:\/\/baubauwall.com\/et\/#website"},"primaryImageOfPage":{"@id":"https:\/\/baubauwall.com\/et\/toode\/fototapeet-unelev-paikeseloojang\/#primaryimage"},"image":{"@id":"https:\/\/baubauwall.com\/et\/toode\/fototapeet-unelev-paikeseloojang\/#primaryimage"},"thumbnailUrl":"https:\/\/baubauwall.com\/wp-content\/uploads\/2022\/03\/51300001_DreamySeaside_Baubauwall_Wallpaper_room1.jpg","datePublished":"2022-03-18T09:51:47+00:00","dateModified":"2025-10-22T07:11:55+00:00","description":"Fototapeet P\u00e4ikeseloojang magamistuppa v\u00f5i mujale. Unelev, ajatu ja soe p\u00e4ikeseloojangu vaade matil fototapeedil. Sinu seina m\u00f5\u00f5tu fliistapeedid","breadcrumb":{"@id":"https:\/\/baubauwall.com\/et\/toode\/fototapeet-unelev-paikeseloojang\/#breadcrumb"},"inLanguage":"et","potentialAction":[{"@type":"ReadAction","target":["https:\/\/baubauwall.com\/et\/toode\/fototapeet-unelev-paikeseloojang\/"]}]},{"@type":"ImageObject","inLanguage":"et","@id":"https:\/\/baubauwall.com\/et\/toode\/fototapeet-unelev-paikeseloojang\/#primaryimage","url":"https:\/\/baubauwall.com\/wp-content\/uploads\/2022\/03\/51300001_DreamySeaside_Baubauwall_Wallpaper_room1.jpg","contentUrl":"https:\/\/baubauwall.com\/wp-content\/uploads\/2022\/03\/51300001_DreamySeaside_Baubauwall_Wallpaper_room1.jpg","width":1000,"height":800,"caption":"Photo Wallpaper on a living room feature wall"},{"@type":"BreadcrumbList","@id":"https:\/\/baubauwall.com\/et\/toode\/fototapeet-unelev-paikeseloojang\/#breadcrumb","itemListElement":[{"@type":"ListItem","position":1,"name":"Koju","item":"https:\/\/baubauwall.com\/et\/"},{"@type":"ListItem","position":2,"name":"Tapeedid","item":"https:\/\/baubauwall.com\/et\/tapeedid\/"},{"@type":"ListItem","position":3,"name":"Fototapeet Unelev p\u00e4ikeseloojang"}]},{"@type":"WebSite","@id":"https:\/\/baubauwall.com\/et\/#website","url":"https:\/\/baubauwall.com\/et\/","name":"BAUBAUWALL Wallpapers","description":"Valmis paanides tapeet Eestist!","publisher":{"@id":"https:\/\/baubauwall.com\/et\/#organization"},"potentialAction":[{"@type":"SearchAction","target":{"@type":"EntryPoint","urlTemplate":"https:\/\/baubauwall.com\/et\/?s={search_term_string}"},"query-input":{"@type":"PropertyValueSpecification","valueRequired":true,"valueName":"search_term_string"}}],"inLanguage":"et"},{"@type":"Organization","@id":"https:\/\/baubauwall.com\/et\/#organization","name":"BAUBAUWALL Wallpapers","url":"https:\/\/baubauwall.com\/et\/","logo":{"@type":"ImageObject","inLanguage":"et","@id":"https:\/\/baubauwall.com\/et\/#\/schema\/logo\/image\/","url":"https:\/\/baubauwall.com\/wp-content\/uploads\/2022\/03\/logo-horizontal.svg","contentUrl":"https:\/\/baubauwall.com\/wp-content\/uploads\/2022\/03\/logo-horizontal.svg","width":"1024","height":"1024","caption":"BAUBAUWALL Wallpapers"},"image":{"@id":"https:\/\/baubauwall.com\/et\/#\/schema\/logo\/image\/"},"sameAs":["https:\/\/www.facebook.com\/Baubauwall","https:\/\/www.instagram.com\/baubauwall"]}]}},"jetpack_sharing_enabled":true,"_links":{"self":[{"href":"https:\/\/baubauwall.com\/et\/wp-json\/wp\/v2\/product\/5733","targetHints":{"allow":["GET"]}}],"collection":[{"href":"https:\/\/baubauwall.com\/et\/wp-json\/wp\/v2\/product"}],"about":[{"href":"https:\/\/baubauwall.com\/et\/wp-json\/wp\/v2\/types\/product"}],"replies":[{"embeddable":true,"href":"https:\/\/baubauwall.com\/et\/wp-json\/wp\/v2\/comments?post=5733"}],"wp:featuredmedia":[{"embeddable":true,"href":"https:\/\/baubauwall.com\/et\/wp-json\/wp\/v2\/media\/5726"}],"wp:attachment":[{"href":"https:\/\/baubauwall.com\/et\/wp-json\/wp\/v2\/media?parent=5733"}],"wp:term":[{"taxonomy":"product_brand","embeddable":true,"href":"https:\/\/baubauwall.com\/et\/wp-json\/wp\/v2\/product_brand?post=5733"},{"taxonomy":"product_cat","embeddable":true,"href":"https:\/\/baubauwall.com\/et\/wp-json\/wp\/v2\/product_cat?post=5733"},{"taxonomy":"product_tag","embeddable":true,"href":"https:\/\/baubauwall.com\/et\/wp-json\/wp\/v2\/product_tag?post=5733"}],"curies":[{"name":"wp","href":"https:\/\/api.w.org\/{rel}","templated":true}]}}