{"id":5860,"date":"2022-02-22T08:20:49","date_gmt":"2022-02-22T06:20:49","guid":{"rendered":"https:\/\/baubauwall.com\/product\/dreamy-flowers-monochrome-wallpaper\/"},"modified":"2022-05-13T11:30:39","modified_gmt":"2022-05-13T09:30:39","slug":"tapeet-lilleoied-monokroomne","status":"publish","type":"product","link":"https:\/\/baubauwall.com\/et\/toode\/tapeet-lilleoied-monokroomne\/","title":{"rendered":"Lille\u00f5ied \u2013 monokroomne"},"content":{"rendered":"<p>Suured helehallid \u00f5ied ja lilled heledal taustal. \u00d5rna neutraalsetes toonides suurte \u00f5itega tapeedimuster, mida saab sobitada v\u00e4ga erinevate sisustusstiilide ja erinevatesse tubadesse. Taimemustrilised tapeedid sobivad kodus t\u00f5esti igasse tuppa elutoast magamistoani. Lisaks toovad \u00f5itsvad lilled lillel\u00f5hna aiast tuppa ning l\u00f6\u00f6vad interj\u00f6\u00f6ris helge ja v\u00e4rske meeleolu. Isegi rahuliku mustvalgena!<\/p>\n","protected":false},"excerpt":{"rendered":"<p>Suured helehallid \u00f5ied ja lilled heledal taustal. \u00d5rna neutraalsetes toonides suurte \u00f5itega tapeedimuster, mida saab sobitada v\u00e4ga erinevate sisustusstiilide ja erinevatesse tubadesse. Taimemustrilised tapeedid sobivad kodus t\u00f5esti igasse tuppa elutoast magamistoani. Lisaks toovad \u00f5itsvad lilled lillel\u00f5hna aiast tuppa ning l\u00f6\u00f6vad interj\u00f6\u00f6ris helge ja v\u00e4rske meeleolu. Isegi rahuliku mustvalgena!<\/p>\n","protected":false},"featured_media":5847,"comment_status":"open","ping_status":"closed","template":"","meta":{"_acf_changed":false,"inline_featured_image":false},"product_brand":[],"product_cat":[386,406,272,273,410,413,414,415,402,260],"product_tag":[832,294],"class_list":{"0":"post-5860","1":"product","2":"type-product","3":"status-publish","4":"has-post-thumbnail","6":"product_cat-kordusmustriga-tapeedid","7":"product_cat-klassika","8":"product_cat-hallid-tapeedid","9":"product_cat-heledad-tapeedid","10":"product_cat-valge-tapeedid","11":"product_cat-magamistoa-tapeedid","12":"product_cat-soogitoa-tapeedid","13":"product_cat-kulalistetoa-tapeedid","14":"product_cat-elutoa-tapeedid","15":"product_cat-lilled","16":"product_tag-kordusmustriga-tapeedid","17":"product_tag-mustvalge","18":"pa_designedby-baubauwall","20":"first","21":"instock","22":"taxable","23":"shipping-taxable","24":"purchasable","25":"product-type-simple"},"acf":[],"yoast_head":"<!-- This site is optimized with the Yoast SEO plugin v25.9 - https:\/\/yoast.com\/wordpress\/plugins\/seo\/ -->\n<title>Tapeet efektse mustvalge lillemustriga. R\u00e4tsepat\u00f6\u00f6na valmivad tapeedid.<\/title>\n<meta name=\"description\" content=\"P\u00f5hjamaine tapeet. Suurte monokroomsete lilledega tapeedidisain. R\u00e4tsepat\u00f6\u00f6na valmivad, sinu seina m\u00f5\u00f5tu l\u00f5igatud t\u00e4psete paanidega tapeedid.\" \/>\n<meta name=\"robots\" content=\"index, follow, max-snippet:-1, max-image-preview:large, max-video-preview:-1\" \/>\n<link rel=\"canonical\" href=\"https:\/\/baubauwall.com\/et\/toode\/tapeet-lilleoied-monokroomne\/\" \/>\n<meta property=\"og:locale\" content=\"et_EE\" \/>\n<meta property=\"og:type\" content=\"article\" \/>\n<meta property=\"og:title\" content=\"Tapeet efektse mustvalge lillemustriga. R\u00e4tsepat\u00f6\u00f6na valmivad tapeedid.\" \/>\n<meta property=\"og:description\" content=\"P\u00f5hjamaine tapeet. Suurte monokroomsete lilledega tapeedidisain. R\u00e4tsepat\u00f6\u00f6na valmivad, sinu seina m\u00f5\u00f5tu l\u00f5igatud t\u00e4psete paanidega tapeedid.\" \/>\n<meta property=\"og:url\" content=\"https:\/\/baubauwall.com\/et\/toode\/tapeet-lilleoied-monokroomne\/\" \/>\n<meta property=\"og:site_name\" content=\"BAUBAUWALL Wallpapers\" \/>\n<meta property=\"article:publisher\" content=\"https:\/\/www.facebook.com\/Baubauwall\" \/>\n<meta property=\"article:modified_time\" content=\"2022-05-13T09:30:39+00:00\" \/>\n<meta property=\"og:image\" content=\"https:\/\/baubauwall.com\/wp-content\/uploads\/2022\/02\/51100150_PastelFlowers-monochrome_Baubauwall_Wallpaper_room1.jpg\" \/>\n\t<meta property=\"og:image:width\" content=\"1067\" \/>\n\t<meta property=\"og:image:height\" content=\"800\" \/>\n\t<meta property=\"og:image:type\" content=\"image\/jpeg\" \/>\n<meta name=\"twitter:card\" content=\"summary_large_image\" \/>\n<meta name=\"twitter:label1\" content=\"Est. reading time\" \/>\n\t<meta name=\"twitter:data1\" content=\"1 minut\" \/>\n<script type=\"application\/ld+json\" class=\"yoast-schema-graph\">{\"@context\":\"https:\/\/schema.org\",\"@graph\":[{\"@type\":\"WebPage\",\"@id\":\"https:\/\/baubauwall.com\/et\/toode\/tapeet-lilleoied-monokroomne\/\",\"url\":\"https:\/\/baubauwall.com\/et\/toode\/tapeet-lilleoied-monokroomne\/\",\"name\":\"Tapeet efektse mustvalge lillemustriga. R\u00e4tsepat\u00f6\u00f6na valmivad tapeedid.\",\"isPartOf\":{\"@id\":\"https:\/\/baubauwall.com\/et\/#website\"},\"primaryImageOfPage\":{\"@id\":\"https:\/\/baubauwall.com\/et\/toode\/tapeet-lilleoied-monokroomne\/#primaryimage\"},\"image\":{\"@id\":\"https:\/\/baubauwall.com\/et\/toode\/tapeet-lilleoied-monokroomne\/#primaryimage\"},\"thumbnailUrl\":\"https:\/\/baubauwall.com\/wp-content\/uploads\/2022\/02\/51100150_PastelFlowers-monochrome_Baubauwall_Wallpaper_room1.jpg\",\"datePublished\":\"2022-02-22T06:20:49+00:00\",\"dateModified\":\"2022-05-13T09:30:39+00:00\",\"description\":\"P\u00f5hjamaine tapeet. Suurte monokroomsete lilledega tapeedidisain. R\u00e4tsepat\u00f6\u00f6na valmivad, sinu seina m\u00f5\u00f5tu l\u00f5igatud t\u00e4psete paanidega tapeedid.\",\"breadcrumb\":{\"@id\":\"https:\/\/baubauwall.com\/et\/toode\/tapeet-lilleoied-monokroomne\/#breadcrumb\"},\"inLanguage\":\"et\",\"potentialAction\":[{\"@type\":\"ReadAction\",\"target\":[\"https:\/\/baubauwall.com\/et\/toode\/tapeet-lilleoied-monokroomne\/\"]}]},{\"@type\":\"ImageObject\",\"inLanguage\":\"et\",\"@id\":\"https:\/\/baubauwall.com\/et\/toode\/tapeet-lilleoied-monokroomne\/#primaryimage\",\"url\":\"https:\/\/baubauwall.com\/wp-content\/uploads\/2022\/02\/51100150_PastelFlowers-monochrome_Baubauwall_Wallpaper_room1.jpg\",\"contentUrl\":\"https:\/\/baubauwall.com\/wp-content\/uploads\/2022\/02\/51100150_PastelFlowers-monochrome_Baubauwall_Wallpaper_room1.jpg\",\"width\":1067,\"height\":800},{\"@type\":\"BreadcrumbList\",\"@id\":\"https:\/\/baubauwall.com\/et\/toode\/tapeet-lilleoied-monokroomne\/#breadcrumb\",\"itemListElement\":[{\"@type\":\"ListItem\",\"position\":1,\"name\":\"Koju\",\"item\":\"https:\/\/baubauwall.com\/et\/\"},{\"@type\":\"ListItem\",\"position\":2,\"name\":\"Tapeedid\",\"item\":\"https:\/\/baubauwall.com\/et\/tapeedid\/\"},{\"@type\":\"ListItem\",\"position\":3,\"name\":\"Lille\u00f5ied \u2013 monokroomne\"}]},{\"@type\":\"WebSite\",\"@id\":\"https:\/\/baubauwall.com\/et\/#website\",\"url\":\"https:\/\/baubauwall.com\/et\/\",\"name\":\"BAUBAUWALL Wallpapers\",\"description\":\"Valmis paanides tapeet Eestist!\",\"publisher\":{\"@id\":\"https:\/\/baubauwall.com\/et\/#organization\"},\"potentialAction\":[{\"@type\":\"SearchAction\",\"target\":{\"@type\":\"EntryPoint\",\"urlTemplate\":\"https:\/\/baubauwall.com\/et\/?s={search_term_string}\"},\"query-input\":{\"@type\":\"PropertyValueSpecification\",\"valueRequired\":true,\"valueName\":\"search_term_string\"}}],\"inLanguage\":\"et\"},{\"@type\":\"Organization\",\"@id\":\"https:\/\/baubauwall.com\/et\/#organization\",\"name\":\"BAUBAUWALL Wallpapers\",\"url\":\"https:\/\/baubauwall.com\/et\/\",\"logo\":{\"@type\":\"ImageObject\",\"inLanguage\":\"et\",\"@id\":\"https:\/\/baubauwall.com\/et\/#\/schema\/logo\/image\/\",\"url\":\"https:\/\/baubauwall.com\/wp-content\/uploads\/2022\/03\/logo-horizontal.svg\",\"contentUrl\":\"https:\/\/baubauwall.com\/wp-content\/uploads\/2022\/03\/logo-horizontal.svg\",\"width\":\"1024\",\"height\":\"1024\",\"caption\":\"BAUBAUWALL Wallpapers\"},\"image\":{\"@id\":\"https:\/\/baubauwall.com\/et\/#\/schema\/logo\/image\/\"},\"sameAs\":[\"https:\/\/www.facebook.com\/Baubauwall\",\"https:\/\/www.instagram.com\/baubauwall\"]}]}<\/script>\n<!-- \/ Yoast SEO plugin. -->","yoast_head_json":{"title":"Tapeet efektse mustvalge lillemustriga. R\u00e4tsepat\u00f6\u00f6na valmivad tapeedid.","description":"P\u00f5hjamaine tapeet. Suurte monokroomsete lilledega tapeedidisain. R\u00e4tsepat\u00f6\u00f6na valmivad, sinu seina m\u00f5\u00f5tu l\u00f5igatud t\u00e4psete paanidega tapeedid.","robots":{"index":"index","follow":"follow","max-snippet":"max-snippet:-1","max-image-preview":"max-image-preview:large","max-video-preview":"max-video-preview:-1"},"canonical":"https:\/\/baubauwall.com\/et\/toode\/tapeet-lilleoied-monokroomne\/","og_locale":"et_EE","og_type":"article","og_title":"Tapeet efektse mustvalge lillemustriga. R\u00e4tsepat\u00f6\u00f6na valmivad tapeedid.","og_description":"P\u00f5hjamaine tapeet. Suurte monokroomsete lilledega tapeedidisain. R\u00e4tsepat\u00f6\u00f6na valmivad, sinu seina m\u00f5\u00f5tu l\u00f5igatud t\u00e4psete paanidega tapeedid.","og_url":"https:\/\/baubauwall.com\/et\/toode\/tapeet-lilleoied-monokroomne\/","og_site_name":"BAUBAUWALL Wallpapers","article_publisher":"https:\/\/www.facebook.com\/Baubauwall","article_modified_time":"2022-05-13T09:30:39+00:00","og_image":[{"width":1067,"height":800,"url":"https:\/\/baubauwall.com\/wp-content\/uploads\/2022\/02\/51100150_PastelFlowers-monochrome_Baubauwall_Wallpaper_room1.jpg","type":"image\/jpeg"}],"twitter_card":"summary_large_image","twitter_misc":{"Est. reading time":"1 minut"},"schema":{"@context":"https:\/\/schema.org","@graph":[{"@type":"WebPage","@id":"https:\/\/baubauwall.com\/et\/toode\/tapeet-lilleoied-monokroomne\/","url":"https:\/\/baubauwall.com\/et\/toode\/tapeet-lilleoied-monokroomne\/","name":"Tapeet efektse mustvalge lillemustriga. R\u00e4tsepat\u00f6\u00f6na valmivad tapeedid.","isPartOf":{"@id":"https:\/\/baubauwall.com\/et\/#website"},"primaryImageOfPage":{"@id":"https:\/\/baubauwall.com\/et\/toode\/tapeet-lilleoied-monokroomne\/#primaryimage"},"image":{"@id":"https:\/\/baubauwall.com\/et\/toode\/tapeet-lilleoied-monokroomne\/#primaryimage"},"thumbnailUrl":"https:\/\/baubauwall.com\/wp-content\/uploads\/2022\/02\/51100150_PastelFlowers-monochrome_Baubauwall_Wallpaper_room1.jpg","datePublished":"2022-02-22T06:20:49+00:00","dateModified":"2022-05-13T09:30:39+00:00","description":"P\u00f5hjamaine tapeet. Suurte monokroomsete lilledega tapeedidisain. R\u00e4tsepat\u00f6\u00f6na valmivad, sinu seina m\u00f5\u00f5tu l\u00f5igatud t\u00e4psete paanidega tapeedid.","breadcrumb":{"@id":"https:\/\/baubauwall.com\/et\/toode\/tapeet-lilleoied-monokroomne\/#breadcrumb"},"inLanguage":"et","potentialAction":[{"@type":"ReadAction","target":["https:\/\/baubauwall.com\/et\/toode\/tapeet-lilleoied-monokroomne\/"]}]},{"@type":"ImageObject","inLanguage":"et","@id":"https:\/\/baubauwall.com\/et\/toode\/tapeet-lilleoied-monokroomne\/#primaryimage","url":"https:\/\/baubauwall.com\/wp-content\/uploads\/2022\/02\/51100150_PastelFlowers-monochrome_Baubauwall_Wallpaper_room1.jpg","contentUrl":"https:\/\/baubauwall.com\/wp-content\/uploads\/2022\/02\/51100150_PastelFlowers-monochrome_Baubauwall_Wallpaper_room1.jpg","width":1067,"height":800},{"@type":"BreadcrumbList","@id":"https:\/\/baubauwall.com\/et\/toode\/tapeet-lilleoied-monokroomne\/#breadcrumb","itemListElement":[{"@type":"ListItem","position":1,"name":"Koju","item":"https:\/\/baubauwall.com\/et\/"},{"@type":"ListItem","position":2,"name":"Tapeedid","item":"https:\/\/baubauwall.com\/et\/tapeedid\/"},{"@type":"ListItem","position":3,"name":"Lille\u00f5ied \u2013 monokroomne"}]},{"@type":"WebSite","@id":"https:\/\/baubauwall.com\/et\/#website","url":"https:\/\/baubauwall.com\/et\/","name":"BAUBAUWALL Wallpapers","description":"Valmis paanides tapeet Eestist!","publisher":{"@id":"https:\/\/baubauwall.com\/et\/#organization"},"potentialAction":[{"@type":"SearchAction","target":{"@type":"EntryPoint","urlTemplate":"https:\/\/baubauwall.com\/et\/?s={search_term_string}"},"query-input":{"@type":"PropertyValueSpecification","valueRequired":true,"valueName":"search_term_string"}}],"inLanguage":"et"},{"@type":"Organization","@id":"https:\/\/baubauwall.com\/et\/#organization","name":"BAUBAUWALL Wallpapers","url":"https:\/\/baubauwall.com\/et\/","logo":{"@type":"ImageObject","inLanguage":"et","@id":"https:\/\/baubauwall.com\/et\/#\/schema\/logo\/image\/","url":"https:\/\/baubauwall.com\/wp-content\/uploads\/2022\/03\/logo-horizontal.svg","contentUrl":"https:\/\/baubauwall.com\/wp-content\/uploads\/2022\/03\/logo-horizontal.svg","width":"1024","height":"1024","caption":"BAUBAUWALL Wallpapers"},"image":{"@id":"https:\/\/baubauwall.com\/et\/#\/schema\/logo\/image\/"},"sameAs":["https:\/\/www.facebook.com\/Baubauwall","https:\/\/www.instagram.com\/baubauwall"]}]}},"jetpack_sharing_enabled":true,"_links":{"self":[{"href":"https:\/\/baubauwall.com\/et\/wp-json\/wp\/v2\/product\/5860","targetHints":{"allow":["GET"]}}],"collection":[{"href":"https:\/\/baubauwall.com\/et\/wp-json\/wp\/v2\/product"}],"about":[{"href":"https:\/\/baubauwall.com\/et\/wp-json\/wp\/v2\/types\/product"}],"replies":[{"embeddable":true,"href":"https:\/\/baubauwall.com\/et\/wp-json\/wp\/v2\/comments?post=5860"}],"wp:featuredmedia":[{"embeddable":true,"href":"https:\/\/baubauwall.com\/et\/wp-json\/wp\/v2\/media\/5847"}],"wp:attachment":[{"href":"https:\/\/baubauwall.com\/et\/wp-json\/wp\/v2\/media?parent=5860"}],"wp:term":[{"taxonomy":"product_brand","embeddable":true,"href":"https:\/\/baubauwall.com\/et\/wp-json\/wp\/v2\/product_brand?post=5860"},{"taxonomy":"product_cat","embeddable":true,"href":"https:\/\/baubauwall.com\/et\/wp-json\/wp\/v2\/product_cat?post=5860"},{"taxonomy":"product_tag","embeddable":true,"href":"https:\/\/baubauwall.com\/et\/wp-json\/wp\/v2\/product_tag?post=5860"}],"curies":[{"name":"wp","href":"https:\/\/api.w.org\/{rel}","templated":true}]}}