{"id":5941,"date":"2022-02-22T08:20:47","date_gmt":"2022-02-22T06:20:47","guid":{"rendered":"https:\/\/baubauwall.com\/product\/vintage-flowers-beige-wallpaper\/"},"modified":"2022-12-06T10:15:36","modified_gmt":"2022-12-06T08:15:36","slug":"vintage-flowers-beige-wallpaper","status":"publish","type":"product","link":"https:\/\/baubauwall.com\/et\/toode\/vintage-flowers-beige-wallpaper\/","title":{"rendered":"L\u00f5hnav lilleaed &#8211; bee\u017e"},"content":{"rendered":"<p>Astu lilleaeda! Sellel vesiv\u00e4rvidega maalitud detailirohkel illustreeritud tapeedimaalilt leiad kevadised v\u00f5\u00f5rasemad, r\u00f5\u00f5msad petuuniad, graatsilised gerberad. K\u00fclluslik tapeet, mille lopsakad ja l\u00f5hnavad \u00f5ied toovad lilleaia tuppa! Lillemustriga tapeedid on alati moes ning sobivad ideaalselt erinevatesse tubadesse. See\u00a0 tapeedikaunitar v\u00f5iks kaunistada Sinu garderoobiseinu, magamistuba, vannituba v\u00f5i r\u00f5\u00f5msat elutuba.<\/p>\n<p>L\u00f5hnav lilleaed tapeet on olemas ka roosa, salveirohelise ja valge taustaga. Nagu k\u00f5ik meie kordusmustriga tapeedid ja pilttapeedid, on see disain tr\u00fckitud <a href=\"https:\/\/baubauwall.com\/et\/keskkonnasobralikud-tapeedid\/\" target=\"_blank\" rel=\"noopener\">keskkonnas\u00f5bralike v\u00e4rvidega<\/a>, hingavale fliistapeedi materjalile.<\/p>\n","protected":false},"excerpt":{"rendered":"<p>Astu lilleaeda! Sellel vesiv\u00e4rvidega maalitud detailirohkel illustreeritud tapeedimaalilt leiad kevadised v\u00f5\u00f5rasemad, r\u00f5\u00f5msad petuuniad, graatsilised gerberad. K\u00fclluslik tapeet, mille lopsakad ja l\u00f5hnavad \u00f5ied toovad lilleaia tuppa! Lillemustriga tapeedid on alati moes ning sobivad ideaalselt erinevatesse tubadesse. See\u00a0 tapeedikaunitar v\u00f5iks kaunistada Sinu garderoobiseinu, magamistuba, vannituba v\u00f5i r\u00f5\u00f5msat elutuba. L\u00f5hnav lilleaed tapeet on olemas ka roosa, salveirohelise ja [&hellip;]<\/p>\n","protected":false},"featured_media":5940,"comment_status":"open","ping_status":"closed","template":"","meta":{"_acf_changed":false,"inline_featured_image":false},"product_brand":[],"product_cat":[386,395,406,265,269,413,414,415,416,402,412,254,260],"product_tag":[584],"class_list":{"0":"post-5941","1":"product","2":"type-product","3":"status-publish","4":"has-post-thumbnail","6":"product_cat-kordusmustriga-tapeedid","7":"product_cat-romantiline","8":"product_cat-klassika","9":"product_cat-beezid-tapeedid","10":"product_cat-pruunid-tapeedid","11":"product_cat-magamistoa-tapeedid","12":"product_cat-soogitoa-tapeedid","13":"product_cat-kulalistetoa-tapeedid","14":"product_cat-esiku-tapeedid","15":"product_cat-elutoa-tapeedid","16":"product_cat-vannitoa-tapeedid","17":"product_cat-loodus","18":"product_cat-lilled","19":"product_tag-boho-et","20":"pa_designedby-baubauwall","22":"first","23":"instock","24":"taxable","25":"shipping-taxable","26":"purchasable","27":"product-type-simple"},"acf":[],"yoast_head":"<!-- This site is optimized with the Yoast SEO plugin v25.9 - https:\/\/yoast.com\/wordpress\/plugins\/seo\/ -->\n<title>Tapeet lillelise mustriga. L\u00f5hnav lilleaed muster - bee\u017eil.<\/title>\n<meta name=\"description\" content=\"Tapeet, millel on lopsakas lilleline muster. Vintage stiilis disaintapeet toob lilleaia tuppa. R\u00e4tsepat\u00f6\u00f6na valmivad disainid, sinu seina m\u00f5\u00f5tu l\u00f5igatud.\" \/>\n<meta name=\"robots\" content=\"index, follow, max-snippet:-1, max-image-preview:large, max-video-preview:-1\" \/>\n<link rel=\"canonical\" href=\"https:\/\/baubauwall.com\/et\/toode\/vintage-flowers-beige-wallpaper\/\" \/>\n<meta property=\"og:locale\" content=\"et_EE\" \/>\n<meta property=\"og:type\" content=\"article\" \/>\n<meta property=\"og:title\" content=\"Tapeet lillelise mustriga. L\u00f5hnav lilleaed muster - bee\u017eil.\" \/>\n<meta property=\"og:description\" content=\"Tapeet, millel on lopsakas lilleline muster. Vintage stiilis disaintapeet toob lilleaia tuppa. R\u00e4tsepat\u00f6\u00f6na valmivad disainid, sinu seina m\u00f5\u00f5tu l\u00f5igatud.\" \/>\n<meta property=\"og:url\" content=\"https:\/\/baubauwall.com\/et\/toode\/vintage-flowers-beige-wallpaper\/\" \/>\n<meta property=\"og:site_name\" content=\"BAUBAUWALL TAPEEDID\" \/>\n<meta property=\"article:publisher\" content=\"https:\/\/www.facebook.com\/Baubauwall\" \/>\n<meta property=\"article:modified_time\" content=\"2022-12-06T08:15:36+00:00\" \/>\n<meta property=\"og:image\" content=\"https:\/\/baubauwall.com\/wp-content\/uploads\/2022\/02\/51100146_VintageFlowers-beige_Baubauwall_Wallpaper_room6.jpg\" \/>\n\t<meta property=\"og:image:width\" content=\"800\" \/>\n\t<meta property=\"og:image:height\" content=\"800\" \/>\n\t<meta property=\"og:image:type\" content=\"image\/jpeg\" \/>\n<meta name=\"twitter:card\" content=\"summary_large_image\" \/>\n<meta name=\"twitter:label1\" content=\"Est. reading time\" \/>\n\t<meta name=\"twitter:data1\" content=\"1 minut\" \/>\n<script type=\"application\/ld+json\" class=\"yoast-schema-graph\">{\"@context\":\"https:\/\/schema.org\",\"@graph\":[{\"@type\":\"WebPage\",\"@id\":\"https:\/\/baubauwall.com\/et\/toode\/vintage-flowers-beige-wallpaper\/\",\"url\":\"https:\/\/baubauwall.com\/et\/toode\/vintage-flowers-beige-wallpaper\/\",\"name\":\"Tapeet lillelise mustriga. L\u00f5hnav lilleaed muster - bee\u017eil.\",\"isPartOf\":{\"@id\":\"https:\/\/baubauwall.com\/et\/#website\"},\"primaryImageOfPage\":{\"@id\":\"https:\/\/baubauwall.com\/et\/toode\/vintage-flowers-beige-wallpaper\/#primaryimage\"},\"image\":{\"@id\":\"https:\/\/baubauwall.com\/et\/toode\/vintage-flowers-beige-wallpaper\/#primaryimage\"},\"thumbnailUrl\":\"https:\/\/baubauwall.com\/wp-content\/uploads\/2022\/02\/51100146_VintageFlowers-beige_Baubauwall_Wallpaper_room10.jpg\",\"datePublished\":\"2022-02-22T06:20:47+00:00\",\"dateModified\":\"2022-12-06T08:15:36+00:00\",\"description\":\"Tapeet, millel on lopsakas lilleline muster. Vintage stiilis disaintapeet toob lilleaia tuppa. R\u00e4tsepat\u00f6\u00f6na valmivad disainid, sinu seina m\u00f5\u00f5tu l\u00f5igatud.\",\"breadcrumb\":{\"@id\":\"https:\/\/baubauwall.com\/et\/toode\/vintage-flowers-beige-wallpaper\/#breadcrumb\"},\"inLanguage\":\"et\",\"potentialAction\":[{\"@type\":\"ReadAction\",\"target\":[\"https:\/\/baubauwall.com\/et\/toode\/vintage-flowers-beige-wallpaper\/\"]}]},{\"@type\":\"ImageObject\",\"inLanguage\":\"et\",\"@id\":\"https:\/\/baubauwall.com\/et\/toode\/vintage-flowers-beige-wallpaper\/#primaryimage\",\"url\":\"https:\/\/baubauwall.com\/wp-content\/uploads\/2022\/02\/51100146_VintageFlowers-beige_Baubauwall_Wallpaper_room10.jpg\",\"contentUrl\":\"https:\/\/baubauwall.com\/wp-content\/uploads\/2022\/02\/51100146_VintageFlowers-beige_Baubauwall_Wallpaper_room10.jpg\",\"width\":1199,\"height\":800,\"caption\":\"Large scale floral pattern wallpaper for home\"},{\"@type\":\"BreadcrumbList\",\"@id\":\"https:\/\/baubauwall.com\/et\/toode\/vintage-flowers-beige-wallpaper\/#breadcrumb\",\"itemListElement\":[{\"@type\":\"ListItem\",\"position\":1,\"name\":\"Koju\",\"item\":\"https:\/\/baubauwall.com\/et\/\"},{\"@type\":\"ListItem\",\"position\":2,\"name\":\"Tapeedid\",\"item\":\"https:\/\/baubauwall.com\/et\/tapeedid\/\"},{\"@type\":\"ListItem\",\"position\":3,\"name\":\"L\u00f5hnav lilleaed &#8211; bee\u017e\"}]},{\"@type\":\"WebSite\",\"@id\":\"https:\/\/baubauwall.com\/et\/#website\",\"url\":\"https:\/\/baubauwall.com\/et\/\",\"name\":\"BAUBAUWALL Wallpapers\",\"description\":\"Valmis paanides tapeet Eestist!\",\"publisher\":{\"@id\":\"https:\/\/baubauwall.com\/et\/#organization\"},\"potentialAction\":[{\"@type\":\"SearchAction\",\"target\":{\"@type\":\"EntryPoint\",\"urlTemplate\":\"https:\/\/baubauwall.com\/et\/?s={search_term_string}\"},\"query-input\":{\"@type\":\"PropertyValueSpecification\",\"valueRequired\":true,\"valueName\":\"search_term_string\"}}],\"inLanguage\":\"et\"},{\"@type\":\"Organization\",\"@id\":\"https:\/\/baubauwall.com\/et\/#organization\",\"name\":\"BAUBAUWALL Wallpapers\",\"url\":\"https:\/\/baubauwall.com\/et\/\",\"logo\":{\"@type\":\"ImageObject\",\"inLanguage\":\"et\",\"@id\":\"https:\/\/baubauwall.com\/et\/#\/schema\/logo\/image\/\",\"url\":\"https:\/\/baubauwall.com\/wp-content\/uploads\/2022\/03\/logo-horizontal.svg\",\"contentUrl\":\"https:\/\/baubauwall.com\/wp-content\/uploads\/2022\/03\/logo-horizontal.svg\",\"width\":\"1024\",\"height\":\"1024\",\"caption\":\"BAUBAUWALL Wallpapers\"},\"image\":{\"@id\":\"https:\/\/baubauwall.com\/et\/#\/schema\/logo\/image\/\"},\"sameAs\":[\"https:\/\/www.facebook.com\/Baubauwall\",\"https:\/\/www.instagram.com\/baubauwall\"]}]}<\/script>\n<!-- \/ Yoast SEO plugin. -->","yoast_head_json":{"title":"Tapeet lillelise mustriga. L\u00f5hnav lilleaed muster - bee\u017eil.","description":"Tapeet, millel on lopsakas lilleline muster. Vintage stiilis disaintapeet toob lilleaia tuppa. R\u00e4tsepat\u00f6\u00f6na valmivad disainid, sinu seina m\u00f5\u00f5tu l\u00f5igatud.","robots":{"index":"index","follow":"follow","max-snippet":"max-snippet:-1","max-image-preview":"max-image-preview:large","max-video-preview":"max-video-preview:-1"},"canonical":"https:\/\/baubauwall.com\/et\/toode\/vintage-flowers-beige-wallpaper\/","og_locale":"et_EE","og_type":"article","og_title":"Tapeet lillelise mustriga. L\u00f5hnav lilleaed muster - bee\u017eil.","og_description":"Tapeet, millel on lopsakas lilleline muster. Vintage stiilis disaintapeet toob lilleaia tuppa. R\u00e4tsepat\u00f6\u00f6na valmivad disainid, sinu seina m\u00f5\u00f5tu l\u00f5igatud.","og_url":"https:\/\/baubauwall.com\/et\/toode\/vintage-flowers-beige-wallpaper\/","og_site_name":"BAUBAUWALL TAPEEDID","article_publisher":"https:\/\/www.facebook.com\/Baubauwall","article_modified_time":"2022-12-06T08:15:36+00:00","og_image":[{"width":800,"height":800,"url":"https:\/\/baubauwall.com\/wp-content\/uploads\/2022\/02\/51100146_VintageFlowers-beige_Baubauwall_Wallpaper_room6.jpg","type":"image\/jpeg"}],"twitter_card":"summary_large_image","twitter_misc":{"Est. reading time":"1 minut"},"schema":{"@context":"https:\/\/schema.org","@graph":[{"@type":"WebPage","@id":"https:\/\/baubauwall.com\/et\/toode\/vintage-flowers-beige-wallpaper\/","url":"https:\/\/baubauwall.com\/et\/toode\/vintage-flowers-beige-wallpaper\/","name":"Tapeet lillelise mustriga. L\u00f5hnav lilleaed muster - bee\u017eil.","isPartOf":{"@id":"https:\/\/baubauwall.com\/et\/#website"},"primaryImageOfPage":{"@id":"https:\/\/baubauwall.com\/et\/toode\/vintage-flowers-beige-wallpaper\/#primaryimage"},"image":{"@id":"https:\/\/baubauwall.com\/et\/toode\/vintage-flowers-beige-wallpaper\/#primaryimage"},"thumbnailUrl":"https:\/\/baubauwall.com\/wp-content\/uploads\/2022\/02\/51100146_VintageFlowers-beige_Baubauwall_Wallpaper_room10.jpg","datePublished":"2022-02-22T06:20:47+00:00","dateModified":"2022-12-06T08:15:36+00:00","description":"Tapeet, millel on lopsakas lilleline muster. Vintage stiilis disaintapeet toob lilleaia tuppa. R\u00e4tsepat\u00f6\u00f6na valmivad disainid, sinu seina m\u00f5\u00f5tu l\u00f5igatud.","breadcrumb":{"@id":"https:\/\/baubauwall.com\/et\/toode\/vintage-flowers-beige-wallpaper\/#breadcrumb"},"inLanguage":"et","potentialAction":[{"@type":"ReadAction","target":["https:\/\/baubauwall.com\/et\/toode\/vintage-flowers-beige-wallpaper\/"]}]},{"@type":"ImageObject","inLanguage":"et","@id":"https:\/\/baubauwall.com\/et\/toode\/vintage-flowers-beige-wallpaper\/#primaryimage","url":"https:\/\/baubauwall.com\/wp-content\/uploads\/2022\/02\/51100146_VintageFlowers-beige_Baubauwall_Wallpaper_room10.jpg","contentUrl":"https:\/\/baubauwall.com\/wp-content\/uploads\/2022\/02\/51100146_VintageFlowers-beige_Baubauwall_Wallpaper_room10.jpg","width":1199,"height":800,"caption":"Large scale floral pattern wallpaper for home"},{"@type":"BreadcrumbList","@id":"https:\/\/baubauwall.com\/et\/toode\/vintage-flowers-beige-wallpaper\/#breadcrumb","itemListElement":[{"@type":"ListItem","position":1,"name":"Koju","item":"https:\/\/baubauwall.com\/et\/"},{"@type":"ListItem","position":2,"name":"Tapeedid","item":"https:\/\/baubauwall.com\/et\/tapeedid\/"},{"@type":"ListItem","position":3,"name":"L\u00f5hnav lilleaed &#8211; bee\u017e"}]},{"@type":"WebSite","@id":"https:\/\/baubauwall.com\/et\/#website","url":"https:\/\/baubauwall.com\/et\/","name":"BAUBAUWALL Wallpapers","description":"Valmis paanides tapeet Eestist!","publisher":{"@id":"https:\/\/baubauwall.com\/et\/#organization"},"potentialAction":[{"@type":"SearchAction","target":{"@type":"EntryPoint","urlTemplate":"https:\/\/baubauwall.com\/et\/?s={search_term_string}"},"query-input":{"@type":"PropertyValueSpecification","valueRequired":true,"valueName":"search_term_string"}}],"inLanguage":"et"},{"@type":"Organization","@id":"https:\/\/baubauwall.com\/et\/#organization","name":"BAUBAUWALL Wallpapers","url":"https:\/\/baubauwall.com\/et\/","logo":{"@type":"ImageObject","inLanguage":"et","@id":"https:\/\/baubauwall.com\/et\/#\/schema\/logo\/image\/","url":"https:\/\/baubauwall.com\/wp-content\/uploads\/2022\/03\/logo-horizontal.svg","contentUrl":"https:\/\/baubauwall.com\/wp-content\/uploads\/2022\/03\/logo-horizontal.svg","width":"1024","height":"1024","caption":"BAUBAUWALL Wallpapers"},"image":{"@id":"https:\/\/baubauwall.com\/et\/#\/schema\/logo\/image\/"},"sameAs":["https:\/\/www.facebook.com\/Baubauwall","https:\/\/www.instagram.com\/baubauwall"]}]}},"jetpack_sharing_enabled":true,"_links":{"self":[{"href":"https:\/\/baubauwall.com\/et\/wp-json\/wp\/v2\/product\/5941","targetHints":{"allow":["GET"]}}],"collection":[{"href":"https:\/\/baubauwall.com\/et\/wp-json\/wp\/v2\/product"}],"about":[{"href":"https:\/\/baubauwall.com\/et\/wp-json\/wp\/v2\/types\/product"}],"replies":[{"embeddable":true,"href":"https:\/\/baubauwall.com\/et\/wp-json\/wp\/v2\/comments?post=5941"}],"wp:featuredmedia":[{"embeddable":true,"href":"https:\/\/baubauwall.com\/et\/wp-json\/wp\/v2\/media\/5940"}],"wp:attachment":[{"href":"https:\/\/baubauwall.com\/et\/wp-json\/wp\/v2\/media?parent=5941"}],"wp:term":[{"taxonomy":"product_brand","embeddable":true,"href":"https:\/\/baubauwall.com\/et\/wp-json\/wp\/v2\/product_brand?post=5941"},{"taxonomy":"product_cat","embeddable":true,"href":"https:\/\/baubauwall.com\/et\/wp-json\/wp\/v2\/product_cat?post=5941"},{"taxonomy":"product_tag","embeddable":true,"href":"https:\/\/baubauwall.com\/et\/wp-json\/wp\/v2\/product_tag?post=5941"}],"curies":[{"name":"wp","href":"https:\/\/api.w.org\/{rel}","templated":true}]}}