{"id":5959,"date":"2022-02-22T08:20:48","date_gmt":"2022-02-22T06:20:48","guid":{"rendered":"https:\/\/baubauwall.com\/product\/vintage-flowers-wallpaper-sage-green\/"},"modified":"2022-11-28T09:39:20","modified_gmt":"2022-11-28T07:39:20","slug":"vintage-flowers-wallpaper-sage-green","status":"publish","type":"product","link":"https:\/\/baubauwall.com\/et\/toode\/vintage-flowers-wallpaper-sage-green\/","title":{"rendered":"L\u00f5hnav lilleaed &#8211; salveiroheline"},"content":{"rendered":"<p>Astu lilleaeda! Sellel vesiv\u00e4rvidega maalitud detailirohkel illustreeritud tapeedimaalilt leiad kevadised v\u00f5\u00f5rasemad, r\u00f5\u00f5msad petuuniad, graatsilised gerberad. K\u00fclluslik tapeet, mille lopsakad ja l\u00f5hnavad \u00f5ied toovad lilleaia tuppa! Lillemustriga tapeedid on alati moes ning sobivad ideaalselt erinevatesse tubadesse. See roosa tapeedikaunitar v\u00f5iks kaunistada Sinu garderoobiseinu, magamistuba, vannituba v\u00f5i r\u00f5\u00f5msat elutuba.<\/p>\n<p>L\u00f5hnav lilleaed tapeet on olemas ka bee\u017ei, roosa ja valge taustaga.<\/p>\n","protected":false},"excerpt":{"rendered":"<p>Astu lilleaeda! Sellel vesiv\u00e4rvidega maalitud detailirohkel illustreeritud tapeedimaalilt leiad kevadised v\u00f5\u00f5rasemad, r\u00f5\u00f5msad petuuniad, graatsilised gerberad. K\u00fclluslik tapeet, mille lopsakad ja l\u00f5hnavad \u00f5ied toovad lilleaia tuppa! Lillemustriga tapeedid on alati moes ning sobivad ideaalselt erinevatesse tubadesse. See roosa tapeedikaunitar v\u00f5iks kaunistada Sinu garderoobiseinu, magamistuba, vannituba v\u00f5i r\u00f5\u00f5msat elutuba. L\u00f5hnav lilleaed tapeet on olemas ka bee\u017ei, roosa [&hellip;]<\/p>\n","protected":false},"featured_media":5946,"comment_status":"open","ping_status":"closed","template":"","meta":{"_acf_changed":false,"inline_featured_image":false},"product_brand":[],"product_cat":[386,395,394,267,270,271,409,413,414,415,401,402,412,260],"product_tag":[584,608,381],"class_list":{"0":"post-5959","1":"product","2":"type-product","3":"status-publish","4":"has-post-thumbnail","6":"product_cat-kordusmustriga-tapeedid","7":"product_cat-romantiline","8":"product_cat-rikkalik","9":"product_cat-sinised-tapeedid","10":"product_cat-tumedad-tapeedid","11":"product_cat-rohelised-tapeedid","12":"product_cat-turkiis-tapeedid","13":"product_cat-magamistoa-tapeedid","14":"product_cat-soogitoa-tapeedid","15":"product_cat-kulalistetoa-tapeedid","16":"product_cat-koogi-tapeedid","17":"product_cat-elutoa-tapeedid","18":"product_cat-vannitoa-tapeedid","19":"product_cat-lilled","20":"product_tag-boho-et","21":"product_tag-sage-et","22":"product_tag-vesivarv","23":"pa_designedby-baubauwall","25":"first","26":"instock","27":"taxable","28":"shipping-taxable","29":"purchasable","30":"product-type-simple"},"acf":[],"yoast_head":"<!-- This site is optimized with the Yoast SEO plugin v25.9 - https:\/\/yoast.com\/wordpress\/plugins\/seo\/ -->\n<title>Tapeet lilleaed rohekal taustal. R\u00e4tsepat\u00f6\u00f6na valmivad tapeedid.<\/title>\n<meta name=\"description\" content=\"Lopsakas ja lilleline tapeedidisain. Sinakasroheline tapeet - toob lilleaia tuppa. R\u00e4tsepat\u00f6\u00f6na valmivad disainid, sinu seina m\u00f5\u00f5tu l\u00f5igatud.\" \/>\n<meta name=\"robots\" content=\"index, follow, max-snippet:-1, max-image-preview:large, max-video-preview:-1\" \/>\n<link rel=\"canonical\" href=\"https:\/\/baubauwall.com\/et\/toode\/vintage-flowers-wallpaper-sage-green\/\" \/>\n<meta property=\"og:locale\" content=\"et_EE\" \/>\n<meta property=\"og:type\" content=\"article\" \/>\n<meta property=\"og:title\" content=\"Tapeet lilleaed rohekal taustal. R\u00e4tsepat\u00f6\u00f6na valmivad tapeedid.\" \/>\n<meta property=\"og:description\" content=\"Lopsakas ja lilleline tapeedidisain. Sinakasroheline tapeet - toob lilleaia tuppa. R\u00e4tsepat\u00f6\u00f6na valmivad disainid, sinu seina m\u00f5\u00f5tu l\u00f5igatud.\" \/>\n<meta property=\"og:url\" content=\"https:\/\/baubauwall.com\/et\/toode\/vintage-flowers-wallpaper-sage-green\/\" \/>\n<meta property=\"og:site_name\" content=\"BAUBAUWALL TAPEEDID\" \/>\n<meta property=\"article:publisher\" content=\"https:\/\/www.facebook.com\/Baubauwall\" \/>\n<meta property=\"article:modified_time\" content=\"2022-11-28T07:39:20+00:00\" \/>\n<meta property=\"og:image\" content=\"https:\/\/baubauwall.com\/wp-content\/uploads\/2022\/02\/51100148_VintageFlowers-sage_Baubauwall_Wallpaper_room9.jpg\" \/>\n\t<meta property=\"og:image:width\" content=\"1199\" \/>\n\t<meta property=\"og:image:height\" content=\"800\" \/>\n\t<meta property=\"og:image:type\" content=\"image\/jpeg\" \/>\n<meta name=\"twitter:card\" content=\"summary_large_image\" \/>\n<meta name=\"twitter:label1\" content=\"Est. reading time\" \/>\n\t<meta name=\"twitter:data1\" content=\"1 minut\" \/>\n<script type=\"application\/ld+json\" class=\"yoast-schema-graph\">{\"@context\":\"https:\/\/schema.org\",\"@graph\":[{\"@type\":\"WebPage\",\"@id\":\"https:\/\/baubauwall.com\/et\/toode\/vintage-flowers-wallpaper-sage-green\/\",\"url\":\"https:\/\/baubauwall.com\/et\/toode\/vintage-flowers-wallpaper-sage-green\/\",\"name\":\"Tapeet lilleaed rohekal taustal. R\u00e4tsepat\u00f6\u00f6na valmivad tapeedid.\",\"isPartOf\":{\"@id\":\"https:\/\/baubauwall.com\/et\/#website\"},\"primaryImageOfPage\":{\"@id\":\"https:\/\/baubauwall.com\/et\/toode\/vintage-flowers-wallpaper-sage-green\/#primaryimage\"},\"image\":{\"@id\":\"https:\/\/baubauwall.com\/et\/toode\/vintage-flowers-wallpaper-sage-green\/#primaryimage\"},\"thumbnailUrl\":\"https:\/\/baubauwall.com\/wp-content\/uploads\/2022\/02\/51100148_VintageFlowers-sage_Baubauwall_Wallpaper_room9.jpg\",\"datePublished\":\"2022-02-22T06:20:48+00:00\",\"dateModified\":\"2022-11-28T07:39:20+00:00\",\"description\":\"Lopsakas ja lilleline tapeedidisain. Sinakasroheline tapeet - toob lilleaia tuppa. R\u00e4tsepat\u00f6\u00f6na valmivad disainid, sinu seina m\u00f5\u00f5tu l\u00f5igatud.\",\"breadcrumb\":{\"@id\":\"https:\/\/baubauwall.com\/et\/toode\/vintage-flowers-wallpaper-sage-green\/#breadcrumb\"},\"inLanguage\":\"et\",\"potentialAction\":[{\"@type\":\"ReadAction\",\"target\":[\"https:\/\/baubauwall.com\/et\/toode\/vintage-flowers-wallpaper-sage-green\/\"]}]},{\"@type\":\"ImageObject\",\"inLanguage\":\"et\",\"@id\":\"https:\/\/baubauwall.com\/et\/toode\/vintage-flowers-wallpaper-sage-green\/#primaryimage\",\"url\":\"https:\/\/baubauwall.com\/wp-content\/uploads\/2022\/02\/51100148_VintageFlowers-sage_Baubauwall_Wallpaper_room9.jpg\",\"contentUrl\":\"https:\/\/baubauwall.com\/wp-content\/uploads\/2022\/02\/51100148_VintageFlowers-sage_Baubauwall_Wallpaper_room9.jpg\",\"width\":1199,\"height\":800},{\"@type\":\"BreadcrumbList\",\"@id\":\"https:\/\/baubauwall.com\/et\/toode\/vintage-flowers-wallpaper-sage-green\/#breadcrumb\",\"itemListElement\":[{\"@type\":\"ListItem\",\"position\":1,\"name\":\"Koju\",\"item\":\"https:\/\/baubauwall.com\/et\/\"},{\"@type\":\"ListItem\",\"position\":2,\"name\":\"Tapeedid\",\"item\":\"https:\/\/baubauwall.com\/et\/tapeedid\/\"},{\"@type\":\"ListItem\",\"position\":3,\"name\":\"L\u00f5hnav lilleaed &#8211; salveiroheline\"}]},{\"@type\":\"WebSite\",\"@id\":\"https:\/\/baubauwall.com\/et\/#website\",\"url\":\"https:\/\/baubauwall.com\/et\/\",\"name\":\"BAUBAUWALL Wallpapers\",\"description\":\"Valmis paanides tapeet Eestist!\",\"publisher\":{\"@id\":\"https:\/\/baubauwall.com\/et\/#organization\"},\"potentialAction\":[{\"@type\":\"SearchAction\",\"target\":{\"@type\":\"EntryPoint\",\"urlTemplate\":\"https:\/\/baubauwall.com\/et\/?s={search_term_string}\"},\"query-input\":{\"@type\":\"PropertyValueSpecification\",\"valueRequired\":true,\"valueName\":\"search_term_string\"}}],\"inLanguage\":\"et\"},{\"@type\":\"Organization\",\"@id\":\"https:\/\/baubauwall.com\/et\/#organization\",\"name\":\"BAUBAUWALL Wallpapers\",\"url\":\"https:\/\/baubauwall.com\/et\/\",\"logo\":{\"@type\":\"ImageObject\",\"inLanguage\":\"et\",\"@id\":\"https:\/\/baubauwall.com\/et\/#\/schema\/logo\/image\/\",\"url\":\"https:\/\/baubauwall.com\/wp-content\/uploads\/2022\/03\/logo-horizontal.svg\",\"contentUrl\":\"https:\/\/baubauwall.com\/wp-content\/uploads\/2022\/03\/logo-horizontal.svg\",\"width\":\"1024\",\"height\":\"1024\",\"caption\":\"BAUBAUWALL Wallpapers\"},\"image\":{\"@id\":\"https:\/\/baubauwall.com\/et\/#\/schema\/logo\/image\/\"},\"sameAs\":[\"https:\/\/www.facebook.com\/Baubauwall\",\"https:\/\/www.instagram.com\/baubauwall\"]}]}<\/script>\n<!-- \/ Yoast SEO plugin. -->","yoast_head_json":{"title":"Tapeet lilleaed rohekal taustal. R\u00e4tsepat\u00f6\u00f6na valmivad tapeedid.","description":"Lopsakas ja lilleline tapeedidisain. Sinakasroheline tapeet - toob lilleaia tuppa. R\u00e4tsepat\u00f6\u00f6na valmivad disainid, sinu seina m\u00f5\u00f5tu l\u00f5igatud.","robots":{"index":"index","follow":"follow","max-snippet":"max-snippet:-1","max-image-preview":"max-image-preview:large","max-video-preview":"max-video-preview:-1"},"canonical":"https:\/\/baubauwall.com\/et\/toode\/vintage-flowers-wallpaper-sage-green\/","og_locale":"et_EE","og_type":"article","og_title":"Tapeet lilleaed rohekal taustal. R\u00e4tsepat\u00f6\u00f6na valmivad tapeedid.","og_description":"Lopsakas ja lilleline tapeedidisain. Sinakasroheline tapeet - toob lilleaia tuppa. R\u00e4tsepat\u00f6\u00f6na valmivad disainid, sinu seina m\u00f5\u00f5tu l\u00f5igatud.","og_url":"https:\/\/baubauwall.com\/et\/toode\/vintage-flowers-wallpaper-sage-green\/","og_site_name":"BAUBAUWALL TAPEEDID","article_publisher":"https:\/\/www.facebook.com\/Baubauwall","article_modified_time":"2022-11-28T07:39:20+00:00","og_image":[{"width":1199,"height":800,"url":"https:\/\/baubauwall.com\/wp-content\/uploads\/2022\/02\/51100148_VintageFlowers-sage_Baubauwall_Wallpaper_room9.jpg","type":"image\/jpeg"}],"twitter_card":"summary_large_image","twitter_misc":{"Est. reading time":"1 minut"},"schema":{"@context":"https:\/\/schema.org","@graph":[{"@type":"WebPage","@id":"https:\/\/baubauwall.com\/et\/toode\/vintage-flowers-wallpaper-sage-green\/","url":"https:\/\/baubauwall.com\/et\/toode\/vintage-flowers-wallpaper-sage-green\/","name":"Tapeet lilleaed rohekal taustal. R\u00e4tsepat\u00f6\u00f6na valmivad tapeedid.","isPartOf":{"@id":"https:\/\/baubauwall.com\/et\/#website"},"primaryImageOfPage":{"@id":"https:\/\/baubauwall.com\/et\/toode\/vintage-flowers-wallpaper-sage-green\/#primaryimage"},"image":{"@id":"https:\/\/baubauwall.com\/et\/toode\/vintage-flowers-wallpaper-sage-green\/#primaryimage"},"thumbnailUrl":"https:\/\/baubauwall.com\/wp-content\/uploads\/2022\/02\/51100148_VintageFlowers-sage_Baubauwall_Wallpaper_room9.jpg","datePublished":"2022-02-22T06:20:48+00:00","dateModified":"2022-11-28T07:39:20+00:00","description":"Lopsakas ja lilleline tapeedidisain. Sinakasroheline tapeet - toob lilleaia tuppa. R\u00e4tsepat\u00f6\u00f6na valmivad disainid, sinu seina m\u00f5\u00f5tu l\u00f5igatud.","breadcrumb":{"@id":"https:\/\/baubauwall.com\/et\/toode\/vintage-flowers-wallpaper-sage-green\/#breadcrumb"},"inLanguage":"et","potentialAction":[{"@type":"ReadAction","target":["https:\/\/baubauwall.com\/et\/toode\/vintage-flowers-wallpaper-sage-green\/"]}]},{"@type":"ImageObject","inLanguage":"et","@id":"https:\/\/baubauwall.com\/et\/toode\/vintage-flowers-wallpaper-sage-green\/#primaryimage","url":"https:\/\/baubauwall.com\/wp-content\/uploads\/2022\/02\/51100148_VintageFlowers-sage_Baubauwall_Wallpaper_room9.jpg","contentUrl":"https:\/\/baubauwall.com\/wp-content\/uploads\/2022\/02\/51100148_VintageFlowers-sage_Baubauwall_Wallpaper_room9.jpg","width":1199,"height":800},{"@type":"BreadcrumbList","@id":"https:\/\/baubauwall.com\/et\/toode\/vintage-flowers-wallpaper-sage-green\/#breadcrumb","itemListElement":[{"@type":"ListItem","position":1,"name":"Koju","item":"https:\/\/baubauwall.com\/et\/"},{"@type":"ListItem","position":2,"name":"Tapeedid","item":"https:\/\/baubauwall.com\/et\/tapeedid\/"},{"@type":"ListItem","position":3,"name":"L\u00f5hnav lilleaed &#8211; salveiroheline"}]},{"@type":"WebSite","@id":"https:\/\/baubauwall.com\/et\/#website","url":"https:\/\/baubauwall.com\/et\/","name":"BAUBAUWALL Wallpapers","description":"Valmis paanides tapeet Eestist!","publisher":{"@id":"https:\/\/baubauwall.com\/et\/#organization"},"potentialAction":[{"@type":"SearchAction","target":{"@type":"EntryPoint","urlTemplate":"https:\/\/baubauwall.com\/et\/?s={search_term_string}"},"query-input":{"@type":"PropertyValueSpecification","valueRequired":true,"valueName":"search_term_string"}}],"inLanguage":"et"},{"@type":"Organization","@id":"https:\/\/baubauwall.com\/et\/#organization","name":"BAUBAUWALL Wallpapers","url":"https:\/\/baubauwall.com\/et\/","logo":{"@type":"ImageObject","inLanguage":"et","@id":"https:\/\/baubauwall.com\/et\/#\/schema\/logo\/image\/","url":"https:\/\/baubauwall.com\/wp-content\/uploads\/2022\/03\/logo-horizontal.svg","contentUrl":"https:\/\/baubauwall.com\/wp-content\/uploads\/2022\/03\/logo-horizontal.svg","width":"1024","height":"1024","caption":"BAUBAUWALL Wallpapers"},"image":{"@id":"https:\/\/baubauwall.com\/et\/#\/schema\/logo\/image\/"},"sameAs":["https:\/\/www.facebook.com\/Baubauwall","https:\/\/www.instagram.com\/baubauwall"]}]}},"jetpack_sharing_enabled":true,"_links":{"self":[{"href":"https:\/\/baubauwall.com\/et\/wp-json\/wp\/v2\/product\/5959","targetHints":{"allow":["GET"]}}],"collection":[{"href":"https:\/\/baubauwall.com\/et\/wp-json\/wp\/v2\/product"}],"about":[{"href":"https:\/\/baubauwall.com\/et\/wp-json\/wp\/v2\/types\/product"}],"replies":[{"embeddable":true,"href":"https:\/\/baubauwall.com\/et\/wp-json\/wp\/v2\/comments?post=5959"}],"wp:featuredmedia":[{"embeddable":true,"href":"https:\/\/baubauwall.com\/et\/wp-json\/wp\/v2\/media\/5946"}],"wp:attachment":[{"href":"https:\/\/baubauwall.com\/et\/wp-json\/wp\/v2\/media?parent=5959"}],"wp:term":[{"taxonomy":"product_brand","embeddable":true,"href":"https:\/\/baubauwall.com\/et\/wp-json\/wp\/v2\/product_brand?post=5959"},{"taxonomy":"product_cat","embeddable":true,"href":"https:\/\/baubauwall.com\/et\/wp-json\/wp\/v2\/product_cat?post=5959"},{"taxonomy":"product_tag","embeddable":true,"href":"https:\/\/baubauwall.com\/et\/wp-json\/wp\/v2\/product_tag?post=5959"}],"curies":[{"name":"wp","href":"https:\/\/api.w.org\/{rel}","templated":true}]}}