{"id":5977,"date":"2022-02-22T08:20:48","date_gmt":"2022-02-22T06:20:48","guid":{"rendered":"https:\/\/baubauwall.com\/product\/vintage-flowers-wallpaper-white\/"},"modified":"2022-05-11T16:19:49","modified_gmt":"2022-05-11T14:19:49","slug":"tapeet-lohnav-lilleaed-elevandiluu","status":"publish","type":"product","link":"https:\/\/baubauwall.com\/et\/toode\/tapeet-lohnav-lilleaed-elevandiluu\/","title":{"rendered":"L\u00f5hnav lilleaed &#8211; elevandiluu"},"content":{"rendered":"<p>Astu lilleaeda! Sellel vesiv\u00e4rvidega maalitud detailirohkel illustreeritud tapeedimaalilt leiad kevadised v\u00f5\u00f5rasemad, r\u00f5\u00f5msad petuuniad, graatsilised gerberad. K\u00fclluslik tapeet, mille lopsakad ja l\u00f5hnavad \u00f5ied toovad lilleaia tuppa! Lillemustriga tapeedid on alati moes ning sobivad ideaalselt erinevatesse tubadesse. See rikkalik tapeedikaunitar v\u00f5iks kaunistada Sinu garderoobiseinu, magamistuba, vannituba v\u00f5i r\u00f5\u00f5msat elutuba.<\/p>\n<p>L\u00f5hnav lilleaed tapeet on olemas ka bee\u017ei, salveirohelise ja roosa taustaga.<\/p>\n","protected":false},"excerpt":{"rendered":"<p>Astu lilleaeda! Sellel vesiv\u00e4rvidega maalitud detailirohkel illustreeritud tapeedimaalilt leiad kevadised v\u00f5\u00f5rasemad, r\u00f5\u00f5msad petuuniad, graatsilised gerberad. K\u00fclluslik tapeet, mille lopsakad ja l\u00f5hnavad \u00f5ied toovad lilleaia tuppa! Lillemustriga tapeedid on alati moes ning sobivad ideaalselt erinevatesse tubadesse. See rikkalik tapeedikaunitar v\u00f5iks kaunistada Sinu garderoobiseinu, magamistuba, vannituba v\u00f5i r\u00f5\u00f5msat elutuba. L\u00f5hnav lilleaed tapeet on olemas ka bee\u017ei, salveirohelise [&hellip;]<\/p>\n","protected":false},"featured_media":5964,"comment_status":"open","ping_status":"closed","template":"","meta":{"_acf_changed":false,"inline_featured_image":false},"product_brand":[],"product_cat":[386,395,394,388,265,413,414,416,401,402,412,260,561,715],"product_tag":[],"class_list":{"0":"post-5977","1":"product","2":"type-product","3":"status-publish","4":"has-post-thumbnail","6":"product_cat-kordusmustriga-tapeedid","7":"product_cat-romantiline","8":"product_cat-rikkalik","9":"product_cat-vintage-et","10":"product_cat-beezid-tapeedid","11":"product_cat-magamistoa-tapeedid","12":"product_cat-soogitoa-tapeedid","13":"product_cat-esiku-tapeedid","14":"product_cat-koogi-tapeedid","15":"product_cat-elutoa-tapeedid","16":"product_cat-vannitoa-tapeedid","17":"product_cat-lilled","18":"product_cat-suvised-tapeedid","19":"product_cat-soodsad-tapeedid-leiunurk","20":"pa_designedby-baubauwall","22":"first","23":"instock","24":"sale","25":"taxable","26":"shipping-taxable","27":"purchasable","28":"product-type-simple"},"acf":[],"yoast_head":"<!-- This site is optimized with the Yoast SEO plugin v25.9 - https:\/\/yoast.com\/wordpress\/plugins\/seo\/ -->\n<title>Tapeet L\u00f5hnav lilleaed valgel taustal. R\u00e4tsepat\u00f6\u00f6na valmivad tapeedid.<\/title>\n<meta name=\"description\" content=\"Lopsakas ja lilleline tapeedidisain. Rikkalik tapeet, mis toob lilleaia tuppa. R\u00e4tsepat\u00f6\u00f6na valmivad disainid, sinu seina m\u00f5\u00f5tu l\u00f5igatud.\" \/>\n<meta name=\"robots\" content=\"index, follow, max-snippet:-1, max-image-preview:large, max-video-preview:-1\" \/>\n<link rel=\"canonical\" href=\"https:\/\/baubauwall.com\/et\/toode\/tapeet-lohnav-lilleaed-elevandiluu\/\" \/>\n<meta property=\"og:locale\" content=\"et_EE\" \/>\n<meta property=\"og:type\" content=\"article\" \/>\n<meta property=\"og:title\" content=\"Tapeet L\u00f5hnav lilleaed valgel taustal. R\u00e4tsepat\u00f6\u00f6na valmivad tapeedid.\" \/>\n<meta property=\"og:description\" content=\"Lopsakas ja lilleline tapeedidisain. Rikkalik tapeet, mis toob lilleaia tuppa. R\u00e4tsepat\u00f6\u00f6na valmivad disainid, sinu seina m\u00f5\u00f5tu l\u00f5igatud.\" \/>\n<meta property=\"og:url\" content=\"https:\/\/baubauwall.com\/et\/toode\/tapeet-lohnav-lilleaed-elevandiluu\/\" \/>\n<meta property=\"og:site_name\" content=\"BAUBAUWALL TAPEEDID\" \/>\n<meta property=\"article:publisher\" content=\"https:\/\/www.facebook.com\/Baubauwall\" \/>\n<meta property=\"article:modified_time\" content=\"2022-05-11T14:19:49+00:00\" \/>\n<meta property=\"og:image\" content=\"https:\/\/baubauwall.com\/wp-content\/uploads\/2022\/02\/51100149_VintageFlowers-white_Baubauwall_Wallpaper_room7.jpg\" \/>\n\t<meta property=\"og:image:width\" content=\"1200\" \/>\n\t<meta property=\"og:image:height\" content=\"800\" \/>\n\t<meta property=\"og:image:type\" content=\"image\/jpeg\" \/>\n<meta name=\"twitter:card\" content=\"summary_large_image\" \/>\n<meta name=\"twitter:label1\" content=\"Est. reading time\" \/>\n\t<meta name=\"twitter:data1\" content=\"1 minut\" \/>\n<script type=\"application\/ld+json\" class=\"yoast-schema-graph\">{\"@context\":\"https:\/\/schema.org\",\"@graph\":[{\"@type\":\"WebPage\",\"@id\":\"https:\/\/baubauwall.com\/et\/toode\/tapeet-lohnav-lilleaed-elevandiluu\/\",\"url\":\"https:\/\/baubauwall.com\/et\/toode\/tapeet-lohnav-lilleaed-elevandiluu\/\",\"name\":\"Tapeet L\u00f5hnav lilleaed valgel taustal. R\u00e4tsepat\u00f6\u00f6na valmivad tapeedid.\",\"isPartOf\":{\"@id\":\"https:\/\/baubauwall.com\/et\/#website\"},\"primaryImageOfPage\":{\"@id\":\"https:\/\/baubauwall.com\/et\/toode\/tapeet-lohnav-lilleaed-elevandiluu\/#primaryimage\"},\"image\":{\"@id\":\"https:\/\/baubauwall.com\/et\/toode\/tapeet-lohnav-lilleaed-elevandiluu\/#primaryimage\"},\"thumbnailUrl\":\"https:\/\/baubauwall.com\/wp-content\/uploads\/2022\/02\/51100149_VintageFlowers-white_Baubauwall_Wallpaper_room7.jpg\",\"datePublished\":\"2022-02-22T06:20:48+00:00\",\"dateModified\":\"2022-05-11T14:19:49+00:00\",\"description\":\"Lopsakas ja lilleline tapeedidisain. Rikkalik tapeet, mis toob lilleaia tuppa. R\u00e4tsepat\u00f6\u00f6na valmivad disainid, sinu seina m\u00f5\u00f5tu l\u00f5igatud.\",\"breadcrumb\":{\"@id\":\"https:\/\/baubauwall.com\/et\/toode\/tapeet-lohnav-lilleaed-elevandiluu\/#breadcrumb\"},\"inLanguage\":\"et\",\"potentialAction\":[{\"@type\":\"ReadAction\",\"target\":[\"https:\/\/baubauwall.com\/et\/toode\/tapeet-lohnav-lilleaed-elevandiluu\/\"]}]},{\"@type\":\"ImageObject\",\"inLanguage\":\"et\",\"@id\":\"https:\/\/baubauwall.com\/et\/toode\/tapeet-lohnav-lilleaed-elevandiluu\/#primaryimage\",\"url\":\"https:\/\/baubauwall.com\/wp-content\/uploads\/2022\/02\/51100149_VintageFlowers-white_Baubauwall_Wallpaper_room7.jpg\",\"contentUrl\":\"https:\/\/baubauwall.com\/wp-content\/uploads\/2022\/02\/51100149_VintageFlowers-white_Baubauwall_Wallpaper_room7.jpg\",\"width\":1200,\"height\":800},{\"@type\":\"BreadcrumbList\",\"@id\":\"https:\/\/baubauwall.com\/et\/toode\/tapeet-lohnav-lilleaed-elevandiluu\/#breadcrumb\",\"itemListElement\":[{\"@type\":\"ListItem\",\"position\":1,\"name\":\"Koju\",\"item\":\"https:\/\/baubauwall.com\/et\/\"},{\"@type\":\"ListItem\",\"position\":2,\"name\":\"Tapeedid\",\"item\":\"https:\/\/baubauwall.com\/et\/tapeedid\/\"},{\"@type\":\"ListItem\",\"position\":3,\"name\":\"L\u00f5hnav lilleaed &#8211; elevandiluu\"}]},{\"@type\":\"WebSite\",\"@id\":\"https:\/\/baubauwall.com\/et\/#website\",\"url\":\"https:\/\/baubauwall.com\/et\/\",\"name\":\"BAUBAUWALL Wallpapers\",\"description\":\"Valmis paanides tapeet Eestist!\",\"publisher\":{\"@id\":\"https:\/\/baubauwall.com\/et\/#organization\"},\"potentialAction\":[{\"@type\":\"SearchAction\",\"target\":{\"@type\":\"EntryPoint\",\"urlTemplate\":\"https:\/\/baubauwall.com\/et\/?s={search_term_string}\"},\"query-input\":{\"@type\":\"PropertyValueSpecification\",\"valueRequired\":true,\"valueName\":\"search_term_string\"}}],\"inLanguage\":\"et\"},{\"@type\":\"Organization\",\"@id\":\"https:\/\/baubauwall.com\/et\/#organization\",\"name\":\"BAUBAUWALL Wallpapers\",\"url\":\"https:\/\/baubauwall.com\/et\/\",\"logo\":{\"@type\":\"ImageObject\",\"inLanguage\":\"et\",\"@id\":\"https:\/\/baubauwall.com\/et\/#\/schema\/logo\/image\/\",\"url\":\"https:\/\/baubauwall.com\/wp-content\/uploads\/2022\/03\/logo-horizontal.svg\",\"contentUrl\":\"https:\/\/baubauwall.com\/wp-content\/uploads\/2022\/03\/logo-horizontal.svg\",\"width\":\"1024\",\"height\":\"1024\",\"caption\":\"BAUBAUWALL Wallpapers\"},\"image\":{\"@id\":\"https:\/\/baubauwall.com\/et\/#\/schema\/logo\/image\/\"},\"sameAs\":[\"https:\/\/www.facebook.com\/Baubauwall\",\"https:\/\/www.instagram.com\/baubauwall\"]}]}<\/script>\n<!-- \/ Yoast SEO plugin. -->","yoast_head_json":{"title":"Tapeet L\u00f5hnav lilleaed valgel taustal. R\u00e4tsepat\u00f6\u00f6na valmivad tapeedid.","description":"Lopsakas ja lilleline tapeedidisain. Rikkalik tapeet, mis toob lilleaia tuppa. R\u00e4tsepat\u00f6\u00f6na valmivad disainid, sinu seina m\u00f5\u00f5tu l\u00f5igatud.","robots":{"index":"index","follow":"follow","max-snippet":"max-snippet:-1","max-image-preview":"max-image-preview:large","max-video-preview":"max-video-preview:-1"},"canonical":"https:\/\/baubauwall.com\/et\/toode\/tapeet-lohnav-lilleaed-elevandiluu\/","og_locale":"et_EE","og_type":"article","og_title":"Tapeet L\u00f5hnav lilleaed valgel taustal. R\u00e4tsepat\u00f6\u00f6na valmivad tapeedid.","og_description":"Lopsakas ja lilleline tapeedidisain. Rikkalik tapeet, mis toob lilleaia tuppa. R\u00e4tsepat\u00f6\u00f6na valmivad disainid, sinu seina m\u00f5\u00f5tu l\u00f5igatud.","og_url":"https:\/\/baubauwall.com\/et\/toode\/tapeet-lohnav-lilleaed-elevandiluu\/","og_site_name":"BAUBAUWALL TAPEEDID","article_publisher":"https:\/\/www.facebook.com\/Baubauwall","article_modified_time":"2022-05-11T14:19:49+00:00","og_image":[{"width":1200,"height":800,"url":"https:\/\/baubauwall.com\/wp-content\/uploads\/2022\/02\/51100149_VintageFlowers-white_Baubauwall_Wallpaper_room7.jpg","type":"image\/jpeg"}],"twitter_card":"summary_large_image","twitter_misc":{"Est. reading time":"1 minut"},"schema":{"@context":"https:\/\/schema.org","@graph":[{"@type":"WebPage","@id":"https:\/\/baubauwall.com\/et\/toode\/tapeet-lohnav-lilleaed-elevandiluu\/","url":"https:\/\/baubauwall.com\/et\/toode\/tapeet-lohnav-lilleaed-elevandiluu\/","name":"Tapeet L\u00f5hnav lilleaed valgel taustal. R\u00e4tsepat\u00f6\u00f6na valmivad tapeedid.","isPartOf":{"@id":"https:\/\/baubauwall.com\/et\/#website"},"primaryImageOfPage":{"@id":"https:\/\/baubauwall.com\/et\/toode\/tapeet-lohnav-lilleaed-elevandiluu\/#primaryimage"},"image":{"@id":"https:\/\/baubauwall.com\/et\/toode\/tapeet-lohnav-lilleaed-elevandiluu\/#primaryimage"},"thumbnailUrl":"https:\/\/baubauwall.com\/wp-content\/uploads\/2022\/02\/51100149_VintageFlowers-white_Baubauwall_Wallpaper_room7.jpg","datePublished":"2022-02-22T06:20:48+00:00","dateModified":"2022-05-11T14:19:49+00:00","description":"Lopsakas ja lilleline tapeedidisain. Rikkalik tapeet, mis toob lilleaia tuppa. R\u00e4tsepat\u00f6\u00f6na valmivad disainid, sinu seina m\u00f5\u00f5tu l\u00f5igatud.","breadcrumb":{"@id":"https:\/\/baubauwall.com\/et\/toode\/tapeet-lohnav-lilleaed-elevandiluu\/#breadcrumb"},"inLanguage":"et","potentialAction":[{"@type":"ReadAction","target":["https:\/\/baubauwall.com\/et\/toode\/tapeet-lohnav-lilleaed-elevandiluu\/"]}]},{"@type":"ImageObject","inLanguage":"et","@id":"https:\/\/baubauwall.com\/et\/toode\/tapeet-lohnav-lilleaed-elevandiluu\/#primaryimage","url":"https:\/\/baubauwall.com\/wp-content\/uploads\/2022\/02\/51100149_VintageFlowers-white_Baubauwall_Wallpaper_room7.jpg","contentUrl":"https:\/\/baubauwall.com\/wp-content\/uploads\/2022\/02\/51100149_VintageFlowers-white_Baubauwall_Wallpaper_room7.jpg","width":1200,"height":800},{"@type":"BreadcrumbList","@id":"https:\/\/baubauwall.com\/et\/toode\/tapeet-lohnav-lilleaed-elevandiluu\/#breadcrumb","itemListElement":[{"@type":"ListItem","position":1,"name":"Koju","item":"https:\/\/baubauwall.com\/et\/"},{"@type":"ListItem","position":2,"name":"Tapeedid","item":"https:\/\/baubauwall.com\/et\/tapeedid\/"},{"@type":"ListItem","position":3,"name":"L\u00f5hnav lilleaed &#8211; elevandiluu"}]},{"@type":"WebSite","@id":"https:\/\/baubauwall.com\/et\/#website","url":"https:\/\/baubauwall.com\/et\/","name":"BAUBAUWALL Wallpapers","description":"Valmis paanides tapeet Eestist!","publisher":{"@id":"https:\/\/baubauwall.com\/et\/#organization"},"potentialAction":[{"@type":"SearchAction","target":{"@type":"EntryPoint","urlTemplate":"https:\/\/baubauwall.com\/et\/?s={search_term_string}"},"query-input":{"@type":"PropertyValueSpecification","valueRequired":true,"valueName":"search_term_string"}}],"inLanguage":"et"},{"@type":"Organization","@id":"https:\/\/baubauwall.com\/et\/#organization","name":"BAUBAUWALL Wallpapers","url":"https:\/\/baubauwall.com\/et\/","logo":{"@type":"ImageObject","inLanguage":"et","@id":"https:\/\/baubauwall.com\/et\/#\/schema\/logo\/image\/","url":"https:\/\/baubauwall.com\/wp-content\/uploads\/2022\/03\/logo-horizontal.svg","contentUrl":"https:\/\/baubauwall.com\/wp-content\/uploads\/2022\/03\/logo-horizontal.svg","width":"1024","height":"1024","caption":"BAUBAUWALL Wallpapers"},"image":{"@id":"https:\/\/baubauwall.com\/et\/#\/schema\/logo\/image\/"},"sameAs":["https:\/\/www.facebook.com\/Baubauwall","https:\/\/www.instagram.com\/baubauwall"]}]}},"jetpack_sharing_enabled":true,"_links":{"self":[{"href":"https:\/\/baubauwall.com\/et\/wp-json\/wp\/v2\/product\/5977","targetHints":{"allow":["GET"]}}],"collection":[{"href":"https:\/\/baubauwall.com\/et\/wp-json\/wp\/v2\/product"}],"about":[{"href":"https:\/\/baubauwall.com\/et\/wp-json\/wp\/v2\/types\/product"}],"replies":[{"embeddable":true,"href":"https:\/\/baubauwall.com\/et\/wp-json\/wp\/v2\/comments?post=5977"}],"wp:featuredmedia":[{"embeddable":true,"href":"https:\/\/baubauwall.com\/et\/wp-json\/wp\/v2\/media\/5964"}],"wp:attachment":[{"href":"https:\/\/baubauwall.com\/et\/wp-json\/wp\/v2\/media?parent=5977"}],"wp:term":[{"taxonomy":"product_brand","embeddable":true,"href":"https:\/\/baubauwall.com\/et\/wp-json\/wp\/v2\/product_brand?post=5977"},{"taxonomy":"product_cat","embeddable":true,"href":"https:\/\/baubauwall.com\/et\/wp-json\/wp\/v2\/product_cat?post=5977"},{"taxonomy":"product_tag","embeddable":true,"href":"https:\/\/baubauwall.com\/et\/wp-json\/wp\/v2\/product_tag?post=5977"}],"curies":[{"name":"wp","href":"https:\/\/api.w.org\/{rel}","templated":true}]}}