{"id":6004,"date":"2022-03-24T08:53:20","date_gmt":"2022-03-24T06:53:20","guid":{"rendered":"https:\/\/baubauwall.com\/product\/toile-de-jouy-sealife-wallpaper-beige\/"},"modified":"2024-09-25T10:11:23","modified_gmt":"2024-09-25T08:11:23","slug":"toile-de-jouy-sealife-wallpaper-beige","status":"publish","type":"product","link":"https:\/\/baubauwall.com\/et\/toode\/toile-de-jouy-sealife-wallpaper-beige\/","title":{"rendered":"Toile de Jouy mere-elu &#8211; bee\u017e. K\u00e4sitsi illustreeritud tapeedidisain."},"content":{"rendered":"<p><em>Vintage<\/em>&#8217;i-h\u00f5nguline ajatu tapeedidisain\u00a0<em>toile de Jouy\u00a0<\/em>stiilis. K\u00e4sitsi joonistatud veealune maailm on avastamist v\u00e4\u00e4rt ning ideaalne tapeet Sinu klassikalisse interj\u00f6\u00f6ri. <em>Toile de Jouy<\/em>\u00a0tapeedi nimi on tuletatud kangast (<em>toile<\/em> \u2013 pr k), millega kaeti ajalooliste losside seinu Prantsusmaal. Kangas p\u00e4rineb 18. sajandi Jouy\u2019 piirkonnast Prantsusmaal ja see oli tavaliselt dekoreeritud kahev\u00e4rviliste illustratsioonidega. Kuigi trendid tulevad ja l\u00e4hevad, on <em>toile<\/em>&#8217;i stiil j\u00e4\u00e4nud l\u00e4bi ajaloo p\u00fcsima.<\/p>\n<p>See imekaunis tapeet on saadaval ka sinise, vase ja mustvalge tooniga.<\/p>\n<p><strong>Miks osta tapeet siit? Tapeetimine pole kunagi nii lihtne olnud!<\/strong><\/p>\n<ul>\n<li>Nummerdatud tapeedipaanid<\/li>\n<li>Just nii pikad tapeedipaanid, kui on Sinu sein<\/li>\n<li>Premium, matt fliistapeedi materjal<\/li>\n<li>M\u00fcrgivabad tr\u00fckiv\u00e4rvid, Greenguard sertifitseeritud<\/li>\n<li><a href=\"https:\/\/baubauwall.com\/et\/keskkonnasobralikud-tapeedid\/\" target=\"_blank\" rel=\"noopener\">Keskkonnas\u00f5bralik<\/a>, j\u00e4\u00e4tmevaba tapeetimine<\/li>\n<li>Tasuta tapeediliim<\/li>\n<li>Tasuta transport ja kiire tarne 5 t\u00f6\u00f6p\u00e4evaga<\/li>\n<\/ul>\n<p>Loe l\u00e4hemalt nutikatest, eritellimust\u00f6\u00f6na valmivatest tapeetidest\u00a0<a href=\"https:\/\/baubauwall.com\/et\/keskkonnasobralikud-tapeedid\/\">siit.<\/a><\/p>\n","protected":false},"excerpt":{"rendered":"<p>Vintage&#8217;i-h\u00f5nguline ajatu tapeedidisain\u00a0toile de Jouy\u00a0stiilis. K\u00e4sitsi joonistatud veealune maailm on avastamist v\u00e4\u00e4rt ning ideaalne tapeet Sinu klassikalisse interj\u00f6\u00f6ri. Toile de Jouy\u00a0tapeedi nimi on tuletatud kangast (toile \u2013 pr k), millega kaeti ajalooliste losside seinu Prantsusmaal. Kangas p\u00e4rineb 18. sajandi Jouy\u2019 piirkonnast Prantsusmaal ja see oli tavaliselt dekoreeritud kahev\u00e4rviliste illustratsioonidega. Kuigi trendid tulevad ja l\u00e4hevad, on [&hellip;]<\/p>\n","protected":false},"featured_media":5993,"comment_status":"open","ping_status":"closed","template":"","meta":{"_acf_changed":false,"inline_featured_image":false},"product_brand":[],"product_cat":[386,395,398,265,273,276,413,400,414,399,402,412,252,259],"product_tag":[320],"class_list":{"0":"post-6004","1":"product","2":"type-product","3":"status-publish","4":"has-post-thumbnail","6":"product_cat-kordusmustriga-tapeedid","7":"product_cat-romantiline","8":"product_cat-toile-de-jouy-et","9":"product_cat-beezid-tapeedid","10":"product_cat-heledad-tapeedid","11":"product_cat-pastelsed-tapeedid","12":"product_cat-magamistoa-tapeedid","13":"product_cat-lastetoa-tapeedid","14":"product_cat-soogitoa-tapeedid","15":"product_cat-kodukontori-tapeedid","16":"product_cat-elutoa-tapeedid","17":"product_cat-vannitoa-tapeedid","18":"product_cat-ookean-meri","19":"product_cat-kalad-veealune-maailm","20":"product_tag-kasitoo","21":"pa_designedby-baubauwall","23":"first","24":"instock","25":"taxable","26":"shipping-taxable","27":"purchasable","28":"product-type-simple"},"acf":[],"yoast_head":"<!-- This site is optimized with the Yoast SEO plugin v25.9 - https:\/\/yoast.com\/wordpress\/plugins\/seo\/ -->\n<title>Bee\u017e tapeet Veealune avastusretk. Toile de jouy tapeet<\/title>\n<meta name=\"description\" content=\"Pliiatsijoonistus tapeet Veealune maailm toile stiilis. Bee\u017e, toile de jouy stiilis k\u00e4sit\u00f6\u00f6. Ajatu tapeedidisain. R\u00e4tsepat\u00f6\u00f6na tehtud tapeet.\" \/>\n<meta name=\"robots\" content=\"index, follow, max-snippet:-1, max-image-preview:large, max-video-preview:-1\" \/>\n<link rel=\"canonical\" href=\"https:\/\/baubauwall.com\/et\/toode\/toile-de-jouy-sealife-wallpaper-beige\/\" \/>\n<meta property=\"og:locale\" content=\"et_EE\" \/>\n<meta property=\"og:type\" content=\"article\" \/>\n<meta property=\"og:title\" content=\"Bee\u017e tapeet Veealune avastusretk. Toile de jouy tapeet\" \/>\n<meta property=\"og:description\" content=\"Pliiatsijoonistus tapeet Veealune maailm toile stiilis. Bee\u017e, toile de jouy stiilis k\u00e4sit\u00f6\u00f6. Ajatu tapeedidisain. R\u00e4tsepat\u00f6\u00f6na tehtud tapeet.\" \/>\n<meta property=\"og:url\" content=\"https:\/\/baubauwall.com\/et\/toode\/toile-de-jouy-sealife-wallpaper-beige\/\" \/>\n<meta property=\"og:site_name\" content=\"BAUBAUWALL TAPEEDID\" \/>\n<meta property=\"article:publisher\" content=\"https:\/\/www.facebook.com\/Baubauwall\" \/>\n<meta property=\"article:modified_time\" content=\"2024-09-25T08:11:23+00:00\" \/>\n<meta property=\"og:image\" content=\"https:\/\/baubauwall.com\/wp-content\/uploads\/2022\/03\/51100154_ToileDeJouySealife-beige_Baubauwall_Wallpaper_room9.jpg\" \/>\n\t<meta property=\"og:image:width\" content=\"1200\" \/>\n\t<meta property=\"og:image:height\" content=\"800\" \/>\n\t<meta property=\"og:image:type\" content=\"image\/jpeg\" \/>\n<meta name=\"twitter:card\" content=\"summary_large_image\" \/>\n<meta name=\"twitter:label1\" content=\"Est. reading time\" \/>\n\t<meta name=\"twitter:data1\" content=\"1 minut\" \/>\n<script type=\"application\/ld+json\" class=\"yoast-schema-graph\">{\"@context\":\"https:\/\/schema.org\",\"@graph\":[{\"@type\":\"WebPage\",\"@id\":\"https:\/\/baubauwall.com\/et\/toode\/toile-de-jouy-sealife-wallpaper-beige\/\",\"url\":\"https:\/\/baubauwall.com\/et\/toode\/toile-de-jouy-sealife-wallpaper-beige\/\",\"name\":\"Bee\u017e tapeet Veealune avastusretk. Toile de jouy tapeet\",\"isPartOf\":{\"@id\":\"https:\/\/baubauwall.com\/et\/#website\"},\"primaryImageOfPage\":{\"@id\":\"https:\/\/baubauwall.com\/et\/toode\/toile-de-jouy-sealife-wallpaper-beige\/#primaryimage\"},\"image\":{\"@id\":\"https:\/\/baubauwall.com\/et\/toode\/toile-de-jouy-sealife-wallpaper-beige\/#primaryimage\"},\"thumbnailUrl\":\"https:\/\/baubauwall.com\/wp-content\/uploads\/2022\/03\/51100154_ToileDeJouySealife-beige_Baubauwall_Wallpaper_room9.jpg\",\"datePublished\":\"2022-03-24T06:53:20+00:00\",\"dateModified\":\"2024-09-25T08:11:23+00:00\",\"description\":\"Pliiatsijoonistus tapeet Veealune maailm toile stiilis. Bee\u017e, toile de jouy stiilis k\u00e4sit\u00f6\u00f6. Ajatu tapeedidisain. R\u00e4tsepat\u00f6\u00f6na tehtud tapeet.\",\"breadcrumb\":{\"@id\":\"https:\/\/baubauwall.com\/et\/toode\/toile-de-jouy-sealife-wallpaper-beige\/#breadcrumb\"},\"inLanguage\":\"et\",\"potentialAction\":[{\"@type\":\"ReadAction\",\"target\":[\"https:\/\/baubauwall.com\/et\/toode\/toile-de-jouy-sealife-wallpaper-beige\/\"]}]},{\"@type\":\"ImageObject\",\"inLanguage\":\"et\",\"@id\":\"https:\/\/baubauwall.com\/et\/toode\/toile-de-jouy-sealife-wallpaper-beige\/#primaryimage\",\"url\":\"https:\/\/baubauwall.com\/wp-content\/uploads\/2022\/03\/51100154_ToileDeJouySealife-beige_Baubauwall_Wallpaper_room9.jpg\",\"contentUrl\":\"https:\/\/baubauwall.com\/wp-content\/uploads\/2022\/03\/51100154_ToileDeJouySealife-beige_Baubauwall_Wallpaper_room9.jpg\",\"width\":1200,\"height\":800},{\"@type\":\"BreadcrumbList\",\"@id\":\"https:\/\/baubauwall.com\/et\/toode\/toile-de-jouy-sealife-wallpaper-beige\/#breadcrumb\",\"itemListElement\":[{\"@type\":\"ListItem\",\"position\":1,\"name\":\"Koju\",\"item\":\"https:\/\/baubauwall.com\/et\/\"},{\"@type\":\"ListItem\",\"position\":2,\"name\":\"Tapeedid\",\"item\":\"https:\/\/baubauwall.com\/et\/tapeedid\/\"},{\"@type\":\"ListItem\",\"position\":3,\"name\":\"Toile de Jouy mere-elu &#8211; bee\u017e. K\u00e4sitsi illustreeritud tapeedidisain.\"}]},{\"@type\":\"WebSite\",\"@id\":\"https:\/\/baubauwall.com\/et\/#website\",\"url\":\"https:\/\/baubauwall.com\/et\/\",\"name\":\"BAUBAUWALL Wallpapers\",\"description\":\"Valmis paanides tapeet Eestist!\",\"publisher\":{\"@id\":\"https:\/\/baubauwall.com\/et\/#organization\"},\"potentialAction\":[{\"@type\":\"SearchAction\",\"target\":{\"@type\":\"EntryPoint\",\"urlTemplate\":\"https:\/\/baubauwall.com\/et\/?s={search_term_string}\"},\"query-input\":{\"@type\":\"PropertyValueSpecification\",\"valueRequired\":true,\"valueName\":\"search_term_string\"}}],\"inLanguage\":\"et\"},{\"@type\":\"Organization\",\"@id\":\"https:\/\/baubauwall.com\/et\/#organization\",\"name\":\"BAUBAUWALL Wallpapers\",\"url\":\"https:\/\/baubauwall.com\/et\/\",\"logo\":{\"@type\":\"ImageObject\",\"inLanguage\":\"et\",\"@id\":\"https:\/\/baubauwall.com\/et\/#\/schema\/logo\/image\/\",\"url\":\"https:\/\/baubauwall.com\/wp-content\/uploads\/2022\/03\/logo-horizontal.svg\",\"contentUrl\":\"https:\/\/baubauwall.com\/wp-content\/uploads\/2022\/03\/logo-horizontal.svg\",\"width\":\"1024\",\"height\":\"1024\",\"caption\":\"BAUBAUWALL Wallpapers\"},\"image\":{\"@id\":\"https:\/\/baubauwall.com\/et\/#\/schema\/logo\/image\/\"},\"sameAs\":[\"https:\/\/www.facebook.com\/Baubauwall\",\"https:\/\/www.instagram.com\/baubauwall\"]}]}<\/script>\n<!-- \/ Yoast SEO plugin. -->","yoast_head_json":{"title":"Bee\u017e tapeet Veealune avastusretk. Toile de jouy tapeet","description":"Pliiatsijoonistus tapeet Veealune maailm toile stiilis. Bee\u017e, toile de jouy stiilis k\u00e4sit\u00f6\u00f6. Ajatu tapeedidisain. R\u00e4tsepat\u00f6\u00f6na tehtud tapeet.","robots":{"index":"index","follow":"follow","max-snippet":"max-snippet:-1","max-image-preview":"max-image-preview:large","max-video-preview":"max-video-preview:-1"},"canonical":"https:\/\/baubauwall.com\/et\/toode\/toile-de-jouy-sealife-wallpaper-beige\/","og_locale":"et_EE","og_type":"article","og_title":"Bee\u017e tapeet Veealune avastusretk. Toile de jouy tapeet","og_description":"Pliiatsijoonistus tapeet Veealune maailm toile stiilis. Bee\u017e, toile de jouy stiilis k\u00e4sit\u00f6\u00f6. Ajatu tapeedidisain. R\u00e4tsepat\u00f6\u00f6na tehtud tapeet.","og_url":"https:\/\/baubauwall.com\/et\/toode\/toile-de-jouy-sealife-wallpaper-beige\/","og_site_name":"BAUBAUWALL TAPEEDID","article_publisher":"https:\/\/www.facebook.com\/Baubauwall","article_modified_time":"2024-09-25T08:11:23+00:00","og_image":[{"width":1200,"height":800,"url":"https:\/\/baubauwall.com\/wp-content\/uploads\/2022\/03\/51100154_ToileDeJouySealife-beige_Baubauwall_Wallpaper_room9.jpg","type":"image\/jpeg"}],"twitter_card":"summary_large_image","twitter_misc":{"Est. reading time":"1 minut"},"schema":{"@context":"https:\/\/schema.org","@graph":[{"@type":"WebPage","@id":"https:\/\/baubauwall.com\/et\/toode\/toile-de-jouy-sealife-wallpaper-beige\/","url":"https:\/\/baubauwall.com\/et\/toode\/toile-de-jouy-sealife-wallpaper-beige\/","name":"Bee\u017e tapeet Veealune avastusretk. Toile de jouy tapeet","isPartOf":{"@id":"https:\/\/baubauwall.com\/et\/#website"},"primaryImageOfPage":{"@id":"https:\/\/baubauwall.com\/et\/toode\/toile-de-jouy-sealife-wallpaper-beige\/#primaryimage"},"image":{"@id":"https:\/\/baubauwall.com\/et\/toode\/toile-de-jouy-sealife-wallpaper-beige\/#primaryimage"},"thumbnailUrl":"https:\/\/baubauwall.com\/wp-content\/uploads\/2022\/03\/51100154_ToileDeJouySealife-beige_Baubauwall_Wallpaper_room9.jpg","datePublished":"2022-03-24T06:53:20+00:00","dateModified":"2024-09-25T08:11:23+00:00","description":"Pliiatsijoonistus tapeet Veealune maailm toile stiilis. Bee\u017e, toile de jouy stiilis k\u00e4sit\u00f6\u00f6. Ajatu tapeedidisain. R\u00e4tsepat\u00f6\u00f6na tehtud tapeet.","breadcrumb":{"@id":"https:\/\/baubauwall.com\/et\/toode\/toile-de-jouy-sealife-wallpaper-beige\/#breadcrumb"},"inLanguage":"et","potentialAction":[{"@type":"ReadAction","target":["https:\/\/baubauwall.com\/et\/toode\/toile-de-jouy-sealife-wallpaper-beige\/"]}]},{"@type":"ImageObject","inLanguage":"et","@id":"https:\/\/baubauwall.com\/et\/toode\/toile-de-jouy-sealife-wallpaper-beige\/#primaryimage","url":"https:\/\/baubauwall.com\/wp-content\/uploads\/2022\/03\/51100154_ToileDeJouySealife-beige_Baubauwall_Wallpaper_room9.jpg","contentUrl":"https:\/\/baubauwall.com\/wp-content\/uploads\/2022\/03\/51100154_ToileDeJouySealife-beige_Baubauwall_Wallpaper_room9.jpg","width":1200,"height":800},{"@type":"BreadcrumbList","@id":"https:\/\/baubauwall.com\/et\/toode\/toile-de-jouy-sealife-wallpaper-beige\/#breadcrumb","itemListElement":[{"@type":"ListItem","position":1,"name":"Koju","item":"https:\/\/baubauwall.com\/et\/"},{"@type":"ListItem","position":2,"name":"Tapeedid","item":"https:\/\/baubauwall.com\/et\/tapeedid\/"},{"@type":"ListItem","position":3,"name":"Toile de Jouy mere-elu &#8211; bee\u017e. K\u00e4sitsi illustreeritud tapeedidisain."}]},{"@type":"WebSite","@id":"https:\/\/baubauwall.com\/et\/#website","url":"https:\/\/baubauwall.com\/et\/","name":"BAUBAUWALL Wallpapers","description":"Valmis paanides tapeet Eestist!","publisher":{"@id":"https:\/\/baubauwall.com\/et\/#organization"},"potentialAction":[{"@type":"SearchAction","target":{"@type":"EntryPoint","urlTemplate":"https:\/\/baubauwall.com\/et\/?s={search_term_string}"},"query-input":{"@type":"PropertyValueSpecification","valueRequired":true,"valueName":"search_term_string"}}],"inLanguage":"et"},{"@type":"Organization","@id":"https:\/\/baubauwall.com\/et\/#organization","name":"BAUBAUWALL Wallpapers","url":"https:\/\/baubauwall.com\/et\/","logo":{"@type":"ImageObject","inLanguage":"et","@id":"https:\/\/baubauwall.com\/et\/#\/schema\/logo\/image\/","url":"https:\/\/baubauwall.com\/wp-content\/uploads\/2022\/03\/logo-horizontal.svg","contentUrl":"https:\/\/baubauwall.com\/wp-content\/uploads\/2022\/03\/logo-horizontal.svg","width":"1024","height":"1024","caption":"BAUBAUWALL Wallpapers"},"image":{"@id":"https:\/\/baubauwall.com\/et\/#\/schema\/logo\/image\/"},"sameAs":["https:\/\/www.facebook.com\/Baubauwall","https:\/\/www.instagram.com\/baubauwall"]}]}},"jetpack_sharing_enabled":true,"_links":{"self":[{"href":"https:\/\/baubauwall.com\/et\/wp-json\/wp\/v2\/product\/6004","targetHints":{"allow":["GET"]}}],"collection":[{"href":"https:\/\/baubauwall.com\/et\/wp-json\/wp\/v2\/product"}],"about":[{"href":"https:\/\/baubauwall.com\/et\/wp-json\/wp\/v2\/types\/product"}],"replies":[{"embeddable":true,"href":"https:\/\/baubauwall.com\/et\/wp-json\/wp\/v2\/comments?post=6004"}],"wp:featuredmedia":[{"embeddable":true,"href":"https:\/\/baubauwall.com\/et\/wp-json\/wp\/v2\/media\/5993"}],"wp:attachment":[{"href":"https:\/\/baubauwall.com\/et\/wp-json\/wp\/v2\/media?parent=6004"}],"wp:term":[{"taxonomy":"product_brand","embeddable":true,"href":"https:\/\/baubauwall.com\/et\/wp-json\/wp\/v2\/product_brand?post=6004"},{"taxonomy":"product_cat","embeddable":true,"href":"https:\/\/baubauwall.com\/et\/wp-json\/wp\/v2\/product_cat?post=6004"},{"taxonomy":"product_tag","embeddable":true,"href":"https:\/\/baubauwall.com\/et\/wp-json\/wp\/v2\/product_tag?post=6004"}],"curies":[{"name":"wp","href":"https:\/\/api.w.org\/{rel}","templated":true}]}}