{"id":6020,"date":"2022-03-24T10:54:00","date_gmt":"2022-03-24T08:54:00","guid":{"rendered":"https:\/\/baubauwall.com\/product\/toile-de-jouy-sealife-wallpaper-blue\/"},"modified":"2023-11-27T10:43:08","modified_gmt":"2023-11-27T08:43:08","slug":"toile-de-jouy-sealife-wallpaper-blue","status":"publish","type":"product","link":"https:\/\/baubauwall.com\/et\/toode\/toile-de-jouy-sealife-wallpaper-blue\/","title":{"rendered":"Toile de Jouy mere-elu &#8211; sinine. K\u00e4sitsi illustreeritud tapeedidisain."},"content":{"rendered":"<p><em>Vintage<\/em>\u2019i-h\u00f5nguline ajatu tapeedidisain\u00a0<em>toile de Jouy\u00a0<\/em>stiilis. K\u00e4sitsi joonistatud veealune maailm on avastamist v\u00e4\u00e4rt ning ideaalne tapeet Sinu klassikalisse interj\u00f6\u00f6ri.\u00a0<em>Toile de Jouy<\/em>\u00a0tapeedi nimi on tuletatud kangast (<em>toile<\/em>\u00a0\u2013 pr k), millega kaeti ajalooliste losside seinu Prantsusmaal. Kangas p\u00e4rineb 18. sajandi Jouy\u2019 piirkonnast Prantsusmaal ja see oli tavaliselt dekoreeritud kahev\u00e4rviliste illustratsioonidega. Kuigi trendid tulevad ja l\u00e4hevad, on\u00a0<em>toile<\/em>\u2019i stiil j\u00e4\u00e4nud l\u00e4bi ajaloo p\u00fcsima.<\/p>\n<p>See imekaunis tapeet on saadaval ka bee\u017ei, vase ja mustvalge tooniga. Loe veel trendikatest tumedates toonides tapeetidest meie <a href=\"https:\/\/baubauwall.com\/et\/uudised\/autumn-wallpaper-trends\/\" target=\"_blank\" rel=\"noopener\"> ajakirjast.<\/a><\/p>\n","protected":false},"excerpt":{"rendered":"<p>Vintage\u2019i-h\u00f5nguline ajatu tapeedidisain\u00a0toile de Jouy\u00a0stiilis. K\u00e4sitsi joonistatud veealune maailm on avastamist v\u00e4\u00e4rt ning ideaalne tapeet Sinu klassikalisse interj\u00f6\u00f6ri.\u00a0Toile de Jouy\u00a0tapeedi nimi on tuletatud kangast (toile\u00a0\u2013 pr k), millega kaeti ajalooliste losside seinu Prantsusmaal. Kangas p\u00e4rineb 18. sajandi Jouy\u2019 piirkonnast Prantsusmaal ja see oli tavaliselt dekoreeritud kahev\u00e4rviliste illustratsioonidega. Kuigi trendid tulevad ja l\u00e4hevad, on\u00a0toile\u2019i stiil j\u00e4\u00e4nud [&hellip;]<\/p>\n","protected":false},"featured_media":6009,"comment_status":"open","ping_status":"closed","template":"","meta":{"_acf_changed":false,"inline_featured_image":false},"product_brand":[],"product_cat":[386,406,447,398,267,270,272,413,414,415,399,402,412,252,254,259],"product_tag":[320],"class_list":{"0":"post-6020","1":"product","2":"type-product","3":"status-publish","4":"has-post-thumbnail","6":"product_cat-kordusmustriga-tapeedid","7":"product_cat-klassika","8":"product_cat-maksimalistlik-et","9":"product_cat-toile-de-jouy-et","10":"product_cat-sinised-tapeedid","11":"product_cat-tumedad-tapeedid","12":"product_cat-hallid-tapeedid","13":"product_cat-magamistoa-tapeedid","14":"product_cat-soogitoa-tapeedid","15":"product_cat-kulalistetoa-tapeedid","16":"product_cat-kodukontori-tapeedid","17":"product_cat-elutoa-tapeedid","18":"product_cat-vannitoa-tapeedid","19":"product_cat-ookean-meri","20":"product_cat-loodus","21":"product_cat-kalad-veealune-maailm","22":"product_tag-kasitoo","23":"pa_designedby-baubauwall","25":"first","26":"instock","27":"taxable","28":"shipping-taxable","29":"purchasable","30":"product-type-simple"},"acf":[],"yoast_head":"<!-- This site is optimized with the Yoast SEO plugin v25.9 - https:\/\/yoast.com\/wordpress\/plugins\/seo\/ -->\n<title>Tapeet Veealune avastusretk. Pliiatsijoonis toile de jouy muster<\/title>\n<meta name=\"description\" content=\"Toile de Jouy veealune maailm tapeet. Tumesinisel vintage stiilis k\u00e4sit\u00f6\u00f6 illustratsioonis ajatu tapeedidisain. R\u00e4tsepat\u00f6\u00f6na tehtud tapeet.\" \/>\n<meta name=\"robots\" content=\"index, follow, max-snippet:-1, max-image-preview:large, max-video-preview:-1\" \/>\n<link rel=\"canonical\" href=\"https:\/\/baubauwall.com\/et\/toode\/toile-de-jouy-sealife-wallpaper-blue\/\" \/>\n<meta property=\"og:locale\" content=\"et_EE\" \/>\n<meta property=\"og:type\" content=\"article\" \/>\n<meta property=\"og:title\" content=\"Tapeet Veealune avastusretk. Pliiatsijoonis toile de jouy muster\" \/>\n<meta property=\"og:description\" content=\"Toile de Jouy veealune maailm tapeet. Tumesinisel vintage stiilis k\u00e4sit\u00f6\u00f6 illustratsioonis ajatu tapeedidisain. R\u00e4tsepat\u00f6\u00f6na tehtud tapeet.\" \/>\n<meta property=\"og:url\" content=\"https:\/\/baubauwall.com\/et\/toode\/toile-de-jouy-sealife-wallpaper-blue\/\" \/>\n<meta property=\"og:site_name\" content=\"BAUBAUWALL Wallpapers\" \/>\n<meta property=\"article:publisher\" content=\"https:\/\/www.facebook.com\/Baubauwall\" \/>\n<meta property=\"article:modified_time\" content=\"2023-11-27T08:43:08+00:00\" \/>\n<meta property=\"og:image\" content=\"https:\/\/baubauwall.com\/wp-content\/uploads\/2022\/03\/51100155_ToileDeJouySealife-negativeblue_Baubauwall_Wallpaper_room1.jpg\" \/>\n\t<meta property=\"og:image:width\" content=\"1131\" \/>\n\t<meta property=\"og:image:height\" content=\"800\" \/>\n\t<meta property=\"og:image:type\" content=\"image\/jpeg\" \/>\n<meta name=\"twitter:card\" content=\"summary_large_image\" \/>\n<meta name=\"twitter:label1\" content=\"Est. reading time\" \/>\n\t<meta name=\"twitter:data1\" content=\"1 minut\" \/>\n<script type=\"application\/ld+json\" class=\"yoast-schema-graph\">{\"@context\":\"https:\/\/schema.org\",\"@graph\":[{\"@type\":\"WebPage\",\"@id\":\"https:\/\/baubauwall.com\/et\/toode\/toile-de-jouy-sealife-wallpaper-blue\/\",\"url\":\"https:\/\/baubauwall.com\/et\/toode\/toile-de-jouy-sealife-wallpaper-blue\/\",\"name\":\"Tapeet Veealune avastusretk. Pliiatsijoonis toile de jouy muster\",\"isPartOf\":{\"@id\":\"https:\/\/baubauwall.com\/et\/#website\"},\"primaryImageOfPage\":{\"@id\":\"https:\/\/baubauwall.com\/et\/toode\/toile-de-jouy-sealife-wallpaper-blue\/#primaryimage\"},\"image\":{\"@id\":\"https:\/\/baubauwall.com\/et\/toode\/toile-de-jouy-sealife-wallpaper-blue\/#primaryimage\"},\"thumbnailUrl\":\"https:\/\/baubauwall.com\/wp-content\/uploads\/2022\/03\/51100155_ToileDeJouySealife-negativeblue_Baubauwall_Wallpaper_room1.jpg\",\"datePublished\":\"2022-03-24T08:54:00+00:00\",\"dateModified\":\"2023-11-27T08:43:08+00:00\",\"description\":\"Toile de Jouy veealune maailm tapeet. Tumesinisel vintage stiilis k\u00e4sit\u00f6\u00f6 illustratsioonis ajatu tapeedidisain. R\u00e4tsepat\u00f6\u00f6na tehtud tapeet.\",\"breadcrumb\":{\"@id\":\"https:\/\/baubauwall.com\/et\/toode\/toile-de-jouy-sealife-wallpaper-blue\/#breadcrumb\"},\"inLanguage\":\"et\",\"potentialAction\":[{\"@type\":\"ReadAction\",\"target\":[\"https:\/\/baubauwall.com\/et\/toode\/toile-de-jouy-sealife-wallpaper-blue\/\"]}]},{\"@type\":\"ImageObject\",\"inLanguage\":\"et\",\"@id\":\"https:\/\/baubauwall.com\/et\/toode\/toile-de-jouy-sealife-wallpaper-blue\/#primaryimage\",\"url\":\"https:\/\/baubauwall.com\/wp-content\/uploads\/2022\/03\/51100155_ToileDeJouySealife-negativeblue_Baubauwall_Wallpaper_room1.jpg\",\"contentUrl\":\"https:\/\/baubauwall.com\/wp-content\/uploads\/2022\/03\/51100155_ToileDeJouySealife-negativeblue_Baubauwall_Wallpaper_room1.jpg\",\"width\":1131,\"height\":800},{\"@type\":\"BreadcrumbList\",\"@id\":\"https:\/\/baubauwall.com\/et\/toode\/toile-de-jouy-sealife-wallpaper-blue\/#breadcrumb\",\"itemListElement\":[{\"@type\":\"ListItem\",\"position\":1,\"name\":\"Koju\",\"item\":\"https:\/\/baubauwall.com\/et\/\"},{\"@type\":\"ListItem\",\"position\":2,\"name\":\"Tapeedid\",\"item\":\"https:\/\/baubauwall.com\/et\/tapeedid\/\"},{\"@type\":\"ListItem\",\"position\":3,\"name\":\"Toile de Jouy mere-elu &#8211; sinine. K\u00e4sitsi illustreeritud tapeedidisain.\"}]},{\"@type\":\"WebSite\",\"@id\":\"https:\/\/baubauwall.com\/et\/#website\",\"url\":\"https:\/\/baubauwall.com\/et\/\",\"name\":\"BAUBAUWALL Wallpapers\",\"description\":\"Valmis paanides tapeet Eestist!\",\"publisher\":{\"@id\":\"https:\/\/baubauwall.com\/et\/#organization\"},\"potentialAction\":[{\"@type\":\"SearchAction\",\"target\":{\"@type\":\"EntryPoint\",\"urlTemplate\":\"https:\/\/baubauwall.com\/et\/?s={search_term_string}\"},\"query-input\":{\"@type\":\"PropertyValueSpecification\",\"valueRequired\":true,\"valueName\":\"search_term_string\"}}],\"inLanguage\":\"et\"},{\"@type\":\"Organization\",\"@id\":\"https:\/\/baubauwall.com\/et\/#organization\",\"name\":\"BAUBAUWALL Wallpapers\",\"url\":\"https:\/\/baubauwall.com\/et\/\",\"logo\":{\"@type\":\"ImageObject\",\"inLanguage\":\"et\",\"@id\":\"https:\/\/baubauwall.com\/et\/#\/schema\/logo\/image\/\",\"url\":\"https:\/\/baubauwall.com\/wp-content\/uploads\/2022\/03\/logo-horizontal.svg\",\"contentUrl\":\"https:\/\/baubauwall.com\/wp-content\/uploads\/2022\/03\/logo-horizontal.svg\",\"width\":\"1024\",\"height\":\"1024\",\"caption\":\"BAUBAUWALL Wallpapers\"},\"image\":{\"@id\":\"https:\/\/baubauwall.com\/et\/#\/schema\/logo\/image\/\"},\"sameAs\":[\"https:\/\/www.facebook.com\/Baubauwall\",\"https:\/\/www.instagram.com\/baubauwall\"]}]}<\/script>\n<!-- \/ Yoast SEO plugin. -->","yoast_head_json":{"title":"Tapeet Veealune avastusretk. Pliiatsijoonis toile de jouy muster","description":"Toile de Jouy veealune maailm tapeet. Tumesinisel vintage stiilis k\u00e4sit\u00f6\u00f6 illustratsioonis ajatu tapeedidisain. R\u00e4tsepat\u00f6\u00f6na tehtud tapeet.","robots":{"index":"index","follow":"follow","max-snippet":"max-snippet:-1","max-image-preview":"max-image-preview:large","max-video-preview":"max-video-preview:-1"},"canonical":"https:\/\/baubauwall.com\/et\/toode\/toile-de-jouy-sealife-wallpaper-blue\/","og_locale":"et_EE","og_type":"article","og_title":"Tapeet Veealune avastusretk. Pliiatsijoonis toile de jouy muster","og_description":"Toile de Jouy veealune maailm tapeet. Tumesinisel vintage stiilis k\u00e4sit\u00f6\u00f6 illustratsioonis ajatu tapeedidisain. R\u00e4tsepat\u00f6\u00f6na tehtud tapeet.","og_url":"https:\/\/baubauwall.com\/et\/toode\/toile-de-jouy-sealife-wallpaper-blue\/","og_site_name":"BAUBAUWALL Wallpapers","article_publisher":"https:\/\/www.facebook.com\/Baubauwall","article_modified_time":"2023-11-27T08:43:08+00:00","og_image":[{"width":1131,"height":800,"url":"https:\/\/baubauwall.com\/wp-content\/uploads\/2022\/03\/51100155_ToileDeJouySealife-negativeblue_Baubauwall_Wallpaper_room1.jpg","type":"image\/jpeg"}],"twitter_card":"summary_large_image","twitter_misc":{"Est. reading time":"1 minut"},"schema":{"@context":"https:\/\/schema.org","@graph":[{"@type":"WebPage","@id":"https:\/\/baubauwall.com\/et\/toode\/toile-de-jouy-sealife-wallpaper-blue\/","url":"https:\/\/baubauwall.com\/et\/toode\/toile-de-jouy-sealife-wallpaper-blue\/","name":"Tapeet Veealune avastusretk. Pliiatsijoonis toile de jouy muster","isPartOf":{"@id":"https:\/\/baubauwall.com\/et\/#website"},"primaryImageOfPage":{"@id":"https:\/\/baubauwall.com\/et\/toode\/toile-de-jouy-sealife-wallpaper-blue\/#primaryimage"},"image":{"@id":"https:\/\/baubauwall.com\/et\/toode\/toile-de-jouy-sealife-wallpaper-blue\/#primaryimage"},"thumbnailUrl":"https:\/\/baubauwall.com\/wp-content\/uploads\/2022\/03\/51100155_ToileDeJouySealife-negativeblue_Baubauwall_Wallpaper_room1.jpg","datePublished":"2022-03-24T08:54:00+00:00","dateModified":"2023-11-27T08:43:08+00:00","description":"Toile de Jouy veealune maailm tapeet. Tumesinisel vintage stiilis k\u00e4sit\u00f6\u00f6 illustratsioonis ajatu tapeedidisain. R\u00e4tsepat\u00f6\u00f6na tehtud tapeet.","breadcrumb":{"@id":"https:\/\/baubauwall.com\/et\/toode\/toile-de-jouy-sealife-wallpaper-blue\/#breadcrumb"},"inLanguage":"et","potentialAction":[{"@type":"ReadAction","target":["https:\/\/baubauwall.com\/et\/toode\/toile-de-jouy-sealife-wallpaper-blue\/"]}]},{"@type":"ImageObject","inLanguage":"et","@id":"https:\/\/baubauwall.com\/et\/toode\/toile-de-jouy-sealife-wallpaper-blue\/#primaryimage","url":"https:\/\/baubauwall.com\/wp-content\/uploads\/2022\/03\/51100155_ToileDeJouySealife-negativeblue_Baubauwall_Wallpaper_room1.jpg","contentUrl":"https:\/\/baubauwall.com\/wp-content\/uploads\/2022\/03\/51100155_ToileDeJouySealife-negativeblue_Baubauwall_Wallpaper_room1.jpg","width":1131,"height":800},{"@type":"BreadcrumbList","@id":"https:\/\/baubauwall.com\/et\/toode\/toile-de-jouy-sealife-wallpaper-blue\/#breadcrumb","itemListElement":[{"@type":"ListItem","position":1,"name":"Koju","item":"https:\/\/baubauwall.com\/et\/"},{"@type":"ListItem","position":2,"name":"Tapeedid","item":"https:\/\/baubauwall.com\/et\/tapeedid\/"},{"@type":"ListItem","position":3,"name":"Toile de Jouy mere-elu &#8211; sinine. K\u00e4sitsi illustreeritud tapeedidisain."}]},{"@type":"WebSite","@id":"https:\/\/baubauwall.com\/et\/#website","url":"https:\/\/baubauwall.com\/et\/","name":"BAUBAUWALL Wallpapers","description":"Valmis paanides tapeet Eestist!","publisher":{"@id":"https:\/\/baubauwall.com\/et\/#organization"},"potentialAction":[{"@type":"SearchAction","target":{"@type":"EntryPoint","urlTemplate":"https:\/\/baubauwall.com\/et\/?s={search_term_string}"},"query-input":{"@type":"PropertyValueSpecification","valueRequired":true,"valueName":"search_term_string"}}],"inLanguage":"et"},{"@type":"Organization","@id":"https:\/\/baubauwall.com\/et\/#organization","name":"BAUBAUWALL Wallpapers","url":"https:\/\/baubauwall.com\/et\/","logo":{"@type":"ImageObject","inLanguage":"et","@id":"https:\/\/baubauwall.com\/et\/#\/schema\/logo\/image\/","url":"https:\/\/baubauwall.com\/wp-content\/uploads\/2022\/03\/logo-horizontal.svg","contentUrl":"https:\/\/baubauwall.com\/wp-content\/uploads\/2022\/03\/logo-horizontal.svg","width":"1024","height":"1024","caption":"BAUBAUWALL Wallpapers"},"image":{"@id":"https:\/\/baubauwall.com\/et\/#\/schema\/logo\/image\/"},"sameAs":["https:\/\/www.facebook.com\/Baubauwall","https:\/\/www.instagram.com\/baubauwall"]}]}},"jetpack_sharing_enabled":true,"_links":{"self":[{"href":"https:\/\/baubauwall.com\/et\/wp-json\/wp\/v2\/product\/6020","targetHints":{"allow":["GET"]}}],"collection":[{"href":"https:\/\/baubauwall.com\/et\/wp-json\/wp\/v2\/product"}],"about":[{"href":"https:\/\/baubauwall.com\/et\/wp-json\/wp\/v2\/types\/product"}],"replies":[{"embeddable":true,"href":"https:\/\/baubauwall.com\/et\/wp-json\/wp\/v2\/comments?post=6020"}],"wp:featuredmedia":[{"embeddable":true,"href":"https:\/\/baubauwall.com\/et\/wp-json\/wp\/v2\/media\/6009"}],"wp:attachment":[{"href":"https:\/\/baubauwall.com\/et\/wp-json\/wp\/v2\/media?parent=6020"}],"wp:term":[{"taxonomy":"product_brand","embeddable":true,"href":"https:\/\/baubauwall.com\/et\/wp-json\/wp\/v2\/product_brand?post=6020"},{"taxonomy":"product_cat","embeddable":true,"href":"https:\/\/baubauwall.com\/et\/wp-json\/wp\/v2\/product_cat?post=6020"},{"taxonomy":"product_tag","embeddable":true,"href":"https:\/\/baubauwall.com\/et\/wp-json\/wp\/v2\/product_tag?post=6020"}],"curies":[{"name":"wp","href":"https:\/\/api.w.org\/{rel}","templated":true}]}}