{"id":6105,"date":"2022-03-03T07:17:59","date_gmt":"2022-03-03T05:17:59","guid":{"rendered":"https:\/\/baubauwall.com\/product\/wallmural-fight-between-tiger-buffalo\/"},"modified":"2022-11-29T14:27:48","modified_gmt":"2022-11-29T12:27:48","slug":"pilttapeet-rousseau-troopiline-dzungel","status":"publish","type":"product","link":"https:\/\/baubauwall.com\/et\/toode\/pilttapeet-rousseau-troopiline-dzungel\/","title":{"rendered":"Troopiline d\u017eungel"},"content":{"rendered":"<p>Kunstnik <strong>Henri Rousseau<\/strong> (1844-1910) maal &#8220;Tiigri ja p\u00fchvli v\u00f5itlus&#8221;\u00a0 (pr.k: &#8220;<em>Dans le Foret Tropicale Combat du Tigre et du Buffle.<\/em>&#8220;) v\u00f5iks dekoreerida originaalse pilttapeedina Sinu seina! Tegemist on digitaliseeritud maali fragmendiga. S\u00fcgavad tumedad toonid ja lopsakas troopika veidi naivistlikus stiilis on absoluutselt eriline tapeedivalik Sulle, kes ihkad tuua elamisse midagi erilist.<\/p>\n<p>Huvitav fakt: paljud Rousseau maalid kujutavad lopsakat troopikat ja metsikuid loomi. Sellest v\u00f5iks j\u00e4reldada, et kunstnik oli suur avastajahing ja reisisell. Ometi, terve oma elu jooksul ta ei k\u00e4inud kodumaalt Prantsusmaalt v\u00e4ljas, vaid ammutas inspiratsiooni botaanikaaist ja lugedes reisiraamatuid.<\/p>\n","protected":false},"excerpt":{"rendered":"<p>Kunstnik Henri Rousseau (1844-1910) maal &#8220;Tiigri ja p\u00fchvli v\u00f5itlus&#8221;\u00a0 (pr.k: &#8220;Dans le Foret Tropicale Combat du Tigre et du Buffle.&#8220;) v\u00f5iks dekoreerida originaalse pilttapeedina Sinu seina! Tegemist on digitaliseeritud maali fragmendiga. S\u00fcgavad tumedad toonid ja lopsakas troopika veidi naivistlikus stiilis on absoluutselt eriline tapeedivalik Sulle, kes ihkad tuua elamisse midagi erilist. Huvitav fakt: paljud Rousseau [&hellip;]<\/p>\n","protected":false},"featured_media":21667,"comment_status":"open","ping_status":"closed","template":"","meta":{"_acf_changed":false,"inline_featured_image":false},"product_brand":[],"product_cat":[780,387,447,394,388,270,271,413,414,415,402,412,245,248,250],"product_tag":[286,448,345],"class_list":{"0":"post-6105","1":"product","2":"type-product","3":"status-publish","4":"has-post-thumbnail","6":"product_cat-pilttapeedid-lugudega","7":"product_cat-pilttapeedid","8":"product_cat-maksimalistlik-et","9":"product_cat-rikkalik","10":"product_cat-vintage-et","11":"product_cat-tumedad-tapeedid","12":"product_cat-rohelised-tapeedid","13":"product_cat-magamistoa-tapeedid","14":"product_cat-soogitoa-tapeedid","15":"product_cat-kulalistetoa-tapeedid","16":"product_cat-elutoa-tapeedid","17":"product_cat-vannitoa-tapeedid","18":"product_cat-maastik","19":"product_cat-mets","20":"product_cat-dzungel-troopika","21":"product_tag-amazonia-et","22":"product_tag-kunst-et","23":"product_tag-pilttapeet","24":"pa_designedby-baubauwall","26":"first","27":"instock","28":"taxable","29":"shipping-taxable","30":"purchasable","31":"product-type-simple"},"acf":[],"yoast_head":"<!-- This site is optimized with the Yoast SEO plugin v25.9 - https:\/\/yoast.com\/wordpress\/plugins\/seo\/ -->\n<title>Troopiline pilttapeet Henri Rousseau maalist Tiigri ja p\u00fchvli v\u00f5itlus<\/title>\n<meta name=\"description\" content=\"Lopsakas troopiline pilttapeet. Kunst digitaliseeritult. Efektne troopiline tapeet! Sinu seina m\u00f5\u00f5tu fototapeedid, tapeedid ja pilttapeedid.\" \/>\n<meta name=\"robots\" content=\"index, follow, max-snippet:-1, max-image-preview:large, max-video-preview:-1\" \/>\n<link rel=\"canonical\" href=\"https:\/\/baubauwall.com\/et\/toode\/pilttapeet-rousseau-troopiline-dzungel\/\" \/>\n<meta property=\"og:locale\" content=\"et_EE\" \/>\n<meta property=\"og:type\" content=\"article\" \/>\n<meta property=\"og:title\" content=\"Troopiline pilttapeet Henri Rousseau maalist Tiigri ja p\u00fchvli v\u00f5itlus\" \/>\n<meta property=\"og:description\" content=\"Lopsakas troopiline pilttapeet. Kunst digitaliseeritult. Efektne troopiline tapeet! Sinu seina m\u00f5\u00f5tu fototapeedid, tapeedid ja pilttapeedid.\" \/>\n<meta property=\"og:url\" content=\"https:\/\/baubauwall.com\/et\/toode\/pilttapeet-rousseau-troopiline-dzungel\/\" \/>\n<meta property=\"og:site_name\" content=\"BAUBAUWALL TAPEEDID\" \/>\n<meta property=\"article:publisher\" content=\"https:\/\/www.facebook.com\/Baubauwall\" \/>\n<meta property=\"article:modified_time\" content=\"2022-11-29T12:27:48+00:00\" \/>\n<meta property=\"og:image\" content=\"https:\/\/baubauwall.com\/wp-content\/uploads\/2022\/03\/51200032_Rousseu_Baubauwall_Wallmural_room4-1.jpg\" \/>\n\t<meta property=\"og:image:width\" content=\"1200\" \/>\n\t<meta property=\"og:image:height\" content=\"800\" \/>\n\t<meta property=\"og:image:type\" content=\"image\/jpeg\" \/>\n<meta name=\"twitter:card\" content=\"summary_large_image\" \/>\n<meta name=\"twitter:label1\" content=\"Est. reading time\" \/>\n\t<meta name=\"twitter:data1\" content=\"1 minut\" \/>\n<script type=\"application\/ld+json\" class=\"yoast-schema-graph\">{\"@context\":\"https:\/\/schema.org\",\"@graph\":[{\"@type\":\"WebPage\",\"@id\":\"https:\/\/baubauwall.com\/et\/toode\/pilttapeet-rousseau-troopiline-dzungel\/\",\"url\":\"https:\/\/baubauwall.com\/et\/toode\/pilttapeet-rousseau-troopiline-dzungel\/\",\"name\":\"Troopiline pilttapeet Henri Rousseau maalist Tiigri ja p\u00fchvli v\u00f5itlus\",\"isPartOf\":{\"@id\":\"https:\/\/baubauwall.com\/et\/#website\"},\"primaryImageOfPage\":{\"@id\":\"https:\/\/baubauwall.com\/et\/toode\/pilttapeet-rousseau-troopiline-dzungel\/#primaryimage\"},\"image\":{\"@id\":\"https:\/\/baubauwall.com\/et\/toode\/pilttapeet-rousseau-troopiline-dzungel\/#primaryimage\"},\"thumbnailUrl\":\"https:\/\/baubauwall.com\/wp-content\/uploads\/2022\/03\/51200032_Rousseu_Baubauwall_Wallmural_room1-1.jpg\",\"datePublished\":\"2022-03-03T05:17:59+00:00\",\"dateModified\":\"2022-11-29T12:27:48+00:00\",\"description\":\"Lopsakas troopiline pilttapeet. Kunst digitaliseeritult. Efektne troopiline tapeet! Sinu seina m\u00f5\u00f5tu fototapeedid, tapeedid ja pilttapeedid.\",\"breadcrumb\":{\"@id\":\"https:\/\/baubauwall.com\/et\/toode\/pilttapeet-rousseau-troopiline-dzungel\/#breadcrumb\"},\"inLanguage\":\"et\",\"potentialAction\":[{\"@type\":\"ReadAction\",\"target\":[\"https:\/\/baubauwall.com\/et\/toode\/pilttapeet-rousseau-troopiline-dzungel\/\"]}]},{\"@type\":\"ImageObject\",\"inLanguage\":\"et\",\"@id\":\"https:\/\/baubauwall.com\/et\/toode\/pilttapeet-rousseau-troopiline-dzungel\/#primaryimage\",\"url\":\"https:\/\/baubauwall.com\/wp-content\/uploads\/2022\/03\/51200032_Rousseu_Baubauwall_Wallmural_room1-1.jpg\",\"contentUrl\":\"https:\/\/baubauwall.com\/wp-content\/uploads\/2022\/03\/51200032_Rousseu_Baubauwall_Wallmural_room1-1.jpg\",\"width\":1199,\"height\":800,\"caption\":\"Historical mural wallpaper with Rousseau tropical painting\"},{\"@type\":\"BreadcrumbList\",\"@id\":\"https:\/\/baubauwall.com\/et\/toode\/pilttapeet-rousseau-troopiline-dzungel\/#breadcrumb\",\"itemListElement\":[{\"@type\":\"ListItem\",\"position\":1,\"name\":\"Koju\",\"item\":\"https:\/\/baubauwall.com\/et\/\"},{\"@type\":\"ListItem\",\"position\":2,\"name\":\"Tapeedid\",\"item\":\"https:\/\/baubauwall.com\/et\/tapeedid\/\"},{\"@type\":\"ListItem\",\"position\":3,\"name\":\"Troopiline d\u017eungel\"}]},{\"@type\":\"WebSite\",\"@id\":\"https:\/\/baubauwall.com\/et\/#website\",\"url\":\"https:\/\/baubauwall.com\/et\/\",\"name\":\"BAUBAUWALL Wallpapers\",\"description\":\"Valmis paanides tapeet Eestist!\",\"publisher\":{\"@id\":\"https:\/\/baubauwall.com\/et\/#organization\"},\"potentialAction\":[{\"@type\":\"SearchAction\",\"target\":{\"@type\":\"EntryPoint\",\"urlTemplate\":\"https:\/\/baubauwall.com\/et\/?s={search_term_string}\"},\"query-input\":{\"@type\":\"PropertyValueSpecification\",\"valueRequired\":true,\"valueName\":\"search_term_string\"}}],\"inLanguage\":\"et\"},{\"@type\":\"Organization\",\"@id\":\"https:\/\/baubauwall.com\/et\/#organization\",\"name\":\"BAUBAUWALL Wallpapers\",\"url\":\"https:\/\/baubauwall.com\/et\/\",\"logo\":{\"@type\":\"ImageObject\",\"inLanguage\":\"et\",\"@id\":\"https:\/\/baubauwall.com\/et\/#\/schema\/logo\/image\/\",\"url\":\"https:\/\/baubauwall.com\/wp-content\/uploads\/2022\/03\/logo-horizontal.svg\",\"contentUrl\":\"https:\/\/baubauwall.com\/wp-content\/uploads\/2022\/03\/logo-horizontal.svg\",\"width\":\"1024\",\"height\":\"1024\",\"caption\":\"BAUBAUWALL Wallpapers\"},\"image\":{\"@id\":\"https:\/\/baubauwall.com\/et\/#\/schema\/logo\/image\/\"},\"sameAs\":[\"https:\/\/www.facebook.com\/Baubauwall\",\"https:\/\/www.instagram.com\/baubauwall\"]}]}<\/script>\n<!-- \/ Yoast SEO plugin. -->","yoast_head_json":{"title":"Troopiline pilttapeet Henri Rousseau maalist Tiigri ja p\u00fchvli v\u00f5itlus","description":"Lopsakas troopiline pilttapeet. Kunst digitaliseeritult. Efektne troopiline tapeet! Sinu seina m\u00f5\u00f5tu fototapeedid, tapeedid ja pilttapeedid.","robots":{"index":"index","follow":"follow","max-snippet":"max-snippet:-1","max-image-preview":"max-image-preview:large","max-video-preview":"max-video-preview:-1"},"canonical":"https:\/\/baubauwall.com\/et\/toode\/pilttapeet-rousseau-troopiline-dzungel\/","og_locale":"et_EE","og_type":"article","og_title":"Troopiline pilttapeet Henri Rousseau maalist Tiigri ja p\u00fchvli v\u00f5itlus","og_description":"Lopsakas troopiline pilttapeet. Kunst digitaliseeritult. Efektne troopiline tapeet! Sinu seina m\u00f5\u00f5tu fototapeedid, tapeedid ja pilttapeedid.","og_url":"https:\/\/baubauwall.com\/et\/toode\/pilttapeet-rousseau-troopiline-dzungel\/","og_site_name":"BAUBAUWALL TAPEEDID","article_publisher":"https:\/\/www.facebook.com\/Baubauwall","article_modified_time":"2022-11-29T12:27:48+00:00","og_image":[{"width":1200,"height":800,"url":"https:\/\/baubauwall.com\/wp-content\/uploads\/2022\/03\/51200032_Rousseu_Baubauwall_Wallmural_room4-1.jpg","type":"image\/jpeg"}],"twitter_card":"summary_large_image","twitter_misc":{"Est. reading time":"1 minut"},"schema":{"@context":"https:\/\/schema.org","@graph":[{"@type":"WebPage","@id":"https:\/\/baubauwall.com\/et\/toode\/pilttapeet-rousseau-troopiline-dzungel\/","url":"https:\/\/baubauwall.com\/et\/toode\/pilttapeet-rousseau-troopiline-dzungel\/","name":"Troopiline pilttapeet Henri Rousseau maalist Tiigri ja p\u00fchvli v\u00f5itlus","isPartOf":{"@id":"https:\/\/baubauwall.com\/et\/#website"},"primaryImageOfPage":{"@id":"https:\/\/baubauwall.com\/et\/toode\/pilttapeet-rousseau-troopiline-dzungel\/#primaryimage"},"image":{"@id":"https:\/\/baubauwall.com\/et\/toode\/pilttapeet-rousseau-troopiline-dzungel\/#primaryimage"},"thumbnailUrl":"https:\/\/baubauwall.com\/wp-content\/uploads\/2022\/03\/51200032_Rousseu_Baubauwall_Wallmural_room1-1.jpg","datePublished":"2022-03-03T05:17:59+00:00","dateModified":"2022-11-29T12:27:48+00:00","description":"Lopsakas troopiline pilttapeet. Kunst digitaliseeritult. Efektne troopiline tapeet! Sinu seina m\u00f5\u00f5tu fototapeedid, tapeedid ja pilttapeedid.","breadcrumb":{"@id":"https:\/\/baubauwall.com\/et\/toode\/pilttapeet-rousseau-troopiline-dzungel\/#breadcrumb"},"inLanguage":"et","potentialAction":[{"@type":"ReadAction","target":["https:\/\/baubauwall.com\/et\/toode\/pilttapeet-rousseau-troopiline-dzungel\/"]}]},{"@type":"ImageObject","inLanguage":"et","@id":"https:\/\/baubauwall.com\/et\/toode\/pilttapeet-rousseau-troopiline-dzungel\/#primaryimage","url":"https:\/\/baubauwall.com\/wp-content\/uploads\/2022\/03\/51200032_Rousseu_Baubauwall_Wallmural_room1-1.jpg","contentUrl":"https:\/\/baubauwall.com\/wp-content\/uploads\/2022\/03\/51200032_Rousseu_Baubauwall_Wallmural_room1-1.jpg","width":1199,"height":800,"caption":"Historical mural wallpaper with Rousseau tropical painting"},{"@type":"BreadcrumbList","@id":"https:\/\/baubauwall.com\/et\/toode\/pilttapeet-rousseau-troopiline-dzungel\/#breadcrumb","itemListElement":[{"@type":"ListItem","position":1,"name":"Koju","item":"https:\/\/baubauwall.com\/et\/"},{"@type":"ListItem","position":2,"name":"Tapeedid","item":"https:\/\/baubauwall.com\/et\/tapeedid\/"},{"@type":"ListItem","position":3,"name":"Troopiline d\u017eungel"}]},{"@type":"WebSite","@id":"https:\/\/baubauwall.com\/et\/#website","url":"https:\/\/baubauwall.com\/et\/","name":"BAUBAUWALL Wallpapers","description":"Valmis paanides tapeet Eestist!","publisher":{"@id":"https:\/\/baubauwall.com\/et\/#organization"},"potentialAction":[{"@type":"SearchAction","target":{"@type":"EntryPoint","urlTemplate":"https:\/\/baubauwall.com\/et\/?s={search_term_string}"},"query-input":{"@type":"PropertyValueSpecification","valueRequired":true,"valueName":"search_term_string"}}],"inLanguage":"et"},{"@type":"Organization","@id":"https:\/\/baubauwall.com\/et\/#organization","name":"BAUBAUWALL Wallpapers","url":"https:\/\/baubauwall.com\/et\/","logo":{"@type":"ImageObject","inLanguage":"et","@id":"https:\/\/baubauwall.com\/et\/#\/schema\/logo\/image\/","url":"https:\/\/baubauwall.com\/wp-content\/uploads\/2022\/03\/logo-horizontal.svg","contentUrl":"https:\/\/baubauwall.com\/wp-content\/uploads\/2022\/03\/logo-horizontal.svg","width":"1024","height":"1024","caption":"BAUBAUWALL Wallpapers"},"image":{"@id":"https:\/\/baubauwall.com\/et\/#\/schema\/logo\/image\/"},"sameAs":["https:\/\/www.facebook.com\/Baubauwall","https:\/\/www.instagram.com\/baubauwall"]}]}},"jetpack_sharing_enabled":true,"_links":{"self":[{"href":"https:\/\/baubauwall.com\/et\/wp-json\/wp\/v2\/product\/6105","targetHints":{"allow":["GET"]}}],"collection":[{"href":"https:\/\/baubauwall.com\/et\/wp-json\/wp\/v2\/product"}],"about":[{"href":"https:\/\/baubauwall.com\/et\/wp-json\/wp\/v2\/types\/product"}],"replies":[{"embeddable":true,"href":"https:\/\/baubauwall.com\/et\/wp-json\/wp\/v2\/comments?post=6105"}],"wp:featuredmedia":[{"embeddable":true,"href":"https:\/\/baubauwall.com\/et\/wp-json\/wp\/v2\/media\/21667"}],"wp:attachment":[{"href":"https:\/\/baubauwall.com\/et\/wp-json\/wp\/v2\/media?parent=6105"}],"wp:term":[{"taxonomy":"product_brand","embeddable":true,"href":"https:\/\/baubauwall.com\/et\/wp-json\/wp\/v2\/product_brand?post=6105"},{"taxonomy":"product_cat","embeddable":true,"href":"https:\/\/baubauwall.com\/et\/wp-json\/wp\/v2\/product_cat?post=6105"},{"taxonomy":"product_tag","embeddable":true,"href":"https:\/\/baubauwall.com\/et\/wp-json\/wp\/v2\/product_tag?post=6105"}],"curies":[{"name":"wp","href":"https:\/\/api.w.org\/{rel}","templated":true}]}}