{"id":6164,"date":"2022-03-03T09:17:59","date_gmt":"2022-03-03T07:17:59","guid":{"rendered":"https:\/\/baubauwall.com\/product\/wallmural-alphabet-english\/"},"modified":"2024-01-05T11:43:51","modified_gmt":"2024-01-05T09:43:51","slug":"pilttapeet-inglise-keele-tahestik","status":"publish","type":"product","link":"https:\/\/baubauwall.com\/et\/toode\/pilttapeet-inglise-keele-tahestik\/","title":{"rendered":"Inglise keele t\u00e4hestik"},"content":{"rendered":"<p>Milline suurep\u00e4rane v\u00f5imalus lastele m\u00e4ngu k\u00e4igus s\u00f5nade ja t\u00e4htede \u00f5ppimiseks! Loe ette oma seinal olev t\u00e4hestik, avastades samal ajal iga t\u00e4hte t\u00e4histavaid loomi ja tuttavaid esemeid. T\u00e4hestikuga pilttapeet on nagu aabits, mis on \u00fchtaegu \u00fcllatav ja hariv. T\u00e4iuslik ja l\u00f5bus tapeet lastetuppa \u2013 olgu see siis poiste v\u00f5i t\u00fcdrukute tuba.<\/p>\n<p>Kui su sein peaks olema v\u00e4ike v\u00f5i nurga all, v\u00f5ib sulle sobivam olla sama motiiv kordusmuster tapeedina. Tr\u00fckitud keskkonnas\u00f5bralike v\u00e4rvidega ja hingavale, fliistapeedi materjalile.<\/p>\n","protected":false},"excerpt":{"rendered":"<p>Milline suurep\u00e4rane v\u00f5imalus lastele m\u00e4ngu k\u00e4igus s\u00f5nade ja t\u00e4htede \u00f5ppimiseks! Loe ette oma seinal olev t\u00e4hestik, avastades samal ajal iga t\u00e4hte t\u00e4histavaid loomi ja tuttavaid esemeid. T\u00e4hestikuga pilttapeet on nagu aabits, mis on \u00fchtaegu \u00fcllatav ja hariv. T\u00e4iuslik ja l\u00f5bus tapeet lastetuppa \u2013 olgu see siis poiste v\u00f5i t\u00fcdrukute tuba. Kui su sein peaks olema [&hellip;]<\/p>\n","protected":false},"featured_media":7918,"comment_status":"open","ping_status":"closed","template":"","meta":{"_acf_changed":false,"inline_featured_image":false},"product_brand":[],"product_cat":[387,396,265,273,400],"product_tag":[349,695,531,345,308,324],"class_list":{"0":"post-6164","1":"product","2":"type-product","3":"status-publish","4":"has-post-thumbnail","6":"product_cat-pilttapeedid","7":"product_cat-skandinaavia","8":"product_cat-beezid-tapeedid","9":"product_cat-heledad-tapeedid","10":"product_cat-lastetoa-tapeedid","11":"product_tag-beebituba","12":"product_tag-eesti-disain-tapeedid","13":"product_tag-elevant","14":"product_tag-pilttapeet","15":"product_tag-poiste-tuba","16":"product_tag-tudruku-tuba","17":"pa_designedby-baubauwall","19":"first","20":"instock","21":"taxable","22":"shipping-taxable","23":"purchasable","24":"product-type-simple"},"acf":[],"yoast_head":"<!-- This site is optimized with the Yoast SEO plugin v25.9 - https:\/\/yoast.com\/wordpress\/plugins\/seo\/ -->\n<title>\u00d5pi s\u00f5nu ja t\u00e4hti inglise keeles! Pilttapeet inglise keele t\u00e4hestikuga.<\/title>\n<meta name=\"description\" content=\"L\u00f5bus ja hariv t\u00e4hestikuga tapeet lastetuppa. R\u00e4tsepat\u00f6\u00f6na valmivad pilttapeedid. Valmis l\u00f5igatud tapeedipaanid sinu seina m\u00f5\u00f5dus.\" \/>\n<meta name=\"robots\" content=\"index, follow, max-snippet:-1, max-image-preview:large, max-video-preview:-1\" \/>\n<link rel=\"canonical\" href=\"https:\/\/baubauwall.com\/et\/toode\/pilttapeet-inglise-keele-tahestik\/\" \/>\n<meta property=\"og:locale\" content=\"et_EE\" \/>\n<meta property=\"og:type\" content=\"article\" \/>\n<meta property=\"og:title\" content=\"\u00d5pi s\u00f5nu ja t\u00e4hti inglise keeles! Pilttapeet inglise keele t\u00e4hestikuga.\" \/>\n<meta property=\"og:description\" content=\"L\u00f5bus ja hariv t\u00e4hestikuga tapeet lastetuppa. R\u00e4tsepat\u00f6\u00f6na valmivad pilttapeedid. Valmis l\u00f5igatud tapeedipaanid sinu seina m\u00f5\u00f5dus.\" \/>\n<meta property=\"og:url\" content=\"https:\/\/baubauwall.com\/et\/toode\/pilttapeet-inglise-keele-tahestik\/\" \/>\n<meta property=\"og:site_name\" content=\"BAUBAUWALL Wallpapers\" \/>\n<meta property=\"article:publisher\" content=\"https:\/\/www.facebook.com\/Baubauwall\" \/>\n<meta property=\"article:modified_time\" content=\"2024-01-05T09:43:51+00:00\" \/>\n<meta property=\"og:image\" content=\"https:\/\/i0.wp.com\/baubauwall.com\/wp-content\/uploads\/2022\/03\/51200031_EnglishAlphabet_Baubauwall_Wallmural_room2-1.jpg?fit=1200%2C800&ssl=1\" \/>\n\t<meta property=\"og:image:width\" content=\"1200\" \/>\n\t<meta property=\"og:image:height\" content=\"800\" \/>\n\t<meta property=\"og:image:type\" content=\"image\/jpeg\" \/>\n<meta name=\"twitter:card\" content=\"summary_large_image\" \/>\n<meta name=\"twitter:label1\" content=\"Est. reading time\" \/>\n\t<meta name=\"twitter:data1\" content=\"1 minut\" \/>\n<script type=\"application\/ld+json\" class=\"yoast-schema-graph\">{\"@context\":\"https:\/\/schema.org\",\"@graph\":[{\"@type\":\"WebPage\",\"@id\":\"https:\/\/baubauwall.com\/et\/toode\/pilttapeet-inglise-keele-tahestik\/\",\"url\":\"https:\/\/baubauwall.com\/et\/toode\/pilttapeet-inglise-keele-tahestik\/\",\"name\":\"\u00d5pi s\u00f5nu ja t\u00e4hti inglise keeles! Pilttapeet inglise keele t\u00e4hestikuga.\",\"isPartOf\":{\"@id\":\"https:\/\/baubauwall.com\/et\/#website\"},\"primaryImageOfPage\":{\"@id\":\"https:\/\/baubauwall.com\/et\/toode\/pilttapeet-inglise-keele-tahestik\/#primaryimage\"},\"image\":{\"@id\":\"https:\/\/baubauwall.com\/et\/toode\/pilttapeet-inglise-keele-tahestik\/#primaryimage\"},\"thumbnailUrl\":\"https:\/\/baubauwall.com\/wp-content\/uploads\/2022\/03\/51200031_EnglishAlphabet_Baubauwall_Wallmural_room2-1.jpg\",\"datePublished\":\"2022-03-03T07:17:59+00:00\",\"dateModified\":\"2024-01-05T09:43:51+00:00\",\"description\":\"L\u00f5bus ja hariv t\u00e4hestikuga tapeet lastetuppa. R\u00e4tsepat\u00f6\u00f6na valmivad pilttapeedid. Valmis l\u00f5igatud tapeedipaanid sinu seina m\u00f5\u00f5dus.\",\"breadcrumb\":{\"@id\":\"https:\/\/baubauwall.com\/et\/toode\/pilttapeet-inglise-keele-tahestik\/#breadcrumb\"},\"inLanguage\":\"et\",\"potentialAction\":[{\"@type\":\"ReadAction\",\"target\":[\"https:\/\/baubauwall.com\/et\/toode\/pilttapeet-inglise-keele-tahestik\/\"]}]},{\"@type\":\"ImageObject\",\"inLanguage\":\"et\",\"@id\":\"https:\/\/baubauwall.com\/et\/toode\/pilttapeet-inglise-keele-tahestik\/#primaryimage\",\"url\":\"https:\/\/baubauwall.com\/wp-content\/uploads\/2022\/03\/51200031_EnglishAlphabet_Baubauwall_Wallmural_room2-1.jpg\",\"contentUrl\":\"https:\/\/baubauwall.com\/wp-content\/uploads\/2022\/03\/51200031_EnglishAlphabet_Baubauwall_Wallmural_room2-1.jpg\",\"width\":1200,\"height\":800},{\"@type\":\"BreadcrumbList\",\"@id\":\"https:\/\/baubauwall.com\/et\/toode\/pilttapeet-inglise-keele-tahestik\/#breadcrumb\",\"itemListElement\":[{\"@type\":\"ListItem\",\"position\":1,\"name\":\"Koju\",\"item\":\"https:\/\/baubauwall.com\/et\/\"},{\"@type\":\"ListItem\",\"position\":2,\"name\":\"Tapeedid\",\"item\":\"https:\/\/baubauwall.com\/et\/tapeedid\/\"},{\"@type\":\"ListItem\",\"position\":3,\"name\":\"Inglise keele t\u00e4hestik\"}]},{\"@type\":\"WebSite\",\"@id\":\"https:\/\/baubauwall.com\/et\/#website\",\"url\":\"https:\/\/baubauwall.com\/et\/\",\"name\":\"BAUBAUWALL Wallpapers\",\"description\":\"Valmis paanides tapeet Eestist!\",\"publisher\":{\"@id\":\"https:\/\/baubauwall.com\/et\/#organization\"},\"potentialAction\":[{\"@type\":\"SearchAction\",\"target\":{\"@type\":\"EntryPoint\",\"urlTemplate\":\"https:\/\/baubauwall.com\/et\/?s={search_term_string}\"},\"query-input\":{\"@type\":\"PropertyValueSpecification\",\"valueRequired\":true,\"valueName\":\"search_term_string\"}}],\"inLanguage\":\"et\"},{\"@type\":\"Organization\",\"@id\":\"https:\/\/baubauwall.com\/et\/#organization\",\"name\":\"BAUBAUWALL Wallpapers\",\"url\":\"https:\/\/baubauwall.com\/et\/\",\"logo\":{\"@type\":\"ImageObject\",\"inLanguage\":\"et\",\"@id\":\"https:\/\/baubauwall.com\/et\/#\/schema\/logo\/image\/\",\"url\":\"https:\/\/baubauwall.com\/wp-content\/uploads\/2022\/03\/logo-horizontal.svg\",\"contentUrl\":\"https:\/\/baubauwall.com\/wp-content\/uploads\/2022\/03\/logo-horizontal.svg\",\"width\":\"1024\",\"height\":\"1024\",\"caption\":\"BAUBAUWALL Wallpapers\"},\"image\":{\"@id\":\"https:\/\/baubauwall.com\/et\/#\/schema\/logo\/image\/\"},\"sameAs\":[\"https:\/\/www.facebook.com\/Baubauwall\",\"https:\/\/www.instagram.com\/baubauwall\"]}]}<\/script>\n<!-- \/ Yoast SEO plugin. -->","yoast_head_json":{"title":"\u00d5pi s\u00f5nu ja t\u00e4hti inglise keeles! Pilttapeet inglise keele t\u00e4hestikuga.","description":"L\u00f5bus ja hariv t\u00e4hestikuga tapeet lastetuppa. R\u00e4tsepat\u00f6\u00f6na valmivad pilttapeedid. Valmis l\u00f5igatud tapeedipaanid sinu seina m\u00f5\u00f5dus.","robots":{"index":"index","follow":"follow","max-snippet":"max-snippet:-1","max-image-preview":"max-image-preview:large","max-video-preview":"max-video-preview:-1"},"canonical":"https:\/\/baubauwall.com\/et\/toode\/pilttapeet-inglise-keele-tahestik\/","og_locale":"et_EE","og_type":"article","og_title":"\u00d5pi s\u00f5nu ja t\u00e4hti inglise keeles! Pilttapeet inglise keele t\u00e4hestikuga.","og_description":"L\u00f5bus ja hariv t\u00e4hestikuga tapeet lastetuppa. R\u00e4tsepat\u00f6\u00f6na valmivad pilttapeedid. Valmis l\u00f5igatud tapeedipaanid sinu seina m\u00f5\u00f5dus.","og_url":"https:\/\/baubauwall.com\/et\/toode\/pilttapeet-inglise-keele-tahestik\/","og_site_name":"BAUBAUWALL Wallpapers","article_publisher":"https:\/\/www.facebook.com\/Baubauwall","article_modified_time":"2024-01-05T09:43:51+00:00","og_image":[{"width":1200,"height":800,"url":"https:\/\/i0.wp.com\/baubauwall.com\/wp-content\/uploads\/2022\/03\/51200031_EnglishAlphabet_Baubauwall_Wallmural_room2-1.jpg?fit=1200%2C800&ssl=1","type":"image\/jpeg"}],"twitter_card":"summary_large_image","twitter_misc":{"Est. reading time":"1 minut"},"schema":{"@context":"https:\/\/schema.org","@graph":[{"@type":"WebPage","@id":"https:\/\/baubauwall.com\/et\/toode\/pilttapeet-inglise-keele-tahestik\/","url":"https:\/\/baubauwall.com\/et\/toode\/pilttapeet-inglise-keele-tahestik\/","name":"\u00d5pi s\u00f5nu ja t\u00e4hti inglise keeles! Pilttapeet inglise keele t\u00e4hestikuga.","isPartOf":{"@id":"https:\/\/baubauwall.com\/et\/#website"},"primaryImageOfPage":{"@id":"https:\/\/baubauwall.com\/et\/toode\/pilttapeet-inglise-keele-tahestik\/#primaryimage"},"image":{"@id":"https:\/\/baubauwall.com\/et\/toode\/pilttapeet-inglise-keele-tahestik\/#primaryimage"},"thumbnailUrl":"https:\/\/baubauwall.com\/wp-content\/uploads\/2022\/03\/51200031_EnglishAlphabet_Baubauwall_Wallmural_room2-1.jpg","datePublished":"2022-03-03T07:17:59+00:00","dateModified":"2024-01-05T09:43:51+00:00","description":"L\u00f5bus ja hariv t\u00e4hestikuga tapeet lastetuppa. R\u00e4tsepat\u00f6\u00f6na valmivad pilttapeedid. Valmis l\u00f5igatud tapeedipaanid sinu seina m\u00f5\u00f5dus.","breadcrumb":{"@id":"https:\/\/baubauwall.com\/et\/toode\/pilttapeet-inglise-keele-tahestik\/#breadcrumb"},"inLanguage":"et","potentialAction":[{"@type":"ReadAction","target":["https:\/\/baubauwall.com\/et\/toode\/pilttapeet-inglise-keele-tahestik\/"]}]},{"@type":"ImageObject","inLanguage":"et","@id":"https:\/\/baubauwall.com\/et\/toode\/pilttapeet-inglise-keele-tahestik\/#primaryimage","url":"https:\/\/baubauwall.com\/wp-content\/uploads\/2022\/03\/51200031_EnglishAlphabet_Baubauwall_Wallmural_room2-1.jpg","contentUrl":"https:\/\/baubauwall.com\/wp-content\/uploads\/2022\/03\/51200031_EnglishAlphabet_Baubauwall_Wallmural_room2-1.jpg","width":1200,"height":800},{"@type":"BreadcrumbList","@id":"https:\/\/baubauwall.com\/et\/toode\/pilttapeet-inglise-keele-tahestik\/#breadcrumb","itemListElement":[{"@type":"ListItem","position":1,"name":"Koju","item":"https:\/\/baubauwall.com\/et\/"},{"@type":"ListItem","position":2,"name":"Tapeedid","item":"https:\/\/baubauwall.com\/et\/tapeedid\/"},{"@type":"ListItem","position":3,"name":"Inglise keele t\u00e4hestik"}]},{"@type":"WebSite","@id":"https:\/\/baubauwall.com\/et\/#website","url":"https:\/\/baubauwall.com\/et\/","name":"BAUBAUWALL Wallpapers","description":"Valmis paanides tapeet Eestist!","publisher":{"@id":"https:\/\/baubauwall.com\/et\/#organization"},"potentialAction":[{"@type":"SearchAction","target":{"@type":"EntryPoint","urlTemplate":"https:\/\/baubauwall.com\/et\/?s={search_term_string}"},"query-input":{"@type":"PropertyValueSpecification","valueRequired":true,"valueName":"search_term_string"}}],"inLanguage":"et"},{"@type":"Organization","@id":"https:\/\/baubauwall.com\/et\/#organization","name":"BAUBAUWALL Wallpapers","url":"https:\/\/baubauwall.com\/et\/","logo":{"@type":"ImageObject","inLanguage":"et","@id":"https:\/\/baubauwall.com\/et\/#\/schema\/logo\/image\/","url":"https:\/\/baubauwall.com\/wp-content\/uploads\/2022\/03\/logo-horizontal.svg","contentUrl":"https:\/\/baubauwall.com\/wp-content\/uploads\/2022\/03\/logo-horizontal.svg","width":"1024","height":"1024","caption":"BAUBAUWALL Wallpapers"},"image":{"@id":"https:\/\/baubauwall.com\/et\/#\/schema\/logo\/image\/"},"sameAs":["https:\/\/www.facebook.com\/Baubauwall","https:\/\/www.instagram.com\/baubauwall"]}]}},"jetpack_sharing_enabled":true,"_links":{"self":[{"href":"https:\/\/baubauwall.com\/et\/wp-json\/wp\/v2\/product\/6164","targetHints":{"allow":["GET"]}}],"collection":[{"href":"https:\/\/baubauwall.com\/et\/wp-json\/wp\/v2\/product"}],"about":[{"href":"https:\/\/baubauwall.com\/et\/wp-json\/wp\/v2\/types\/product"}],"replies":[{"embeddable":true,"href":"https:\/\/baubauwall.com\/et\/wp-json\/wp\/v2\/comments?post=6164"}],"wp:featuredmedia":[{"embeddable":true,"href":"https:\/\/baubauwall.com\/et\/wp-json\/wp\/v2\/media\/7918"}],"wp:attachment":[{"href":"https:\/\/baubauwall.com\/et\/wp-json\/wp\/v2\/media?parent=6164"}],"wp:term":[{"taxonomy":"product_brand","embeddable":true,"href":"https:\/\/baubauwall.com\/et\/wp-json\/wp\/v2\/product_brand?post=6164"},{"taxonomy":"product_cat","embeddable":true,"href":"https:\/\/baubauwall.com\/et\/wp-json\/wp\/v2\/product_cat?post=6164"},{"taxonomy":"product_tag","embeddable":true,"href":"https:\/\/baubauwall.com\/et\/wp-json\/wp\/v2\/product_tag?post=6164"}],"curies":[{"name":"wp","href":"https:\/\/api.w.org\/{rel}","templated":true}]}}