{"id":6200,"date":"2022-03-29T15:15:09","date_gmt":"2022-03-29T13:15:09","guid":{"rendered":"https:\/\/baubauwall.com\/product\/photowallpaper-stripy-sea\/"},"modified":"2024-10-02T11:15:03","modified_gmt":"2024-10-02T09:15:03","slug":"fototapeet-mere-triibud","status":"publish","type":"product","link":"https:\/\/baubauwall.com\/et\/toode\/fototapeet-mere-triibud\/","title":{"rendered":"Fototapeet Meretriibud"},"content":{"rendered":"<p>Fototapeet Meretriibud on nii elutruu, et peaaegu ajad segamini oma asukoha! See fototapeet loob elutuppa vaikse ja harmoonilise atmosf\u00e4\u00e4ri, justkui seisaksid mere kaldal, kus \u00f5rnad lained rannale lokusvad. Selle disaini rahulikud sinised toonid ja \u00f5hulised jooned sobivad suurep\u00e4raselt aktsentseina tapeediks, andes ruumile avarust ja v\u00e4rskust. Hea fototapeet on selline, mis ei ole intensiivne ega pealet\u00fckkiv. Just seda pakub fototapeet Meretriibud. Sellega on lihtne sobitada interj\u00f6\u00f6ri muud sisustust.<\/p>\n<p><strong>Miks osta fototapeet siit? Tapeetimine pole kunagi nii lihtne olnud!<\/strong><\/p>\n<ul>\n<li style=\"list-style-type: none;\">\n<ul>\n<li>Just nii pikad tapeedipaanid, kui on Sinu sein<\/li>\n<li>Nummerdatud tapeedipaanid<\/li>\n<li>Premium, matt fliistapeedi materjal<\/li>\n<li>M\u00fcrgivabad tr\u00fckiv\u00e4rvid, Greenguard sertifitseeritud<\/li>\n<li><a href=\"https:\/\/baubauwall.com\/et\/keskkonnasobralikud-tapeedid\/\" target=\"_blank\" rel=\"noopener\">Keskkonnas\u00f5bralik<\/a>, j\u00e4\u00e4tmevaba tapeetimine<\/li>\n<li>Tasuta tapeediliim<\/li>\n<li>Tasuta transport ja kiire tarne 5 t\u00f6\u00f6p\u00e4evaga<\/li>\n<\/ul>\n<\/li>\n<\/ul>\n<p>Loe l\u00e4hemalt nutikatest, eritellimust\u00f6\u00f6na valmivatest tapeetidest\u00a0<a href=\"https:\/\/baubauwall.com\/et\/keskkonnasobralikud-tapeedid\/\">siit.<\/a><\/p>\n<p>&nbsp;<\/p>\n","protected":false},"excerpt":{"rendered":"<p>Fototapeet Meretriibud on nii elutruu, et peaaegu ajad segamini oma asukoha! See fototapeet loob elutuppa vaikse ja harmoonilise atmosf\u00e4\u00e4ri, justkui seisaksid mere kaldal, kus \u00f5rnad lained rannale lokusvad. Selle disaini rahulikud sinised toonid ja \u00f5hulised jooned sobivad suurep\u00e4raselt aktsentseina tapeediks, andes ruumile avarust ja v\u00e4rskust. Hea fototapeet on selline, mis ei ole intensiivne ega pealet\u00fckkiv. [&hellip;]<\/p>\n","protected":false},"featured_media":6199,"comment_status":"open","ping_status":"closed","template":"","meta":{"_acf_changed":false,"inline_featured_image":false},"product_brand":[],"product_cat":[433,396,264,267,273,410,413,414,415,402,412,252],"product_tag":[563,486,454],"class_list":{"0":"post-6200","1":"product","2":"type-product","3":"status-publish","4":"has-post-thumbnail","6":"product_cat-fototapeedid","7":"product_cat-skandinaavia","8":"product_cat-varv","9":"product_cat-sinised-tapeedid","10":"product_cat-heledad-tapeedid","11":"product_cat-valge-tapeedid","12":"product_cat-magamistoa-tapeedid","13":"product_cat-soogitoa-tapeedid","14":"product_cat-kulalistetoa-tapeedid","15":"product_cat-elutoa-tapeedid","16":"product_cat-vannitoa-tapeedid","17":"product_cat-ookean-meri","18":"product_tag-biofiilia-stiil","19":"product_tag-fotograafia-et","20":"product_tag-fototapeet-et","21":"pa_designedby-baubauwall","23":"first","24":"instock","25":"taxable","26":"shipping-taxable","27":"purchasable","28":"product-type-simple"},"acf":[],"yoast_head":"<!-- This site is optimized with the Yoast SEO plugin v25.9 - https:\/\/yoast.com\/wordpress\/plugins\/seo\/ -->\n<title>Fototapeet vaatega merele. Sinu seina m\u00f5\u00f5dus tapeedid<\/title>\n<meta name=\"description\" content=\"Fototapeet, mis on nii elutruu! Merevaade, mille tood otse oma elutoa v\u00f5i magamistoa aktsentseinale. Tapeedi tr\u00fckime just sinu seina m\u00f5\u00f5dus, mitte vastupidi\" \/>\n<meta name=\"robots\" content=\"index, follow, max-snippet:-1, max-image-preview:large, max-video-preview:-1\" \/>\n<link rel=\"canonical\" href=\"https:\/\/baubauwall.com\/et\/toode\/fototapeet-mere-triibud\/\" \/>\n<meta property=\"og:locale\" content=\"et_EE\" \/>\n<meta property=\"og:type\" content=\"article\" \/>\n<meta property=\"og:title\" content=\"Fototapeet vaatega merele. Sinu seina m\u00f5\u00f5dus tapeedid\" \/>\n<meta property=\"og:description\" content=\"Fototapeet, mis on nii elutruu! Merevaade, mille tood otse oma elutoa v\u00f5i magamistoa aktsentseinale. Tapeedi tr\u00fckime just sinu seina m\u00f5\u00f5dus, mitte vastupidi\" \/>\n<meta property=\"og:url\" content=\"https:\/\/baubauwall.com\/et\/toode\/fototapeet-mere-triibud\/\" \/>\n<meta property=\"og:site_name\" content=\"BAUBAUWALL TAPEEDID\" \/>\n<meta property=\"article:publisher\" content=\"https:\/\/www.facebook.com\/Baubauwall\" \/>\n<meta property=\"article:modified_time\" content=\"2024-10-02T09:15:03+00:00\" \/>\n<meta property=\"og:image\" content=\"https:\/\/baubauwall.com\/wp-content\/uploads\/2022\/03\/51300003_Stripy_Sea_Baubauwal_Photowallpaper_roomview-4.jpg\" \/>\n\t<meta property=\"og:image:width\" content=\"1140\" \/>\n\t<meta property=\"og:image:height\" content=\"800\" \/>\n\t<meta property=\"og:image:type\" content=\"image\/jpeg\" \/>\n<meta name=\"twitter:card\" content=\"summary_large_image\" \/>\n<meta name=\"twitter:label1\" content=\"Est. reading time\" \/>\n\t<meta name=\"twitter:data1\" content=\"1 minut\" \/>\n<script type=\"application\/ld+json\" class=\"yoast-schema-graph\">{\"@context\":\"https:\/\/schema.org\",\"@graph\":[{\"@type\":\"WebPage\",\"@id\":\"https:\/\/baubauwall.com\/et\/toode\/fototapeet-mere-triibud\/\",\"url\":\"https:\/\/baubauwall.com\/et\/toode\/fototapeet-mere-triibud\/\",\"name\":\"Fototapeet vaatega merele. Sinu seina m\u00f5\u00f5dus tapeedid\",\"isPartOf\":{\"@id\":\"https:\/\/baubauwall.com\/et\/#website\"},\"primaryImageOfPage\":{\"@id\":\"https:\/\/baubauwall.com\/et\/toode\/fototapeet-mere-triibud\/#primaryimage\"},\"image\":{\"@id\":\"https:\/\/baubauwall.com\/et\/toode\/fototapeet-mere-triibud\/#primaryimage\"},\"thumbnailUrl\":\"https:\/\/baubauwall.com\/wp-content\/uploads\/2022\/03\/51300003_Stripy_Sea_Baubauwal_Photowallpaper_roomview-4.jpg\",\"datePublished\":\"2022-03-29T13:15:09+00:00\",\"dateModified\":\"2024-10-02T09:15:03+00:00\",\"description\":\"Fototapeet, mis on nii elutruu! Merevaade, mille tood otse oma elutoa v\u00f5i magamistoa aktsentseinale. Tapeedi tr\u00fckime just sinu seina m\u00f5\u00f5dus, mitte vastupidi\",\"breadcrumb\":{\"@id\":\"https:\/\/baubauwall.com\/et\/toode\/fototapeet-mere-triibud\/#breadcrumb\"},\"inLanguage\":\"et\",\"potentialAction\":[{\"@type\":\"ReadAction\",\"target\":[\"https:\/\/baubauwall.com\/et\/toode\/fototapeet-mere-triibud\/\"]}]},{\"@type\":\"ImageObject\",\"inLanguage\":\"et\",\"@id\":\"https:\/\/baubauwall.com\/et\/toode\/fototapeet-mere-triibud\/#primaryimage\",\"url\":\"https:\/\/baubauwall.com\/wp-content\/uploads\/2022\/03\/51300003_Stripy_Sea_Baubauwal_Photowallpaper_roomview-4.jpg\",\"contentUrl\":\"https:\/\/baubauwall.com\/wp-content\/uploads\/2022\/03\/51300003_Stripy_Sea_Baubauwal_Photowallpaper_roomview-4.jpg\",\"width\":1140,\"height\":800,\"caption\":\"Fototapeet merelise stiili austajatele. Meretriibud fototapeet koju v\u00f5i avalikku ruumi\"},{\"@type\":\"BreadcrumbList\",\"@id\":\"https:\/\/baubauwall.com\/et\/toode\/fototapeet-mere-triibud\/#breadcrumb\",\"itemListElement\":[{\"@type\":\"ListItem\",\"position\":1,\"name\":\"Koju\",\"item\":\"https:\/\/baubauwall.com\/et\/\"},{\"@type\":\"ListItem\",\"position\":2,\"name\":\"Tapeedid\",\"item\":\"https:\/\/baubauwall.com\/et\/tapeedid\/\"},{\"@type\":\"ListItem\",\"position\":3,\"name\":\"Fototapeet Meretriibud\"}]},{\"@type\":\"WebSite\",\"@id\":\"https:\/\/baubauwall.com\/et\/#website\",\"url\":\"https:\/\/baubauwall.com\/et\/\",\"name\":\"BAUBAUWALL Wallpapers\",\"description\":\"Valmis paanides tapeet Eestist!\",\"publisher\":{\"@id\":\"https:\/\/baubauwall.com\/et\/#organization\"},\"potentialAction\":[{\"@type\":\"SearchAction\",\"target\":{\"@type\":\"EntryPoint\",\"urlTemplate\":\"https:\/\/baubauwall.com\/et\/?s={search_term_string}\"},\"query-input\":{\"@type\":\"PropertyValueSpecification\",\"valueRequired\":true,\"valueName\":\"search_term_string\"}}],\"inLanguage\":\"et\"},{\"@type\":\"Organization\",\"@id\":\"https:\/\/baubauwall.com\/et\/#organization\",\"name\":\"BAUBAUWALL Wallpapers\",\"url\":\"https:\/\/baubauwall.com\/et\/\",\"logo\":{\"@type\":\"ImageObject\",\"inLanguage\":\"et\",\"@id\":\"https:\/\/baubauwall.com\/et\/#\/schema\/logo\/image\/\",\"url\":\"https:\/\/baubauwall.com\/wp-content\/uploads\/2022\/03\/logo-horizontal.svg\",\"contentUrl\":\"https:\/\/baubauwall.com\/wp-content\/uploads\/2022\/03\/logo-horizontal.svg\",\"width\":\"1024\",\"height\":\"1024\",\"caption\":\"BAUBAUWALL Wallpapers\"},\"image\":{\"@id\":\"https:\/\/baubauwall.com\/et\/#\/schema\/logo\/image\/\"},\"sameAs\":[\"https:\/\/www.facebook.com\/Baubauwall\",\"https:\/\/www.instagram.com\/baubauwall\"]}]}<\/script>\n<!-- \/ Yoast SEO plugin. -->","yoast_head_json":{"title":"Fototapeet vaatega merele. Sinu seina m\u00f5\u00f5dus tapeedid","description":"Fototapeet, mis on nii elutruu! Merevaade, mille tood otse oma elutoa v\u00f5i magamistoa aktsentseinale. Tapeedi tr\u00fckime just sinu seina m\u00f5\u00f5dus, mitte vastupidi","robots":{"index":"index","follow":"follow","max-snippet":"max-snippet:-1","max-image-preview":"max-image-preview:large","max-video-preview":"max-video-preview:-1"},"canonical":"https:\/\/baubauwall.com\/et\/toode\/fototapeet-mere-triibud\/","og_locale":"et_EE","og_type":"article","og_title":"Fototapeet vaatega merele. Sinu seina m\u00f5\u00f5dus tapeedid","og_description":"Fototapeet, mis on nii elutruu! Merevaade, mille tood otse oma elutoa v\u00f5i magamistoa aktsentseinale. Tapeedi tr\u00fckime just sinu seina m\u00f5\u00f5dus, mitte vastupidi","og_url":"https:\/\/baubauwall.com\/et\/toode\/fototapeet-mere-triibud\/","og_site_name":"BAUBAUWALL TAPEEDID","article_publisher":"https:\/\/www.facebook.com\/Baubauwall","article_modified_time":"2024-10-02T09:15:03+00:00","og_image":[{"width":1140,"height":800,"url":"https:\/\/baubauwall.com\/wp-content\/uploads\/2022\/03\/51300003_Stripy_Sea_Baubauwal_Photowallpaper_roomview-4.jpg","type":"image\/jpeg"}],"twitter_card":"summary_large_image","twitter_misc":{"Est. reading time":"1 minut"},"schema":{"@context":"https:\/\/schema.org","@graph":[{"@type":"WebPage","@id":"https:\/\/baubauwall.com\/et\/toode\/fototapeet-mere-triibud\/","url":"https:\/\/baubauwall.com\/et\/toode\/fototapeet-mere-triibud\/","name":"Fototapeet vaatega merele. Sinu seina m\u00f5\u00f5dus tapeedid","isPartOf":{"@id":"https:\/\/baubauwall.com\/et\/#website"},"primaryImageOfPage":{"@id":"https:\/\/baubauwall.com\/et\/toode\/fototapeet-mere-triibud\/#primaryimage"},"image":{"@id":"https:\/\/baubauwall.com\/et\/toode\/fototapeet-mere-triibud\/#primaryimage"},"thumbnailUrl":"https:\/\/baubauwall.com\/wp-content\/uploads\/2022\/03\/51300003_Stripy_Sea_Baubauwal_Photowallpaper_roomview-4.jpg","datePublished":"2022-03-29T13:15:09+00:00","dateModified":"2024-10-02T09:15:03+00:00","description":"Fototapeet, mis on nii elutruu! Merevaade, mille tood otse oma elutoa v\u00f5i magamistoa aktsentseinale. Tapeedi tr\u00fckime just sinu seina m\u00f5\u00f5dus, mitte vastupidi","breadcrumb":{"@id":"https:\/\/baubauwall.com\/et\/toode\/fototapeet-mere-triibud\/#breadcrumb"},"inLanguage":"et","potentialAction":[{"@type":"ReadAction","target":["https:\/\/baubauwall.com\/et\/toode\/fototapeet-mere-triibud\/"]}]},{"@type":"ImageObject","inLanguage":"et","@id":"https:\/\/baubauwall.com\/et\/toode\/fototapeet-mere-triibud\/#primaryimage","url":"https:\/\/baubauwall.com\/wp-content\/uploads\/2022\/03\/51300003_Stripy_Sea_Baubauwal_Photowallpaper_roomview-4.jpg","contentUrl":"https:\/\/baubauwall.com\/wp-content\/uploads\/2022\/03\/51300003_Stripy_Sea_Baubauwal_Photowallpaper_roomview-4.jpg","width":1140,"height":800,"caption":"Fototapeet merelise stiili austajatele. Meretriibud fototapeet koju v\u00f5i avalikku ruumi"},{"@type":"BreadcrumbList","@id":"https:\/\/baubauwall.com\/et\/toode\/fototapeet-mere-triibud\/#breadcrumb","itemListElement":[{"@type":"ListItem","position":1,"name":"Koju","item":"https:\/\/baubauwall.com\/et\/"},{"@type":"ListItem","position":2,"name":"Tapeedid","item":"https:\/\/baubauwall.com\/et\/tapeedid\/"},{"@type":"ListItem","position":3,"name":"Fototapeet Meretriibud"}]},{"@type":"WebSite","@id":"https:\/\/baubauwall.com\/et\/#website","url":"https:\/\/baubauwall.com\/et\/","name":"BAUBAUWALL Wallpapers","description":"Valmis paanides tapeet Eestist!","publisher":{"@id":"https:\/\/baubauwall.com\/et\/#organization"},"potentialAction":[{"@type":"SearchAction","target":{"@type":"EntryPoint","urlTemplate":"https:\/\/baubauwall.com\/et\/?s={search_term_string}"},"query-input":{"@type":"PropertyValueSpecification","valueRequired":true,"valueName":"search_term_string"}}],"inLanguage":"et"},{"@type":"Organization","@id":"https:\/\/baubauwall.com\/et\/#organization","name":"BAUBAUWALL Wallpapers","url":"https:\/\/baubauwall.com\/et\/","logo":{"@type":"ImageObject","inLanguage":"et","@id":"https:\/\/baubauwall.com\/et\/#\/schema\/logo\/image\/","url":"https:\/\/baubauwall.com\/wp-content\/uploads\/2022\/03\/logo-horizontal.svg","contentUrl":"https:\/\/baubauwall.com\/wp-content\/uploads\/2022\/03\/logo-horizontal.svg","width":"1024","height":"1024","caption":"BAUBAUWALL Wallpapers"},"image":{"@id":"https:\/\/baubauwall.com\/et\/#\/schema\/logo\/image\/"},"sameAs":["https:\/\/www.facebook.com\/Baubauwall","https:\/\/www.instagram.com\/baubauwall"]}]}},"jetpack_sharing_enabled":true,"_links":{"self":[{"href":"https:\/\/baubauwall.com\/et\/wp-json\/wp\/v2\/product\/6200","targetHints":{"allow":["GET"]}}],"collection":[{"href":"https:\/\/baubauwall.com\/et\/wp-json\/wp\/v2\/product"}],"about":[{"href":"https:\/\/baubauwall.com\/et\/wp-json\/wp\/v2\/types\/product"}],"replies":[{"embeddable":true,"href":"https:\/\/baubauwall.com\/et\/wp-json\/wp\/v2\/comments?post=6200"}],"wp:featuredmedia":[{"embeddable":true,"href":"https:\/\/baubauwall.com\/et\/wp-json\/wp\/v2\/media\/6199"}],"wp:attachment":[{"href":"https:\/\/baubauwall.com\/et\/wp-json\/wp\/v2\/media?parent=6200"}],"wp:term":[{"taxonomy":"product_brand","embeddable":true,"href":"https:\/\/baubauwall.com\/et\/wp-json\/wp\/v2\/product_brand?post=6200"},{"taxonomy":"product_cat","embeddable":true,"href":"https:\/\/baubauwall.com\/et\/wp-json\/wp\/v2\/product_cat?post=6200"},{"taxonomy":"product_tag","embeddable":true,"href":"https:\/\/baubauwall.com\/et\/wp-json\/wp\/v2\/product_tag?post=6200"}],"curies":[{"name":"wp","href":"https:\/\/api.w.org\/{rel}","templated":true}]}}