{"id":6219,"date":"2022-03-29T15:15:08","date_gmt":"2022-03-29T13:15:08","guid":{"rendered":"https:\/\/baubauwall.com\/product\/photowallpaper-wild-deer-dusk\/"},"modified":"2024-10-23T09:33:37","modified_gmt":"2024-10-23T07:33:37","slug":"fototapeet-podrad-hommikuudus","status":"publish","type":"product","link":"https:\/\/baubauwall.com\/et\/toode\/fototapeet-podrad-hommikuudus\/","title":{"rendered":"Fototapeet P\u00f5drad hommikuudus"},"content":{"rendered":"<p>Fototapeet, mis on kujundatud soojades toonides. Sellelt fototapeedilt leiad graatsilised p\u00f5drad hommikudus. Ilus tapeedivalik, kui Sulle meeldivad loodus ja loomad ning tunnetada nende l\u00e4hedust ka oma interj\u00f6\u00f6ris. Rahulik tapeet, mis sobib \u00fchtviisi h\u00e4sti magamistuppa v\u00f5i elutoa aktsentseinale.<\/p>\n<p>Nagu k\u00f5ik meie tapeedid, pilttapeedid ja fototapeedid, on ka see fototapeet tr\u00fckitud <a href=\"https:\/\/baubauwall.com\/et\/keskkonnasobralikud-tapeedid\/\" target=\"_blank\" rel=\"noopener\">keskkonnas\u00f5bralike v\u00e4rvidega<\/a>, hingavale fliistapeedi materjalile. Sinu uus tapeet \u201cUdune mets\u201d tuleb koju t\u00e4psetes, valmis l\u00f5igatud\u00a0 ja nummerdatud paanides, mis on just nii k\u00f5rged kui Sinu sein.<\/p>\n","protected":false},"excerpt":{"rendered":"<p>Fototapeet, mis on kujundatud soojades toonides. Sellelt fototapeedilt leiad graatsilised p\u00f5drad hommikudus. Ilus tapeedivalik, kui Sulle meeldivad loodus ja loomad ning tunnetada nende l\u00e4hedust ka oma interj\u00f6\u00f6ris. Rahulik tapeet, mis sobib \u00fchtviisi h\u00e4sti magamistuppa v\u00f5i elutoa aktsentseinale. Nagu k\u00f5ik meie tapeedid, pilttapeedid ja fototapeedid, on ka see fototapeet tr\u00fckitud keskkonnas\u00f5bralike v\u00e4rvidega, hingavale fliistapeedi materjalile. Sinu [&hellip;]<\/p>\n","protected":false},"featured_media":6216,"comment_status":"open","ping_status":"closed","template":"","meta":{"_acf_changed":false,"inline_featured_image":false},"product_brand":[],"product_cat":[433,396,265,275,411,413,414,415,402,245,255],"product_tag":[486,454],"class_list":{"0":"post-6219","1":"product","2":"type-product","3":"status-publish","4":"has-post-thumbnail","6":"product_cat-fototapeedid","7":"product_cat-skandinaavia","8":"product_cat-beezid-tapeedid","9":"product_cat-oranzid-tapeedid","10":"product_cat-kollased-tapeedid","11":"product_cat-magamistoa-tapeedid","12":"product_cat-soogitoa-tapeedid","13":"product_cat-kulalistetoa-tapeedid","14":"product_cat-elutoa-tapeedid","15":"product_cat-maastik","16":"product_cat-loomad","17":"product_tag-fotograafia-et","18":"product_tag-fototapeet-et","19":"pa_designedby-baubauwall","21":"first","22":"instock","23":"taxable","24":"shipping-taxable","25":"purchasable","26":"product-type-simple"},"acf":[],"yoast_head":"<!-- This site is optimized with the Yoast SEO plugin v25.9 - https:\/\/yoast.com\/wordpress\/plugins\/seo\/ -->\n<title>Fototapeet p\u00e4ikeset\u00f5usu valguses loodus<\/title>\n<meta name=\"description\" content=\"Soojades toonides fototapeet p\u00f5hjamaiste p\u00f5tradega. Ilus tapeet suvilasse, elutuppa, spaasse v\u00f5i magamistoa seinale. Ilusad fototapeedid.\" \/>\n<meta name=\"robots\" content=\"index, follow, max-snippet:-1, max-image-preview:large, max-video-preview:-1\" \/>\n<link rel=\"canonical\" href=\"https:\/\/baubauwall.com\/et\/toode\/fototapeet-podrad-hommikuudus\/\" \/>\n<meta property=\"og:locale\" content=\"et_EE\" \/>\n<meta property=\"og:type\" content=\"article\" \/>\n<meta property=\"og:title\" content=\"Fototapeet p\u00e4ikeset\u00f5usu valguses loodus\" \/>\n<meta property=\"og:description\" content=\"Soojades toonides fototapeet p\u00f5hjamaiste p\u00f5tradega. Ilus tapeet suvilasse, elutuppa, spaasse v\u00f5i magamistoa seinale. Ilusad fototapeedid.\" \/>\n<meta property=\"og:url\" content=\"https:\/\/baubauwall.com\/et\/toode\/fototapeet-podrad-hommikuudus\/\" \/>\n<meta property=\"og:site_name\" content=\"BAUBAUWALL TAPEEDID\" \/>\n<meta property=\"article:publisher\" content=\"https:\/\/www.facebook.com\/Baubauwall\" \/>\n<meta property=\"article:modified_time\" content=\"2024-10-23T07:33:37+00:00\" \/>\n<meta property=\"og:image\" content=\"https:\/\/baubauwall.com\/wp-content\/uploads\/2022\/03\/51300002_WildDeer_Baubauwall_Wallmural_room7.jpg\" \/>\n\t<meta property=\"og:image:width\" content=\"1237\" \/>\n\t<meta property=\"og:image:height\" content=\"800\" \/>\n\t<meta property=\"og:image:type\" content=\"image\/jpeg\" \/>\n<meta name=\"twitter:card\" content=\"summary_large_image\" \/>\n<meta name=\"twitter:label1\" content=\"Est. reading time\" \/>\n\t<meta name=\"twitter:data1\" content=\"1 minut\" \/>\n<script type=\"application\/ld+json\" class=\"yoast-schema-graph\">{\"@context\":\"https:\/\/schema.org\",\"@graph\":[{\"@type\":\"WebPage\",\"@id\":\"https:\/\/baubauwall.com\/et\/toode\/fototapeet-podrad-hommikuudus\/\",\"url\":\"https:\/\/baubauwall.com\/et\/toode\/fototapeet-podrad-hommikuudus\/\",\"name\":\"Fototapeet p\u00e4ikeset\u00f5usu valguses loodus\",\"isPartOf\":{\"@id\":\"https:\/\/baubauwall.com\/et\/#website\"},\"primaryImageOfPage\":{\"@id\":\"https:\/\/baubauwall.com\/et\/toode\/fototapeet-podrad-hommikuudus\/#primaryimage\"},\"image\":{\"@id\":\"https:\/\/baubauwall.com\/et\/toode\/fototapeet-podrad-hommikuudus\/#primaryimage\"},\"thumbnailUrl\":\"https:\/\/baubauwall.com\/wp-content\/uploads\/2022\/03\/51300002_WildDeer_Baubauwall_Wallmural_room7.jpg\",\"datePublished\":\"2022-03-29T13:15:08+00:00\",\"dateModified\":\"2024-10-23T07:33:37+00:00\",\"description\":\"Soojades toonides fototapeet p\u00f5hjamaiste p\u00f5tradega. Ilus tapeet suvilasse, elutuppa, spaasse v\u00f5i magamistoa seinale. Ilusad fototapeedid.\",\"breadcrumb\":{\"@id\":\"https:\/\/baubauwall.com\/et\/toode\/fototapeet-podrad-hommikuudus\/#breadcrumb\"},\"inLanguage\":\"et\",\"potentialAction\":[{\"@type\":\"ReadAction\",\"target\":[\"https:\/\/baubauwall.com\/et\/toode\/fototapeet-podrad-hommikuudus\/\"]}]},{\"@type\":\"ImageObject\",\"inLanguage\":\"et\",\"@id\":\"https:\/\/baubauwall.com\/et\/toode\/fototapeet-podrad-hommikuudus\/#primaryimage\",\"url\":\"https:\/\/baubauwall.com\/wp-content\/uploads\/2022\/03\/51300002_WildDeer_Baubauwall_Wallmural_room7.jpg\",\"contentUrl\":\"https:\/\/baubauwall.com\/wp-content\/uploads\/2022\/03\/51300002_WildDeer_Baubauwall_Wallmural_room7.jpg\",\"width\":1237,\"height\":800},{\"@type\":\"BreadcrumbList\",\"@id\":\"https:\/\/baubauwall.com\/et\/toode\/fototapeet-podrad-hommikuudus\/#breadcrumb\",\"itemListElement\":[{\"@type\":\"ListItem\",\"position\":1,\"name\":\"Koju\",\"item\":\"https:\/\/baubauwall.com\/et\/\"},{\"@type\":\"ListItem\",\"position\":2,\"name\":\"Tapeedid\",\"item\":\"https:\/\/baubauwall.com\/et\/tapeedid\/\"},{\"@type\":\"ListItem\",\"position\":3,\"name\":\"Fototapeet P\u00f5drad hommikuudus\"}]},{\"@type\":\"WebSite\",\"@id\":\"https:\/\/baubauwall.com\/et\/#website\",\"url\":\"https:\/\/baubauwall.com\/et\/\",\"name\":\"BAUBAUWALL Wallpapers\",\"description\":\"Valmis paanides tapeet Eestist!\",\"publisher\":{\"@id\":\"https:\/\/baubauwall.com\/et\/#organization\"},\"potentialAction\":[{\"@type\":\"SearchAction\",\"target\":{\"@type\":\"EntryPoint\",\"urlTemplate\":\"https:\/\/baubauwall.com\/et\/?s={search_term_string}\"},\"query-input\":{\"@type\":\"PropertyValueSpecification\",\"valueRequired\":true,\"valueName\":\"search_term_string\"}}],\"inLanguage\":\"et\"},{\"@type\":\"Organization\",\"@id\":\"https:\/\/baubauwall.com\/et\/#organization\",\"name\":\"BAUBAUWALL Wallpapers\",\"url\":\"https:\/\/baubauwall.com\/et\/\",\"logo\":{\"@type\":\"ImageObject\",\"inLanguage\":\"et\",\"@id\":\"https:\/\/baubauwall.com\/et\/#\/schema\/logo\/image\/\",\"url\":\"https:\/\/baubauwall.com\/wp-content\/uploads\/2022\/03\/logo-horizontal.svg\",\"contentUrl\":\"https:\/\/baubauwall.com\/wp-content\/uploads\/2022\/03\/logo-horizontal.svg\",\"width\":\"1024\",\"height\":\"1024\",\"caption\":\"BAUBAUWALL Wallpapers\"},\"image\":{\"@id\":\"https:\/\/baubauwall.com\/et\/#\/schema\/logo\/image\/\"},\"sameAs\":[\"https:\/\/www.facebook.com\/Baubauwall\",\"https:\/\/www.instagram.com\/baubauwall\"]}]}<\/script>\n<!-- \/ Yoast SEO plugin. -->","yoast_head_json":{"title":"Fototapeet p\u00e4ikeset\u00f5usu valguses loodus","description":"Soojades toonides fototapeet p\u00f5hjamaiste p\u00f5tradega. Ilus tapeet suvilasse, elutuppa, spaasse v\u00f5i magamistoa seinale. Ilusad fototapeedid.","robots":{"index":"index","follow":"follow","max-snippet":"max-snippet:-1","max-image-preview":"max-image-preview:large","max-video-preview":"max-video-preview:-1"},"canonical":"https:\/\/baubauwall.com\/et\/toode\/fototapeet-podrad-hommikuudus\/","og_locale":"et_EE","og_type":"article","og_title":"Fototapeet p\u00e4ikeset\u00f5usu valguses loodus","og_description":"Soojades toonides fototapeet p\u00f5hjamaiste p\u00f5tradega. Ilus tapeet suvilasse, elutuppa, spaasse v\u00f5i magamistoa seinale. Ilusad fototapeedid.","og_url":"https:\/\/baubauwall.com\/et\/toode\/fototapeet-podrad-hommikuudus\/","og_site_name":"BAUBAUWALL TAPEEDID","article_publisher":"https:\/\/www.facebook.com\/Baubauwall","article_modified_time":"2024-10-23T07:33:37+00:00","og_image":[{"width":1237,"height":800,"url":"https:\/\/baubauwall.com\/wp-content\/uploads\/2022\/03\/51300002_WildDeer_Baubauwall_Wallmural_room7.jpg","type":"image\/jpeg"}],"twitter_card":"summary_large_image","twitter_misc":{"Est. reading time":"1 minut"},"schema":{"@context":"https:\/\/schema.org","@graph":[{"@type":"WebPage","@id":"https:\/\/baubauwall.com\/et\/toode\/fototapeet-podrad-hommikuudus\/","url":"https:\/\/baubauwall.com\/et\/toode\/fototapeet-podrad-hommikuudus\/","name":"Fototapeet p\u00e4ikeset\u00f5usu valguses loodus","isPartOf":{"@id":"https:\/\/baubauwall.com\/et\/#website"},"primaryImageOfPage":{"@id":"https:\/\/baubauwall.com\/et\/toode\/fototapeet-podrad-hommikuudus\/#primaryimage"},"image":{"@id":"https:\/\/baubauwall.com\/et\/toode\/fototapeet-podrad-hommikuudus\/#primaryimage"},"thumbnailUrl":"https:\/\/baubauwall.com\/wp-content\/uploads\/2022\/03\/51300002_WildDeer_Baubauwall_Wallmural_room7.jpg","datePublished":"2022-03-29T13:15:08+00:00","dateModified":"2024-10-23T07:33:37+00:00","description":"Soojades toonides fototapeet p\u00f5hjamaiste p\u00f5tradega. Ilus tapeet suvilasse, elutuppa, spaasse v\u00f5i magamistoa seinale. Ilusad fototapeedid.","breadcrumb":{"@id":"https:\/\/baubauwall.com\/et\/toode\/fototapeet-podrad-hommikuudus\/#breadcrumb"},"inLanguage":"et","potentialAction":[{"@type":"ReadAction","target":["https:\/\/baubauwall.com\/et\/toode\/fototapeet-podrad-hommikuudus\/"]}]},{"@type":"ImageObject","inLanguage":"et","@id":"https:\/\/baubauwall.com\/et\/toode\/fototapeet-podrad-hommikuudus\/#primaryimage","url":"https:\/\/baubauwall.com\/wp-content\/uploads\/2022\/03\/51300002_WildDeer_Baubauwall_Wallmural_room7.jpg","contentUrl":"https:\/\/baubauwall.com\/wp-content\/uploads\/2022\/03\/51300002_WildDeer_Baubauwall_Wallmural_room7.jpg","width":1237,"height":800},{"@type":"BreadcrumbList","@id":"https:\/\/baubauwall.com\/et\/toode\/fototapeet-podrad-hommikuudus\/#breadcrumb","itemListElement":[{"@type":"ListItem","position":1,"name":"Koju","item":"https:\/\/baubauwall.com\/et\/"},{"@type":"ListItem","position":2,"name":"Tapeedid","item":"https:\/\/baubauwall.com\/et\/tapeedid\/"},{"@type":"ListItem","position":3,"name":"Fototapeet P\u00f5drad hommikuudus"}]},{"@type":"WebSite","@id":"https:\/\/baubauwall.com\/et\/#website","url":"https:\/\/baubauwall.com\/et\/","name":"BAUBAUWALL Wallpapers","description":"Valmis paanides tapeet Eestist!","publisher":{"@id":"https:\/\/baubauwall.com\/et\/#organization"},"potentialAction":[{"@type":"SearchAction","target":{"@type":"EntryPoint","urlTemplate":"https:\/\/baubauwall.com\/et\/?s={search_term_string}"},"query-input":{"@type":"PropertyValueSpecification","valueRequired":true,"valueName":"search_term_string"}}],"inLanguage":"et"},{"@type":"Organization","@id":"https:\/\/baubauwall.com\/et\/#organization","name":"BAUBAUWALL Wallpapers","url":"https:\/\/baubauwall.com\/et\/","logo":{"@type":"ImageObject","inLanguage":"et","@id":"https:\/\/baubauwall.com\/et\/#\/schema\/logo\/image\/","url":"https:\/\/baubauwall.com\/wp-content\/uploads\/2022\/03\/logo-horizontal.svg","contentUrl":"https:\/\/baubauwall.com\/wp-content\/uploads\/2022\/03\/logo-horizontal.svg","width":"1024","height":"1024","caption":"BAUBAUWALL Wallpapers"},"image":{"@id":"https:\/\/baubauwall.com\/et\/#\/schema\/logo\/image\/"},"sameAs":["https:\/\/www.facebook.com\/Baubauwall","https:\/\/www.instagram.com\/baubauwall"]}]}},"jetpack_sharing_enabled":true,"_links":{"self":[{"href":"https:\/\/baubauwall.com\/et\/wp-json\/wp\/v2\/product\/6219","targetHints":{"allow":["GET"]}}],"collection":[{"href":"https:\/\/baubauwall.com\/et\/wp-json\/wp\/v2\/product"}],"about":[{"href":"https:\/\/baubauwall.com\/et\/wp-json\/wp\/v2\/types\/product"}],"replies":[{"embeddable":true,"href":"https:\/\/baubauwall.com\/et\/wp-json\/wp\/v2\/comments?post=6219"}],"wp:featuredmedia":[{"embeddable":true,"href":"https:\/\/baubauwall.com\/et\/wp-json\/wp\/v2\/media\/6216"}],"wp:attachment":[{"href":"https:\/\/baubauwall.com\/et\/wp-json\/wp\/v2\/media?parent=6219"}],"wp:term":[{"taxonomy":"product_brand","embeddable":true,"href":"https:\/\/baubauwall.com\/et\/wp-json\/wp\/v2\/product_brand?post=6219"},{"taxonomy":"product_cat","embeddable":true,"href":"https:\/\/baubauwall.com\/et\/wp-json\/wp\/v2\/product_cat?post=6219"},{"taxonomy":"product_tag","embeddable":true,"href":"https:\/\/baubauwall.com\/et\/wp-json\/wp\/v2\/product_tag?post=6219"}],"curies":[{"name":"wp","href":"https:\/\/api.w.org\/{rel}","templated":true}]}}