{"id":6274,"date":"2022-03-03T07:18:00","date_gmt":"2022-03-03T07:18:00","guid":{"rendered":"https:\/\/baubauwall.com\/product\/flower-tree-wallmural\/"},"modified":"2023-07-12T16:42:43","modified_gmt":"2023-07-12T14:42:43","slug":"flower-tree-wallmural","status":"publish","type":"product","link":"https:\/\/baubauwall.com\/et\/toode\/flower-tree-wallmural\/","title":{"rendered":"\u00d5itsev lillepuu"},"content":{"rendered":"<p>\u00dcks meie populaarsemaid tapeete! On see muinasjutuline lill v\u00f5i puuoks? Ehk m\u00f5lemat. Maitsekas pilttapeet on loodud k\u00e4sitsi maalitud abstraktsete \u00f5itega puust, mis tundub olevat justkui muinasjutumetsas. Loo selle imeilusa tapeedidisainiga oma elu- v\u00f5i s\u00f6\u00f6gitoas rahulik \u00fcldmulje ja atmosf\u00e4\u00e4r. Rahusta oma meeli, too oma magamistoa seintele m\u00fcstikat ja \u00e4rka puulatvu kiigutava maheda tuuleiili saatel. Piilu kodude tapeetide <a href=\"https:\/\/baubauwall.com\/et\/ideed\/let-the-homes-do-the-talking\/\" target=\"_blank\" rel=\"noopener\">galeriisse<\/a> veendumaks, kui h\u00e4sti see sobib erinevatesse interj\u00f6\u00f6ridesse!<\/p>\n<p>Nagu k\u00f5ik meie tapeedid on ka see disain pilttapeet tr\u00fckitud keskkonnas\u00f5bralike v\u00e4rvidega hingavale, fliistapeedi materjalile. Sinu uus tapeet on l\u00f5igatud nummerdatud paanideks \u2013 t\u00e4pselt nii pikad, kui Sinu sein. Kuidas see t\u00f6\u00f6tab \u2013 loe l\u00e4hemalt<a href=\"https:\/\/baubauwall.com\/et\/kuidas-see-tootab\/\" target=\"_blank\" rel=\"noopener\">\u00a0siit.<\/a><\/p>\n<p>&nbsp;<\/p>\n","protected":false},"excerpt":{"rendered":"<p>\u00dcks meie populaarsemaid tapeete! On see muinasjutuline lill v\u00f5i puuoks? Ehk m\u00f5lemat. Maitsekas pilttapeet on loodud k\u00e4sitsi maalitud abstraktsete \u00f5itega puust, mis tundub olevat justkui muinasjutumetsas. Loo selle imeilusa tapeedidisainiga oma elu- v\u00f5i s\u00f6\u00f6gitoas rahulik \u00fcldmulje ja atmosf\u00e4\u00e4r. Rahusta oma meeli, too oma magamistoa seintele m\u00fcstikat ja \u00e4rka puulatvu kiigutava maheda tuuleiili saatel. Piilu kodude [&hellip;]<\/p>\n","protected":false},"featured_media":47880,"comment_status":"open","ping_status":"closed","template":"","meta":{"_acf_changed":false,"inline_featured_image":false},"product_brand":[],"product_cat":[387,395,388,265,269,413,414,402,412],"product_tag":[563,334,345,646],"class_list":{"0":"post-6274","1":"product","2":"type-product","3":"status-publish","4":"has-post-thumbnail","6":"product_cat-pilttapeedid","7":"product_cat-romantiline","8":"product_cat-vintage-et","9":"product_cat-beezid-tapeedid","10":"product_cat-pruunid-tapeedid","11":"product_cat-magamistoa-tapeedid","12":"product_cat-soogitoa-tapeedid","13":"product_cat-elutoa-tapeedid","14":"product_cat-vannitoa-tapeedid","15":"product_tag-biofiilia-stiil","16":"product_tag-japandi-et","17":"product_tag-pilttapeet","18":"product_tag-suured-lilled-et","19":"pa_designedby-baubauwall","21":"first","22":"instock","23":"taxable","24":"shipping-taxable","25":"purchasable","26":"product-type-simple"},"acf":[],"yoast_head":"<!-- This site is optimized with the Yoast SEO plugin v25.9 - https:\/\/yoast.com\/wordpress\/plugins\/seo\/ -->\n<title>\u00d5itsev lillepuu pilttapeet. Maitsekas disain tapeet magamistuppa.<\/title>\n<meta name=\"description\" content=\"Pilttapeet \u00f5itsva efektse lillepuuga. Disain bee\u017eides toonides. R\u00e4tsepat\u00f6\u00f6na valmivad sinu seina m\u00f5\u00f5tu tapeedid. Tapeedid, mida mujalt ei leia.\" \/>\n<meta name=\"robots\" content=\"index, follow, max-snippet:-1, max-image-preview:large, max-video-preview:-1\" \/>\n<link rel=\"canonical\" href=\"https:\/\/baubauwall.com\/et\/toode\/flower-tree-wallmural\/\" \/>\n<meta property=\"og:locale\" content=\"et_EE\" \/>\n<meta property=\"og:type\" content=\"article\" \/>\n<meta property=\"og:title\" content=\"\u00d5itsev lillepuu pilttapeet. Maitsekas disain tapeet magamistuppa.\" \/>\n<meta property=\"og:description\" content=\"Pilttapeet \u00f5itsva efektse lillepuuga. Disain bee\u017eides toonides. R\u00e4tsepat\u00f6\u00f6na valmivad sinu seina m\u00f5\u00f5tu tapeedid. Tapeedid, mida mujalt ei leia.\" \/>\n<meta property=\"og:url\" content=\"https:\/\/baubauwall.com\/et\/toode\/flower-tree-wallmural\/\" \/>\n<meta property=\"og:site_name\" content=\"BAUBAUWALL TAPEEDID\" \/>\n<meta property=\"article:publisher\" content=\"https:\/\/www.facebook.com\/Baubauwall\" \/>\n<meta property=\"article:modified_time\" content=\"2023-07-12T14:42:43+00:00\" \/>\n<meta property=\"og:image\" content=\"https:\/\/baubauwall.com\/wp-content\/uploads\/2022\/03\/51200033_FlowerForestTree_Baubauwall_Wallmural_room10.jpg\" \/>\n\t<meta property=\"og:image:width\" content=\"1199\" \/>\n\t<meta property=\"og:image:height\" content=\"799\" \/>\n\t<meta property=\"og:image:type\" content=\"image\/jpeg\" \/>\n<meta name=\"twitter:card\" content=\"summary_large_image\" \/>\n<meta name=\"twitter:label1\" content=\"Est. reading time\" \/>\n\t<meta name=\"twitter:data1\" content=\"1 minut\" \/>\n<script type=\"application\/ld+json\" class=\"yoast-schema-graph\">{\"@context\":\"https:\/\/schema.org\",\"@graph\":[{\"@type\":\"WebPage\",\"@id\":\"https:\/\/baubauwall.com\/et\/toode\/flower-tree-wallmural\/\",\"url\":\"https:\/\/baubauwall.com\/et\/toode\/flower-tree-wallmural\/\",\"name\":\"\u00d5itsev lillepuu pilttapeet. Maitsekas disain tapeet magamistuppa.\",\"isPartOf\":{\"@id\":\"https:\/\/baubauwall.com\/et\/#website\"},\"primaryImageOfPage\":{\"@id\":\"https:\/\/baubauwall.com\/et\/toode\/flower-tree-wallmural\/#primaryimage\"},\"image\":{\"@id\":\"https:\/\/baubauwall.com\/et\/toode\/flower-tree-wallmural\/#primaryimage\"},\"thumbnailUrl\":\"https:\/\/baubauwall.com\/wp-content\/uploads\/2026\/04\/Lillepuu_pilttapeet_magamistoa_tapeet_FlowerTree_Baubauwall-1-scaled.jpg\",\"datePublished\":\"2022-03-03T07:18:00+00:00\",\"dateModified\":\"2023-07-12T14:42:43+00:00\",\"description\":\"Pilttapeet \u00f5itsva efektse lillepuuga. Disain bee\u017eides toonides. R\u00e4tsepat\u00f6\u00f6na valmivad sinu seina m\u00f5\u00f5tu tapeedid. Tapeedid, mida mujalt ei leia.\",\"breadcrumb\":{\"@id\":\"https:\/\/baubauwall.com\/et\/toode\/flower-tree-wallmural\/#breadcrumb\"},\"inLanguage\":\"et\",\"potentialAction\":[{\"@type\":\"ReadAction\",\"target\":[\"https:\/\/baubauwall.com\/et\/toode\/flower-tree-wallmural\/\"]}]},{\"@type\":\"ImageObject\",\"inLanguage\":\"et\",\"@id\":\"https:\/\/baubauwall.com\/et\/toode\/flower-tree-wallmural\/#primaryimage\",\"url\":\"https:\/\/baubauwall.com\/wp-content\/uploads\/2026\/04\/Lillepuu_pilttapeet_magamistoa_tapeet_FlowerTree_Baubauwall-1-scaled.jpg\",\"contentUrl\":\"https:\/\/baubauwall.com\/wp-content\/uploads\/2026\/04\/Lillepuu_pilttapeet_magamistoa_tapeet_FlowerTree_Baubauwall-1-scaled.jpg\",\"width\":2560,\"height\":1920,\"caption\":\"Bedroom wallpaper mural Flower tree bu Baubauwall Wallpapers\"},{\"@type\":\"BreadcrumbList\",\"@id\":\"https:\/\/baubauwall.com\/et\/toode\/flower-tree-wallmural\/#breadcrumb\",\"itemListElement\":[{\"@type\":\"ListItem\",\"position\":1,\"name\":\"Koju\",\"item\":\"https:\/\/baubauwall.com\/et\/\"},{\"@type\":\"ListItem\",\"position\":2,\"name\":\"Tapeedid\",\"item\":\"https:\/\/baubauwall.com\/et\/tapeedid\/\"},{\"@type\":\"ListItem\",\"position\":3,\"name\":\"\u00d5itsev lillepuu\"}]},{\"@type\":\"WebSite\",\"@id\":\"https:\/\/baubauwall.com\/et\/#website\",\"url\":\"https:\/\/baubauwall.com\/et\/\",\"name\":\"BAUBAUWALL Wallpapers\",\"description\":\"Valmis paanides tapeet Eestist!\",\"publisher\":{\"@id\":\"https:\/\/baubauwall.com\/et\/#organization\"},\"potentialAction\":[{\"@type\":\"SearchAction\",\"target\":{\"@type\":\"EntryPoint\",\"urlTemplate\":\"https:\/\/baubauwall.com\/et\/?s={search_term_string}\"},\"query-input\":{\"@type\":\"PropertyValueSpecification\",\"valueRequired\":true,\"valueName\":\"search_term_string\"}}],\"inLanguage\":\"et\"},{\"@type\":\"Organization\",\"@id\":\"https:\/\/baubauwall.com\/et\/#organization\",\"name\":\"BAUBAUWALL Wallpapers\",\"url\":\"https:\/\/baubauwall.com\/et\/\",\"logo\":{\"@type\":\"ImageObject\",\"inLanguage\":\"et\",\"@id\":\"https:\/\/baubauwall.com\/et\/#\/schema\/logo\/image\/\",\"url\":\"https:\/\/baubauwall.com\/wp-content\/uploads\/2022\/03\/logo-horizontal.svg\",\"contentUrl\":\"https:\/\/baubauwall.com\/wp-content\/uploads\/2022\/03\/logo-horizontal.svg\",\"width\":\"1024\",\"height\":\"1024\",\"caption\":\"BAUBAUWALL Wallpapers\"},\"image\":{\"@id\":\"https:\/\/baubauwall.com\/et\/#\/schema\/logo\/image\/\"},\"sameAs\":[\"https:\/\/www.facebook.com\/Baubauwall\",\"https:\/\/www.instagram.com\/baubauwall\"]}]}<\/script>\n<!-- \/ Yoast SEO plugin. -->","yoast_head_json":{"title":"\u00d5itsev lillepuu pilttapeet. Maitsekas disain tapeet magamistuppa.","description":"Pilttapeet \u00f5itsva efektse lillepuuga. Disain bee\u017eides toonides. R\u00e4tsepat\u00f6\u00f6na valmivad sinu seina m\u00f5\u00f5tu tapeedid. Tapeedid, mida mujalt ei leia.","robots":{"index":"index","follow":"follow","max-snippet":"max-snippet:-1","max-image-preview":"max-image-preview:large","max-video-preview":"max-video-preview:-1"},"canonical":"https:\/\/baubauwall.com\/et\/toode\/flower-tree-wallmural\/","og_locale":"et_EE","og_type":"article","og_title":"\u00d5itsev lillepuu pilttapeet. Maitsekas disain tapeet magamistuppa.","og_description":"Pilttapeet \u00f5itsva efektse lillepuuga. Disain bee\u017eides toonides. R\u00e4tsepat\u00f6\u00f6na valmivad sinu seina m\u00f5\u00f5tu tapeedid. Tapeedid, mida mujalt ei leia.","og_url":"https:\/\/baubauwall.com\/et\/toode\/flower-tree-wallmural\/","og_site_name":"BAUBAUWALL TAPEEDID","article_publisher":"https:\/\/www.facebook.com\/Baubauwall","article_modified_time":"2023-07-12T14:42:43+00:00","og_image":[{"width":1199,"height":799,"url":"https:\/\/baubauwall.com\/wp-content\/uploads\/2022\/03\/51200033_FlowerForestTree_Baubauwall_Wallmural_room10.jpg","type":"image\/jpeg"}],"twitter_card":"summary_large_image","twitter_misc":{"Est. reading time":"1 minut"},"schema":{"@context":"https:\/\/schema.org","@graph":[{"@type":"WebPage","@id":"https:\/\/baubauwall.com\/et\/toode\/flower-tree-wallmural\/","url":"https:\/\/baubauwall.com\/et\/toode\/flower-tree-wallmural\/","name":"\u00d5itsev lillepuu pilttapeet. Maitsekas disain tapeet magamistuppa.","isPartOf":{"@id":"https:\/\/baubauwall.com\/et\/#website"},"primaryImageOfPage":{"@id":"https:\/\/baubauwall.com\/et\/toode\/flower-tree-wallmural\/#primaryimage"},"image":{"@id":"https:\/\/baubauwall.com\/et\/toode\/flower-tree-wallmural\/#primaryimage"},"thumbnailUrl":"https:\/\/baubauwall.com\/wp-content\/uploads\/2026\/04\/Lillepuu_pilttapeet_magamistoa_tapeet_FlowerTree_Baubauwall-1-scaled.jpg","datePublished":"2022-03-03T07:18:00+00:00","dateModified":"2023-07-12T14:42:43+00:00","description":"Pilttapeet \u00f5itsva efektse lillepuuga. Disain bee\u017eides toonides. R\u00e4tsepat\u00f6\u00f6na valmivad sinu seina m\u00f5\u00f5tu tapeedid. Tapeedid, mida mujalt ei leia.","breadcrumb":{"@id":"https:\/\/baubauwall.com\/et\/toode\/flower-tree-wallmural\/#breadcrumb"},"inLanguage":"et","potentialAction":[{"@type":"ReadAction","target":["https:\/\/baubauwall.com\/et\/toode\/flower-tree-wallmural\/"]}]},{"@type":"ImageObject","inLanguage":"et","@id":"https:\/\/baubauwall.com\/et\/toode\/flower-tree-wallmural\/#primaryimage","url":"https:\/\/baubauwall.com\/wp-content\/uploads\/2026\/04\/Lillepuu_pilttapeet_magamistoa_tapeet_FlowerTree_Baubauwall-1-scaled.jpg","contentUrl":"https:\/\/baubauwall.com\/wp-content\/uploads\/2026\/04\/Lillepuu_pilttapeet_magamistoa_tapeet_FlowerTree_Baubauwall-1-scaled.jpg","width":2560,"height":1920,"caption":"Bedroom wallpaper mural Flower tree bu Baubauwall Wallpapers"},{"@type":"BreadcrumbList","@id":"https:\/\/baubauwall.com\/et\/toode\/flower-tree-wallmural\/#breadcrumb","itemListElement":[{"@type":"ListItem","position":1,"name":"Koju","item":"https:\/\/baubauwall.com\/et\/"},{"@type":"ListItem","position":2,"name":"Tapeedid","item":"https:\/\/baubauwall.com\/et\/tapeedid\/"},{"@type":"ListItem","position":3,"name":"\u00d5itsev lillepuu"}]},{"@type":"WebSite","@id":"https:\/\/baubauwall.com\/et\/#website","url":"https:\/\/baubauwall.com\/et\/","name":"BAUBAUWALL Wallpapers","description":"Valmis paanides tapeet Eestist!","publisher":{"@id":"https:\/\/baubauwall.com\/et\/#organization"},"potentialAction":[{"@type":"SearchAction","target":{"@type":"EntryPoint","urlTemplate":"https:\/\/baubauwall.com\/et\/?s={search_term_string}"},"query-input":{"@type":"PropertyValueSpecification","valueRequired":true,"valueName":"search_term_string"}}],"inLanguage":"et"},{"@type":"Organization","@id":"https:\/\/baubauwall.com\/et\/#organization","name":"BAUBAUWALL Wallpapers","url":"https:\/\/baubauwall.com\/et\/","logo":{"@type":"ImageObject","inLanguage":"et","@id":"https:\/\/baubauwall.com\/et\/#\/schema\/logo\/image\/","url":"https:\/\/baubauwall.com\/wp-content\/uploads\/2022\/03\/logo-horizontal.svg","contentUrl":"https:\/\/baubauwall.com\/wp-content\/uploads\/2022\/03\/logo-horizontal.svg","width":"1024","height":"1024","caption":"BAUBAUWALL Wallpapers"},"image":{"@id":"https:\/\/baubauwall.com\/et\/#\/schema\/logo\/image\/"},"sameAs":["https:\/\/www.facebook.com\/Baubauwall","https:\/\/www.instagram.com\/baubauwall"]}]}},"jetpack_sharing_enabled":true,"_links":{"self":[{"href":"https:\/\/baubauwall.com\/et\/wp-json\/wp\/v2\/product\/6274","targetHints":{"allow":["GET"]}}],"collection":[{"href":"https:\/\/baubauwall.com\/et\/wp-json\/wp\/v2\/product"}],"about":[{"href":"https:\/\/baubauwall.com\/et\/wp-json\/wp\/v2\/types\/product"}],"replies":[{"embeddable":true,"href":"https:\/\/baubauwall.com\/et\/wp-json\/wp\/v2\/comments?post=6274"}],"wp:featuredmedia":[{"embeddable":true,"href":"https:\/\/baubauwall.com\/et\/wp-json\/wp\/v2\/media\/47880"}],"wp:attachment":[{"href":"https:\/\/baubauwall.com\/et\/wp-json\/wp\/v2\/media?parent=6274"}],"wp:term":[{"taxonomy":"product_brand","embeddable":true,"href":"https:\/\/baubauwall.com\/et\/wp-json\/wp\/v2\/product_brand?post=6274"},{"taxonomy":"product_cat","embeddable":true,"href":"https:\/\/baubauwall.com\/et\/wp-json\/wp\/v2\/product_cat?post=6274"},{"taxonomy":"product_tag","embeddable":true,"href":"https:\/\/baubauwall.com\/et\/wp-json\/wp\/v2\/product_tag?post=6274"}],"curies":[{"name":"wp","href":"https:\/\/api.w.org\/{rel}","templated":true}]}}