{"id":6316,"date":"2022-03-03T07:18:00","date_gmt":"2022-03-03T05:18:00","guid":{"rendered":"https:\/\/baubauwall.com\/product\/fluffy-watercolor-clouds-wallmural\/"},"modified":"2026-04-09T15:39:47","modified_gmt":"2026-04-09T13:39:47","slug":"pilttapeet-udupehmed-pilved","status":"publish","type":"product","link":"https:\/\/baubauwall.com\/et\/toode\/pilttapeet-udupehmed-pilved\/","title":{"rendered":"Udupehmed pilved"},"content":{"rendered":"<p>Pilttapeet udupehmete roosade pilvedega. Tapeet, mis kohe kutsub unistama ja pilvi p\u00f5rnitsema. Tapeedidisainis on kasutatud segatehnikat akvarellide ja fotograafiaga, tulemuseks roosakas-bee\u017eikas ilus kujundus, mis sobib v\u00e4ga erinevatesse interj\u00f6\u00f6ridesse.\u00a0 Paigalda see pilttapeet\u00a0 magamistoa seinale, kodusesse spaasse v\u00f5i lastetuppa. Pehmed, kohevad ja unelevad unen\u00e4od on garanteeritud!<\/p>\n<p>Nagu k\u00f5ik meie tapeedid on ka see pilttapeet tr\u00fckitud keskkonnas\u00f5bralike v\u00e4rvidega hingavale, fliistapeedi materjalile. Loe l\u00e4hemalt keskkonnas\u00f5bralikest, nutikatest tapeetidest<a href=\"https:\/\/baubauwall.com\/et\/keskkonnasobralikud-tapeedid\/\" target=\"_blank\" rel=\"noopener\"> siit.<\/a><\/p>\n","protected":false},"excerpt":{"rendered":"<p>Pilttapeet udupehmete roosade pilvedega. Tapeet, mis kohe kutsub unistama ja pilvi p\u00f5rnitsema. Tapeedidisainis on kasutatud segatehnikat akvarellide ja fotograafiaga, tulemuseks roosakas-bee\u017eikas ilus kujundus, mis sobib v\u00e4ga erinevatesse interj\u00f6\u00f6ridesse.\u00a0 Paigalda see pilttapeet\u00a0 magamistoa seinale, kodusesse spaasse v\u00f5i lastetuppa. Pehmed, kohevad ja unelevad unen\u00e4od on garanteeritud! Nagu k\u00f5ik meie tapeedid on ka see pilttapeet tr\u00fckitud keskkonnas\u00f5bralike v\u00e4rvidega [&hellip;]<\/p>\n","protected":false},"featured_media":6313,"comment_status":"open","ping_status":"closed","template":"","meta":{"_acf_changed":false,"inline_featured_image":false},"product_brand":[],"product_cat":[387,395,267,273,278,752,413,402,699,583,465],"product_tag":[563,695,345,381],"class_list":{"0":"post-6316","1":"product","2":"type-product","3":"status-publish","4":"has-post-thumbnail","6":"product_cat-pilttapeedid","7":"product_cat-romantiline","8":"product_cat-sinised-tapeedid","9":"product_cat-heledad-tapeedid","10":"product_cat-roosad-tapeedid","11":"product_cat-avalik-ruum","12":"product_cat-magamistoa-tapeedid","13":"product_cat-elutoa-tapeedid","14":"product_cat-eesti-disain-tapeedid","15":"product_cat-vesivarv","16":"product_cat-taevas-ja-pilved","17":"product_tag-biofiilia-stiil","18":"product_tag-eesti-disain-tapeedid","19":"product_tag-pilttapeet","20":"product_tag-vesivarv","22":"first","23":"instock","24":"taxable","25":"shipping-taxable","26":"purchasable","27":"product-type-simple"},"acf":[],"yoast_head":"<!-- This site is optimized with the Yoast SEO plugin v25.9 - https:\/\/yoast.com\/wordpress\/plugins\/seo\/ -->\n<title>Pilttapeet Vesiv\u00e4rvi Pehmed pilved. Nutikad disaintapeedid.<\/title>\n<meta name=\"description\" content=\"Udupehmed vesiv\u00e4rvi pilved pilttapeet. Tapeedid, mis sobivad magamistoa, lastetoa seinale ja mujale. Sinu seina m\u00f5\u00f5dus tapeedipaanid.\" \/>\n<meta name=\"robots\" content=\"index, follow, max-snippet:-1, max-image-preview:large, max-video-preview:-1\" \/>\n<link rel=\"canonical\" href=\"https:\/\/baubauwall.com\/et\/toode\/pilttapeet-udupehmed-pilved\/\" \/>\n<meta property=\"og:locale\" content=\"et_EE\" \/>\n<meta property=\"og:type\" content=\"article\" \/>\n<meta property=\"og:title\" content=\"Pilttapeet Vesiv\u00e4rvi Pehmed pilved. Nutikad disaintapeedid.\" \/>\n<meta property=\"og:description\" content=\"Udupehmed vesiv\u00e4rvi pilved pilttapeet. Tapeedid, mis sobivad magamistoa, lastetoa seinale ja mujale. Sinu seina m\u00f5\u00f5dus tapeedipaanid.\" \/>\n<meta property=\"og:url\" content=\"https:\/\/baubauwall.com\/et\/toode\/pilttapeet-udupehmed-pilved\/\" \/>\n<meta property=\"og:site_name\" content=\"BAUBAUWALL TAPEEDID\" \/>\n<meta property=\"article:publisher\" content=\"https:\/\/www.facebook.com\/Baubauwall\" \/>\n<meta property=\"article:modified_time\" content=\"2026-04-09T13:39:47+00:00\" \/>\n<meta property=\"og:image\" content=\"https:\/\/baubauwall.com\/wp-content\/uploads\/2022\/03\/51200035_WatercolorClouds_Baubauwall_Wallmural_room7.jpg\" \/>\n\t<meta property=\"og:image:width\" content=\"533\" \/>\n\t<meta property=\"og:image:height\" content=\"800\" \/>\n\t<meta property=\"og:image:type\" content=\"image\/jpeg\" \/>\n<meta name=\"twitter:card\" content=\"summary_large_image\" \/>\n<meta name=\"twitter:label1\" content=\"Est. reading time\" \/>\n\t<meta name=\"twitter:data1\" content=\"1 minut\" \/>\n<script type=\"application\/ld+json\" class=\"yoast-schema-graph\">{\"@context\":\"https:\/\/schema.org\",\"@graph\":[{\"@type\":\"WebPage\",\"@id\":\"https:\/\/baubauwall.com\/et\/toode\/pilttapeet-udupehmed-pilved\/\",\"url\":\"https:\/\/baubauwall.com\/et\/toode\/pilttapeet-udupehmed-pilved\/\",\"name\":\"Pilttapeet Vesiv\u00e4rvi Pehmed pilved. Nutikad disaintapeedid.\",\"isPartOf\":{\"@id\":\"https:\/\/baubauwall.com\/et\/#website\"},\"primaryImageOfPage\":{\"@id\":\"https:\/\/baubauwall.com\/et\/toode\/pilttapeet-udupehmed-pilved\/#primaryimage\"},\"image\":{\"@id\":\"https:\/\/baubauwall.com\/et\/toode\/pilttapeet-udupehmed-pilved\/#primaryimage\"},\"thumbnailUrl\":\"https:\/\/baubauwall.com\/wp-content\/uploads\/2022\/03\/51200035_WatercolorClouds_Baubauwall_Wallmural_room7.jpg\",\"datePublished\":\"2022-03-03T05:18:00+00:00\",\"dateModified\":\"2026-04-09T13:39:47+00:00\",\"description\":\"Udupehmed vesiv\u00e4rvi pilved pilttapeet. Tapeedid, mis sobivad magamistoa, lastetoa seinale ja mujale. Sinu seina m\u00f5\u00f5dus tapeedipaanid.\",\"breadcrumb\":{\"@id\":\"https:\/\/baubauwall.com\/et\/toode\/pilttapeet-udupehmed-pilved\/#breadcrumb\"},\"inLanguage\":\"et\",\"potentialAction\":[{\"@type\":\"ReadAction\",\"target\":[\"https:\/\/baubauwall.com\/et\/toode\/pilttapeet-udupehmed-pilved\/\"]}]},{\"@type\":\"ImageObject\",\"inLanguage\":\"et\",\"@id\":\"https:\/\/baubauwall.com\/et\/toode\/pilttapeet-udupehmed-pilved\/#primaryimage\",\"url\":\"https:\/\/baubauwall.com\/wp-content\/uploads\/2022\/03\/51200035_WatercolorClouds_Baubauwall_Wallmural_room7.jpg\",\"contentUrl\":\"https:\/\/baubauwall.com\/wp-content\/uploads\/2022\/03\/51200035_WatercolorClouds_Baubauwall_Wallmural_room7.jpg\",\"width\":533,\"height\":800,\"caption\":\"Pilvedega tapeet. Stiilne ja pehme pilvedega tapeet elutuppa, s\u00f6\u00f6gituppa v\u00f5i mujale\"},{\"@type\":\"BreadcrumbList\",\"@id\":\"https:\/\/baubauwall.com\/et\/toode\/pilttapeet-udupehmed-pilved\/#breadcrumb\",\"itemListElement\":[{\"@type\":\"ListItem\",\"position\":1,\"name\":\"Koju\",\"item\":\"https:\/\/baubauwall.com\/et\/\"},{\"@type\":\"ListItem\",\"position\":2,\"name\":\"Tapeedid\",\"item\":\"https:\/\/baubauwall.com\/et\/tapeedid\/\"},{\"@type\":\"ListItem\",\"position\":3,\"name\":\"Udupehmed pilved\"}]},{\"@type\":\"WebSite\",\"@id\":\"https:\/\/baubauwall.com\/et\/#website\",\"url\":\"https:\/\/baubauwall.com\/et\/\",\"name\":\"BAUBAUWALL Wallpapers\",\"description\":\"Valmis paanides tapeet Eestist!\",\"publisher\":{\"@id\":\"https:\/\/baubauwall.com\/et\/#organization\"},\"potentialAction\":[{\"@type\":\"SearchAction\",\"target\":{\"@type\":\"EntryPoint\",\"urlTemplate\":\"https:\/\/baubauwall.com\/et\/?s={search_term_string}\"},\"query-input\":{\"@type\":\"PropertyValueSpecification\",\"valueRequired\":true,\"valueName\":\"search_term_string\"}}],\"inLanguage\":\"et\"},{\"@type\":\"Organization\",\"@id\":\"https:\/\/baubauwall.com\/et\/#organization\",\"name\":\"BAUBAUWALL Wallpapers\",\"url\":\"https:\/\/baubauwall.com\/et\/\",\"logo\":{\"@type\":\"ImageObject\",\"inLanguage\":\"et\",\"@id\":\"https:\/\/baubauwall.com\/et\/#\/schema\/logo\/image\/\",\"url\":\"https:\/\/baubauwall.com\/wp-content\/uploads\/2022\/03\/logo-horizontal.svg\",\"contentUrl\":\"https:\/\/baubauwall.com\/wp-content\/uploads\/2022\/03\/logo-horizontal.svg\",\"width\":\"1024\",\"height\":\"1024\",\"caption\":\"BAUBAUWALL Wallpapers\"},\"image\":{\"@id\":\"https:\/\/baubauwall.com\/et\/#\/schema\/logo\/image\/\"},\"sameAs\":[\"https:\/\/www.facebook.com\/Baubauwall\",\"https:\/\/www.instagram.com\/baubauwall\"]}]}<\/script>\n<!-- \/ Yoast SEO plugin. -->","yoast_head_json":{"title":"Pilttapeet Vesiv\u00e4rvi Pehmed pilved. Nutikad disaintapeedid.","description":"Udupehmed vesiv\u00e4rvi pilved pilttapeet. Tapeedid, mis sobivad magamistoa, lastetoa seinale ja mujale. Sinu seina m\u00f5\u00f5dus tapeedipaanid.","robots":{"index":"index","follow":"follow","max-snippet":"max-snippet:-1","max-image-preview":"max-image-preview:large","max-video-preview":"max-video-preview:-1"},"canonical":"https:\/\/baubauwall.com\/et\/toode\/pilttapeet-udupehmed-pilved\/","og_locale":"et_EE","og_type":"article","og_title":"Pilttapeet Vesiv\u00e4rvi Pehmed pilved. Nutikad disaintapeedid.","og_description":"Udupehmed vesiv\u00e4rvi pilved pilttapeet. Tapeedid, mis sobivad magamistoa, lastetoa seinale ja mujale. Sinu seina m\u00f5\u00f5dus tapeedipaanid.","og_url":"https:\/\/baubauwall.com\/et\/toode\/pilttapeet-udupehmed-pilved\/","og_site_name":"BAUBAUWALL TAPEEDID","article_publisher":"https:\/\/www.facebook.com\/Baubauwall","article_modified_time":"2026-04-09T13:39:47+00:00","og_image":[{"width":533,"height":800,"url":"https:\/\/baubauwall.com\/wp-content\/uploads\/2022\/03\/51200035_WatercolorClouds_Baubauwall_Wallmural_room7.jpg","type":"image\/jpeg"}],"twitter_card":"summary_large_image","twitter_misc":{"Est. reading time":"1 minut"},"schema":{"@context":"https:\/\/schema.org","@graph":[{"@type":"WebPage","@id":"https:\/\/baubauwall.com\/et\/toode\/pilttapeet-udupehmed-pilved\/","url":"https:\/\/baubauwall.com\/et\/toode\/pilttapeet-udupehmed-pilved\/","name":"Pilttapeet Vesiv\u00e4rvi Pehmed pilved. Nutikad disaintapeedid.","isPartOf":{"@id":"https:\/\/baubauwall.com\/et\/#website"},"primaryImageOfPage":{"@id":"https:\/\/baubauwall.com\/et\/toode\/pilttapeet-udupehmed-pilved\/#primaryimage"},"image":{"@id":"https:\/\/baubauwall.com\/et\/toode\/pilttapeet-udupehmed-pilved\/#primaryimage"},"thumbnailUrl":"https:\/\/baubauwall.com\/wp-content\/uploads\/2022\/03\/51200035_WatercolorClouds_Baubauwall_Wallmural_room7.jpg","datePublished":"2022-03-03T05:18:00+00:00","dateModified":"2026-04-09T13:39:47+00:00","description":"Udupehmed vesiv\u00e4rvi pilved pilttapeet. Tapeedid, mis sobivad magamistoa, lastetoa seinale ja mujale. Sinu seina m\u00f5\u00f5dus tapeedipaanid.","breadcrumb":{"@id":"https:\/\/baubauwall.com\/et\/toode\/pilttapeet-udupehmed-pilved\/#breadcrumb"},"inLanguage":"et","potentialAction":[{"@type":"ReadAction","target":["https:\/\/baubauwall.com\/et\/toode\/pilttapeet-udupehmed-pilved\/"]}]},{"@type":"ImageObject","inLanguage":"et","@id":"https:\/\/baubauwall.com\/et\/toode\/pilttapeet-udupehmed-pilved\/#primaryimage","url":"https:\/\/baubauwall.com\/wp-content\/uploads\/2022\/03\/51200035_WatercolorClouds_Baubauwall_Wallmural_room7.jpg","contentUrl":"https:\/\/baubauwall.com\/wp-content\/uploads\/2022\/03\/51200035_WatercolorClouds_Baubauwall_Wallmural_room7.jpg","width":533,"height":800,"caption":"Pilvedega tapeet. Stiilne ja pehme pilvedega tapeet elutuppa, s\u00f6\u00f6gituppa v\u00f5i mujale"},{"@type":"BreadcrumbList","@id":"https:\/\/baubauwall.com\/et\/toode\/pilttapeet-udupehmed-pilved\/#breadcrumb","itemListElement":[{"@type":"ListItem","position":1,"name":"Koju","item":"https:\/\/baubauwall.com\/et\/"},{"@type":"ListItem","position":2,"name":"Tapeedid","item":"https:\/\/baubauwall.com\/et\/tapeedid\/"},{"@type":"ListItem","position":3,"name":"Udupehmed pilved"}]},{"@type":"WebSite","@id":"https:\/\/baubauwall.com\/et\/#website","url":"https:\/\/baubauwall.com\/et\/","name":"BAUBAUWALL Wallpapers","description":"Valmis paanides tapeet Eestist!","publisher":{"@id":"https:\/\/baubauwall.com\/et\/#organization"},"potentialAction":[{"@type":"SearchAction","target":{"@type":"EntryPoint","urlTemplate":"https:\/\/baubauwall.com\/et\/?s={search_term_string}"},"query-input":{"@type":"PropertyValueSpecification","valueRequired":true,"valueName":"search_term_string"}}],"inLanguage":"et"},{"@type":"Organization","@id":"https:\/\/baubauwall.com\/et\/#organization","name":"BAUBAUWALL Wallpapers","url":"https:\/\/baubauwall.com\/et\/","logo":{"@type":"ImageObject","inLanguage":"et","@id":"https:\/\/baubauwall.com\/et\/#\/schema\/logo\/image\/","url":"https:\/\/baubauwall.com\/wp-content\/uploads\/2022\/03\/logo-horizontal.svg","contentUrl":"https:\/\/baubauwall.com\/wp-content\/uploads\/2022\/03\/logo-horizontal.svg","width":"1024","height":"1024","caption":"BAUBAUWALL Wallpapers"},"image":{"@id":"https:\/\/baubauwall.com\/et\/#\/schema\/logo\/image\/"},"sameAs":["https:\/\/www.facebook.com\/Baubauwall","https:\/\/www.instagram.com\/baubauwall"]}]}},"jetpack_sharing_enabled":true,"_links":{"self":[{"href":"https:\/\/baubauwall.com\/et\/wp-json\/wp\/v2\/product\/6316","targetHints":{"allow":["GET"]}}],"collection":[{"href":"https:\/\/baubauwall.com\/et\/wp-json\/wp\/v2\/product"}],"about":[{"href":"https:\/\/baubauwall.com\/et\/wp-json\/wp\/v2\/types\/product"}],"replies":[{"embeddable":true,"href":"https:\/\/baubauwall.com\/et\/wp-json\/wp\/v2\/comments?post=6316"}],"wp:featuredmedia":[{"embeddable":true,"href":"https:\/\/baubauwall.com\/et\/wp-json\/wp\/v2\/media\/6313"}],"wp:attachment":[{"href":"https:\/\/baubauwall.com\/et\/wp-json\/wp\/v2\/media?parent=6316"}],"wp:term":[{"taxonomy":"product_brand","embeddable":true,"href":"https:\/\/baubauwall.com\/et\/wp-json\/wp\/v2\/product_brand?post=6316"},{"taxonomy":"product_cat","embeddable":true,"href":"https:\/\/baubauwall.com\/et\/wp-json\/wp\/v2\/product_cat?post=6316"},{"taxonomy":"product_tag","embeddable":true,"href":"https:\/\/baubauwall.com\/et\/wp-json\/wp\/v2\/product_tag?post=6316"}],"curies":[{"name":"wp","href":"https:\/\/api.w.org\/{rel}","templated":true}]}}