{"id":6335,"date":"2022-03-03T07:18:01","date_gmt":"2022-03-03T05:18:01","guid":{"rendered":"https:\/\/baubauwall.com\/product\/eucalypt-cascade-blue-wallmural\/"},"modified":"2024-08-06T12:35:55","modified_gmt":"2024-08-06T10:35:55","slug":"pilttapeet-eukaluptid-udus-sinine","status":"publish","type":"product","link":"https:\/\/baubauwall.com\/et\/toode\/pilttapeet-eukaluptid-udus-sinine\/","title":{"rendered":"Eukal\u00fcptid udus &#8211; helesinine"},"content":{"rendered":"<p>V\u00e4rske, erksate roheliste toonidega pilttapeet. Tapeedidisain, millel on ajatud eukal\u00fcptilehed \u00fclevalt alla &#8211; m\u00f5tle, kui m\u00f5nus on s\u00e4ttida roheliste lehtede alla oma lemmikdiivan v\u00f5i voodi. Nii ei l\u00e4he midagi tapeedidisainil kaotsi. Spirituaalselt t\u00e4hendab eukal\u00fcpt tasakaalu ja aitab \u00fcletada v\u00f5imalikke takistusi. Tundub ideaalne m\u00f5te kasutada selliste omadustega tapeeti n\u00e4iteks kodukontoris! V\u00f5i siis toomaks veidi rohelist s\u00e4rtsu elutuppa v\u00f5i magamistoa interj\u00f6\u00f6ri.<\/p>\n<p>Pilttapeet Eukal\u00fcptid udus on meil olemas ka marmori taustal.<\/p>\n<p>&nbsp;<\/p>\n","protected":false},"excerpt":{"rendered":"<p>V\u00e4rske, erksate roheliste toonidega pilttapeet. Tapeedidisain, millel on ajatud eukal\u00fcptilehed \u00fclevalt alla &#8211; m\u00f5tle, kui m\u00f5nus on s\u00e4ttida roheliste lehtede alla oma lemmikdiivan v\u00f5i voodi. Nii ei l\u00e4he midagi tapeedidisainil kaotsi. Spirituaalselt t\u00e4hendab eukal\u00fcpt tasakaalu ja aitab \u00fcletada v\u00f5imalikke takistusi. Tundub ideaalne m\u00f5te kasutada selliste omadustega tapeeti n\u00e4iteks kodukontoris! V\u00f5i siis toomaks veidi rohelist s\u00e4rtsu [&hellip;]<\/p>\n","protected":false},"featured_media":6326,"comment_status":"open","ping_status":"closed","template":"","meta":{"_acf_changed":false,"inline_featured_image":false},"product_brand":[],"product_cat":[387,773,395,391,392,267,271,273,413,414,399,402,412,254,715],"product_tag":[298,345],"class_list":{"0":"post-6335","1":"product","2":"type-product","3":"status-publish","4":"has-post-thumbnail","6":"product_cat-pilttapeedid","7":"product_cat-ombre-et","8":"product_cat-romantiline","9":"product_cat-vahemereline","10":"product_cat-minimalistlik","11":"product_cat-sinised-tapeedid","12":"product_cat-rohelised-tapeedid","13":"product_cat-heledad-tapeedid","14":"product_cat-magamistoa-tapeedid","15":"product_cat-soogitoa-tapeedid","16":"product_cat-kodukontori-tapeedid","17":"product_cat-elutoa-tapeedid","18":"product_cat-vannitoa-tapeedid","19":"product_cat-loodus","20":"product_cat-soodsad-tapeedid-leiunurk","21":"product_tag-botaaniline","22":"product_tag-pilttapeet","23":"pa_designedby-baubauwall","25":"first","26":"instock","27":"sale","28":"taxable","29":"shipping-taxable","30":"purchasable","31":"product-type-simple"},"acf":[],"yoast_head":"<!-- This site is optimized with the Yoast SEO plugin v25.9 - https:\/\/yoast.com\/wordpress\/plugins\/seo\/ -->\n<title>Rohelised eukal\u00fcptid pilttapeet. R\u00e4tsepat\u00f6\u00f6na valmivad tapeedid.<\/title>\n<meta name=\"description\" content=\"Fliistapeet roheliste kirgaste eukal\u00fcptidega. Ajatu valik seintele. Tapeedipaanid, mis on l\u00f5igatud t\u00e4pselt sinu seina m\u00f5\u00f5dus.\" \/>\n<meta name=\"robots\" content=\"index, follow, max-snippet:-1, max-image-preview:large, max-video-preview:-1\" \/>\n<link rel=\"canonical\" href=\"https:\/\/baubauwall.com\/et\/toode\/pilttapeet-eukaluptid-udus-sinine\/\" \/>\n<meta property=\"og:locale\" content=\"et_EE\" \/>\n<meta property=\"og:type\" content=\"article\" \/>\n<meta property=\"og:title\" content=\"Rohelised eukal\u00fcptid pilttapeet. R\u00e4tsepat\u00f6\u00f6na valmivad tapeedid.\" \/>\n<meta property=\"og:description\" content=\"Fliistapeet roheliste kirgaste eukal\u00fcptidega. Ajatu valik seintele. Tapeedipaanid, mis on l\u00f5igatud t\u00e4pselt sinu seina m\u00f5\u00f5dus.\" \/>\n<meta property=\"og:url\" content=\"https:\/\/baubauwall.com\/et\/toode\/pilttapeet-eukaluptid-udus-sinine\/\" \/>\n<meta property=\"og:site_name\" content=\"BAUBAUWALL TAPEEDID\" \/>\n<meta property=\"article:publisher\" content=\"https:\/\/www.facebook.com\/Baubauwall\" \/>\n<meta property=\"article:modified_time\" content=\"2024-08-06T10:35:55+00:00\" \/>\n<meta property=\"og:image\" content=\"https:\/\/baubauwall.com\/wp-content\/uploads\/2022\/03\/51200038__Eucalypt_Cascade-blue_Baubauwall_Wallmural_room1-1.jpg\" \/>\n\t<meta property=\"og:image:width\" content=\"1200\" \/>\n\t<meta property=\"og:image:height\" content=\"800\" \/>\n\t<meta property=\"og:image:type\" content=\"image\/jpeg\" \/>\n<meta name=\"twitter:card\" content=\"summary_large_image\" \/>\n<meta name=\"twitter:label1\" content=\"Est. reading time\" \/>\n\t<meta name=\"twitter:data1\" content=\"1 minut\" \/>\n<script type=\"application\/ld+json\" class=\"yoast-schema-graph\">{\"@context\":\"https:\/\/schema.org\",\"@graph\":[{\"@type\":\"WebPage\",\"@id\":\"https:\/\/baubauwall.com\/et\/toode\/pilttapeet-eukaluptid-udus-sinine\/\",\"url\":\"https:\/\/baubauwall.com\/et\/toode\/pilttapeet-eukaluptid-udus-sinine\/\",\"name\":\"Rohelised eukal\u00fcptid pilttapeet. R\u00e4tsepat\u00f6\u00f6na valmivad tapeedid.\",\"isPartOf\":{\"@id\":\"https:\/\/baubauwall.com\/et\/#website\"},\"primaryImageOfPage\":{\"@id\":\"https:\/\/baubauwall.com\/et\/toode\/pilttapeet-eukaluptid-udus-sinine\/#primaryimage\"},\"image\":{\"@id\":\"https:\/\/baubauwall.com\/et\/toode\/pilttapeet-eukaluptid-udus-sinine\/#primaryimage\"},\"thumbnailUrl\":\"https:\/\/baubauwall.com\/wp-content\/uploads\/2022\/03\/51200038__Eucalypt_Cascade-blue_Baubauwall_Wallmural_room1-1.jpg\",\"datePublished\":\"2022-03-03T05:18:01+00:00\",\"dateModified\":\"2024-08-06T10:35:55+00:00\",\"description\":\"Fliistapeet roheliste kirgaste eukal\u00fcptidega. Ajatu valik seintele. Tapeedipaanid, mis on l\u00f5igatud t\u00e4pselt sinu seina m\u00f5\u00f5dus.\",\"breadcrumb\":{\"@id\":\"https:\/\/baubauwall.com\/et\/toode\/pilttapeet-eukaluptid-udus-sinine\/#breadcrumb\"},\"inLanguage\":\"et\",\"potentialAction\":[{\"@type\":\"ReadAction\",\"target\":[\"https:\/\/baubauwall.com\/et\/toode\/pilttapeet-eukaluptid-udus-sinine\/\"]}]},{\"@type\":\"ImageObject\",\"inLanguage\":\"et\",\"@id\":\"https:\/\/baubauwall.com\/et\/toode\/pilttapeet-eukaluptid-udus-sinine\/#primaryimage\",\"url\":\"https:\/\/baubauwall.com\/wp-content\/uploads\/2022\/03\/51200038__Eucalypt_Cascade-blue_Baubauwall_Wallmural_room1-1.jpg\",\"contentUrl\":\"https:\/\/baubauwall.com\/wp-content\/uploads\/2022\/03\/51200038__Eucalypt_Cascade-blue_Baubauwall_Wallmural_room1-1.jpg\",\"width\":1200,\"height\":800,\"caption\":\"Elutoa tapeet, mis toob hea tunde! Elutoa tapeet eukal\u00fcptidega\"},{\"@type\":\"BreadcrumbList\",\"@id\":\"https:\/\/baubauwall.com\/et\/toode\/pilttapeet-eukaluptid-udus-sinine\/#breadcrumb\",\"itemListElement\":[{\"@type\":\"ListItem\",\"position\":1,\"name\":\"Koju\",\"item\":\"https:\/\/baubauwall.com\/et\/\"},{\"@type\":\"ListItem\",\"position\":2,\"name\":\"Tapeedid\",\"item\":\"https:\/\/baubauwall.com\/et\/tapeedid\/\"},{\"@type\":\"ListItem\",\"position\":3,\"name\":\"Eukal\u00fcptid udus &#8211; helesinine\"}]},{\"@type\":\"WebSite\",\"@id\":\"https:\/\/baubauwall.com\/et\/#website\",\"url\":\"https:\/\/baubauwall.com\/et\/\",\"name\":\"BAUBAUWALL Wallpapers\",\"description\":\"Valmis paanides tapeet Eestist!\",\"publisher\":{\"@id\":\"https:\/\/baubauwall.com\/et\/#organization\"},\"potentialAction\":[{\"@type\":\"SearchAction\",\"target\":{\"@type\":\"EntryPoint\",\"urlTemplate\":\"https:\/\/baubauwall.com\/et\/?s={search_term_string}\"},\"query-input\":{\"@type\":\"PropertyValueSpecification\",\"valueRequired\":true,\"valueName\":\"search_term_string\"}}],\"inLanguage\":\"et\"},{\"@type\":\"Organization\",\"@id\":\"https:\/\/baubauwall.com\/et\/#organization\",\"name\":\"BAUBAUWALL Wallpapers\",\"url\":\"https:\/\/baubauwall.com\/et\/\",\"logo\":{\"@type\":\"ImageObject\",\"inLanguage\":\"et\",\"@id\":\"https:\/\/baubauwall.com\/et\/#\/schema\/logo\/image\/\",\"url\":\"https:\/\/baubauwall.com\/wp-content\/uploads\/2022\/03\/logo-horizontal.svg\",\"contentUrl\":\"https:\/\/baubauwall.com\/wp-content\/uploads\/2022\/03\/logo-horizontal.svg\",\"width\":\"1024\",\"height\":\"1024\",\"caption\":\"BAUBAUWALL Wallpapers\"},\"image\":{\"@id\":\"https:\/\/baubauwall.com\/et\/#\/schema\/logo\/image\/\"},\"sameAs\":[\"https:\/\/www.facebook.com\/Baubauwall\",\"https:\/\/www.instagram.com\/baubauwall\"]}]}<\/script>\n<!-- \/ Yoast SEO plugin. -->","yoast_head_json":{"title":"Rohelised eukal\u00fcptid pilttapeet. R\u00e4tsepat\u00f6\u00f6na valmivad tapeedid.","description":"Fliistapeet roheliste kirgaste eukal\u00fcptidega. Ajatu valik seintele. Tapeedipaanid, mis on l\u00f5igatud t\u00e4pselt sinu seina m\u00f5\u00f5dus.","robots":{"index":"index","follow":"follow","max-snippet":"max-snippet:-1","max-image-preview":"max-image-preview:large","max-video-preview":"max-video-preview:-1"},"canonical":"https:\/\/baubauwall.com\/et\/toode\/pilttapeet-eukaluptid-udus-sinine\/","og_locale":"et_EE","og_type":"article","og_title":"Rohelised eukal\u00fcptid pilttapeet. R\u00e4tsepat\u00f6\u00f6na valmivad tapeedid.","og_description":"Fliistapeet roheliste kirgaste eukal\u00fcptidega. Ajatu valik seintele. Tapeedipaanid, mis on l\u00f5igatud t\u00e4pselt sinu seina m\u00f5\u00f5dus.","og_url":"https:\/\/baubauwall.com\/et\/toode\/pilttapeet-eukaluptid-udus-sinine\/","og_site_name":"BAUBAUWALL TAPEEDID","article_publisher":"https:\/\/www.facebook.com\/Baubauwall","article_modified_time":"2024-08-06T10:35:55+00:00","og_image":[{"width":1200,"height":800,"url":"https:\/\/baubauwall.com\/wp-content\/uploads\/2022\/03\/51200038__Eucalypt_Cascade-blue_Baubauwall_Wallmural_room1-1.jpg","type":"image\/jpeg"}],"twitter_card":"summary_large_image","twitter_misc":{"Est. reading time":"1 minut"},"schema":{"@context":"https:\/\/schema.org","@graph":[{"@type":"WebPage","@id":"https:\/\/baubauwall.com\/et\/toode\/pilttapeet-eukaluptid-udus-sinine\/","url":"https:\/\/baubauwall.com\/et\/toode\/pilttapeet-eukaluptid-udus-sinine\/","name":"Rohelised eukal\u00fcptid pilttapeet. R\u00e4tsepat\u00f6\u00f6na valmivad tapeedid.","isPartOf":{"@id":"https:\/\/baubauwall.com\/et\/#website"},"primaryImageOfPage":{"@id":"https:\/\/baubauwall.com\/et\/toode\/pilttapeet-eukaluptid-udus-sinine\/#primaryimage"},"image":{"@id":"https:\/\/baubauwall.com\/et\/toode\/pilttapeet-eukaluptid-udus-sinine\/#primaryimage"},"thumbnailUrl":"https:\/\/baubauwall.com\/wp-content\/uploads\/2022\/03\/51200038__Eucalypt_Cascade-blue_Baubauwall_Wallmural_room1-1.jpg","datePublished":"2022-03-03T05:18:01+00:00","dateModified":"2024-08-06T10:35:55+00:00","description":"Fliistapeet roheliste kirgaste eukal\u00fcptidega. Ajatu valik seintele. Tapeedipaanid, mis on l\u00f5igatud t\u00e4pselt sinu seina m\u00f5\u00f5dus.","breadcrumb":{"@id":"https:\/\/baubauwall.com\/et\/toode\/pilttapeet-eukaluptid-udus-sinine\/#breadcrumb"},"inLanguage":"et","potentialAction":[{"@type":"ReadAction","target":["https:\/\/baubauwall.com\/et\/toode\/pilttapeet-eukaluptid-udus-sinine\/"]}]},{"@type":"ImageObject","inLanguage":"et","@id":"https:\/\/baubauwall.com\/et\/toode\/pilttapeet-eukaluptid-udus-sinine\/#primaryimage","url":"https:\/\/baubauwall.com\/wp-content\/uploads\/2022\/03\/51200038__Eucalypt_Cascade-blue_Baubauwall_Wallmural_room1-1.jpg","contentUrl":"https:\/\/baubauwall.com\/wp-content\/uploads\/2022\/03\/51200038__Eucalypt_Cascade-blue_Baubauwall_Wallmural_room1-1.jpg","width":1200,"height":800,"caption":"Elutoa tapeet, mis toob hea tunde! Elutoa tapeet eukal\u00fcptidega"},{"@type":"BreadcrumbList","@id":"https:\/\/baubauwall.com\/et\/toode\/pilttapeet-eukaluptid-udus-sinine\/#breadcrumb","itemListElement":[{"@type":"ListItem","position":1,"name":"Koju","item":"https:\/\/baubauwall.com\/et\/"},{"@type":"ListItem","position":2,"name":"Tapeedid","item":"https:\/\/baubauwall.com\/et\/tapeedid\/"},{"@type":"ListItem","position":3,"name":"Eukal\u00fcptid udus &#8211; helesinine"}]},{"@type":"WebSite","@id":"https:\/\/baubauwall.com\/et\/#website","url":"https:\/\/baubauwall.com\/et\/","name":"BAUBAUWALL Wallpapers","description":"Valmis paanides tapeet Eestist!","publisher":{"@id":"https:\/\/baubauwall.com\/et\/#organization"},"potentialAction":[{"@type":"SearchAction","target":{"@type":"EntryPoint","urlTemplate":"https:\/\/baubauwall.com\/et\/?s={search_term_string}"},"query-input":{"@type":"PropertyValueSpecification","valueRequired":true,"valueName":"search_term_string"}}],"inLanguage":"et"},{"@type":"Organization","@id":"https:\/\/baubauwall.com\/et\/#organization","name":"BAUBAUWALL Wallpapers","url":"https:\/\/baubauwall.com\/et\/","logo":{"@type":"ImageObject","inLanguage":"et","@id":"https:\/\/baubauwall.com\/et\/#\/schema\/logo\/image\/","url":"https:\/\/baubauwall.com\/wp-content\/uploads\/2022\/03\/logo-horizontal.svg","contentUrl":"https:\/\/baubauwall.com\/wp-content\/uploads\/2022\/03\/logo-horizontal.svg","width":"1024","height":"1024","caption":"BAUBAUWALL Wallpapers"},"image":{"@id":"https:\/\/baubauwall.com\/et\/#\/schema\/logo\/image\/"},"sameAs":["https:\/\/www.facebook.com\/Baubauwall","https:\/\/www.instagram.com\/baubauwall"]}]}},"jetpack_sharing_enabled":true,"_links":{"self":[{"href":"https:\/\/baubauwall.com\/et\/wp-json\/wp\/v2\/product\/6335","targetHints":{"allow":["GET"]}}],"collection":[{"href":"https:\/\/baubauwall.com\/et\/wp-json\/wp\/v2\/product"}],"about":[{"href":"https:\/\/baubauwall.com\/et\/wp-json\/wp\/v2\/types\/product"}],"replies":[{"embeddable":true,"href":"https:\/\/baubauwall.com\/et\/wp-json\/wp\/v2\/comments?post=6335"}],"wp:featuredmedia":[{"embeddable":true,"href":"https:\/\/baubauwall.com\/et\/wp-json\/wp\/v2\/media\/6326"}],"wp:attachment":[{"href":"https:\/\/baubauwall.com\/et\/wp-json\/wp\/v2\/media?parent=6335"}],"wp:term":[{"taxonomy":"product_brand","embeddable":true,"href":"https:\/\/baubauwall.com\/et\/wp-json\/wp\/v2\/product_brand?post=6335"},{"taxonomy":"product_cat","embeddable":true,"href":"https:\/\/baubauwall.com\/et\/wp-json\/wp\/v2\/product_cat?post=6335"},{"taxonomy":"product_tag","embeddable":true,"href":"https:\/\/baubauwall.com\/et\/wp-json\/wp\/v2\/product_tag?post=6335"}],"curies":[{"name":"wp","href":"https:\/\/api.w.org\/{rel}","templated":true}]}}