{"id":6351,"date":"2022-03-03T07:18:01","date_gmt":"2022-03-03T05:18:01","guid":{"rendered":"https:\/\/baubauwall.com\/product\/eucalypt-cascade-wallmural-marble\/"},"modified":"2024-09-25T10:27:57","modified_gmt":"2024-09-25T08:27:57","slug":"pilttapeet-eukaluptid-marmor","status":"publish","type":"product","link":"https:\/\/baubauwall.com\/et\/toode\/pilttapeet-eukaluptid-marmor\/","title":{"rendered":"Eukal\u00fcptid udus &#8211; marmor"},"content":{"rendered":"<p>Eukal\u00fcpt t\u00e4hendab t\u00f5lkes \u201ch\u00e4sti varjatud\u201d. See s\u00f5na p\u00e4rineb kreekakeelsetest s\u00f5nadest <em>eu<\/em>\u00a0\u2013 \u201ch\u00e4sti\u201d ja\u00a0<em>kaluptos<\/em> \u2013 \u201cvarjab\u201d. Seega tundub suurep\u00e4rane idee katta interj\u00f6\u00f6ri seinad eukal\u00fcptist inspireeritud pilttapeediga! Eukal\u00fcpt soodustab vaimselt tasakaalu ja julgustab meid l\u00e4bi murdma teele kerkivatest takistustest. Roheline toon sobib ideaalselt magamistoa seintele v\u00f5i kodukontorisse. Sellel pilttapeedil on illustreeritud eukal\u00fcptilehed langemas struktuursele marmortaustale, moodustades huvitava kujunduse.<\/p>\n<p><strong>Miks osta tapeet siit? Tapeetimine pole kunagi nii lihtne olnud!<\/strong><\/p>\n<ul>\n<li>Nummerdatud tapeedipaanid<\/li>\n<li>Just nii pikad tapeedipaanid, kui on Sinu sein<\/li>\n<li>Premium, matt fliistapeedi materjal<\/li>\n<li>M\u00fcrgivabad tr\u00fckiv\u00e4rvid, Greenguard sertifitseeritud<\/li>\n<li><a href=\"https:\/\/baubauwall.com\/et\/keskkonnasobralikud-tapeedid\/\" target=\"_blank\" rel=\"noopener\">Keskkonnas\u00f5bralik<\/a>, j\u00e4\u00e4tmevaba tapeetimine<\/li>\n<li>Tasuta tapeediliim<\/li>\n<li>Tasuta transport ja kiire tarne 5 t\u00f6\u00f6p\u00e4evaga<\/li>\n<\/ul>\n<p>Loe l\u00e4hemalt nutikatest, eritellimust\u00f6\u00f6na valmivatest tapeetidest\u00a0<a href=\"https:\/\/baubauwall.com\/et\/keskkonnasobralikud-tapeedid\/\">siit.<\/a><\/p>\n","protected":false},"excerpt":{"rendered":"<p>Eukal\u00fcpt t\u00e4hendab t\u00f5lkes \u201ch\u00e4sti varjatud\u201d. See s\u00f5na p\u00e4rineb kreekakeelsetest s\u00f5nadest eu\u00a0\u2013 \u201ch\u00e4sti\u201d ja\u00a0kaluptos \u2013 \u201cvarjab\u201d. Seega tundub suurep\u00e4rane idee katta interj\u00f6\u00f6ri seinad eukal\u00fcptist inspireeritud pilttapeediga! Eukal\u00fcpt soodustab vaimselt tasakaalu ja julgustab meid l\u00e4bi murdma teele kerkivatest takistustest. Roheline toon sobib ideaalselt magamistoa seintele v\u00f5i kodukontorisse. Sellel pilttapeedil on illustreeritud eukal\u00fcptilehed langemas struktuursele marmortaustale, moodustades huvitava [&hellip;]<\/p>\n","protected":false},"featured_media":6350,"comment_status":"open","ping_status":"closed","template":"","meta":{"_acf_changed":false,"inline_featured_image":false},"product_brand":[],"product_cat":[387,391,271,413,415,399,402,254,230,715],"product_tag":[298,341,345],"class_list":{"0":"post-6351","1":"product","2":"type-product","3":"status-publish","4":"has-post-thumbnail","6":"product_cat-pilttapeedid","7":"product_cat-vahemereline","8":"product_cat-rohelised-tapeedid","9":"product_cat-magamistoa-tapeedid","10":"product_cat-kulalistetoa-tapeedid","11":"product_cat-kodukontori-tapeedid","12":"product_cat-elutoa-tapeedid","13":"product_cat-loodus","14":"product_cat-marmor","15":"product_cat-soodsad-tapeedid-leiunurk","16":"product_tag-botaaniline","17":"product_tag-marmor","18":"product_tag-pilttapeet","19":"pa_designedby-baubauwall","21":"first","22":"instock","23":"sale","24":"taxable","25":"shipping-taxable","26":"purchasable","27":"product-type-simple"},"acf":[],"yoast_head":"<!-- This site is optimized with the Yoast SEO plugin v25.9 - https:\/\/yoast.com\/wordpress\/plugins\/seo\/ -->\n<title>Pilttapeet roheliste eukal\u00fcptidega marmoril<\/title>\n<meta name=\"description\" content=\"Pilttapeet Eukal\u00fcptid udus. Illustreeritud rohelised eukal\u00fcpti lehed marmori struktuursel taustal. Sinu seina m\u00f5\u00f5tu l\u00f5igatud tapeedipaanid.\" \/>\n<meta name=\"robots\" content=\"index, follow, max-snippet:-1, max-image-preview:large, max-video-preview:-1\" \/>\n<link rel=\"canonical\" href=\"https:\/\/baubauwall.com\/et\/toode\/pilttapeet-eukaluptid-marmor\/\" \/>\n<meta property=\"og:locale\" content=\"et_EE\" \/>\n<meta property=\"og:type\" content=\"article\" \/>\n<meta property=\"og:title\" content=\"Pilttapeet roheliste eukal\u00fcptidega marmoril\" \/>\n<meta property=\"og:description\" content=\"Pilttapeet Eukal\u00fcptid udus. Illustreeritud rohelised eukal\u00fcpti lehed marmori struktuursel taustal. Sinu seina m\u00f5\u00f5tu l\u00f5igatud tapeedipaanid.\" \/>\n<meta property=\"og:url\" content=\"https:\/\/baubauwall.com\/et\/toode\/pilttapeet-eukaluptid-marmor\/\" \/>\n<meta property=\"og:site_name\" content=\"BAUBAUWALL TAPEEDID\" \/>\n<meta property=\"article:publisher\" content=\"https:\/\/www.facebook.com\/Baubauwall\" \/>\n<meta property=\"article:modified_time\" content=\"2024-09-25T08:27:57+00:00\" \/>\n<meta property=\"og:image\" content=\"https:\/\/baubauwall.com\/wp-content\/uploads\/2022\/03\/51200037_Eukalypt-marble_Baubauwall_Wallmural_room8.jpg\" \/>\n\t<meta property=\"og:image:width\" content=\"986\" \/>\n\t<meta property=\"og:image:height\" content=\"800\" \/>\n\t<meta property=\"og:image:type\" content=\"image\/jpeg\" \/>\n<meta name=\"twitter:card\" content=\"summary_large_image\" \/>\n<meta name=\"twitter:label1\" content=\"Est. reading time\" \/>\n\t<meta name=\"twitter:data1\" content=\"1 minut\" \/>\n<script type=\"application\/ld+json\" class=\"yoast-schema-graph\">{\"@context\":\"https:\/\/schema.org\",\"@graph\":[{\"@type\":\"WebPage\",\"@id\":\"https:\/\/baubauwall.com\/et\/toode\/pilttapeet-eukaluptid-marmor\/\",\"url\":\"https:\/\/baubauwall.com\/et\/toode\/pilttapeet-eukaluptid-marmor\/\",\"name\":\"Pilttapeet roheliste eukal\u00fcptidega marmoril\",\"isPartOf\":{\"@id\":\"https:\/\/baubauwall.com\/et\/#website\"},\"primaryImageOfPage\":{\"@id\":\"https:\/\/baubauwall.com\/et\/toode\/pilttapeet-eukaluptid-marmor\/#primaryimage\"},\"image\":{\"@id\":\"https:\/\/baubauwall.com\/et\/toode\/pilttapeet-eukaluptid-marmor\/#primaryimage\"},\"thumbnailUrl\":\"https:\/\/baubauwall.com\/wp-content\/uploads\/2022\/03\/51200037_Eukalypt-marble_Baubauwall_Wallmural_room8.jpg\",\"datePublished\":\"2022-03-03T05:18:01+00:00\",\"dateModified\":\"2024-09-25T08:27:57+00:00\",\"description\":\"Pilttapeet Eukal\u00fcptid udus. Illustreeritud rohelised eukal\u00fcpti lehed marmori struktuursel taustal. Sinu seina m\u00f5\u00f5tu l\u00f5igatud tapeedipaanid.\",\"breadcrumb\":{\"@id\":\"https:\/\/baubauwall.com\/et\/toode\/pilttapeet-eukaluptid-marmor\/#breadcrumb\"},\"inLanguage\":\"et\",\"potentialAction\":[{\"@type\":\"ReadAction\",\"target\":[\"https:\/\/baubauwall.com\/et\/toode\/pilttapeet-eukaluptid-marmor\/\"]}]},{\"@type\":\"ImageObject\",\"inLanguage\":\"et\",\"@id\":\"https:\/\/baubauwall.com\/et\/toode\/pilttapeet-eukaluptid-marmor\/#primaryimage\",\"url\":\"https:\/\/baubauwall.com\/wp-content\/uploads\/2022\/03\/51200037_Eukalypt-marble_Baubauwall_Wallmural_room8.jpg\",\"contentUrl\":\"https:\/\/baubauwall.com\/wp-content\/uploads\/2022\/03\/51200037_Eukalypt-marble_Baubauwall_Wallmural_room8.jpg\",\"width\":986,\"height\":800,\"caption\":\"Tapeet eukal\u00fcptidega magamistoas. Baubauwall fliistapeedid\"},{\"@type\":\"BreadcrumbList\",\"@id\":\"https:\/\/baubauwall.com\/et\/toode\/pilttapeet-eukaluptid-marmor\/#breadcrumb\",\"itemListElement\":[{\"@type\":\"ListItem\",\"position\":1,\"name\":\"Koju\",\"item\":\"https:\/\/baubauwall.com\/et\/\"},{\"@type\":\"ListItem\",\"position\":2,\"name\":\"Tapeedid\",\"item\":\"https:\/\/baubauwall.com\/et\/tapeedid\/\"},{\"@type\":\"ListItem\",\"position\":3,\"name\":\"Eukal\u00fcptid udus &#8211; marmor\"}]},{\"@type\":\"WebSite\",\"@id\":\"https:\/\/baubauwall.com\/et\/#website\",\"url\":\"https:\/\/baubauwall.com\/et\/\",\"name\":\"BAUBAUWALL Wallpapers\",\"description\":\"Valmis paanides tapeet Eestist!\",\"publisher\":{\"@id\":\"https:\/\/baubauwall.com\/et\/#organization\"},\"potentialAction\":[{\"@type\":\"SearchAction\",\"target\":{\"@type\":\"EntryPoint\",\"urlTemplate\":\"https:\/\/baubauwall.com\/et\/?s={search_term_string}\"},\"query-input\":{\"@type\":\"PropertyValueSpecification\",\"valueRequired\":true,\"valueName\":\"search_term_string\"}}],\"inLanguage\":\"et\"},{\"@type\":\"Organization\",\"@id\":\"https:\/\/baubauwall.com\/et\/#organization\",\"name\":\"BAUBAUWALL Wallpapers\",\"url\":\"https:\/\/baubauwall.com\/et\/\",\"logo\":{\"@type\":\"ImageObject\",\"inLanguage\":\"et\",\"@id\":\"https:\/\/baubauwall.com\/et\/#\/schema\/logo\/image\/\",\"url\":\"https:\/\/baubauwall.com\/wp-content\/uploads\/2022\/03\/logo-horizontal.svg\",\"contentUrl\":\"https:\/\/baubauwall.com\/wp-content\/uploads\/2022\/03\/logo-horizontal.svg\",\"width\":\"1024\",\"height\":\"1024\",\"caption\":\"BAUBAUWALL Wallpapers\"},\"image\":{\"@id\":\"https:\/\/baubauwall.com\/et\/#\/schema\/logo\/image\/\"},\"sameAs\":[\"https:\/\/www.facebook.com\/Baubauwall\",\"https:\/\/www.instagram.com\/baubauwall\"]}]}<\/script>\n<!-- \/ Yoast SEO plugin. -->","yoast_head_json":{"title":"Pilttapeet roheliste eukal\u00fcptidega marmoril","description":"Pilttapeet Eukal\u00fcptid udus. Illustreeritud rohelised eukal\u00fcpti lehed marmori struktuursel taustal. Sinu seina m\u00f5\u00f5tu l\u00f5igatud tapeedipaanid.","robots":{"index":"index","follow":"follow","max-snippet":"max-snippet:-1","max-image-preview":"max-image-preview:large","max-video-preview":"max-video-preview:-1"},"canonical":"https:\/\/baubauwall.com\/et\/toode\/pilttapeet-eukaluptid-marmor\/","og_locale":"et_EE","og_type":"article","og_title":"Pilttapeet roheliste eukal\u00fcptidega marmoril","og_description":"Pilttapeet Eukal\u00fcptid udus. Illustreeritud rohelised eukal\u00fcpti lehed marmori struktuursel taustal. Sinu seina m\u00f5\u00f5tu l\u00f5igatud tapeedipaanid.","og_url":"https:\/\/baubauwall.com\/et\/toode\/pilttapeet-eukaluptid-marmor\/","og_site_name":"BAUBAUWALL TAPEEDID","article_publisher":"https:\/\/www.facebook.com\/Baubauwall","article_modified_time":"2024-09-25T08:27:57+00:00","og_image":[{"width":986,"height":800,"url":"https:\/\/baubauwall.com\/wp-content\/uploads\/2022\/03\/51200037_Eukalypt-marble_Baubauwall_Wallmural_room8.jpg","type":"image\/jpeg"}],"twitter_card":"summary_large_image","twitter_misc":{"Est. reading time":"1 minut"},"schema":{"@context":"https:\/\/schema.org","@graph":[{"@type":"WebPage","@id":"https:\/\/baubauwall.com\/et\/toode\/pilttapeet-eukaluptid-marmor\/","url":"https:\/\/baubauwall.com\/et\/toode\/pilttapeet-eukaluptid-marmor\/","name":"Pilttapeet roheliste eukal\u00fcptidega marmoril","isPartOf":{"@id":"https:\/\/baubauwall.com\/et\/#website"},"primaryImageOfPage":{"@id":"https:\/\/baubauwall.com\/et\/toode\/pilttapeet-eukaluptid-marmor\/#primaryimage"},"image":{"@id":"https:\/\/baubauwall.com\/et\/toode\/pilttapeet-eukaluptid-marmor\/#primaryimage"},"thumbnailUrl":"https:\/\/baubauwall.com\/wp-content\/uploads\/2022\/03\/51200037_Eukalypt-marble_Baubauwall_Wallmural_room8.jpg","datePublished":"2022-03-03T05:18:01+00:00","dateModified":"2024-09-25T08:27:57+00:00","description":"Pilttapeet Eukal\u00fcptid udus. Illustreeritud rohelised eukal\u00fcpti lehed marmori struktuursel taustal. Sinu seina m\u00f5\u00f5tu l\u00f5igatud tapeedipaanid.","breadcrumb":{"@id":"https:\/\/baubauwall.com\/et\/toode\/pilttapeet-eukaluptid-marmor\/#breadcrumb"},"inLanguage":"et","potentialAction":[{"@type":"ReadAction","target":["https:\/\/baubauwall.com\/et\/toode\/pilttapeet-eukaluptid-marmor\/"]}]},{"@type":"ImageObject","inLanguage":"et","@id":"https:\/\/baubauwall.com\/et\/toode\/pilttapeet-eukaluptid-marmor\/#primaryimage","url":"https:\/\/baubauwall.com\/wp-content\/uploads\/2022\/03\/51200037_Eukalypt-marble_Baubauwall_Wallmural_room8.jpg","contentUrl":"https:\/\/baubauwall.com\/wp-content\/uploads\/2022\/03\/51200037_Eukalypt-marble_Baubauwall_Wallmural_room8.jpg","width":986,"height":800,"caption":"Tapeet eukal\u00fcptidega magamistoas. Baubauwall fliistapeedid"},{"@type":"BreadcrumbList","@id":"https:\/\/baubauwall.com\/et\/toode\/pilttapeet-eukaluptid-marmor\/#breadcrumb","itemListElement":[{"@type":"ListItem","position":1,"name":"Koju","item":"https:\/\/baubauwall.com\/et\/"},{"@type":"ListItem","position":2,"name":"Tapeedid","item":"https:\/\/baubauwall.com\/et\/tapeedid\/"},{"@type":"ListItem","position":3,"name":"Eukal\u00fcptid udus &#8211; marmor"}]},{"@type":"WebSite","@id":"https:\/\/baubauwall.com\/et\/#website","url":"https:\/\/baubauwall.com\/et\/","name":"BAUBAUWALL Wallpapers","description":"Valmis paanides tapeet Eestist!","publisher":{"@id":"https:\/\/baubauwall.com\/et\/#organization"},"potentialAction":[{"@type":"SearchAction","target":{"@type":"EntryPoint","urlTemplate":"https:\/\/baubauwall.com\/et\/?s={search_term_string}"},"query-input":{"@type":"PropertyValueSpecification","valueRequired":true,"valueName":"search_term_string"}}],"inLanguage":"et"},{"@type":"Organization","@id":"https:\/\/baubauwall.com\/et\/#organization","name":"BAUBAUWALL Wallpapers","url":"https:\/\/baubauwall.com\/et\/","logo":{"@type":"ImageObject","inLanguage":"et","@id":"https:\/\/baubauwall.com\/et\/#\/schema\/logo\/image\/","url":"https:\/\/baubauwall.com\/wp-content\/uploads\/2022\/03\/logo-horizontal.svg","contentUrl":"https:\/\/baubauwall.com\/wp-content\/uploads\/2022\/03\/logo-horizontal.svg","width":"1024","height":"1024","caption":"BAUBAUWALL Wallpapers"},"image":{"@id":"https:\/\/baubauwall.com\/et\/#\/schema\/logo\/image\/"},"sameAs":["https:\/\/www.facebook.com\/Baubauwall","https:\/\/www.instagram.com\/baubauwall"]}]}},"jetpack_sharing_enabled":true,"_links":{"self":[{"href":"https:\/\/baubauwall.com\/et\/wp-json\/wp\/v2\/product\/6351","targetHints":{"allow":["GET"]}}],"collection":[{"href":"https:\/\/baubauwall.com\/et\/wp-json\/wp\/v2\/product"}],"about":[{"href":"https:\/\/baubauwall.com\/et\/wp-json\/wp\/v2\/types\/product"}],"replies":[{"embeddable":true,"href":"https:\/\/baubauwall.com\/et\/wp-json\/wp\/v2\/comments?post=6351"}],"wp:featuredmedia":[{"embeddable":true,"href":"https:\/\/baubauwall.com\/et\/wp-json\/wp\/v2\/media\/6350"}],"wp:attachment":[{"href":"https:\/\/baubauwall.com\/et\/wp-json\/wp\/v2\/media?parent=6351"}],"wp:term":[{"taxonomy":"product_brand","embeddable":true,"href":"https:\/\/baubauwall.com\/et\/wp-json\/wp\/v2\/product_brand?post=6351"},{"taxonomy":"product_cat","embeddable":true,"href":"https:\/\/baubauwall.com\/et\/wp-json\/wp\/v2\/product_cat?post=6351"},{"taxonomy":"product_tag","embeddable":true,"href":"https:\/\/baubauwall.com\/et\/wp-json\/wp\/v2\/product_tag?post=6351"}],"curies":[{"name":"wp","href":"https:\/\/api.w.org\/{rel}","templated":true}]}}