{"id":6374,"date":"2022-03-03T09:18:01","date_gmt":"2022-03-03T07:18:01","guid":{"rendered":"https:\/\/baubauwall.com\/product\/line-art-rose-wallmural\/"},"modified":"2025-10-13T11:50:33","modified_gmt":"2025-10-13T09:50:33","slug":"pilttapeet-roosiskets","status":"publish","type":"product","link":"https:\/\/baubauwall.com\/et\/toode\/pilttapeet-roosiskets\/","title":{"rendered":"Roosisket\u0161"},"content":{"rendered":"<p>Midagi mustvalgete toonide austajatele! Minimalistlik pilttapeet stiilse \u00fcksiku roosisket\u0161iga. Tapeet ei pea alati olema sugugi kireva mustriga &#8211; vastupidi, tagasihoidlikus lihtsuses on oma v\u00f5lu. Veidi naivistlikule tapeedile on visandatud moodsas joonetehnikas \u00fcksik roos. See mustvalge tapeet sobib ideaalselt aktsentseina loomiseks v\u00f5i tagasihoidlikumat rolli t\u00e4itma taustal, elad Sa suurlinna loftis v\u00f5i mujal.<\/p>\n<p>&nbsp;<\/p>\n","protected":false},"excerpt":{"rendered":"<p>Midagi mustvalgete toonide austajatele! Minimalistlik pilttapeet stiilse \u00fcksiku roosisket\u0161iga. Tapeet ei pea alati olema sugugi kireva mustriga &#8211; vastupidi, tagasihoidlikus lihtsuses on oma v\u00f5lu. Veidi naivistlikule tapeedile on visandatud moodsas joonetehnikas \u00fcksik roos. See mustvalge tapeet sobib ideaalselt aktsentseina loomiseks v\u00f5i tagasihoidlikumat rolli t\u00e4itma taustal, elad Sa suurlinna loftis v\u00f5i mujal. &nbsp;<\/p>\n","protected":false},"featured_media":6357,"comment_status":"open","ping_status":"closed","template":"","meta":{"_acf_changed":false,"inline_featured_image":false},"product_brand":[],"product_cat":[387,390,392,396,272,273,413,414,402,412,260,241,715],"product_tag":[294,345],"class_list":{"0":"post-6374","1":"product","2":"type-product","3":"status-publish","4":"has-post-thumbnail","6":"product_cat-pilttapeedid","7":"product_cat-jooned","8":"product_cat-minimalistlik","9":"product_cat-skandinaavia","10":"product_cat-hallid-tapeedid","11":"product_cat-heledad-tapeedid","12":"product_cat-magamistoa-tapeedid","13":"product_cat-soogitoa-tapeedid","14":"product_cat-elutoa-tapeedid","15":"product_cat-vannitoa-tapeedid","16":"product_cat-lilled","17":"product_cat-betoon","18":"product_cat-soodsad-tapeedid-leiunurk","19":"product_tag-mustvalge","20":"product_tag-pilttapeet","22":"first","23":"instock","24":"sale","25":"taxable","26":"shipping-taxable","27":"purchasable","28":"product-type-simple"},"acf":[],"yoast_head":"<!-- This site is optimized with the Yoast SEO plugin v25.9 - https:\/\/yoast.com\/wordpress\/plugins\/seo\/ -->\n<title>Skitseeritud mustvalge pilttapeet roosiga joonetehnikas<\/title>\n<meta name=\"description\" content=\"Stiilne mustvalge tapeet roosiga. Tapeedidisain, mis sobib pea k\u00f5ikjale sinu kodus. Sinu seina m\u00f5\u00f5tu l\u00f5igatud disainid ja tapeedipaanid.\" \/>\n<meta name=\"robots\" content=\"index, follow, max-snippet:-1, max-image-preview:large, max-video-preview:-1\" \/>\n<link rel=\"canonical\" href=\"https:\/\/baubauwall.com\/et\/toode\/pilttapeet-roosiskets\/\" \/>\n<meta property=\"og:locale\" content=\"et_EE\" \/>\n<meta property=\"og:type\" content=\"article\" \/>\n<meta property=\"og:title\" content=\"Skitseeritud mustvalge pilttapeet roosiga joonetehnikas\" \/>\n<meta property=\"og:description\" content=\"Stiilne mustvalge tapeet roosiga. Tapeedidisain, mis sobib pea k\u00f5ikjale sinu kodus. Sinu seina m\u00f5\u00f5tu l\u00f5igatud disainid ja tapeedipaanid.\" \/>\n<meta property=\"og:url\" content=\"https:\/\/baubauwall.com\/et\/toode\/pilttapeet-roosiskets\/\" \/>\n<meta property=\"og:site_name\" content=\"BAUBAUWALL TAPEEDID\" \/>\n<meta property=\"article:publisher\" content=\"https:\/\/www.facebook.com\/Baubauwall\" \/>\n<meta property=\"article:modified_time\" content=\"2025-10-13T09:50:33+00:00\" \/>\n<meta property=\"og:image\" content=\"https:\/\/baubauwall.com\/wp-content\/uploads\/2022\/03\/51200036_LineArtRose_Baubauwall_Wallmural_room4.jpg\" \/>\n\t<meta property=\"og:image:width\" content=\"1422\" \/>\n\t<meta property=\"og:image:height\" content=\"800\" \/>\n\t<meta property=\"og:image:type\" content=\"image\/jpeg\" \/>\n<meta name=\"twitter:card\" content=\"summary_large_image\" \/>\n<meta name=\"twitter:label1\" content=\"Est. reading time\" \/>\n\t<meta name=\"twitter:data1\" content=\"1 minut\" \/>\n<script type=\"application\/ld+json\" class=\"yoast-schema-graph\">{\"@context\":\"https:\/\/schema.org\",\"@graph\":[{\"@type\":\"WebPage\",\"@id\":\"https:\/\/baubauwall.com\/et\/toode\/pilttapeet-roosiskets\/\",\"url\":\"https:\/\/baubauwall.com\/et\/toode\/pilttapeet-roosiskets\/\",\"name\":\"Skitseeritud mustvalge pilttapeet roosiga joonetehnikas\",\"isPartOf\":{\"@id\":\"https:\/\/baubauwall.com\/et\/#website\"},\"primaryImageOfPage\":{\"@id\":\"https:\/\/baubauwall.com\/et\/toode\/pilttapeet-roosiskets\/#primaryimage\"},\"image\":{\"@id\":\"https:\/\/baubauwall.com\/et\/toode\/pilttapeet-roosiskets\/#primaryimage\"},\"thumbnailUrl\":\"https:\/\/baubauwall.com\/wp-content\/uploads\/2022\/03\/51200036_LineArtRose_Baubauwall_Wallmural_room4.jpg\",\"datePublished\":\"2022-03-03T07:18:01+00:00\",\"dateModified\":\"2025-10-13T09:50:33+00:00\",\"description\":\"Stiilne mustvalge tapeet roosiga. Tapeedidisain, mis sobib pea k\u00f5ikjale sinu kodus. Sinu seina m\u00f5\u00f5tu l\u00f5igatud disainid ja tapeedipaanid.\",\"breadcrumb\":{\"@id\":\"https:\/\/baubauwall.com\/et\/toode\/pilttapeet-roosiskets\/#breadcrumb\"},\"inLanguage\":\"et\",\"potentialAction\":[{\"@type\":\"ReadAction\",\"target\":[\"https:\/\/baubauwall.com\/et\/toode\/pilttapeet-roosiskets\/\"]}]},{\"@type\":\"ImageObject\",\"inLanguage\":\"et\",\"@id\":\"https:\/\/baubauwall.com\/et\/toode\/pilttapeet-roosiskets\/#primaryimage\",\"url\":\"https:\/\/baubauwall.com\/wp-content\/uploads\/2022\/03\/51200036_LineArtRose_Baubauwall_Wallmural_room4.jpg\",\"contentUrl\":\"https:\/\/baubauwall.com\/wp-content\/uploads\/2022\/03\/51200036_LineArtRose_Baubauwall_Wallmural_room4.jpg\",\"width\":1422,\"height\":800,\"caption\":\"Tapeet elutuppa. Baubauwall fliistapeedid\"},{\"@type\":\"BreadcrumbList\",\"@id\":\"https:\/\/baubauwall.com\/et\/toode\/pilttapeet-roosiskets\/#breadcrumb\",\"itemListElement\":[{\"@type\":\"ListItem\",\"position\":1,\"name\":\"Koju\",\"item\":\"https:\/\/baubauwall.com\/et\/\"},{\"@type\":\"ListItem\",\"position\":2,\"name\":\"Tapeedid\",\"item\":\"https:\/\/baubauwall.com\/et\/tapeedid\/\"},{\"@type\":\"ListItem\",\"position\":3,\"name\":\"Roosisket\u0161\"}]},{\"@type\":\"WebSite\",\"@id\":\"https:\/\/baubauwall.com\/et\/#website\",\"url\":\"https:\/\/baubauwall.com\/et\/\",\"name\":\"BAUBAUWALL Wallpapers\",\"description\":\"Valmis paanides tapeet Eestist!\",\"publisher\":{\"@id\":\"https:\/\/baubauwall.com\/et\/#organization\"},\"potentialAction\":[{\"@type\":\"SearchAction\",\"target\":{\"@type\":\"EntryPoint\",\"urlTemplate\":\"https:\/\/baubauwall.com\/et\/?s={search_term_string}\"},\"query-input\":{\"@type\":\"PropertyValueSpecification\",\"valueRequired\":true,\"valueName\":\"search_term_string\"}}],\"inLanguage\":\"et\"},{\"@type\":\"Organization\",\"@id\":\"https:\/\/baubauwall.com\/et\/#organization\",\"name\":\"BAUBAUWALL Wallpapers\",\"url\":\"https:\/\/baubauwall.com\/et\/\",\"logo\":{\"@type\":\"ImageObject\",\"inLanguage\":\"et\",\"@id\":\"https:\/\/baubauwall.com\/et\/#\/schema\/logo\/image\/\",\"url\":\"https:\/\/baubauwall.com\/wp-content\/uploads\/2022\/03\/logo-horizontal.svg\",\"contentUrl\":\"https:\/\/baubauwall.com\/wp-content\/uploads\/2022\/03\/logo-horizontal.svg\",\"width\":\"1024\",\"height\":\"1024\",\"caption\":\"BAUBAUWALL Wallpapers\"},\"image\":{\"@id\":\"https:\/\/baubauwall.com\/et\/#\/schema\/logo\/image\/\"},\"sameAs\":[\"https:\/\/www.facebook.com\/Baubauwall\",\"https:\/\/www.instagram.com\/baubauwall\"]}]}<\/script>\n<!-- \/ Yoast SEO plugin. -->","yoast_head_json":{"title":"Skitseeritud mustvalge pilttapeet roosiga joonetehnikas","description":"Stiilne mustvalge tapeet roosiga. Tapeedidisain, mis sobib pea k\u00f5ikjale sinu kodus. Sinu seina m\u00f5\u00f5tu l\u00f5igatud disainid ja tapeedipaanid.","robots":{"index":"index","follow":"follow","max-snippet":"max-snippet:-1","max-image-preview":"max-image-preview:large","max-video-preview":"max-video-preview:-1"},"canonical":"https:\/\/baubauwall.com\/et\/toode\/pilttapeet-roosiskets\/","og_locale":"et_EE","og_type":"article","og_title":"Skitseeritud mustvalge pilttapeet roosiga joonetehnikas","og_description":"Stiilne mustvalge tapeet roosiga. Tapeedidisain, mis sobib pea k\u00f5ikjale sinu kodus. Sinu seina m\u00f5\u00f5tu l\u00f5igatud disainid ja tapeedipaanid.","og_url":"https:\/\/baubauwall.com\/et\/toode\/pilttapeet-roosiskets\/","og_site_name":"BAUBAUWALL TAPEEDID","article_publisher":"https:\/\/www.facebook.com\/Baubauwall","article_modified_time":"2025-10-13T09:50:33+00:00","og_image":[{"width":1422,"height":800,"url":"https:\/\/baubauwall.com\/wp-content\/uploads\/2022\/03\/51200036_LineArtRose_Baubauwall_Wallmural_room4.jpg","type":"image\/jpeg"}],"twitter_card":"summary_large_image","twitter_misc":{"Est. reading time":"1 minut"},"schema":{"@context":"https:\/\/schema.org","@graph":[{"@type":"WebPage","@id":"https:\/\/baubauwall.com\/et\/toode\/pilttapeet-roosiskets\/","url":"https:\/\/baubauwall.com\/et\/toode\/pilttapeet-roosiskets\/","name":"Skitseeritud mustvalge pilttapeet roosiga joonetehnikas","isPartOf":{"@id":"https:\/\/baubauwall.com\/et\/#website"},"primaryImageOfPage":{"@id":"https:\/\/baubauwall.com\/et\/toode\/pilttapeet-roosiskets\/#primaryimage"},"image":{"@id":"https:\/\/baubauwall.com\/et\/toode\/pilttapeet-roosiskets\/#primaryimage"},"thumbnailUrl":"https:\/\/baubauwall.com\/wp-content\/uploads\/2022\/03\/51200036_LineArtRose_Baubauwall_Wallmural_room4.jpg","datePublished":"2022-03-03T07:18:01+00:00","dateModified":"2025-10-13T09:50:33+00:00","description":"Stiilne mustvalge tapeet roosiga. Tapeedidisain, mis sobib pea k\u00f5ikjale sinu kodus. Sinu seina m\u00f5\u00f5tu l\u00f5igatud disainid ja tapeedipaanid.","breadcrumb":{"@id":"https:\/\/baubauwall.com\/et\/toode\/pilttapeet-roosiskets\/#breadcrumb"},"inLanguage":"et","potentialAction":[{"@type":"ReadAction","target":["https:\/\/baubauwall.com\/et\/toode\/pilttapeet-roosiskets\/"]}]},{"@type":"ImageObject","inLanguage":"et","@id":"https:\/\/baubauwall.com\/et\/toode\/pilttapeet-roosiskets\/#primaryimage","url":"https:\/\/baubauwall.com\/wp-content\/uploads\/2022\/03\/51200036_LineArtRose_Baubauwall_Wallmural_room4.jpg","contentUrl":"https:\/\/baubauwall.com\/wp-content\/uploads\/2022\/03\/51200036_LineArtRose_Baubauwall_Wallmural_room4.jpg","width":1422,"height":800,"caption":"Tapeet elutuppa. Baubauwall fliistapeedid"},{"@type":"BreadcrumbList","@id":"https:\/\/baubauwall.com\/et\/toode\/pilttapeet-roosiskets\/#breadcrumb","itemListElement":[{"@type":"ListItem","position":1,"name":"Koju","item":"https:\/\/baubauwall.com\/et\/"},{"@type":"ListItem","position":2,"name":"Tapeedid","item":"https:\/\/baubauwall.com\/et\/tapeedid\/"},{"@type":"ListItem","position":3,"name":"Roosisket\u0161"}]},{"@type":"WebSite","@id":"https:\/\/baubauwall.com\/et\/#website","url":"https:\/\/baubauwall.com\/et\/","name":"BAUBAUWALL Wallpapers","description":"Valmis paanides tapeet Eestist!","publisher":{"@id":"https:\/\/baubauwall.com\/et\/#organization"},"potentialAction":[{"@type":"SearchAction","target":{"@type":"EntryPoint","urlTemplate":"https:\/\/baubauwall.com\/et\/?s={search_term_string}"},"query-input":{"@type":"PropertyValueSpecification","valueRequired":true,"valueName":"search_term_string"}}],"inLanguage":"et"},{"@type":"Organization","@id":"https:\/\/baubauwall.com\/et\/#organization","name":"BAUBAUWALL Wallpapers","url":"https:\/\/baubauwall.com\/et\/","logo":{"@type":"ImageObject","inLanguage":"et","@id":"https:\/\/baubauwall.com\/et\/#\/schema\/logo\/image\/","url":"https:\/\/baubauwall.com\/wp-content\/uploads\/2022\/03\/logo-horizontal.svg","contentUrl":"https:\/\/baubauwall.com\/wp-content\/uploads\/2022\/03\/logo-horizontal.svg","width":"1024","height":"1024","caption":"BAUBAUWALL Wallpapers"},"image":{"@id":"https:\/\/baubauwall.com\/et\/#\/schema\/logo\/image\/"},"sameAs":["https:\/\/www.facebook.com\/Baubauwall","https:\/\/www.instagram.com\/baubauwall"]}]}},"jetpack_sharing_enabled":true,"_links":{"self":[{"href":"https:\/\/baubauwall.com\/et\/wp-json\/wp\/v2\/product\/6374","targetHints":{"allow":["GET"]}}],"collection":[{"href":"https:\/\/baubauwall.com\/et\/wp-json\/wp\/v2\/product"}],"about":[{"href":"https:\/\/baubauwall.com\/et\/wp-json\/wp\/v2\/types\/product"}],"replies":[{"embeddable":true,"href":"https:\/\/baubauwall.com\/et\/wp-json\/wp\/v2\/comments?post=6374"}],"wp:featuredmedia":[{"embeddable":true,"href":"https:\/\/baubauwall.com\/et\/wp-json\/wp\/v2\/media\/6357"}],"wp:attachment":[{"href":"https:\/\/baubauwall.com\/et\/wp-json\/wp\/v2\/media?parent=6374"}],"wp:term":[{"taxonomy":"product_brand","embeddable":true,"href":"https:\/\/baubauwall.com\/et\/wp-json\/wp\/v2\/product_brand?post=6374"},{"taxonomy":"product_cat","embeddable":true,"href":"https:\/\/baubauwall.com\/et\/wp-json\/wp\/v2\/product_cat?post=6374"},{"taxonomy":"product_tag","embeddable":true,"href":"https:\/\/baubauwall.com\/et\/wp-json\/wp\/v2\/product_tag?post=6374"}],"curies":[{"name":"wp","href":"https:\/\/api.w.org\/{rel}","templated":true}]}}