{"id":6566,"date":"2022-03-03T07:18:02","date_gmt":"2022-03-03T07:18:02","guid":{"rendered":"https:\/\/baubauwall.com\/product\/misty-forest-canvas-wallmural-blue\/"},"modified":"2022-11-28T09:39:05","modified_gmt":"2022-11-28T07:39:05","slug":"udune-mets-pilttapeet-helesinine","status":"publish","type":"product","link":"https:\/\/baubauwall.com\/et\/toode\/udune-mets-pilttapeet-helesinine\/","title":{"rendered":"Udune mets l\u00f5uendil &#8211; helesinine"},"content":{"rendered":"<p>Kas tunned seda? See hetk looduses, kui \u00f5hk on veel jahe, v\u00e4rske ja puulatvades laulab vaid tuul? Tere tulemast varahommikusesse talvemetsa. Otsustasime maalida kordumatu hetke sellele pilttapeedile. Udune, veidi muinasjutuline metsaviir on segatud foto ja l\u00f5uendi tekstuuriga, luues t\u00e4iesti uue kontseptsiooni populaarsele loodusvaatele.<\/p>\n<p>Rahulik ja k\u00fclmades toonides pilttapeedi disain, mis sobib nii kodukontori seinale inspiratsiooniks kui ka magamistuppa v\u00f5i elutuppa aktsentseinaks.<\/p>\n<p>See pilttapeedi disain on meil olemas ka hallis toonis.<\/p>\n","protected":false},"excerpt":{"rendered":"<p>Kas tunned seda? See hetk looduses, kui \u00f5hk on veel jahe, v\u00e4rske ja puulatvades laulab vaid tuul? Tere tulemast varahommikusesse talvemetsa. Otsustasime maalida kordumatu hetke sellele pilttapeedile. Udune, veidi muinasjutuline metsaviir on segatud foto ja l\u00f5uendi tekstuuriga, luues t\u00e4iesti uue kontseptsiooni populaarsele loodusvaatele. Rahulik ja k\u00fclmades toonides pilttapeedi disain, mis sobib nii kodukontori seinale inspiratsiooniks [&hellip;]<\/p>\n","protected":false},"featured_media":6551,"comment_status":"open","ping_status":"closed","template":"","meta":{"_acf_changed":false,"inline_featured_image":false},"product_brand":[],"product_cat":[387,392,396,267,272,273,410,413,414,415,399,402,248,251,254],"product_tag":[563,345,328],"class_list":{"0":"post-6566","1":"product","2":"type-product","3":"status-publish","4":"has-post-thumbnail","6":"product_cat-pilttapeedid","7":"product_cat-minimalistlik","8":"product_cat-skandinaavia","9":"product_cat-sinised-tapeedid","10":"product_cat-hallid-tapeedid","11":"product_cat-heledad-tapeedid","12":"product_cat-valge-tapeedid","13":"product_cat-magamistoa-tapeedid","14":"product_cat-soogitoa-tapeedid","15":"product_cat-kulalistetoa-tapeedid","16":"product_cat-kodukontori-tapeedid","17":"product_cat-elutoa-tapeedid","18":"product_cat-mets","19":"product_cat-maed","20":"product_cat-loodus","21":"product_tag-biofiilia-stiil","22":"product_tag-pilttapeet","23":"product_tag-udune","24":"pa_designedby-baubauwall","26":"first","27":"instock","28":"taxable","29":"shipping-taxable","30":"purchasable","31":"product-type-simple"},"acf":[],"yoast_head":"<!-- This site is optimized with the Yoast SEO plugin v25.9 - https:\/\/yoast.com\/wordpress\/plugins\/seo\/ -->\n<title>Udune mets pilttapeet l\u00f5uendil - helesinine. R\u00e4tsepat\u00f6\u00f6 tapeedid.<\/title>\n<meta name=\"description\" content=\"Udune mets pilttapeet. Maitsekas pilttapeedi disain, mis sobib nii kodukontori seinale inspiratsiooniks kui ka magamistuppa v\u00f5i elutuppa.\" \/>\n<meta name=\"robots\" content=\"index, follow, max-snippet:-1, max-image-preview:large, max-video-preview:-1\" \/>\n<link rel=\"canonical\" href=\"https:\/\/baubauwall.com\/et\/toode\/udune-mets-pilttapeet-helesinine\/\" \/>\n<meta property=\"og:locale\" content=\"et_EE\" \/>\n<meta property=\"og:type\" content=\"article\" \/>\n<meta property=\"og:title\" content=\"Udune mets pilttapeet l\u00f5uendil - helesinine. R\u00e4tsepat\u00f6\u00f6 tapeedid.\" \/>\n<meta property=\"og:description\" content=\"Udune mets pilttapeet. Maitsekas pilttapeedi disain, mis sobib nii kodukontori seinale inspiratsiooniks kui ka magamistuppa v\u00f5i elutuppa.\" \/>\n<meta property=\"og:url\" content=\"https:\/\/baubauwall.com\/et\/toode\/udune-mets-pilttapeet-helesinine\/\" \/>\n<meta property=\"og:site_name\" content=\"BAUBAUWALL TAPEEDID\" \/>\n<meta property=\"article:publisher\" content=\"https:\/\/www.facebook.com\/Baubauwall\" \/>\n<meta property=\"article:modified_time\" content=\"2022-11-28T07:39:05+00:00\" \/>\n<meta property=\"og:image\" content=\"https:\/\/baubauwall.com\/wp-content\/uploads\/2022\/03\/ForestonCanvas-blue_Baubauwall_Wallmural_room2.jpg\" \/>\n\t<meta property=\"og:image:width\" content=\"1200\" \/>\n\t<meta property=\"og:image:height\" content=\"800\" \/>\n\t<meta property=\"og:image:type\" content=\"image\/jpeg\" \/>\n<meta name=\"twitter:card\" content=\"summary_large_image\" \/>\n<meta name=\"twitter:label1\" content=\"Est. reading time\" \/>\n\t<meta name=\"twitter:data1\" content=\"1 minut\" \/>\n<script type=\"application\/ld+json\" class=\"yoast-schema-graph\">{\"@context\":\"https:\/\/schema.org\",\"@graph\":[{\"@type\":\"WebPage\",\"@id\":\"https:\/\/baubauwall.com\/et\/toode\/udune-mets-pilttapeet-helesinine\/\",\"url\":\"https:\/\/baubauwall.com\/et\/toode\/udune-mets-pilttapeet-helesinine\/\",\"name\":\"Udune mets pilttapeet l\u00f5uendil - helesinine. R\u00e4tsepat\u00f6\u00f6 tapeedid.\",\"isPartOf\":{\"@id\":\"https:\/\/baubauwall.com\/et\/#website\"},\"primaryImageOfPage\":{\"@id\":\"https:\/\/baubauwall.com\/et\/toode\/udune-mets-pilttapeet-helesinine\/#primaryimage\"},\"image\":{\"@id\":\"https:\/\/baubauwall.com\/et\/toode\/udune-mets-pilttapeet-helesinine\/#primaryimage\"},\"thumbnailUrl\":\"https:\/\/baubauwall.com\/wp-content\/uploads\/2022\/03\/ForestonCanvas-blue_Baubauwall_Wallmural_room2.jpg\",\"datePublished\":\"2022-03-03T07:18:02+00:00\",\"dateModified\":\"2022-11-28T07:39:05+00:00\",\"description\":\"Udune mets pilttapeet. Maitsekas pilttapeedi disain, mis sobib nii kodukontori seinale inspiratsiooniks kui ka magamistuppa v\u00f5i elutuppa.\",\"breadcrumb\":{\"@id\":\"https:\/\/baubauwall.com\/et\/toode\/udune-mets-pilttapeet-helesinine\/#breadcrumb\"},\"inLanguage\":\"et\",\"potentialAction\":[{\"@type\":\"ReadAction\",\"target\":[\"https:\/\/baubauwall.com\/et\/toode\/udune-mets-pilttapeet-helesinine\/\"]}]},{\"@type\":\"ImageObject\",\"inLanguage\":\"et\",\"@id\":\"https:\/\/baubauwall.com\/et\/toode\/udune-mets-pilttapeet-helesinine\/#primaryimage\",\"url\":\"https:\/\/baubauwall.com\/wp-content\/uploads\/2022\/03\/ForestonCanvas-blue_Baubauwall_Wallmural_room2.jpg\",\"contentUrl\":\"https:\/\/baubauwall.com\/wp-content\/uploads\/2022\/03\/ForestonCanvas-blue_Baubauwall_Wallmural_room2.jpg\",\"width\":1200,\"height\":800},{\"@type\":\"BreadcrumbList\",\"@id\":\"https:\/\/baubauwall.com\/et\/toode\/udune-mets-pilttapeet-helesinine\/#breadcrumb\",\"itemListElement\":[{\"@type\":\"ListItem\",\"position\":1,\"name\":\"Koju\",\"item\":\"https:\/\/baubauwall.com\/et\/\"},{\"@type\":\"ListItem\",\"position\":2,\"name\":\"Tapeedid\",\"item\":\"https:\/\/baubauwall.com\/et\/tapeedid\/\"},{\"@type\":\"ListItem\",\"position\":3,\"name\":\"Udune mets l\u00f5uendil &#8211; helesinine\"}]},{\"@type\":\"WebSite\",\"@id\":\"https:\/\/baubauwall.com\/et\/#website\",\"url\":\"https:\/\/baubauwall.com\/et\/\",\"name\":\"BAUBAUWALL Wallpapers\",\"description\":\"Valmis paanides tapeet Eestist!\",\"publisher\":{\"@id\":\"https:\/\/baubauwall.com\/et\/#organization\"},\"potentialAction\":[{\"@type\":\"SearchAction\",\"target\":{\"@type\":\"EntryPoint\",\"urlTemplate\":\"https:\/\/baubauwall.com\/et\/?s={search_term_string}\"},\"query-input\":{\"@type\":\"PropertyValueSpecification\",\"valueRequired\":true,\"valueName\":\"search_term_string\"}}],\"inLanguage\":\"et\"},{\"@type\":\"Organization\",\"@id\":\"https:\/\/baubauwall.com\/et\/#organization\",\"name\":\"BAUBAUWALL Wallpapers\",\"url\":\"https:\/\/baubauwall.com\/et\/\",\"logo\":{\"@type\":\"ImageObject\",\"inLanguage\":\"et\",\"@id\":\"https:\/\/baubauwall.com\/et\/#\/schema\/logo\/image\/\",\"url\":\"https:\/\/baubauwall.com\/wp-content\/uploads\/2022\/03\/logo-horizontal.svg\",\"contentUrl\":\"https:\/\/baubauwall.com\/wp-content\/uploads\/2022\/03\/logo-horizontal.svg\",\"width\":\"1024\",\"height\":\"1024\",\"caption\":\"BAUBAUWALL Wallpapers\"},\"image\":{\"@id\":\"https:\/\/baubauwall.com\/et\/#\/schema\/logo\/image\/\"},\"sameAs\":[\"https:\/\/www.facebook.com\/Baubauwall\",\"https:\/\/www.instagram.com\/baubauwall\"]}]}<\/script>\n<!-- \/ Yoast SEO plugin. -->","yoast_head_json":{"title":"Udune mets pilttapeet l\u00f5uendil - helesinine. R\u00e4tsepat\u00f6\u00f6 tapeedid.","description":"Udune mets pilttapeet. Maitsekas pilttapeedi disain, mis sobib nii kodukontori seinale inspiratsiooniks kui ka magamistuppa v\u00f5i elutuppa.","robots":{"index":"index","follow":"follow","max-snippet":"max-snippet:-1","max-image-preview":"max-image-preview:large","max-video-preview":"max-video-preview:-1"},"canonical":"https:\/\/baubauwall.com\/et\/toode\/udune-mets-pilttapeet-helesinine\/","og_locale":"et_EE","og_type":"article","og_title":"Udune mets pilttapeet l\u00f5uendil - helesinine. R\u00e4tsepat\u00f6\u00f6 tapeedid.","og_description":"Udune mets pilttapeet. Maitsekas pilttapeedi disain, mis sobib nii kodukontori seinale inspiratsiooniks kui ka magamistuppa v\u00f5i elutuppa.","og_url":"https:\/\/baubauwall.com\/et\/toode\/udune-mets-pilttapeet-helesinine\/","og_site_name":"BAUBAUWALL TAPEEDID","article_publisher":"https:\/\/www.facebook.com\/Baubauwall","article_modified_time":"2022-11-28T07:39:05+00:00","og_image":[{"width":1200,"height":800,"url":"https:\/\/baubauwall.com\/wp-content\/uploads\/2022\/03\/ForestonCanvas-blue_Baubauwall_Wallmural_room2.jpg","type":"image\/jpeg"}],"twitter_card":"summary_large_image","twitter_misc":{"Est. reading time":"1 minut"},"schema":{"@context":"https:\/\/schema.org","@graph":[{"@type":"WebPage","@id":"https:\/\/baubauwall.com\/et\/toode\/udune-mets-pilttapeet-helesinine\/","url":"https:\/\/baubauwall.com\/et\/toode\/udune-mets-pilttapeet-helesinine\/","name":"Udune mets pilttapeet l\u00f5uendil - helesinine. R\u00e4tsepat\u00f6\u00f6 tapeedid.","isPartOf":{"@id":"https:\/\/baubauwall.com\/et\/#website"},"primaryImageOfPage":{"@id":"https:\/\/baubauwall.com\/et\/toode\/udune-mets-pilttapeet-helesinine\/#primaryimage"},"image":{"@id":"https:\/\/baubauwall.com\/et\/toode\/udune-mets-pilttapeet-helesinine\/#primaryimage"},"thumbnailUrl":"https:\/\/baubauwall.com\/wp-content\/uploads\/2022\/03\/ForestonCanvas-blue_Baubauwall_Wallmural_room2.jpg","datePublished":"2022-03-03T07:18:02+00:00","dateModified":"2022-11-28T07:39:05+00:00","description":"Udune mets pilttapeet. Maitsekas pilttapeedi disain, mis sobib nii kodukontori seinale inspiratsiooniks kui ka magamistuppa v\u00f5i elutuppa.","breadcrumb":{"@id":"https:\/\/baubauwall.com\/et\/toode\/udune-mets-pilttapeet-helesinine\/#breadcrumb"},"inLanguage":"et","potentialAction":[{"@type":"ReadAction","target":["https:\/\/baubauwall.com\/et\/toode\/udune-mets-pilttapeet-helesinine\/"]}]},{"@type":"ImageObject","inLanguage":"et","@id":"https:\/\/baubauwall.com\/et\/toode\/udune-mets-pilttapeet-helesinine\/#primaryimage","url":"https:\/\/baubauwall.com\/wp-content\/uploads\/2022\/03\/ForestonCanvas-blue_Baubauwall_Wallmural_room2.jpg","contentUrl":"https:\/\/baubauwall.com\/wp-content\/uploads\/2022\/03\/ForestonCanvas-blue_Baubauwall_Wallmural_room2.jpg","width":1200,"height":800},{"@type":"BreadcrumbList","@id":"https:\/\/baubauwall.com\/et\/toode\/udune-mets-pilttapeet-helesinine\/#breadcrumb","itemListElement":[{"@type":"ListItem","position":1,"name":"Koju","item":"https:\/\/baubauwall.com\/et\/"},{"@type":"ListItem","position":2,"name":"Tapeedid","item":"https:\/\/baubauwall.com\/et\/tapeedid\/"},{"@type":"ListItem","position":3,"name":"Udune mets l\u00f5uendil &#8211; helesinine"}]},{"@type":"WebSite","@id":"https:\/\/baubauwall.com\/et\/#website","url":"https:\/\/baubauwall.com\/et\/","name":"BAUBAUWALL Wallpapers","description":"Valmis paanides tapeet Eestist!","publisher":{"@id":"https:\/\/baubauwall.com\/et\/#organization"},"potentialAction":[{"@type":"SearchAction","target":{"@type":"EntryPoint","urlTemplate":"https:\/\/baubauwall.com\/et\/?s={search_term_string}"},"query-input":{"@type":"PropertyValueSpecification","valueRequired":true,"valueName":"search_term_string"}}],"inLanguage":"et"},{"@type":"Organization","@id":"https:\/\/baubauwall.com\/et\/#organization","name":"BAUBAUWALL Wallpapers","url":"https:\/\/baubauwall.com\/et\/","logo":{"@type":"ImageObject","inLanguage":"et","@id":"https:\/\/baubauwall.com\/et\/#\/schema\/logo\/image\/","url":"https:\/\/baubauwall.com\/wp-content\/uploads\/2022\/03\/logo-horizontal.svg","contentUrl":"https:\/\/baubauwall.com\/wp-content\/uploads\/2022\/03\/logo-horizontal.svg","width":"1024","height":"1024","caption":"BAUBAUWALL Wallpapers"},"image":{"@id":"https:\/\/baubauwall.com\/et\/#\/schema\/logo\/image\/"},"sameAs":["https:\/\/www.facebook.com\/Baubauwall","https:\/\/www.instagram.com\/baubauwall"]}]}},"jetpack_sharing_enabled":true,"_links":{"self":[{"href":"https:\/\/baubauwall.com\/et\/wp-json\/wp\/v2\/product\/6566","targetHints":{"allow":["GET"]}}],"collection":[{"href":"https:\/\/baubauwall.com\/et\/wp-json\/wp\/v2\/product"}],"about":[{"href":"https:\/\/baubauwall.com\/et\/wp-json\/wp\/v2\/types\/product"}],"replies":[{"embeddable":true,"href":"https:\/\/baubauwall.com\/et\/wp-json\/wp\/v2\/comments?post=6566"}],"wp:featuredmedia":[{"embeddable":true,"href":"https:\/\/baubauwall.com\/et\/wp-json\/wp\/v2\/media\/6551"}],"wp:attachment":[{"href":"https:\/\/baubauwall.com\/et\/wp-json\/wp\/v2\/media?parent=6566"}],"wp:term":[{"taxonomy":"product_brand","embeddable":true,"href":"https:\/\/baubauwall.com\/et\/wp-json\/wp\/v2\/product_brand?post=6566"},{"taxonomy":"product_cat","embeddable":true,"href":"https:\/\/baubauwall.com\/et\/wp-json\/wp\/v2\/product_cat?post=6566"},{"taxonomy":"product_tag","embeddable":true,"href":"https:\/\/baubauwall.com\/et\/wp-json\/wp\/v2\/product_tag?post=6566"}],"curies":[{"name":"wp","href":"https:\/\/api.w.org\/{rel}","templated":true}]}}