{"id":6584,"date":"2022-03-03T07:18:03","date_gmt":"2022-03-03T07:18:03","guid":{"rendered":"https:\/\/baubauwall.com\/product\/misty-forest-canvas-wallmural-grey\/"},"modified":"2023-08-02T10:58:33","modified_gmt":"2023-08-02T08:58:33","slug":"udune-mets-pilttapeet","status":"publish","type":"product","link":"https:\/\/baubauwall.com\/et\/toode\/udune-mets-pilttapeet\/","title":{"rendered":"Udune mets l\u00f5uendil \u2013 hall"},"content":{"rendered":"<p>Kas tunned seda? See hetk looduses, kui \u00f5hk on veel jahe, v\u00e4rske ja puulatvades laulab vaid tuul? Tere tulemast varahommikusesse talvemetsa. Otsustasime maalida kordumatu hetke sellele pilttapeedile. Udune, veidi muinasjutuline metsaviir on segatud foto ja l\u00f5uendi tekstuuriga, luues t\u00e4iesti uue kontseptsiooni populaarsele loodusvaatele.<\/p>\n<p>Rahulik ja k\u00fclmades toonides pilttapeedi disain, mis sobib nii kodukontori seinale inspiratsiooniks kui ka magamistuppa v\u00f5i elutuppa aktsentseinaks.<\/p>\n<p>See pilttapeedi disain on meil olemas ka helesinises toonis.<\/p>\n","protected":false},"excerpt":{"rendered":"<p>Kas tunned seda? See hetk looduses, kui \u00f5hk on veel jahe, v\u00e4rske ja puulatvades laulab vaid tuul? Tere tulemast varahommikusesse talvemetsa. Otsustasime maalida kordumatu hetke sellele pilttapeedile. Udune, veidi muinasjutuline metsaviir on segatud foto ja l\u00f5uendi tekstuuriga, luues t\u00e4iesti uue kontseptsiooni populaarsele loodusvaatele. Rahulik ja k\u00fclmades toonides pilttapeedi disain, mis sobib nii kodukontori seinale inspiratsiooniks [&hellip;]<\/p>\n","protected":false},"featured_media":6571,"comment_status":"open","ping_status":"closed","template":"","meta":{"_acf_changed":false,"inline_featured_image":false},"product_brand":[],"product_cat":[387,396,272,273,410,413,414,415,399,402,245,248,251],"product_tag":[563,334,345,328],"class_list":{"0":"post-6584","1":"product","2":"type-product","3":"status-publish","4":"has-post-thumbnail","6":"product_cat-pilttapeedid","7":"product_cat-skandinaavia","8":"product_cat-hallid-tapeedid","9":"product_cat-heledad-tapeedid","10":"product_cat-valge-tapeedid","11":"product_cat-magamistoa-tapeedid","12":"product_cat-soogitoa-tapeedid","13":"product_cat-kulalistetoa-tapeedid","14":"product_cat-kodukontori-tapeedid","15":"product_cat-elutoa-tapeedid","16":"product_cat-maastik","17":"product_cat-mets","18":"product_cat-maed","19":"product_tag-biofiilia-stiil","20":"product_tag-japandi-et","21":"product_tag-pilttapeet","22":"product_tag-udune","23":"pa_designedby-baubauwall","25":"first","26":"instock","27":"taxable","28":"shipping-taxable","29":"purchasable","30":"product-type-simple"},"acf":[],"yoast_head":"<!-- This site is optimized with the Yoast SEO plugin v25.9 - https:\/\/yoast.com\/wordpress\/plugins\/seo\/ -->\n<title>Pilttapeet Udune mets. K\u00fclmades hallides toonides stiilne tapeet.<\/title>\n<meta name=\"description\" content=\"Udune mets pilttapeet. Maitsekas pilttapeedi disain, mis sobib nii kodukontori seinale inspiratsiooniks kui ka magamistuppa v\u00f5i elutuppa.\" \/>\n<meta name=\"robots\" content=\"index, follow, max-snippet:-1, max-image-preview:large, max-video-preview:-1\" \/>\n<link rel=\"canonical\" href=\"https:\/\/baubauwall.com\/et\/toode\/udune-mets-pilttapeet\/\" \/>\n<meta property=\"og:locale\" content=\"et_EE\" \/>\n<meta property=\"og:type\" content=\"article\" \/>\n<meta property=\"og:title\" content=\"Pilttapeet Udune mets. K\u00fclmades hallides toonides stiilne tapeet.\" \/>\n<meta property=\"og:description\" content=\"Udune mets pilttapeet. Maitsekas pilttapeedi disain, mis sobib nii kodukontori seinale inspiratsiooniks kui ka magamistuppa v\u00f5i elutuppa.\" \/>\n<meta property=\"og:url\" content=\"https:\/\/baubauwall.com\/et\/toode\/udune-mets-pilttapeet\/\" \/>\n<meta property=\"og:site_name\" content=\"BAUBAUWALL TAPEEDID\" \/>\n<meta property=\"article:publisher\" content=\"https:\/\/www.facebook.com\/Baubauwall\" \/>\n<meta property=\"article:modified_time\" content=\"2023-08-02T08:58:33+00:00\" \/>\n<meta property=\"og:image\" content=\"https:\/\/baubauwall.com\/wp-content\/uploads\/2022\/03\/ForestonCanvas-grey_Baubauwall_Wallmural_room6.jpg\" \/>\n\t<meta property=\"og:image:width\" content=\"1600\" \/>\n\t<meta property=\"og:image:height\" content=\"800\" \/>\n\t<meta property=\"og:image:type\" content=\"image\/jpeg\" \/>\n<meta name=\"twitter:card\" content=\"summary_large_image\" \/>\n<meta name=\"twitter:label1\" content=\"Est. reading time\" \/>\n\t<meta name=\"twitter:data1\" content=\"1 minut\" \/>\n<script type=\"application\/ld+json\" class=\"yoast-schema-graph\">{\"@context\":\"https:\/\/schema.org\",\"@graph\":[{\"@type\":\"WebPage\",\"@id\":\"https:\/\/baubauwall.com\/et\/toode\/udune-mets-pilttapeet\/\",\"url\":\"https:\/\/baubauwall.com\/et\/toode\/udune-mets-pilttapeet\/\",\"name\":\"Pilttapeet Udune mets. K\u00fclmades hallides toonides stiilne tapeet.\",\"isPartOf\":{\"@id\":\"https:\/\/baubauwall.com\/et\/#website\"},\"primaryImageOfPage\":{\"@id\":\"https:\/\/baubauwall.com\/et\/toode\/udune-mets-pilttapeet\/#primaryimage\"},\"image\":{\"@id\":\"https:\/\/baubauwall.com\/et\/toode\/udune-mets-pilttapeet\/#primaryimage\"},\"thumbnailUrl\":\"https:\/\/baubauwall.com\/wp-content\/uploads\/2022\/03\/ForestonCanvas-grey_Baubauwall_Wallmural_room6.jpg\",\"datePublished\":\"2022-03-03T07:18:03+00:00\",\"dateModified\":\"2023-08-02T08:58:33+00:00\",\"description\":\"Udune mets pilttapeet. Maitsekas pilttapeedi disain, mis sobib nii kodukontori seinale inspiratsiooniks kui ka magamistuppa v\u00f5i elutuppa.\",\"breadcrumb\":{\"@id\":\"https:\/\/baubauwall.com\/et\/toode\/udune-mets-pilttapeet\/#breadcrumb\"},\"inLanguage\":\"et\",\"potentialAction\":[{\"@type\":\"ReadAction\",\"target\":[\"https:\/\/baubauwall.com\/et\/toode\/udune-mets-pilttapeet\/\"]}]},{\"@type\":\"ImageObject\",\"inLanguage\":\"et\",\"@id\":\"https:\/\/baubauwall.com\/et\/toode\/udune-mets-pilttapeet\/#primaryimage\",\"url\":\"https:\/\/baubauwall.com\/wp-content\/uploads\/2022\/03\/ForestonCanvas-grey_Baubauwall_Wallmural_room6.jpg\",\"contentUrl\":\"https:\/\/baubauwall.com\/wp-content\/uploads\/2022\/03\/ForestonCanvas-grey_Baubauwall_Wallmural_room6.jpg\",\"width\":1600,\"height\":800},{\"@type\":\"BreadcrumbList\",\"@id\":\"https:\/\/baubauwall.com\/et\/toode\/udune-mets-pilttapeet\/#breadcrumb\",\"itemListElement\":[{\"@type\":\"ListItem\",\"position\":1,\"name\":\"Koju\",\"item\":\"https:\/\/baubauwall.com\/et\/\"},{\"@type\":\"ListItem\",\"position\":2,\"name\":\"Tapeedid\",\"item\":\"https:\/\/baubauwall.com\/et\/tapeedid\/\"},{\"@type\":\"ListItem\",\"position\":3,\"name\":\"Udune mets l\u00f5uendil \u2013 hall\"}]},{\"@type\":\"WebSite\",\"@id\":\"https:\/\/baubauwall.com\/et\/#website\",\"url\":\"https:\/\/baubauwall.com\/et\/\",\"name\":\"BAUBAUWALL Wallpapers\",\"description\":\"Valmis paanides tapeet Eestist!\",\"publisher\":{\"@id\":\"https:\/\/baubauwall.com\/et\/#organization\"},\"potentialAction\":[{\"@type\":\"SearchAction\",\"target\":{\"@type\":\"EntryPoint\",\"urlTemplate\":\"https:\/\/baubauwall.com\/et\/?s={search_term_string}\"},\"query-input\":{\"@type\":\"PropertyValueSpecification\",\"valueRequired\":true,\"valueName\":\"search_term_string\"}}],\"inLanguage\":\"et\"},{\"@type\":\"Organization\",\"@id\":\"https:\/\/baubauwall.com\/et\/#organization\",\"name\":\"BAUBAUWALL Wallpapers\",\"url\":\"https:\/\/baubauwall.com\/et\/\",\"logo\":{\"@type\":\"ImageObject\",\"inLanguage\":\"et\",\"@id\":\"https:\/\/baubauwall.com\/et\/#\/schema\/logo\/image\/\",\"url\":\"https:\/\/baubauwall.com\/wp-content\/uploads\/2022\/03\/logo-horizontal.svg\",\"contentUrl\":\"https:\/\/baubauwall.com\/wp-content\/uploads\/2022\/03\/logo-horizontal.svg\",\"width\":\"1024\",\"height\":\"1024\",\"caption\":\"BAUBAUWALL Wallpapers\"},\"image\":{\"@id\":\"https:\/\/baubauwall.com\/et\/#\/schema\/logo\/image\/\"},\"sameAs\":[\"https:\/\/www.facebook.com\/Baubauwall\",\"https:\/\/www.instagram.com\/baubauwall\"]}]}<\/script>\n<!-- \/ Yoast SEO plugin. -->","yoast_head_json":{"title":"Pilttapeet Udune mets. K\u00fclmades hallides toonides stiilne tapeet.","description":"Udune mets pilttapeet. Maitsekas pilttapeedi disain, mis sobib nii kodukontori seinale inspiratsiooniks kui ka magamistuppa v\u00f5i elutuppa.","robots":{"index":"index","follow":"follow","max-snippet":"max-snippet:-1","max-image-preview":"max-image-preview:large","max-video-preview":"max-video-preview:-1"},"canonical":"https:\/\/baubauwall.com\/et\/toode\/udune-mets-pilttapeet\/","og_locale":"et_EE","og_type":"article","og_title":"Pilttapeet Udune mets. K\u00fclmades hallides toonides stiilne tapeet.","og_description":"Udune mets pilttapeet. Maitsekas pilttapeedi disain, mis sobib nii kodukontori seinale inspiratsiooniks kui ka magamistuppa v\u00f5i elutuppa.","og_url":"https:\/\/baubauwall.com\/et\/toode\/udune-mets-pilttapeet\/","og_site_name":"BAUBAUWALL TAPEEDID","article_publisher":"https:\/\/www.facebook.com\/Baubauwall","article_modified_time":"2023-08-02T08:58:33+00:00","og_image":[{"width":1600,"height":800,"url":"https:\/\/baubauwall.com\/wp-content\/uploads\/2022\/03\/ForestonCanvas-grey_Baubauwall_Wallmural_room6.jpg","type":"image\/jpeg"}],"twitter_card":"summary_large_image","twitter_misc":{"Est. reading time":"1 minut"},"schema":{"@context":"https:\/\/schema.org","@graph":[{"@type":"WebPage","@id":"https:\/\/baubauwall.com\/et\/toode\/udune-mets-pilttapeet\/","url":"https:\/\/baubauwall.com\/et\/toode\/udune-mets-pilttapeet\/","name":"Pilttapeet Udune mets. K\u00fclmades hallides toonides stiilne tapeet.","isPartOf":{"@id":"https:\/\/baubauwall.com\/et\/#website"},"primaryImageOfPage":{"@id":"https:\/\/baubauwall.com\/et\/toode\/udune-mets-pilttapeet\/#primaryimage"},"image":{"@id":"https:\/\/baubauwall.com\/et\/toode\/udune-mets-pilttapeet\/#primaryimage"},"thumbnailUrl":"https:\/\/baubauwall.com\/wp-content\/uploads\/2022\/03\/ForestonCanvas-grey_Baubauwall_Wallmural_room6.jpg","datePublished":"2022-03-03T07:18:03+00:00","dateModified":"2023-08-02T08:58:33+00:00","description":"Udune mets pilttapeet. Maitsekas pilttapeedi disain, mis sobib nii kodukontori seinale inspiratsiooniks kui ka magamistuppa v\u00f5i elutuppa.","breadcrumb":{"@id":"https:\/\/baubauwall.com\/et\/toode\/udune-mets-pilttapeet\/#breadcrumb"},"inLanguage":"et","potentialAction":[{"@type":"ReadAction","target":["https:\/\/baubauwall.com\/et\/toode\/udune-mets-pilttapeet\/"]}]},{"@type":"ImageObject","inLanguage":"et","@id":"https:\/\/baubauwall.com\/et\/toode\/udune-mets-pilttapeet\/#primaryimage","url":"https:\/\/baubauwall.com\/wp-content\/uploads\/2022\/03\/ForestonCanvas-grey_Baubauwall_Wallmural_room6.jpg","contentUrl":"https:\/\/baubauwall.com\/wp-content\/uploads\/2022\/03\/ForestonCanvas-grey_Baubauwall_Wallmural_room6.jpg","width":1600,"height":800},{"@type":"BreadcrumbList","@id":"https:\/\/baubauwall.com\/et\/toode\/udune-mets-pilttapeet\/#breadcrumb","itemListElement":[{"@type":"ListItem","position":1,"name":"Koju","item":"https:\/\/baubauwall.com\/et\/"},{"@type":"ListItem","position":2,"name":"Tapeedid","item":"https:\/\/baubauwall.com\/et\/tapeedid\/"},{"@type":"ListItem","position":3,"name":"Udune mets l\u00f5uendil \u2013 hall"}]},{"@type":"WebSite","@id":"https:\/\/baubauwall.com\/et\/#website","url":"https:\/\/baubauwall.com\/et\/","name":"BAUBAUWALL Wallpapers","description":"Valmis paanides tapeet Eestist!","publisher":{"@id":"https:\/\/baubauwall.com\/et\/#organization"},"potentialAction":[{"@type":"SearchAction","target":{"@type":"EntryPoint","urlTemplate":"https:\/\/baubauwall.com\/et\/?s={search_term_string}"},"query-input":{"@type":"PropertyValueSpecification","valueRequired":true,"valueName":"search_term_string"}}],"inLanguage":"et"},{"@type":"Organization","@id":"https:\/\/baubauwall.com\/et\/#organization","name":"BAUBAUWALL Wallpapers","url":"https:\/\/baubauwall.com\/et\/","logo":{"@type":"ImageObject","inLanguage":"et","@id":"https:\/\/baubauwall.com\/et\/#\/schema\/logo\/image\/","url":"https:\/\/baubauwall.com\/wp-content\/uploads\/2022\/03\/logo-horizontal.svg","contentUrl":"https:\/\/baubauwall.com\/wp-content\/uploads\/2022\/03\/logo-horizontal.svg","width":"1024","height":"1024","caption":"BAUBAUWALL Wallpapers"},"image":{"@id":"https:\/\/baubauwall.com\/et\/#\/schema\/logo\/image\/"},"sameAs":["https:\/\/www.facebook.com\/Baubauwall","https:\/\/www.instagram.com\/baubauwall"]}]}},"jetpack_sharing_enabled":true,"_links":{"self":[{"href":"https:\/\/baubauwall.com\/et\/wp-json\/wp\/v2\/product\/6584","targetHints":{"allow":["GET"]}}],"collection":[{"href":"https:\/\/baubauwall.com\/et\/wp-json\/wp\/v2\/product"}],"about":[{"href":"https:\/\/baubauwall.com\/et\/wp-json\/wp\/v2\/types\/product"}],"replies":[{"embeddable":true,"href":"https:\/\/baubauwall.com\/et\/wp-json\/wp\/v2\/comments?post=6584"}],"wp:featuredmedia":[{"embeddable":true,"href":"https:\/\/baubauwall.com\/et\/wp-json\/wp\/v2\/media\/6571"}],"wp:attachment":[{"href":"https:\/\/baubauwall.com\/et\/wp-json\/wp\/v2\/media?parent=6584"}],"wp:term":[{"taxonomy":"product_brand","embeddable":true,"href":"https:\/\/baubauwall.com\/et\/wp-json\/wp\/v2\/product_brand?post=6584"},{"taxonomy":"product_cat","embeddable":true,"href":"https:\/\/baubauwall.com\/et\/wp-json\/wp\/v2\/product_cat?post=6584"},{"taxonomy":"product_tag","embeddable":true,"href":"https:\/\/baubauwall.com\/et\/wp-json\/wp\/v2\/product_tag?post=6584"}],"curies":[{"name":"wp","href":"https:\/\/api.w.org\/{rel}","templated":true}]}}