{"id":6762,"date":"2022-03-29T15:15:11","date_gmt":"2022-03-29T13:15:11","guid":{"rendered":"https:\/\/baubauwall.com\/product\/flowing-canyon\/"},"modified":"2024-12-27T13:36:19","modified_gmt":"2024-12-27T11:36:19","slug":"fototapeet-kanjoniduunid","status":"publish","type":"product","link":"https:\/\/baubauwall.com\/et\/toode\/fototapeet-kanjoniduunid\/","title":{"rendered":"Fototapeet Kanjonid\u00fc\u00fcnid"},"content":{"rendered":"<p>Fototapeet mustvalge Grand Canyoni fotoga. P\u00fc\u00fcdes kinni selle loodusime imelised detailid, toob see fototapeet Grand Canyoni ikoonilise ilu otse sinu seintele. Fototapeet, mille kanjonid\u00fc\u00fcni iga detaili vari ja kontuur r\u00e4\u00e4gib oma lugu. <a href=\"https:\/\/baubauwall.com\/et\/nipid\/mis-on-fototapeet\/\">Fototapeet<\/a> on ideaalne valik \u00fchte seina, olgu selleks magamistoa sein inspireeriv kontor v\u00f5i elutuba.<\/p>\n<p>Nagu k\u00f5ik meie kordusmustriga tapeedid ja fototapeedid, on ka see disain tr\u00fckitud keskkonnas\u00f5bralike v\u00e4rvidega, hingavale fliistapeedi materjalile. Fliistapeeti on v\u00e4ga lihtne paigaldada ja ka eemaldada. Loe l\u00e4hemalt nutikatest tapeetidest <a href=\"https:\/\/baubauwall.com\/et\/keskkonnasobralikud-tapeedid\/\" target=\"_blank\" rel=\"noopener\">siit.<\/a><\/p>\n","protected":false},"excerpt":{"rendered":"<p>Fototapeet mustvalge Grand Canyoni fotoga. P\u00fc\u00fcdes kinni selle loodusime imelised detailid, toob see fototapeet Grand Canyoni ikoonilise ilu otse sinu seintele. Fototapeet, mille kanjonid\u00fc\u00fcni iga detaili vari ja kontuur r\u00e4\u00e4gib oma lugu. Fototapeet on ideaalne valik \u00fchte seina, olgu selleks magamistoa sein inspireeriv kontor v\u00f5i elutuba. Nagu k\u00f5ik meie kordusmustriga tapeedid ja fototapeedid, on ka [&hellip;]<\/p>\n","protected":false},"featured_media":6747,"comment_status":"open","ping_status":"closed","template":"","meta":{"_acf_changed":false,"inline_featured_image":false},"product_brand":[],"product_cat":[433,622,266,270,272,413,402,245,247,251,254],"product_tag":[486,454,294],"class_list":{"0":"post-6762","1":"product","2":"type-product","3":"status-publish","4":"has-post-thumbnail","6":"product_cat-fototapeedid","7":"product_cat-julged-tapeedid","8":"product_cat-mustad-tapeedid","9":"product_cat-tumedad-tapeedid","10":"product_cat-hallid-tapeedid","11":"product_cat-magamistoa-tapeedid","12":"product_cat-elutoa-tapeedid","13":"product_cat-maastik","14":"product_cat-korb","15":"product_cat-maed","16":"product_cat-loodus","17":"product_tag-fotograafia-et","18":"product_tag-fototapeet-et","19":"product_tag-mustvalge","20":"pa_designedby-baubauwall","22":"first","23":"instock","24":"taxable","25":"shipping-taxable","26":"purchasable","27":"product-type-simple"},"acf":[],"yoast_head":"<!-- This site is optimized with the Yoast SEO plugin v25.9 - https:\/\/yoast.com\/wordpress\/plugins\/seo\/ -->\n<title>Mustvalge fototapeet kontorisse v\u00f5i eluruumi<\/title>\n<meta name=\"description\" content=\"Fototapeet mustvalge kanjonid\u00fc\u00fcni vaatega. Tapeetimine Baubauwalli tapeetidega on lihtne - tr\u00fckime just sinu seina m\u00f5\u00f5dus fototapeedi, valmis paanides.\" \/>\n<meta name=\"robots\" content=\"index, follow, max-snippet:-1, max-image-preview:large, max-video-preview:-1\" \/>\n<link rel=\"canonical\" href=\"https:\/\/baubauwall.com\/et\/toode\/fototapeet-kanjoniduunid\/\" \/>\n<meta property=\"og:locale\" content=\"et_EE\" \/>\n<meta property=\"og:type\" content=\"article\" \/>\n<meta property=\"og:title\" content=\"Mustvalge fototapeet kontorisse v\u00f5i eluruumi\" \/>\n<meta property=\"og:description\" content=\"Fototapeet mustvalge kanjonid\u00fc\u00fcni vaatega. Tapeetimine Baubauwalli tapeetidega on lihtne - tr\u00fckime just sinu seina m\u00f5\u00f5dus fototapeedi, valmis paanides.\" \/>\n<meta property=\"og:url\" content=\"https:\/\/baubauwall.com\/et\/toode\/fototapeet-kanjoniduunid\/\" \/>\n<meta property=\"og:site_name\" content=\"BAUBAUWALL TAPEEDID\" \/>\n<meta property=\"article:publisher\" content=\"https:\/\/www.facebook.com\/Baubauwall\" \/>\n<meta property=\"article:modified_time\" content=\"2024-12-27T11:36:19+00:00\" \/>\n<meta property=\"og:image\" content=\"https:\/\/baubauwall.com\/wp-content\/uploads\/2022\/03\/51300004_AntelopeCanyon_Baubauwall_Photowallpaper_room7-2.jpg\" \/>\n\t<meta property=\"og:image:width\" content=\"1300\" \/>\n\t<meta property=\"og:image:height\" content=\"800\" \/>\n\t<meta property=\"og:image:type\" content=\"image\/jpeg\" \/>\n<meta name=\"twitter:card\" content=\"summary_large_image\" \/>\n<meta name=\"twitter:label1\" content=\"Est. reading time\" \/>\n\t<meta name=\"twitter:data1\" content=\"1 minut\" \/>\n<script type=\"application\/ld+json\" class=\"yoast-schema-graph\">{\"@context\":\"https:\/\/schema.org\",\"@graph\":[{\"@type\":\"WebPage\",\"@id\":\"https:\/\/baubauwall.com\/et\/toode\/fototapeet-kanjoniduunid\/\",\"url\":\"https:\/\/baubauwall.com\/et\/toode\/fototapeet-kanjoniduunid\/\",\"name\":\"Mustvalge fototapeet kontorisse v\u00f5i eluruumi\",\"isPartOf\":{\"@id\":\"https:\/\/baubauwall.com\/et\/#website\"},\"primaryImageOfPage\":{\"@id\":\"https:\/\/baubauwall.com\/et\/toode\/fototapeet-kanjoniduunid\/#primaryimage\"},\"image\":{\"@id\":\"https:\/\/baubauwall.com\/et\/toode\/fototapeet-kanjoniduunid\/#primaryimage\"},\"thumbnailUrl\":\"https:\/\/baubauwall.com\/wp-content\/uploads\/2022\/03\/51300004_AntelopeCanyon_Baubauwall_Photowallpaper_room7-2.jpg\",\"datePublished\":\"2022-03-29T13:15:11+00:00\",\"dateModified\":\"2024-12-27T11:36:19+00:00\",\"description\":\"Fototapeet mustvalge kanjonid\u00fc\u00fcni vaatega. Tapeetimine Baubauwalli tapeetidega on lihtne - tr\u00fckime just sinu seina m\u00f5\u00f5dus fototapeedi, valmis paanides.\",\"breadcrumb\":{\"@id\":\"https:\/\/baubauwall.com\/et\/toode\/fototapeet-kanjoniduunid\/#breadcrumb\"},\"inLanguage\":\"et\",\"potentialAction\":[{\"@type\":\"ReadAction\",\"target\":[\"https:\/\/baubauwall.com\/et\/toode\/fototapeet-kanjoniduunid\/\"]}]},{\"@type\":\"ImageObject\",\"inLanguage\":\"et\",\"@id\":\"https:\/\/baubauwall.com\/et\/toode\/fototapeet-kanjoniduunid\/#primaryimage\",\"url\":\"https:\/\/baubauwall.com\/wp-content\/uploads\/2022\/03\/51300004_AntelopeCanyon_Baubauwall_Photowallpaper_room7-2.jpg\",\"contentUrl\":\"https:\/\/baubauwall.com\/wp-content\/uploads\/2022\/03\/51300004_AntelopeCanyon_Baubauwall_Photowallpaper_room7-2.jpg\",\"width\":1300,\"height\":800,\"caption\":\"Fototapeet elutuppa. Mustvalge fototapeet on ilus valik koju v\u00f5i avalikku ruumi\"},{\"@type\":\"BreadcrumbList\",\"@id\":\"https:\/\/baubauwall.com\/et\/toode\/fototapeet-kanjoniduunid\/#breadcrumb\",\"itemListElement\":[{\"@type\":\"ListItem\",\"position\":1,\"name\":\"Koju\",\"item\":\"https:\/\/baubauwall.com\/et\/\"},{\"@type\":\"ListItem\",\"position\":2,\"name\":\"Tapeedid\",\"item\":\"https:\/\/baubauwall.com\/et\/tapeedid\/\"},{\"@type\":\"ListItem\",\"position\":3,\"name\":\"Fototapeet Kanjonid\u00fc\u00fcnid\"}]},{\"@type\":\"WebSite\",\"@id\":\"https:\/\/baubauwall.com\/et\/#website\",\"url\":\"https:\/\/baubauwall.com\/et\/\",\"name\":\"BAUBAUWALL Wallpapers\",\"description\":\"Valmis paanides tapeet Eestist!\",\"publisher\":{\"@id\":\"https:\/\/baubauwall.com\/et\/#organization\"},\"potentialAction\":[{\"@type\":\"SearchAction\",\"target\":{\"@type\":\"EntryPoint\",\"urlTemplate\":\"https:\/\/baubauwall.com\/et\/?s={search_term_string}\"},\"query-input\":{\"@type\":\"PropertyValueSpecification\",\"valueRequired\":true,\"valueName\":\"search_term_string\"}}],\"inLanguage\":\"et\"},{\"@type\":\"Organization\",\"@id\":\"https:\/\/baubauwall.com\/et\/#organization\",\"name\":\"BAUBAUWALL Wallpapers\",\"url\":\"https:\/\/baubauwall.com\/et\/\",\"logo\":{\"@type\":\"ImageObject\",\"inLanguage\":\"et\",\"@id\":\"https:\/\/baubauwall.com\/et\/#\/schema\/logo\/image\/\",\"url\":\"https:\/\/baubauwall.com\/wp-content\/uploads\/2022\/03\/logo-horizontal.svg\",\"contentUrl\":\"https:\/\/baubauwall.com\/wp-content\/uploads\/2022\/03\/logo-horizontal.svg\",\"width\":\"1024\",\"height\":\"1024\",\"caption\":\"BAUBAUWALL Wallpapers\"},\"image\":{\"@id\":\"https:\/\/baubauwall.com\/et\/#\/schema\/logo\/image\/\"},\"sameAs\":[\"https:\/\/www.facebook.com\/Baubauwall\",\"https:\/\/www.instagram.com\/baubauwall\"]}]}<\/script>\n<!-- \/ Yoast SEO plugin. -->","yoast_head_json":{"title":"Mustvalge fototapeet kontorisse v\u00f5i eluruumi","description":"Fototapeet mustvalge kanjonid\u00fc\u00fcni vaatega. Tapeetimine Baubauwalli tapeetidega on lihtne - tr\u00fckime just sinu seina m\u00f5\u00f5dus fototapeedi, valmis paanides.","robots":{"index":"index","follow":"follow","max-snippet":"max-snippet:-1","max-image-preview":"max-image-preview:large","max-video-preview":"max-video-preview:-1"},"canonical":"https:\/\/baubauwall.com\/et\/toode\/fototapeet-kanjoniduunid\/","og_locale":"et_EE","og_type":"article","og_title":"Mustvalge fototapeet kontorisse v\u00f5i eluruumi","og_description":"Fototapeet mustvalge kanjonid\u00fc\u00fcni vaatega. Tapeetimine Baubauwalli tapeetidega on lihtne - tr\u00fckime just sinu seina m\u00f5\u00f5dus fototapeedi, valmis paanides.","og_url":"https:\/\/baubauwall.com\/et\/toode\/fototapeet-kanjoniduunid\/","og_site_name":"BAUBAUWALL TAPEEDID","article_publisher":"https:\/\/www.facebook.com\/Baubauwall","article_modified_time":"2024-12-27T11:36:19+00:00","og_image":[{"width":1300,"height":800,"url":"https:\/\/baubauwall.com\/wp-content\/uploads\/2022\/03\/51300004_AntelopeCanyon_Baubauwall_Photowallpaper_room7-2.jpg","type":"image\/jpeg"}],"twitter_card":"summary_large_image","twitter_misc":{"Est. reading time":"1 minut"},"schema":{"@context":"https:\/\/schema.org","@graph":[{"@type":"WebPage","@id":"https:\/\/baubauwall.com\/et\/toode\/fototapeet-kanjoniduunid\/","url":"https:\/\/baubauwall.com\/et\/toode\/fototapeet-kanjoniduunid\/","name":"Mustvalge fototapeet kontorisse v\u00f5i eluruumi","isPartOf":{"@id":"https:\/\/baubauwall.com\/et\/#website"},"primaryImageOfPage":{"@id":"https:\/\/baubauwall.com\/et\/toode\/fototapeet-kanjoniduunid\/#primaryimage"},"image":{"@id":"https:\/\/baubauwall.com\/et\/toode\/fototapeet-kanjoniduunid\/#primaryimage"},"thumbnailUrl":"https:\/\/baubauwall.com\/wp-content\/uploads\/2022\/03\/51300004_AntelopeCanyon_Baubauwall_Photowallpaper_room7-2.jpg","datePublished":"2022-03-29T13:15:11+00:00","dateModified":"2024-12-27T11:36:19+00:00","description":"Fototapeet mustvalge kanjonid\u00fc\u00fcni vaatega. Tapeetimine Baubauwalli tapeetidega on lihtne - tr\u00fckime just sinu seina m\u00f5\u00f5dus fototapeedi, valmis paanides.","breadcrumb":{"@id":"https:\/\/baubauwall.com\/et\/toode\/fototapeet-kanjoniduunid\/#breadcrumb"},"inLanguage":"et","potentialAction":[{"@type":"ReadAction","target":["https:\/\/baubauwall.com\/et\/toode\/fototapeet-kanjoniduunid\/"]}]},{"@type":"ImageObject","inLanguage":"et","@id":"https:\/\/baubauwall.com\/et\/toode\/fototapeet-kanjoniduunid\/#primaryimage","url":"https:\/\/baubauwall.com\/wp-content\/uploads\/2022\/03\/51300004_AntelopeCanyon_Baubauwall_Photowallpaper_room7-2.jpg","contentUrl":"https:\/\/baubauwall.com\/wp-content\/uploads\/2022\/03\/51300004_AntelopeCanyon_Baubauwall_Photowallpaper_room7-2.jpg","width":1300,"height":800,"caption":"Fototapeet elutuppa. Mustvalge fototapeet on ilus valik koju v\u00f5i avalikku ruumi"},{"@type":"BreadcrumbList","@id":"https:\/\/baubauwall.com\/et\/toode\/fototapeet-kanjoniduunid\/#breadcrumb","itemListElement":[{"@type":"ListItem","position":1,"name":"Koju","item":"https:\/\/baubauwall.com\/et\/"},{"@type":"ListItem","position":2,"name":"Tapeedid","item":"https:\/\/baubauwall.com\/et\/tapeedid\/"},{"@type":"ListItem","position":3,"name":"Fototapeet Kanjonid\u00fc\u00fcnid"}]},{"@type":"WebSite","@id":"https:\/\/baubauwall.com\/et\/#website","url":"https:\/\/baubauwall.com\/et\/","name":"BAUBAUWALL Wallpapers","description":"Valmis paanides tapeet Eestist!","publisher":{"@id":"https:\/\/baubauwall.com\/et\/#organization"},"potentialAction":[{"@type":"SearchAction","target":{"@type":"EntryPoint","urlTemplate":"https:\/\/baubauwall.com\/et\/?s={search_term_string}"},"query-input":{"@type":"PropertyValueSpecification","valueRequired":true,"valueName":"search_term_string"}}],"inLanguage":"et"},{"@type":"Organization","@id":"https:\/\/baubauwall.com\/et\/#organization","name":"BAUBAUWALL Wallpapers","url":"https:\/\/baubauwall.com\/et\/","logo":{"@type":"ImageObject","inLanguage":"et","@id":"https:\/\/baubauwall.com\/et\/#\/schema\/logo\/image\/","url":"https:\/\/baubauwall.com\/wp-content\/uploads\/2022\/03\/logo-horizontal.svg","contentUrl":"https:\/\/baubauwall.com\/wp-content\/uploads\/2022\/03\/logo-horizontal.svg","width":"1024","height":"1024","caption":"BAUBAUWALL Wallpapers"},"image":{"@id":"https:\/\/baubauwall.com\/et\/#\/schema\/logo\/image\/"},"sameAs":["https:\/\/www.facebook.com\/Baubauwall","https:\/\/www.instagram.com\/baubauwall"]}]}},"jetpack_sharing_enabled":true,"_links":{"self":[{"href":"https:\/\/baubauwall.com\/et\/wp-json\/wp\/v2\/product\/6762","targetHints":{"allow":["GET"]}}],"collection":[{"href":"https:\/\/baubauwall.com\/et\/wp-json\/wp\/v2\/product"}],"about":[{"href":"https:\/\/baubauwall.com\/et\/wp-json\/wp\/v2\/types\/product"}],"replies":[{"embeddable":true,"href":"https:\/\/baubauwall.com\/et\/wp-json\/wp\/v2\/comments?post=6762"}],"wp:featuredmedia":[{"embeddable":true,"href":"https:\/\/baubauwall.com\/et\/wp-json\/wp\/v2\/media\/6747"}],"wp:attachment":[{"href":"https:\/\/baubauwall.com\/et\/wp-json\/wp\/v2\/media?parent=6762"}],"wp:term":[{"taxonomy":"product_brand","embeddable":true,"href":"https:\/\/baubauwall.com\/et\/wp-json\/wp\/v2\/product_brand?post=6762"},{"taxonomy":"product_cat","embeddable":true,"href":"https:\/\/baubauwall.com\/et\/wp-json\/wp\/v2\/product_cat?post=6762"},{"taxonomy":"product_tag","embeddable":true,"href":"https:\/\/baubauwall.com\/et\/wp-json\/wp\/v2\/product_tag?post=6762"}],"curies":[{"name":"wp","href":"https:\/\/api.w.org\/{rel}","templated":true}]}}