{"id":6824,"date":"2022-03-29T15:15:15","date_gmt":"2022-03-29T13:15:15","guid":{"rendered":"https:\/\/baubauwall.com\/product\/white-linen\/"},"modified":"2024-09-09T14:38:30","modified_gmt":"2024-09-09T12:38:30","slug":"fototapeet-linane-valge-duun","status":"publish","type":"product","link":"https:\/\/baubauwall.com\/et\/toode\/fototapeet-linane-valge-duun\/","title":{"rendered":"Fototapeet Linane d\u00fc\u00fcn"},"content":{"rendered":"<p>Abstraktne, valge fototapeet. Disain, mis lisab helgust interj\u00f6\u00f6ri ja tapeedile omast soojust ning iseloomu. Valge fototapeet sobib kasutamiseks nii \u00fchel aktsentseinal kui ka mitmel korraga, sest on nii tagasihoidlik ega muutu iial koormavaks.<\/p>\n<p>Nagu k\u00f5ik meie tapeedid, on ka see fototapeet tr\u00fckitud\u00a0keskkonnas\u00f5bralike v\u00e4rvidega\u00a0hingavale, matile fliistapeedi materjalile. Sinu uus fototapeet on l\u00f5igatud nummerdatud paanideks \u2013 t\u00e4pselt nii pikad, kui Sinu sein. Kuidas see t\u00f6\u00f6tab \u2013 loe l\u00e4hemalt<a href=\"https:\/\/baubauwall.com\/et\/kuidas-see-tootab\/\" target=\"_blank\" rel=\"noopener\">\u00a0siit.<\/a><\/p>\n<p><strong>Miks osta tapeet siit? Tapeetimine pole kunagi nii lihtne olnud!<\/strong><\/p>\n<ul>\n<li style=\"list-style-type: none;\">\n<ul>\n<li>Just nii pikad tapeedipaanid, kui on Sinu sein<\/li>\n<li>Nummerdatud tapeedipaanid<\/li>\n<li>Premium, matt fliistapeedi materjal<\/li>\n<li>M\u00fcrgivabad tr\u00fckiv\u00e4rvid, Greenguard sertifitseeritud<\/li>\n<li><a href=\"https:\/\/baubauwall.com\/et\/keskkonnasobralikud-tapeedid\/\" target=\"_blank\" rel=\"noopener\">Keskkonnas\u00f5bralik<\/a>, j\u00e4\u00e4tmevaba tapeetimine<\/li>\n<li>Tasuta tapeediliim<\/li>\n<li>Tasuta transport ja kiire tarne 5 t\u00f6\u00f6p\u00e4evaga<\/li>\n<\/ul>\n<\/li>\n<\/ul>\n","protected":false},"excerpt":{"rendered":"<p>Abstraktne, valge fototapeet. Disain, mis lisab helgust interj\u00f6\u00f6ri ja tapeedile omast soojust ning iseloomu. Valge fototapeet sobib kasutamiseks nii \u00fchel aktsentseinal kui ka mitmel korraga, sest on nii tagasihoidlik ega muutu iial koormavaks. Nagu k\u00f5ik meie tapeedid, on ka see fototapeet tr\u00fckitud\u00a0keskkonnas\u00f5bralike v\u00e4rvidega\u00a0hingavale, matile fliistapeedi materjalile. Sinu uus fototapeet on l\u00f5igatud nummerdatud paanideks \u2013 t\u00e4pselt [&hellip;]<\/p>\n","protected":false},"featured_media":6823,"comment_status":"open","ping_status":"closed","template":"","meta":{"_acf_changed":false,"inline_featured_image":false},"product_brand":[],"product_cat":[433,404,392,396,273,410,413,414,415,399,402,229],"product_tag":[486,454,719],"class_list":{"0":"post-6824","1":"product","2":"type-product","3":"status-publish","4":"has-post-thumbnail","6":"product_cat-fototapeedid","7":"product_cat-abstraktne","8":"product_cat-minimalistlik","9":"product_cat-skandinaavia","10":"product_cat-heledad-tapeedid","11":"product_cat-valge-tapeedid","12":"product_cat-magamistoa-tapeedid","13":"product_cat-soogitoa-tapeedid","14":"product_cat-kulalistetoa-tapeedid","15":"product_cat-kodukontori-tapeedid","16":"product_cat-elutoa-tapeedid","17":"product_cat-tekstuurid","18":"product_tag-fotograafia-et","19":"product_tag-fototapeet-et","20":"product_tag-vaikne-luksus","21":"pa_designedby-baubauwall","23":"first","24":"instock","25":"taxable","26":"shipping-taxable","27":"purchasable","28":"product-type-simple"},"acf":[],"yoast_head":"<!-- This site is optimized with the Yoast SEO plugin v25.9 - https:\/\/yoast.com\/wordpress\/plugins\/seo\/ -->\n<title>Valge fototapeet erinevatesse interj\u00f6\u00f6ridesse. Hele fototapeet.<\/title>\n<meta name=\"description\" content=\"Valge fototapeet magamistuppa v\u00f5i mujale. Fliistapeet. Hele, valge fototapeedi disain koju. Fototapeedid ja muud tapeedid Eesti tootjalt.\" \/>\n<meta name=\"robots\" content=\"index, follow, max-snippet:-1, max-image-preview:large, max-video-preview:-1\" \/>\n<link rel=\"canonical\" href=\"https:\/\/baubauwall.com\/et\/toode\/fototapeet-linane-valge-duun\/\" \/>\n<meta property=\"og:locale\" content=\"et_EE\" \/>\n<meta property=\"og:type\" content=\"article\" \/>\n<meta property=\"og:title\" content=\"Valge fototapeet erinevatesse interj\u00f6\u00f6ridesse. Hele fototapeet.\" \/>\n<meta property=\"og:description\" content=\"Valge fototapeet magamistuppa v\u00f5i mujale. Fliistapeet. Hele, valge fototapeedi disain koju. Fototapeedid ja muud tapeedid Eesti tootjalt.\" \/>\n<meta property=\"og:url\" content=\"https:\/\/baubauwall.com\/et\/toode\/fototapeet-linane-valge-duun\/\" \/>\n<meta property=\"og:site_name\" content=\"BAUBAUWALL TAPEEDID\" \/>\n<meta property=\"article:publisher\" content=\"https:\/\/www.facebook.com\/Baubauwall\" \/>\n<meta property=\"article:modified_time\" content=\"2024-09-09T12:38:30+00:00\" \/>\n<meta property=\"og:image\" content=\"https:\/\/baubauwall.com\/wp-content\/uploads\/2022\/03\/51300007_WhiteLinen_Baubauwall_Photowallpaper_room7-5.jpg\" \/>\n\t<meta property=\"og:image:width\" content=\"1275\" \/>\n\t<meta property=\"og:image:height\" content=\"800\" \/>\n\t<meta property=\"og:image:type\" content=\"image\/jpeg\" \/>\n<meta name=\"twitter:card\" content=\"summary_large_image\" \/>\n<meta name=\"twitter:label1\" content=\"Est. reading time\" \/>\n\t<meta name=\"twitter:data1\" content=\"1 minut\" \/>\n<script type=\"application\/ld+json\" class=\"yoast-schema-graph\">{\"@context\":\"https:\/\/schema.org\",\"@graph\":[{\"@type\":\"WebPage\",\"@id\":\"https:\/\/baubauwall.com\/et\/toode\/fototapeet-linane-valge-duun\/\",\"url\":\"https:\/\/baubauwall.com\/et\/toode\/fototapeet-linane-valge-duun\/\",\"name\":\"Valge fototapeet erinevatesse interj\u00f6\u00f6ridesse. Hele fototapeet.\",\"isPartOf\":{\"@id\":\"https:\/\/baubauwall.com\/et\/#website\"},\"primaryImageOfPage\":{\"@id\":\"https:\/\/baubauwall.com\/et\/toode\/fototapeet-linane-valge-duun\/#primaryimage\"},\"image\":{\"@id\":\"https:\/\/baubauwall.com\/et\/toode\/fototapeet-linane-valge-duun\/#primaryimage\"},\"thumbnailUrl\":\"https:\/\/baubauwall.com\/wp-content\/uploads\/2022\/03\/51300007_WhiteLinen_Baubauwall_Photowallpaper_room7-5.jpg\",\"datePublished\":\"2022-03-29T13:15:15+00:00\",\"dateModified\":\"2024-09-09T12:38:30+00:00\",\"description\":\"Valge fototapeet magamistuppa v\u00f5i mujale. Fliistapeet. Hele, valge fototapeedi disain koju. Fototapeedid ja muud tapeedid Eesti tootjalt.\",\"breadcrumb\":{\"@id\":\"https:\/\/baubauwall.com\/et\/toode\/fototapeet-linane-valge-duun\/#breadcrumb\"},\"inLanguage\":\"et\",\"potentialAction\":[{\"@type\":\"ReadAction\",\"target\":[\"https:\/\/baubauwall.com\/et\/toode\/fototapeet-linane-valge-duun\/\"]}]},{\"@type\":\"ImageObject\",\"inLanguage\":\"et\",\"@id\":\"https:\/\/baubauwall.com\/et\/toode\/fototapeet-linane-valge-duun\/#primaryimage\",\"url\":\"https:\/\/baubauwall.com\/wp-content\/uploads\/2022\/03\/51300007_WhiteLinen_Baubauwall_Photowallpaper_room7-5.jpg\",\"contentUrl\":\"https:\/\/baubauwall.com\/wp-content\/uploads\/2022\/03\/51300007_WhiteLinen_Baubauwall_Photowallpaper_room7-5.jpg\",\"width\":1275,\"height\":800},{\"@type\":\"BreadcrumbList\",\"@id\":\"https:\/\/baubauwall.com\/et\/toode\/fototapeet-linane-valge-duun\/#breadcrumb\",\"itemListElement\":[{\"@type\":\"ListItem\",\"position\":1,\"name\":\"Koju\",\"item\":\"https:\/\/baubauwall.com\/et\/\"},{\"@type\":\"ListItem\",\"position\":2,\"name\":\"Tapeedid\",\"item\":\"https:\/\/baubauwall.com\/et\/tapeedid\/\"},{\"@type\":\"ListItem\",\"position\":3,\"name\":\"Fototapeet Linane d\u00fc\u00fcn\"}]},{\"@type\":\"WebSite\",\"@id\":\"https:\/\/baubauwall.com\/et\/#website\",\"url\":\"https:\/\/baubauwall.com\/et\/\",\"name\":\"BAUBAUWALL Wallpapers\",\"description\":\"Valmis paanides tapeet Eestist!\",\"publisher\":{\"@id\":\"https:\/\/baubauwall.com\/et\/#organization\"},\"potentialAction\":[{\"@type\":\"SearchAction\",\"target\":{\"@type\":\"EntryPoint\",\"urlTemplate\":\"https:\/\/baubauwall.com\/et\/?s={search_term_string}\"},\"query-input\":{\"@type\":\"PropertyValueSpecification\",\"valueRequired\":true,\"valueName\":\"search_term_string\"}}],\"inLanguage\":\"et\"},{\"@type\":\"Organization\",\"@id\":\"https:\/\/baubauwall.com\/et\/#organization\",\"name\":\"BAUBAUWALL Wallpapers\",\"url\":\"https:\/\/baubauwall.com\/et\/\",\"logo\":{\"@type\":\"ImageObject\",\"inLanguage\":\"et\",\"@id\":\"https:\/\/baubauwall.com\/et\/#\/schema\/logo\/image\/\",\"url\":\"https:\/\/baubauwall.com\/wp-content\/uploads\/2022\/03\/logo-horizontal.svg\",\"contentUrl\":\"https:\/\/baubauwall.com\/wp-content\/uploads\/2022\/03\/logo-horizontal.svg\",\"width\":\"1024\",\"height\":\"1024\",\"caption\":\"BAUBAUWALL Wallpapers\"},\"image\":{\"@id\":\"https:\/\/baubauwall.com\/et\/#\/schema\/logo\/image\/\"},\"sameAs\":[\"https:\/\/www.facebook.com\/Baubauwall\",\"https:\/\/www.instagram.com\/baubauwall\"]}]}<\/script>\n<!-- \/ Yoast SEO plugin. -->","yoast_head_json":{"title":"Valge fototapeet erinevatesse interj\u00f6\u00f6ridesse. Hele fototapeet.","description":"Valge fototapeet magamistuppa v\u00f5i mujale. Fliistapeet. Hele, valge fototapeedi disain koju. Fototapeedid ja muud tapeedid Eesti tootjalt.","robots":{"index":"index","follow":"follow","max-snippet":"max-snippet:-1","max-image-preview":"max-image-preview:large","max-video-preview":"max-video-preview:-1"},"canonical":"https:\/\/baubauwall.com\/et\/toode\/fototapeet-linane-valge-duun\/","og_locale":"et_EE","og_type":"article","og_title":"Valge fototapeet erinevatesse interj\u00f6\u00f6ridesse. Hele fototapeet.","og_description":"Valge fototapeet magamistuppa v\u00f5i mujale. Fliistapeet. Hele, valge fototapeedi disain koju. Fototapeedid ja muud tapeedid Eesti tootjalt.","og_url":"https:\/\/baubauwall.com\/et\/toode\/fototapeet-linane-valge-duun\/","og_site_name":"BAUBAUWALL TAPEEDID","article_publisher":"https:\/\/www.facebook.com\/Baubauwall","article_modified_time":"2024-09-09T12:38:30+00:00","og_image":[{"width":1275,"height":800,"url":"https:\/\/baubauwall.com\/wp-content\/uploads\/2022\/03\/51300007_WhiteLinen_Baubauwall_Photowallpaper_room7-5.jpg","type":"image\/jpeg"}],"twitter_card":"summary_large_image","twitter_misc":{"Est. reading time":"1 minut"},"schema":{"@context":"https:\/\/schema.org","@graph":[{"@type":"WebPage","@id":"https:\/\/baubauwall.com\/et\/toode\/fototapeet-linane-valge-duun\/","url":"https:\/\/baubauwall.com\/et\/toode\/fototapeet-linane-valge-duun\/","name":"Valge fototapeet erinevatesse interj\u00f6\u00f6ridesse. Hele fototapeet.","isPartOf":{"@id":"https:\/\/baubauwall.com\/et\/#website"},"primaryImageOfPage":{"@id":"https:\/\/baubauwall.com\/et\/toode\/fototapeet-linane-valge-duun\/#primaryimage"},"image":{"@id":"https:\/\/baubauwall.com\/et\/toode\/fototapeet-linane-valge-duun\/#primaryimage"},"thumbnailUrl":"https:\/\/baubauwall.com\/wp-content\/uploads\/2022\/03\/51300007_WhiteLinen_Baubauwall_Photowallpaper_room7-5.jpg","datePublished":"2022-03-29T13:15:15+00:00","dateModified":"2024-09-09T12:38:30+00:00","description":"Valge fototapeet magamistuppa v\u00f5i mujale. Fliistapeet. Hele, valge fototapeedi disain koju. Fototapeedid ja muud tapeedid Eesti tootjalt.","breadcrumb":{"@id":"https:\/\/baubauwall.com\/et\/toode\/fototapeet-linane-valge-duun\/#breadcrumb"},"inLanguage":"et","potentialAction":[{"@type":"ReadAction","target":["https:\/\/baubauwall.com\/et\/toode\/fototapeet-linane-valge-duun\/"]}]},{"@type":"ImageObject","inLanguage":"et","@id":"https:\/\/baubauwall.com\/et\/toode\/fototapeet-linane-valge-duun\/#primaryimage","url":"https:\/\/baubauwall.com\/wp-content\/uploads\/2022\/03\/51300007_WhiteLinen_Baubauwall_Photowallpaper_room7-5.jpg","contentUrl":"https:\/\/baubauwall.com\/wp-content\/uploads\/2022\/03\/51300007_WhiteLinen_Baubauwall_Photowallpaper_room7-5.jpg","width":1275,"height":800},{"@type":"BreadcrumbList","@id":"https:\/\/baubauwall.com\/et\/toode\/fototapeet-linane-valge-duun\/#breadcrumb","itemListElement":[{"@type":"ListItem","position":1,"name":"Koju","item":"https:\/\/baubauwall.com\/et\/"},{"@type":"ListItem","position":2,"name":"Tapeedid","item":"https:\/\/baubauwall.com\/et\/tapeedid\/"},{"@type":"ListItem","position":3,"name":"Fototapeet Linane d\u00fc\u00fcn"}]},{"@type":"WebSite","@id":"https:\/\/baubauwall.com\/et\/#website","url":"https:\/\/baubauwall.com\/et\/","name":"BAUBAUWALL Wallpapers","description":"Valmis paanides tapeet Eestist!","publisher":{"@id":"https:\/\/baubauwall.com\/et\/#organization"},"potentialAction":[{"@type":"SearchAction","target":{"@type":"EntryPoint","urlTemplate":"https:\/\/baubauwall.com\/et\/?s={search_term_string}"},"query-input":{"@type":"PropertyValueSpecification","valueRequired":true,"valueName":"search_term_string"}}],"inLanguage":"et"},{"@type":"Organization","@id":"https:\/\/baubauwall.com\/et\/#organization","name":"BAUBAUWALL Wallpapers","url":"https:\/\/baubauwall.com\/et\/","logo":{"@type":"ImageObject","inLanguage":"et","@id":"https:\/\/baubauwall.com\/et\/#\/schema\/logo\/image\/","url":"https:\/\/baubauwall.com\/wp-content\/uploads\/2022\/03\/logo-horizontal.svg","contentUrl":"https:\/\/baubauwall.com\/wp-content\/uploads\/2022\/03\/logo-horizontal.svg","width":"1024","height":"1024","caption":"BAUBAUWALL Wallpapers"},"image":{"@id":"https:\/\/baubauwall.com\/et\/#\/schema\/logo\/image\/"},"sameAs":["https:\/\/www.facebook.com\/Baubauwall","https:\/\/www.instagram.com\/baubauwall"]}]}},"jetpack_sharing_enabled":true,"_links":{"self":[{"href":"https:\/\/baubauwall.com\/et\/wp-json\/wp\/v2\/product\/6824","targetHints":{"allow":["GET"]}}],"collection":[{"href":"https:\/\/baubauwall.com\/et\/wp-json\/wp\/v2\/product"}],"about":[{"href":"https:\/\/baubauwall.com\/et\/wp-json\/wp\/v2\/types\/product"}],"replies":[{"embeddable":true,"href":"https:\/\/baubauwall.com\/et\/wp-json\/wp\/v2\/comments?post=6824"}],"wp:featuredmedia":[{"embeddable":true,"href":"https:\/\/baubauwall.com\/et\/wp-json\/wp\/v2\/media\/6823"}],"wp:attachment":[{"href":"https:\/\/baubauwall.com\/et\/wp-json\/wp\/v2\/media?parent=6824"}],"wp:term":[{"taxonomy":"product_brand","embeddable":true,"href":"https:\/\/baubauwall.com\/et\/wp-json\/wp\/v2\/product_brand?post=6824"},{"taxonomy":"product_cat","embeddable":true,"href":"https:\/\/baubauwall.com\/et\/wp-json\/wp\/v2\/product_cat?post=6824"},{"taxonomy":"product_tag","embeddable":true,"href":"https:\/\/baubauwall.com\/et\/wp-json\/wp\/v2\/product_tag?post=6824"}],"curies":[{"name":"wp","href":"https:\/\/api.w.org\/{rel}","templated":true}]}}