{"id":6899,"date":"2022-03-03T07:18:04","date_gmt":"2022-03-03T05:18:04","guid":{"rendered":"https:\/\/baubauwall.com\/product\/monstera-leaf-shadow-wallmural-beige\/"},"modified":"2023-12-04T18:53:48","modified_gmt":"2023-12-04T16:53:48","slug":"pilttapeet-monstera-lehtede-vari-beez","status":"publish","type":"product","link":"https:\/\/baubauwall.com\/et\/toode\/pilttapeet-monstera-lehtede-vari-beez\/","title":{"rendered":"Monstera lehtede varjus &#8211; bee\u017e"},"content":{"rendered":"<p>Pilttapeet stiilse bee\u017ei betoonefekti taustaga, mida on tasakaalustamas troopilise monstera taime lehtede varjud. Kaunis ja elegantne disain, mis sobib tapeediks paljudesse interj\u00f6\u00f6ridesse ilma muutumata koormavaks. Bee\u017ei betooni ja monstera lehtede varju kombinatsioon tekitab seinal sooja, tekstuurse ja kihilise tunnetuse. Palmilehtede varjus pilttapeet on saadaval ka hallil taustal.<\/p>\n<div class=\"elementor-element elementor-element-166b1c0 elementor-widget elementor-widget-image\" data-id=\"166b1c0\" data-element_type=\"widget\" data-widget_type=\"image.default\">\n<p>Nagu k\u00f5ik meie tapeedid on ka see tapeet tr\u00fckitud keskkonnas\u00f5bralike v\u00e4rvidega hingavale, fliistapeedi materjalile. Sinu uus tapeet on l\u00f5igatud nummerdatud paanideks \u2013 t\u00e4pselt nii pikad, kui Sinu sein. Kuidas see t\u00f6\u00f6tab \u2013 loe l\u00e4hemalt<a href=\"https:\/\/baubauwall.com\/et\/kuidas-see-tootab\/\" target=\"_blank\" rel=\"noopener\">\u00a0siit.<\/a><\/p>\n<\/div>\n<p>&nbsp;<\/p>\n","protected":false},"excerpt":{"rendered":"<p>Pilttapeet stiilse bee\u017ei betoonefekti taustaga, mida on tasakaalustamas troopilise monstera taime lehtede varjud. Kaunis ja elegantne disain, mis sobib tapeediks paljudesse interj\u00f6\u00f6ridesse ilma muutumata koormavaks. Bee\u017ei betooni ja monstera lehtede varju kombinatsioon tekitab seinal sooja, tekstuurse ja kihilise tunnetuse. Palmilehtede varjus pilttapeet on saadaval ka hallil taustal. Nagu k\u00f5ik meie tapeedid on ka see tapeet [&hellip;]<\/p>\n","protected":false},"featured_media":6880,"comment_status":"open","ping_status":"closed","template":"","meta":{"_acf_changed":false,"inline_featured_image":false},"product_brand":[],"product_cat":[387,404,391,265,273,413,414,399,402,250,241],"product_tag":[563,584,334,345],"class_list":{"0":"post-6899","1":"product","2":"type-product","3":"status-publish","4":"has-post-thumbnail","6":"product_cat-pilttapeedid","7":"product_cat-abstraktne","8":"product_cat-vahemereline","9":"product_cat-beezid-tapeedid","10":"product_cat-heledad-tapeedid","11":"product_cat-magamistoa-tapeedid","12":"product_cat-soogitoa-tapeedid","13":"product_cat-kodukontori-tapeedid","14":"product_cat-elutoa-tapeedid","15":"product_cat-dzungel-troopika","16":"product_cat-betoon","17":"product_tag-biofiilia-stiil","18":"product_tag-boho-et","19":"product_tag-japandi-et","20":"product_tag-pilttapeet","21":"pa_designedby-baubauwall","23":"first","24":"instock","25":"taxable","26":"shipping-taxable","27":"purchasable","28":"product-type-simple"},"acf":[],"yoast_head":"<!-- This site is optimized with the Yoast SEO plugin v25.9 - https:\/\/yoast.com\/wordpress\/plugins\/seo\/ -->\n<title>Monstera lehtede varjus.Bee\u017e pilttapeet troopilise, maitseka stiiliga<\/title>\n<meta name=\"description\" content=\"Bee\u017e pilttapeet monstera lehtedega. Elegantne stiiline tapeedidisain interj\u00f6\u00f6ri. Tr\u00fckime tapeedid seina k\u00f5rguses paanides, valmis l\u00f5igatud. Tasuta liim.\" \/>\n<meta name=\"robots\" content=\"index, follow, max-snippet:-1, max-image-preview:large, max-video-preview:-1\" \/>\n<link rel=\"canonical\" href=\"https:\/\/baubauwall.com\/et\/toode\/pilttapeet-monstera-lehtede-vari-beez\/\" \/>\n<meta property=\"og:locale\" content=\"et_EE\" \/>\n<meta property=\"og:type\" content=\"article\" \/>\n<meta property=\"og:title\" content=\"Monstera lehtede varjus.Bee\u017e pilttapeet troopilise, maitseka stiiliga\" \/>\n<meta property=\"og:description\" content=\"Bee\u017e pilttapeet monstera lehtedega. Elegantne stiiline tapeedidisain interj\u00f6\u00f6ri. Tr\u00fckime tapeedid seina k\u00f5rguses paanides, valmis l\u00f5igatud. Tasuta liim.\" \/>\n<meta property=\"og:url\" content=\"https:\/\/baubauwall.com\/et\/toode\/pilttapeet-monstera-lehtede-vari-beez\/\" \/>\n<meta property=\"og:site_name\" content=\"BAUBAUWALL Wallpapers\" \/>\n<meta property=\"article:publisher\" content=\"https:\/\/www.facebook.com\/Baubauwall\" \/>\n<meta property=\"article:modified_time\" content=\"2023-12-04T16:53:48+00:00\" \/>\n<meta property=\"og:image\" content=\"https:\/\/baubauwall.com\/wp-content\/uploads\/2022\/03\/51200045_MonsteraLeafShadow-beige_Baubauwall_Wallmural_room7-6.jpg\" \/>\n\t<meta property=\"og:image:width\" content=\"800\" \/>\n\t<meta property=\"og:image:height\" content=\"800\" \/>\n\t<meta property=\"og:image:type\" content=\"image\/jpeg\" \/>\n<meta name=\"twitter:card\" content=\"summary_large_image\" \/>\n<meta name=\"twitter:label1\" content=\"Est. reading time\" \/>\n\t<meta name=\"twitter:data1\" content=\"1 minut\" \/>\n<script type=\"application\/ld+json\" class=\"yoast-schema-graph\">{\"@context\":\"https:\/\/schema.org\",\"@graph\":[{\"@type\":\"WebPage\",\"@id\":\"https:\/\/baubauwall.com\/et\/toode\/pilttapeet-monstera-lehtede-vari-beez\/\",\"url\":\"https:\/\/baubauwall.com\/et\/toode\/pilttapeet-monstera-lehtede-vari-beez\/\",\"name\":\"Monstera lehtede varjus.Bee\u017e pilttapeet troopilise, maitseka stiiliga\",\"isPartOf\":{\"@id\":\"https:\/\/baubauwall.com\/et\/#website\"},\"primaryImageOfPage\":{\"@id\":\"https:\/\/baubauwall.com\/et\/toode\/pilttapeet-monstera-lehtede-vari-beez\/#primaryimage\"},\"image\":{\"@id\":\"https:\/\/baubauwall.com\/et\/toode\/pilttapeet-monstera-lehtede-vari-beez\/#primaryimage\"},\"thumbnailUrl\":\"https:\/\/baubauwall.com\/wp-content\/uploads\/2022\/03\/51200045_MonsteraLeafShadow-beige_Baubauwall_Wallmural_room7-6.jpg\",\"datePublished\":\"2022-03-03T05:18:04+00:00\",\"dateModified\":\"2023-12-04T16:53:48+00:00\",\"description\":\"Bee\u017e pilttapeet monstera lehtedega. Elegantne stiiline tapeedidisain interj\u00f6\u00f6ri. Tr\u00fckime tapeedid seina k\u00f5rguses paanides, valmis l\u00f5igatud. Tasuta liim.\",\"breadcrumb\":{\"@id\":\"https:\/\/baubauwall.com\/et\/toode\/pilttapeet-monstera-lehtede-vari-beez\/#breadcrumb\"},\"inLanguage\":\"et\",\"potentialAction\":[{\"@type\":\"ReadAction\",\"target\":[\"https:\/\/baubauwall.com\/et\/toode\/pilttapeet-monstera-lehtede-vari-beez\/\"]}]},{\"@type\":\"ImageObject\",\"inLanguage\":\"et\",\"@id\":\"https:\/\/baubauwall.com\/et\/toode\/pilttapeet-monstera-lehtede-vari-beez\/#primaryimage\",\"url\":\"https:\/\/baubauwall.com\/wp-content\/uploads\/2022\/03\/51200045_MonsteraLeafShadow-beige_Baubauwall_Wallmural_room7-6.jpg\",\"contentUrl\":\"https:\/\/baubauwall.com\/wp-content\/uploads\/2022\/03\/51200045_MonsteraLeafShadow-beige_Baubauwall_Wallmural_room7-6.jpg\",\"width\":800,\"height\":800},{\"@type\":\"BreadcrumbList\",\"@id\":\"https:\/\/baubauwall.com\/et\/toode\/pilttapeet-monstera-lehtede-vari-beez\/#breadcrumb\",\"itemListElement\":[{\"@type\":\"ListItem\",\"position\":1,\"name\":\"Koju\",\"item\":\"https:\/\/baubauwall.com\/et\/\"},{\"@type\":\"ListItem\",\"position\":2,\"name\":\"Tapeedid\",\"item\":\"https:\/\/baubauwall.com\/et\/tapeedid\/\"},{\"@type\":\"ListItem\",\"position\":3,\"name\":\"Monstera lehtede varjus &#8211; bee\u017e\"}]},{\"@type\":\"WebSite\",\"@id\":\"https:\/\/baubauwall.com\/et\/#website\",\"url\":\"https:\/\/baubauwall.com\/et\/\",\"name\":\"BAUBAUWALL Wallpapers\",\"description\":\"Valmis paanides tapeet Eestist!\",\"publisher\":{\"@id\":\"https:\/\/baubauwall.com\/et\/#organization\"},\"potentialAction\":[{\"@type\":\"SearchAction\",\"target\":{\"@type\":\"EntryPoint\",\"urlTemplate\":\"https:\/\/baubauwall.com\/et\/?s={search_term_string}\"},\"query-input\":{\"@type\":\"PropertyValueSpecification\",\"valueRequired\":true,\"valueName\":\"search_term_string\"}}],\"inLanguage\":\"et\"},{\"@type\":\"Organization\",\"@id\":\"https:\/\/baubauwall.com\/et\/#organization\",\"name\":\"BAUBAUWALL Wallpapers\",\"url\":\"https:\/\/baubauwall.com\/et\/\",\"logo\":{\"@type\":\"ImageObject\",\"inLanguage\":\"et\",\"@id\":\"https:\/\/baubauwall.com\/et\/#\/schema\/logo\/image\/\",\"url\":\"https:\/\/baubauwall.com\/wp-content\/uploads\/2022\/03\/logo-horizontal.svg\",\"contentUrl\":\"https:\/\/baubauwall.com\/wp-content\/uploads\/2022\/03\/logo-horizontal.svg\",\"width\":\"1024\",\"height\":\"1024\",\"caption\":\"BAUBAUWALL Wallpapers\"},\"image\":{\"@id\":\"https:\/\/baubauwall.com\/et\/#\/schema\/logo\/image\/\"},\"sameAs\":[\"https:\/\/www.facebook.com\/Baubauwall\",\"https:\/\/www.instagram.com\/baubauwall\"]}]}<\/script>\n<!-- \/ Yoast SEO plugin. -->","yoast_head_json":{"title":"Monstera lehtede varjus.Bee\u017e pilttapeet troopilise, maitseka stiiliga","description":"Bee\u017e pilttapeet monstera lehtedega. Elegantne stiiline tapeedidisain interj\u00f6\u00f6ri. Tr\u00fckime tapeedid seina k\u00f5rguses paanides, valmis l\u00f5igatud. Tasuta liim.","robots":{"index":"index","follow":"follow","max-snippet":"max-snippet:-1","max-image-preview":"max-image-preview:large","max-video-preview":"max-video-preview:-1"},"canonical":"https:\/\/baubauwall.com\/et\/toode\/pilttapeet-monstera-lehtede-vari-beez\/","og_locale":"et_EE","og_type":"article","og_title":"Monstera lehtede varjus.Bee\u017e pilttapeet troopilise, maitseka stiiliga","og_description":"Bee\u017e pilttapeet monstera lehtedega. Elegantne stiiline tapeedidisain interj\u00f6\u00f6ri. Tr\u00fckime tapeedid seina k\u00f5rguses paanides, valmis l\u00f5igatud. Tasuta liim.","og_url":"https:\/\/baubauwall.com\/et\/toode\/pilttapeet-monstera-lehtede-vari-beez\/","og_site_name":"BAUBAUWALL Wallpapers","article_publisher":"https:\/\/www.facebook.com\/Baubauwall","article_modified_time":"2023-12-04T16:53:48+00:00","og_image":[{"width":800,"height":800,"url":"https:\/\/baubauwall.com\/wp-content\/uploads\/2022\/03\/51200045_MonsteraLeafShadow-beige_Baubauwall_Wallmural_room7-6.jpg","type":"image\/jpeg"}],"twitter_card":"summary_large_image","twitter_misc":{"Est. reading time":"1 minut"},"schema":{"@context":"https:\/\/schema.org","@graph":[{"@type":"WebPage","@id":"https:\/\/baubauwall.com\/et\/toode\/pilttapeet-monstera-lehtede-vari-beez\/","url":"https:\/\/baubauwall.com\/et\/toode\/pilttapeet-monstera-lehtede-vari-beez\/","name":"Monstera lehtede varjus.Bee\u017e pilttapeet troopilise, maitseka stiiliga","isPartOf":{"@id":"https:\/\/baubauwall.com\/et\/#website"},"primaryImageOfPage":{"@id":"https:\/\/baubauwall.com\/et\/toode\/pilttapeet-monstera-lehtede-vari-beez\/#primaryimage"},"image":{"@id":"https:\/\/baubauwall.com\/et\/toode\/pilttapeet-monstera-lehtede-vari-beez\/#primaryimage"},"thumbnailUrl":"https:\/\/baubauwall.com\/wp-content\/uploads\/2022\/03\/51200045_MonsteraLeafShadow-beige_Baubauwall_Wallmural_room7-6.jpg","datePublished":"2022-03-03T05:18:04+00:00","dateModified":"2023-12-04T16:53:48+00:00","description":"Bee\u017e pilttapeet monstera lehtedega. Elegantne stiiline tapeedidisain interj\u00f6\u00f6ri. Tr\u00fckime tapeedid seina k\u00f5rguses paanides, valmis l\u00f5igatud. Tasuta liim.","breadcrumb":{"@id":"https:\/\/baubauwall.com\/et\/toode\/pilttapeet-monstera-lehtede-vari-beez\/#breadcrumb"},"inLanguage":"et","potentialAction":[{"@type":"ReadAction","target":["https:\/\/baubauwall.com\/et\/toode\/pilttapeet-monstera-lehtede-vari-beez\/"]}]},{"@type":"ImageObject","inLanguage":"et","@id":"https:\/\/baubauwall.com\/et\/toode\/pilttapeet-monstera-lehtede-vari-beez\/#primaryimage","url":"https:\/\/baubauwall.com\/wp-content\/uploads\/2022\/03\/51200045_MonsteraLeafShadow-beige_Baubauwall_Wallmural_room7-6.jpg","contentUrl":"https:\/\/baubauwall.com\/wp-content\/uploads\/2022\/03\/51200045_MonsteraLeafShadow-beige_Baubauwall_Wallmural_room7-6.jpg","width":800,"height":800},{"@type":"BreadcrumbList","@id":"https:\/\/baubauwall.com\/et\/toode\/pilttapeet-monstera-lehtede-vari-beez\/#breadcrumb","itemListElement":[{"@type":"ListItem","position":1,"name":"Koju","item":"https:\/\/baubauwall.com\/et\/"},{"@type":"ListItem","position":2,"name":"Tapeedid","item":"https:\/\/baubauwall.com\/et\/tapeedid\/"},{"@type":"ListItem","position":3,"name":"Monstera lehtede varjus &#8211; bee\u017e"}]},{"@type":"WebSite","@id":"https:\/\/baubauwall.com\/et\/#website","url":"https:\/\/baubauwall.com\/et\/","name":"BAUBAUWALL Wallpapers","description":"Valmis paanides tapeet Eestist!","publisher":{"@id":"https:\/\/baubauwall.com\/et\/#organization"},"potentialAction":[{"@type":"SearchAction","target":{"@type":"EntryPoint","urlTemplate":"https:\/\/baubauwall.com\/et\/?s={search_term_string}"},"query-input":{"@type":"PropertyValueSpecification","valueRequired":true,"valueName":"search_term_string"}}],"inLanguage":"et"},{"@type":"Organization","@id":"https:\/\/baubauwall.com\/et\/#organization","name":"BAUBAUWALL Wallpapers","url":"https:\/\/baubauwall.com\/et\/","logo":{"@type":"ImageObject","inLanguage":"et","@id":"https:\/\/baubauwall.com\/et\/#\/schema\/logo\/image\/","url":"https:\/\/baubauwall.com\/wp-content\/uploads\/2022\/03\/logo-horizontal.svg","contentUrl":"https:\/\/baubauwall.com\/wp-content\/uploads\/2022\/03\/logo-horizontal.svg","width":"1024","height":"1024","caption":"BAUBAUWALL Wallpapers"},"image":{"@id":"https:\/\/baubauwall.com\/et\/#\/schema\/logo\/image\/"},"sameAs":["https:\/\/www.facebook.com\/Baubauwall","https:\/\/www.instagram.com\/baubauwall"]}]}},"jetpack_sharing_enabled":true,"_links":{"self":[{"href":"https:\/\/baubauwall.com\/et\/wp-json\/wp\/v2\/product\/6899","targetHints":{"allow":["GET"]}}],"collection":[{"href":"https:\/\/baubauwall.com\/et\/wp-json\/wp\/v2\/product"}],"about":[{"href":"https:\/\/baubauwall.com\/et\/wp-json\/wp\/v2\/types\/product"}],"replies":[{"embeddable":true,"href":"https:\/\/baubauwall.com\/et\/wp-json\/wp\/v2\/comments?post=6899"}],"wp:featuredmedia":[{"embeddable":true,"href":"https:\/\/baubauwall.com\/et\/wp-json\/wp\/v2\/media\/6880"}],"wp:attachment":[{"href":"https:\/\/baubauwall.com\/et\/wp-json\/wp\/v2\/media?parent=6899"}],"wp:term":[{"taxonomy":"product_brand","embeddable":true,"href":"https:\/\/baubauwall.com\/et\/wp-json\/wp\/v2\/product_brand?post=6899"},{"taxonomy":"product_cat","embeddable":true,"href":"https:\/\/baubauwall.com\/et\/wp-json\/wp\/v2\/product_cat?post=6899"},{"taxonomy":"product_tag","embeddable":true,"href":"https:\/\/baubauwall.com\/et\/wp-json\/wp\/v2\/product_tag?post=6899"}],"curies":[{"name":"wp","href":"https:\/\/api.w.org\/{rel}","templated":true}]}}