{"id":6921,"date":"2022-03-03T09:18:04","date_gmt":"2022-03-03T07:18:04","guid":{"rendered":"https:\/\/baubauwall.com\/product\/monstera-leaf-shadow-wallmuralgrey\/"},"modified":"2023-11-27T10:41:56","modified_gmt":"2023-11-27T08:41:56","slug":"monstera-leaf-shadow-wallmuralgrey","status":"publish","type":"product","link":"https:\/\/baubauwall.com\/et\/toode\/monstera-leaf-shadow-wallmuralgrey\/","title":{"rendered":"Monstera lehtede varjus &#8211; hall"},"content":{"rendered":"<p>Pilttapeet stiilse halli betoonefekti taustaga, mida on tasakaalustamas troopilise monstera lehe vari. Kaunis ja elegantne disain, mis sobib tapeediks paljudesse interj\u00f6\u00f6ridesse ilma muutumata koormavaks. Halli betooni ja monstera lehe varju kombinatsioon tekitab seinal sooja, tekstuurse ja kihilise tunnetuse. Palmilehtede varjus pilttapeet on saadaval ka bee\u017eil taustal.<\/p>\n<div class=\"elementor-element elementor-element-166b1c0 elementor-widget elementor-widget-image\" data-id=\"166b1c0\" data-element_type=\"widget\" data-widget_type=\"image.default\">\n<p>Nagu k\u00f5ik meie tapeedid on ka see tapeet tr\u00fckitud keskkonnas\u00f5bralike v\u00e4rvidega hingavale, fliistapeedi materjalile. Sinu uus tapeet on l\u00f5igatud nummerdatud paanideks \u2013 t\u00e4pselt nii pikad, kui Sinu sein. Kuidas see t\u00f6\u00f6tab \u2013 loe l\u00e4hemalt<a href=\"https:\/\/baubauwall.com\/et\/kuidas-see-tootab\/\" target=\"_blank\" rel=\"noopener\">\u00a0siit.<\/a><\/p>\n<\/div>\n<p>&nbsp;<\/p>\n","protected":false},"excerpt":{"rendered":"<p>Pilttapeet stiilse halli betoonefekti taustaga, mida on tasakaalustamas troopilise monstera lehe vari. Kaunis ja elegantne disain, mis sobib tapeediks paljudesse interj\u00f6\u00f6ridesse ilma muutumata koormavaks. Halli betooni ja monstera lehe varju kombinatsioon tekitab seinal sooja, tekstuurse ja kihilise tunnetuse. Palmilehtede varjus pilttapeet on saadaval ka bee\u017eil taustal. Nagu k\u00f5ik meie tapeedid on ka see tapeet tr\u00fckitud [&hellip;]<\/p>\n","protected":false},"featured_media":6912,"comment_status":"open","ping_status":"closed","template":"","meta":{"_acf_changed":false,"inline_featured_image":false},"product_brand":[],"product_cat":[387,272,273,413,414,416,399,402,412,250,241],"product_tag":[563,584,334,345],"class_list":{"0":"post-6921","1":"product","2":"type-product","3":"status-publish","4":"has-post-thumbnail","6":"product_cat-pilttapeedid","7":"product_cat-hallid-tapeedid","8":"product_cat-heledad-tapeedid","9":"product_cat-magamistoa-tapeedid","10":"product_cat-soogitoa-tapeedid","11":"product_cat-esiku-tapeedid","12":"product_cat-kodukontori-tapeedid","13":"product_cat-elutoa-tapeedid","14":"product_cat-vannitoa-tapeedid","15":"product_cat-dzungel-troopika","16":"product_cat-betoon","17":"product_tag-biofiilia-stiil","18":"product_tag-boho-et","19":"product_tag-japandi-et","20":"product_tag-pilttapeet","21":"pa_designedby-baubauwall","23":"first","24":"instock","25":"taxable","26":"shipping-taxable","27":"purchasable","28":"product-type-simple"},"acf":[],"yoast_head":"<!-- This site is optimized with the Yoast SEO plugin v25.9 - https:\/\/yoast.com\/wordpress\/plugins\/seo\/ -->\n<title>Hall betoonsein pilttapeet monstera lehega. Stiilne tapeedidisain.<\/title>\n<meta name=\"description\" content=\"Hea pilttapeet kaasaegsesse interj\u00f6\u00f6ri. Betooni taustal monstera suured lehed - troopika &amp; skandinaavia disain koos. Seina k\u00f5rgused, valmis l\u00f5igatud paanid\" \/>\n<meta name=\"robots\" content=\"index, follow, max-snippet:-1, max-image-preview:large, max-video-preview:-1\" \/>\n<link rel=\"canonical\" href=\"https:\/\/baubauwall.com\/et\/toode\/monstera-leaf-shadow-wallmuralgrey\/\" \/>\n<meta property=\"og:locale\" content=\"et_EE\" \/>\n<meta property=\"og:type\" content=\"article\" \/>\n<meta property=\"og:title\" content=\"Hall betoonsein pilttapeet monstera lehega. Stiilne tapeedidisain.\" \/>\n<meta property=\"og:description\" content=\"Hea pilttapeet kaasaegsesse interj\u00f6\u00f6ri. Betooni taustal monstera suured lehed - troopika &amp; skandinaavia disain koos. Seina k\u00f5rgused, valmis l\u00f5igatud paanid\" \/>\n<meta property=\"og:url\" content=\"https:\/\/baubauwall.com\/et\/toode\/monstera-leaf-shadow-wallmuralgrey\/\" \/>\n<meta property=\"og:site_name\" content=\"BAUBAUWALL TAPEEDID\" \/>\n<meta property=\"article:publisher\" content=\"https:\/\/www.facebook.com\/Baubauwall\" \/>\n<meta property=\"article:modified_time\" content=\"2023-11-27T08:41:56+00:00\" \/>\n<meta property=\"og:image\" content=\"https:\/\/baubauwall.com\/wp-content\/uploads\/2022\/03\/51200046_MonsteraLeafShadow-grey_Baubauwall_Wallmural_room1-4.jpg\" \/>\n\t<meta property=\"og:image:width\" content=\"800\" \/>\n\t<meta property=\"og:image:height\" content=\"800\" \/>\n\t<meta property=\"og:image:type\" content=\"image\/jpeg\" \/>\n<meta name=\"twitter:card\" content=\"summary_large_image\" \/>\n<meta name=\"twitter:label1\" content=\"Est. reading time\" \/>\n\t<meta name=\"twitter:data1\" content=\"1 minut\" \/>\n<script type=\"application\/ld+json\" class=\"yoast-schema-graph\">{\"@context\":\"https:\/\/schema.org\",\"@graph\":[{\"@type\":\"WebPage\",\"@id\":\"https:\/\/baubauwall.com\/et\/toode\/monstera-leaf-shadow-wallmuralgrey\/\",\"url\":\"https:\/\/baubauwall.com\/et\/toode\/monstera-leaf-shadow-wallmuralgrey\/\",\"name\":\"Hall betoonsein pilttapeet monstera lehega. Stiilne tapeedidisain.\",\"isPartOf\":{\"@id\":\"https:\/\/baubauwall.com\/et\/#website\"},\"primaryImageOfPage\":{\"@id\":\"https:\/\/baubauwall.com\/et\/toode\/monstera-leaf-shadow-wallmuralgrey\/#primaryimage\"},\"image\":{\"@id\":\"https:\/\/baubauwall.com\/et\/toode\/monstera-leaf-shadow-wallmuralgrey\/#primaryimage\"},\"thumbnailUrl\":\"https:\/\/baubauwall.com\/wp-content\/uploads\/2022\/03\/51200046_MonsteraLeafShadow-grey_Baubauwall_Wallmural_room1-4.jpg\",\"datePublished\":\"2022-03-03T07:18:04+00:00\",\"dateModified\":\"2023-11-27T08:41:56+00:00\",\"description\":\"Hea pilttapeet kaasaegsesse interj\u00f6\u00f6ri. Betooni taustal monstera suured lehed - troopika & skandinaavia disain koos. Seina k\u00f5rgused, valmis l\u00f5igatud paanid\",\"breadcrumb\":{\"@id\":\"https:\/\/baubauwall.com\/et\/toode\/monstera-leaf-shadow-wallmuralgrey\/#breadcrumb\"},\"inLanguage\":\"et\",\"potentialAction\":[{\"@type\":\"ReadAction\",\"target\":[\"https:\/\/baubauwall.com\/et\/toode\/monstera-leaf-shadow-wallmuralgrey\/\"]}]},{\"@type\":\"ImageObject\",\"inLanguage\":\"et\",\"@id\":\"https:\/\/baubauwall.com\/et\/toode\/monstera-leaf-shadow-wallmuralgrey\/#primaryimage\",\"url\":\"https:\/\/baubauwall.com\/wp-content\/uploads\/2022\/03\/51200046_MonsteraLeafShadow-grey_Baubauwall_Wallmural_room1-4.jpg\",\"contentUrl\":\"https:\/\/baubauwall.com\/wp-content\/uploads\/2022\/03\/51200046_MonsteraLeafShadow-grey_Baubauwall_Wallmural_room1-4.jpg\",\"width\":800,\"height\":800},{\"@type\":\"BreadcrumbList\",\"@id\":\"https:\/\/baubauwall.com\/et\/toode\/monstera-leaf-shadow-wallmuralgrey\/#breadcrumb\",\"itemListElement\":[{\"@type\":\"ListItem\",\"position\":1,\"name\":\"Koju\",\"item\":\"https:\/\/baubauwall.com\/et\/\"},{\"@type\":\"ListItem\",\"position\":2,\"name\":\"Tapeedid\",\"item\":\"https:\/\/baubauwall.com\/et\/tapeedid\/\"},{\"@type\":\"ListItem\",\"position\":3,\"name\":\"Monstera lehtede varjus &#8211; hall\"}]},{\"@type\":\"WebSite\",\"@id\":\"https:\/\/baubauwall.com\/et\/#website\",\"url\":\"https:\/\/baubauwall.com\/et\/\",\"name\":\"BAUBAUWALL Wallpapers\",\"description\":\"Valmis paanides tapeet Eestist!\",\"publisher\":{\"@id\":\"https:\/\/baubauwall.com\/et\/#organization\"},\"potentialAction\":[{\"@type\":\"SearchAction\",\"target\":{\"@type\":\"EntryPoint\",\"urlTemplate\":\"https:\/\/baubauwall.com\/et\/?s={search_term_string}\"},\"query-input\":{\"@type\":\"PropertyValueSpecification\",\"valueRequired\":true,\"valueName\":\"search_term_string\"}}],\"inLanguage\":\"et\"},{\"@type\":\"Organization\",\"@id\":\"https:\/\/baubauwall.com\/et\/#organization\",\"name\":\"BAUBAUWALL Wallpapers\",\"url\":\"https:\/\/baubauwall.com\/et\/\",\"logo\":{\"@type\":\"ImageObject\",\"inLanguage\":\"et\",\"@id\":\"https:\/\/baubauwall.com\/et\/#\/schema\/logo\/image\/\",\"url\":\"https:\/\/baubauwall.com\/wp-content\/uploads\/2022\/03\/logo-horizontal.svg\",\"contentUrl\":\"https:\/\/baubauwall.com\/wp-content\/uploads\/2022\/03\/logo-horizontal.svg\",\"width\":\"1024\",\"height\":\"1024\",\"caption\":\"BAUBAUWALL Wallpapers\"},\"image\":{\"@id\":\"https:\/\/baubauwall.com\/et\/#\/schema\/logo\/image\/\"},\"sameAs\":[\"https:\/\/www.facebook.com\/Baubauwall\",\"https:\/\/www.instagram.com\/baubauwall\"]}]}<\/script>\n<!-- \/ Yoast SEO plugin. -->","yoast_head_json":{"title":"Hall betoonsein pilttapeet monstera lehega. Stiilne tapeedidisain.","description":"Hea pilttapeet kaasaegsesse interj\u00f6\u00f6ri. Betooni taustal monstera suured lehed - troopika & skandinaavia disain koos. Seina k\u00f5rgused, valmis l\u00f5igatud paanid","robots":{"index":"index","follow":"follow","max-snippet":"max-snippet:-1","max-image-preview":"max-image-preview:large","max-video-preview":"max-video-preview:-1"},"canonical":"https:\/\/baubauwall.com\/et\/toode\/monstera-leaf-shadow-wallmuralgrey\/","og_locale":"et_EE","og_type":"article","og_title":"Hall betoonsein pilttapeet monstera lehega. Stiilne tapeedidisain.","og_description":"Hea pilttapeet kaasaegsesse interj\u00f6\u00f6ri. Betooni taustal monstera suured lehed - troopika & skandinaavia disain koos. Seina k\u00f5rgused, valmis l\u00f5igatud paanid","og_url":"https:\/\/baubauwall.com\/et\/toode\/monstera-leaf-shadow-wallmuralgrey\/","og_site_name":"BAUBAUWALL TAPEEDID","article_publisher":"https:\/\/www.facebook.com\/Baubauwall","article_modified_time":"2023-11-27T08:41:56+00:00","og_image":[{"width":800,"height":800,"url":"https:\/\/baubauwall.com\/wp-content\/uploads\/2022\/03\/51200046_MonsteraLeafShadow-grey_Baubauwall_Wallmural_room1-4.jpg","type":"image\/jpeg"}],"twitter_card":"summary_large_image","twitter_misc":{"Est. reading time":"1 minut"},"schema":{"@context":"https:\/\/schema.org","@graph":[{"@type":"WebPage","@id":"https:\/\/baubauwall.com\/et\/toode\/monstera-leaf-shadow-wallmuralgrey\/","url":"https:\/\/baubauwall.com\/et\/toode\/monstera-leaf-shadow-wallmuralgrey\/","name":"Hall betoonsein pilttapeet monstera lehega. Stiilne tapeedidisain.","isPartOf":{"@id":"https:\/\/baubauwall.com\/et\/#website"},"primaryImageOfPage":{"@id":"https:\/\/baubauwall.com\/et\/toode\/monstera-leaf-shadow-wallmuralgrey\/#primaryimage"},"image":{"@id":"https:\/\/baubauwall.com\/et\/toode\/monstera-leaf-shadow-wallmuralgrey\/#primaryimage"},"thumbnailUrl":"https:\/\/baubauwall.com\/wp-content\/uploads\/2022\/03\/51200046_MonsteraLeafShadow-grey_Baubauwall_Wallmural_room1-4.jpg","datePublished":"2022-03-03T07:18:04+00:00","dateModified":"2023-11-27T08:41:56+00:00","description":"Hea pilttapeet kaasaegsesse interj\u00f6\u00f6ri. Betooni taustal monstera suured lehed - troopika & skandinaavia disain koos. Seina k\u00f5rgused, valmis l\u00f5igatud paanid","breadcrumb":{"@id":"https:\/\/baubauwall.com\/et\/toode\/monstera-leaf-shadow-wallmuralgrey\/#breadcrumb"},"inLanguage":"et","potentialAction":[{"@type":"ReadAction","target":["https:\/\/baubauwall.com\/et\/toode\/monstera-leaf-shadow-wallmuralgrey\/"]}]},{"@type":"ImageObject","inLanguage":"et","@id":"https:\/\/baubauwall.com\/et\/toode\/monstera-leaf-shadow-wallmuralgrey\/#primaryimage","url":"https:\/\/baubauwall.com\/wp-content\/uploads\/2022\/03\/51200046_MonsteraLeafShadow-grey_Baubauwall_Wallmural_room1-4.jpg","contentUrl":"https:\/\/baubauwall.com\/wp-content\/uploads\/2022\/03\/51200046_MonsteraLeafShadow-grey_Baubauwall_Wallmural_room1-4.jpg","width":800,"height":800},{"@type":"BreadcrumbList","@id":"https:\/\/baubauwall.com\/et\/toode\/monstera-leaf-shadow-wallmuralgrey\/#breadcrumb","itemListElement":[{"@type":"ListItem","position":1,"name":"Koju","item":"https:\/\/baubauwall.com\/et\/"},{"@type":"ListItem","position":2,"name":"Tapeedid","item":"https:\/\/baubauwall.com\/et\/tapeedid\/"},{"@type":"ListItem","position":3,"name":"Monstera lehtede varjus &#8211; hall"}]},{"@type":"WebSite","@id":"https:\/\/baubauwall.com\/et\/#website","url":"https:\/\/baubauwall.com\/et\/","name":"BAUBAUWALL Wallpapers","description":"Valmis paanides tapeet Eestist!","publisher":{"@id":"https:\/\/baubauwall.com\/et\/#organization"},"potentialAction":[{"@type":"SearchAction","target":{"@type":"EntryPoint","urlTemplate":"https:\/\/baubauwall.com\/et\/?s={search_term_string}"},"query-input":{"@type":"PropertyValueSpecification","valueRequired":true,"valueName":"search_term_string"}}],"inLanguage":"et"},{"@type":"Organization","@id":"https:\/\/baubauwall.com\/et\/#organization","name":"BAUBAUWALL Wallpapers","url":"https:\/\/baubauwall.com\/et\/","logo":{"@type":"ImageObject","inLanguage":"et","@id":"https:\/\/baubauwall.com\/et\/#\/schema\/logo\/image\/","url":"https:\/\/baubauwall.com\/wp-content\/uploads\/2022\/03\/logo-horizontal.svg","contentUrl":"https:\/\/baubauwall.com\/wp-content\/uploads\/2022\/03\/logo-horizontal.svg","width":"1024","height":"1024","caption":"BAUBAUWALL Wallpapers"},"image":{"@id":"https:\/\/baubauwall.com\/et\/#\/schema\/logo\/image\/"},"sameAs":["https:\/\/www.facebook.com\/Baubauwall","https:\/\/www.instagram.com\/baubauwall"]}]}},"jetpack_sharing_enabled":true,"_links":{"self":[{"href":"https:\/\/baubauwall.com\/et\/wp-json\/wp\/v2\/product\/6921","targetHints":{"allow":["GET"]}}],"collection":[{"href":"https:\/\/baubauwall.com\/et\/wp-json\/wp\/v2\/product"}],"about":[{"href":"https:\/\/baubauwall.com\/et\/wp-json\/wp\/v2\/types\/product"}],"replies":[{"embeddable":true,"href":"https:\/\/baubauwall.com\/et\/wp-json\/wp\/v2\/comments?post=6921"}],"wp:featuredmedia":[{"embeddable":true,"href":"https:\/\/baubauwall.com\/et\/wp-json\/wp\/v2\/media\/6912"}],"wp:attachment":[{"href":"https:\/\/baubauwall.com\/et\/wp-json\/wp\/v2\/media?parent=6921"}],"wp:term":[{"taxonomy":"product_brand","embeddable":true,"href":"https:\/\/baubauwall.com\/et\/wp-json\/wp\/v2\/product_brand?post=6921"},{"taxonomy":"product_cat","embeddable":true,"href":"https:\/\/baubauwall.com\/et\/wp-json\/wp\/v2\/product_cat?post=6921"},{"taxonomy":"product_tag","embeddable":true,"href":"https:\/\/baubauwall.com\/et\/wp-json\/wp\/v2\/product_tag?post=6921"}],"curies":[{"name":"wp","href":"https:\/\/api.w.org\/{rel}","templated":true}]}}