{"id":6943,"date":"2022-03-03T09:18:05","date_gmt":"2022-03-03T07:18:05","guid":{"rendered":"https:\/\/baubauwall.com\/product\/palm-leaf-shadow-wallmural-beige\/"},"modified":"2024-09-16T15:45:33","modified_gmt":"2024-09-16T13:45:33","slug":"palm-leaf-shadow-wallmural-beige","status":"publish","type":"product","link":"https:\/\/baubauwall.com\/et\/toode\/palm-leaf-shadow-wallmural-beige\/","title":{"rendered":"Palmilehtede varjus &#8211; bee\u017e"},"content":{"rendered":"<p>Pilttapeet sooja bee\u017ei betoonefekti taustaga, mida on tasakaalustamas troopilise palmilehe vari. Kaunis ja elegantne disain, mis sobib tapeediks paljudesse interj\u00f6\u00f6ridesse ilma muutumata koormavaks. Halli betooni ja palmilehe varju kombinatsioon tekitab seinal sooja, tekstuurse ja kihilise tunnetuse. Palmilehtede varjus pilttapeet on saadaval ka hallil taustal.<\/p>\n<div class=\"elementor-element elementor-element-166b1c0 elementor-widget elementor-widget-image\" data-id=\"166b1c0\" data-element_type=\"widget\" data-widget_type=\"image.default\">\n<p>Nagu k\u00f5ik meie tapeedid on ka see tapeet tr\u00fckitud keskkonnas\u00f5bralike v\u00e4rvidega hingavale, fliistapeedi materjalile. Sinu uus tapeet on l\u00f5igatud nummerdatud paanideks \u2013 t\u00e4pselt nii pikad, kui Sinu sein. Kuidas see t\u00f6\u00f6tab \u2013 loe l\u00e4hemalt<a href=\"https:\/\/baubauwall.com\/et\/kuidas-see-tootab\/\" target=\"_blank\" rel=\"noopener\">\u00a0siit.<\/a><\/p>\n<\/div>\n<p>&nbsp;<\/p>\n","protected":false},"excerpt":{"rendered":"<p>Pilttapeet sooja bee\u017ei betoonefekti taustaga, mida on tasakaalustamas troopilise palmilehe vari. Kaunis ja elegantne disain, mis sobib tapeediks paljudesse interj\u00f6\u00f6ridesse ilma muutumata koormavaks. Halli betooni ja palmilehe varju kombinatsioon tekitab seinal sooja, tekstuurse ja kihilise tunnetuse. Palmilehtede varjus pilttapeet on saadaval ka hallil taustal. Nagu k\u00f5ik meie tapeedid on ka see tapeet tr\u00fckitud keskkonnas\u00f5bralike v\u00e4rvidega [&hellip;]<\/p>\n","protected":false},"featured_media":6928,"comment_status":"open","ping_status":"closed","template":"","meta":{"_acf_changed":false,"inline_featured_image":false},"product_brand":[],"product_cat":[387,391,265,273,752,413,414,415,402,250,254,241],"product_tag":[584,334,345,719],"class_list":{"0":"post-6943","1":"product","2":"type-product","3":"status-publish","4":"has-post-thumbnail","6":"product_cat-pilttapeedid","7":"product_cat-vahemereline","8":"product_cat-beezid-tapeedid","9":"product_cat-heledad-tapeedid","10":"product_cat-avalik-ruum","11":"product_cat-magamistoa-tapeedid","12":"product_cat-soogitoa-tapeedid","13":"product_cat-kulalistetoa-tapeedid","14":"product_cat-elutoa-tapeedid","15":"product_cat-dzungel-troopika","16":"product_cat-loodus","17":"product_cat-betoon","18":"product_tag-boho-et","19":"product_tag-japandi-et","20":"product_tag-pilttapeet","21":"product_tag-vaikne-luksus","22":"pa_designedby-baubauwall","24":"first","25":"instock","26":"taxable","27":"shipping-taxable","28":"purchasable","29":"product-type-simple"},"acf":[],"yoast_head":"<!-- This site is optimized with the Yoast SEO plugin v25.9 - https:\/\/yoast.com\/wordpress\/plugins\/seo\/ -->\n<title>Bee\u017e pilttapeet palmilehtede varjus. Stiilne, troopiline tapeedidisain<\/title>\n<meta name=\"description\" content=\"Bee\u017e maitsekas pilttapeet palmilehega betooni tekstuuri taustaga. Troopiline disain. Tr\u00fckime t\u00e4pselt seina k\u00f5rgused paanid, mida on lihtne paigaldada.\" \/>\n<meta name=\"robots\" content=\"index, follow, max-snippet:-1, max-image-preview:large, max-video-preview:-1\" \/>\n<link rel=\"canonical\" href=\"https:\/\/baubauwall.com\/et\/toode\/palm-leaf-shadow-wallmural-beige\/\" \/>\n<meta property=\"og:locale\" content=\"et_EE\" \/>\n<meta property=\"og:type\" content=\"article\" \/>\n<meta property=\"og:title\" content=\"Bee\u017e pilttapeet palmilehtede varjus. Stiilne, troopiline tapeedidisain\" \/>\n<meta property=\"og:description\" content=\"Bee\u017e maitsekas pilttapeet palmilehega betooni tekstuuri taustaga. Troopiline disain. Tr\u00fckime t\u00e4pselt seina k\u00f5rgused paanid, mida on lihtne paigaldada.\" \/>\n<meta property=\"og:url\" content=\"https:\/\/baubauwall.com\/et\/toode\/palm-leaf-shadow-wallmural-beige\/\" \/>\n<meta property=\"og:site_name\" content=\"BAUBAUWALL TAPEEDID\" \/>\n<meta property=\"article:publisher\" content=\"https:\/\/www.facebook.com\/Baubauwall\" \/>\n<meta property=\"article:modified_time\" content=\"2024-09-16T13:45:33+00:00\" \/>\n<meta property=\"og:image\" content=\"https:\/\/baubauwall.com\/wp-content\/uploads\/2022\/03\/51200047_PalmLeafShadow-beige_Baubauwall_Wallmural_room4-2.jpg\" \/>\n\t<meta property=\"og:image:width\" content=\"1600\" \/>\n\t<meta property=\"og:image:height\" content=\"800\" \/>\n\t<meta property=\"og:image:type\" content=\"image\/jpeg\" \/>\n<meta name=\"twitter:card\" content=\"summary_large_image\" \/>\n<meta name=\"twitter:label1\" content=\"Est. reading time\" \/>\n\t<meta name=\"twitter:data1\" content=\"1 minut\" \/>\n<script type=\"application\/ld+json\" class=\"yoast-schema-graph\">{\"@context\":\"https:\/\/schema.org\",\"@graph\":[{\"@type\":\"WebPage\",\"@id\":\"https:\/\/baubauwall.com\/et\/toode\/palm-leaf-shadow-wallmural-beige\/\",\"url\":\"https:\/\/baubauwall.com\/et\/toode\/palm-leaf-shadow-wallmural-beige\/\",\"name\":\"Bee\u017e pilttapeet palmilehtede varjus. Stiilne, troopiline tapeedidisain\",\"isPartOf\":{\"@id\":\"https:\/\/baubauwall.com\/et\/#website\"},\"primaryImageOfPage\":{\"@id\":\"https:\/\/baubauwall.com\/et\/toode\/palm-leaf-shadow-wallmural-beige\/#primaryimage\"},\"image\":{\"@id\":\"https:\/\/baubauwall.com\/et\/toode\/palm-leaf-shadow-wallmural-beige\/#primaryimage\"},\"thumbnailUrl\":\"https:\/\/baubauwall.com\/wp-content\/uploads\/2022\/03\/51200047_PalmLeafShadow-beige_Baubauwall_Wallmural_room4-2.jpg\",\"datePublished\":\"2022-03-03T07:18:05+00:00\",\"dateModified\":\"2024-09-16T13:45:33+00:00\",\"description\":\"Bee\u017e maitsekas pilttapeet palmilehega betooni tekstuuri taustaga. Troopiline disain. Tr\u00fckime t\u00e4pselt seina k\u00f5rgused paanid, mida on lihtne paigaldada.\",\"breadcrumb\":{\"@id\":\"https:\/\/baubauwall.com\/et\/toode\/palm-leaf-shadow-wallmural-beige\/#breadcrumb\"},\"inLanguage\":\"et\",\"potentialAction\":[{\"@type\":\"ReadAction\",\"target\":[\"https:\/\/baubauwall.com\/et\/toode\/palm-leaf-shadow-wallmural-beige\/\"]}]},{\"@type\":\"ImageObject\",\"inLanguage\":\"et\",\"@id\":\"https:\/\/baubauwall.com\/et\/toode\/palm-leaf-shadow-wallmural-beige\/#primaryimage\",\"url\":\"https:\/\/baubauwall.com\/wp-content\/uploads\/2022\/03\/51200047_PalmLeafShadow-beige_Baubauwall_Wallmural_room4-2.jpg\",\"contentUrl\":\"https:\/\/baubauwall.com\/wp-content\/uploads\/2022\/03\/51200047_PalmLeafShadow-beige_Baubauwall_Wallmural_room4-2.jpg\",\"width\":1600,\"height\":800},{\"@type\":\"BreadcrumbList\",\"@id\":\"https:\/\/baubauwall.com\/et\/toode\/palm-leaf-shadow-wallmural-beige\/#breadcrumb\",\"itemListElement\":[{\"@type\":\"ListItem\",\"position\":1,\"name\":\"Koju\",\"item\":\"https:\/\/baubauwall.com\/et\/\"},{\"@type\":\"ListItem\",\"position\":2,\"name\":\"Tapeedid\",\"item\":\"https:\/\/baubauwall.com\/et\/tapeedid\/\"},{\"@type\":\"ListItem\",\"position\":3,\"name\":\"Palmilehtede varjus &#8211; bee\u017e\"}]},{\"@type\":\"WebSite\",\"@id\":\"https:\/\/baubauwall.com\/et\/#website\",\"url\":\"https:\/\/baubauwall.com\/et\/\",\"name\":\"BAUBAUWALL Wallpapers\",\"description\":\"Valmis paanides tapeet Eestist!\",\"publisher\":{\"@id\":\"https:\/\/baubauwall.com\/et\/#organization\"},\"potentialAction\":[{\"@type\":\"SearchAction\",\"target\":{\"@type\":\"EntryPoint\",\"urlTemplate\":\"https:\/\/baubauwall.com\/et\/?s={search_term_string}\"},\"query-input\":{\"@type\":\"PropertyValueSpecification\",\"valueRequired\":true,\"valueName\":\"search_term_string\"}}],\"inLanguage\":\"et\"},{\"@type\":\"Organization\",\"@id\":\"https:\/\/baubauwall.com\/et\/#organization\",\"name\":\"BAUBAUWALL Wallpapers\",\"url\":\"https:\/\/baubauwall.com\/et\/\",\"logo\":{\"@type\":\"ImageObject\",\"inLanguage\":\"et\",\"@id\":\"https:\/\/baubauwall.com\/et\/#\/schema\/logo\/image\/\",\"url\":\"https:\/\/baubauwall.com\/wp-content\/uploads\/2022\/03\/logo-horizontal.svg\",\"contentUrl\":\"https:\/\/baubauwall.com\/wp-content\/uploads\/2022\/03\/logo-horizontal.svg\",\"width\":\"1024\",\"height\":\"1024\",\"caption\":\"BAUBAUWALL Wallpapers\"},\"image\":{\"@id\":\"https:\/\/baubauwall.com\/et\/#\/schema\/logo\/image\/\"},\"sameAs\":[\"https:\/\/www.facebook.com\/Baubauwall\",\"https:\/\/www.instagram.com\/baubauwall\"]}]}<\/script>\n<!-- \/ Yoast SEO plugin. -->","yoast_head_json":{"title":"Bee\u017e pilttapeet palmilehtede varjus. Stiilne, troopiline tapeedidisain","description":"Bee\u017e maitsekas pilttapeet palmilehega betooni tekstuuri taustaga. Troopiline disain. Tr\u00fckime t\u00e4pselt seina k\u00f5rgused paanid, mida on lihtne paigaldada.","robots":{"index":"index","follow":"follow","max-snippet":"max-snippet:-1","max-image-preview":"max-image-preview:large","max-video-preview":"max-video-preview:-1"},"canonical":"https:\/\/baubauwall.com\/et\/toode\/palm-leaf-shadow-wallmural-beige\/","og_locale":"et_EE","og_type":"article","og_title":"Bee\u017e pilttapeet palmilehtede varjus. Stiilne, troopiline tapeedidisain","og_description":"Bee\u017e maitsekas pilttapeet palmilehega betooni tekstuuri taustaga. Troopiline disain. Tr\u00fckime t\u00e4pselt seina k\u00f5rgused paanid, mida on lihtne paigaldada.","og_url":"https:\/\/baubauwall.com\/et\/toode\/palm-leaf-shadow-wallmural-beige\/","og_site_name":"BAUBAUWALL TAPEEDID","article_publisher":"https:\/\/www.facebook.com\/Baubauwall","article_modified_time":"2024-09-16T13:45:33+00:00","og_image":[{"width":1600,"height":800,"url":"https:\/\/baubauwall.com\/wp-content\/uploads\/2022\/03\/51200047_PalmLeafShadow-beige_Baubauwall_Wallmural_room4-2.jpg","type":"image\/jpeg"}],"twitter_card":"summary_large_image","twitter_misc":{"Est. reading time":"1 minut"},"schema":{"@context":"https:\/\/schema.org","@graph":[{"@type":"WebPage","@id":"https:\/\/baubauwall.com\/et\/toode\/palm-leaf-shadow-wallmural-beige\/","url":"https:\/\/baubauwall.com\/et\/toode\/palm-leaf-shadow-wallmural-beige\/","name":"Bee\u017e pilttapeet palmilehtede varjus. Stiilne, troopiline tapeedidisain","isPartOf":{"@id":"https:\/\/baubauwall.com\/et\/#website"},"primaryImageOfPage":{"@id":"https:\/\/baubauwall.com\/et\/toode\/palm-leaf-shadow-wallmural-beige\/#primaryimage"},"image":{"@id":"https:\/\/baubauwall.com\/et\/toode\/palm-leaf-shadow-wallmural-beige\/#primaryimage"},"thumbnailUrl":"https:\/\/baubauwall.com\/wp-content\/uploads\/2022\/03\/51200047_PalmLeafShadow-beige_Baubauwall_Wallmural_room4-2.jpg","datePublished":"2022-03-03T07:18:05+00:00","dateModified":"2024-09-16T13:45:33+00:00","description":"Bee\u017e maitsekas pilttapeet palmilehega betooni tekstuuri taustaga. Troopiline disain. Tr\u00fckime t\u00e4pselt seina k\u00f5rgused paanid, mida on lihtne paigaldada.","breadcrumb":{"@id":"https:\/\/baubauwall.com\/et\/toode\/palm-leaf-shadow-wallmural-beige\/#breadcrumb"},"inLanguage":"et","potentialAction":[{"@type":"ReadAction","target":["https:\/\/baubauwall.com\/et\/toode\/palm-leaf-shadow-wallmural-beige\/"]}]},{"@type":"ImageObject","inLanguage":"et","@id":"https:\/\/baubauwall.com\/et\/toode\/palm-leaf-shadow-wallmural-beige\/#primaryimage","url":"https:\/\/baubauwall.com\/wp-content\/uploads\/2022\/03\/51200047_PalmLeafShadow-beige_Baubauwall_Wallmural_room4-2.jpg","contentUrl":"https:\/\/baubauwall.com\/wp-content\/uploads\/2022\/03\/51200047_PalmLeafShadow-beige_Baubauwall_Wallmural_room4-2.jpg","width":1600,"height":800},{"@type":"BreadcrumbList","@id":"https:\/\/baubauwall.com\/et\/toode\/palm-leaf-shadow-wallmural-beige\/#breadcrumb","itemListElement":[{"@type":"ListItem","position":1,"name":"Koju","item":"https:\/\/baubauwall.com\/et\/"},{"@type":"ListItem","position":2,"name":"Tapeedid","item":"https:\/\/baubauwall.com\/et\/tapeedid\/"},{"@type":"ListItem","position":3,"name":"Palmilehtede varjus &#8211; bee\u017e"}]},{"@type":"WebSite","@id":"https:\/\/baubauwall.com\/et\/#website","url":"https:\/\/baubauwall.com\/et\/","name":"BAUBAUWALL Wallpapers","description":"Valmis paanides tapeet Eestist!","publisher":{"@id":"https:\/\/baubauwall.com\/et\/#organization"},"potentialAction":[{"@type":"SearchAction","target":{"@type":"EntryPoint","urlTemplate":"https:\/\/baubauwall.com\/et\/?s={search_term_string}"},"query-input":{"@type":"PropertyValueSpecification","valueRequired":true,"valueName":"search_term_string"}}],"inLanguage":"et"},{"@type":"Organization","@id":"https:\/\/baubauwall.com\/et\/#organization","name":"BAUBAUWALL Wallpapers","url":"https:\/\/baubauwall.com\/et\/","logo":{"@type":"ImageObject","inLanguage":"et","@id":"https:\/\/baubauwall.com\/et\/#\/schema\/logo\/image\/","url":"https:\/\/baubauwall.com\/wp-content\/uploads\/2022\/03\/logo-horizontal.svg","contentUrl":"https:\/\/baubauwall.com\/wp-content\/uploads\/2022\/03\/logo-horizontal.svg","width":"1024","height":"1024","caption":"BAUBAUWALL Wallpapers"},"image":{"@id":"https:\/\/baubauwall.com\/et\/#\/schema\/logo\/image\/"},"sameAs":["https:\/\/www.facebook.com\/Baubauwall","https:\/\/www.instagram.com\/baubauwall"]}]}},"jetpack_sharing_enabled":true,"_links":{"self":[{"href":"https:\/\/baubauwall.com\/et\/wp-json\/wp\/v2\/product\/6943","targetHints":{"allow":["GET"]}}],"collection":[{"href":"https:\/\/baubauwall.com\/et\/wp-json\/wp\/v2\/product"}],"about":[{"href":"https:\/\/baubauwall.com\/et\/wp-json\/wp\/v2\/types\/product"}],"replies":[{"embeddable":true,"href":"https:\/\/baubauwall.com\/et\/wp-json\/wp\/v2\/comments?post=6943"}],"wp:featuredmedia":[{"embeddable":true,"href":"https:\/\/baubauwall.com\/et\/wp-json\/wp\/v2\/media\/6928"}],"wp:attachment":[{"href":"https:\/\/baubauwall.com\/et\/wp-json\/wp\/v2\/media?parent=6943"}],"wp:term":[{"taxonomy":"product_brand","embeddable":true,"href":"https:\/\/baubauwall.com\/et\/wp-json\/wp\/v2\/product_brand?post=6943"},{"taxonomy":"product_cat","embeddable":true,"href":"https:\/\/baubauwall.com\/et\/wp-json\/wp\/v2\/product_cat?post=6943"},{"taxonomy":"product_tag","embeddable":true,"href":"https:\/\/baubauwall.com\/et\/wp-json\/wp\/v2\/product_tag?post=6943"}],"curies":[{"name":"wp","href":"https:\/\/api.w.org\/{rel}","templated":true}]}}