{"id":6981,"date":"2022-03-03T07:18:05","date_gmt":"2022-03-03T05:18:05","guid":{"rendered":"https:\/\/baubauwall.com\/product\/village-up-the-hill-wallmural\/"},"modified":"2023-11-27T10:42:16","modified_gmt":"2023-11-27T08:42:16","slug":"pilttapeet-muinasjutu-magikula","status":"publish","type":"product","link":"https:\/\/baubauwall.com\/et\/toode\/pilttapeet-muinasjutu-magikula\/","title":{"rendered":"Muinasjutu m\u00e4gik\u00fcla"},"content":{"rendered":"<p>Lastetuba on koht m\u00e4ngimiseks, \u00f5ppimiseks ja unistamiseks. Kujundades lastetuba, pea meeles, et l\u00f5pptulemus v\u00f5iks laste kujutlusv\u00f5imet v\u00f5imendama. Hea lastetoa tapeet ei pea j\u00e4rele andma stiilis, vastupidi! See pilttapeet kujutab armsat m\u00e4gik\u00fcla. Lase oma lapse m\u00f5tetel m\u00f6\u00f6da maju r\u00e4nnata ja m\u00f5elda v\u00e4lja lugusid, kes neis majades elada v\u00f5iksid! Pilttapeet, mis sobib h\u00e4sti aktsentseinaks. V\u00e4rvi muud seinad sama tapeedi detailide j\u00e4rgi &#8211; n\u00e4iteks helesiniseks, bee\u017eiks v\u00f5i valgeks.<\/p>\n<p>See lastetoa tapeet tr\u00fckitakse <a href=\"https:\/\/baubauwall.com\/et\/keskkonnasobralikud-tapeedid\/\" target=\"_blank\" rel=\"noopener\">keskkonnas\u00f5bralike v\u00e4rvidega<\/a>, hingavale fliistapeedi materjalile, mis ei l\u00e4igi ja on lihtne paigaldada. Sinu uus lastetoa tapeet tuleb valmis l\u00f5igatud ning nummerdatud paanides, mis on t\u00e4pselt nii k\u00f5rged, kui Sinu sein. Tapeetimine &#8211; lihtsalt ja nutikalt!<\/p>\n<p>&nbsp;<\/p>\n","protected":false},"excerpt":{"rendered":"<p>Lastetuba on koht m\u00e4ngimiseks, \u00f5ppimiseks ja unistamiseks. Kujundades lastetuba, pea meeles, et l\u00f5pptulemus v\u00f5iks laste kujutlusv\u00f5imet v\u00f5imendama. Hea lastetoa tapeet ei pea j\u00e4rele andma stiilis, vastupidi! See pilttapeet kujutab armsat m\u00e4gik\u00fcla. Lase oma lapse m\u00f5tetel m\u00f6\u00f6da maju r\u00e4nnata ja m\u00f5elda v\u00e4lja lugusid, kes neis majades elada v\u00f5iksid! Pilttapeet, mis sobib h\u00e4sti aktsentseinaks. V\u00e4rvi muud seinad [&hellip;]<\/p>\n","protected":false},"featured_media":6966,"comment_status":"open","ping_status":"closed","template":"","meta":{"_acf_changed":false,"inline_featured_image":false},"product_brand":[],"product_cat":[387,395,271,418,411,400,245],"product_tag":[345,308,324],"class_list":{"0":"post-6981","1":"product","2":"type-product","3":"status-publish","4":"has-post-thumbnail","6":"product_cat-pilttapeedid","7":"product_cat-romantiline","8":"product_cat-rohelised-tapeedid","9":"product_cat-punased-tapeedid","10":"product_cat-kollased-tapeedid","11":"product_cat-lastetoa-tapeedid","12":"product_cat-maastik","13":"product_tag-pilttapeet","14":"product_tag-poiste-tuba","15":"product_tag-tudruku-tuba","16":"pa_designedby-baubauwall","18":"first","19":"instock","20":"taxable","21":"shipping-taxable","22":"purchasable","23":"product-type-simple"},"acf":[],"yoast_head":"<!-- This site is optimized with the Yoast SEO plugin v25.9 - https:\/\/yoast.com\/wordpress\/plugins\/seo\/ -->\n<title>Pilttapeet Muinasjutu m\u00e4gik\u00fcla. Tapeet lastetuppa<\/title>\n<meta name=\"description\" content=\"Pilttapeet lastetoa aktsentseina. Tapeedidisain muinasjutu meeleolust kantud k\u00fclaga m\u00e4gedes. M\u00e4nguline disain lastetoa seinale.\" \/>\n<meta name=\"robots\" content=\"index, follow, max-snippet:-1, max-image-preview:large, max-video-preview:-1\" \/>\n<link rel=\"canonical\" href=\"https:\/\/baubauwall.com\/et\/toode\/pilttapeet-muinasjutu-magikula\/\" \/>\n<meta property=\"og:locale\" content=\"et_EE\" \/>\n<meta property=\"og:type\" content=\"article\" \/>\n<meta property=\"og:title\" content=\"Pilttapeet Muinasjutu m\u00e4gik\u00fcla. Tapeet lastetuppa\" \/>\n<meta property=\"og:description\" content=\"Pilttapeet lastetoa aktsentseina. Tapeedidisain muinasjutu meeleolust kantud k\u00fclaga m\u00e4gedes. M\u00e4nguline disain lastetoa seinale.\" \/>\n<meta property=\"og:url\" content=\"https:\/\/baubauwall.com\/et\/toode\/pilttapeet-muinasjutu-magikula\/\" \/>\n<meta property=\"og:site_name\" content=\"BAUBAUWALL TAPEEDID\" \/>\n<meta property=\"article:publisher\" content=\"https:\/\/www.facebook.com\/Baubauwall\" \/>\n<meta property=\"article:modified_time\" content=\"2023-11-27T08:42:16+00:00\" \/>\n<meta property=\"og:image\" content=\"https:\/\/baubauwall.com\/wp-content\/uploads\/2022\/03\/51200049_VillageUptheHill_Baubauwall_Wallmural_room6-1.jpg\" \/>\n\t<meta property=\"og:image:width\" content=\"1422\" \/>\n\t<meta property=\"og:image:height\" content=\"800\" \/>\n\t<meta property=\"og:image:type\" content=\"image\/jpeg\" \/>\n<meta name=\"twitter:card\" content=\"summary_large_image\" \/>\n<meta name=\"twitter:label1\" content=\"Est. reading time\" \/>\n\t<meta name=\"twitter:data1\" content=\"1 minut\" \/>\n<script type=\"application\/ld+json\" class=\"yoast-schema-graph\">{\"@context\":\"https:\/\/schema.org\",\"@graph\":[{\"@type\":\"WebPage\",\"@id\":\"https:\/\/baubauwall.com\/et\/toode\/pilttapeet-muinasjutu-magikula\/\",\"url\":\"https:\/\/baubauwall.com\/et\/toode\/pilttapeet-muinasjutu-magikula\/\",\"name\":\"Pilttapeet Muinasjutu m\u00e4gik\u00fcla. Tapeet lastetuppa\",\"isPartOf\":{\"@id\":\"https:\/\/baubauwall.com\/et\/#website\"},\"primaryImageOfPage\":{\"@id\":\"https:\/\/baubauwall.com\/et\/toode\/pilttapeet-muinasjutu-magikula\/#primaryimage\"},\"image\":{\"@id\":\"https:\/\/baubauwall.com\/et\/toode\/pilttapeet-muinasjutu-magikula\/#primaryimage\"},\"thumbnailUrl\":\"https:\/\/baubauwall.com\/wp-content\/uploads\/2022\/03\/51200049_VillageUptheHill_Baubauwall_Wallmural_room6-1.jpg\",\"datePublished\":\"2022-03-03T05:18:05+00:00\",\"dateModified\":\"2023-11-27T08:42:16+00:00\",\"description\":\"Pilttapeet lastetoa aktsentseina. Tapeedidisain muinasjutu meeleolust kantud k\u00fclaga m\u00e4gedes. M\u00e4nguline disain lastetoa seinale.\",\"breadcrumb\":{\"@id\":\"https:\/\/baubauwall.com\/et\/toode\/pilttapeet-muinasjutu-magikula\/#breadcrumb\"},\"inLanguage\":\"et\",\"potentialAction\":[{\"@type\":\"ReadAction\",\"target\":[\"https:\/\/baubauwall.com\/et\/toode\/pilttapeet-muinasjutu-magikula\/\"]}]},{\"@type\":\"ImageObject\",\"inLanguage\":\"et\",\"@id\":\"https:\/\/baubauwall.com\/et\/toode\/pilttapeet-muinasjutu-magikula\/#primaryimage\",\"url\":\"https:\/\/baubauwall.com\/wp-content\/uploads\/2022\/03\/51200049_VillageUptheHill_Baubauwall_Wallmural_room6-1.jpg\",\"contentUrl\":\"https:\/\/baubauwall.com\/wp-content\/uploads\/2022\/03\/51200049_VillageUptheHill_Baubauwall_Wallmural_room6-1.jpg\",\"width\":1422,\"height\":800},{\"@type\":\"BreadcrumbList\",\"@id\":\"https:\/\/baubauwall.com\/et\/toode\/pilttapeet-muinasjutu-magikula\/#breadcrumb\",\"itemListElement\":[{\"@type\":\"ListItem\",\"position\":1,\"name\":\"Koju\",\"item\":\"https:\/\/baubauwall.com\/et\/\"},{\"@type\":\"ListItem\",\"position\":2,\"name\":\"Tapeedid\",\"item\":\"https:\/\/baubauwall.com\/et\/tapeedid\/\"},{\"@type\":\"ListItem\",\"position\":3,\"name\":\"Muinasjutu m\u00e4gik\u00fcla\"}]},{\"@type\":\"WebSite\",\"@id\":\"https:\/\/baubauwall.com\/et\/#website\",\"url\":\"https:\/\/baubauwall.com\/et\/\",\"name\":\"BAUBAUWALL Wallpapers\",\"description\":\"Valmis paanides tapeet Eestist!\",\"publisher\":{\"@id\":\"https:\/\/baubauwall.com\/et\/#organization\"},\"potentialAction\":[{\"@type\":\"SearchAction\",\"target\":{\"@type\":\"EntryPoint\",\"urlTemplate\":\"https:\/\/baubauwall.com\/et\/?s={search_term_string}\"},\"query-input\":{\"@type\":\"PropertyValueSpecification\",\"valueRequired\":true,\"valueName\":\"search_term_string\"}}],\"inLanguage\":\"et\"},{\"@type\":\"Organization\",\"@id\":\"https:\/\/baubauwall.com\/et\/#organization\",\"name\":\"BAUBAUWALL Wallpapers\",\"url\":\"https:\/\/baubauwall.com\/et\/\",\"logo\":{\"@type\":\"ImageObject\",\"inLanguage\":\"et\",\"@id\":\"https:\/\/baubauwall.com\/et\/#\/schema\/logo\/image\/\",\"url\":\"https:\/\/baubauwall.com\/wp-content\/uploads\/2022\/03\/logo-horizontal.svg\",\"contentUrl\":\"https:\/\/baubauwall.com\/wp-content\/uploads\/2022\/03\/logo-horizontal.svg\",\"width\":\"1024\",\"height\":\"1024\",\"caption\":\"BAUBAUWALL Wallpapers\"},\"image\":{\"@id\":\"https:\/\/baubauwall.com\/et\/#\/schema\/logo\/image\/\"},\"sameAs\":[\"https:\/\/www.facebook.com\/Baubauwall\",\"https:\/\/www.instagram.com\/baubauwall\"]}]}<\/script>\n<!-- \/ Yoast SEO plugin. -->","yoast_head_json":{"title":"Pilttapeet Muinasjutu m\u00e4gik\u00fcla. Tapeet lastetuppa","description":"Pilttapeet lastetoa aktsentseina. Tapeedidisain muinasjutu meeleolust kantud k\u00fclaga m\u00e4gedes. M\u00e4nguline disain lastetoa seinale.","robots":{"index":"index","follow":"follow","max-snippet":"max-snippet:-1","max-image-preview":"max-image-preview:large","max-video-preview":"max-video-preview:-1"},"canonical":"https:\/\/baubauwall.com\/et\/toode\/pilttapeet-muinasjutu-magikula\/","og_locale":"et_EE","og_type":"article","og_title":"Pilttapeet Muinasjutu m\u00e4gik\u00fcla. Tapeet lastetuppa","og_description":"Pilttapeet lastetoa aktsentseina. Tapeedidisain muinasjutu meeleolust kantud k\u00fclaga m\u00e4gedes. M\u00e4nguline disain lastetoa seinale.","og_url":"https:\/\/baubauwall.com\/et\/toode\/pilttapeet-muinasjutu-magikula\/","og_site_name":"BAUBAUWALL TAPEEDID","article_publisher":"https:\/\/www.facebook.com\/Baubauwall","article_modified_time":"2023-11-27T08:42:16+00:00","og_image":[{"width":1422,"height":800,"url":"https:\/\/baubauwall.com\/wp-content\/uploads\/2022\/03\/51200049_VillageUptheHill_Baubauwall_Wallmural_room6-1.jpg","type":"image\/jpeg"}],"twitter_card":"summary_large_image","twitter_misc":{"Est. reading time":"1 minut"},"schema":{"@context":"https:\/\/schema.org","@graph":[{"@type":"WebPage","@id":"https:\/\/baubauwall.com\/et\/toode\/pilttapeet-muinasjutu-magikula\/","url":"https:\/\/baubauwall.com\/et\/toode\/pilttapeet-muinasjutu-magikula\/","name":"Pilttapeet Muinasjutu m\u00e4gik\u00fcla. Tapeet lastetuppa","isPartOf":{"@id":"https:\/\/baubauwall.com\/et\/#website"},"primaryImageOfPage":{"@id":"https:\/\/baubauwall.com\/et\/toode\/pilttapeet-muinasjutu-magikula\/#primaryimage"},"image":{"@id":"https:\/\/baubauwall.com\/et\/toode\/pilttapeet-muinasjutu-magikula\/#primaryimage"},"thumbnailUrl":"https:\/\/baubauwall.com\/wp-content\/uploads\/2022\/03\/51200049_VillageUptheHill_Baubauwall_Wallmural_room6-1.jpg","datePublished":"2022-03-03T05:18:05+00:00","dateModified":"2023-11-27T08:42:16+00:00","description":"Pilttapeet lastetoa aktsentseina. Tapeedidisain muinasjutu meeleolust kantud k\u00fclaga m\u00e4gedes. M\u00e4nguline disain lastetoa seinale.","breadcrumb":{"@id":"https:\/\/baubauwall.com\/et\/toode\/pilttapeet-muinasjutu-magikula\/#breadcrumb"},"inLanguage":"et","potentialAction":[{"@type":"ReadAction","target":["https:\/\/baubauwall.com\/et\/toode\/pilttapeet-muinasjutu-magikula\/"]}]},{"@type":"ImageObject","inLanguage":"et","@id":"https:\/\/baubauwall.com\/et\/toode\/pilttapeet-muinasjutu-magikula\/#primaryimage","url":"https:\/\/baubauwall.com\/wp-content\/uploads\/2022\/03\/51200049_VillageUptheHill_Baubauwall_Wallmural_room6-1.jpg","contentUrl":"https:\/\/baubauwall.com\/wp-content\/uploads\/2022\/03\/51200049_VillageUptheHill_Baubauwall_Wallmural_room6-1.jpg","width":1422,"height":800},{"@type":"BreadcrumbList","@id":"https:\/\/baubauwall.com\/et\/toode\/pilttapeet-muinasjutu-magikula\/#breadcrumb","itemListElement":[{"@type":"ListItem","position":1,"name":"Koju","item":"https:\/\/baubauwall.com\/et\/"},{"@type":"ListItem","position":2,"name":"Tapeedid","item":"https:\/\/baubauwall.com\/et\/tapeedid\/"},{"@type":"ListItem","position":3,"name":"Muinasjutu m\u00e4gik\u00fcla"}]},{"@type":"WebSite","@id":"https:\/\/baubauwall.com\/et\/#website","url":"https:\/\/baubauwall.com\/et\/","name":"BAUBAUWALL Wallpapers","description":"Valmis paanides tapeet Eestist!","publisher":{"@id":"https:\/\/baubauwall.com\/et\/#organization"},"potentialAction":[{"@type":"SearchAction","target":{"@type":"EntryPoint","urlTemplate":"https:\/\/baubauwall.com\/et\/?s={search_term_string}"},"query-input":{"@type":"PropertyValueSpecification","valueRequired":true,"valueName":"search_term_string"}}],"inLanguage":"et"},{"@type":"Organization","@id":"https:\/\/baubauwall.com\/et\/#organization","name":"BAUBAUWALL Wallpapers","url":"https:\/\/baubauwall.com\/et\/","logo":{"@type":"ImageObject","inLanguage":"et","@id":"https:\/\/baubauwall.com\/et\/#\/schema\/logo\/image\/","url":"https:\/\/baubauwall.com\/wp-content\/uploads\/2022\/03\/logo-horizontal.svg","contentUrl":"https:\/\/baubauwall.com\/wp-content\/uploads\/2022\/03\/logo-horizontal.svg","width":"1024","height":"1024","caption":"BAUBAUWALL Wallpapers"},"image":{"@id":"https:\/\/baubauwall.com\/et\/#\/schema\/logo\/image\/"},"sameAs":["https:\/\/www.facebook.com\/Baubauwall","https:\/\/www.instagram.com\/baubauwall"]}]}},"jetpack_sharing_enabled":true,"_links":{"self":[{"href":"https:\/\/baubauwall.com\/et\/wp-json\/wp\/v2\/product\/6981","targetHints":{"allow":["GET"]}}],"collection":[{"href":"https:\/\/baubauwall.com\/et\/wp-json\/wp\/v2\/product"}],"about":[{"href":"https:\/\/baubauwall.com\/et\/wp-json\/wp\/v2\/types\/product"}],"replies":[{"embeddable":true,"href":"https:\/\/baubauwall.com\/et\/wp-json\/wp\/v2\/comments?post=6981"}],"wp:featuredmedia":[{"embeddable":true,"href":"https:\/\/baubauwall.com\/et\/wp-json\/wp\/v2\/media\/6966"}],"wp:attachment":[{"href":"https:\/\/baubauwall.com\/et\/wp-json\/wp\/v2\/media?parent=6981"}],"wp:term":[{"taxonomy":"product_brand","embeddable":true,"href":"https:\/\/baubauwall.com\/et\/wp-json\/wp\/v2\/product_brand?post=6981"},{"taxonomy":"product_cat","embeddable":true,"href":"https:\/\/baubauwall.com\/et\/wp-json\/wp\/v2\/product_cat?post=6981"},{"taxonomy":"product_tag","embeddable":true,"href":"https:\/\/baubauwall.com\/et\/wp-json\/wp\/v2\/product_tag?post=6981"}],"curies":[{"name":"wp","href":"https:\/\/api.w.org\/{rel}","templated":true}]}}