{"id":6999,"date":"2022-03-03T07:18:06","date_gmt":"2022-03-03T07:18:06","guid":{"rendered":"https:\/\/baubauwall.com\/product\/mountain-lake-painting\/"},"modified":"2023-07-19T13:07:52","modified_gmt":"2023-07-19T11:07:52","slug":"mountain-lake-painting","status":"publish","type":"product","link":"https:\/\/baubauwall.com\/et\/toode\/mountain-lake-painting\/","title":{"rendered":"Maaliline m\u00e4gij\u00e4rv"},"content":{"rendered":"<p>Fototapeet on suurep\u00e4rane viis oma maitse v\u00e4ljendamiseks. See maaliline fototapeet kujutab soojades toonides m\u00e4gij\u00e4rve. P\u00e4ikeseloojangu taustal v\u00f5ikski unelema j\u00e4\u00e4da! Sest selle fototapeedi bee\u017e ja pruunikas v\u00e4rvipalett loob rahuliku interj\u00f6\u00f6ri, olgu ta tapeediks elutoas v\u00f5i magamistoas. Maaliline m\u00e4gij\u00e4rv fototapeedi kujunduse taust on nagu maalil\u00f5uend, mis loob tapeedile looduse ja kunsti harmoonia.<\/p>\n<p>Nagu k\u00f5ik meie tapeedid, tr\u00fckime selle fototapeedi hingavale ja <a href=\"https:\/\/baubauwall.com\/et\/keskkonnasobralikud-tapeedid\/\">keskkonnas\u00f5bralike v\u00e4rvidega<\/a> fliistapeedimaterjalile. Tr\u00fckime valitud fototapeedi vastavalt teie seina m\u00f5\u00f5tmetele. Teie uus tapeet tuleb koju nummerdatud paanide, et teaksid, millises j\u00e4rjekorras need seinale paigaldada. Lihtne, j\u00e4\u00e4tmevaba ja stressivaba!<\/p>\n","protected":false},"excerpt":{"rendered":"<p>Fototapeet on suurep\u00e4rane viis oma maitse v\u00e4ljendamiseks. See maaliline fototapeet kujutab soojades toonides m\u00e4gij\u00e4rve. P\u00e4ikeseloojangu taustal v\u00f5ikski unelema j\u00e4\u00e4da! Sest selle fototapeedi bee\u017e ja pruunikas v\u00e4rvipalett loob rahuliku interj\u00f6\u00f6ri, olgu ta tapeediks elutoas v\u00f5i magamistoas. Maaliline m\u00e4gij\u00e4rv fototapeedi kujunduse taust on nagu maalil\u00f5uend, mis loob tapeedile looduse ja kunsti harmoonia. Nagu k\u00f5ik meie tapeedid, tr\u00fckime [&hellip;]<\/p>\n","protected":false},"featured_media":30373,"comment_status":"open","ping_status":"closed","template":"","meta":{"_acf_changed":false,"inline_featured_image":false},"product_brand":[],"product_cat":[387,395,388,265,269,275,413,414,415,399,402,245,251,253,254],"product_tag":[345],"class_list":{"0":"post-6999","1":"product","2":"type-product","3":"status-publish","4":"has-post-thumbnail","6":"product_cat-pilttapeedid","7":"product_cat-romantiline","8":"product_cat-vintage-et","9":"product_cat-beezid-tapeedid","10":"product_cat-pruunid-tapeedid","11":"product_cat-oranzid-tapeedid","12":"product_cat-magamistoa-tapeedid","13":"product_cat-soogitoa-tapeedid","14":"product_cat-kulalistetoa-tapeedid","15":"product_cat-kodukontori-tapeedid","16":"product_cat-elutoa-tapeedid","17":"product_cat-maastik","18":"product_cat-maed","19":"product_cat-joed-jarved","20":"product_cat-loodus","21":"product_tag-pilttapeet","22":"pa_designedby-baubauwall","24":"first","25":"instock","26":"taxable","27":"shipping-taxable","28":"purchasable","29":"product-type-simple"},"acf":[],"yoast_head":"<!-- This site is optimized with the Yoast SEO plugin v25.9 - https:\/\/yoast.com\/wordpress\/plugins\/seo\/ -->\n<title>Fototapeet - Maaliline m\u00e4gij\u00e4rv p\u00e4ikeseloojangul<\/title>\n<meta name=\"description\" content=\"Soojades toonides fototapeet - p\u00e4ikeseloojang m\u00e4gedes j\u00e4rvekaldal. R\u00e4tsepat\u00f6\u00f6na valmivad tapeedid, mis valmivad sinu seina m\u00f5\u00f5dus.\" \/>\n<meta name=\"robots\" content=\"index, follow, max-snippet:-1, max-image-preview:large, max-video-preview:-1\" \/>\n<link rel=\"canonical\" href=\"https:\/\/baubauwall.com\/et\/toode\/mountain-lake-painting\/\" \/>\n<meta property=\"og:locale\" content=\"et_EE\" \/>\n<meta property=\"og:type\" content=\"article\" \/>\n<meta property=\"og:title\" content=\"Fototapeet - Maaliline m\u00e4gij\u00e4rv p\u00e4ikeseloojangul\" \/>\n<meta property=\"og:description\" content=\"Soojades toonides fototapeet - p\u00e4ikeseloojang m\u00e4gedes j\u00e4rvekaldal. R\u00e4tsepat\u00f6\u00f6na valmivad tapeedid, mis valmivad sinu seina m\u00f5\u00f5dus.\" \/>\n<meta property=\"og:url\" content=\"https:\/\/baubauwall.com\/et\/toode\/mountain-lake-painting\/\" \/>\n<meta property=\"og:site_name\" content=\"BAUBAUWALL TAPEEDID\" \/>\n<meta property=\"article:publisher\" content=\"https:\/\/www.facebook.com\/Baubauwall\" \/>\n<meta property=\"article:modified_time\" content=\"2023-07-19T11:07:52+00:00\" \/>\n<meta property=\"og:image\" content=\"https:\/\/baubauwall.com\/wp-content\/uploads\/2022\/03\/51200050_MountainLakePainting_Baubauwall_Wallmural_room5-6.jpg\" \/>\n\t<meta property=\"og:image:width\" content=\"1600\" \/>\n\t<meta property=\"og:image:height\" content=\"800\" \/>\n\t<meta property=\"og:image:type\" content=\"image\/jpeg\" \/>\n<meta name=\"twitter:card\" content=\"summary_large_image\" \/>\n<meta name=\"twitter:label1\" content=\"Est. reading time\" \/>\n\t<meta name=\"twitter:data1\" content=\"1 minut\" \/>\n<script type=\"application\/ld+json\" class=\"yoast-schema-graph\">{\"@context\":\"https:\/\/schema.org\",\"@graph\":[{\"@type\":\"WebPage\",\"@id\":\"https:\/\/baubauwall.com\/et\/toode\/mountain-lake-painting\/\",\"url\":\"https:\/\/baubauwall.com\/et\/toode\/mountain-lake-painting\/\",\"name\":\"Fototapeet - Maaliline m\u00e4gij\u00e4rv p\u00e4ikeseloojangul\",\"isPartOf\":{\"@id\":\"https:\/\/baubauwall.com\/et\/#website\"},\"primaryImageOfPage\":{\"@id\":\"https:\/\/baubauwall.com\/et\/toode\/mountain-lake-painting\/#primaryimage\"},\"image\":{\"@id\":\"https:\/\/baubauwall.com\/et\/toode\/mountain-lake-painting\/#primaryimage\"},\"thumbnailUrl\":\"https:\/\/baubauwall.com\/wp-content\/uploads\/2022\/03\/51200050_MountainLakePainting_Baubauwall_Mural_Wallpaper_room2-scaled.jpg\",\"datePublished\":\"2022-03-03T07:18:06+00:00\",\"dateModified\":\"2023-07-19T11:07:52+00:00\",\"description\":\"Soojades toonides fototapeet - p\u00e4ikeseloojang m\u00e4gedes j\u00e4rvekaldal. R\u00e4tsepat\u00f6\u00f6na valmivad tapeedid, mis valmivad sinu seina m\u00f5\u00f5dus.\",\"breadcrumb\":{\"@id\":\"https:\/\/baubauwall.com\/et\/toode\/mountain-lake-painting\/#breadcrumb\"},\"inLanguage\":\"et\",\"potentialAction\":[{\"@type\":\"ReadAction\",\"target\":[\"https:\/\/baubauwall.com\/et\/toode\/mountain-lake-painting\/\"]}]},{\"@type\":\"ImageObject\",\"inLanguage\":\"et\",\"@id\":\"https:\/\/baubauwall.com\/et\/toode\/mountain-lake-painting\/#primaryimage\",\"url\":\"https:\/\/baubauwall.com\/wp-content\/uploads\/2022\/03\/51200050_MountainLakePainting_Baubauwall_Mural_Wallpaper_room2-scaled.jpg\",\"contentUrl\":\"https:\/\/baubauwall.com\/wp-content\/uploads\/2022\/03\/51200050_MountainLakePainting_Baubauwall_Mural_Wallpaper_room2-scaled.jpg\",\"width\":2560,\"height\":1280},{\"@type\":\"BreadcrumbList\",\"@id\":\"https:\/\/baubauwall.com\/et\/toode\/mountain-lake-painting\/#breadcrumb\",\"itemListElement\":[{\"@type\":\"ListItem\",\"position\":1,\"name\":\"Koju\",\"item\":\"https:\/\/baubauwall.com\/et\/\"},{\"@type\":\"ListItem\",\"position\":2,\"name\":\"Tapeedid\",\"item\":\"https:\/\/baubauwall.com\/et\/tapeedid\/\"},{\"@type\":\"ListItem\",\"position\":3,\"name\":\"Maaliline m\u00e4gij\u00e4rv\"}]},{\"@type\":\"WebSite\",\"@id\":\"https:\/\/baubauwall.com\/et\/#website\",\"url\":\"https:\/\/baubauwall.com\/et\/\",\"name\":\"BAUBAUWALL Wallpapers\",\"description\":\"Valmis paanides tapeet Eestist!\",\"publisher\":{\"@id\":\"https:\/\/baubauwall.com\/et\/#organization\"},\"potentialAction\":[{\"@type\":\"SearchAction\",\"target\":{\"@type\":\"EntryPoint\",\"urlTemplate\":\"https:\/\/baubauwall.com\/et\/?s={search_term_string}\"},\"query-input\":{\"@type\":\"PropertyValueSpecification\",\"valueRequired\":true,\"valueName\":\"search_term_string\"}}],\"inLanguage\":\"et\"},{\"@type\":\"Organization\",\"@id\":\"https:\/\/baubauwall.com\/et\/#organization\",\"name\":\"BAUBAUWALL Wallpapers\",\"url\":\"https:\/\/baubauwall.com\/et\/\",\"logo\":{\"@type\":\"ImageObject\",\"inLanguage\":\"et\",\"@id\":\"https:\/\/baubauwall.com\/et\/#\/schema\/logo\/image\/\",\"url\":\"https:\/\/baubauwall.com\/wp-content\/uploads\/2022\/03\/logo-horizontal.svg\",\"contentUrl\":\"https:\/\/baubauwall.com\/wp-content\/uploads\/2022\/03\/logo-horizontal.svg\",\"width\":\"1024\",\"height\":\"1024\",\"caption\":\"BAUBAUWALL Wallpapers\"},\"image\":{\"@id\":\"https:\/\/baubauwall.com\/et\/#\/schema\/logo\/image\/\"},\"sameAs\":[\"https:\/\/www.facebook.com\/Baubauwall\",\"https:\/\/www.instagram.com\/baubauwall\"]}]}<\/script>\n<!-- \/ Yoast SEO plugin. -->","yoast_head_json":{"title":"Fototapeet - Maaliline m\u00e4gij\u00e4rv p\u00e4ikeseloojangul","description":"Soojades toonides fototapeet - p\u00e4ikeseloojang m\u00e4gedes j\u00e4rvekaldal. R\u00e4tsepat\u00f6\u00f6na valmivad tapeedid, mis valmivad sinu seina m\u00f5\u00f5dus.","robots":{"index":"index","follow":"follow","max-snippet":"max-snippet:-1","max-image-preview":"max-image-preview:large","max-video-preview":"max-video-preview:-1"},"canonical":"https:\/\/baubauwall.com\/et\/toode\/mountain-lake-painting\/","og_locale":"et_EE","og_type":"article","og_title":"Fototapeet - Maaliline m\u00e4gij\u00e4rv p\u00e4ikeseloojangul","og_description":"Soojades toonides fototapeet - p\u00e4ikeseloojang m\u00e4gedes j\u00e4rvekaldal. R\u00e4tsepat\u00f6\u00f6na valmivad tapeedid, mis valmivad sinu seina m\u00f5\u00f5dus.","og_url":"https:\/\/baubauwall.com\/et\/toode\/mountain-lake-painting\/","og_site_name":"BAUBAUWALL TAPEEDID","article_publisher":"https:\/\/www.facebook.com\/Baubauwall","article_modified_time":"2023-07-19T11:07:52+00:00","og_image":[{"width":1600,"height":800,"url":"https:\/\/baubauwall.com\/wp-content\/uploads\/2022\/03\/51200050_MountainLakePainting_Baubauwall_Wallmural_room5-6.jpg","type":"image\/jpeg"}],"twitter_card":"summary_large_image","twitter_misc":{"Est. reading time":"1 minut"},"schema":{"@context":"https:\/\/schema.org","@graph":[{"@type":"WebPage","@id":"https:\/\/baubauwall.com\/et\/toode\/mountain-lake-painting\/","url":"https:\/\/baubauwall.com\/et\/toode\/mountain-lake-painting\/","name":"Fototapeet - Maaliline m\u00e4gij\u00e4rv p\u00e4ikeseloojangul","isPartOf":{"@id":"https:\/\/baubauwall.com\/et\/#website"},"primaryImageOfPage":{"@id":"https:\/\/baubauwall.com\/et\/toode\/mountain-lake-painting\/#primaryimage"},"image":{"@id":"https:\/\/baubauwall.com\/et\/toode\/mountain-lake-painting\/#primaryimage"},"thumbnailUrl":"https:\/\/baubauwall.com\/wp-content\/uploads\/2022\/03\/51200050_MountainLakePainting_Baubauwall_Mural_Wallpaper_room2-scaled.jpg","datePublished":"2022-03-03T07:18:06+00:00","dateModified":"2023-07-19T11:07:52+00:00","description":"Soojades toonides fototapeet - p\u00e4ikeseloojang m\u00e4gedes j\u00e4rvekaldal. R\u00e4tsepat\u00f6\u00f6na valmivad tapeedid, mis valmivad sinu seina m\u00f5\u00f5dus.","breadcrumb":{"@id":"https:\/\/baubauwall.com\/et\/toode\/mountain-lake-painting\/#breadcrumb"},"inLanguage":"et","potentialAction":[{"@type":"ReadAction","target":["https:\/\/baubauwall.com\/et\/toode\/mountain-lake-painting\/"]}]},{"@type":"ImageObject","inLanguage":"et","@id":"https:\/\/baubauwall.com\/et\/toode\/mountain-lake-painting\/#primaryimage","url":"https:\/\/baubauwall.com\/wp-content\/uploads\/2022\/03\/51200050_MountainLakePainting_Baubauwall_Mural_Wallpaper_room2-scaled.jpg","contentUrl":"https:\/\/baubauwall.com\/wp-content\/uploads\/2022\/03\/51200050_MountainLakePainting_Baubauwall_Mural_Wallpaper_room2-scaled.jpg","width":2560,"height":1280},{"@type":"BreadcrumbList","@id":"https:\/\/baubauwall.com\/et\/toode\/mountain-lake-painting\/#breadcrumb","itemListElement":[{"@type":"ListItem","position":1,"name":"Koju","item":"https:\/\/baubauwall.com\/et\/"},{"@type":"ListItem","position":2,"name":"Tapeedid","item":"https:\/\/baubauwall.com\/et\/tapeedid\/"},{"@type":"ListItem","position":3,"name":"Maaliline m\u00e4gij\u00e4rv"}]},{"@type":"WebSite","@id":"https:\/\/baubauwall.com\/et\/#website","url":"https:\/\/baubauwall.com\/et\/","name":"BAUBAUWALL Wallpapers","description":"Valmis paanides tapeet Eestist!","publisher":{"@id":"https:\/\/baubauwall.com\/et\/#organization"},"potentialAction":[{"@type":"SearchAction","target":{"@type":"EntryPoint","urlTemplate":"https:\/\/baubauwall.com\/et\/?s={search_term_string}"},"query-input":{"@type":"PropertyValueSpecification","valueRequired":true,"valueName":"search_term_string"}}],"inLanguage":"et"},{"@type":"Organization","@id":"https:\/\/baubauwall.com\/et\/#organization","name":"BAUBAUWALL Wallpapers","url":"https:\/\/baubauwall.com\/et\/","logo":{"@type":"ImageObject","inLanguage":"et","@id":"https:\/\/baubauwall.com\/et\/#\/schema\/logo\/image\/","url":"https:\/\/baubauwall.com\/wp-content\/uploads\/2022\/03\/logo-horizontal.svg","contentUrl":"https:\/\/baubauwall.com\/wp-content\/uploads\/2022\/03\/logo-horizontal.svg","width":"1024","height":"1024","caption":"BAUBAUWALL Wallpapers"},"image":{"@id":"https:\/\/baubauwall.com\/et\/#\/schema\/logo\/image\/"},"sameAs":["https:\/\/www.facebook.com\/Baubauwall","https:\/\/www.instagram.com\/baubauwall"]}]}},"jetpack_sharing_enabled":true,"_links":{"self":[{"href":"https:\/\/baubauwall.com\/et\/wp-json\/wp\/v2\/product\/6999","targetHints":{"allow":["GET"]}}],"collection":[{"href":"https:\/\/baubauwall.com\/et\/wp-json\/wp\/v2\/product"}],"about":[{"href":"https:\/\/baubauwall.com\/et\/wp-json\/wp\/v2\/types\/product"}],"replies":[{"embeddable":true,"href":"https:\/\/baubauwall.com\/et\/wp-json\/wp\/v2\/comments?post=6999"}],"wp:featuredmedia":[{"embeddable":true,"href":"https:\/\/baubauwall.com\/et\/wp-json\/wp\/v2\/media\/30373"}],"wp:attachment":[{"href":"https:\/\/baubauwall.com\/et\/wp-json\/wp\/v2\/media?parent=6999"}],"wp:term":[{"taxonomy":"product_brand","embeddable":true,"href":"https:\/\/baubauwall.com\/et\/wp-json\/wp\/v2\/product_brand?post=6999"},{"taxonomy":"product_cat","embeddable":true,"href":"https:\/\/baubauwall.com\/et\/wp-json\/wp\/v2\/product_cat?post=6999"},{"taxonomy":"product_tag","embeddable":true,"href":"https:\/\/baubauwall.com\/et\/wp-json\/wp\/v2\/product_tag?post=6999"}],"curies":[{"name":"wp","href":"https:\/\/api.w.org\/{rel}","templated":true}]}}