{"id":7017,"date":"2022-03-03T07:18:06","date_gmt":"2022-03-03T07:18:06","guid":{"rendered":"https:\/\/baubauwall.com\/?post_type=product&#038;p=7017"},"modified":"2025-11-28T21:19:54","modified_gmt":"2025-11-28T19:19:54","slug":"marmoriringid-pilttapeet","status":"publish","type":"product","link":"https:\/\/baubauwall.com\/et\/toode\/marmoriringid-pilttapeet\/","title":{"rendered":"Marmoriringid"},"content":{"rendered":"<p>Valge marmori efektiga pilttapeet. Tapeedil on kaunis halli-valgekirju marmori mustri abstraktne p\u00f6\u00f6rlemine, just nagu looduses. Marmorist inspireeritud pilttapeet loob sinu kodus stiilse ja rafineeritud interj\u00f6\u00f6ri. See elegantne pilttapeet on inspireeritud naturaalse marmori rahulikust pinnast ning hoiab Su kodu seinad loomuliku ja puhtana. Marmori efektiga tapeet on hea valik eksponeerimaks interj\u00f6\u00f6ris julget disainm\u00f6\u00f6blit, olgu selleks elutuba, magamistuba, kodukontor v\u00f5i hoopis k\u00fclalistetuba.<\/p>\n<p><strong>Miks osta tapeet siit? Tapeetimine pole kunagi nii lihtne olnud!<\/strong><\/p>\n<ul>\n<li>Nummerdatud tapeedipaanid<\/li>\n<li>Just nii pikad tapeedipaanid, kui on Sinu sein<\/li>\n<li>Premium, matt fliistapeedi materjal<\/li>\n<li>M\u00fcrgivabad tr\u00fckiv\u00e4rvid, Greenguard sertifitseeritud<\/li>\n<li>Keskkonnas\u00f5bralik, j\u00e4\u00e4tmevaba tapeetimine<\/li>\n<li>Tasuta tapeediliim<\/li>\n<li>Tasuta transport ja kiire tarne 5 t\u00f6\u00f6p\u00e4evaga<\/li>\n<\/ul>\n<p>Loe l\u00e4hemalt nutikatest, eritellimust\u00f6\u00f6na valmivatest tapeetidest\u00a0<a href=\"https:\/\/baubauwall.com\/et\/keskkonnasobralikud-tapeedid\/\">siit.<\/a>\u00a0Piilu ka\u00a0<a href=\"https:\/\/baubauwall.com\/et\/ideed\/let-the-homes-do-the-talking\/\">klientide tapeete nende kodudes meie galeriis!<\/a><\/p>\n<p>&nbsp;<\/p>\n","protected":false},"excerpt":{"rendered":"<p>Valge marmori efektiga pilttapeet. Tapeedil on kaunis halli-valgekirju marmori mustri abstraktne p\u00f6\u00f6rlemine, just nagu looduses. Marmorist inspireeritud pilttapeet loob sinu kodus stiilse ja rafineeritud interj\u00f6\u00f6ri. See elegantne pilttapeet on inspireeritud naturaalse marmori rahulikust pinnast ning hoiab Su kodu seinad loomuliku ja puhtana. Marmori efektiga tapeet on hea valik eksponeerimaks interj\u00f6\u00f6ris julget disainm\u00f6\u00f6blit, olgu selleks elutuba, [&hellip;]<\/p>\n","protected":false},"featured_media":7003,"comment_status":"open","ping_status":"closed","template":"","meta":{"_acf_changed":false,"inline_featured_image":false},"product_brand":[],"product_cat":[387,406,272,273,410,413,414,415,399,402,230],"product_tag":[314,341,345,719],"class_list":{"0":"post-7017","1":"product","2":"type-product","3":"status-publish","4":"has-post-thumbnail","6":"product_cat-pilttapeedid","7":"product_cat-klassika","8":"product_cat-hallid-tapeedid","9":"product_cat-heledad-tapeedid","10":"product_cat-valge-tapeedid","11":"product_cat-magamistoa-tapeedid","12":"product_cat-soogitoa-tapeedid","13":"product_cat-kulalistetoa-tapeedid","14":"product_cat-kodukontori-tapeedid","15":"product_cat-elutoa-tapeedid","16":"product_cat-marmor","17":"product_tag-faux-surface-et","18":"product_tag-marmor","19":"product_tag-pilttapeet","20":"product_tag-vaikne-luksus","22":"first","23":"instock","24":"taxable","25":"shipping-taxable","26":"purchasable","27":"product-type-simple"},"acf":[],"yoast_head":"<!-- This site is optimized with the Yoast SEO plugin v25.9 - https:\/\/yoast.com\/wordpress\/plugins\/seo\/ -->\n<title>Marmori efektiga tapeet. Sinu seina m\u00f5\u00f5tu l\u00f5igatud tapeedid.<\/title>\n<meta name=\"description\" content=\"Elegantne marmori efektiga tapeet sinu koju. Pilttapeet, mis on t\u00e4pselt nagu looduslik marmor. R\u00e4tsepat\u00f6\u00f6na valmivad tapeedid.\" \/>\n<meta name=\"robots\" content=\"index, follow, max-snippet:-1, max-image-preview:large, max-video-preview:-1\" \/>\n<link rel=\"canonical\" href=\"https:\/\/baubauwall.com\/et\/toode\/marmoriringid-pilttapeet\/\" \/>\n<meta property=\"og:locale\" content=\"et_EE\" \/>\n<meta property=\"og:type\" content=\"article\" \/>\n<meta property=\"og:title\" content=\"Marmori efektiga tapeet. Sinu seina m\u00f5\u00f5tu l\u00f5igatud tapeedid.\" \/>\n<meta property=\"og:description\" content=\"Elegantne marmori efektiga tapeet sinu koju. Pilttapeet, mis on t\u00e4pselt nagu looduslik marmor. R\u00e4tsepat\u00f6\u00f6na valmivad tapeedid.\" \/>\n<meta property=\"og:url\" content=\"https:\/\/baubauwall.com\/et\/toode\/marmoriringid-pilttapeet\/\" \/>\n<meta property=\"og:site_name\" content=\"BAUBAUWALL Wallpapers\" \/>\n<meta property=\"article:publisher\" content=\"https:\/\/www.facebook.com\/Baubauwall\" \/>\n<meta property=\"article:modified_time\" content=\"2025-11-28T19:19:54+00:00\" \/>\n<meta property=\"og:image\" content=\"https:\/\/baubauwall.com\/wp-content\/uploads\/2022\/03\/51200051_SwirlyMarble_Baubauwall_Wallmural_room8-2.jpg\" \/>\n\t<meta property=\"og:image:width\" content=\"800\" \/>\n\t<meta property=\"og:image:height\" content=\"800\" \/>\n\t<meta property=\"og:image:type\" content=\"image\/jpeg\" \/>\n<meta name=\"twitter:card\" content=\"summary_large_image\" \/>\n<meta name=\"twitter:label1\" content=\"Est. reading time\" \/>\n\t<meta name=\"twitter:data1\" content=\"1 minut\" \/>\n<script type=\"application\/ld+json\" class=\"yoast-schema-graph\">{\"@context\":\"https:\/\/schema.org\",\"@graph\":[{\"@type\":\"WebPage\",\"@id\":\"https:\/\/baubauwall.com\/et\/toode\/marmoriringid-pilttapeet\/\",\"url\":\"https:\/\/baubauwall.com\/et\/toode\/marmoriringid-pilttapeet\/\",\"name\":\"Marmori efektiga tapeet. Sinu seina m\u00f5\u00f5tu l\u00f5igatud tapeedid.\",\"isPartOf\":{\"@id\":\"https:\/\/baubauwall.com\/et\/#website\"},\"primaryImageOfPage\":{\"@id\":\"https:\/\/baubauwall.com\/et\/toode\/marmoriringid-pilttapeet\/#primaryimage\"},\"image\":{\"@id\":\"https:\/\/baubauwall.com\/et\/toode\/marmoriringid-pilttapeet\/#primaryimage\"},\"thumbnailUrl\":\"https:\/\/baubauwall.com\/wp-content\/uploads\/2022\/03\/51200051_SwirlyMarble_Baubauwall_Wallmural_room8-2.jpg\",\"datePublished\":\"2022-03-03T07:18:06+00:00\",\"dateModified\":\"2025-11-28T19:19:54+00:00\",\"description\":\"Elegantne marmori efektiga tapeet sinu koju. Pilttapeet, mis on t\u00e4pselt nagu looduslik marmor. R\u00e4tsepat\u00f6\u00f6na valmivad tapeedid.\",\"breadcrumb\":{\"@id\":\"https:\/\/baubauwall.com\/et\/toode\/marmoriringid-pilttapeet\/#breadcrumb\"},\"inLanguage\":\"et\",\"potentialAction\":[{\"@type\":\"ReadAction\",\"target\":[\"https:\/\/baubauwall.com\/et\/toode\/marmoriringid-pilttapeet\/\"]}]},{\"@type\":\"ImageObject\",\"inLanguage\":\"et\",\"@id\":\"https:\/\/baubauwall.com\/et\/toode\/marmoriringid-pilttapeet\/#primaryimage\",\"url\":\"https:\/\/baubauwall.com\/wp-content\/uploads\/2022\/03\/51200051_SwirlyMarble_Baubauwall_Wallmural_room8-2.jpg\",\"contentUrl\":\"https:\/\/baubauwall.com\/wp-content\/uploads\/2022\/03\/51200051_SwirlyMarble_Baubauwall_Wallmural_room8-2.jpg\",\"width\":800,\"height\":800,\"caption\":\"Elegantne marmortapeet heledas s\u00f6\u00f6gitoas. Baubauwall tapeedid\"},{\"@type\":\"BreadcrumbList\",\"@id\":\"https:\/\/baubauwall.com\/et\/toode\/marmoriringid-pilttapeet\/#breadcrumb\",\"itemListElement\":[{\"@type\":\"ListItem\",\"position\":1,\"name\":\"Koju\",\"item\":\"https:\/\/baubauwall.com\/et\/\"},{\"@type\":\"ListItem\",\"position\":2,\"name\":\"Tapeedid\",\"item\":\"https:\/\/baubauwall.com\/et\/tapeedid\/\"},{\"@type\":\"ListItem\",\"position\":3,\"name\":\"Marmoriringid\"}]},{\"@type\":\"WebSite\",\"@id\":\"https:\/\/baubauwall.com\/et\/#website\",\"url\":\"https:\/\/baubauwall.com\/et\/\",\"name\":\"BAUBAUWALL Wallpapers\",\"description\":\"Valmis paanides tapeet Eestist!\",\"publisher\":{\"@id\":\"https:\/\/baubauwall.com\/et\/#organization\"},\"potentialAction\":[{\"@type\":\"SearchAction\",\"target\":{\"@type\":\"EntryPoint\",\"urlTemplate\":\"https:\/\/baubauwall.com\/et\/?s={search_term_string}\"},\"query-input\":{\"@type\":\"PropertyValueSpecification\",\"valueRequired\":true,\"valueName\":\"search_term_string\"}}],\"inLanguage\":\"et\"},{\"@type\":\"Organization\",\"@id\":\"https:\/\/baubauwall.com\/et\/#organization\",\"name\":\"BAUBAUWALL Wallpapers\",\"url\":\"https:\/\/baubauwall.com\/et\/\",\"logo\":{\"@type\":\"ImageObject\",\"inLanguage\":\"et\",\"@id\":\"https:\/\/baubauwall.com\/et\/#\/schema\/logo\/image\/\",\"url\":\"https:\/\/baubauwall.com\/wp-content\/uploads\/2022\/03\/logo-horizontal.svg\",\"contentUrl\":\"https:\/\/baubauwall.com\/wp-content\/uploads\/2022\/03\/logo-horizontal.svg\",\"width\":\"1024\",\"height\":\"1024\",\"caption\":\"BAUBAUWALL Wallpapers\"},\"image\":{\"@id\":\"https:\/\/baubauwall.com\/et\/#\/schema\/logo\/image\/\"},\"sameAs\":[\"https:\/\/www.facebook.com\/Baubauwall\",\"https:\/\/www.instagram.com\/baubauwall\"]}]}<\/script>\n<!-- \/ Yoast SEO plugin. -->","yoast_head_json":{"title":"Marmori efektiga tapeet. Sinu seina m\u00f5\u00f5tu l\u00f5igatud tapeedid.","description":"Elegantne marmori efektiga tapeet sinu koju. Pilttapeet, mis on t\u00e4pselt nagu looduslik marmor. R\u00e4tsepat\u00f6\u00f6na valmivad tapeedid.","robots":{"index":"index","follow":"follow","max-snippet":"max-snippet:-1","max-image-preview":"max-image-preview:large","max-video-preview":"max-video-preview:-1"},"canonical":"https:\/\/baubauwall.com\/et\/toode\/marmoriringid-pilttapeet\/","og_locale":"et_EE","og_type":"article","og_title":"Marmori efektiga tapeet. Sinu seina m\u00f5\u00f5tu l\u00f5igatud tapeedid.","og_description":"Elegantne marmori efektiga tapeet sinu koju. Pilttapeet, mis on t\u00e4pselt nagu looduslik marmor. R\u00e4tsepat\u00f6\u00f6na valmivad tapeedid.","og_url":"https:\/\/baubauwall.com\/et\/toode\/marmoriringid-pilttapeet\/","og_site_name":"BAUBAUWALL Wallpapers","article_publisher":"https:\/\/www.facebook.com\/Baubauwall","article_modified_time":"2025-11-28T19:19:54+00:00","og_image":[{"width":800,"height":800,"url":"https:\/\/baubauwall.com\/wp-content\/uploads\/2022\/03\/51200051_SwirlyMarble_Baubauwall_Wallmural_room8-2.jpg","type":"image\/jpeg"}],"twitter_card":"summary_large_image","twitter_misc":{"Est. reading time":"1 minut"},"schema":{"@context":"https:\/\/schema.org","@graph":[{"@type":"WebPage","@id":"https:\/\/baubauwall.com\/et\/toode\/marmoriringid-pilttapeet\/","url":"https:\/\/baubauwall.com\/et\/toode\/marmoriringid-pilttapeet\/","name":"Marmori efektiga tapeet. Sinu seina m\u00f5\u00f5tu l\u00f5igatud tapeedid.","isPartOf":{"@id":"https:\/\/baubauwall.com\/et\/#website"},"primaryImageOfPage":{"@id":"https:\/\/baubauwall.com\/et\/toode\/marmoriringid-pilttapeet\/#primaryimage"},"image":{"@id":"https:\/\/baubauwall.com\/et\/toode\/marmoriringid-pilttapeet\/#primaryimage"},"thumbnailUrl":"https:\/\/baubauwall.com\/wp-content\/uploads\/2022\/03\/51200051_SwirlyMarble_Baubauwall_Wallmural_room8-2.jpg","datePublished":"2022-03-03T07:18:06+00:00","dateModified":"2025-11-28T19:19:54+00:00","description":"Elegantne marmori efektiga tapeet sinu koju. Pilttapeet, mis on t\u00e4pselt nagu looduslik marmor. R\u00e4tsepat\u00f6\u00f6na valmivad tapeedid.","breadcrumb":{"@id":"https:\/\/baubauwall.com\/et\/toode\/marmoriringid-pilttapeet\/#breadcrumb"},"inLanguage":"et","potentialAction":[{"@type":"ReadAction","target":["https:\/\/baubauwall.com\/et\/toode\/marmoriringid-pilttapeet\/"]}]},{"@type":"ImageObject","inLanguage":"et","@id":"https:\/\/baubauwall.com\/et\/toode\/marmoriringid-pilttapeet\/#primaryimage","url":"https:\/\/baubauwall.com\/wp-content\/uploads\/2022\/03\/51200051_SwirlyMarble_Baubauwall_Wallmural_room8-2.jpg","contentUrl":"https:\/\/baubauwall.com\/wp-content\/uploads\/2022\/03\/51200051_SwirlyMarble_Baubauwall_Wallmural_room8-2.jpg","width":800,"height":800,"caption":"Elegantne marmortapeet heledas s\u00f6\u00f6gitoas. Baubauwall tapeedid"},{"@type":"BreadcrumbList","@id":"https:\/\/baubauwall.com\/et\/toode\/marmoriringid-pilttapeet\/#breadcrumb","itemListElement":[{"@type":"ListItem","position":1,"name":"Koju","item":"https:\/\/baubauwall.com\/et\/"},{"@type":"ListItem","position":2,"name":"Tapeedid","item":"https:\/\/baubauwall.com\/et\/tapeedid\/"},{"@type":"ListItem","position":3,"name":"Marmoriringid"}]},{"@type":"WebSite","@id":"https:\/\/baubauwall.com\/et\/#website","url":"https:\/\/baubauwall.com\/et\/","name":"BAUBAUWALL Wallpapers","description":"Valmis paanides tapeet Eestist!","publisher":{"@id":"https:\/\/baubauwall.com\/et\/#organization"},"potentialAction":[{"@type":"SearchAction","target":{"@type":"EntryPoint","urlTemplate":"https:\/\/baubauwall.com\/et\/?s={search_term_string}"},"query-input":{"@type":"PropertyValueSpecification","valueRequired":true,"valueName":"search_term_string"}}],"inLanguage":"et"},{"@type":"Organization","@id":"https:\/\/baubauwall.com\/et\/#organization","name":"BAUBAUWALL Wallpapers","url":"https:\/\/baubauwall.com\/et\/","logo":{"@type":"ImageObject","inLanguage":"et","@id":"https:\/\/baubauwall.com\/et\/#\/schema\/logo\/image\/","url":"https:\/\/baubauwall.com\/wp-content\/uploads\/2022\/03\/logo-horizontal.svg","contentUrl":"https:\/\/baubauwall.com\/wp-content\/uploads\/2022\/03\/logo-horizontal.svg","width":"1024","height":"1024","caption":"BAUBAUWALL Wallpapers"},"image":{"@id":"https:\/\/baubauwall.com\/et\/#\/schema\/logo\/image\/"},"sameAs":["https:\/\/www.facebook.com\/Baubauwall","https:\/\/www.instagram.com\/baubauwall"]}]}},"jetpack_sharing_enabled":true,"_links":{"self":[{"href":"https:\/\/baubauwall.com\/et\/wp-json\/wp\/v2\/product\/7017","targetHints":{"allow":["GET"]}}],"collection":[{"href":"https:\/\/baubauwall.com\/et\/wp-json\/wp\/v2\/product"}],"about":[{"href":"https:\/\/baubauwall.com\/et\/wp-json\/wp\/v2\/types\/product"}],"replies":[{"embeddable":true,"href":"https:\/\/baubauwall.com\/et\/wp-json\/wp\/v2\/comments?post=7017"}],"wp:featuredmedia":[{"embeddable":true,"href":"https:\/\/baubauwall.com\/et\/wp-json\/wp\/v2\/media\/7003"}],"wp:attachment":[{"href":"https:\/\/baubauwall.com\/et\/wp-json\/wp\/v2\/media?parent=7017"}],"wp:term":[{"taxonomy":"product_brand","embeddable":true,"href":"https:\/\/baubauwall.com\/et\/wp-json\/wp\/v2\/product_brand?post=7017"},{"taxonomy":"product_cat","embeddable":true,"href":"https:\/\/baubauwall.com\/et\/wp-json\/wp\/v2\/product_cat?post=7017"},{"taxonomy":"product_tag","embeddable":true,"href":"https:\/\/baubauwall.com\/et\/wp-json\/wp\/v2\/product_tag?post=7017"}],"curies":[{"name":"wp","href":"https:\/\/api.w.org\/{rel}","templated":true}]}}