{"id":7074,"date":"2022-03-24T08:56:13","date_gmt":"2022-03-24T06:56:13","guid":{"rendered":"https:\/\/baubauwall.com\/product\/lovely-lamas-wallpaper\/"},"modified":"2022-05-18T09:54:48","modified_gmt":"2022-05-18T07:54:48","slug":"laamad-tapeet","status":"publish","type":"product","link":"https:\/\/baubauwall.com\/et\/toode\/laamad-tapeet\/","title":{"rendered":"R\u00f5\u00f5msad laamad"},"content":{"rendered":"<p>Lase pere pisikeste kujutlusv\u00f5imetel r\u00e4nnata avastusretkele L\u00f5una-Ameerikasse! Just seal elutsevad pehmemast pehme karvaga laamad. R\u00f5\u00f5msameelne tapeedivalik sinu lapse tuppa \u2013 armsad laamad kreemikal taustal. Miks mitte lasta oma lapsel panna uutele parimatele s\u00f5pradele nimed v\u00f5i need kokku lugeda \u00f5htul enne uinumist? Tapeedil olevad l\u00f5busad laamad valvavad Sinu k\u00f5ige kallimate und.<\/p>\n<p>Tr\u00fckitud keskkonnas\u00f5bralike v\u00e4rvidega ja hingavale, fliistapeedi materjalile.<\/p>\n","protected":false},"excerpt":{"rendered":"<p>Lase pere pisikeste kujutlusv\u00f5imetel r\u00e4nnata avastusretkele L\u00f5una-Ameerikasse! Just seal elutsevad pehmemast pehme karvaga laamad. R\u00f5\u00f5msameelne tapeedivalik sinu lapse tuppa \u2013 armsad laamad kreemikal taustal. Miks mitte lasta oma lapsel panna uutele parimatele s\u00f5pradele nimed v\u00f5i need kokku lugeda \u00f5htul enne uinumist? Tapeedil olevad l\u00f5busad laamad valvavad Sinu k\u00f5ige kallimate und. Tr\u00fckitud keskkonnas\u00f5bralike v\u00e4rvidega ja hingavale, [&hellip;]<\/p>\n","protected":false},"featured_media":7063,"comment_status":"open","ping_status":"closed","template":"","meta":{"_acf_changed":false,"inline_featured_image":false},"product_brand":[],"product_cat":[386,395,265,278,400,255],"product_tag":[349,324],"class_list":{"0":"post-7074","1":"product","2":"type-product","3":"status-publish","4":"has-post-thumbnail","6":"product_cat-kordusmustriga-tapeedid","7":"product_cat-romantiline","8":"product_cat-beezid-tapeedid","9":"product_cat-roosad-tapeedid","10":"product_cat-lastetoa-tapeedid","11":"product_cat-loomad","12":"product_tag-beebituba","13":"product_tag-tudruku-tuba","14":"pa_designedby-baubauwall","16":"first","17":"instock","18":"taxable","19":"shipping-taxable","20":"purchasable","21":"product-type-simple"},"acf":[],"yoast_head":"<!-- This site is optimized with the Yoast SEO plugin v25.9 - https:\/\/yoast.com\/wordpress\/plugins\/seo\/ -->\n<title>Pehmed laamad bee\u017eil - lastetoa tapeet<\/title>\n<meta name=\"description\" content=\"Sinu seina m\u00f5\u00f5tu l\u00f5igatud valmis tapeedipaanid. Lastetoa armas tapeet laamade ja s\u00fcdametega. R\u00e4tsepat\u00f6\u00f6na valmivad pilttapeedid ja disainid.\" \/>\n<meta name=\"robots\" content=\"index, follow, max-snippet:-1, max-image-preview:large, max-video-preview:-1\" \/>\n<link rel=\"canonical\" href=\"https:\/\/baubauwall.com\/et\/toode\/laamad-tapeet\/\" \/>\n<meta property=\"og:locale\" content=\"et_EE\" \/>\n<meta property=\"og:type\" content=\"article\" \/>\n<meta property=\"og:title\" content=\"Pehmed laamad bee\u017eil - lastetoa tapeet\" \/>\n<meta property=\"og:description\" content=\"Sinu seina m\u00f5\u00f5tu l\u00f5igatud valmis tapeedipaanid. Lastetoa armas tapeet laamade ja s\u00fcdametega. R\u00e4tsepat\u00f6\u00f6na valmivad pilttapeedid ja disainid.\" \/>\n<meta property=\"og:url\" content=\"https:\/\/baubauwall.com\/et\/toode\/laamad-tapeet\/\" \/>\n<meta property=\"og:site_name\" content=\"BAUBAUWALL TAPEEDID\" \/>\n<meta property=\"article:publisher\" content=\"https:\/\/www.facebook.com\/Baubauwall\" \/>\n<meta property=\"article:modified_time\" content=\"2022-05-18T07:54:48+00:00\" \/>\n<meta property=\"og:image\" content=\"https:\/\/baubauwall.com\/wp-content\/uploads\/2022\/03\/51100170_LovelyLamas_Baubauwall_Wallpaper_room1.jpg\" \/>\n\t<meta property=\"og:image:width\" content=\"1600\" \/>\n\t<meta property=\"og:image:height\" content=\"800\" \/>\n\t<meta property=\"og:image:type\" content=\"image\/jpeg\" \/>\n<meta name=\"twitter:card\" content=\"summary_large_image\" \/>\n<meta name=\"twitter:label1\" content=\"Est. reading time\" \/>\n\t<meta name=\"twitter:data1\" content=\"1 minut\" \/>\n<script type=\"application\/ld+json\" class=\"yoast-schema-graph\">{\"@context\":\"https:\/\/schema.org\",\"@graph\":[{\"@type\":\"WebPage\",\"@id\":\"https:\/\/baubauwall.com\/et\/toode\/laamad-tapeet\/\",\"url\":\"https:\/\/baubauwall.com\/et\/toode\/laamad-tapeet\/\",\"name\":\"Pehmed laamad bee\u017eil - lastetoa tapeet\",\"isPartOf\":{\"@id\":\"https:\/\/baubauwall.com\/et\/#website\"},\"primaryImageOfPage\":{\"@id\":\"https:\/\/baubauwall.com\/et\/toode\/laamad-tapeet\/#primaryimage\"},\"image\":{\"@id\":\"https:\/\/baubauwall.com\/et\/toode\/laamad-tapeet\/#primaryimage\"},\"thumbnailUrl\":\"https:\/\/baubauwall.com\/wp-content\/uploads\/2022\/03\/51100170_LovelyLamas_Baubauwall_Wallpaper_room1.jpg\",\"datePublished\":\"2022-03-24T06:56:13+00:00\",\"dateModified\":\"2022-05-18T07:54:48+00:00\",\"description\":\"Sinu seina m\u00f5\u00f5tu l\u00f5igatud valmis tapeedipaanid. Lastetoa armas tapeet laamade ja s\u00fcdametega. R\u00e4tsepat\u00f6\u00f6na valmivad pilttapeedid ja disainid.\",\"breadcrumb\":{\"@id\":\"https:\/\/baubauwall.com\/et\/toode\/laamad-tapeet\/#breadcrumb\"},\"inLanguage\":\"et\",\"potentialAction\":[{\"@type\":\"ReadAction\",\"target\":[\"https:\/\/baubauwall.com\/et\/toode\/laamad-tapeet\/\"]}]},{\"@type\":\"ImageObject\",\"inLanguage\":\"et\",\"@id\":\"https:\/\/baubauwall.com\/et\/toode\/laamad-tapeet\/#primaryimage\",\"url\":\"https:\/\/baubauwall.com\/wp-content\/uploads\/2022\/03\/51100170_LovelyLamas_Baubauwall_Wallpaper_room1.jpg\",\"contentUrl\":\"https:\/\/baubauwall.com\/wp-content\/uploads\/2022\/03\/51100170_LovelyLamas_Baubauwall_Wallpaper_room1.jpg\",\"width\":1600,\"height\":800},{\"@type\":\"BreadcrumbList\",\"@id\":\"https:\/\/baubauwall.com\/et\/toode\/laamad-tapeet\/#breadcrumb\",\"itemListElement\":[{\"@type\":\"ListItem\",\"position\":1,\"name\":\"Koju\",\"item\":\"https:\/\/baubauwall.com\/et\/\"},{\"@type\":\"ListItem\",\"position\":2,\"name\":\"Tapeedid\",\"item\":\"https:\/\/baubauwall.com\/et\/tapeedid\/\"},{\"@type\":\"ListItem\",\"position\":3,\"name\":\"R\u00f5\u00f5msad laamad\"}]},{\"@type\":\"WebSite\",\"@id\":\"https:\/\/baubauwall.com\/et\/#website\",\"url\":\"https:\/\/baubauwall.com\/et\/\",\"name\":\"BAUBAUWALL Wallpapers\",\"description\":\"Valmis paanides tapeet Eestist!\",\"publisher\":{\"@id\":\"https:\/\/baubauwall.com\/et\/#organization\"},\"potentialAction\":[{\"@type\":\"SearchAction\",\"target\":{\"@type\":\"EntryPoint\",\"urlTemplate\":\"https:\/\/baubauwall.com\/et\/?s={search_term_string}\"},\"query-input\":{\"@type\":\"PropertyValueSpecification\",\"valueRequired\":true,\"valueName\":\"search_term_string\"}}],\"inLanguage\":\"et\"},{\"@type\":\"Organization\",\"@id\":\"https:\/\/baubauwall.com\/et\/#organization\",\"name\":\"BAUBAUWALL Wallpapers\",\"url\":\"https:\/\/baubauwall.com\/et\/\",\"logo\":{\"@type\":\"ImageObject\",\"inLanguage\":\"et\",\"@id\":\"https:\/\/baubauwall.com\/et\/#\/schema\/logo\/image\/\",\"url\":\"https:\/\/baubauwall.com\/wp-content\/uploads\/2022\/03\/logo-horizontal.svg\",\"contentUrl\":\"https:\/\/baubauwall.com\/wp-content\/uploads\/2022\/03\/logo-horizontal.svg\",\"width\":\"1024\",\"height\":\"1024\",\"caption\":\"BAUBAUWALL Wallpapers\"},\"image\":{\"@id\":\"https:\/\/baubauwall.com\/et\/#\/schema\/logo\/image\/\"},\"sameAs\":[\"https:\/\/www.facebook.com\/Baubauwall\",\"https:\/\/www.instagram.com\/baubauwall\"]}]}<\/script>\n<!-- \/ Yoast SEO plugin. -->","yoast_head_json":{"title":"Pehmed laamad bee\u017eil - lastetoa tapeet","description":"Sinu seina m\u00f5\u00f5tu l\u00f5igatud valmis tapeedipaanid. Lastetoa armas tapeet laamade ja s\u00fcdametega. R\u00e4tsepat\u00f6\u00f6na valmivad pilttapeedid ja disainid.","robots":{"index":"index","follow":"follow","max-snippet":"max-snippet:-1","max-image-preview":"max-image-preview:large","max-video-preview":"max-video-preview:-1"},"canonical":"https:\/\/baubauwall.com\/et\/toode\/laamad-tapeet\/","og_locale":"et_EE","og_type":"article","og_title":"Pehmed laamad bee\u017eil - lastetoa tapeet","og_description":"Sinu seina m\u00f5\u00f5tu l\u00f5igatud valmis tapeedipaanid. Lastetoa armas tapeet laamade ja s\u00fcdametega. R\u00e4tsepat\u00f6\u00f6na valmivad pilttapeedid ja disainid.","og_url":"https:\/\/baubauwall.com\/et\/toode\/laamad-tapeet\/","og_site_name":"BAUBAUWALL TAPEEDID","article_publisher":"https:\/\/www.facebook.com\/Baubauwall","article_modified_time":"2022-05-18T07:54:48+00:00","og_image":[{"width":1600,"height":800,"url":"https:\/\/baubauwall.com\/wp-content\/uploads\/2022\/03\/51100170_LovelyLamas_Baubauwall_Wallpaper_room1.jpg","type":"image\/jpeg"}],"twitter_card":"summary_large_image","twitter_misc":{"Est. reading time":"1 minut"},"schema":{"@context":"https:\/\/schema.org","@graph":[{"@type":"WebPage","@id":"https:\/\/baubauwall.com\/et\/toode\/laamad-tapeet\/","url":"https:\/\/baubauwall.com\/et\/toode\/laamad-tapeet\/","name":"Pehmed laamad bee\u017eil - lastetoa tapeet","isPartOf":{"@id":"https:\/\/baubauwall.com\/et\/#website"},"primaryImageOfPage":{"@id":"https:\/\/baubauwall.com\/et\/toode\/laamad-tapeet\/#primaryimage"},"image":{"@id":"https:\/\/baubauwall.com\/et\/toode\/laamad-tapeet\/#primaryimage"},"thumbnailUrl":"https:\/\/baubauwall.com\/wp-content\/uploads\/2022\/03\/51100170_LovelyLamas_Baubauwall_Wallpaper_room1.jpg","datePublished":"2022-03-24T06:56:13+00:00","dateModified":"2022-05-18T07:54:48+00:00","description":"Sinu seina m\u00f5\u00f5tu l\u00f5igatud valmis tapeedipaanid. Lastetoa armas tapeet laamade ja s\u00fcdametega. R\u00e4tsepat\u00f6\u00f6na valmivad pilttapeedid ja disainid.","breadcrumb":{"@id":"https:\/\/baubauwall.com\/et\/toode\/laamad-tapeet\/#breadcrumb"},"inLanguage":"et","potentialAction":[{"@type":"ReadAction","target":["https:\/\/baubauwall.com\/et\/toode\/laamad-tapeet\/"]}]},{"@type":"ImageObject","inLanguage":"et","@id":"https:\/\/baubauwall.com\/et\/toode\/laamad-tapeet\/#primaryimage","url":"https:\/\/baubauwall.com\/wp-content\/uploads\/2022\/03\/51100170_LovelyLamas_Baubauwall_Wallpaper_room1.jpg","contentUrl":"https:\/\/baubauwall.com\/wp-content\/uploads\/2022\/03\/51100170_LovelyLamas_Baubauwall_Wallpaper_room1.jpg","width":1600,"height":800},{"@type":"BreadcrumbList","@id":"https:\/\/baubauwall.com\/et\/toode\/laamad-tapeet\/#breadcrumb","itemListElement":[{"@type":"ListItem","position":1,"name":"Koju","item":"https:\/\/baubauwall.com\/et\/"},{"@type":"ListItem","position":2,"name":"Tapeedid","item":"https:\/\/baubauwall.com\/et\/tapeedid\/"},{"@type":"ListItem","position":3,"name":"R\u00f5\u00f5msad laamad"}]},{"@type":"WebSite","@id":"https:\/\/baubauwall.com\/et\/#website","url":"https:\/\/baubauwall.com\/et\/","name":"BAUBAUWALL Wallpapers","description":"Valmis paanides tapeet Eestist!","publisher":{"@id":"https:\/\/baubauwall.com\/et\/#organization"},"potentialAction":[{"@type":"SearchAction","target":{"@type":"EntryPoint","urlTemplate":"https:\/\/baubauwall.com\/et\/?s={search_term_string}"},"query-input":{"@type":"PropertyValueSpecification","valueRequired":true,"valueName":"search_term_string"}}],"inLanguage":"et"},{"@type":"Organization","@id":"https:\/\/baubauwall.com\/et\/#organization","name":"BAUBAUWALL Wallpapers","url":"https:\/\/baubauwall.com\/et\/","logo":{"@type":"ImageObject","inLanguage":"et","@id":"https:\/\/baubauwall.com\/et\/#\/schema\/logo\/image\/","url":"https:\/\/baubauwall.com\/wp-content\/uploads\/2022\/03\/logo-horizontal.svg","contentUrl":"https:\/\/baubauwall.com\/wp-content\/uploads\/2022\/03\/logo-horizontal.svg","width":"1024","height":"1024","caption":"BAUBAUWALL Wallpapers"},"image":{"@id":"https:\/\/baubauwall.com\/et\/#\/schema\/logo\/image\/"},"sameAs":["https:\/\/www.facebook.com\/Baubauwall","https:\/\/www.instagram.com\/baubauwall"]}]}},"jetpack_sharing_enabled":true,"_links":{"self":[{"href":"https:\/\/baubauwall.com\/et\/wp-json\/wp\/v2\/product\/7074","targetHints":{"allow":["GET"]}}],"collection":[{"href":"https:\/\/baubauwall.com\/et\/wp-json\/wp\/v2\/product"}],"about":[{"href":"https:\/\/baubauwall.com\/et\/wp-json\/wp\/v2\/types\/product"}],"replies":[{"embeddable":true,"href":"https:\/\/baubauwall.com\/et\/wp-json\/wp\/v2\/comments?post=7074"}],"wp:featuredmedia":[{"embeddable":true,"href":"https:\/\/baubauwall.com\/et\/wp-json\/wp\/v2\/media\/7063"}],"wp:attachment":[{"href":"https:\/\/baubauwall.com\/et\/wp-json\/wp\/v2\/media?parent=7074"}],"wp:term":[{"taxonomy":"product_brand","embeddable":true,"href":"https:\/\/baubauwall.com\/et\/wp-json\/wp\/v2\/product_brand?post=7074"},{"taxonomy":"product_cat","embeddable":true,"href":"https:\/\/baubauwall.com\/et\/wp-json\/wp\/v2\/product_cat?post=7074"},{"taxonomy":"product_tag","embeddable":true,"href":"https:\/\/baubauwall.com\/et\/wp-json\/wp\/v2\/product_tag?post=7074"}],"curies":[{"name":"wp","href":"https:\/\/api.w.org\/{rel}","templated":true}]}}