{"id":7139,"date":"2022-03-03T09:18:07","date_gmt":"2022-03-03T07:18:07","guid":{"rendered":"https:\/\/baubauwall.com\/product\/watercolor-clouds-wallmural-petrol\/"},"modified":"2026-01-06T10:27:48","modified_gmt":"2026-01-06T08:27:48","slug":"watercolor-clouds-wallmural-petrol","status":"publish","type":"product","link":"https:\/\/baubauwall.com\/et\/toode\/watercolor-clouds-wallmural-petrol\/","title":{"rendered":"Vesiv\u00e4rvi pilved &#8211; petrooleumsinine"},"content":{"rendered":"<p>Ajatu vesiv\u00e4rvides helesinine pilttapeet, mis sobib kokku nii paljude interj\u00f6\u00f6ridega. Tapeedi disainil on kujutatud justkui vesiv\u00e4rvidega maalitud udupehmeid pilvi, millele v\u00f5iks lamama j\u00e4\u00e4dagi! Tapeedi mahedad toonid muudavad selle suurep\u00e4raseks valikuks vannituppa, k\u00fclalistetuppa, esikusse, elutuppa v\u00f5i noormehe tuppa. Seda tapeeti on v\u00f5imalik \u00fchendada ka samas toonis kordusmustritega.<\/p>\n<p>Pilttapeet Vesiv\u00e4rvi pilved on meil olemas ka roosa ja helesinises toonis.<\/p>\n<p><strong>Miks valida pilttapeet Baubauwallist? Sest me teeme tapeedi valimise, ostmise ja paigalduse lihtsaks.\u00a0<\/strong><\/p>\n<ul>\n<li>Eesti ettev\u00f5te<\/li>\n<li>Tr\u00fckime t\u00e4pselt Sinu seina m\u00f5\u00f5dus tapeedi<\/li>\n<li>Just nii pikad tapeedipaanid, kui on Sinu sein<\/li>\n<li>Premium, matt fliistapeedi materjal, 100% taaskasutatud kiust<\/li>\n<li>M\u00fcrgivabad tr\u00fckiv\u00e4rvid, Greenguard sertifitseeritud<\/li>\n<li>Keskkonnas\u00f5bralik, j\u00e4\u00e4tmevaba tapeetimine<\/li>\n<li>Tasuta tapeediliim<\/li>\n<li>Tasuta transport ja kiire tarne 5 t\u00f6\u00f6p\u00e4evaga<\/li>\n<\/ul>\n<p>Loe l\u00e4hemalt nutikatest, eritellimust\u00f6\u00f6na valmivatest tapeetidest\u00a0<a href=\"https:\/\/baubauwall.com\/et\/keskkonnasobralikud-tapeedid\/\">siit.<\/a><\/p>\n","protected":false},"excerpt":{"rendered":"<p>Ajatu vesiv\u00e4rvides helesinine pilttapeet, mis sobib kokku nii paljude interj\u00f6\u00f6ridega. Tapeedi disainil on kujutatud justkui vesiv\u00e4rvidega maalitud udupehmeid pilvi, millele v\u00f5iks lamama j\u00e4\u00e4dagi! Tapeedi mahedad toonid muudavad selle suurep\u00e4raseks valikuks vannituppa, k\u00fclalistetuppa, esikusse, elutuppa v\u00f5i noormehe tuppa. Seda tapeeti on v\u00f5imalik \u00fchendada ka samas toonis kordusmustritega. Pilttapeet Vesiv\u00e4rvi pilved on meil olemas ka roosa ja [&hellip;]<\/p>\n","protected":false},"featured_media":7120,"comment_status":"open","ping_status":"closed","template":"","meta":{"_acf_changed":false,"inline_featured_image":false},"product_brand":[],"product_cat":[387,404,267,277,413,414,415,402,412,583,465],"product_tag":[448,345,381],"class_list":{"0":"post-7139","1":"product","2":"type-product","3":"status-publish","4":"has-post-thumbnail","6":"product_cat-pilttapeedid","7":"product_cat-abstraktne","8":"product_cat-sinised-tapeedid","9":"product_cat-petrool-sinised-tapeedid","10":"product_cat-magamistoa-tapeedid","11":"product_cat-soogitoa-tapeedid","12":"product_cat-kulalistetoa-tapeedid","13":"product_cat-elutoa-tapeedid","14":"product_cat-vannitoa-tapeedid","15":"product_cat-vesivarv","16":"product_cat-taevas-ja-pilved","17":"product_tag-kunst-et","18":"product_tag-pilttapeet","19":"product_tag-vesivarv","21":"first","22":"instock","23":"taxable","24":"shipping-taxable","25":"purchasable","26":"product-type-simple"},"acf":[],"yoast_head":"<!-- This site is optimized with the Yoast SEO plugin v25.9 - https:\/\/yoast.com\/wordpress\/plugins\/seo\/ -->\n<title>Vesiv\u00e4rvi pilved - petrooleumsinine - BAUBAUWALL TAPEEDID<\/title>\n<meta name=\"description\" content=\"Vesiv\u00e4rvidega maalitud pilved tapeet, mille toon on seletametu petrol. Sinakas, roheline ja midagi vahepeal. Pilttapeet, mis sobib avalikku ruumi kui koju\" \/>\n<meta name=\"robots\" content=\"index, follow, max-snippet:-1, max-image-preview:large, max-video-preview:-1\" \/>\n<link rel=\"canonical\" href=\"https:\/\/baubauwall.com\/et\/toode\/watercolor-clouds-wallmural-petrol\/\" \/>\n<meta property=\"og:locale\" content=\"et_EE\" \/>\n<meta property=\"og:type\" content=\"article\" \/>\n<meta property=\"og:title\" content=\"Vesiv\u00e4rvi pilved - petrooleumsinine - BAUBAUWALL TAPEEDID\" \/>\n<meta property=\"og:description\" content=\"Vesiv\u00e4rvidega maalitud pilved tapeet, mille toon on seletametu petrol. Sinakas, roheline ja midagi vahepeal. Pilttapeet, mis sobib avalikku ruumi kui koju\" \/>\n<meta property=\"og:url\" content=\"https:\/\/baubauwall.com\/et\/toode\/watercolor-clouds-wallmural-petrol\/\" \/>\n<meta property=\"og:site_name\" content=\"BAUBAUWALL TAPEEDID\" \/>\n<meta property=\"article:publisher\" content=\"https:\/\/www.facebook.com\/Baubauwall\" \/>\n<meta property=\"article:modified_time\" content=\"2026-01-06T08:27:48+00:00\" \/>\n<meta property=\"og:image\" content=\"https:\/\/baubauwall.com\/wp-content\/uploads\/2022\/03\/51200055_WatercolorClouds-petrol_Baubauwall_Wallmural_room7-2.jpg\" \/>\n\t<meta property=\"og:image:width\" content=\"1203\" \/>\n\t<meta property=\"og:image:height\" content=\"800\" \/>\n\t<meta property=\"og:image:type\" content=\"image\/jpeg\" \/>\n<meta name=\"twitter:card\" content=\"summary_large_image\" \/>\n<meta name=\"twitter:label1\" content=\"Est. reading time\" \/>\n\t<meta name=\"twitter:data1\" content=\"1 minut\" \/>\n<script type=\"application\/ld+json\" class=\"yoast-schema-graph\">{\"@context\":\"https:\/\/schema.org\",\"@graph\":[{\"@type\":\"WebPage\",\"@id\":\"https:\/\/baubauwall.com\/et\/toode\/watercolor-clouds-wallmural-petrol\/\",\"url\":\"https:\/\/baubauwall.com\/et\/toode\/watercolor-clouds-wallmural-petrol\/\",\"name\":\"Vesiv\u00e4rvi pilved - petrooleumsinine - BAUBAUWALL TAPEEDID\",\"isPartOf\":{\"@id\":\"https:\/\/baubauwall.com\/et\/#website\"},\"primaryImageOfPage\":{\"@id\":\"https:\/\/baubauwall.com\/et\/toode\/watercolor-clouds-wallmural-petrol\/#primaryimage\"},\"image\":{\"@id\":\"https:\/\/baubauwall.com\/et\/toode\/watercolor-clouds-wallmural-petrol\/#primaryimage\"},\"thumbnailUrl\":\"https:\/\/baubauwall.com\/wp-content\/uploads\/2022\/03\/51200055_WatercolorClouds-petrol_Baubauwall_Wallmural_room7-2.jpg\",\"datePublished\":\"2022-03-03T07:18:07+00:00\",\"dateModified\":\"2026-01-06T08:27:48+00:00\",\"description\":\"Vesiv\u00e4rvidega maalitud pilved tapeet, mille toon on seletametu petrol. Sinakas, roheline ja midagi vahepeal. Pilttapeet, mis sobib avalikku ruumi kui koju\",\"breadcrumb\":{\"@id\":\"https:\/\/baubauwall.com\/et\/toode\/watercolor-clouds-wallmural-petrol\/#breadcrumb\"},\"inLanguage\":\"et\",\"potentialAction\":[{\"@type\":\"ReadAction\",\"target\":[\"https:\/\/baubauwall.com\/et\/toode\/watercolor-clouds-wallmural-petrol\/\"]}]},{\"@type\":\"ImageObject\",\"inLanguage\":\"et\",\"@id\":\"https:\/\/baubauwall.com\/et\/toode\/watercolor-clouds-wallmural-petrol\/#primaryimage\",\"url\":\"https:\/\/baubauwall.com\/wp-content\/uploads\/2022\/03\/51200055_WatercolorClouds-petrol_Baubauwall_Wallmural_room7-2.jpg\",\"contentUrl\":\"https:\/\/baubauwall.com\/wp-content\/uploads\/2022\/03\/51200055_WatercolorClouds-petrol_Baubauwall_Wallmural_room7-2.jpg\",\"width\":1203,\"height\":800},{\"@type\":\"BreadcrumbList\",\"@id\":\"https:\/\/baubauwall.com\/et\/toode\/watercolor-clouds-wallmural-petrol\/#breadcrumb\",\"itemListElement\":[{\"@type\":\"ListItem\",\"position\":1,\"name\":\"Koju\",\"item\":\"https:\/\/baubauwall.com\/et\/\"},{\"@type\":\"ListItem\",\"position\":2,\"name\":\"Tapeedid\",\"item\":\"https:\/\/baubauwall.com\/et\/tapeedid\/\"},{\"@type\":\"ListItem\",\"position\":3,\"name\":\"Vesiv\u00e4rvi pilved &#8211; petrooleumsinine\"}]},{\"@type\":\"WebSite\",\"@id\":\"https:\/\/baubauwall.com\/et\/#website\",\"url\":\"https:\/\/baubauwall.com\/et\/\",\"name\":\"BAUBAUWALL Wallpapers\",\"description\":\"Valmis paanides tapeet Eestist!\",\"publisher\":{\"@id\":\"https:\/\/baubauwall.com\/et\/#organization\"},\"potentialAction\":[{\"@type\":\"SearchAction\",\"target\":{\"@type\":\"EntryPoint\",\"urlTemplate\":\"https:\/\/baubauwall.com\/et\/?s={search_term_string}\"},\"query-input\":{\"@type\":\"PropertyValueSpecification\",\"valueRequired\":true,\"valueName\":\"search_term_string\"}}],\"inLanguage\":\"et\"},{\"@type\":\"Organization\",\"@id\":\"https:\/\/baubauwall.com\/et\/#organization\",\"name\":\"BAUBAUWALL Wallpapers\",\"url\":\"https:\/\/baubauwall.com\/et\/\",\"logo\":{\"@type\":\"ImageObject\",\"inLanguage\":\"et\",\"@id\":\"https:\/\/baubauwall.com\/et\/#\/schema\/logo\/image\/\",\"url\":\"https:\/\/baubauwall.com\/wp-content\/uploads\/2022\/03\/logo-horizontal.svg\",\"contentUrl\":\"https:\/\/baubauwall.com\/wp-content\/uploads\/2022\/03\/logo-horizontal.svg\",\"width\":\"1024\",\"height\":\"1024\",\"caption\":\"BAUBAUWALL Wallpapers\"},\"image\":{\"@id\":\"https:\/\/baubauwall.com\/et\/#\/schema\/logo\/image\/\"},\"sameAs\":[\"https:\/\/www.facebook.com\/Baubauwall\",\"https:\/\/www.instagram.com\/baubauwall\"]}]}<\/script>\n<!-- \/ Yoast SEO plugin. -->","yoast_head_json":{"title":"Vesiv\u00e4rvi pilved - petrooleumsinine - BAUBAUWALL TAPEEDID","description":"Vesiv\u00e4rvidega maalitud pilved tapeet, mille toon on seletametu petrol. Sinakas, roheline ja midagi vahepeal. Pilttapeet, mis sobib avalikku ruumi kui koju","robots":{"index":"index","follow":"follow","max-snippet":"max-snippet:-1","max-image-preview":"max-image-preview:large","max-video-preview":"max-video-preview:-1"},"canonical":"https:\/\/baubauwall.com\/et\/toode\/watercolor-clouds-wallmural-petrol\/","og_locale":"et_EE","og_type":"article","og_title":"Vesiv\u00e4rvi pilved - petrooleumsinine - BAUBAUWALL TAPEEDID","og_description":"Vesiv\u00e4rvidega maalitud pilved tapeet, mille toon on seletametu petrol. Sinakas, roheline ja midagi vahepeal. Pilttapeet, mis sobib avalikku ruumi kui koju","og_url":"https:\/\/baubauwall.com\/et\/toode\/watercolor-clouds-wallmural-petrol\/","og_site_name":"BAUBAUWALL TAPEEDID","article_publisher":"https:\/\/www.facebook.com\/Baubauwall","article_modified_time":"2026-01-06T08:27:48+00:00","og_image":[{"width":1203,"height":800,"url":"https:\/\/baubauwall.com\/wp-content\/uploads\/2022\/03\/51200055_WatercolorClouds-petrol_Baubauwall_Wallmural_room7-2.jpg","type":"image\/jpeg"}],"twitter_card":"summary_large_image","twitter_misc":{"Est. reading time":"1 minut"},"schema":{"@context":"https:\/\/schema.org","@graph":[{"@type":"WebPage","@id":"https:\/\/baubauwall.com\/et\/toode\/watercolor-clouds-wallmural-petrol\/","url":"https:\/\/baubauwall.com\/et\/toode\/watercolor-clouds-wallmural-petrol\/","name":"Vesiv\u00e4rvi pilved - petrooleumsinine - BAUBAUWALL TAPEEDID","isPartOf":{"@id":"https:\/\/baubauwall.com\/et\/#website"},"primaryImageOfPage":{"@id":"https:\/\/baubauwall.com\/et\/toode\/watercolor-clouds-wallmural-petrol\/#primaryimage"},"image":{"@id":"https:\/\/baubauwall.com\/et\/toode\/watercolor-clouds-wallmural-petrol\/#primaryimage"},"thumbnailUrl":"https:\/\/baubauwall.com\/wp-content\/uploads\/2022\/03\/51200055_WatercolorClouds-petrol_Baubauwall_Wallmural_room7-2.jpg","datePublished":"2022-03-03T07:18:07+00:00","dateModified":"2026-01-06T08:27:48+00:00","description":"Vesiv\u00e4rvidega maalitud pilved tapeet, mille toon on seletametu petrol. Sinakas, roheline ja midagi vahepeal. Pilttapeet, mis sobib avalikku ruumi kui koju","breadcrumb":{"@id":"https:\/\/baubauwall.com\/et\/toode\/watercolor-clouds-wallmural-petrol\/#breadcrumb"},"inLanguage":"et","potentialAction":[{"@type":"ReadAction","target":["https:\/\/baubauwall.com\/et\/toode\/watercolor-clouds-wallmural-petrol\/"]}]},{"@type":"ImageObject","inLanguage":"et","@id":"https:\/\/baubauwall.com\/et\/toode\/watercolor-clouds-wallmural-petrol\/#primaryimage","url":"https:\/\/baubauwall.com\/wp-content\/uploads\/2022\/03\/51200055_WatercolorClouds-petrol_Baubauwall_Wallmural_room7-2.jpg","contentUrl":"https:\/\/baubauwall.com\/wp-content\/uploads\/2022\/03\/51200055_WatercolorClouds-petrol_Baubauwall_Wallmural_room7-2.jpg","width":1203,"height":800},{"@type":"BreadcrumbList","@id":"https:\/\/baubauwall.com\/et\/toode\/watercolor-clouds-wallmural-petrol\/#breadcrumb","itemListElement":[{"@type":"ListItem","position":1,"name":"Koju","item":"https:\/\/baubauwall.com\/et\/"},{"@type":"ListItem","position":2,"name":"Tapeedid","item":"https:\/\/baubauwall.com\/et\/tapeedid\/"},{"@type":"ListItem","position":3,"name":"Vesiv\u00e4rvi pilved &#8211; petrooleumsinine"}]},{"@type":"WebSite","@id":"https:\/\/baubauwall.com\/et\/#website","url":"https:\/\/baubauwall.com\/et\/","name":"BAUBAUWALL Wallpapers","description":"Valmis paanides tapeet Eestist!","publisher":{"@id":"https:\/\/baubauwall.com\/et\/#organization"},"potentialAction":[{"@type":"SearchAction","target":{"@type":"EntryPoint","urlTemplate":"https:\/\/baubauwall.com\/et\/?s={search_term_string}"},"query-input":{"@type":"PropertyValueSpecification","valueRequired":true,"valueName":"search_term_string"}}],"inLanguage":"et"},{"@type":"Organization","@id":"https:\/\/baubauwall.com\/et\/#organization","name":"BAUBAUWALL Wallpapers","url":"https:\/\/baubauwall.com\/et\/","logo":{"@type":"ImageObject","inLanguage":"et","@id":"https:\/\/baubauwall.com\/et\/#\/schema\/logo\/image\/","url":"https:\/\/baubauwall.com\/wp-content\/uploads\/2022\/03\/logo-horizontal.svg","contentUrl":"https:\/\/baubauwall.com\/wp-content\/uploads\/2022\/03\/logo-horizontal.svg","width":"1024","height":"1024","caption":"BAUBAUWALL Wallpapers"},"image":{"@id":"https:\/\/baubauwall.com\/et\/#\/schema\/logo\/image\/"},"sameAs":["https:\/\/www.facebook.com\/Baubauwall","https:\/\/www.instagram.com\/baubauwall"]}]}},"jetpack_sharing_enabled":true,"_links":{"self":[{"href":"https:\/\/baubauwall.com\/et\/wp-json\/wp\/v2\/product\/7139","targetHints":{"allow":["GET"]}}],"collection":[{"href":"https:\/\/baubauwall.com\/et\/wp-json\/wp\/v2\/product"}],"about":[{"href":"https:\/\/baubauwall.com\/et\/wp-json\/wp\/v2\/types\/product"}],"replies":[{"embeddable":true,"href":"https:\/\/baubauwall.com\/et\/wp-json\/wp\/v2\/comments?post=7139"}],"wp:featuredmedia":[{"embeddable":true,"href":"https:\/\/baubauwall.com\/et\/wp-json\/wp\/v2\/media\/7120"}],"wp:attachment":[{"href":"https:\/\/baubauwall.com\/et\/wp-json\/wp\/v2\/media?parent=7139"}],"wp:term":[{"taxonomy":"product_brand","embeddable":true,"href":"https:\/\/baubauwall.com\/et\/wp-json\/wp\/v2\/product_brand?post=7139"},{"taxonomy":"product_cat","embeddable":true,"href":"https:\/\/baubauwall.com\/et\/wp-json\/wp\/v2\/product_cat?post=7139"},{"taxonomy":"product_tag","embeddable":true,"href":"https:\/\/baubauwall.com\/et\/wp-json\/wp\/v2\/product_tag?post=7139"}],"curies":[{"name":"wp","href":"https:\/\/api.w.org\/{rel}","templated":true}]}}