{"id":7206,"date":"2022-03-24T08:56:06","date_gmt":"2022-03-24T06:56:06","guid":{"rendered":"https:\/\/baubauwall.com\/product\/kitty-kittens-wallpaper\/"},"modified":"2022-05-23T15:50:11","modified_gmt":"2022-05-23T13:50:11","slug":"kassipojad-manguhoos-tapeet-valge","status":"publish","type":"product","link":"https:\/\/baubauwall.com\/et\/toode\/kassipojad-manguhoos-tapeet-valge\/","title":{"rendered":"Kassipojad m\u00e4nguhoos \u2013 valge"},"content":{"rendered":"<p>M\u00e4nguline ja l\u00f5bus tapeet lastetuppa. Maitsekas valik Sinu k\u00f5ige kallima toa seintele. Nunnud hallid kiisupojad valgel taustal on m\u00e4nguhoos j\u00e4tnud jalaj\u00e4lgi k\u00f5ikjale! (\u00d5nneks juhtub see k\u00f5ik vaid tapeedil!) See on tapeet, mis sobib \u00fchtviisi toa k\u00f5ikidele seintele kui ka \u00fchele aktsentseinale.<\/p>\n<p>See kiisupoegadega tapeet on meil olemas roosa, helesinise ja bee\u017ei taustaga. Loe veel lastetubade <a href=\"https:\/\/baubauwall.com\/et\/uudised\/kodu-koige-lustlikum-tuba\/\" target=\"_blank\" rel=\"noopener\">tapeetidest siit.<\/a><\/p>\n","protected":false},"excerpt":{"rendered":"<p>M\u00e4nguline ja l\u00f5bus tapeet lastetuppa. Maitsekas valik Sinu k\u00f5ige kallima toa seintele. Nunnud hallid kiisupojad valgel taustal on m\u00e4nguhoos j\u00e4tnud jalaj\u00e4lgi k\u00f5ikjale! (\u00d5nneks juhtub see k\u00f5ik vaid tapeedil!) See on tapeet, mis sobib \u00fchtviisi toa k\u00f5ikidele seintele kui ka \u00fchele aktsentseinale. See kiisupoegadega tapeet on meil olemas roosa, helesinise ja bee\u017ei taustaga. Loe veel lastetubade [&hellip;]<\/p>\n","protected":false},"featured_media":7203,"comment_status":"open","ping_status":"closed","template":"","meta":{"_acf_changed":false,"inline_featured_image":false},"product_brand":[],"product_cat":[386,406,396,272,273,410,400,255],"product_tag":[349,308,324],"class_list":{"0":"post-7206","1":"product","2":"type-product","3":"status-publish","4":"has-post-thumbnail","6":"product_cat-kordusmustriga-tapeedid","7":"product_cat-klassika","8":"product_cat-skandinaavia","9":"product_cat-hallid-tapeedid","10":"product_cat-heledad-tapeedid","11":"product_cat-valge-tapeedid","12":"product_cat-lastetoa-tapeedid","13":"product_cat-loomad","14":"product_tag-beebituba","15":"product_tag-poiste-tuba","16":"product_tag-tudruku-tuba","17":"pa_designedby-baubauwall","19":"first","20":"instock","21":"taxable","22":"shipping-taxable","23":"purchasable","24":"product-type-simple"},"acf":[],"yoast_head":"<!-- This site is optimized with the Yoast SEO plugin v25.9 - https:\/\/yoast.com\/wordpress\/plugins\/seo\/ -->\n<title>Lastetoa tapeet kassikestega heledal taustal. Eesti disaintapeet.<\/title>\n<meta name=\"description\" content=\"M\u00e4nguline tapeet m\u00e4ngulusti t\u00e4is lastetuppa! Lastetoa tapeet hallide kassidega. Tapeedipaanid, mis on l\u00f5igatud t\u00e4pselt sinu seina m\u00f5\u00f5dus.\" \/>\n<meta name=\"robots\" content=\"index, follow, max-snippet:-1, max-image-preview:large, max-video-preview:-1\" \/>\n<link rel=\"canonical\" href=\"https:\/\/baubauwall.com\/et\/toode\/kassipojad-manguhoos-tapeet-valge\/\" \/>\n<meta property=\"og:locale\" content=\"et_EE\" \/>\n<meta property=\"og:type\" content=\"article\" \/>\n<meta property=\"og:title\" content=\"Lastetoa tapeet kassikestega heledal taustal. Eesti disaintapeet.\" \/>\n<meta property=\"og:description\" content=\"M\u00e4nguline tapeet m\u00e4ngulusti t\u00e4is lastetuppa! Lastetoa tapeet hallide kassidega. Tapeedipaanid, mis on l\u00f5igatud t\u00e4pselt sinu seina m\u00f5\u00f5dus.\" \/>\n<meta property=\"og:url\" content=\"https:\/\/baubauwall.com\/et\/toode\/kassipojad-manguhoos-tapeet-valge\/\" \/>\n<meta property=\"og:site_name\" content=\"BAUBAUWALL TAPEEDID\" \/>\n<meta property=\"article:publisher\" content=\"https:\/\/www.facebook.com\/Baubauwall\" \/>\n<meta property=\"article:modified_time\" content=\"2022-05-23T13:50:11+00:00\" \/>\n<meta property=\"og:image\" content=\"https:\/\/baubauwall.com\/wp-content\/uploads\/2022\/03\/51100165_Kittens-white_Baubauwall_Wallpaper_room6.jpg\" \/>\n\t<meta property=\"og:image:width\" content=\"1600\" \/>\n\t<meta property=\"og:image:height\" content=\"800\" \/>\n\t<meta property=\"og:image:type\" content=\"image\/jpeg\" \/>\n<meta name=\"twitter:card\" content=\"summary_large_image\" \/>\n<meta name=\"twitter:label1\" content=\"Est. reading time\" \/>\n\t<meta name=\"twitter:data1\" content=\"1 minut\" \/>\n<script type=\"application\/ld+json\" class=\"yoast-schema-graph\">{\"@context\":\"https:\/\/schema.org\",\"@graph\":[{\"@type\":\"WebPage\",\"@id\":\"https:\/\/baubauwall.com\/et\/toode\/kassipojad-manguhoos-tapeet-valge\/\",\"url\":\"https:\/\/baubauwall.com\/et\/toode\/kassipojad-manguhoos-tapeet-valge\/\",\"name\":\"Lastetoa tapeet kassikestega heledal taustal. Eesti disaintapeet.\",\"isPartOf\":{\"@id\":\"https:\/\/baubauwall.com\/et\/#website\"},\"primaryImageOfPage\":{\"@id\":\"https:\/\/baubauwall.com\/et\/toode\/kassipojad-manguhoos-tapeet-valge\/#primaryimage\"},\"image\":{\"@id\":\"https:\/\/baubauwall.com\/et\/toode\/kassipojad-manguhoos-tapeet-valge\/#primaryimage\"},\"thumbnailUrl\":\"https:\/\/baubauwall.com\/wp-content\/uploads\/2022\/03\/51100165_Kittens-white_Baubauwall_Wallpaper_room6.jpg\",\"datePublished\":\"2022-03-24T06:56:06+00:00\",\"dateModified\":\"2022-05-23T13:50:11+00:00\",\"description\":\"M\u00e4nguline tapeet m\u00e4ngulusti t\u00e4is lastetuppa! Lastetoa tapeet hallide kassidega. Tapeedipaanid, mis on l\u00f5igatud t\u00e4pselt sinu seina m\u00f5\u00f5dus.\",\"breadcrumb\":{\"@id\":\"https:\/\/baubauwall.com\/et\/toode\/kassipojad-manguhoos-tapeet-valge\/#breadcrumb\"},\"inLanguage\":\"et\",\"potentialAction\":[{\"@type\":\"ReadAction\",\"target\":[\"https:\/\/baubauwall.com\/et\/toode\/kassipojad-manguhoos-tapeet-valge\/\"]}]},{\"@type\":\"ImageObject\",\"inLanguage\":\"et\",\"@id\":\"https:\/\/baubauwall.com\/et\/toode\/kassipojad-manguhoos-tapeet-valge\/#primaryimage\",\"url\":\"https:\/\/baubauwall.com\/wp-content\/uploads\/2022\/03\/51100165_Kittens-white_Baubauwall_Wallpaper_room6.jpg\",\"contentUrl\":\"https:\/\/baubauwall.com\/wp-content\/uploads\/2022\/03\/51100165_Kittens-white_Baubauwall_Wallpaper_room6.jpg\",\"width\":1600,\"height\":800},{\"@type\":\"BreadcrumbList\",\"@id\":\"https:\/\/baubauwall.com\/et\/toode\/kassipojad-manguhoos-tapeet-valge\/#breadcrumb\",\"itemListElement\":[{\"@type\":\"ListItem\",\"position\":1,\"name\":\"Koju\",\"item\":\"https:\/\/baubauwall.com\/et\/\"},{\"@type\":\"ListItem\",\"position\":2,\"name\":\"Tapeedid\",\"item\":\"https:\/\/baubauwall.com\/et\/tapeedid\/\"},{\"@type\":\"ListItem\",\"position\":3,\"name\":\"Kassipojad m\u00e4nguhoos \u2013 valge\"}]},{\"@type\":\"WebSite\",\"@id\":\"https:\/\/baubauwall.com\/et\/#website\",\"url\":\"https:\/\/baubauwall.com\/et\/\",\"name\":\"BAUBAUWALL Wallpapers\",\"description\":\"Valmis paanides tapeet Eestist!\",\"publisher\":{\"@id\":\"https:\/\/baubauwall.com\/et\/#organization\"},\"potentialAction\":[{\"@type\":\"SearchAction\",\"target\":{\"@type\":\"EntryPoint\",\"urlTemplate\":\"https:\/\/baubauwall.com\/et\/?s={search_term_string}\"},\"query-input\":{\"@type\":\"PropertyValueSpecification\",\"valueRequired\":true,\"valueName\":\"search_term_string\"}}],\"inLanguage\":\"et\"},{\"@type\":\"Organization\",\"@id\":\"https:\/\/baubauwall.com\/et\/#organization\",\"name\":\"BAUBAUWALL Wallpapers\",\"url\":\"https:\/\/baubauwall.com\/et\/\",\"logo\":{\"@type\":\"ImageObject\",\"inLanguage\":\"et\",\"@id\":\"https:\/\/baubauwall.com\/et\/#\/schema\/logo\/image\/\",\"url\":\"https:\/\/baubauwall.com\/wp-content\/uploads\/2022\/03\/logo-horizontal.svg\",\"contentUrl\":\"https:\/\/baubauwall.com\/wp-content\/uploads\/2022\/03\/logo-horizontal.svg\",\"width\":\"1024\",\"height\":\"1024\",\"caption\":\"BAUBAUWALL Wallpapers\"},\"image\":{\"@id\":\"https:\/\/baubauwall.com\/et\/#\/schema\/logo\/image\/\"},\"sameAs\":[\"https:\/\/www.facebook.com\/Baubauwall\",\"https:\/\/www.instagram.com\/baubauwall\"]}]}<\/script>\n<!-- \/ Yoast SEO plugin. -->","yoast_head_json":{"title":"Lastetoa tapeet kassikestega heledal taustal. Eesti disaintapeet.","description":"M\u00e4nguline tapeet m\u00e4ngulusti t\u00e4is lastetuppa! Lastetoa tapeet hallide kassidega. Tapeedipaanid, mis on l\u00f5igatud t\u00e4pselt sinu seina m\u00f5\u00f5dus.","robots":{"index":"index","follow":"follow","max-snippet":"max-snippet:-1","max-image-preview":"max-image-preview:large","max-video-preview":"max-video-preview:-1"},"canonical":"https:\/\/baubauwall.com\/et\/toode\/kassipojad-manguhoos-tapeet-valge\/","og_locale":"et_EE","og_type":"article","og_title":"Lastetoa tapeet kassikestega heledal taustal. Eesti disaintapeet.","og_description":"M\u00e4nguline tapeet m\u00e4ngulusti t\u00e4is lastetuppa! Lastetoa tapeet hallide kassidega. Tapeedipaanid, mis on l\u00f5igatud t\u00e4pselt sinu seina m\u00f5\u00f5dus.","og_url":"https:\/\/baubauwall.com\/et\/toode\/kassipojad-manguhoos-tapeet-valge\/","og_site_name":"BAUBAUWALL TAPEEDID","article_publisher":"https:\/\/www.facebook.com\/Baubauwall","article_modified_time":"2022-05-23T13:50:11+00:00","og_image":[{"width":1600,"height":800,"url":"https:\/\/baubauwall.com\/wp-content\/uploads\/2022\/03\/51100165_Kittens-white_Baubauwall_Wallpaper_room6.jpg","type":"image\/jpeg"}],"twitter_card":"summary_large_image","twitter_misc":{"Est. reading time":"1 minut"},"schema":{"@context":"https:\/\/schema.org","@graph":[{"@type":"WebPage","@id":"https:\/\/baubauwall.com\/et\/toode\/kassipojad-manguhoos-tapeet-valge\/","url":"https:\/\/baubauwall.com\/et\/toode\/kassipojad-manguhoos-tapeet-valge\/","name":"Lastetoa tapeet kassikestega heledal taustal. Eesti disaintapeet.","isPartOf":{"@id":"https:\/\/baubauwall.com\/et\/#website"},"primaryImageOfPage":{"@id":"https:\/\/baubauwall.com\/et\/toode\/kassipojad-manguhoos-tapeet-valge\/#primaryimage"},"image":{"@id":"https:\/\/baubauwall.com\/et\/toode\/kassipojad-manguhoos-tapeet-valge\/#primaryimage"},"thumbnailUrl":"https:\/\/baubauwall.com\/wp-content\/uploads\/2022\/03\/51100165_Kittens-white_Baubauwall_Wallpaper_room6.jpg","datePublished":"2022-03-24T06:56:06+00:00","dateModified":"2022-05-23T13:50:11+00:00","description":"M\u00e4nguline tapeet m\u00e4ngulusti t\u00e4is lastetuppa! Lastetoa tapeet hallide kassidega. Tapeedipaanid, mis on l\u00f5igatud t\u00e4pselt sinu seina m\u00f5\u00f5dus.","breadcrumb":{"@id":"https:\/\/baubauwall.com\/et\/toode\/kassipojad-manguhoos-tapeet-valge\/#breadcrumb"},"inLanguage":"et","potentialAction":[{"@type":"ReadAction","target":["https:\/\/baubauwall.com\/et\/toode\/kassipojad-manguhoos-tapeet-valge\/"]}]},{"@type":"ImageObject","inLanguage":"et","@id":"https:\/\/baubauwall.com\/et\/toode\/kassipojad-manguhoos-tapeet-valge\/#primaryimage","url":"https:\/\/baubauwall.com\/wp-content\/uploads\/2022\/03\/51100165_Kittens-white_Baubauwall_Wallpaper_room6.jpg","contentUrl":"https:\/\/baubauwall.com\/wp-content\/uploads\/2022\/03\/51100165_Kittens-white_Baubauwall_Wallpaper_room6.jpg","width":1600,"height":800},{"@type":"BreadcrumbList","@id":"https:\/\/baubauwall.com\/et\/toode\/kassipojad-manguhoos-tapeet-valge\/#breadcrumb","itemListElement":[{"@type":"ListItem","position":1,"name":"Koju","item":"https:\/\/baubauwall.com\/et\/"},{"@type":"ListItem","position":2,"name":"Tapeedid","item":"https:\/\/baubauwall.com\/et\/tapeedid\/"},{"@type":"ListItem","position":3,"name":"Kassipojad m\u00e4nguhoos \u2013 valge"}]},{"@type":"WebSite","@id":"https:\/\/baubauwall.com\/et\/#website","url":"https:\/\/baubauwall.com\/et\/","name":"BAUBAUWALL Wallpapers","description":"Valmis paanides tapeet Eestist!","publisher":{"@id":"https:\/\/baubauwall.com\/et\/#organization"},"potentialAction":[{"@type":"SearchAction","target":{"@type":"EntryPoint","urlTemplate":"https:\/\/baubauwall.com\/et\/?s={search_term_string}"},"query-input":{"@type":"PropertyValueSpecification","valueRequired":true,"valueName":"search_term_string"}}],"inLanguage":"et"},{"@type":"Organization","@id":"https:\/\/baubauwall.com\/et\/#organization","name":"BAUBAUWALL Wallpapers","url":"https:\/\/baubauwall.com\/et\/","logo":{"@type":"ImageObject","inLanguage":"et","@id":"https:\/\/baubauwall.com\/et\/#\/schema\/logo\/image\/","url":"https:\/\/baubauwall.com\/wp-content\/uploads\/2022\/03\/logo-horizontal.svg","contentUrl":"https:\/\/baubauwall.com\/wp-content\/uploads\/2022\/03\/logo-horizontal.svg","width":"1024","height":"1024","caption":"BAUBAUWALL Wallpapers"},"image":{"@id":"https:\/\/baubauwall.com\/et\/#\/schema\/logo\/image\/"},"sameAs":["https:\/\/www.facebook.com\/Baubauwall","https:\/\/www.instagram.com\/baubauwall"]}]}},"jetpack_sharing_enabled":true,"_links":{"self":[{"href":"https:\/\/baubauwall.com\/et\/wp-json\/wp\/v2\/product\/7206","targetHints":{"allow":["GET"]}}],"collection":[{"href":"https:\/\/baubauwall.com\/et\/wp-json\/wp\/v2\/product"}],"about":[{"href":"https:\/\/baubauwall.com\/et\/wp-json\/wp\/v2\/types\/product"}],"replies":[{"embeddable":true,"href":"https:\/\/baubauwall.com\/et\/wp-json\/wp\/v2\/comments?post=7206"}],"wp:featuredmedia":[{"embeddable":true,"href":"https:\/\/baubauwall.com\/et\/wp-json\/wp\/v2\/media\/7203"}],"wp:attachment":[{"href":"https:\/\/baubauwall.com\/et\/wp-json\/wp\/v2\/media?parent=7206"}],"wp:term":[{"taxonomy":"product_brand","embeddable":true,"href":"https:\/\/baubauwall.com\/et\/wp-json\/wp\/v2\/product_brand?post=7206"},{"taxonomy":"product_cat","embeddable":true,"href":"https:\/\/baubauwall.com\/et\/wp-json\/wp\/v2\/product_cat?post=7206"},{"taxonomy":"product_tag","embeddable":true,"href":"https:\/\/baubauwall.com\/et\/wp-json\/wp\/v2\/product_tag?post=7206"}],"curies":[{"name":"wp","href":"https:\/\/api.w.org\/{rel}","templated":true}]}}