{"id":7262,"date":"2022-03-24T08:56:10","date_gmt":"2022-03-24T06:56:10","guid":{"rendered":"https:\/\/baubauwall.com\/product\/kitty-kittens-wallpaper-pink\/"},"modified":"2022-04-25T20:22:08","modified_gmt":"2022-04-25T18:22:08","slug":"kassipojad-manguhoos-tapeet-roosa","status":"publish","type":"product","link":"https:\/\/baubauwall.com\/et\/toode\/kassipojad-manguhoos-tapeet-roosa\/","title":{"rendered":"Kassipojad m\u00e4nguhoos \u2013 roosa"},"content":{"rendered":"<p>M\u00e4nguline ja l\u00f5bus tapeet lastetuppa. Maitsekas valik Sinu k\u00f5ige kallima toa seintele. Nunnud kiisupojad bee\u017eil taustal on m\u00e4nguhoos j\u00e4tnud jalaj\u00e4lgi k\u00f5ikjale! (\u00d5nneks juhtub see k\u00f5ik vaid tapeedil!) See on tapeet, mis sobib \u00fchtviisi toa k\u00f5ikidele seintele kui ka \u00fchele aktsentseinale.<\/p>\n<p>See kiisupoegadega tapeet on meil olemas bee\u017ei, helesinise ja valge taustaga.<\/p>\n","protected":false},"excerpt":{"rendered":"<p>M\u00e4nguline ja l\u00f5bus tapeet lastetuppa. Maitsekas valik Sinu k\u00f5ige kallima toa seintele. Nunnud kiisupojad bee\u017eil taustal on m\u00e4nguhoos j\u00e4tnud jalaj\u00e4lgi k\u00f5ikjale! (\u00d5nneks juhtub see k\u00f5ik vaid tapeedil!) See on tapeet, mis sobib \u00fchtviisi toa k\u00f5ikidele seintele kui ka \u00fchele aktsentseinale. See kiisupoegadega tapeet on meil olemas bee\u017ei, helesinise ja valge taustaga.<\/p>\n","protected":false},"featured_media":7261,"comment_status":"open","ping_status":"closed","template":"","meta":{"_acf_changed":false,"inline_featured_image":false},"product_brand":[],"product_cat":[386,396,278,400,255],"product_tag":[349,324],"class_list":{"0":"post-7262","1":"product","2":"type-product","3":"status-publish","4":"has-post-thumbnail","6":"product_cat-kordusmustriga-tapeedid","7":"product_cat-skandinaavia","8":"product_cat-roosad-tapeedid","9":"product_cat-lastetoa-tapeedid","10":"product_cat-loomad","11":"product_tag-beebituba","12":"product_tag-tudruku-tuba","13":"pa_designedby-baubauwall","15":"first","16":"instock","17":"taxable","18":"shipping-taxable","19":"purchasable","20":"product-type-simple"},"acf":[],"yoast_head":"<!-- This site is optimized with the Yoast SEO plugin v25.9 - https:\/\/yoast.com\/wordpress\/plugins\/seo\/ -->\n<title>Roosa lastetoa tapeet. Hallid kassipojad ja kiisud m\u00e4ngimas tapeedidisain.<\/title>\n<meta name=\"description\" content=\"Stiilne valik lastetoa tapeediks. Roosal taustal nunnud kiisud m\u00e4nguhoos. Sinu seina m\u00f5\u00f5tu l\u00f5igatud ja muster mis l\u00e4heb kokku nagu v\u00f5luv\u00e4el.\" \/>\n<meta name=\"robots\" content=\"index, follow, max-snippet:-1, max-image-preview:large, max-video-preview:-1\" \/>\n<link rel=\"canonical\" href=\"https:\/\/baubauwall.com\/et\/toode\/kassipojad-manguhoos-tapeet-roosa\/\" \/>\n<meta property=\"og:locale\" content=\"et_EE\" \/>\n<meta property=\"og:type\" content=\"article\" \/>\n<meta property=\"og:title\" content=\"Roosa lastetoa tapeet. Hallid kassipojad ja kiisud m\u00e4ngimas tapeedidisain.\" \/>\n<meta property=\"og:description\" content=\"Stiilne valik lastetoa tapeediks. Roosal taustal nunnud kiisud m\u00e4nguhoos. Sinu seina m\u00f5\u00f5tu l\u00f5igatud ja muster mis l\u00e4heb kokku nagu v\u00f5luv\u00e4el.\" \/>\n<meta property=\"og:url\" content=\"https:\/\/baubauwall.com\/et\/toode\/kassipojad-manguhoos-tapeet-roosa\/\" \/>\n<meta property=\"og:site_name\" content=\"BAUBAUWALL TAPEEDID\" \/>\n<meta property=\"article:publisher\" content=\"https:\/\/www.facebook.com\/Baubauwall\" \/>\n<meta property=\"article:modified_time\" content=\"2022-04-25T18:22:08+00:00\" \/>\n<meta property=\"og:image\" content=\"https:\/\/baubauwall.com\/wp-content\/uploads\/2022\/03\/51100168_Kittens-pink_Baubauwall_Wallpaper_room7.jpg\" \/>\n\t<meta property=\"og:image:width\" content=\"1422\" \/>\n\t<meta property=\"og:image:height\" content=\"800\" \/>\n\t<meta property=\"og:image:type\" content=\"image\/jpeg\" \/>\n<meta name=\"twitter:card\" content=\"summary_large_image\" \/>\n<meta name=\"twitter:label1\" content=\"Est. reading time\" \/>\n\t<meta name=\"twitter:data1\" content=\"1 minut\" \/>\n<script type=\"application\/ld+json\" class=\"yoast-schema-graph\">{\"@context\":\"https:\/\/schema.org\",\"@graph\":[{\"@type\":\"WebPage\",\"@id\":\"https:\/\/baubauwall.com\/et\/toode\/kassipojad-manguhoos-tapeet-roosa\/\",\"url\":\"https:\/\/baubauwall.com\/et\/toode\/kassipojad-manguhoos-tapeet-roosa\/\",\"name\":\"Roosa lastetoa tapeet. Hallid kassipojad ja kiisud m\u00e4ngimas tapeedidisain.\",\"isPartOf\":{\"@id\":\"https:\/\/baubauwall.com\/et\/#website\"},\"primaryImageOfPage\":{\"@id\":\"https:\/\/baubauwall.com\/et\/toode\/kassipojad-manguhoos-tapeet-roosa\/#primaryimage\"},\"image\":{\"@id\":\"https:\/\/baubauwall.com\/et\/toode\/kassipojad-manguhoos-tapeet-roosa\/#primaryimage\"},\"thumbnailUrl\":\"https:\/\/baubauwall.com\/wp-content\/uploads\/2022\/03\/51100168_Kittens-pink_Baubauwall_Wallpaper_room7.jpg\",\"datePublished\":\"2022-03-24T06:56:10+00:00\",\"dateModified\":\"2022-04-25T18:22:08+00:00\",\"description\":\"Stiilne valik lastetoa tapeediks. Roosal taustal nunnud kiisud m\u00e4nguhoos. Sinu seina m\u00f5\u00f5tu l\u00f5igatud ja muster mis l\u00e4heb kokku nagu v\u00f5luv\u00e4el.\",\"breadcrumb\":{\"@id\":\"https:\/\/baubauwall.com\/et\/toode\/kassipojad-manguhoos-tapeet-roosa\/#breadcrumb\"},\"inLanguage\":\"et\",\"potentialAction\":[{\"@type\":\"ReadAction\",\"target\":[\"https:\/\/baubauwall.com\/et\/toode\/kassipojad-manguhoos-tapeet-roosa\/\"]}]},{\"@type\":\"ImageObject\",\"inLanguage\":\"et\",\"@id\":\"https:\/\/baubauwall.com\/et\/toode\/kassipojad-manguhoos-tapeet-roosa\/#primaryimage\",\"url\":\"https:\/\/baubauwall.com\/wp-content\/uploads\/2022\/03\/51100168_Kittens-pink_Baubauwall_Wallpaper_room7.jpg\",\"contentUrl\":\"https:\/\/baubauwall.com\/wp-content\/uploads\/2022\/03\/51100168_Kittens-pink_Baubauwall_Wallpaper_room7.jpg\",\"width\":1422,\"height\":800},{\"@type\":\"BreadcrumbList\",\"@id\":\"https:\/\/baubauwall.com\/et\/toode\/kassipojad-manguhoos-tapeet-roosa\/#breadcrumb\",\"itemListElement\":[{\"@type\":\"ListItem\",\"position\":1,\"name\":\"Koju\",\"item\":\"https:\/\/baubauwall.com\/et\/\"},{\"@type\":\"ListItem\",\"position\":2,\"name\":\"Tapeedid\",\"item\":\"https:\/\/baubauwall.com\/et\/tapeedid\/\"},{\"@type\":\"ListItem\",\"position\":3,\"name\":\"Kassipojad m\u00e4nguhoos \u2013 roosa\"}]},{\"@type\":\"WebSite\",\"@id\":\"https:\/\/baubauwall.com\/et\/#website\",\"url\":\"https:\/\/baubauwall.com\/et\/\",\"name\":\"BAUBAUWALL Wallpapers\",\"description\":\"Valmis paanides tapeet Eestist!\",\"publisher\":{\"@id\":\"https:\/\/baubauwall.com\/et\/#organization\"},\"potentialAction\":[{\"@type\":\"SearchAction\",\"target\":{\"@type\":\"EntryPoint\",\"urlTemplate\":\"https:\/\/baubauwall.com\/et\/?s={search_term_string}\"},\"query-input\":{\"@type\":\"PropertyValueSpecification\",\"valueRequired\":true,\"valueName\":\"search_term_string\"}}],\"inLanguage\":\"et\"},{\"@type\":\"Organization\",\"@id\":\"https:\/\/baubauwall.com\/et\/#organization\",\"name\":\"BAUBAUWALL Wallpapers\",\"url\":\"https:\/\/baubauwall.com\/et\/\",\"logo\":{\"@type\":\"ImageObject\",\"inLanguage\":\"et\",\"@id\":\"https:\/\/baubauwall.com\/et\/#\/schema\/logo\/image\/\",\"url\":\"https:\/\/baubauwall.com\/wp-content\/uploads\/2022\/03\/logo-horizontal.svg\",\"contentUrl\":\"https:\/\/baubauwall.com\/wp-content\/uploads\/2022\/03\/logo-horizontal.svg\",\"width\":\"1024\",\"height\":\"1024\",\"caption\":\"BAUBAUWALL Wallpapers\"},\"image\":{\"@id\":\"https:\/\/baubauwall.com\/et\/#\/schema\/logo\/image\/\"},\"sameAs\":[\"https:\/\/www.facebook.com\/Baubauwall\",\"https:\/\/www.instagram.com\/baubauwall\"]}]}<\/script>\n<!-- \/ Yoast SEO plugin. -->","yoast_head_json":{"title":"Roosa lastetoa tapeet. Hallid kassipojad ja kiisud m\u00e4ngimas tapeedidisain.","description":"Stiilne valik lastetoa tapeediks. Roosal taustal nunnud kiisud m\u00e4nguhoos. Sinu seina m\u00f5\u00f5tu l\u00f5igatud ja muster mis l\u00e4heb kokku nagu v\u00f5luv\u00e4el.","robots":{"index":"index","follow":"follow","max-snippet":"max-snippet:-1","max-image-preview":"max-image-preview:large","max-video-preview":"max-video-preview:-1"},"canonical":"https:\/\/baubauwall.com\/et\/toode\/kassipojad-manguhoos-tapeet-roosa\/","og_locale":"et_EE","og_type":"article","og_title":"Roosa lastetoa tapeet. Hallid kassipojad ja kiisud m\u00e4ngimas tapeedidisain.","og_description":"Stiilne valik lastetoa tapeediks. Roosal taustal nunnud kiisud m\u00e4nguhoos. Sinu seina m\u00f5\u00f5tu l\u00f5igatud ja muster mis l\u00e4heb kokku nagu v\u00f5luv\u00e4el.","og_url":"https:\/\/baubauwall.com\/et\/toode\/kassipojad-manguhoos-tapeet-roosa\/","og_site_name":"BAUBAUWALL TAPEEDID","article_publisher":"https:\/\/www.facebook.com\/Baubauwall","article_modified_time":"2022-04-25T18:22:08+00:00","og_image":[{"width":1422,"height":800,"url":"https:\/\/baubauwall.com\/wp-content\/uploads\/2022\/03\/51100168_Kittens-pink_Baubauwall_Wallpaper_room7.jpg","type":"image\/jpeg"}],"twitter_card":"summary_large_image","twitter_misc":{"Est. reading time":"1 minut"},"schema":{"@context":"https:\/\/schema.org","@graph":[{"@type":"WebPage","@id":"https:\/\/baubauwall.com\/et\/toode\/kassipojad-manguhoos-tapeet-roosa\/","url":"https:\/\/baubauwall.com\/et\/toode\/kassipojad-manguhoos-tapeet-roosa\/","name":"Roosa lastetoa tapeet. Hallid kassipojad ja kiisud m\u00e4ngimas tapeedidisain.","isPartOf":{"@id":"https:\/\/baubauwall.com\/et\/#website"},"primaryImageOfPage":{"@id":"https:\/\/baubauwall.com\/et\/toode\/kassipojad-manguhoos-tapeet-roosa\/#primaryimage"},"image":{"@id":"https:\/\/baubauwall.com\/et\/toode\/kassipojad-manguhoos-tapeet-roosa\/#primaryimage"},"thumbnailUrl":"https:\/\/baubauwall.com\/wp-content\/uploads\/2022\/03\/51100168_Kittens-pink_Baubauwall_Wallpaper_room7.jpg","datePublished":"2022-03-24T06:56:10+00:00","dateModified":"2022-04-25T18:22:08+00:00","description":"Stiilne valik lastetoa tapeediks. Roosal taustal nunnud kiisud m\u00e4nguhoos. Sinu seina m\u00f5\u00f5tu l\u00f5igatud ja muster mis l\u00e4heb kokku nagu v\u00f5luv\u00e4el.","breadcrumb":{"@id":"https:\/\/baubauwall.com\/et\/toode\/kassipojad-manguhoos-tapeet-roosa\/#breadcrumb"},"inLanguage":"et","potentialAction":[{"@type":"ReadAction","target":["https:\/\/baubauwall.com\/et\/toode\/kassipojad-manguhoos-tapeet-roosa\/"]}]},{"@type":"ImageObject","inLanguage":"et","@id":"https:\/\/baubauwall.com\/et\/toode\/kassipojad-manguhoos-tapeet-roosa\/#primaryimage","url":"https:\/\/baubauwall.com\/wp-content\/uploads\/2022\/03\/51100168_Kittens-pink_Baubauwall_Wallpaper_room7.jpg","contentUrl":"https:\/\/baubauwall.com\/wp-content\/uploads\/2022\/03\/51100168_Kittens-pink_Baubauwall_Wallpaper_room7.jpg","width":1422,"height":800},{"@type":"BreadcrumbList","@id":"https:\/\/baubauwall.com\/et\/toode\/kassipojad-manguhoos-tapeet-roosa\/#breadcrumb","itemListElement":[{"@type":"ListItem","position":1,"name":"Koju","item":"https:\/\/baubauwall.com\/et\/"},{"@type":"ListItem","position":2,"name":"Tapeedid","item":"https:\/\/baubauwall.com\/et\/tapeedid\/"},{"@type":"ListItem","position":3,"name":"Kassipojad m\u00e4nguhoos \u2013 roosa"}]},{"@type":"WebSite","@id":"https:\/\/baubauwall.com\/et\/#website","url":"https:\/\/baubauwall.com\/et\/","name":"BAUBAUWALL Wallpapers","description":"Valmis paanides tapeet Eestist!","publisher":{"@id":"https:\/\/baubauwall.com\/et\/#organization"},"potentialAction":[{"@type":"SearchAction","target":{"@type":"EntryPoint","urlTemplate":"https:\/\/baubauwall.com\/et\/?s={search_term_string}"},"query-input":{"@type":"PropertyValueSpecification","valueRequired":true,"valueName":"search_term_string"}}],"inLanguage":"et"},{"@type":"Organization","@id":"https:\/\/baubauwall.com\/et\/#organization","name":"BAUBAUWALL Wallpapers","url":"https:\/\/baubauwall.com\/et\/","logo":{"@type":"ImageObject","inLanguage":"et","@id":"https:\/\/baubauwall.com\/et\/#\/schema\/logo\/image\/","url":"https:\/\/baubauwall.com\/wp-content\/uploads\/2022\/03\/logo-horizontal.svg","contentUrl":"https:\/\/baubauwall.com\/wp-content\/uploads\/2022\/03\/logo-horizontal.svg","width":"1024","height":"1024","caption":"BAUBAUWALL Wallpapers"},"image":{"@id":"https:\/\/baubauwall.com\/et\/#\/schema\/logo\/image\/"},"sameAs":["https:\/\/www.facebook.com\/Baubauwall","https:\/\/www.instagram.com\/baubauwall"]}]}},"jetpack_sharing_enabled":true,"_links":{"self":[{"href":"https:\/\/baubauwall.com\/et\/wp-json\/wp\/v2\/product\/7262","targetHints":{"allow":["GET"]}}],"collection":[{"href":"https:\/\/baubauwall.com\/et\/wp-json\/wp\/v2\/product"}],"about":[{"href":"https:\/\/baubauwall.com\/et\/wp-json\/wp\/v2\/types\/product"}],"replies":[{"embeddable":true,"href":"https:\/\/baubauwall.com\/et\/wp-json\/wp\/v2\/comments?post=7262"}],"wp:featuredmedia":[{"embeddable":true,"href":"https:\/\/baubauwall.com\/et\/wp-json\/wp\/v2\/media\/7261"}],"wp:attachment":[{"href":"https:\/\/baubauwall.com\/et\/wp-json\/wp\/v2\/media?parent=7262"}],"wp:term":[{"taxonomy":"product_brand","embeddable":true,"href":"https:\/\/baubauwall.com\/et\/wp-json\/wp\/v2\/product_brand?post=7262"},{"taxonomy":"product_cat","embeddable":true,"href":"https:\/\/baubauwall.com\/et\/wp-json\/wp\/v2\/product_cat?post=7262"},{"taxonomy":"product_tag","embeddable":true,"href":"https:\/\/baubauwall.com\/et\/wp-json\/wp\/v2\/product_tag?post=7262"}],"curies":[{"name":"wp","href":"https:\/\/api.w.org\/{rel}","templated":true}]}}