{"id":7280,"date":"2022-03-24T08:56:12","date_gmt":"2022-03-24T06:56:12","guid":{"rendered":"https:\/\/baubauwall.com\/product\/traffic-wallpaper\/"},"modified":"2023-09-07T10:43:30","modified_gmt":"2023-09-07T08:43:30","slug":"liiklus-tapeet","status":"publish","type":"product","link":"https:\/\/baubauwall.com\/et\/toode\/liiklus-tapeet\/","title":{"rendered":"Liiklus"},"content":{"rendered":"<div>Tapeet &#8220;Liiklus&#8221; lastetuppa. L\u00f5bus tapeedivalik lastetoas, kus seiklevad mootorrattad ja v\u00e4rvilised autod. Ehk aitab just see tapeet lapsel ette valmistuda t\u00e4naval ettevaatlik olema. V\u00f5i siis lihtsalt hea tapeet v\u00e4ikese poisi tuppa, kes jumaldab k\u00f5iki liikuvaid objekte!<\/div>\n<div><\/div>\n<div>Nagu k\u00f5ik meie tapeedid on ka see pilttapeet tr\u00fckitud keskkonnas\u00f5bralike v\u00e4rvidega hingavale, fliistapeedi materjalile. Loe edasi nutikatest, j\u00e4tkusuutlikest tapeetidest<a href=\"https:\/\/baubauwall.com\/et\/keskkonnasobralikud-tapeedid\/\" target=\"_blank\" rel=\"noopener\">\u00a0siin.\u00a0<\/a><\/div>\n","protected":false},"excerpt":{"rendered":"<p>Tapeet &#8220;Liiklus&#8221; lastetuppa. L\u00f5bus tapeedivalik lastetoas, kus seiklevad mootorrattad ja v\u00e4rvilised autod. Ehk aitab just see tapeet lapsel ette valmistuda t\u00e4naval ettevaatlik olema. V\u00f5i siis lihtsalt hea tapeet v\u00e4ikese poisi tuppa, kes jumaldab k\u00f5iki liikuvaid objekte! Nagu k\u00f5ik meie tapeedid on ka see pilttapeet tr\u00fckitud keskkonnas\u00f5bralike v\u00e4rvidega hingavale, fliistapeedi materjalile. Loe edasi nutikatest, j\u00e4tkusuutlikest tapeetidest\u00a0siin.\u00a0<\/p>\n","protected":false},"featured_media":7275,"comment_status":"open","ping_status":"closed","template":"","meta":{"_acf_changed":false,"inline_featured_image":false},"product_brand":[],"product_cat":[386,265,268,271,400],"product_tag":[349,308],"class_list":{"0":"post-7280","1":"product","2":"type-product","3":"status-publish","4":"has-post-thumbnail","6":"product_cat-kordusmustriga-tapeedid","7":"product_cat-beezid-tapeedid","8":"product_cat-kirkad-tapeedid","9":"product_cat-rohelised-tapeedid","10":"product_cat-lastetoa-tapeedid","11":"product_tag-beebituba","12":"product_tag-poiste-tuba","13":"pa_designedby-baubauwall","15":"first","16":"instock","17":"taxable","18":"shipping-taxable","19":"purchasable","20":"product-type-simple"},"acf":[],"yoast_head":"<!-- This site is optimized with the Yoast SEO plugin v25.9 - https:\/\/yoast.com\/wordpress\/plugins\/seo\/ -->\n<title>Lastetoa tapeet v\u00e4ikestele poistele. Liiklusteemaline disain lastele<\/title>\n<meta name=\"description\" content=\"Tapeet Liiklus poistele. Lastetoa liiklusteemaline fliistapeet lastetuppa mopeedide ja autodega. Sinu seina m\u00f5\u00f5tu l\u00f5igatud paanides tapeet.\" \/>\n<meta name=\"robots\" content=\"index, follow, max-snippet:-1, max-image-preview:large, max-video-preview:-1\" \/>\n<link rel=\"canonical\" href=\"https:\/\/baubauwall.com\/et\/toode\/liiklus-tapeet\/\" \/>\n<meta property=\"og:locale\" content=\"et_EE\" \/>\n<meta property=\"og:type\" content=\"article\" \/>\n<meta property=\"og:title\" content=\"Lastetoa tapeet v\u00e4ikestele poistele. Liiklusteemaline disain lastele\" \/>\n<meta property=\"og:description\" content=\"Tapeet Liiklus poistele. Lastetoa liiklusteemaline fliistapeet lastetuppa mopeedide ja autodega. Sinu seina m\u00f5\u00f5tu l\u00f5igatud paanides tapeet.\" \/>\n<meta property=\"og:url\" content=\"https:\/\/baubauwall.com\/et\/toode\/liiklus-tapeet\/\" \/>\n<meta property=\"og:site_name\" content=\"BAUBAUWALL TAPEEDID\" \/>\n<meta property=\"article:publisher\" content=\"https:\/\/www.facebook.com\/Baubauwall\" \/>\n<meta property=\"article:modified_time\" content=\"2023-09-07T08:43:30+00:00\" \/>\n<meta property=\"og:image\" content=\"https:\/\/i0.wp.com\/baubauwall.com\/wp-content\/uploads\/2022\/03\/51100169_Traffic_Baubauwall_Wallpaper_room7.jpg?fit=1200%2C800&ssl=1\" \/>\n\t<meta property=\"og:image:width\" content=\"1200\" \/>\n\t<meta property=\"og:image:height\" content=\"800\" \/>\n\t<meta property=\"og:image:type\" content=\"image\/jpeg\" \/>\n<meta name=\"twitter:card\" content=\"summary_large_image\" \/>\n<meta name=\"twitter:label1\" content=\"Est. reading time\" \/>\n\t<meta name=\"twitter:data1\" content=\"1 minut\" \/>\n<script type=\"application\/ld+json\" class=\"yoast-schema-graph\">{\"@context\":\"https:\/\/schema.org\",\"@graph\":[{\"@type\":\"WebPage\",\"@id\":\"https:\/\/baubauwall.com\/et\/toode\/liiklus-tapeet\/\",\"url\":\"https:\/\/baubauwall.com\/et\/toode\/liiklus-tapeet\/\",\"name\":\"Lastetoa tapeet v\u00e4ikestele poistele. Liiklusteemaline disain lastele\",\"isPartOf\":{\"@id\":\"https:\/\/baubauwall.com\/et\/#website\"},\"primaryImageOfPage\":{\"@id\":\"https:\/\/baubauwall.com\/et\/toode\/liiklus-tapeet\/#primaryimage\"},\"image\":{\"@id\":\"https:\/\/baubauwall.com\/et\/toode\/liiklus-tapeet\/#primaryimage\"},\"thumbnailUrl\":\"https:\/\/baubauwall.com\/wp-content\/uploads\/2022\/03\/51100169_Traffic_Baubauwall_Wallpaper_room7.jpg\",\"datePublished\":\"2022-03-24T06:56:12+00:00\",\"dateModified\":\"2023-09-07T08:43:30+00:00\",\"description\":\"Tapeet Liiklus poistele. Lastetoa liiklusteemaline fliistapeet lastetuppa mopeedide ja autodega. Sinu seina m\u00f5\u00f5tu l\u00f5igatud paanides tapeet.\",\"breadcrumb\":{\"@id\":\"https:\/\/baubauwall.com\/et\/toode\/liiklus-tapeet\/#breadcrumb\"},\"inLanguage\":\"et\",\"potentialAction\":[{\"@type\":\"ReadAction\",\"target\":[\"https:\/\/baubauwall.com\/et\/toode\/liiklus-tapeet\/\"]}]},{\"@type\":\"ImageObject\",\"inLanguage\":\"et\",\"@id\":\"https:\/\/baubauwall.com\/et\/toode\/liiklus-tapeet\/#primaryimage\",\"url\":\"https:\/\/baubauwall.com\/wp-content\/uploads\/2022\/03\/51100169_Traffic_Baubauwall_Wallpaper_room7.jpg\",\"contentUrl\":\"https:\/\/baubauwall.com\/wp-content\/uploads\/2022\/03\/51100169_Traffic_Baubauwall_Wallpaper_room7.jpg\",\"width\":1200,\"height\":800},{\"@type\":\"BreadcrumbList\",\"@id\":\"https:\/\/baubauwall.com\/et\/toode\/liiklus-tapeet\/#breadcrumb\",\"itemListElement\":[{\"@type\":\"ListItem\",\"position\":1,\"name\":\"Koju\",\"item\":\"https:\/\/baubauwall.com\/et\/\"},{\"@type\":\"ListItem\",\"position\":2,\"name\":\"Tapeedid\",\"item\":\"https:\/\/baubauwall.com\/et\/tapeedid\/\"},{\"@type\":\"ListItem\",\"position\":3,\"name\":\"Liiklus\"}]},{\"@type\":\"WebSite\",\"@id\":\"https:\/\/baubauwall.com\/et\/#website\",\"url\":\"https:\/\/baubauwall.com\/et\/\",\"name\":\"BAUBAUWALL Wallpapers\",\"description\":\"Valmis paanides tapeet Eestist!\",\"publisher\":{\"@id\":\"https:\/\/baubauwall.com\/et\/#organization\"},\"potentialAction\":[{\"@type\":\"SearchAction\",\"target\":{\"@type\":\"EntryPoint\",\"urlTemplate\":\"https:\/\/baubauwall.com\/et\/?s={search_term_string}\"},\"query-input\":{\"@type\":\"PropertyValueSpecification\",\"valueRequired\":true,\"valueName\":\"search_term_string\"}}],\"inLanguage\":\"et\"},{\"@type\":\"Organization\",\"@id\":\"https:\/\/baubauwall.com\/et\/#organization\",\"name\":\"BAUBAUWALL Wallpapers\",\"url\":\"https:\/\/baubauwall.com\/et\/\",\"logo\":{\"@type\":\"ImageObject\",\"inLanguage\":\"et\",\"@id\":\"https:\/\/baubauwall.com\/et\/#\/schema\/logo\/image\/\",\"url\":\"https:\/\/baubauwall.com\/wp-content\/uploads\/2022\/03\/logo-horizontal.svg\",\"contentUrl\":\"https:\/\/baubauwall.com\/wp-content\/uploads\/2022\/03\/logo-horizontal.svg\",\"width\":\"1024\",\"height\":\"1024\",\"caption\":\"BAUBAUWALL Wallpapers\"},\"image\":{\"@id\":\"https:\/\/baubauwall.com\/et\/#\/schema\/logo\/image\/\"},\"sameAs\":[\"https:\/\/www.facebook.com\/Baubauwall\",\"https:\/\/www.instagram.com\/baubauwall\"]}]}<\/script>\n<!-- \/ Yoast SEO plugin. -->","yoast_head_json":{"title":"Lastetoa tapeet v\u00e4ikestele poistele. Liiklusteemaline disain lastele","description":"Tapeet Liiklus poistele. Lastetoa liiklusteemaline fliistapeet lastetuppa mopeedide ja autodega. Sinu seina m\u00f5\u00f5tu l\u00f5igatud paanides tapeet.","robots":{"index":"index","follow":"follow","max-snippet":"max-snippet:-1","max-image-preview":"max-image-preview:large","max-video-preview":"max-video-preview:-1"},"canonical":"https:\/\/baubauwall.com\/et\/toode\/liiklus-tapeet\/","og_locale":"et_EE","og_type":"article","og_title":"Lastetoa tapeet v\u00e4ikestele poistele. Liiklusteemaline disain lastele","og_description":"Tapeet Liiklus poistele. Lastetoa liiklusteemaline fliistapeet lastetuppa mopeedide ja autodega. Sinu seina m\u00f5\u00f5tu l\u00f5igatud paanides tapeet.","og_url":"https:\/\/baubauwall.com\/et\/toode\/liiklus-tapeet\/","og_site_name":"BAUBAUWALL TAPEEDID","article_publisher":"https:\/\/www.facebook.com\/Baubauwall","article_modified_time":"2023-09-07T08:43:30+00:00","og_image":[{"width":1200,"height":800,"url":"https:\/\/i0.wp.com\/baubauwall.com\/wp-content\/uploads\/2022\/03\/51100169_Traffic_Baubauwall_Wallpaper_room7.jpg?fit=1200%2C800&ssl=1","type":"image\/jpeg"}],"twitter_card":"summary_large_image","twitter_misc":{"Est. reading time":"1 minut"},"schema":{"@context":"https:\/\/schema.org","@graph":[{"@type":"WebPage","@id":"https:\/\/baubauwall.com\/et\/toode\/liiklus-tapeet\/","url":"https:\/\/baubauwall.com\/et\/toode\/liiklus-tapeet\/","name":"Lastetoa tapeet v\u00e4ikestele poistele. Liiklusteemaline disain lastele","isPartOf":{"@id":"https:\/\/baubauwall.com\/et\/#website"},"primaryImageOfPage":{"@id":"https:\/\/baubauwall.com\/et\/toode\/liiklus-tapeet\/#primaryimage"},"image":{"@id":"https:\/\/baubauwall.com\/et\/toode\/liiklus-tapeet\/#primaryimage"},"thumbnailUrl":"https:\/\/baubauwall.com\/wp-content\/uploads\/2022\/03\/51100169_Traffic_Baubauwall_Wallpaper_room7.jpg","datePublished":"2022-03-24T06:56:12+00:00","dateModified":"2023-09-07T08:43:30+00:00","description":"Tapeet Liiklus poistele. Lastetoa liiklusteemaline fliistapeet lastetuppa mopeedide ja autodega. Sinu seina m\u00f5\u00f5tu l\u00f5igatud paanides tapeet.","breadcrumb":{"@id":"https:\/\/baubauwall.com\/et\/toode\/liiklus-tapeet\/#breadcrumb"},"inLanguage":"et","potentialAction":[{"@type":"ReadAction","target":["https:\/\/baubauwall.com\/et\/toode\/liiklus-tapeet\/"]}]},{"@type":"ImageObject","inLanguage":"et","@id":"https:\/\/baubauwall.com\/et\/toode\/liiklus-tapeet\/#primaryimage","url":"https:\/\/baubauwall.com\/wp-content\/uploads\/2022\/03\/51100169_Traffic_Baubauwall_Wallpaper_room7.jpg","contentUrl":"https:\/\/baubauwall.com\/wp-content\/uploads\/2022\/03\/51100169_Traffic_Baubauwall_Wallpaper_room7.jpg","width":1200,"height":800},{"@type":"BreadcrumbList","@id":"https:\/\/baubauwall.com\/et\/toode\/liiklus-tapeet\/#breadcrumb","itemListElement":[{"@type":"ListItem","position":1,"name":"Koju","item":"https:\/\/baubauwall.com\/et\/"},{"@type":"ListItem","position":2,"name":"Tapeedid","item":"https:\/\/baubauwall.com\/et\/tapeedid\/"},{"@type":"ListItem","position":3,"name":"Liiklus"}]},{"@type":"WebSite","@id":"https:\/\/baubauwall.com\/et\/#website","url":"https:\/\/baubauwall.com\/et\/","name":"BAUBAUWALL Wallpapers","description":"Valmis paanides tapeet Eestist!","publisher":{"@id":"https:\/\/baubauwall.com\/et\/#organization"},"potentialAction":[{"@type":"SearchAction","target":{"@type":"EntryPoint","urlTemplate":"https:\/\/baubauwall.com\/et\/?s={search_term_string}"},"query-input":{"@type":"PropertyValueSpecification","valueRequired":true,"valueName":"search_term_string"}}],"inLanguage":"et"},{"@type":"Organization","@id":"https:\/\/baubauwall.com\/et\/#organization","name":"BAUBAUWALL Wallpapers","url":"https:\/\/baubauwall.com\/et\/","logo":{"@type":"ImageObject","inLanguage":"et","@id":"https:\/\/baubauwall.com\/et\/#\/schema\/logo\/image\/","url":"https:\/\/baubauwall.com\/wp-content\/uploads\/2022\/03\/logo-horizontal.svg","contentUrl":"https:\/\/baubauwall.com\/wp-content\/uploads\/2022\/03\/logo-horizontal.svg","width":"1024","height":"1024","caption":"BAUBAUWALL Wallpapers"},"image":{"@id":"https:\/\/baubauwall.com\/et\/#\/schema\/logo\/image\/"},"sameAs":["https:\/\/www.facebook.com\/Baubauwall","https:\/\/www.instagram.com\/baubauwall"]}]}},"jetpack_sharing_enabled":true,"_links":{"self":[{"href":"https:\/\/baubauwall.com\/et\/wp-json\/wp\/v2\/product\/7280","targetHints":{"allow":["GET"]}}],"collection":[{"href":"https:\/\/baubauwall.com\/et\/wp-json\/wp\/v2\/product"}],"about":[{"href":"https:\/\/baubauwall.com\/et\/wp-json\/wp\/v2\/types\/product"}],"replies":[{"embeddable":true,"href":"https:\/\/baubauwall.com\/et\/wp-json\/wp\/v2\/comments?post=7280"}],"wp:featuredmedia":[{"embeddable":true,"href":"https:\/\/baubauwall.com\/et\/wp-json\/wp\/v2\/media\/7275"}],"wp:attachment":[{"href":"https:\/\/baubauwall.com\/et\/wp-json\/wp\/v2\/media?parent=7280"}],"wp:term":[{"taxonomy":"product_brand","embeddable":true,"href":"https:\/\/baubauwall.com\/et\/wp-json\/wp\/v2\/product_brand?post=7280"},{"taxonomy":"product_cat","embeddable":true,"href":"https:\/\/baubauwall.com\/et\/wp-json\/wp\/v2\/product_cat?post=7280"},{"taxonomy":"product_tag","embeddable":true,"href":"https:\/\/baubauwall.com\/et\/wp-json\/wp\/v2\/product_tag?post=7280"}],"curies":[{"name":"wp","href":"https:\/\/api.w.org\/{rel}","templated":true}]}}