{"id":7324,"date":"2022-04-25T08:30:07","date_gmt":"2022-04-25T06:30:07","guid":{"rendered":"https:\/\/baubauwall.com\/product\/line-art-abstract-faces-wallpaper\/"},"modified":"2025-05-29T12:14:10","modified_gmt":"2025-05-29T10:14:10","slug":"abstraktsed-portreed-joonetehnikas-tapeet-mustvalge","status":"publish","type":"product","link":"https:\/\/baubauwall.com\/et\/toode\/abstraktsed-portreed-joonetehnikas-tapeet-mustvalge\/","title":{"rendered":"Abstraktsed portreed joonetehnikas \u2013 mustvalge"},"content":{"rendered":"<p>Midagi t\u00f5elistele mustvalgete toonide f\u00e4nnidele! Tapeet stiilsete visandatud n\u00e4gudega joonetehnikas toovad naeratuse n\u00e4ole! Astu sisse p\u00e4ris oma kunstigaleriisse ja las iga k\u00fclaline k\u00fcsib: \u201cOi kui lahe sein! Kes tegi?\u201d. Abstraktsed graafilised n\u00e4od tapeedil on visandatud moodsas joonetehnikas. See mustvalge tapeet sobib ideaalselt aktsentseina loomiseks v\u00f5i tagasihoidlikumat rolli t\u00e4itma taustal, elad Sa suurlinna loftis v\u00f5i mujal.<\/p>\n<p><strong>Miks osta tapeet siit? Sest tapeedi valimine, tellimine ja tapeetimine on n\u00fc\u00fcd lihtne.<\/strong><\/p>\n<ul>\n<li>Eesti ettev\u00f5tte, Eestis tr\u00fckitud tapeedid<\/li>\n<li>Nummerdatud tapeedipaanid<\/li>\n<li>Just nii pikad tapeedipaanid, kui on Sinu sein<\/li>\n<li>Premium, matt fliistapeedi materjal<\/li>\n<li>M\u00fcrgivabad tr\u00fckiv\u00e4rvid, Greenguard sertifitseeritud<\/li>\n<li>Keskkonnas\u00f5bralik, j\u00e4\u00e4tmevaba tapeetimine<\/li>\n<li>Tasuta tapeediliim<\/li>\n<li>Tasuta transport ja kiire tarne 5 t\u00f6\u00f6p\u00e4evaga<\/li>\n<\/ul>\n<p>Vaata veel ideid ja ilusat tapeedimaailma meie\u00a0<a href=\"https:\/\/www.instagram.com\/baubauwall\">Instagramis!<\/a><\/p>\n","protected":false},"excerpt":{"rendered":"<p>Midagi t\u00f5elistele mustvalgete toonide f\u00e4nnidele! Tapeet stiilsete visandatud n\u00e4gudega joonetehnikas toovad naeratuse n\u00e4ole! Astu sisse p\u00e4ris oma kunstigaleriisse ja las iga k\u00fclaline k\u00fcsib: \u201cOi kui lahe sein! Kes tegi?\u201d. Abstraktsed graafilised n\u00e4od tapeedil on visandatud moodsas joonetehnikas. See mustvalge tapeet sobib ideaalselt aktsentseina loomiseks v\u00f5i tagasihoidlikumat rolli t\u00e4itma taustal, elad Sa suurlinna loftis v\u00f5i mujal. [&hellip;]<\/p>\n","protected":false},"featured_media":7307,"comment_status":"open","ping_status":"closed","template":"","meta":{"_acf_changed":false,"inline_featured_image":false},"product_brand":[],"product_cat":[386,404,405,390,392,388,266,273,410,413,414,415,416,399,402],"product_tag":[448,294],"class_list":{"0":"post-7324","1":"product","2":"type-product","3":"status-publish","4":"has-post-thumbnail","6":"product_cat-kordusmustriga-tapeedid","7":"product_cat-abstraktne","8":"product_cat-art-deco","9":"product_cat-jooned","10":"product_cat-minimalistlik","11":"product_cat-vintage-et","12":"product_cat-mustad-tapeedid","13":"product_cat-heledad-tapeedid","14":"product_cat-valge-tapeedid","15":"product_cat-magamistoa-tapeedid","16":"product_cat-soogitoa-tapeedid","17":"product_cat-kulalistetoa-tapeedid","18":"product_cat-esiku-tapeedid","19":"product_cat-kodukontori-tapeedid","20":"product_cat-elutoa-tapeedid","21":"product_tag-kunst-et","22":"product_tag-mustvalge","23":"pa_designedby-baubauwall","25":"first","26":"instock","27":"taxable","28":"shipping-taxable","29":"purchasable","30":"product-type-simple"},"acf":[],"yoast_head":"<!-- This site is optimized with the Yoast SEO plugin v25.9 - https:\/\/yoast.com\/wordpress\/plugins\/seo\/ -->\n<title>Kordusmustriga tapeet Abstraktsed portreed joonetehnikas.<\/title>\n<meta name=\"description\" content=\"Stiilne mustvalge tapeet. Tapeedidisain, mis sobib pea k\u00f5ikjale sinu kodus. Sinu seina m\u00f5\u00f5tu l\u00f5igatud disainid ja tapeedipaanid.\" \/>\n<meta name=\"robots\" content=\"index, follow, max-snippet:-1, max-image-preview:large, max-video-preview:-1\" \/>\n<link rel=\"canonical\" href=\"https:\/\/baubauwall.com\/et\/toode\/abstraktsed-portreed-joonetehnikas-tapeet-mustvalge\/\" \/>\n<meta property=\"og:locale\" content=\"et_EE\" \/>\n<meta property=\"og:type\" content=\"article\" \/>\n<meta property=\"og:title\" content=\"Kordusmustriga tapeet Abstraktsed portreed joonetehnikas.\" \/>\n<meta property=\"og:description\" content=\"Stiilne mustvalge tapeet. Tapeedidisain, mis sobib pea k\u00f5ikjale sinu kodus. Sinu seina m\u00f5\u00f5tu l\u00f5igatud disainid ja tapeedipaanid.\" \/>\n<meta property=\"og:url\" content=\"https:\/\/baubauwall.com\/et\/toode\/abstraktsed-portreed-joonetehnikas-tapeet-mustvalge\/\" \/>\n<meta property=\"og:site_name\" content=\"BAUBAUWALL TAPEEDID\" \/>\n<meta property=\"article:publisher\" content=\"https:\/\/www.facebook.com\/Baubauwall\" \/>\n<meta property=\"article:modified_time\" content=\"2025-05-29T10:14:10+00:00\" \/>\n<meta property=\"og:image\" content=\"https:\/\/baubauwall.com\/wp-content\/uploads\/2022\/04\/51100172_LineartFaces-blacknwhite_Baubauwall_Wallpaper_room2-2.jpg\" \/>\n\t<meta property=\"og:image:width\" content=\"1200\" \/>\n\t<meta property=\"og:image:height\" content=\"800\" \/>\n\t<meta property=\"og:image:type\" content=\"image\/jpeg\" \/>\n<meta name=\"twitter:card\" content=\"summary_large_image\" \/>\n<meta name=\"twitter:label1\" content=\"Est. reading time\" \/>\n\t<meta name=\"twitter:data1\" content=\"1 minut\" \/>\n<script type=\"application\/ld+json\" class=\"yoast-schema-graph\">{\"@context\":\"https:\/\/schema.org\",\"@graph\":[{\"@type\":\"WebPage\",\"@id\":\"https:\/\/baubauwall.com\/et\/toode\/abstraktsed-portreed-joonetehnikas-tapeet-mustvalge\/\",\"url\":\"https:\/\/baubauwall.com\/et\/toode\/abstraktsed-portreed-joonetehnikas-tapeet-mustvalge\/\",\"name\":\"Kordusmustriga tapeet Abstraktsed portreed joonetehnikas.\",\"isPartOf\":{\"@id\":\"https:\/\/baubauwall.com\/et\/#website\"},\"primaryImageOfPage\":{\"@id\":\"https:\/\/baubauwall.com\/et\/toode\/abstraktsed-portreed-joonetehnikas-tapeet-mustvalge\/#primaryimage\"},\"image\":{\"@id\":\"https:\/\/baubauwall.com\/et\/toode\/abstraktsed-portreed-joonetehnikas-tapeet-mustvalge\/#primaryimage\"},\"thumbnailUrl\":\"https:\/\/baubauwall.com\/wp-content\/uploads\/2022\/04\/51100172_LineartFaces-blacknwhite_Baubauwall_Wallpaper_room2-2.jpg\",\"datePublished\":\"2022-04-25T06:30:07+00:00\",\"dateModified\":\"2025-05-29T10:14:10+00:00\",\"description\":\"Stiilne mustvalge tapeet. Tapeedidisain, mis sobib pea k\u00f5ikjale sinu kodus. Sinu seina m\u00f5\u00f5tu l\u00f5igatud disainid ja tapeedipaanid.\",\"breadcrumb\":{\"@id\":\"https:\/\/baubauwall.com\/et\/toode\/abstraktsed-portreed-joonetehnikas-tapeet-mustvalge\/#breadcrumb\"},\"inLanguage\":\"et\",\"potentialAction\":[{\"@type\":\"ReadAction\",\"target\":[\"https:\/\/baubauwall.com\/et\/toode\/abstraktsed-portreed-joonetehnikas-tapeet-mustvalge\/\"]}]},{\"@type\":\"ImageObject\",\"inLanguage\":\"et\",\"@id\":\"https:\/\/baubauwall.com\/et\/toode\/abstraktsed-portreed-joonetehnikas-tapeet-mustvalge\/#primaryimage\",\"url\":\"https:\/\/baubauwall.com\/wp-content\/uploads\/2022\/04\/51100172_LineartFaces-blacknwhite_Baubauwall_Wallpaper_room2-2.jpg\",\"contentUrl\":\"https:\/\/baubauwall.com\/wp-content\/uploads\/2022\/04\/51100172_LineartFaces-blacknwhite_Baubauwall_Wallpaper_room2-2.jpg\",\"width\":1200,\"height\":800},{\"@type\":\"BreadcrumbList\",\"@id\":\"https:\/\/baubauwall.com\/et\/toode\/abstraktsed-portreed-joonetehnikas-tapeet-mustvalge\/#breadcrumb\",\"itemListElement\":[{\"@type\":\"ListItem\",\"position\":1,\"name\":\"Koju\",\"item\":\"https:\/\/baubauwall.com\/et\/\"},{\"@type\":\"ListItem\",\"position\":2,\"name\":\"Tapeedid\",\"item\":\"https:\/\/baubauwall.com\/et\/tapeedid\/\"},{\"@type\":\"ListItem\",\"position\":3,\"name\":\"Abstraktsed portreed joonetehnikas \u2013 mustvalge\"}]},{\"@type\":\"WebSite\",\"@id\":\"https:\/\/baubauwall.com\/et\/#website\",\"url\":\"https:\/\/baubauwall.com\/et\/\",\"name\":\"BAUBAUWALL Wallpapers\",\"description\":\"Valmis paanides tapeet Eestist!\",\"publisher\":{\"@id\":\"https:\/\/baubauwall.com\/et\/#organization\"},\"potentialAction\":[{\"@type\":\"SearchAction\",\"target\":{\"@type\":\"EntryPoint\",\"urlTemplate\":\"https:\/\/baubauwall.com\/et\/?s={search_term_string}\"},\"query-input\":{\"@type\":\"PropertyValueSpecification\",\"valueRequired\":true,\"valueName\":\"search_term_string\"}}],\"inLanguage\":\"et\"},{\"@type\":\"Organization\",\"@id\":\"https:\/\/baubauwall.com\/et\/#organization\",\"name\":\"BAUBAUWALL Wallpapers\",\"url\":\"https:\/\/baubauwall.com\/et\/\",\"logo\":{\"@type\":\"ImageObject\",\"inLanguage\":\"et\",\"@id\":\"https:\/\/baubauwall.com\/et\/#\/schema\/logo\/image\/\",\"url\":\"https:\/\/baubauwall.com\/wp-content\/uploads\/2022\/03\/logo-horizontal.svg\",\"contentUrl\":\"https:\/\/baubauwall.com\/wp-content\/uploads\/2022\/03\/logo-horizontal.svg\",\"width\":\"1024\",\"height\":\"1024\",\"caption\":\"BAUBAUWALL Wallpapers\"},\"image\":{\"@id\":\"https:\/\/baubauwall.com\/et\/#\/schema\/logo\/image\/\"},\"sameAs\":[\"https:\/\/www.facebook.com\/Baubauwall\",\"https:\/\/www.instagram.com\/baubauwall\"]}]}<\/script>\n<!-- \/ Yoast SEO plugin. -->","yoast_head_json":{"title":"Kordusmustriga tapeet Abstraktsed portreed joonetehnikas.","description":"Stiilne mustvalge tapeet. Tapeedidisain, mis sobib pea k\u00f5ikjale sinu kodus. Sinu seina m\u00f5\u00f5tu l\u00f5igatud disainid ja tapeedipaanid.","robots":{"index":"index","follow":"follow","max-snippet":"max-snippet:-1","max-image-preview":"max-image-preview:large","max-video-preview":"max-video-preview:-1"},"canonical":"https:\/\/baubauwall.com\/et\/toode\/abstraktsed-portreed-joonetehnikas-tapeet-mustvalge\/","og_locale":"et_EE","og_type":"article","og_title":"Kordusmustriga tapeet Abstraktsed portreed joonetehnikas.","og_description":"Stiilne mustvalge tapeet. Tapeedidisain, mis sobib pea k\u00f5ikjale sinu kodus. Sinu seina m\u00f5\u00f5tu l\u00f5igatud disainid ja tapeedipaanid.","og_url":"https:\/\/baubauwall.com\/et\/toode\/abstraktsed-portreed-joonetehnikas-tapeet-mustvalge\/","og_site_name":"BAUBAUWALL TAPEEDID","article_publisher":"https:\/\/www.facebook.com\/Baubauwall","article_modified_time":"2025-05-29T10:14:10+00:00","og_image":[{"width":1200,"height":800,"url":"https:\/\/baubauwall.com\/wp-content\/uploads\/2022\/04\/51100172_LineartFaces-blacknwhite_Baubauwall_Wallpaper_room2-2.jpg","type":"image\/jpeg"}],"twitter_card":"summary_large_image","twitter_misc":{"Est. reading time":"1 minut"},"schema":{"@context":"https:\/\/schema.org","@graph":[{"@type":"WebPage","@id":"https:\/\/baubauwall.com\/et\/toode\/abstraktsed-portreed-joonetehnikas-tapeet-mustvalge\/","url":"https:\/\/baubauwall.com\/et\/toode\/abstraktsed-portreed-joonetehnikas-tapeet-mustvalge\/","name":"Kordusmustriga tapeet Abstraktsed portreed joonetehnikas.","isPartOf":{"@id":"https:\/\/baubauwall.com\/et\/#website"},"primaryImageOfPage":{"@id":"https:\/\/baubauwall.com\/et\/toode\/abstraktsed-portreed-joonetehnikas-tapeet-mustvalge\/#primaryimage"},"image":{"@id":"https:\/\/baubauwall.com\/et\/toode\/abstraktsed-portreed-joonetehnikas-tapeet-mustvalge\/#primaryimage"},"thumbnailUrl":"https:\/\/baubauwall.com\/wp-content\/uploads\/2022\/04\/51100172_LineartFaces-blacknwhite_Baubauwall_Wallpaper_room2-2.jpg","datePublished":"2022-04-25T06:30:07+00:00","dateModified":"2025-05-29T10:14:10+00:00","description":"Stiilne mustvalge tapeet. Tapeedidisain, mis sobib pea k\u00f5ikjale sinu kodus. Sinu seina m\u00f5\u00f5tu l\u00f5igatud disainid ja tapeedipaanid.","breadcrumb":{"@id":"https:\/\/baubauwall.com\/et\/toode\/abstraktsed-portreed-joonetehnikas-tapeet-mustvalge\/#breadcrumb"},"inLanguage":"et","potentialAction":[{"@type":"ReadAction","target":["https:\/\/baubauwall.com\/et\/toode\/abstraktsed-portreed-joonetehnikas-tapeet-mustvalge\/"]}]},{"@type":"ImageObject","inLanguage":"et","@id":"https:\/\/baubauwall.com\/et\/toode\/abstraktsed-portreed-joonetehnikas-tapeet-mustvalge\/#primaryimage","url":"https:\/\/baubauwall.com\/wp-content\/uploads\/2022\/04\/51100172_LineartFaces-blacknwhite_Baubauwall_Wallpaper_room2-2.jpg","contentUrl":"https:\/\/baubauwall.com\/wp-content\/uploads\/2022\/04\/51100172_LineartFaces-blacknwhite_Baubauwall_Wallpaper_room2-2.jpg","width":1200,"height":800},{"@type":"BreadcrumbList","@id":"https:\/\/baubauwall.com\/et\/toode\/abstraktsed-portreed-joonetehnikas-tapeet-mustvalge\/#breadcrumb","itemListElement":[{"@type":"ListItem","position":1,"name":"Koju","item":"https:\/\/baubauwall.com\/et\/"},{"@type":"ListItem","position":2,"name":"Tapeedid","item":"https:\/\/baubauwall.com\/et\/tapeedid\/"},{"@type":"ListItem","position":3,"name":"Abstraktsed portreed joonetehnikas \u2013 mustvalge"}]},{"@type":"WebSite","@id":"https:\/\/baubauwall.com\/et\/#website","url":"https:\/\/baubauwall.com\/et\/","name":"BAUBAUWALL Wallpapers","description":"Valmis paanides tapeet Eestist!","publisher":{"@id":"https:\/\/baubauwall.com\/et\/#organization"},"potentialAction":[{"@type":"SearchAction","target":{"@type":"EntryPoint","urlTemplate":"https:\/\/baubauwall.com\/et\/?s={search_term_string}"},"query-input":{"@type":"PropertyValueSpecification","valueRequired":true,"valueName":"search_term_string"}}],"inLanguage":"et"},{"@type":"Organization","@id":"https:\/\/baubauwall.com\/et\/#organization","name":"BAUBAUWALL Wallpapers","url":"https:\/\/baubauwall.com\/et\/","logo":{"@type":"ImageObject","inLanguage":"et","@id":"https:\/\/baubauwall.com\/et\/#\/schema\/logo\/image\/","url":"https:\/\/baubauwall.com\/wp-content\/uploads\/2022\/03\/logo-horizontal.svg","contentUrl":"https:\/\/baubauwall.com\/wp-content\/uploads\/2022\/03\/logo-horizontal.svg","width":"1024","height":"1024","caption":"BAUBAUWALL Wallpapers"},"image":{"@id":"https:\/\/baubauwall.com\/et\/#\/schema\/logo\/image\/"},"sameAs":["https:\/\/www.facebook.com\/Baubauwall","https:\/\/www.instagram.com\/baubauwall"]}]}},"jetpack_sharing_enabled":true,"_links":{"self":[{"href":"https:\/\/baubauwall.com\/et\/wp-json\/wp\/v2\/product\/7324","targetHints":{"allow":["GET"]}}],"collection":[{"href":"https:\/\/baubauwall.com\/et\/wp-json\/wp\/v2\/product"}],"about":[{"href":"https:\/\/baubauwall.com\/et\/wp-json\/wp\/v2\/types\/product"}],"replies":[{"embeddable":true,"href":"https:\/\/baubauwall.com\/et\/wp-json\/wp\/v2\/comments?post=7324"}],"wp:featuredmedia":[{"embeddable":true,"href":"https:\/\/baubauwall.com\/et\/wp-json\/wp\/v2\/media\/7307"}],"wp:attachment":[{"href":"https:\/\/baubauwall.com\/et\/wp-json\/wp\/v2\/media?parent=7324"}],"wp:term":[{"taxonomy":"product_brand","embeddable":true,"href":"https:\/\/baubauwall.com\/et\/wp-json\/wp\/v2\/product_brand?post=7324"},{"taxonomy":"product_cat","embeddable":true,"href":"https:\/\/baubauwall.com\/et\/wp-json\/wp\/v2\/product_cat?post=7324"},{"taxonomy":"product_tag","embeddable":true,"href":"https:\/\/baubauwall.com\/et\/wp-json\/wp\/v2\/product_tag?post=7324"}],"curies":[{"name":"wp","href":"https:\/\/api.w.org\/{rel}","templated":true}]}}