{"id":7428,"date":"2022-04-25T08:31:18","date_gmt":"2022-04-25T06:31:18","guid":{"rendered":"https:\/\/baubauwall.com\/product\/royal-peacocks-wallpaper-black\/"},"modified":"2022-09-09T09:41:20","modified_gmt":"2022-09-09T07:41:20","slug":"tapeet-kuninglik-paabulinnuaed-must","status":"publish","type":"product","link":"https:\/\/baubauwall.com\/et\/toode\/tapeet-kuninglik-paabulinnuaed-must\/","title":{"rendered":"Kuninglik paabulinnuaed &#8211; must"},"content":{"rendered":"<p>Kuninglikud paabulinnud v\u00f5iksid uidata Sinu magamistoa seintel v\u00f5i luua elutoas stiilselt rabava efekti. Elegantseid linde \u00fcmbritsevad rohelised lehed ja v\u00e4rvilised \u00f5ied viivad Su r\u00e4ndama kaugetele maadele. S\u00fcgaval mustal taustal, lillede ja lehtedega luksuslik paabulindudega tapeedimuster on inspireeritud <em>chinoiserie<\/em> ehk aasia kunsti euroopaliku t\u00f5lgendamise stiilist. T\u00f5eliselt stiilne ja l\u00e4bim\u00f5eldud tapeedikujundus, mis on lihtsalt suursugune.<\/p>\n<p>Ilus paabulinnutapeet on meil olemas ka rohelise ja valge taustaga. Loe veel trendikatest tumedates toonides tapeetidest meie\u00a0<a href=\"https:\/\/baubauwall.com\/et\/uudised\/autumn-wallpaper-trends\/\" target=\"_blank\" rel=\"noopener\">ajakirjast.<\/a><\/p>\n","protected":false},"excerpt":{"rendered":"<p>Kuninglikud paabulinnud v\u00f5iksid uidata Sinu magamistoa seintel v\u00f5i luua elutoas stiilselt rabava efekti. Elegantseid linde \u00fcmbritsevad rohelised lehed ja v\u00e4rvilised \u00f5ied viivad Su r\u00e4ndama kaugetele maadele. S\u00fcgaval mustal taustal, lillede ja lehtedega luksuslik paabulindudega tapeedimuster on inspireeritud chinoiserie ehk aasia kunsti euroopaliku t\u00f5lgendamise stiilist. T\u00f5eliselt stiilne ja l\u00e4bim\u00f5eldud tapeedikujundus, mis on lihtsalt suursugune. Ilus paabulinnutapeet [&hellip;]<\/p>\n","protected":false},"featured_media":7415,"comment_status":"open","ping_status":"closed","template":"","meta":{"_acf_changed":false,"inline_featured_image":false},"product_brand":[],"product_cat":[386,395,447,394,393,266,270,271,413,414,415,416,402,254,257],"product_tag":[303],"class_list":{"0":"post-7428","1":"product","2":"type-product","3":"status-publish","4":"has-post-thumbnail","6":"product_cat-kordusmustriga-tapeedid","7":"product_cat-romantiline","8":"product_cat-maksimalistlik-et","9":"product_cat-rikkalik","10":"product_cat-idamaine","11":"product_cat-mustad-tapeedid","12":"product_cat-tumedad-tapeedid","13":"product_cat-rohelised-tapeedid","14":"product_cat-magamistoa-tapeedid","15":"product_cat-soogitoa-tapeedid","16":"product_cat-kulalistetoa-tapeedid","17":"product_cat-esiku-tapeedid","18":"product_cat-elutoa-tapeedid","19":"product_cat-loodus","20":"product_cat-linnud","21":"product_tag-chinoiserie-idamaine","22":"pa_designedby-baubauwall","24":"first","25":"instock","26":"taxable","27":"shipping-taxable","28":"purchasable","29":"product-type-simple"},"acf":[],"yoast_head":"<!-- This site is optimized with the Yoast SEO plugin v25.9 - https:\/\/yoast.com\/wordpress\/plugins\/seo\/ -->\n<title>Tapeet Kuninglikud paabulinnud jalutamas tumedas idamaises aias<\/title>\n<meta name=\"description\" content=\"Tume luksuslik chinoiserie tapeet paabulindudega. Sinu seina m\u00f5\u00f5dus tapeedid. Paanid, millel muster jookseb justkui n\u00f5iav\u00e4el kokku. Ainulaadsed disainid.\" \/>\n<meta name=\"robots\" content=\"index, follow, max-snippet:-1, max-image-preview:large, max-video-preview:-1\" \/>\n<link rel=\"canonical\" href=\"https:\/\/baubauwall.com\/et\/toode\/tapeet-kuninglik-paabulinnuaed-must\/\" \/>\n<meta property=\"og:locale\" content=\"et_EE\" \/>\n<meta property=\"og:type\" content=\"article\" \/>\n<meta property=\"og:title\" content=\"Kuninglik paabulinnuaed - must\" \/>\n<meta property=\"og:description\" content=\"BAUBAUWALL TAPEEDID\" \/>\n<meta property=\"og:url\" content=\"https:\/\/baubauwall.com\/et\/toode\/tapeet-kuninglik-paabulinnuaed-must\/\" \/>\n<meta property=\"og:site_name\" content=\"BAUBAUWALL TAPEEDID\" \/>\n<meta property=\"article:publisher\" content=\"https:\/\/www.facebook.com\/Baubauwall\" \/>\n<meta property=\"article:modified_time\" content=\"2022-09-09T07:41:20+00:00\" \/>\n<meta property=\"og:image\" content=\"https:\/\/baubauwall.com\/wp-content\/uploads\/2022\/04\/51100174_RoyalPeacocks-black_Baubauwall_Wallpaper_room7-3.jpg\" \/>\n\t<meta property=\"og:image:width\" content=\"1068\" \/>\n\t<meta property=\"og:image:height\" content=\"800\" \/>\n\t<meta property=\"og:image:type\" content=\"image\/jpeg\" \/>\n<meta name=\"twitter:card\" content=\"summary_large_image\" \/>\n<meta name=\"twitter:label1\" content=\"Est. reading time\" \/>\n\t<meta name=\"twitter:data1\" content=\"1 minut\" \/>\n<script type=\"application\/ld+json\" class=\"yoast-schema-graph\">{\"@context\":\"https:\/\/schema.org\",\"@graph\":[{\"@type\":\"WebPage\",\"@id\":\"https:\/\/baubauwall.com\/et\/toode\/tapeet-kuninglik-paabulinnuaed-must\/\",\"url\":\"https:\/\/baubauwall.com\/et\/toode\/tapeet-kuninglik-paabulinnuaed-must\/\",\"name\":\"Tapeet Kuninglikud paabulinnud jalutamas tumedas idamaises aias\",\"isPartOf\":{\"@id\":\"https:\/\/baubauwall.com\/et\/#website\"},\"primaryImageOfPage\":{\"@id\":\"https:\/\/baubauwall.com\/et\/toode\/tapeet-kuninglik-paabulinnuaed-must\/#primaryimage\"},\"image\":{\"@id\":\"https:\/\/baubauwall.com\/et\/toode\/tapeet-kuninglik-paabulinnuaed-must\/#primaryimage\"},\"thumbnailUrl\":\"https:\/\/baubauwall.com\/wp-content\/uploads\/2022\/04\/51100174_RoyalPeacocks-black_Baubauwall_Wallpaper_room7-5.jpg\",\"datePublished\":\"2022-04-25T06:31:18+00:00\",\"dateModified\":\"2022-09-09T07:41:20+00:00\",\"description\":\"Tume luksuslik chinoiserie tapeet paabulindudega. Sinu seina m\u00f5\u00f5dus tapeedid. Paanid, millel muster jookseb justkui n\u00f5iav\u00e4el kokku. Ainulaadsed disainid.\",\"breadcrumb\":{\"@id\":\"https:\/\/baubauwall.com\/et\/toode\/tapeet-kuninglik-paabulinnuaed-must\/#breadcrumb\"},\"inLanguage\":\"et\",\"potentialAction\":[{\"@type\":\"ReadAction\",\"target\":[\"https:\/\/baubauwall.com\/et\/toode\/tapeet-kuninglik-paabulinnuaed-must\/\"]}]},{\"@type\":\"ImageObject\",\"inLanguage\":\"et\",\"@id\":\"https:\/\/baubauwall.com\/et\/toode\/tapeet-kuninglik-paabulinnuaed-must\/#primaryimage\",\"url\":\"https:\/\/baubauwall.com\/wp-content\/uploads\/2022\/04\/51100174_RoyalPeacocks-black_Baubauwall_Wallpaper_room7-5.jpg\",\"contentUrl\":\"https:\/\/baubauwall.com\/wp-content\/uploads\/2022\/04\/51100174_RoyalPeacocks-black_Baubauwall_Wallpaper_room7-5.jpg\",\"width\":1200,\"height\":800,\"caption\":\"Prettiest peacock wallpaper\"},{\"@type\":\"BreadcrumbList\",\"@id\":\"https:\/\/baubauwall.com\/et\/toode\/tapeet-kuninglik-paabulinnuaed-must\/#breadcrumb\",\"itemListElement\":[{\"@type\":\"ListItem\",\"position\":1,\"name\":\"Koju\",\"item\":\"https:\/\/baubauwall.com\/et\/\"},{\"@type\":\"ListItem\",\"position\":2,\"name\":\"Tapeedid\",\"item\":\"https:\/\/baubauwall.com\/et\/tapeedid\/\"},{\"@type\":\"ListItem\",\"position\":3,\"name\":\"Kuninglik paabulinnuaed &#8211; must\"}]},{\"@type\":\"WebSite\",\"@id\":\"https:\/\/baubauwall.com\/et\/#website\",\"url\":\"https:\/\/baubauwall.com\/et\/\",\"name\":\"BAUBAUWALL Wallpapers\",\"description\":\"Valmis paanides tapeet Eestist!\",\"publisher\":{\"@id\":\"https:\/\/baubauwall.com\/et\/#organization\"},\"potentialAction\":[{\"@type\":\"SearchAction\",\"target\":{\"@type\":\"EntryPoint\",\"urlTemplate\":\"https:\/\/baubauwall.com\/et\/?s={search_term_string}\"},\"query-input\":{\"@type\":\"PropertyValueSpecification\",\"valueRequired\":true,\"valueName\":\"search_term_string\"}}],\"inLanguage\":\"et\"},{\"@type\":\"Organization\",\"@id\":\"https:\/\/baubauwall.com\/et\/#organization\",\"name\":\"BAUBAUWALL Wallpapers\",\"url\":\"https:\/\/baubauwall.com\/et\/\",\"logo\":{\"@type\":\"ImageObject\",\"inLanguage\":\"et\",\"@id\":\"https:\/\/baubauwall.com\/et\/#\/schema\/logo\/image\/\",\"url\":\"https:\/\/baubauwall.com\/wp-content\/uploads\/2022\/03\/logo-horizontal.svg\",\"contentUrl\":\"https:\/\/baubauwall.com\/wp-content\/uploads\/2022\/03\/logo-horizontal.svg\",\"width\":\"1024\",\"height\":\"1024\",\"caption\":\"BAUBAUWALL Wallpapers\"},\"image\":{\"@id\":\"https:\/\/baubauwall.com\/et\/#\/schema\/logo\/image\/\"},\"sameAs\":[\"https:\/\/www.facebook.com\/Baubauwall\",\"https:\/\/www.instagram.com\/baubauwall\"]}]}<\/script>\n<!-- \/ Yoast SEO plugin. -->","yoast_head_json":{"title":"Tapeet Kuninglikud paabulinnud jalutamas tumedas idamaises aias","description":"Tume luksuslik chinoiserie tapeet paabulindudega. Sinu seina m\u00f5\u00f5dus tapeedid. Paanid, millel muster jookseb justkui n\u00f5iav\u00e4el kokku. Ainulaadsed disainid.","robots":{"index":"index","follow":"follow","max-snippet":"max-snippet:-1","max-image-preview":"max-image-preview:large","max-video-preview":"max-video-preview:-1"},"canonical":"https:\/\/baubauwall.com\/et\/toode\/tapeet-kuninglik-paabulinnuaed-must\/","og_locale":"et_EE","og_type":"article","og_title":"Kuninglik paabulinnuaed - must","og_description":"BAUBAUWALL TAPEEDID","og_url":"https:\/\/baubauwall.com\/et\/toode\/tapeet-kuninglik-paabulinnuaed-must\/","og_site_name":"BAUBAUWALL TAPEEDID","article_publisher":"https:\/\/www.facebook.com\/Baubauwall","article_modified_time":"2022-09-09T07:41:20+00:00","og_image":[{"width":1068,"height":800,"url":"https:\/\/baubauwall.com\/wp-content\/uploads\/2022\/04\/51100174_RoyalPeacocks-black_Baubauwall_Wallpaper_room7-3.jpg","type":"image\/jpeg"}],"twitter_card":"summary_large_image","twitter_misc":{"Est. reading time":"1 minut"},"schema":{"@context":"https:\/\/schema.org","@graph":[{"@type":"WebPage","@id":"https:\/\/baubauwall.com\/et\/toode\/tapeet-kuninglik-paabulinnuaed-must\/","url":"https:\/\/baubauwall.com\/et\/toode\/tapeet-kuninglik-paabulinnuaed-must\/","name":"Tapeet Kuninglikud paabulinnud jalutamas tumedas idamaises aias","isPartOf":{"@id":"https:\/\/baubauwall.com\/et\/#website"},"primaryImageOfPage":{"@id":"https:\/\/baubauwall.com\/et\/toode\/tapeet-kuninglik-paabulinnuaed-must\/#primaryimage"},"image":{"@id":"https:\/\/baubauwall.com\/et\/toode\/tapeet-kuninglik-paabulinnuaed-must\/#primaryimage"},"thumbnailUrl":"https:\/\/baubauwall.com\/wp-content\/uploads\/2022\/04\/51100174_RoyalPeacocks-black_Baubauwall_Wallpaper_room7-5.jpg","datePublished":"2022-04-25T06:31:18+00:00","dateModified":"2022-09-09T07:41:20+00:00","description":"Tume luksuslik chinoiserie tapeet paabulindudega. Sinu seina m\u00f5\u00f5dus tapeedid. Paanid, millel muster jookseb justkui n\u00f5iav\u00e4el kokku. Ainulaadsed disainid.","breadcrumb":{"@id":"https:\/\/baubauwall.com\/et\/toode\/tapeet-kuninglik-paabulinnuaed-must\/#breadcrumb"},"inLanguage":"et","potentialAction":[{"@type":"ReadAction","target":["https:\/\/baubauwall.com\/et\/toode\/tapeet-kuninglik-paabulinnuaed-must\/"]}]},{"@type":"ImageObject","inLanguage":"et","@id":"https:\/\/baubauwall.com\/et\/toode\/tapeet-kuninglik-paabulinnuaed-must\/#primaryimage","url":"https:\/\/baubauwall.com\/wp-content\/uploads\/2022\/04\/51100174_RoyalPeacocks-black_Baubauwall_Wallpaper_room7-5.jpg","contentUrl":"https:\/\/baubauwall.com\/wp-content\/uploads\/2022\/04\/51100174_RoyalPeacocks-black_Baubauwall_Wallpaper_room7-5.jpg","width":1200,"height":800,"caption":"Prettiest peacock wallpaper"},{"@type":"BreadcrumbList","@id":"https:\/\/baubauwall.com\/et\/toode\/tapeet-kuninglik-paabulinnuaed-must\/#breadcrumb","itemListElement":[{"@type":"ListItem","position":1,"name":"Koju","item":"https:\/\/baubauwall.com\/et\/"},{"@type":"ListItem","position":2,"name":"Tapeedid","item":"https:\/\/baubauwall.com\/et\/tapeedid\/"},{"@type":"ListItem","position":3,"name":"Kuninglik paabulinnuaed &#8211; must"}]},{"@type":"WebSite","@id":"https:\/\/baubauwall.com\/et\/#website","url":"https:\/\/baubauwall.com\/et\/","name":"BAUBAUWALL Wallpapers","description":"Valmis paanides tapeet Eestist!","publisher":{"@id":"https:\/\/baubauwall.com\/et\/#organization"},"potentialAction":[{"@type":"SearchAction","target":{"@type":"EntryPoint","urlTemplate":"https:\/\/baubauwall.com\/et\/?s={search_term_string}"},"query-input":{"@type":"PropertyValueSpecification","valueRequired":true,"valueName":"search_term_string"}}],"inLanguage":"et"},{"@type":"Organization","@id":"https:\/\/baubauwall.com\/et\/#organization","name":"BAUBAUWALL Wallpapers","url":"https:\/\/baubauwall.com\/et\/","logo":{"@type":"ImageObject","inLanguage":"et","@id":"https:\/\/baubauwall.com\/et\/#\/schema\/logo\/image\/","url":"https:\/\/baubauwall.com\/wp-content\/uploads\/2022\/03\/logo-horizontal.svg","contentUrl":"https:\/\/baubauwall.com\/wp-content\/uploads\/2022\/03\/logo-horizontal.svg","width":"1024","height":"1024","caption":"BAUBAUWALL Wallpapers"},"image":{"@id":"https:\/\/baubauwall.com\/et\/#\/schema\/logo\/image\/"},"sameAs":["https:\/\/www.facebook.com\/Baubauwall","https:\/\/www.instagram.com\/baubauwall"]}]}},"jetpack_sharing_enabled":true,"_links":{"self":[{"href":"https:\/\/baubauwall.com\/et\/wp-json\/wp\/v2\/product\/7428","targetHints":{"allow":["GET"]}}],"collection":[{"href":"https:\/\/baubauwall.com\/et\/wp-json\/wp\/v2\/product"}],"about":[{"href":"https:\/\/baubauwall.com\/et\/wp-json\/wp\/v2\/types\/product"}],"replies":[{"embeddable":true,"href":"https:\/\/baubauwall.com\/et\/wp-json\/wp\/v2\/comments?post=7428"}],"wp:featuredmedia":[{"embeddable":true,"href":"https:\/\/baubauwall.com\/et\/wp-json\/wp\/v2\/media\/7415"}],"wp:attachment":[{"href":"https:\/\/baubauwall.com\/et\/wp-json\/wp\/v2\/media?parent=7428"}],"wp:term":[{"taxonomy":"product_brand","embeddable":true,"href":"https:\/\/baubauwall.com\/et\/wp-json\/wp\/v2\/product_brand?post=7428"},{"taxonomy":"product_cat","embeddable":true,"href":"https:\/\/baubauwall.com\/et\/wp-json\/wp\/v2\/product_cat?post=7428"},{"taxonomy":"product_tag","embeddable":true,"href":"https:\/\/baubauwall.com\/et\/wp-json\/wp\/v2\/product_tag?post=7428"}],"curies":[{"name":"wp","href":"https:\/\/api.w.org\/{rel}","templated":true}]}}