{"id":7450,"date":"2022-04-25T08:30:20","date_gmt":"2022-04-25T06:30:20","guid":{"rendered":"https:\/\/baubauwall.com\/product\/wallpaper-royal-peacocks-white\/"},"modified":"2024-03-08T16:17:04","modified_gmt":"2024-03-08T14:17:04","slug":"tapeet-kuninglik-paabulinnuaed-valge","status":"publish","type":"product","link":"https:\/\/baubauwall.com\/et\/toode\/tapeet-kuninglik-paabulinnuaed-valge\/","title":{"rendered":"Kuninglik paabulinnuaed &#8211; valge"},"content":{"rendered":"<p>Kuninglikud paabulinnud v\u00f5iksid uidata Sinu magamistoa seintel v\u00f5i luua elutoas stiilselt rabava efekti. Elegantseid linde \u00fcmbritsevad rohelised lehed ja v\u00e4rvilised \u00f5ied viivad Su r\u00e4ndama kaugetele maadele. Valge tausta, lillede ja lehtedega luksuslik paabulindudega tapeedimuster on inspireeritud <em>chinoiserie<\/em> ehk aasia kunsti euroopaliku t\u00f5lgendamise stiilist. T\u00f5eliselt stiilne ja l\u00e4bim\u00f5eldud tapeedikujundus, mis on lihtsalt suursugune.<\/p>\n<p>Ilus paabulinnutapeet on meil olemas ka rohelise ja musta taustaga.<\/p>\n<p><strong>Nagu k\u00f5ik Baubauwalli kordusmustriga tapeedid ja pilttapeedid, on ka see imeilus disain tr\u00fckitud\u00a0<a href=\"https:\/\/baubauwall.com\/et\/keskkonnasobralikud-tapeedid\/\" target=\"_blank\" rel=\"noopener\">keskkonnas\u00f5bralike v\u00e4rvidega<\/a>, hingavale fliistapeedi materjalile, mis ei l\u00e4igi ja on lihtne paigaldada. Sinu uus tapeet tuleb valmis l\u00f5igatud ning nummerdatud paanides, mis on t\u00e4pselt nii k\u00f5rged, kui Sinu sein.\u00a0<\/strong><\/p>\n","protected":false},"excerpt":{"rendered":"<p>Kuninglikud paabulinnud v\u00f5iksid uidata Sinu magamistoa seintel v\u00f5i luua elutoas stiilselt rabava efekti. Elegantseid linde \u00fcmbritsevad rohelised lehed ja v\u00e4rvilised \u00f5ied viivad Su r\u00e4ndama kaugetele maadele. Valge tausta, lillede ja lehtedega luksuslik paabulindudega tapeedimuster on inspireeritud chinoiserie ehk aasia kunsti euroopaliku t\u00f5lgendamise stiilist. T\u00f5eliselt stiilne ja l\u00e4bim\u00f5eldud tapeedikujundus, mis on lihtsalt suursugune. Ilus paabulinnutapeet on [&hellip;]<\/p>\n","protected":false},"featured_media":7449,"comment_status":"open","ping_status":"closed","template":"","meta":{"_acf_changed":false,"inline_featured_image":false},"product_brand":[],"product_cat":[386,395,393,271,410,413,414,415,416,399,402,254,257],"product_tag":[563,303],"class_list":{"0":"post-7450","1":"product","2":"type-product","3":"status-publish","4":"has-post-thumbnail","6":"product_cat-kordusmustriga-tapeedid","7":"product_cat-romantiline","8":"product_cat-idamaine","9":"product_cat-rohelised-tapeedid","10":"product_cat-valge-tapeedid","11":"product_cat-magamistoa-tapeedid","12":"product_cat-soogitoa-tapeedid","13":"product_cat-kulalistetoa-tapeedid","14":"product_cat-esiku-tapeedid","15":"product_cat-kodukontori-tapeedid","16":"product_cat-elutoa-tapeedid","17":"product_cat-loodus","18":"product_cat-linnud","19":"product_tag-biofiilia-stiil","20":"product_tag-chinoiserie-idamaine","21":"pa_designedby-baubauwall","23":"first","24":"instock","25":"taxable","26":"shipping-taxable","27":"purchasable","28":"product-type-simple"},"acf":[],"yoast_head":"<!-- This site is optimized with the Yoast SEO plugin v25.9 - https:\/\/yoast.com\/wordpress\/plugins\/seo\/ -->\n<title>Tapeet Kuninglikud paabulinnud jalutamas idamaises aias<\/title>\n<meta name=\"description\" content=\"Hele tapeet paabulindudega. Sinu seina m\u00f5\u00f5dus tapeedid, paanid, millel muster jookseb justkui n\u00f5iav\u00e4el kokku. Ainulaadsed disainid.\" \/>\n<meta name=\"robots\" content=\"index, follow, max-snippet:-1, max-image-preview:large, max-video-preview:-1\" \/>\n<link rel=\"canonical\" href=\"https:\/\/baubauwall.com\/et\/toode\/tapeet-kuninglik-paabulinnuaed-valge\/\" \/>\n<meta property=\"og:locale\" content=\"et_EE\" \/>\n<meta property=\"og:type\" content=\"article\" \/>\n<meta property=\"og:title\" content=\"Tapeet Kuninglikud paabulinnud jalutamas idamaises aias\" \/>\n<meta property=\"og:description\" content=\"Hele tapeet paabulindudega. Sinu seina m\u00f5\u00f5dus tapeedid, paanid, millel muster jookseb justkui n\u00f5iav\u00e4el kokku. Ainulaadsed disainid.\" \/>\n<meta property=\"og:url\" content=\"https:\/\/baubauwall.com\/et\/toode\/tapeet-kuninglik-paabulinnuaed-valge\/\" \/>\n<meta property=\"og:site_name\" content=\"BAUBAUWALL TAPEEDID\" \/>\n<meta property=\"article:publisher\" content=\"https:\/\/www.facebook.com\/Baubauwall\" \/>\n<meta property=\"article:modified_time\" content=\"2024-03-08T14:17:04+00:00\" \/>\n<meta property=\"og:image\" content=\"https:\/\/baubauwall.com\/wp-content\/uploads\/2022\/04\/51100173_RoyalPeacocks-white_Baubauwall_Wallpaper_room6-11.jpg\" \/>\n\t<meta property=\"og:image:width\" content=\"534\" \/>\n\t<meta property=\"og:image:height\" content=\"800\" \/>\n\t<meta property=\"og:image:type\" content=\"image\/jpeg\" \/>\n<meta name=\"twitter:card\" content=\"summary_large_image\" \/>\n<meta name=\"twitter:label1\" content=\"Est. reading time\" \/>\n\t<meta name=\"twitter:data1\" content=\"1 minut\" \/>\n<script type=\"application\/ld+json\" class=\"yoast-schema-graph\">{\"@context\":\"https:\/\/schema.org\",\"@graph\":[{\"@type\":\"WebPage\",\"@id\":\"https:\/\/baubauwall.com\/et\/toode\/tapeet-kuninglik-paabulinnuaed-valge\/\",\"url\":\"https:\/\/baubauwall.com\/et\/toode\/tapeet-kuninglik-paabulinnuaed-valge\/\",\"name\":\"Tapeet Kuninglikud paabulinnud jalutamas idamaises aias\",\"isPartOf\":{\"@id\":\"https:\/\/baubauwall.com\/et\/#website\"},\"primaryImageOfPage\":{\"@id\":\"https:\/\/baubauwall.com\/et\/toode\/tapeet-kuninglik-paabulinnuaed-valge\/#primaryimage\"},\"image\":{\"@id\":\"https:\/\/baubauwall.com\/et\/toode\/tapeet-kuninglik-paabulinnuaed-valge\/#primaryimage\"},\"thumbnailUrl\":\"https:\/\/baubauwall.com\/wp-content\/uploads\/2022\/04\/51100173_RoyalPeacocks-white_Baubauwall_Wallpaper_room6-11.jpg\",\"datePublished\":\"2022-04-25T06:30:20+00:00\",\"dateModified\":\"2024-03-08T14:17:04+00:00\",\"description\":\"Hele tapeet paabulindudega. Sinu seina m\u00f5\u00f5dus tapeedid, paanid, millel muster jookseb justkui n\u00f5iav\u00e4el kokku. Ainulaadsed disainid.\",\"breadcrumb\":{\"@id\":\"https:\/\/baubauwall.com\/et\/toode\/tapeet-kuninglik-paabulinnuaed-valge\/#breadcrumb\"},\"inLanguage\":\"et\",\"potentialAction\":[{\"@type\":\"ReadAction\",\"target\":[\"https:\/\/baubauwall.com\/et\/toode\/tapeet-kuninglik-paabulinnuaed-valge\/\"]}]},{\"@type\":\"ImageObject\",\"inLanguage\":\"et\",\"@id\":\"https:\/\/baubauwall.com\/et\/toode\/tapeet-kuninglik-paabulinnuaed-valge\/#primaryimage\",\"url\":\"https:\/\/baubauwall.com\/wp-content\/uploads\/2022\/04\/51100173_RoyalPeacocks-white_Baubauwall_Wallpaper_room6-11.jpg\",\"contentUrl\":\"https:\/\/baubauwall.com\/wp-content\/uploads\/2022\/04\/51100173_RoyalPeacocks-white_Baubauwall_Wallpaper_room6-11.jpg\",\"width\":534,\"height\":800},{\"@type\":\"BreadcrumbList\",\"@id\":\"https:\/\/baubauwall.com\/et\/toode\/tapeet-kuninglik-paabulinnuaed-valge\/#breadcrumb\",\"itemListElement\":[{\"@type\":\"ListItem\",\"position\":1,\"name\":\"Koju\",\"item\":\"https:\/\/baubauwall.com\/et\/\"},{\"@type\":\"ListItem\",\"position\":2,\"name\":\"Tapeedid\",\"item\":\"https:\/\/baubauwall.com\/et\/tapeedid\/\"},{\"@type\":\"ListItem\",\"position\":3,\"name\":\"Kuninglik paabulinnuaed &#8211; valge\"}]},{\"@type\":\"WebSite\",\"@id\":\"https:\/\/baubauwall.com\/et\/#website\",\"url\":\"https:\/\/baubauwall.com\/et\/\",\"name\":\"BAUBAUWALL Wallpapers\",\"description\":\"Valmis paanides tapeet Eestist!\",\"publisher\":{\"@id\":\"https:\/\/baubauwall.com\/et\/#organization\"},\"potentialAction\":[{\"@type\":\"SearchAction\",\"target\":{\"@type\":\"EntryPoint\",\"urlTemplate\":\"https:\/\/baubauwall.com\/et\/?s={search_term_string}\"},\"query-input\":{\"@type\":\"PropertyValueSpecification\",\"valueRequired\":true,\"valueName\":\"search_term_string\"}}],\"inLanguage\":\"et\"},{\"@type\":\"Organization\",\"@id\":\"https:\/\/baubauwall.com\/et\/#organization\",\"name\":\"BAUBAUWALL Wallpapers\",\"url\":\"https:\/\/baubauwall.com\/et\/\",\"logo\":{\"@type\":\"ImageObject\",\"inLanguage\":\"et\",\"@id\":\"https:\/\/baubauwall.com\/et\/#\/schema\/logo\/image\/\",\"url\":\"https:\/\/baubauwall.com\/wp-content\/uploads\/2022\/03\/logo-horizontal.svg\",\"contentUrl\":\"https:\/\/baubauwall.com\/wp-content\/uploads\/2022\/03\/logo-horizontal.svg\",\"width\":\"1024\",\"height\":\"1024\",\"caption\":\"BAUBAUWALL Wallpapers\"},\"image\":{\"@id\":\"https:\/\/baubauwall.com\/et\/#\/schema\/logo\/image\/\"},\"sameAs\":[\"https:\/\/www.facebook.com\/Baubauwall\",\"https:\/\/www.instagram.com\/baubauwall\"]}]}<\/script>\n<!-- \/ Yoast SEO plugin. -->","yoast_head_json":{"title":"Tapeet Kuninglikud paabulinnud jalutamas idamaises aias","description":"Hele tapeet paabulindudega. Sinu seina m\u00f5\u00f5dus tapeedid, paanid, millel muster jookseb justkui n\u00f5iav\u00e4el kokku. Ainulaadsed disainid.","robots":{"index":"index","follow":"follow","max-snippet":"max-snippet:-1","max-image-preview":"max-image-preview:large","max-video-preview":"max-video-preview:-1"},"canonical":"https:\/\/baubauwall.com\/et\/toode\/tapeet-kuninglik-paabulinnuaed-valge\/","og_locale":"et_EE","og_type":"article","og_title":"Tapeet Kuninglikud paabulinnud jalutamas idamaises aias","og_description":"Hele tapeet paabulindudega. Sinu seina m\u00f5\u00f5dus tapeedid, paanid, millel muster jookseb justkui n\u00f5iav\u00e4el kokku. Ainulaadsed disainid.","og_url":"https:\/\/baubauwall.com\/et\/toode\/tapeet-kuninglik-paabulinnuaed-valge\/","og_site_name":"BAUBAUWALL TAPEEDID","article_publisher":"https:\/\/www.facebook.com\/Baubauwall","article_modified_time":"2024-03-08T14:17:04+00:00","og_image":[{"width":534,"height":800,"url":"https:\/\/baubauwall.com\/wp-content\/uploads\/2022\/04\/51100173_RoyalPeacocks-white_Baubauwall_Wallpaper_room6-11.jpg","type":"image\/jpeg"}],"twitter_card":"summary_large_image","twitter_misc":{"Est. reading time":"1 minut"},"schema":{"@context":"https:\/\/schema.org","@graph":[{"@type":"WebPage","@id":"https:\/\/baubauwall.com\/et\/toode\/tapeet-kuninglik-paabulinnuaed-valge\/","url":"https:\/\/baubauwall.com\/et\/toode\/tapeet-kuninglik-paabulinnuaed-valge\/","name":"Tapeet Kuninglikud paabulinnud jalutamas idamaises aias","isPartOf":{"@id":"https:\/\/baubauwall.com\/et\/#website"},"primaryImageOfPage":{"@id":"https:\/\/baubauwall.com\/et\/toode\/tapeet-kuninglik-paabulinnuaed-valge\/#primaryimage"},"image":{"@id":"https:\/\/baubauwall.com\/et\/toode\/tapeet-kuninglik-paabulinnuaed-valge\/#primaryimage"},"thumbnailUrl":"https:\/\/baubauwall.com\/wp-content\/uploads\/2022\/04\/51100173_RoyalPeacocks-white_Baubauwall_Wallpaper_room6-11.jpg","datePublished":"2022-04-25T06:30:20+00:00","dateModified":"2024-03-08T14:17:04+00:00","description":"Hele tapeet paabulindudega. Sinu seina m\u00f5\u00f5dus tapeedid, paanid, millel muster jookseb justkui n\u00f5iav\u00e4el kokku. Ainulaadsed disainid.","breadcrumb":{"@id":"https:\/\/baubauwall.com\/et\/toode\/tapeet-kuninglik-paabulinnuaed-valge\/#breadcrumb"},"inLanguage":"et","potentialAction":[{"@type":"ReadAction","target":["https:\/\/baubauwall.com\/et\/toode\/tapeet-kuninglik-paabulinnuaed-valge\/"]}]},{"@type":"ImageObject","inLanguage":"et","@id":"https:\/\/baubauwall.com\/et\/toode\/tapeet-kuninglik-paabulinnuaed-valge\/#primaryimage","url":"https:\/\/baubauwall.com\/wp-content\/uploads\/2022\/04\/51100173_RoyalPeacocks-white_Baubauwall_Wallpaper_room6-11.jpg","contentUrl":"https:\/\/baubauwall.com\/wp-content\/uploads\/2022\/04\/51100173_RoyalPeacocks-white_Baubauwall_Wallpaper_room6-11.jpg","width":534,"height":800},{"@type":"BreadcrumbList","@id":"https:\/\/baubauwall.com\/et\/toode\/tapeet-kuninglik-paabulinnuaed-valge\/#breadcrumb","itemListElement":[{"@type":"ListItem","position":1,"name":"Koju","item":"https:\/\/baubauwall.com\/et\/"},{"@type":"ListItem","position":2,"name":"Tapeedid","item":"https:\/\/baubauwall.com\/et\/tapeedid\/"},{"@type":"ListItem","position":3,"name":"Kuninglik paabulinnuaed &#8211; valge"}]},{"@type":"WebSite","@id":"https:\/\/baubauwall.com\/et\/#website","url":"https:\/\/baubauwall.com\/et\/","name":"BAUBAUWALL Wallpapers","description":"Valmis paanides tapeet Eestist!","publisher":{"@id":"https:\/\/baubauwall.com\/et\/#organization"},"potentialAction":[{"@type":"SearchAction","target":{"@type":"EntryPoint","urlTemplate":"https:\/\/baubauwall.com\/et\/?s={search_term_string}"},"query-input":{"@type":"PropertyValueSpecification","valueRequired":true,"valueName":"search_term_string"}}],"inLanguage":"et"},{"@type":"Organization","@id":"https:\/\/baubauwall.com\/et\/#organization","name":"BAUBAUWALL Wallpapers","url":"https:\/\/baubauwall.com\/et\/","logo":{"@type":"ImageObject","inLanguage":"et","@id":"https:\/\/baubauwall.com\/et\/#\/schema\/logo\/image\/","url":"https:\/\/baubauwall.com\/wp-content\/uploads\/2022\/03\/logo-horizontal.svg","contentUrl":"https:\/\/baubauwall.com\/wp-content\/uploads\/2022\/03\/logo-horizontal.svg","width":"1024","height":"1024","caption":"BAUBAUWALL Wallpapers"},"image":{"@id":"https:\/\/baubauwall.com\/et\/#\/schema\/logo\/image\/"},"sameAs":["https:\/\/www.facebook.com\/Baubauwall","https:\/\/www.instagram.com\/baubauwall"]}]}},"jetpack_sharing_enabled":true,"_links":{"self":[{"href":"https:\/\/baubauwall.com\/et\/wp-json\/wp\/v2\/product\/7450","targetHints":{"allow":["GET"]}}],"collection":[{"href":"https:\/\/baubauwall.com\/et\/wp-json\/wp\/v2\/product"}],"about":[{"href":"https:\/\/baubauwall.com\/et\/wp-json\/wp\/v2\/types\/product"}],"replies":[{"embeddable":true,"href":"https:\/\/baubauwall.com\/et\/wp-json\/wp\/v2\/comments?post=7450"}],"wp:featuredmedia":[{"embeddable":true,"href":"https:\/\/baubauwall.com\/et\/wp-json\/wp\/v2\/media\/7449"}],"wp:attachment":[{"href":"https:\/\/baubauwall.com\/et\/wp-json\/wp\/v2\/media?parent=7450"}],"wp:term":[{"taxonomy":"product_brand","embeddable":true,"href":"https:\/\/baubauwall.com\/et\/wp-json\/wp\/v2\/product_brand?post=7450"},{"taxonomy":"product_cat","embeddable":true,"href":"https:\/\/baubauwall.com\/et\/wp-json\/wp\/v2\/product_cat?post=7450"},{"taxonomy":"product_tag","embeddable":true,"href":"https:\/\/baubauwall.com\/et\/wp-json\/wp\/v2\/product_tag?post=7450"}],"curies":[{"name":"wp","href":"https:\/\/api.w.org\/{rel}","templated":true}]}}