{"id":7494,"date":"2022-04-25T08:34:48","date_gmt":"2022-04-25T06:34:48","guid":{"rendered":"https:\/\/baubauwall.com\/product\/wallpaper-feline-flair-blue\/"},"modified":"2024-03-11T09:24:54","modified_gmt":"2024-03-11T07:24:54","slug":"tapeet-puua-kiisud-kinni-helesinine","status":"publish","type":"product","link":"https:\/\/baubauwall.com\/et\/toode\/tapeet-puua-kiisud-kinni-helesinine\/","title":{"rendered":"P\u00fc\u00fca kiisud kinni! &#8211; helesinine"},"content":{"rendered":"<p>Soodne ja l\u00f5bus helesinine tapeet kassipoegadega loob teie lapse toas r\u00f5\u00f5msa stiili. Kas kassid saavad l\u00f5ngakerad k\u00e4tte v\u00f5i vastupidi? Helesinine v\u00e4rv on traditsiooniliselt poiste v\u00e4rv, samas peetakse seda rahulikuks ja tasakaalukaks tooniks. Seega helesinine tapeet on hea valik lastetuppa.<\/p>\n<p>P\u00fc\u00fca kiisud kinni tapeet on meil olemas ka roosana. Nagu k\u00f5ik meie tapeedid, pilttapeedid ja fototapeedid, on ka see soodne disain tr\u00fckitud keskkonnas\u00f5bralike v\u00e4rvidega, hingavale fliistapeedi materjalile.<br \/>\nLoe lastetubade tapeetidest ja sisustamisest lisaks <a href=\"https:\/\/baubauwall.com\/et\/uudised\/kodu-koige-lustlikum-tuba\/\">siit.<\/a><\/p>\n","protected":false},"excerpt":{"rendered":"<p>Soodne ja l\u00f5bus helesinine tapeet kassipoegadega loob teie lapse toas r\u00f5\u00f5msa stiili. Kas kassid saavad l\u00f5ngakerad k\u00e4tte v\u00f5i vastupidi? Helesinine v\u00e4rv on traditsiooniliselt poiste v\u00e4rv, samas peetakse seda rahulikuks ja tasakaalukaks tooniks. Seega helesinine tapeet on hea valik lastetuppa. P\u00fc\u00fca kiisud kinni tapeet on meil olemas ka roosana. Nagu k\u00f5ik meie tapeedid, pilttapeedid ja fototapeedid, [&hellip;]<\/p>\n","protected":false},"featured_media":7489,"comment_status":"open","ping_status":"closed","template":"","meta":{"_acf_changed":false,"inline_featured_image":false},"product_brand":[],"product_cat":[386,406,392,396,267,273,400,715],"product_tag":[349,308],"class_list":{"0":"post-7494","1":"product","2":"type-product","3":"status-publish","4":"has-post-thumbnail","6":"product_cat-kordusmustriga-tapeedid","7":"product_cat-klassika","8":"product_cat-minimalistlik","9":"product_cat-skandinaavia","10":"product_cat-sinised-tapeedid","11":"product_cat-heledad-tapeedid","12":"product_cat-lastetoa-tapeedid","13":"product_cat-soodsad-tapeedid-leiunurk","14":"product_tag-beebituba","15":"product_tag-poiste-tuba","16":"pa_designedby-baubauwall","18":"first","19":"instock","20":"sale","21":"taxable","22":"shipping-taxable","23":"purchasable","24":"product-type-simple"},"acf":[],"yoast_head":"<!-- This site is optimized with the Yoast SEO plugin v25.9 - https:\/\/yoast.com\/wordpress\/plugins\/seo\/ -->\n<title>Lastetoa tapeet. Soodne tapeet lastele Hallid kassipojad m\u00e4ngimas<\/title>\n<meta name=\"description\" content=\"Stiilne valik lastetoa tapeediks. Soodne tapeet, millel on helesinisel taustal nunnud kiisupojad m\u00e4ngimas. Sinu seina m\u00f5\u00f5tu l\u00f5igatud tapeedipaanid.\" \/>\n<meta name=\"robots\" content=\"index, follow, max-snippet:-1, max-image-preview:large, max-video-preview:-1\" \/>\n<link rel=\"canonical\" href=\"https:\/\/baubauwall.com\/et\/toode\/tapeet-puua-kiisud-kinni-helesinine\/\" \/>\n<meta property=\"og:locale\" content=\"et_EE\" \/>\n<meta property=\"og:type\" content=\"article\" \/>\n<meta property=\"og:title\" content=\"Lastetoa tapeet. Soodne tapeet lastele Hallid kassipojad m\u00e4ngimas\" \/>\n<meta property=\"og:description\" content=\"Stiilne valik lastetoa tapeediks. Soodne tapeet, millel on helesinisel taustal nunnud kiisupojad m\u00e4ngimas. Sinu seina m\u00f5\u00f5tu l\u00f5igatud tapeedipaanid.\" \/>\n<meta property=\"og:url\" content=\"https:\/\/baubauwall.com\/et\/toode\/tapeet-puua-kiisud-kinni-helesinine\/\" \/>\n<meta property=\"og:site_name\" content=\"BAUBAUWALL TAPEEDID\" \/>\n<meta property=\"article:publisher\" content=\"https:\/\/www.facebook.com\/Baubauwall\" \/>\n<meta property=\"article:modified_time\" content=\"2024-03-11T07:24:54+00:00\" \/>\n<meta property=\"og:image\" content=\"https:\/\/baubauwall.com\/wp-content\/uploads\/2022\/04\/51100176_FelineFlair-blue_Baubauwall_Wallpaper_room4-5.jpg\" \/>\n\t<meta property=\"og:image:width\" content=\"1248\" \/>\n\t<meta property=\"og:image:height\" content=\"800\" \/>\n\t<meta property=\"og:image:type\" content=\"image\/jpeg\" \/>\n<meta name=\"twitter:card\" content=\"summary_large_image\" \/>\n<meta name=\"twitter:label1\" content=\"Est. reading time\" \/>\n\t<meta name=\"twitter:data1\" content=\"1 minut\" \/>\n<script type=\"application\/ld+json\" class=\"yoast-schema-graph\">{\"@context\":\"https:\/\/schema.org\",\"@graph\":[{\"@type\":\"WebPage\",\"@id\":\"https:\/\/baubauwall.com\/et\/toode\/tapeet-puua-kiisud-kinni-helesinine\/\",\"url\":\"https:\/\/baubauwall.com\/et\/toode\/tapeet-puua-kiisud-kinni-helesinine\/\",\"name\":\"Lastetoa tapeet. Soodne tapeet lastele Hallid kassipojad m\u00e4ngimas\",\"isPartOf\":{\"@id\":\"https:\/\/baubauwall.com\/et\/#website\"},\"primaryImageOfPage\":{\"@id\":\"https:\/\/baubauwall.com\/et\/toode\/tapeet-puua-kiisud-kinni-helesinine\/#primaryimage\"},\"image\":{\"@id\":\"https:\/\/baubauwall.com\/et\/toode\/tapeet-puua-kiisud-kinni-helesinine\/#primaryimage\"},\"thumbnailUrl\":\"https:\/\/baubauwall.com\/wp-content\/uploads\/2022\/04\/51100176_FelineFlair-blue_Baubauwall_Wallpaper_room4-2.jpg\",\"datePublished\":\"2022-04-25T06:34:48+00:00\",\"dateModified\":\"2024-03-11T07:24:54+00:00\",\"description\":\"Stiilne valik lastetoa tapeediks. Soodne tapeet, millel on helesinisel taustal nunnud kiisupojad m\u00e4ngimas. Sinu seina m\u00f5\u00f5tu l\u00f5igatud tapeedipaanid.\",\"breadcrumb\":{\"@id\":\"https:\/\/baubauwall.com\/et\/toode\/tapeet-puua-kiisud-kinni-helesinine\/#breadcrumb\"},\"inLanguage\":\"et\",\"potentialAction\":[{\"@type\":\"ReadAction\",\"target\":[\"https:\/\/baubauwall.com\/et\/toode\/tapeet-puua-kiisud-kinni-helesinine\/\"]}]},{\"@type\":\"ImageObject\",\"inLanguage\":\"et\",\"@id\":\"https:\/\/baubauwall.com\/et\/toode\/tapeet-puua-kiisud-kinni-helesinine\/#primaryimage\",\"url\":\"https:\/\/baubauwall.com\/wp-content\/uploads\/2022\/04\/51100176_FelineFlair-blue_Baubauwall_Wallpaper_room4-2.jpg\",\"contentUrl\":\"https:\/\/baubauwall.com\/wp-content\/uploads\/2022\/04\/51100176_FelineFlair-blue_Baubauwall_Wallpaper_room4-2.jpg\",\"width\":1422,\"height\":800,\"caption\":\"Light blue kids wallpaper\"},{\"@type\":\"BreadcrumbList\",\"@id\":\"https:\/\/baubauwall.com\/et\/toode\/tapeet-puua-kiisud-kinni-helesinine\/#breadcrumb\",\"itemListElement\":[{\"@type\":\"ListItem\",\"position\":1,\"name\":\"Koju\",\"item\":\"https:\/\/baubauwall.com\/et\/\"},{\"@type\":\"ListItem\",\"position\":2,\"name\":\"Tapeedid\",\"item\":\"https:\/\/baubauwall.com\/et\/tapeedid\/\"},{\"@type\":\"ListItem\",\"position\":3,\"name\":\"P\u00fc\u00fca kiisud kinni! &#8211; helesinine\"}]},{\"@type\":\"WebSite\",\"@id\":\"https:\/\/baubauwall.com\/et\/#website\",\"url\":\"https:\/\/baubauwall.com\/et\/\",\"name\":\"BAUBAUWALL Wallpapers\",\"description\":\"Valmis paanides tapeet Eestist!\",\"publisher\":{\"@id\":\"https:\/\/baubauwall.com\/et\/#organization\"},\"potentialAction\":[{\"@type\":\"SearchAction\",\"target\":{\"@type\":\"EntryPoint\",\"urlTemplate\":\"https:\/\/baubauwall.com\/et\/?s={search_term_string}\"},\"query-input\":{\"@type\":\"PropertyValueSpecification\",\"valueRequired\":true,\"valueName\":\"search_term_string\"}}],\"inLanguage\":\"et\"},{\"@type\":\"Organization\",\"@id\":\"https:\/\/baubauwall.com\/et\/#organization\",\"name\":\"BAUBAUWALL Wallpapers\",\"url\":\"https:\/\/baubauwall.com\/et\/\",\"logo\":{\"@type\":\"ImageObject\",\"inLanguage\":\"et\",\"@id\":\"https:\/\/baubauwall.com\/et\/#\/schema\/logo\/image\/\",\"url\":\"https:\/\/baubauwall.com\/wp-content\/uploads\/2022\/03\/logo-horizontal.svg\",\"contentUrl\":\"https:\/\/baubauwall.com\/wp-content\/uploads\/2022\/03\/logo-horizontal.svg\",\"width\":\"1024\",\"height\":\"1024\",\"caption\":\"BAUBAUWALL Wallpapers\"},\"image\":{\"@id\":\"https:\/\/baubauwall.com\/et\/#\/schema\/logo\/image\/\"},\"sameAs\":[\"https:\/\/www.facebook.com\/Baubauwall\",\"https:\/\/www.instagram.com\/baubauwall\"]}]}<\/script>\n<!-- \/ Yoast SEO plugin. -->","yoast_head_json":{"title":"Lastetoa tapeet. Soodne tapeet lastele Hallid kassipojad m\u00e4ngimas","description":"Stiilne valik lastetoa tapeediks. Soodne tapeet, millel on helesinisel taustal nunnud kiisupojad m\u00e4ngimas. Sinu seina m\u00f5\u00f5tu l\u00f5igatud tapeedipaanid.","robots":{"index":"index","follow":"follow","max-snippet":"max-snippet:-1","max-image-preview":"max-image-preview:large","max-video-preview":"max-video-preview:-1"},"canonical":"https:\/\/baubauwall.com\/et\/toode\/tapeet-puua-kiisud-kinni-helesinine\/","og_locale":"et_EE","og_type":"article","og_title":"Lastetoa tapeet. Soodne tapeet lastele Hallid kassipojad m\u00e4ngimas","og_description":"Stiilne valik lastetoa tapeediks. Soodne tapeet, millel on helesinisel taustal nunnud kiisupojad m\u00e4ngimas. Sinu seina m\u00f5\u00f5tu l\u00f5igatud tapeedipaanid.","og_url":"https:\/\/baubauwall.com\/et\/toode\/tapeet-puua-kiisud-kinni-helesinine\/","og_site_name":"BAUBAUWALL TAPEEDID","article_publisher":"https:\/\/www.facebook.com\/Baubauwall","article_modified_time":"2024-03-11T07:24:54+00:00","og_image":[{"width":1248,"height":800,"url":"https:\/\/baubauwall.com\/wp-content\/uploads\/2022\/04\/51100176_FelineFlair-blue_Baubauwall_Wallpaper_room4-5.jpg","type":"image\/jpeg"}],"twitter_card":"summary_large_image","twitter_misc":{"Est. reading time":"1 minut"},"schema":{"@context":"https:\/\/schema.org","@graph":[{"@type":"WebPage","@id":"https:\/\/baubauwall.com\/et\/toode\/tapeet-puua-kiisud-kinni-helesinine\/","url":"https:\/\/baubauwall.com\/et\/toode\/tapeet-puua-kiisud-kinni-helesinine\/","name":"Lastetoa tapeet. Soodne tapeet lastele Hallid kassipojad m\u00e4ngimas","isPartOf":{"@id":"https:\/\/baubauwall.com\/et\/#website"},"primaryImageOfPage":{"@id":"https:\/\/baubauwall.com\/et\/toode\/tapeet-puua-kiisud-kinni-helesinine\/#primaryimage"},"image":{"@id":"https:\/\/baubauwall.com\/et\/toode\/tapeet-puua-kiisud-kinni-helesinine\/#primaryimage"},"thumbnailUrl":"https:\/\/baubauwall.com\/wp-content\/uploads\/2022\/04\/51100176_FelineFlair-blue_Baubauwall_Wallpaper_room4-2.jpg","datePublished":"2022-04-25T06:34:48+00:00","dateModified":"2024-03-11T07:24:54+00:00","description":"Stiilne valik lastetoa tapeediks. Soodne tapeet, millel on helesinisel taustal nunnud kiisupojad m\u00e4ngimas. Sinu seina m\u00f5\u00f5tu l\u00f5igatud tapeedipaanid.","breadcrumb":{"@id":"https:\/\/baubauwall.com\/et\/toode\/tapeet-puua-kiisud-kinni-helesinine\/#breadcrumb"},"inLanguage":"et","potentialAction":[{"@type":"ReadAction","target":["https:\/\/baubauwall.com\/et\/toode\/tapeet-puua-kiisud-kinni-helesinine\/"]}]},{"@type":"ImageObject","inLanguage":"et","@id":"https:\/\/baubauwall.com\/et\/toode\/tapeet-puua-kiisud-kinni-helesinine\/#primaryimage","url":"https:\/\/baubauwall.com\/wp-content\/uploads\/2022\/04\/51100176_FelineFlair-blue_Baubauwall_Wallpaper_room4-2.jpg","contentUrl":"https:\/\/baubauwall.com\/wp-content\/uploads\/2022\/04\/51100176_FelineFlair-blue_Baubauwall_Wallpaper_room4-2.jpg","width":1422,"height":800,"caption":"Light blue kids wallpaper"},{"@type":"BreadcrumbList","@id":"https:\/\/baubauwall.com\/et\/toode\/tapeet-puua-kiisud-kinni-helesinine\/#breadcrumb","itemListElement":[{"@type":"ListItem","position":1,"name":"Koju","item":"https:\/\/baubauwall.com\/et\/"},{"@type":"ListItem","position":2,"name":"Tapeedid","item":"https:\/\/baubauwall.com\/et\/tapeedid\/"},{"@type":"ListItem","position":3,"name":"P\u00fc\u00fca kiisud kinni! &#8211; helesinine"}]},{"@type":"WebSite","@id":"https:\/\/baubauwall.com\/et\/#website","url":"https:\/\/baubauwall.com\/et\/","name":"BAUBAUWALL Wallpapers","description":"Valmis paanides tapeet Eestist!","publisher":{"@id":"https:\/\/baubauwall.com\/et\/#organization"},"potentialAction":[{"@type":"SearchAction","target":{"@type":"EntryPoint","urlTemplate":"https:\/\/baubauwall.com\/et\/?s={search_term_string}"},"query-input":{"@type":"PropertyValueSpecification","valueRequired":true,"valueName":"search_term_string"}}],"inLanguage":"et"},{"@type":"Organization","@id":"https:\/\/baubauwall.com\/et\/#organization","name":"BAUBAUWALL Wallpapers","url":"https:\/\/baubauwall.com\/et\/","logo":{"@type":"ImageObject","inLanguage":"et","@id":"https:\/\/baubauwall.com\/et\/#\/schema\/logo\/image\/","url":"https:\/\/baubauwall.com\/wp-content\/uploads\/2022\/03\/logo-horizontal.svg","contentUrl":"https:\/\/baubauwall.com\/wp-content\/uploads\/2022\/03\/logo-horizontal.svg","width":"1024","height":"1024","caption":"BAUBAUWALL Wallpapers"},"image":{"@id":"https:\/\/baubauwall.com\/et\/#\/schema\/logo\/image\/"},"sameAs":["https:\/\/www.facebook.com\/Baubauwall","https:\/\/www.instagram.com\/baubauwall"]}]}},"jetpack_sharing_enabled":true,"_links":{"self":[{"href":"https:\/\/baubauwall.com\/et\/wp-json\/wp\/v2\/product\/7494","targetHints":{"allow":["GET"]}}],"collection":[{"href":"https:\/\/baubauwall.com\/et\/wp-json\/wp\/v2\/product"}],"about":[{"href":"https:\/\/baubauwall.com\/et\/wp-json\/wp\/v2\/types\/product"}],"replies":[{"embeddable":true,"href":"https:\/\/baubauwall.com\/et\/wp-json\/wp\/v2\/comments?post=7494"}],"wp:featuredmedia":[{"embeddable":true,"href":"https:\/\/baubauwall.com\/et\/wp-json\/wp\/v2\/media\/7489"}],"wp:attachment":[{"href":"https:\/\/baubauwall.com\/et\/wp-json\/wp\/v2\/media?parent=7494"}],"wp:term":[{"taxonomy":"product_brand","embeddable":true,"href":"https:\/\/baubauwall.com\/et\/wp-json\/wp\/v2\/product_brand?post=7494"},{"taxonomy":"product_cat","embeddable":true,"href":"https:\/\/baubauwall.com\/et\/wp-json\/wp\/v2\/product_cat?post=7494"},{"taxonomy":"product_tag","embeddable":true,"href":"https:\/\/baubauwall.com\/et\/wp-json\/wp\/v2\/product_tag?post=7494"}],"curies":[{"name":"wp","href":"https:\/\/api.w.org\/{rel}","templated":true}]}}