{"id":7909,"date":"2022-04-26T12:49:58","date_gmt":"2022-04-26T10:49:58","guid":{"rendered":"https:\/\/baubauwall.com\/product\/fresh-lemons-wallpaper-white\/"},"modified":"2025-07-03T13:25:33","modified_gmt":"2025-07-03T11:25:33","slug":"tapeet-sartsakad-sidrunid-valge","status":"publish","type":"product","link":"https:\/\/baubauwall.com\/et\/toode\/tapeet-sartsakad-sidrunid-valge\/","title":{"rendered":"S\u00e4rtsakad sidrunid &#8211; valge"},"content":{"rendered":"<p>Oh, milline v\u00f5rratult v\u00e4rske tapeedimuster! Vol\u00fc\u00fcmikas sidrunimustris on k\u00e4sitsi joonistatud Sitsiilia sidrunid roheliste lehtedega &#8211; mis saaks olla veel v\u00e4rskem. Tapeet, mis toob naeratuse mitte vaid Sinu n\u00e4ole, aga Sinu seinale.\u00a0Kas soovid oma kodule v\u00e4rvi lisada? Ahvatlev sidrunimuster v\u00f5ib olla just see \u00f5ige valik. Selline s\u00e4rav tapeet muudab iga ruumi s\u00e4rtsakaks, \u00fcllatavaks ja pakub annuse vitamiine!<\/p>\n<p>See tapeet on saadaval ka roosa ja oliivrohelise taustaga.<\/p>\n","protected":false},"excerpt":{"rendered":"<p>Oh, milline v\u00f5rratult v\u00e4rske tapeedimuster! Vol\u00fc\u00fcmikas sidrunimustris on k\u00e4sitsi joonistatud Sitsiilia sidrunid roheliste lehtedega &#8211; mis saaks olla veel v\u00e4rskem. Tapeet, mis toob naeratuse mitte vaid Sinu n\u00e4ole, aga Sinu seinale.\u00a0Kas soovid oma kodule v\u00e4rvi lisada? Ahvatlev sidrunimuster v\u00f5ib olla just see \u00f5ige valik. Selline s\u00e4rav tapeet muudab iga ruumi s\u00e4rtsakaks, \u00fcllatavaks ja pakub annuse [&hellip;]<\/p>\n","protected":false},"featured_media":7892,"comment_status":"open","ping_status":"closed","template":"","meta":{"_acf_changed":false,"inline_featured_image":false},"product_brand":[],"product_cat":[386,395,391,268,411,413,414,401,402,699,261,561],"product_tag":[695,320,381],"class_list":{"0":"post-7909","1":"product","2":"type-product","3":"status-publish","4":"has-post-thumbnail","6":"product_cat-kordusmustriga-tapeedid","7":"product_cat-romantiline","8":"product_cat-vahemereline","9":"product_cat-kirkad-tapeedid","10":"product_cat-kollased-tapeedid","11":"product_cat-magamistoa-tapeedid","12":"product_cat-soogitoa-tapeedid","13":"product_cat-koogi-tapeedid","14":"product_cat-elutoa-tapeedid","15":"product_cat-eesti-disain-tapeedid","16":"product_cat-puuviljad","17":"product_cat-suvised-tapeedid","18":"product_tag-eesti-disain-tapeedid","19":"product_tag-kasitoo","20":"product_tag-vesivarv","21":"pa_designedby-baubauwall","23":"first","24":"instock","25":"taxable","26":"shipping-taxable","27":"purchasable","28":"product-type-simple"},"acf":[],"yoast_head":"<!-- This site is optimized with the Yoast SEO plugin v25.9 - https:\/\/yoast.com\/wordpress\/plugins\/seo\/ -->\n<title>R\u00e4tsepat\u00f6\u00f6na valmivad tapeedid. Tapeet S\u00e4rtsakad Mahlased Sidrunid.<\/title>\n<meta name=\"description\" content=\"Tapeet stiilse sidrunimustriga. Kollased k\u00fcpsed sidrunid valgel taustal tapeedidisain. Sinu seina m\u00f5\u00f5tu l\u00f5igatud tapeedipaanid.\" \/>\n<meta name=\"robots\" content=\"index, follow, max-snippet:-1, max-image-preview:large, max-video-preview:-1\" \/>\n<link rel=\"canonical\" href=\"https:\/\/baubauwall.com\/et\/toode\/tapeet-sartsakad-sidrunid-valge\/\" \/>\n<meta property=\"og:locale\" content=\"et_EE\" \/>\n<meta property=\"og:type\" content=\"article\" \/>\n<meta property=\"og:title\" content=\"R\u00e4tsepat\u00f6\u00f6na valmivad tapeedid. Tapeet S\u00e4rtsakad Mahlased Sidrunid.\" \/>\n<meta property=\"og:description\" content=\"Tapeet stiilse sidrunimustriga. Kollased k\u00fcpsed sidrunid valgel taustal tapeedidisain. Sinu seina m\u00f5\u00f5tu l\u00f5igatud tapeedipaanid.\" \/>\n<meta property=\"og:url\" content=\"https:\/\/baubauwall.com\/et\/toode\/tapeet-sartsakad-sidrunid-valge\/\" \/>\n<meta property=\"og:site_name\" content=\"BAUBAUWALL TAPEEDID\" \/>\n<meta property=\"article:publisher\" content=\"https:\/\/www.facebook.com\/Baubauwall\" \/>\n<meta property=\"article:modified_time\" content=\"2025-07-03T11:25:33+00:00\" \/>\n<meta property=\"og:image\" content=\"https:\/\/baubauwall.com\/wp-content\/uploads\/2022\/04\/51100186_SoFreshLemonsandSplashes-white_Baubauwall_Wallpaper_room4.jpg\" \/>\n\t<meta property=\"og:image:width\" content=\"1067\" \/>\n\t<meta property=\"og:image:height\" content=\"800\" \/>\n\t<meta property=\"og:image:type\" content=\"image\/jpeg\" \/>\n<meta name=\"twitter:card\" content=\"summary_large_image\" \/>\n<meta name=\"twitter:label1\" content=\"Est. reading time\" \/>\n\t<meta name=\"twitter:data1\" content=\"1 minut\" \/>\n<script type=\"application\/ld+json\" class=\"yoast-schema-graph\">{\"@context\":\"https:\/\/schema.org\",\"@graph\":[{\"@type\":\"WebPage\",\"@id\":\"https:\/\/baubauwall.com\/et\/toode\/tapeet-sartsakad-sidrunid-valge\/\",\"url\":\"https:\/\/baubauwall.com\/et\/toode\/tapeet-sartsakad-sidrunid-valge\/\",\"name\":\"R\u00e4tsepat\u00f6\u00f6na valmivad tapeedid. Tapeet S\u00e4rtsakad Mahlased Sidrunid.\",\"isPartOf\":{\"@id\":\"https:\/\/baubauwall.com\/et\/#website\"},\"primaryImageOfPage\":{\"@id\":\"https:\/\/baubauwall.com\/et\/toode\/tapeet-sartsakad-sidrunid-valge\/#primaryimage\"},\"image\":{\"@id\":\"https:\/\/baubauwall.com\/et\/toode\/tapeet-sartsakad-sidrunid-valge\/#primaryimage\"},\"thumbnailUrl\":\"https:\/\/baubauwall.com\/wp-content\/uploads\/2022\/04\/51100186_SoFreshLemonsandSplashes-white_Baubauwall_Wallpaper_room4.jpg\",\"datePublished\":\"2022-04-26T10:49:58+00:00\",\"dateModified\":\"2025-07-03T11:25:33+00:00\",\"description\":\"Tapeet stiilse sidrunimustriga. Kollased k\u00fcpsed sidrunid valgel taustal tapeedidisain. Sinu seina m\u00f5\u00f5tu l\u00f5igatud tapeedipaanid.\",\"breadcrumb\":{\"@id\":\"https:\/\/baubauwall.com\/et\/toode\/tapeet-sartsakad-sidrunid-valge\/#breadcrumb\"},\"inLanguage\":\"et\",\"potentialAction\":[{\"@type\":\"ReadAction\",\"target\":[\"https:\/\/baubauwall.com\/et\/toode\/tapeet-sartsakad-sidrunid-valge\/\"]}]},{\"@type\":\"ImageObject\",\"inLanguage\":\"et\",\"@id\":\"https:\/\/baubauwall.com\/et\/toode\/tapeet-sartsakad-sidrunid-valge\/#primaryimage\",\"url\":\"https:\/\/baubauwall.com\/wp-content\/uploads\/2022\/04\/51100186_SoFreshLemonsandSplashes-white_Baubauwall_Wallpaper_room4.jpg\",\"contentUrl\":\"https:\/\/baubauwall.com\/wp-content\/uploads\/2022\/04\/51100186_SoFreshLemonsandSplashes-white_Baubauwall_Wallpaper_room4.jpg\",\"width\":1067,\"height\":800},{\"@type\":\"BreadcrumbList\",\"@id\":\"https:\/\/baubauwall.com\/et\/toode\/tapeet-sartsakad-sidrunid-valge\/#breadcrumb\",\"itemListElement\":[{\"@type\":\"ListItem\",\"position\":1,\"name\":\"Koju\",\"item\":\"https:\/\/baubauwall.com\/et\/\"},{\"@type\":\"ListItem\",\"position\":2,\"name\":\"Tapeedid\",\"item\":\"https:\/\/baubauwall.com\/et\/tapeedid\/\"},{\"@type\":\"ListItem\",\"position\":3,\"name\":\"S\u00e4rtsakad sidrunid &#8211; valge\"}]},{\"@type\":\"WebSite\",\"@id\":\"https:\/\/baubauwall.com\/et\/#website\",\"url\":\"https:\/\/baubauwall.com\/et\/\",\"name\":\"BAUBAUWALL Wallpapers\",\"description\":\"Valmis paanides tapeet Eestist!\",\"publisher\":{\"@id\":\"https:\/\/baubauwall.com\/et\/#organization\"},\"potentialAction\":[{\"@type\":\"SearchAction\",\"target\":{\"@type\":\"EntryPoint\",\"urlTemplate\":\"https:\/\/baubauwall.com\/et\/?s={search_term_string}\"},\"query-input\":{\"@type\":\"PropertyValueSpecification\",\"valueRequired\":true,\"valueName\":\"search_term_string\"}}],\"inLanguage\":\"et\"},{\"@type\":\"Organization\",\"@id\":\"https:\/\/baubauwall.com\/et\/#organization\",\"name\":\"BAUBAUWALL Wallpapers\",\"url\":\"https:\/\/baubauwall.com\/et\/\",\"logo\":{\"@type\":\"ImageObject\",\"inLanguage\":\"et\",\"@id\":\"https:\/\/baubauwall.com\/et\/#\/schema\/logo\/image\/\",\"url\":\"https:\/\/baubauwall.com\/wp-content\/uploads\/2022\/03\/logo-horizontal.svg\",\"contentUrl\":\"https:\/\/baubauwall.com\/wp-content\/uploads\/2022\/03\/logo-horizontal.svg\",\"width\":\"1024\",\"height\":\"1024\",\"caption\":\"BAUBAUWALL Wallpapers\"},\"image\":{\"@id\":\"https:\/\/baubauwall.com\/et\/#\/schema\/logo\/image\/\"},\"sameAs\":[\"https:\/\/www.facebook.com\/Baubauwall\",\"https:\/\/www.instagram.com\/baubauwall\"]}]}<\/script>\n<!-- \/ Yoast SEO plugin. -->","yoast_head_json":{"title":"R\u00e4tsepat\u00f6\u00f6na valmivad tapeedid. Tapeet S\u00e4rtsakad Mahlased Sidrunid.","description":"Tapeet stiilse sidrunimustriga. Kollased k\u00fcpsed sidrunid valgel taustal tapeedidisain. Sinu seina m\u00f5\u00f5tu l\u00f5igatud tapeedipaanid.","robots":{"index":"index","follow":"follow","max-snippet":"max-snippet:-1","max-image-preview":"max-image-preview:large","max-video-preview":"max-video-preview:-1"},"canonical":"https:\/\/baubauwall.com\/et\/toode\/tapeet-sartsakad-sidrunid-valge\/","og_locale":"et_EE","og_type":"article","og_title":"R\u00e4tsepat\u00f6\u00f6na valmivad tapeedid. Tapeet S\u00e4rtsakad Mahlased Sidrunid.","og_description":"Tapeet stiilse sidrunimustriga. Kollased k\u00fcpsed sidrunid valgel taustal tapeedidisain. Sinu seina m\u00f5\u00f5tu l\u00f5igatud tapeedipaanid.","og_url":"https:\/\/baubauwall.com\/et\/toode\/tapeet-sartsakad-sidrunid-valge\/","og_site_name":"BAUBAUWALL TAPEEDID","article_publisher":"https:\/\/www.facebook.com\/Baubauwall","article_modified_time":"2025-07-03T11:25:33+00:00","og_image":[{"width":1067,"height":800,"url":"https:\/\/baubauwall.com\/wp-content\/uploads\/2022\/04\/51100186_SoFreshLemonsandSplashes-white_Baubauwall_Wallpaper_room4.jpg","type":"image\/jpeg"}],"twitter_card":"summary_large_image","twitter_misc":{"Est. reading time":"1 minut"},"schema":{"@context":"https:\/\/schema.org","@graph":[{"@type":"WebPage","@id":"https:\/\/baubauwall.com\/et\/toode\/tapeet-sartsakad-sidrunid-valge\/","url":"https:\/\/baubauwall.com\/et\/toode\/tapeet-sartsakad-sidrunid-valge\/","name":"R\u00e4tsepat\u00f6\u00f6na valmivad tapeedid. Tapeet S\u00e4rtsakad Mahlased Sidrunid.","isPartOf":{"@id":"https:\/\/baubauwall.com\/et\/#website"},"primaryImageOfPage":{"@id":"https:\/\/baubauwall.com\/et\/toode\/tapeet-sartsakad-sidrunid-valge\/#primaryimage"},"image":{"@id":"https:\/\/baubauwall.com\/et\/toode\/tapeet-sartsakad-sidrunid-valge\/#primaryimage"},"thumbnailUrl":"https:\/\/baubauwall.com\/wp-content\/uploads\/2022\/04\/51100186_SoFreshLemonsandSplashes-white_Baubauwall_Wallpaper_room4.jpg","datePublished":"2022-04-26T10:49:58+00:00","dateModified":"2025-07-03T11:25:33+00:00","description":"Tapeet stiilse sidrunimustriga. Kollased k\u00fcpsed sidrunid valgel taustal tapeedidisain. Sinu seina m\u00f5\u00f5tu l\u00f5igatud tapeedipaanid.","breadcrumb":{"@id":"https:\/\/baubauwall.com\/et\/toode\/tapeet-sartsakad-sidrunid-valge\/#breadcrumb"},"inLanguage":"et","potentialAction":[{"@type":"ReadAction","target":["https:\/\/baubauwall.com\/et\/toode\/tapeet-sartsakad-sidrunid-valge\/"]}]},{"@type":"ImageObject","inLanguage":"et","@id":"https:\/\/baubauwall.com\/et\/toode\/tapeet-sartsakad-sidrunid-valge\/#primaryimage","url":"https:\/\/baubauwall.com\/wp-content\/uploads\/2022\/04\/51100186_SoFreshLemonsandSplashes-white_Baubauwall_Wallpaper_room4.jpg","contentUrl":"https:\/\/baubauwall.com\/wp-content\/uploads\/2022\/04\/51100186_SoFreshLemonsandSplashes-white_Baubauwall_Wallpaper_room4.jpg","width":1067,"height":800},{"@type":"BreadcrumbList","@id":"https:\/\/baubauwall.com\/et\/toode\/tapeet-sartsakad-sidrunid-valge\/#breadcrumb","itemListElement":[{"@type":"ListItem","position":1,"name":"Koju","item":"https:\/\/baubauwall.com\/et\/"},{"@type":"ListItem","position":2,"name":"Tapeedid","item":"https:\/\/baubauwall.com\/et\/tapeedid\/"},{"@type":"ListItem","position":3,"name":"S\u00e4rtsakad sidrunid &#8211; valge"}]},{"@type":"WebSite","@id":"https:\/\/baubauwall.com\/et\/#website","url":"https:\/\/baubauwall.com\/et\/","name":"BAUBAUWALL Wallpapers","description":"Valmis paanides tapeet Eestist!","publisher":{"@id":"https:\/\/baubauwall.com\/et\/#organization"},"potentialAction":[{"@type":"SearchAction","target":{"@type":"EntryPoint","urlTemplate":"https:\/\/baubauwall.com\/et\/?s={search_term_string}"},"query-input":{"@type":"PropertyValueSpecification","valueRequired":true,"valueName":"search_term_string"}}],"inLanguage":"et"},{"@type":"Organization","@id":"https:\/\/baubauwall.com\/et\/#organization","name":"BAUBAUWALL Wallpapers","url":"https:\/\/baubauwall.com\/et\/","logo":{"@type":"ImageObject","inLanguage":"et","@id":"https:\/\/baubauwall.com\/et\/#\/schema\/logo\/image\/","url":"https:\/\/baubauwall.com\/wp-content\/uploads\/2022\/03\/logo-horizontal.svg","contentUrl":"https:\/\/baubauwall.com\/wp-content\/uploads\/2022\/03\/logo-horizontal.svg","width":"1024","height":"1024","caption":"BAUBAUWALL Wallpapers"},"image":{"@id":"https:\/\/baubauwall.com\/et\/#\/schema\/logo\/image\/"},"sameAs":["https:\/\/www.facebook.com\/Baubauwall","https:\/\/www.instagram.com\/baubauwall"]}]}},"jetpack_sharing_enabled":true,"_links":{"self":[{"href":"https:\/\/baubauwall.com\/et\/wp-json\/wp\/v2\/product\/7909","targetHints":{"allow":["GET"]}}],"collection":[{"href":"https:\/\/baubauwall.com\/et\/wp-json\/wp\/v2\/product"}],"about":[{"href":"https:\/\/baubauwall.com\/et\/wp-json\/wp\/v2\/types\/product"}],"replies":[{"embeddable":true,"href":"https:\/\/baubauwall.com\/et\/wp-json\/wp\/v2\/comments?post=7909"}],"wp:featuredmedia":[{"embeddable":true,"href":"https:\/\/baubauwall.com\/et\/wp-json\/wp\/v2\/media\/7892"}],"wp:attachment":[{"href":"https:\/\/baubauwall.com\/et\/wp-json\/wp\/v2\/media?parent=7909"}],"wp:term":[{"taxonomy":"product_brand","embeddable":true,"href":"https:\/\/baubauwall.com\/et\/wp-json\/wp\/v2\/product_brand?post=7909"},{"taxonomy":"product_cat","embeddable":true,"href":"https:\/\/baubauwall.com\/et\/wp-json\/wp\/v2\/product_cat?post=7909"},{"taxonomy":"product_tag","embeddable":true,"href":"https:\/\/baubauwall.com\/et\/wp-json\/wp\/v2\/product_tag?post=7909"}],"curies":[{"name":"wp","href":"https:\/\/api.w.org\/{rel}","templated":true}]}}