{"id":8027,"date":"2022-03-03T07:18:08","date_gmt":"2022-03-03T05:18:08","guid":{"rendered":"https:\/\/baubauwall.com\/product\/wallmural-owl-forest-sanctuary-blue\/"},"modified":"2024-09-25T11:56:17","modified_gmt":"2024-09-25T09:56:17","slug":"pilttapeet-ookullide-kuningriik-helesinine","status":"publish","type":"product","link":"https:\/\/baubauwall.com\/et\/toode\/pilttapeet-ookullide-kuningriik-helesinine\/","title":{"rendered":"\u00d6\u00f6kullide kuningriik &#8211; helesinine"},"content":{"rendered":"<p>\u00d6\u00f6kullid on selle muinasjutumetsa teemalise pilttapeedi disaini valvsad &amp; targad peategelased. \u00d6\u00f6kull on ju tuntud kui k\u00f5ige targem lind ja metsade valvur. Ehk \u00f5petavad nad salajasi tarkuseid Sinu lapsele?\u00a0 P\u00f5hjamaine tapeedidisain, mis toob naeratuse n\u00e4ole ja kutsub lapsed seiklustele. M\u00e4nguline tapeet lasetuppa, mis sobib eriti h\u00e4sti valge m\u00f6\u00f6bliga. Loe veel lastetubade\u00a0<a href=\"https:\/\/baubauwall.com\/et\/uudised\/kodu-koige-lustlikum-tuba\/\" target=\"_blank\" rel=\"noopener\">tapeetidest siit.<\/a><\/p>\n<p>\u00d6\u00f6kullidega pilttapeet on meil olemas ka bee\u017eides toonides. Tr\u00fckitud keskkonnas\u00f5bralike v\u00e4rvidega ja hingavale, fliistapeedi materjalile.<\/p>\n","protected":false},"excerpt":{"rendered":"<p>\u00d6\u00f6kullid on selle muinasjutumetsa teemalise pilttapeedi disaini valvsad &amp; targad peategelased. \u00d6\u00f6kull on ju tuntud kui k\u00f5ige targem lind ja metsade valvur. Ehk \u00f5petavad nad salajasi tarkuseid Sinu lapsele?\u00a0 P\u00f5hjamaine tapeedidisain, mis toob naeratuse n\u00e4ole ja kutsub lapsed seiklustele. M\u00e4nguline tapeet lasetuppa, mis sobib eriti h\u00e4sti valge m\u00f6\u00f6bliga. Loe veel lastetubade\u00a0tapeetidest siit. \u00d6\u00f6kullidega pilttapeet on [&hellip;]<\/p>\n","protected":false},"featured_media":8016,"comment_status":"open","ping_status":"closed","template":"","meta":{"_acf_changed":false,"inline_featured_image":false},"product_brand":[],"product_cat":[387,396,267,400,699,248,254,257],"product_tag":[349,695,308],"class_list":{"0":"post-8027","1":"product","2":"type-product","3":"status-publish","4":"has-post-thumbnail","6":"product_cat-pilttapeedid","7":"product_cat-skandinaavia","8":"product_cat-sinised-tapeedid","9":"product_cat-lastetoa-tapeedid","10":"product_cat-eesti-disain-tapeedid","11":"product_cat-mets","12":"product_cat-loodus","13":"product_cat-linnud","14":"product_tag-beebituba","15":"product_tag-eesti-disain-tapeedid","16":"product_tag-poiste-tuba","17":"pa_designedby-baubauwall","19":"first","20":"instock","21":"taxable","22":"shipping-taxable","23":"purchasable","24":"product-type-simple"},"acf":[],"yoast_head":"<!-- This site is optimized with the Yoast SEO plugin v25.9 - https:\/\/yoast.com\/wordpress\/plugins\/seo\/ -->\n<title>Pilttapeet \u00d6\u00f6kullide kuningriik. Disaintapeet lastetuppa.<\/title>\n<meta name=\"description\" content=\"Metsariigi valvurid ja targimad linnud - \u00f6\u00f6kullidega pilttapeet. R\u00e4tsepat\u00f6\u00f6na valmivad tapeedidisainid, t\u00e4pselt sinu seina m\u00f5\u00f5tu l\u00f5igatud.\" \/>\n<meta name=\"robots\" content=\"index, follow, max-snippet:-1, max-image-preview:large, max-video-preview:-1\" \/>\n<link rel=\"canonical\" href=\"https:\/\/baubauwall.com\/et\/toode\/pilttapeet-ookullide-kuningriik-helesinine\/\" \/>\n<meta property=\"og:locale\" content=\"et_EE\" \/>\n<meta property=\"og:type\" content=\"article\" \/>\n<meta property=\"og:title\" content=\"Pilttapeet \u00d6\u00f6kullide kuningriik. Disaintapeet lastetuppa.\" \/>\n<meta property=\"og:description\" content=\"Metsariigi valvurid ja targimad linnud - \u00f6\u00f6kullidega pilttapeet. R\u00e4tsepat\u00f6\u00f6na valmivad tapeedidisainid, t\u00e4pselt sinu seina m\u00f5\u00f5tu l\u00f5igatud.\" \/>\n<meta property=\"og:url\" content=\"https:\/\/baubauwall.com\/et\/toode\/pilttapeet-ookullide-kuningriik-helesinine\/\" \/>\n<meta property=\"og:site_name\" content=\"BAUBAUWALL TAPEEDID\" \/>\n<meta property=\"article:publisher\" content=\"https:\/\/www.facebook.com\/Baubauwall\" \/>\n<meta property=\"article:modified_time\" content=\"2024-09-25T09:56:17+00:00\" \/>\n<meta property=\"og:image\" content=\"https:\/\/baubauwall.com\/wp-content\/uploads\/2022\/03\/51200056_OwlForestSanctuary-blue_Baubauwall_Wallmural_room5.jpg\" \/>\n\t<meta property=\"og:image:width\" content=\"901\" \/>\n\t<meta property=\"og:image:height\" content=\"800\" \/>\n\t<meta property=\"og:image:type\" content=\"image\/jpeg\" \/>\n<meta name=\"twitter:card\" content=\"summary_large_image\" \/>\n<meta name=\"twitter:label1\" content=\"Est. reading time\" \/>\n\t<meta name=\"twitter:data1\" content=\"1 minut\" \/>\n<script type=\"application\/ld+json\" class=\"yoast-schema-graph\">{\"@context\":\"https:\/\/schema.org\",\"@graph\":[{\"@type\":\"WebPage\",\"@id\":\"https:\/\/baubauwall.com\/et\/toode\/pilttapeet-ookullide-kuningriik-helesinine\/\",\"url\":\"https:\/\/baubauwall.com\/et\/toode\/pilttapeet-ookullide-kuningriik-helesinine\/\",\"name\":\"Pilttapeet \u00d6\u00f6kullide kuningriik. Disaintapeet lastetuppa.\",\"isPartOf\":{\"@id\":\"https:\/\/baubauwall.com\/et\/#website\"},\"primaryImageOfPage\":{\"@id\":\"https:\/\/baubauwall.com\/et\/toode\/pilttapeet-ookullide-kuningriik-helesinine\/#primaryimage\"},\"image\":{\"@id\":\"https:\/\/baubauwall.com\/et\/toode\/pilttapeet-ookullide-kuningriik-helesinine\/#primaryimage\"},\"thumbnailUrl\":\"https:\/\/baubauwall.com\/wp-content\/uploads\/2022\/03\/51200056_OwlForestSanctuary-blue_Baubauwall_Wallmural_room5.jpg\",\"datePublished\":\"2022-03-03T05:18:08+00:00\",\"dateModified\":\"2024-09-25T09:56:17+00:00\",\"description\":\"Metsariigi valvurid ja targimad linnud - \u00f6\u00f6kullidega pilttapeet. R\u00e4tsepat\u00f6\u00f6na valmivad tapeedidisainid, t\u00e4pselt sinu seina m\u00f5\u00f5tu l\u00f5igatud.\",\"breadcrumb\":{\"@id\":\"https:\/\/baubauwall.com\/et\/toode\/pilttapeet-ookullide-kuningriik-helesinine\/#breadcrumb\"},\"inLanguage\":\"et\",\"potentialAction\":[{\"@type\":\"ReadAction\",\"target\":[\"https:\/\/baubauwall.com\/et\/toode\/pilttapeet-ookullide-kuningriik-helesinine\/\"]}]},{\"@type\":\"ImageObject\",\"inLanguage\":\"et\",\"@id\":\"https:\/\/baubauwall.com\/et\/toode\/pilttapeet-ookullide-kuningriik-helesinine\/#primaryimage\",\"url\":\"https:\/\/baubauwall.com\/wp-content\/uploads\/2022\/03\/51200056_OwlForestSanctuary-blue_Baubauwall_Wallmural_room5.jpg\",\"contentUrl\":\"https:\/\/baubauwall.com\/wp-content\/uploads\/2022\/03\/51200056_OwlForestSanctuary-blue_Baubauwall_Wallmural_room5.jpg\",\"width\":901,\"height\":800,\"caption\":\"Owl Forest Sanctuary-blue_Baubauwall Wallmural\"},{\"@type\":\"BreadcrumbList\",\"@id\":\"https:\/\/baubauwall.com\/et\/toode\/pilttapeet-ookullide-kuningriik-helesinine\/#breadcrumb\",\"itemListElement\":[{\"@type\":\"ListItem\",\"position\":1,\"name\":\"Koju\",\"item\":\"https:\/\/baubauwall.com\/et\/\"},{\"@type\":\"ListItem\",\"position\":2,\"name\":\"Tapeedid\",\"item\":\"https:\/\/baubauwall.com\/et\/tapeedid\/\"},{\"@type\":\"ListItem\",\"position\":3,\"name\":\"\u00d6\u00f6kullide kuningriik &#8211; helesinine\"}]},{\"@type\":\"WebSite\",\"@id\":\"https:\/\/baubauwall.com\/et\/#website\",\"url\":\"https:\/\/baubauwall.com\/et\/\",\"name\":\"BAUBAUWALL Wallpapers\",\"description\":\"Valmis paanides tapeet Eestist!\",\"publisher\":{\"@id\":\"https:\/\/baubauwall.com\/et\/#organization\"},\"potentialAction\":[{\"@type\":\"SearchAction\",\"target\":{\"@type\":\"EntryPoint\",\"urlTemplate\":\"https:\/\/baubauwall.com\/et\/?s={search_term_string}\"},\"query-input\":{\"@type\":\"PropertyValueSpecification\",\"valueRequired\":true,\"valueName\":\"search_term_string\"}}],\"inLanguage\":\"et\"},{\"@type\":\"Organization\",\"@id\":\"https:\/\/baubauwall.com\/et\/#organization\",\"name\":\"BAUBAUWALL Wallpapers\",\"url\":\"https:\/\/baubauwall.com\/et\/\",\"logo\":{\"@type\":\"ImageObject\",\"inLanguage\":\"et\",\"@id\":\"https:\/\/baubauwall.com\/et\/#\/schema\/logo\/image\/\",\"url\":\"https:\/\/baubauwall.com\/wp-content\/uploads\/2022\/03\/logo-horizontal.svg\",\"contentUrl\":\"https:\/\/baubauwall.com\/wp-content\/uploads\/2022\/03\/logo-horizontal.svg\",\"width\":\"1024\",\"height\":\"1024\",\"caption\":\"BAUBAUWALL Wallpapers\"},\"image\":{\"@id\":\"https:\/\/baubauwall.com\/et\/#\/schema\/logo\/image\/\"},\"sameAs\":[\"https:\/\/www.facebook.com\/Baubauwall\",\"https:\/\/www.instagram.com\/baubauwall\"]}]}<\/script>\n<!-- \/ Yoast SEO plugin. -->","yoast_head_json":{"title":"Pilttapeet \u00d6\u00f6kullide kuningriik. Disaintapeet lastetuppa.","description":"Metsariigi valvurid ja targimad linnud - \u00f6\u00f6kullidega pilttapeet. R\u00e4tsepat\u00f6\u00f6na valmivad tapeedidisainid, t\u00e4pselt sinu seina m\u00f5\u00f5tu l\u00f5igatud.","robots":{"index":"index","follow":"follow","max-snippet":"max-snippet:-1","max-image-preview":"max-image-preview:large","max-video-preview":"max-video-preview:-1"},"canonical":"https:\/\/baubauwall.com\/et\/toode\/pilttapeet-ookullide-kuningriik-helesinine\/","og_locale":"et_EE","og_type":"article","og_title":"Pilttapeet \u00d6\u00f6kullide kuningriik. Disaintapeet lastetuppa.","og_description":"Metsariigi valvurid ja targimad linnud - \u00f6\u00f6kullidega pilttapeet. R\u00e4tsepat\u00f6\u00f6na valmivad tapeedidisainid, t\u00e4pselt sinu seina m\u00f5\u00f5tu l\u00f5igatud.","og_url":"https:\/\/baubauwall.com\/et\/toode\/pilttapeet-ookullide-kuningriik-helesinine\/","og_site_name":"BAUBAUWALL TAPEEDID","article_publisher":"https:\/\/www.facebook.com\/Baubauwall","article_modified_time":"2024-09-25T09:56:17+00:00","og_image":[{"width":901,"height":800,"url":"https:\/\/baubauwall.com\/wp-content\/uploads\/2022\/03\/51200056_OwlForestSanctuary-blue_Baubauwall_Wallmural_room5.jpg","type":"image\/jpeg"}],"twitter_card":"summary_large_image","twitter_misc":{"Est. reading time":"1 minut"},"schema":{"@context":"https:\/\/schema.org","@graph":[{"@type":"WebPage","@id":"https:\/\/baubauwall.com\/et\/toode\/pilttapeet-ookullide-kuningriik-helesinine\/","url":"https:\/\/baubauwall.com\/et\/toode\/pilttapeet-ookullide-kuningriik-helesinine\/","name":"Pilttapeet \u00d6\u00f6kullide kuningriik. Disaintapeet lastetuppa.","isPartOf":{"@id":"https:\/\/baubauwall.com\/et\/#website"},"primaryImageOfPage":{"@id":"https:\/\/baubauwall.com\/et\/toode\/pilttapeet-ookullide-kuningriik-helesinine\/#primaryimage"},"image":{"@id":"https:\/\/baubauwall.com\/et\/toode\/pilttapeet-ookullide-kuningriik-helesinine\/#primaryimage"},"thumbnailUrl":"https:\/\/baubauwall.com\/wp-content\/uploads\/2022\/03\/51200056_OwlForestSanctuary-blue_Baubauwall_Wallmural_room5.jpg","datePublished":"2022-03-03T05:18:08+00:00","dateModified":"2024-09-25T09:56:17+00:00","description":"Metsariigi valvurid ja targimad linnud - \u00f6\u00f6kullidega pilttapeet. R\u00e4tsepat\u00f6\u00f6na valmivad tapeedidisainid, t\u00e4pselt sinu seina m\u00f5\u00f5tu l\u00f5igatud.","breadcrumb":{"@id":"https:\/\/baubauwall.com\/et\/toode\/pilttapeet-ookullide-kuningriik-helesinine\/#breadcrumb"},"inLanguage":"et","potentialAction":[{"@type":"ReadAction","target":["https:\/\/baubauwall.com\/et\/toode\/pilttapeet-ookullide-kuningriik-helesinine\/"]}]},{"@type":"ImageObject","inLanguage":"et","@id":"https:\/\/baubauwall.com\/et\/toode\/pilttapeet-ookullide-kuningriik-helesinine\/#primaryimage","url":"https:\/\/baubauwall.com\/wp-content\/uploads\/2022\/03\/51200056_OwlForestSanctuary-blue_Baubauwall_Wallmural_room5.jpg","contentUrl":"https:\/\/baubauwall.com\/wp-content\/uploads\/2022\/03\/51200056_OwlForestSanctuary-blue_Baubauwall_Wallmural_room5.jpg","width":901,"height":800,"caption":"Owl Forest Sanctuary-blue_Baubauwall Wallmural"},{"@type":"BreadcrumbList","@id":"https:\/\/baubauwall.com\/et\/toode\/pilttapeet-ookullide-kuningriik-helesinine\/#breadcrumb","itemListElement":[{"@type":"ListItem","position":1,"name":"Koju","item":"https:\/\/baubauwall.com\/et\/"},{"@type":"ListItem","position":2,"name":"Tapeedid","item":"https:\/\/baubauwall.com\/et\/tapeedid\/"},{"@type":"ListItem","position":3,"name":"\u00d6\u00f6kullide kuningriik &#8211; helesinine"}]},{"@type":"WebSite","@id":"https:\/\/baubauwall.com\/et\/#website","url":"https:\/\/baubauwall.com\/et\/","name":"BAUBAUWALL Wallpapers","description":"Valmis paanides tapeet Eestist!","publisher":{"@id":"https:\/\/baubauwall.com\/et\/#organization"},"potentialAction":[{"@type":"SearchAction","target":{"@type":"EntryPoint","urlTemplate":"https:\/\/baubauwall.com\/et\/?s={search_term_string}"},"query-input":{"@type":"PropertyValueSpecification","valueRequired":true,"valueName":"search_term_string"}}],"inLanguage":"et"},{"@type":"Organization","@id":"https:\/\/baubauwall.com\/et\/#organization","name":"BAUBAUWALL Wallpapers","url":"https:\/\/baubauwall.com\/et\/","logo":{"@type":"ImageObject","inLanguage":"et","@id":"https:\/\/baubauwall.com\/et\/#\/schema\/logo\/image\/","url":"https:\/\/baubauwall.com\/wp-content\/uploads\/2022\/03\/logo-horizontal.svg","contentUrl":"https:\/\/baubauwall.com\/wp-content\/uploads\/2022\/03\/logo-horizontal.svg","width":"1024","height":"1024","caption":"BAUBAUWALL Wallpapers"},"image":{"@id":"https:\/\/baubauwall.com\/et\/#\/schema\/logo\/image\/"},"sameAs":["https:\/\/www.facebook.com\/Baubauwall","https:\/\/www.instagram.com\/baubauwall"]}]}},"jetpack_sharing_enabled":true,"_links":{"self":[{"href":"https:\/\/baubauwall.com\/et\/wp-json\/wp\/v2\/product\/8027","targetHints":{"allow":["GET"]}}],"collection":[{"href":"https:\/\/baubauwall.com\/et\/wp-json\/wp\/v2\/product"}],"about":[{"href":"https:\/\/baubauwall.com\/et\/wp-json\/wp\/v2\/types\/product"}],"replies":[{"embeddable":true,"href":"https:\/\/baubauwall.com\/et\/wp-json\/wp\/v2\/comments?post=8027"}],"wp:featuredmedia":[{"embeddable":true,"href":"https:\/\/baubauwall.com\/et\/wp-json\/wp\/v2\/media\/8016"}],"wp:attachment":[{"href":"https:\/\/baubauwall.com\/et\/wp-json\/wp\/v2\/media?parent=8027"}],"wp:term":[{"taxonomy":"product_brand","embeddable":true,"href":"https:\/\/baubauwall.com\/et\/wp-json\/wp\/v2\/product_brand?post=8027"},{"taxonomy":"product_cat","embeddable":true,"href":"https:\/\/baubauwall.com\/et\/wp-json\/wp\/v2\/product_cat?post=8027"},{"taxonomy":"product_tag","embeddable":true,"href":"https:\/\/baubauwall.com\/et\/wp-json\/wp\/v2\/product_tag?post=8027"}],"curies":[{"name":"wp","href":"https:\/\/api.w.org\/{rel}","templated":true}]}}