{"id":8247,"date":"2022-04-26T08:16:36","date_gmt":"2022-04-26T06:16:36","guid":{"rendered":"https:\/\/baubauwall.com\/product\/my-favorite-animals-wallpaper\/"},"modified":"2023-12-01T12:50:12","modified_gmt":"2023-12-01T10:50:12","slug":"minu-lemmikloomad-tapeet","status":"publish","type":"product","link":"https:\/\/baubauwall.com\/et\/toode\/minu-lemmikloomad-tapeet\/","title":{"rendered":"Minu lemmikoomad"},"content":{"rendered":"<p>Lastetoa tapeet erinevate loomadega. Inspireeri oma last armastama loomi selle l\u00f5busa, multifilmidest inspireeritud loomamustrilise tapeediga. Loominguline v\u00f5imalus kaunistada oma lapse tuba tuttavate ja s\u00f5bralike tegelaste abil. R\u00f5\u00f5msate l\u00f5vide, m\u00f5mmide, l\u00f5vide ja koaaladega m\u00e4nguline tapeedimuster on rahulikul valgel taustal, sobitudes nii ideaalselt enamiku m\u00f6\u00f6bliga.<\/p>\n<p>Tr\u00fckitud keskkonnas\u00f5bralike v\u00e4rvidega ja hingavale, fliistapeedi materjalile. Loe veel lastetubade <a href=\"https:\/\/baubauwall.com\/et\/uudised\/kodu-koige-lustlikum-tuba\/\" target=\"_blank\" rel=\"noopener\">tapeetidest siit.<\/a><\/p>\n","protected":false},"excerpt":{"rendered":"<p>Lastetoa tapeet erinevate loomadega. Inspireeri oma last armastama loomi selle l\u00f5busa, multifilmidest inspireeritud loomamustrilise tapeediga. Loominguline v\u00f5imalus kaunistada oma lapse tuba tuttavate ja s\u00f5bralike tegelaste abil. R\u00f5\u00f5msate l\u00f5vide, m\u00f5mmide, l\u00f5vide ja koaaladega m\u00e4nguline tapeedimuster on rahulikul valgel taustal, sobitudes nii ideaalselt enamiku m\u00f6\u00f6bliga. Tr\u00fckitud keskkonnas\u00f5bralike v\u00e4rvidega ja hingavale, fliistapeedi materjalile. Loe veel lastetubade tapeetidest siit.<\/p>\n","protected":false},"featured_media":8249,"comment_status":"open","ping_status":"closed","template":"","meta":{"_acf_changed":false,"inline_featured_image":false},"product_brand":[],"product_cat":[386,396,273,410,400,255,715],"product_tag":[349,531,308],"class_list":{"0":"post-8247","1":"product","2":"type-product","3":"status-publish","4":"has-post-thumbnail","6":"product_cat-kordusmustriga-tapeedid","7":"product_cat-skandinaavia","8":"product_cat-heledad-tapeedid","9":"product_cat-valge-tapeedid","10":"product_cat-lastetoa-tapeedid","11":"product_cat-loomad","12":"product_cat-soodsad-tapeedid-leiunurk","13":"product_tag-beebituba","14":"product_tag-elevant","15":"product_tag-poiste-tuba","16":"pa_designedby-baubauwall","18":"first","19":"instock","20":"sale","21":"taxable","22":"shipping-taxable","23":"purchasable","24":"product-type-simple"},"acf":[],"yoast_head":"<!-- This site is optimized with the Yoast SEO plugin v25.9 - https:\/\/yoast.com\/wordpress\/plugins\/seo\/ -->\n<title>Lastetoa tapeet lemmikloomadega. Hingav fliistapeet<\/title>\n<meta name=\"description\" content=\"Armas tapeet lastetuppa loomakestega. Tr\u00fckime t\u00e4pselt teie seina m\u00f5\u00f5tu, valmis l\u00f5igatud tapeedipaanid. Ainulaadsed tapeedidisainid.\" \/>\n<meta name=\"robots\" content=\"index, follow, max-snippet:-1, max-image-preview:large, max-video-preview:-1\" \/>\n<link rel=\"canonical\" href=\"https:\/\/baubauwall.com\/et\/toode\/minu-lemmikloomad-tapeet\/\" \/>\n<meta property=\"og:locale\" content=\"et_EE\" \/>\n<meta property=\"og:type\" content=\"article\" \/>\n<meta property=\"og:title\" content=\"Lastetoa tapeet lemmikloomadega. Hingav fliistapeet\" \/>\n<meta property=\"og:description\" content=\"Armas tapeet lastetuppa loomakestega. Tr\u00fckime t\u00e4pselt teie seina m\u00f5\u00f5tu, valmis l\u00f5igatud tapeedipaanid. Ainulaadsed tapeedidisainid.\" \/>\n<meta property=\"og:url\" content=\"https:\/\/baubauwall.com\/et\/toode\/minu-lemmikloomad-tapeet\/\" \/>\n<meta property=\"og:site_name\" content=\"BAUBAUWALL TAPEEDID\" \/>\n<meta property=\"article:publisher\" content=\"https:\/\/www.facebook.com\/Baubauwall\" \/>\n<meta property=\"article:modified_time\" content=\"2023-12-01T10:50:12+00:00\" \/>\n<meta property=\"og:image\" content=\"https:\/\/i0.wp.com\/baubauwall.com\/wp-content\/uploads\/2022\/04\/51100183_myFavorite_Animals_Baubauwall_Wallpaper_room8-8.jpg?fit=720%2C800&ssl=1\" \/>\n\t<meta property=\"og:image:width\" content=\"720\" \/>\n\t<meta property=\"og:image:height\" content=\"800\" \/>\n\t<meta property=\"og:image:type\" content=\"image\/jpeg\" \/>\n<meta name=\"twitter:card\" content=\"summary_large_image\" \/>\n<meta name=\"twitter:label1\" content=\"Est. reading time\" \/>\n\t<meta name=\"twitter:data1\" content=\"1 minut\" \/>\n<script type=\"application\/ld+json\" class=\"yoast-schema-graph\">{\"@context\":\"https:\/\/schema.org\",\"@graph\":[{\"@type\":\"WebPage\",\"@id\":\"https:\/\/baubauwall.com\/et\/toode\/minu-lemmikloomad-tapeet\/\",\"url\":\"https:\/\/baubauwall.com\/et\/toode\/minu-lemmikloomad-tapeet\/\",\"name\":\"Lastetoa tapeet lemmikloomadega. Hingav fliistapeet\",\"isPartOf\":{\"@id\":\"https:\/\/baubauwall.com\/et\/#website\"},\"primaryImageOfPage\":{\"@id\":\"https:\/\/baubauwall.com\/et\/toode\/minu-lemmikloomad-tapeet\/#primaryimage\"},\"image\":{\"@id\":\"https:\/\/baubauwall.com\/et\/toode\/minu-lemmikloomad-tapeet\/#primaryimage\"},\"thumbnailUrl\":\"https:\/\/baubauwall.com\/wp-content\/uploads\/2022\/04\/51100183_myFavorite_Animals_Baubauwall_Wallpaper_room8-8.jpg\",\"datePublished\":\"2022-04-26T06:16:36+00:00\",\"dateModified\":\"2023-12-01T10:50:12+00:00\",\"description\":\"Armas tapeet lastetuppa loomakestega. Tr\u00fckime t\u00e4pselt teie seina m\u00f5\u00f5tu, valmis l\u00f5igatud tapeedipaanid. Ainulaadsed tapeedidisainid.\",\"breadcrumb\":{\"@id\":\"https:\/\/baubauwall.com\/et\/toode\/minu-lemmikloomad-tapeet\/#breadcrumb\"},\"inLanguage\":\"et\",\"potentialAction\":[{\"@type\":\"ReadAction\",\"target\":[\"https:\/\/baubauwall.com\/et\/toode\/minu-lemmikloomad-tapeet\/\"]}]},{\"@type\":\"ImageObject\",\"inLanguage\":\"et\",\"@id\":\"https:\/\/baubauwall.com\/et\/toode\/minu-lemmikloomad-tapeet\/#primaryimage\",\"url\":\"https:\/\/baubauwall.com\/wp-content\/uploads\/2022\/04\/51100183_myFavorite_Animals_Baubauwall_Wallpaper_room8-8.jpg\",\"contentUrl\":\"https:\/\/baubauwall.com\/wp-content\/uploads\/2022\/04\/51100183_myFavorite_Animals_Baubauwall_Wallpaper_room8-8.jpg\",\"width\":720,\"height\":800,\"caption\":\"favorite animals wallpaper baubauwall\"},{\"@type\":\"BreadcrumbList\",\"@id\":\"https:\/\/baubauwall.com\/et\/toode\/minu-lemmikloomad-tapeet\/#breadcrumb\",\"itemListElement\":[{\"@type\":\"ListItem\",\"position\":1,\"name\":\"Koju\",\"item\":\"https:\/\/baubauwall.com\/et\/\"},{\"@type\":\"ListItem\",\"position\":2,\"name\":\"Tapeedid\",\"item\":\"https:\/\/baubauwall.com\/et\/tapeedid\/\"},{\"@type\":\"ListItem\",\"position\":3,\"name\":\"Minu lemmikoomad\"}]},{\"@type\":\"WebSite\",\"@id\":\"https:\/\/baubauwall.com\/et\/#website\",\"url\":\"https:\/\/baubauwall.com\/et\/\",\"name\":\"BAUBAUWALL Wallpapers\",\"description\":\"Valmis paanides tapeet Eestist!\",\"publisher\":{\"@id\":\"https:\/\/baubauwall.com\/et\/#organization\"},\"potentialAction\":[{\"@type\":\"SearchAction\",\"target\":{\"@type\":\"EntryPoint\",\"urlTemplate\":\"https:\/\/baubauwall.com\/et\/?s={search_term_string}\"},\"query-input\":{\"@type\":\"PropertyValueSpecification\",\"valueRequired\":true,\"valueName\":\"search_term_string\"}}],\"inLanguage\":\"et\"},{\"@type\":\"Organization\",\"@id\":\"https:\/\/baubauwall.com\/et\/#organization\",\"name\":\"BAUBAUWALL Wallpapers\",\"url\":\"https:\/\/baubauwall.com\/et\/\",\"logo\":{\"@type\":\"ImageObject\",\"inLanguage\":\"et\",\"@id\":\"https:\/\/baubauwall.com\/et\/#\/schema\/logo\/image\/\",\"url\":\"https:\/\/baubauwall.com\/wp-content\/uploads\/2022\/03\/logo-horizontal.svg\",\"contentUrl\":\"https:\/\/baubauwall.com\/wp-content\/uploads\/2022\/03\/logo-horizontal.svg\",\"width\":\"1024\",\"height\":\"1024\",\"caption\":\"BAUBAUWALL Wallpapers\"},\"image\":{\"@id\":\"https:\/\/baubauwall.com\/et\/#\/schema\/logo\/image\/\"},\"sameAs\":[\"https:\/\/www.facebook.com\/Baubauwall\",\"https:\/\/www.instagram.com\/baubauwall\"]}]}<\/script>\n<!-- \/ Yoast SEO plugin. -->","yoast_head_json":{"title":"Lastetoa tapeet lemmikloomadega. Hingav fliistapeet","description":"Armas tapeet lastetuppa loomakestega. Tr\u00fckime t\u00e4pselt teie seina m\u00f5\u00f5tu, valmis l\u00f5igatud tapeedipaanid. Ainulaadsed tapeedidisainid.","robots":{"index":"index","follow":"follow","max-snippet":"max-snippet:-1","max-image-preview":"max-image-preview:large","max-video-preview":"max-video-preview:-1"},"canonical":"https:\/\/baubauwall.com\/et\/toode\/minu-lemmikloomad-tapeet\/","og_locale":"et_EE","og_type":"article","og_title":"Lastetoa tapeet lemmikloomadega. Hingav fliistapeet","og_description":"Armas tapeet lastetuppa loomakestega. Tr\u00fckime t\u00e4pselt teie seina m\u00f5\u00f5tu, valmis l\u00f5igatud tapeedipaanid. Ainulaadsed tapeedidisainid.","og_url":"https:\/\/baubauwall.com\/et\/toode\/minu-lemmikloomad-tapeet\/","og_site_name":"BAUBAUWALL TAPEEDID","article_publisher":"https:\/\/www.facebook.com\/Baubauwall","article_modified_time":"2023-12-01T10:50:12+00:00","og_image":[{"width":720,"height":800,"url":"https:\/\/i0.wp.com\/baubauwall.com\/wp-content\/uploads\/2022\/04\/51100183_myFavorite_Animals_Baubauwall_Wallpaper_room8-8.jpg?fit=720%2C800&ssl=1","type":"image\/jpeg"}],"twitter_card":"summary_large_image","twitter_misc":{"Est. reading time":"1 minut"},"schema":{"@context":"https:\/\/schema.org","@graph":[{"@type":"WebPage","@id":"https:\/\/baubauwall.com\/et\/toode\/minu-lemmikloomad-tapeet\/","url":"https:\/\/baubauwall.com\/et\/toode\/minu-lemmikloomad-tapeet\/","name":"Lastetoa tapeet lemmikloomadega. Hingav fliistapeet","isPartOf":{"@id":"https:\/\/baubauwall.com\/et\/#website"},"primaryImageOfPage":{"@id":"https:\/\/baubauwall.com\/et\/toode\/minu-lemmikloomad-tapeet\/#primaryimage"},"image":{"@id":"https:\/\/baubauwall.com\/et\/toode\/minu-lemmikloomad-tapeet\/#primaryimage"},"thumbnailUrl":"https:\/\/baubauwall.com\/wp-content\/uploads\/2022\/04\/51100183_myFavorite_Animals_Baubauwall_Wallpaper_room8-8.jpg","datePublished":"2022-04-26T06:16:36+00:00","dateModified":"2023-12-01T10:50:12+00:00","description":"Armas tapeet lastetuppa loomakestega. Tr\u00fckime t\u00e4pselt teie seina m\u00f5\u00f5tu, valmis l\u00f5igatud tapeedipaanid. Ainulaadsed tapeedidisainid.","breadcrumb":{"@id":"https:\/\/baubauwall.com\/et\/toode\/minu-lemmikloomad-tapeet\/#breadcrumb"},"inLanguage":"et","potentialAction":[{"@type":"ReadAction","target":["https:\/\/baubauwall.com\/et\/toode\/minu-lemmikloomad-tapeet\/"]}]},{"@type":"ImageObject","inLanguage":"et","@id":"https:\/\/baubauwall.com\/et\/toode\/minu-lemmikloomad-tapeet\/#primaryimage","url":"https:\/\/baubauwall.com\/wp-content\/uploads\/2022\/04\/51100183_myFavorite_Animals_Baubauwall_Wallpaper_room8-8.jpg","contentUrl":"https:\/\/baubauwall.com\/wp-content\/uploads\/2022\/04\/51100183_myFavorite_Animals_Baubauwall_Wallpaper_room8-8.jpg","width":720,"height":800,"caption":"favorite animals wallpaper baubauwall"},{"@type":"BreadcrumbList","@id":"https:\/\/baubauwall.com\/et\/toode\/minu-lemmikloomad-tapeet\/#breadcrumb","itemListElement":[{"@type":"ListItem","position":1,"name":"Koju","item":"https:\/\/baubauwall.com\/et\/"},{"@type":"ListItem","position":2,"name":"Tapeedid","item":"https:\/\/baubauwall.com\/et\/tapeedid\/"},{"@type":"ListItem","position":3,"name":"Minu lemmikoomad"}]},{"@type":"WebSite","@id":"https:\/\/baubauwall.com\/et\/#website","url":"https:\/\/baubauwall.com\/et\/","name":"BAUBAUWALL Wallpapers","description":"Valmis paanides tapeet Eestist!","publisher":{"@id":"https:\/\/baubauwall.com\/et\/#organization"},"potentialAction":[{"@type":"SearchAction","target":{"@type":"EntryPoint","urlTemplate":"https:\/\/baubauwall.com\/et\/?s={search_term_string}"},"query-input":{"@type":"PropertyValueSpecification","valueRequired":true,"valueName":"search_term_string"}}],"inLanguage":"et"},{"@type":"Organization","@id":"https:\/\/baubauwall.com\/et\/#organization","name":"BAUBAUWALL Wallpapers","url":"https:\/\/baubauwall.com\/et\/","logo":{"@type":"ImageObject","inLanguage":"et","@id":"https:\/\/baubauwall.com\/et\/#\/schema\/logo\/image\/","url":"https:\/\/baubauwall.com\/wp-content\/uploads\/2022\/03\/logo-horizontal.svg","contentUrl":"https:\/\/baubauwall.com\/wp-content\/uploads\/2022\/03\/logo-horizontal.svg","width":"1024","height":"1024","caption":"BAUBAUWALL Wallpapers"},"image":{"@id":"https:\/\/baubauwall.com\/et\/#\/schema\/logo\/image\/"},"sameAs":["https:\/\/www.facebook.com\/Baubauwall","https:\/\/www.instagram.com\/baubauwall"]}]}},"jetpack_sharing_enabled":true,"_links":{"self":[{"href":"https:\/\/baubauwall.com\/et\/wp-json\/wp\/v2\/product\/8247","targetHints":{"allow":["GET"]}}],"collection":[{"href":"https:\/\/baubauwall.com\/et\/wp-json\/wp\/v2\/product"}],"about":[{"href":"https:\/\/baubauwall.com\/et\/wp-json\/wp\/v2\/types\/product"}],"replies":[{"embeddable":true,"href":"https:\/\/baubauwall.com\/et\/wp-json\/wp\/v2\/comments?post=8247"}],"wp:featuredmedia":[{"embeddable":true,"href":"https:\/\/baubauwall.com\/et\/wp-json\/wp\/v2\/media\/8249"}],"wp:attachment":[{"href":"https:\/\/baubauwall.com\/et\/wp-json\/wp\/v2\/media?parent=8247"}],"wp:term":[{"taxonomy":"product_brand","embeddable":true,"href":"https:\/\/baubauwall.com\/et\/wp-json\/wp\/v2\/product_brand?post=8247"},{"taxonomy":"product_cat","embeddable":true,"href":"https:\/\/baubauwall.com\/et\/wp-json\/wp\/v2\/product_cat?post=8247"},{"taxonomy":"product_tag","embeddable":true,"href":"https:\/\/baubauwall.com\/et\/wp-json\/wp\/v2\/product_tag?post=8247"}],"curies":[{"name":"wp","href":"https:\/\/api.w.org\/{rel}","templated":true}]}}