{"id":8304,"date":"2022-04-26T12:49:56","date_gmt":"2022-04-26T10:49:56","guid":{"rendered":"https:\/\/baubauwall.com\/product\/geometric-deco-wallpaper-olive-green\/"},"modified":"2024-09-02T08:27:52","modified_gmt":"2024-09-02T06:27:52","slug":"tapeet-geomeetriline-ruudustik-oliiviroheline","status":"publish","type":"product","link":"https:\/\/baubauwall.com\/et\/toode\/tapeet-geomeetriline-ruudustik-oliiviroheline\/","title":{"rendered":"Geomeetriline ruudustik &#8211; oliiviroheline"},"content":{"rendered":"<p>Art Deco stiilis geomeetriline tapeet, mis on ajatu valik. Kordusmustriga tapeedi taust on mahedalt oliivikarva ning disaini geomeetriline muster bee\u017e. Tapeedi art deco stiilis tapeediga oma hubane <a href=\"https:\/\/baubauwall.com\/et\/tootekategooria\/tuba-et\/magamistoa-tapeedid\/\" target=\"_blank\" rel=\"noopener\">magamistub<\/a>a, asjalik kodukontor v\u00f5i \u0161ikk elutuba. Geomeetriline tapeedimuster lubab seda disaini kasutada v\u00e4ga erinevates interj\u00f6\u00f6rides ja tapeeti on h\u00f5lbus sobitada muude sisustuselementidega. Tapeedi puhtad jooned ja s\u00fcmmeetriline disain lisavad interj\u00f6\u00f6ri s\u00fcgavust ja p\u00f5nevust, ilma et ruum muutuks \u00fclekoormatuks, lastes samal ajal muul sisekujundusel s\u00e4rada.<\/p>\n<p>Kerge valida, kerge paigaldada &#8211; Baubauwall teeb tapeetimise lihtsaks.<\/p>\n<p><strong>Miks osta tapeet siit?\u00a0\u00a0<\/strong><\/p>\n<ul>\n<li>Nummerdatud tapeedipaanid<\/li>\n<li>Just nii pikad tapeedipaanid, kui on Sinu sein<\/li>\n<li>Premium, matt fliistapeedi materjal<\/li>\n<li>M\u00fcrgivabad tr\u00fckiv\u00e4rvid, Greenguard sertifitseeritud<\/li>\n<li>Keskkonnas\u00f5bralik, j\u00e4\u00e4tmevaba tapeetimine<\/li>\n<li>Tasuta tapeediliim<\/li>\n<li>Tasuta transport ja kiire tarne 5 t\u00f6\u00f6p\u00e4evaga<\/li>\n<\/ul>\n<p>Loe l\u00e4hemalt nutikatest, eritellimust\u00f6\u00f6na valmivatest tapeetidest\u00a0<a href=\"https:\/\/baubauwall.com\/et\/keskkonnasobralikud-tapeedid\/\">siit.<\/a><\/p>\n<p>&nbsp;<\/p>\n","protected":false},"excerpt":{"rendered":"<p>Art Deco stiilis geomeetriline tapeet, mis on ajatu valik. Kordusmustriga tapeedi taust on mahedalt oliivikarva ning disaini geomeetriline muster bee\u017e. Tapeedi art deco stiilis tapeediga oma hubane magamistuba, asjalik kodukontor v\u00f5i \u0161ikk elutuba. Geomeetriline tapeedimuster lubab seda disaini kasutada v\u00e4ga erinevates interj\u00f6\u00f6rides ja tapeeti on h\u00f5lbus sobitada muude sisustuselementidega. Tapeedi puhtad jooned ja s\u00fcmmeetriline disain [&hellip;]<\/p>\n","protected":false},"featured_media":8297,"comment_status":"open","ping_status":"closed","template":"","meta":{"_acf_changed":false,"inline_featured_image":false},"product_brand":[],"product_cat":[386,408,388,271,413,414,415,416,399,401,402,412],"product_tag":[832,550],"class_list":{"0":"post-8304","1":"product","2":"type-product","3":"status-publish","4":"has-post-thumbnail","6":"product_cat-kordusmustriga-tapeedid","7":"product_cat-geomeetriline","8":"product_cat-vintage-et","9":"product_cat-rohelised-tapeedid","10":"product_cat-magamistoa-tapeedid","11":"product_cat-soogitoa-tapeedid","12":"product_cat-kulalistetoa-tapeedid","13":"product_cat-esiku-tapeedid","14":"product_cat-kodukontori-tapeedid","15":"product_cat-koogi-tapeedid","16":"product_cat-elutoa-tapeedid","17":"product_cat-vannitoa-tapeedid","18":"product_tag-kordusmustriga-tapeedid","19":"product_tag-sajandi-keskpaik-et","20":"pa_designedby-baubauwall","22":"first","23":"instock","24":"taxable","25":"shipping-taxable","26":"purchasable","27":"product-type-simple"},"acf":[],"yoast_head":"<!-- This site is optimized with the Yoast SEO plugin v25.9 - https:\/\/yoast.com\/wordpress\/plugins\/seo\/ -->\n<title>Geomeetrilise mustriga art deco tapeet - oliivroheline disain.<\/title>\n<meta name=\"description\" content=\"Art deco stiilis efektne geomeetriline tapeet oliivrohelisel taustal. Sinu seina m\u00f5\u00f5tu tr\u00fckitud t\u00e4psed tapeedipaanid. Fliistapeet.\" \/>\n<meta name=\"robots\" content=\"index, follow, max-snippet:-1, max-image-preview:large, max-video-preview:-1\" \/>\n<link rel=\"canonical\" href=\"https:\/\/baubauwall.com\/et\/toode\/tapeet-geomeetriline-ruudustik-oliiviroheline\/\" \/>\n<meta property=\"og:locale\" content=\"et_EE\" \/>\n<meta property=\"og:type\" content=\"article\" \/>\n<meta property=\"og:title\" content=\"Geomeetrilise mustriga art deco tapeet - oliivroheline disain.\" \/>\n<meta property=\"og:description\" content=\"Art deco stiilis efektne geomeetriline tapeet oliivrohelisel taustal. Sinu seina m\u00f5\u00f5tu tr\u00fckitud t\u00e4psed tapeedipaanid. Fliistapeet.\" \/>\n<meta property=\"og:url\" content=\"https:\/\/baubauwall.com\/et\/toode\/tapeet-geomeetriline-ruudustik-oliiviroheline\/\" \/>\n<meta property=\"og:site_name\" content=\"BAUBAUWALL Wallpapers\" \/>\n<meta property=\"article:publisher\" content=\"https:\/\/www.facebook.com\/Baubauwall\" \/>\n<meta property=\"article:modified_time\" content=\"2024-09-02T06:27:52+00:00\" \/>\n<meta property=\"og:image\" content=\"https:\/\/baubauwall.com\/wp-content\/uploads\/2022\/04\/51100185_OliveGeometricDeco_Baubauwall_Wallpaper_room2.jpg\" \/>\n\t<meta property=\"og:image:width\" content=\"736\" \/>\n\t<meta property=\"og:image:height\" content=\"800\" \/>\n\t<meta property=\"og:image:type\" content=\"image\/jpeg\" \/>\n<meta name=\"twitter:card\" content=\"summary_large_image\" \/>\n<meta name=\"twitter:label1\" content=\"Est. reading time\" \/>\n\t<meta name=\"twitter:data1\" content=\"1 minut\" \/>\n<script type=\"application\/ld+json\" class=\"yoast-schema-graph\">{\"@context\":\"https:\/\/schema.org\",\"@graph\":[{\"@type\":\"WebPage\",\"@id\":\"https:\/\/baubauwall.com\/et\/toode\/tapeet-geomeetriline-ruudustik-oliiviroheline\/\",\"url\":\"https:\/\/baubauwall.com\/et\/toode\/tapeet-geomeetriline-ruudustik-oliiviroheline\/\",\"name\":\"Geomeetrilise mustriga art deco tapeet - oliivroheline disain.\",\"isPartOf\":{\"@id\":\"https:\/\/baubauwall.com\/et\/#website\"},\"primaryImageOfPage\":{\"@id\":\"https:\/\/baubauwall.com\/et\/toode\/tapeet-geomeetriline-ruudustik-oliiviroheline\/#primaryimage\"},\"image\":{\"@id\":\"https:\/\/baubauwall.com\/et\/toode\/tapeet-geomeetriline-ruudustik-oliiviroheline\/#primaryimage\"},\"thumbnailUrl\":\"https:\/\/baubauwall.com\/wp-content\/uploads\/2022\/04\/51100185_OliveGeometricDeco_Baubauwall_Wallpaper_room2.jpg\",\"datePublished\":\"2022-04-26T10:49:56+00:00\",\"dateModified\":\"2024-09-02T06:27:52+00:00\",\"description\":\"Art deco stiilis efektne geomeetriline tapeet oliivrohelisel taustal. Sinu seina m\u00f5\u00f5tu tr\u00fckitud t\u00e4psed tapeedipaanid. Fliistapeet.\",\"breadcrumb\":{\"@id\":\"https:\/\/baubauwall.com\/et\/toode\/tapeet-geomeetriline-ruudustik-oliiviroheline\/#breadcrumb\"},\"inLanguage\":\"et\",\"potentialAction\":[{\"@type\":\"ReadAction\",\"target\":[\"https:\/\/baubauwall.com\/et\/toode\/tapeet-geomeetriline-ruudustik-oliiviroheline\/\"]}]},{\"@type\":\"ImageObject\",\"inLanguage\":\"et\",\"@id\":\"https:\/\/baubauwall.com\/et\/toode\/tapeet-geomeetriline-ruudustik-oliiviroheline\/#primaryimage\",\"url\":\"https:\/\/baubauwall.com\/wp-content\/uploads\/2022\/04\/51100185_OliveGeometricDeco_Baubauwall_Wallpaper_room2.jpg\",\"contentUrl\":\"https:\/\/baubauwall.com\/wp-content\/uploads\/2022\/04\/51100185_OliveGeometricDeco_Baubauwall_Wallpaper_room2.jpg\",\"width\":736,\"height\":800},{\"@type\":\"BreadcrumbList\",\"@id\":\"https:\/\/baubauwall.com\/et\/toode\/tapeet-geomeetriline-ruudustik-oliiviroheline\/#breadcrumb\",\"itemListElement\":[{\"@type\":\"ListItem\",\"position\":1,\"name\":\"Koju\",\"item\":\"https:\/\/baubauwall.com\/et\/\"},{\"@type\":\"ListItem\",\"position\":2,\"name\":\"Tapeedid\",\"item\":\"https:\/\/baubauwall.com\/et\/tapeedid\/\"},{\"@type\":\"ListItem\",\"position\":3,\"name\":\"Geomeetriline ruudustik &#8211; oliiviroheline\"}]},{\"@type\":\"WebSite\",\"@id\":\"https:\/\/baubauwall.com\/et\/#website\",\"url\":\"https:\/\/baubauwall.com\/et\/\",\"name\":\"BAUBAUWALL Wallpapers\",\"description\":\"Valmis paanides tapeet Eestist!\",\"publisher\":{\"@id\":\"https:\/\/baubauwall.com\/et\/#organization\"},\"potentialAction\":[{\"@type\":\"SearchAction\",\"target\":{\"@type\":\"EntryPoint\",\"urlTemplate\":\"https:\/\/baubauwall.com\/et\/?s={search_term_string}\"},\"query-input\":{\"@type\":\"PropertyValueSpecification\",\"valueRequired\":true,\"valueName\":\"search_term_string\"}}],\"inLanguage\":\"et\"},{\"@type\":\"Organization\",\"@id\":\"https:\/\/baubauwall.com\/et\/#organization\",\"name\":\"BAUBAUWALL Wallpapers\",\"url\":\"https:\/\/baubauwall.com\/et\/\",\"logo\":{\"@type\":\"ImageObject\",\"inLanguage\":\"et\",\"@id\":\"https:\/\/baubauwall.com\/et\/#\/schema\/logo\/image\/\",\"url\":\"https:\/\/baubauwall.com\/wp-content\/uploads\/2022\/03\/logo-horizontal.svg\",\"contentUrl\":\"https:\/\/baubauwall.com\/wp-content\/uploads\/2022\/03\/logo-horizontal.svg\",\"width\":\"1024\",\"height\":\"1024\",\"caption\":\"BAUBAUWALL Wallpapers\"},\"image\":{\"@id\":\"https:\/\/baubauwall.com\/et\/#\/schema\/logo\/image\/\"},\"sameAs\":[\"https:\/\/www.facebook.com\/Baubauwall\",\"https:\/\/www.instagram.com\/baubauwall\"]}]}<\/script>\n<!-- \/ Yoast SEO plugin. -->","yoast_head_json":{"title":"Geomeetrilise mustriga art deco tapeet - oliivroheline disain.","description":"Art deco stiilis efektne geomeetriline tapeet oliivrohelisel taustal. Sinu seina m\u00f5\u00f5tu tr\u00fckitud t\u00e4psed tapeedipaanid. Fliistapeet.","robots":{"index":"index","follow":"follow","max-snippet":"max-snippet:-1","max-image-preview":"max-image-preview:large","max-video-preview":"max-video-preview:-1"},"canonical":"https:\/\/baubauwall.com\/et\/toode\/tapeet-geomeetriline-ruudustik-oliiviroheline\/","og_locale":"et_EE","og_type":"article","og_title":"Geomeetrilise mustriga art deco tapeet - oliivroheline disain.","og_description":"Art deco stiilis efektne geomeetriline tapeet oliivrohelisel taustal. Sinu seina m\u00f5\u00f5tu tr\u00fckitud t\u00e4psed tapeedipaanid. Fliistapeet.","og_url":"https:\/\/baubauwall.com\/et\/toode\/tapeet-geomeetriline-ruudustik-oliiviroheline\/","og_site_name":"BAUBAUWALL Wallpapers","article_publisher":"https:\/\/www.facebook.com\/Baubauwall","article_modified_time":"2024-09-02T06:27:52+00:00","og_image":[{"width":736,"height":800,"url":"https:\/\/baubauwall.com\/wp-content\/uploads\/2022\/04\/51100185_OliveGeometricDeco_Baubauwall_Wallpaper_room2.jpg","type":"image\/jpeg"}],"twitter_card":"summary_large_image","twitter_misc":{"Est. reading time":"1 minut"},"schema":{"@context":"https:\/\/schema.org","@graph":[{"@type":"WebPage","@id":"https:\/\/baubauwall.com\/et\/toode\/tapeet-geomeetriline-ruudustik-oliiviroheline\/","url":"https:\/\/baubauwall.com\/et\/toode\/tapeet-geomeetriline-ruudustik-oliiviroheline\/","name":"Geomeetrilise mustriga art deco tapeet - oliivroheline disain.","isPartOf":{"@id":"https:\/\/baubauwall.com\/et\/#website"},"primaryImageOfPage":{"@id":"https:\/\/baubauwall.com\/et\/toode\/tapeet-geomeetriline-ruudustik-oliiviroheline\/#primaryimage"},"image":{"@id":"https:\/\/baubauwall.com\/et\/toode\/tapeet-geomeetriline-ruudustik-oliiviroheline\/#primaryimage"},"thumbnailUrl":"https:\/\/baubauwall.com\/wp-content\/uploads\/2022\/04\/51100185_OliveGeometricDeco_Baubauwall_Wallpaper_room2.jpg","datePublished":"2022-04-26T10:49:56+00:00","dateModified":"2024-09-02T06:27:52+00:00","description":"Art deco stiilis efektne geomeetriline tapeet oliivrohelisel taustal. Sinu seina m\u00f5\u00f5tu tr\u00fckitud t\u00e4psed tapeedipaanid. Fliistapeet.","breadcrumb":{"@id":"https:\/\/baubauwall.com\/et\/toode\/tapeet-geomeetriline-ruudustik-oliiviroheline\/#breadcrumb"},"inLanguage":"et","potentialAction":[{"@type":"ReadAction","target":["https:\/\/baubauwall.com\/et\/toode\/tapeet-geomeetriline-ruudustik-oliiviroheline\/"]}]},{"@type":"ImageObject","inLanguage":"et","@id":"https:\/\/baubauwall.com\/et\/toode\/tapeet-geomeetriline-ruudustik-oliiviroheline\/#primaryimage","url":"https:\/\/baubauwall.com\/wp-content\/uploads\/2022\/04\/51100185_OliveGeometricDeco_Baubauwall_Wallpaper_room2.jpg","contentUrl":"https:\/\/baubauwall.com\/wp-content\/uploads\/2022\/04\/51100185_OliveGeometricDeco_Baubauwall_Wallpaper_room2.jpg","width":736,"height":800},{"@type":"BreadcrumbList","@id":"https:\/\/baubauwall.com\/et\/toode\/tapeet-geomeetriline-ruudustik-oliiviroheline\/#breadcrumb","itemListElement":[{"@type":"ListItem","position":1,"name":"Koju","item":"https:\/\/baubauwall.com\/et\/"},{"@type":"ListItem","position":2,"name":"Tapeedid","item":"https:\/\/baubauwall.com\/et\/tapeedid\/"},{"@type":"ListItem","position":3,"name":"Geomeetriline ruudustik &#8211; oliiviroheline"}]},{"@type":"WebSite","@id":"https:\/\/baubauwall.com\/et\/#website","url":"https:\/\/baubauwall.com\/et\/","name":"BAUBAUWALL Wallpapers","description":"Valmis paanides tapeet Eestist!","publisher":{"@id":"https:\/\/baubauwall.com\/et\/#organization"},"potentialAction":[{"@type":"SearchAction","target":{"@type":"EntryPoint","urlTemplate":"https:\/\/baubauwall.com\/et\/?s={search_term_string}"},"query-input":{"@type":"PropertyValueSpecification","valueRequired":true,"valueName":"search_term_string"}}],"inLanguage":"et"},{"@type":"Organization","@id":"https:\/\/baubauwall.com\/et\/#organization","name":"BAUBAUWALL Wallpapers","url":"https:\/\/baubauwall.com\/et\/","logo":{"@type":"ImageObject","inLanguage":"et","@id":"https:\/\/baubauwall.com\/et\/#\/schema\/logo\/image\/","url":"https:\/\/baubauwall.com\/wp-content\/uploads\/2022\/03\/logo-horizontal.svg","contentUrl":"https:\/\/baubauwall.com\/wp-content\/uploads\/2022\/03\/logo-horizontal.svg","width":"1024","height":"1024","caption":"BAUBAUWALL Wallpapers"},"image":{"@id":"https:\/\/baubauwall.com\/et\/#\/schema\/logo\/image\/"},"sameAs":["https:\/\/www.facebook.com\/Baubauwall","https:\/\/www.instagram.com\/baubauwall"]}]}},"jetpack_sharing_enabled":true,"_links":{"self":[{"href":"https:\/\/baubauwall.com\/et\/wp-json\/wp\/v2\/product\/8304","targetHints":{"allow":["GET"]}}],"collection":[{"href":"https:\/\/baubauwall.com\/et\/wp-json\/wp\/v2\/product"}],"about":[{"href":"https:\/\/baubauwall.com\/et\/wp-json\/wp\/v2\/types\/product"}],"replies":[{"embeddable":true,"href":"https:\/\/baubauwall.com\/et\/wp-json\/wp\/v2\/comments?post=8304"}],"wp:featuredmedia":[{"embeddable":true,"href":"https:\/\/baubauwall.com\/et\/wp-json\/wp\/v2\/media\/8297"}],"wp:attachment":[{"href":"https:\/\/baubauwall.com\/et\/wp-json\/wp\/v2\/media?parent=8304"}],"wp:term":[{"taxonomy":"product_brand","embeddable":true,"href":"https:\/\/baubauwall.com\/et\/wp-json\/wp\/v2\/product_brand?post=8304"},{"taxonomy":"product_cat","embeddable":true,"href":"https:\/\/baubauwall.com\/et\/wp-json\/wp\/v2\/product_cat?post=8304"},{"taxonomy":"product_tag","embeddable":true,"href":"https:\/\/baubauwall.com\/et\/wp-json\/wp\/v2\/product_tag?post=8304"}],"curies":[{"name":"wp","href":"https:\/\/api.w.org\/{rel}","templated":true}]}}