{"id":8366,"date":"2022-04-26T12:50:06","date_gmt":"2022-04-26T10:50:06","guid":{"rendered":"https:\/\/baubauwall.com\/?post_type=product&#038;p=8366"},"modified":"2022-06-10T12:04:44","modified_gmt":"2022-06-10T10:04:44","slug":"tapeet-helivonked-terrakota","status":"publish","type":"product","link":"https:\/\/baubauwall.com\/et\/toode\/tapeet-helivonked-terrakota\/","title":{"rendered":"Heliv\u00f5nked &#8211; terrakota"},"content":{"rendered":"<p>Kuidas maalida heli ja selle v\u00f5nkeid? V\u00f5i on see hoopis maalitud tuul, peegelduse heli v\u00f5i hoopis n\u00e4iteks kaleidoskooplik l\u00f5pmatus. Valik on Sinu, kuidas soovid t\u00f5lgendada seda tapeedidisaini oma seintel. Ainulaadne kordusmuster on osa <strong>Ootamatud peegeldused <\/strong>kollektsioonist.<\/p>\n<p>\u201eOotamatud peegeldused\u201c <a href=\"https:\/\/baubauwall.com\/et\/uudised\/uus-tapeedikollektsioon-ootamatud-peegeldused\/\" target=\"_blank\" rel=\"noopener\">kollektsiooni<\/a> tapeedid on t\u00e4is otsatuid avastusi, kus miski pole p\u00e4ris nii, nagu esmalt tundub. \u00dche nurga alt n\u00e4ed nii tuttavat faktuuri, teisalt v\u00f5ib see olla midagi hoopis muud.<\/p>\n<p>\u201eHeliv\u00f5nked\u201c tapeedidisain on meil olemas nii tumesinise, akvamariinsinise kui ka tumerohelise &amp; terrakota toonides.<\/p>\n","protected":false},"excerpt":{"rendered":"<p>Kuidas maalida heli ja selle v\u00f5nkeid? V\u00f5i on see hoopis maalitud tuul, peegelduse heli v\u00f5i hoopis n\u00e4iteks kaleidoskooplik l\u00f5pmatus. Valik on Sinu, kuidas soovid t\u00f5lgendada seda tapeedidisaini oma seintel. Ainulaadne kordusmuster on osa Ootamatud peegeldused kollektsioonist. \u201eOotamatud peegeldused\u201c kollektsiooni tapeedid on t\u00e4is otsatuid avastusi, kus miski pole p\u00e4ris nii, nagu esmalt tundub. \u00dche nurga alt [&hellip;]<\/p>\n","protected":false},"featured_media":8365,"comment_status":"open","ping_status":"closed","template":"","meta":{"_acf_changed":false,"inline_featured_image":false},"product_brand":[],"product_cat":[538,386,404,447,394,388,270,275,752,413,414,402,699],"product_tag":[695,539,550],"class_list":{"0":"post-8366","1":"product","2":"type-product","3":"status-publish","4":"has-post-thumbnail","6":"product_cat-kollektsioon-2022-et","7":"product_cat-kordusmustriga-tapeedid","8":"product_cat-abstraktne","9":"product_cat-maksimalistlik-et","10":"product_cat-rikkalik","11":"product_cat-vintage-et","12":"product_cat-tumedad-tapeedid","13":"product_cat-oranzid-tapeedid","14":"product_cat-avalik-ruum","15":"product_cat-magamistoa-tapeedid","16":"product_cat-soogitoa-tapeedid","17":"product_cat-elutoa-tapeedid","18":"product_cat-eesti-disain-tapeedid","19":"product_tag-eesti-disain-tapeedid","20":"product_tag-ootamatud-peegeldused-et","21":"product_tag-sajandi-keskpaik-et","22":"pa_designedby-triinu-silla","24":"first","25":"instock","26":"taxable","27":"shipping-taxable","28":"purchasable","29":"product-type-simple"},"acf":[],"yoast_head":"<!-- This site is optimized with the Yoast SEO plugin v25.9 - https:\/\/yoast.com\/wordpress\/plugins\/seo\/ -->\n<title>Tapeet Heliv\u00f5nked. Terrakota toonides disain. Ootamatud peegeldused.<\/title>\n<meta name=\"description\" content=\"Tumedates toonides tapeet Heliv\u00f5nge. Uus tapeedikollektsioon eriliste disainidega. Keskkonnas\u00f5bralikud fliistapeedid, sinu seina m\u00f5\u00f5tu paanid\" \/>\n<meta name=\"robots\" content=\"index, follow, max-snippet:-1, max-image-preview:large, max-video-preview:-1\" \/>\n<link rel=\"canonical\" href=\"https:\/\/baubauwall.com\/et\/toode\/tapeet-helivonked-terrakota\/\" \/>\n<meta property=\"og:locale\" content=\"et_EE\" \/>\n<meta property=\"og:type\" content=\"article\" \/>\n<meta property=\"og:title\" content=\"Tapeet Heliv\u00f5nked. Terrakota toonides disain. Ootamatud peegeldused.\" \/>\n<meta property=\"og:description\" content=\"Tumedates toonides tapeet Heliv\u00f5nge. Uus tapeedikollektsioon eriliste disainidega. Keskkonnas\u00f5bralikud fliistapeedid, sinu seina m\u00f5\u00f5tu paanid\" \/>\n<meta property=\"og:url\" content=\"https:\/\/baubauwall.com\/et\/toode\/tapeet-helivonked-terrakota\/\" \/>\n<meta property=\"og:site_name\" content=\"BAUBAUWALL TAPEEDID\" \/>\n<meta property=\"article:publisher\" content=\"https:\/\/www.facebook.com\/Baubauwall\" \/>\n<meta property=\"article:modified_time\" content=\"2022-06-10T10:04:44+00:00\" \/>\n<meta property=\"og:image\" content=\"https:\/\/baubauwall.com\/wp-content\/uploads\/2022\/04\/51100190_SoundDunes_orange_Baubauwall_Wallpaper_room1-8.jpg\" \/>\n\t<meta property=\"og:image:width\" content=\"985\" \/>\n\t<meta property=\"og:image:height\" content=\"800\" \/>\n\t<meta property=\"og:image:type\" content=\"image\/jpeg\" \/>\n<meta name=\"twitter:card\" content=\"summary_large_image\" \/>\n<meta name=\"twitter:label1\" content=\"Est. reading time\" \/>\n\t<meta name=\"twitter:data1\" content=\"1 minut\" \/>\n<script type=\"application\/ld+json\" class=\"yoast-schema-graph\">{\"@context\":\"https:\/\/schema.org\",\"@graph\":[{\"@type\":\"WebPage\",\"@id\":\"https:\/\/baubauwall.com\/et\/toode\/tapeet-helivonked-terrakota\/\",\"url\":\"https:\/\/baubauwall.com\/et\/toode\/tapeet-helivonked-terrakota\/\",\"name\":\"Tapeet Heliv\u00f5nked. Terrakota toonides disain. Ootamatud peegeldused.\",\"isPartOf\":{\"@id\":\"https:\/\/baubauwall.com\/et\/#website\"},\"primaryImageOfPage\":{\"@id\":\"https:\/\/baubauwall.com\/et\/toode\/tapeet-helivonked-terrakota\/#primaryimage\"},\"image\":{\"@id\":\"https:\/\/baubauwall.com\/et\/toode\/tapeet-helivonked-terrakota\/#primaryimage\"},\"thumbnailUrl\":\"https:\/\/baubauwall.com\/wp-content\/uploads\/2022\/04\/51100190_SoundDunes_orange_Baubauwall_Wallpaper_room1-8.jpg\",\"datePublished\":\"2022-04-26T10:50:06+00:00\",\"dateModified\":\"2022-06-10T10:04:44+00:00\",\"description\":\"Tumedates toonides tapeet Heliv\u00f5nge. Uus tapeedikollektsioon eriliste disainidega. Keskkonnas\u00f5bralikud fliistapeedid, sinu seina m\u00f5\u00f5tu paanid\",\"breadcrumb\":{\"@id\":\"https:\/\/baubauwall.com\/et\/toode\/tapeet-helivonked-terrakota\/#breadcrumb\"},\"inLanguage\":\"et\",\"potentialAction\":[{\"@type\":\"ReadAction\",\"target\":[\"https:\/\/baubauwall.com\/et\/toode\/tapeet-helivonked-terrakota\/\"]}]},{\"@type\":\"ImageObject\",\"inLanguage\":\"et\",\"@id\":\"https:\/\/baubauwall.com\/et\/toode\/tapeet-helivonked-terrakota\/#primaryimage\",\"url\":\"https:\/\/baubauwall.com\/wp-content\/uploads\/2022\/04\/51100190_SoundDunes_orange_Baubauwall_Wallpaper_room1-8.jpg\",\"contentUrl\":\"https:\/\/baubauwall.com\/wp-content\/uploads\/2022\/04\/51100190_SoundDunes_orange_Baubauwall_Wallpaper_room1-8.jpg\",\"width\":985,\"height\":800},{\"@type\":\"BreadcrumbList\",\"@id\":\"https:\/\/baubauwall.com\/et\/toode\/tapeet-helivonked-terrakota\/#breadcrumb\",\"itemListElement\":[{\"@type\":\"ListItem\",\"position\":1,\"name\":\"Koju\",\"item\":\"https:\/\/baubauwall.com\/et\/\"},{\"@type\":\"ListItem\",\"position\":2,\"name\":\"Tapeedid\",\"item\":\"https:\/\/baubauwall.com\/et\/tapeedid\/\"},{\"@type\":\"ListItem\",\"position\":3,\"name\":\"Heliv\u00f5nked &#8211; terrakota\"}]},{\"@type\":\"WebSite\",\"@id\":\"https:\/\/baubauwall.com\/et\/#website\",\"url\":\"https:\/\/baubauwall.com\/et\/\",\"name\":\"BAUBAUWALL Wallpapers\",\"description\":\"Valmis paanides tapeet Eestist!\",\"publisher\":{\"@id\":\"https:\/\/baubauwall.com\/et\/#organization\"},\"potentialAction\":[{\"@type\":\"SearchAction\",\"target\":{\"@type\":\"EntryPoint\",\"urlTemplate\":\"https:\/\/baubauwall.com\/et\/?s={search_term_string}\"},\"query-input\":{\"@type\":\"PropertyValueSpecification\",\"valueRequired\":true,\"valueName\":\"search_term_string\"}}],\"inLanguage\":\"et\"},{\"@type\":\"Organization\",\"@id\":\"https:\/\/baubauwall.com\/et\/#organization\",\"name\":\"BAUBAUWALL Wallpapers\",\"url\":\"https:\/\/baubauwall.com\/et\/\",\"logo\":{\"@type\":\"ImageObject\",\"inLanguage\":\"et\",\"@id\":\"https:\/\/baubauwall.com\/et\/#\/schema\/logo\/image\/\",\"url\":\"https:\/\/baubauwall.com\/wp-content\/uploads\/2022\/03\/logo-horizontal.svg\",\"contentUrl\":\"https:\/\/baubauwall.com\/wp-content\/uploads\/2022\/03\/logo-horizontal.svg\",\"width\":\"1024\",\"height\":\"1024\",\"caption\":\"BAUBAUWALL Wallpapers\"},\"image\":{\"@id\":\"https:\/\/baubauwall.com\/et\/#\/schema\/logo\/image\/\"},\"sameAs\":[\"https:\/\/www.facebook.com\/Baubauwall\",\"https:\/\/www.instagram.com\/baubauwall\"]}]}<\/script>\n<!-- \/ Yoast SEO plugin. -->","yoast_head_json":{"title":"Tapeet Heliv\u00f5nked. Terrakota toonides disain. Ootamatud peegeldused.","description":"Tumedates toonides tapeet Heliv\u00f5nge. Uus tapeedikollektsioon eriliste disainidega. Keskkonnas\u00f5bralikud fliistapeedid, sinu seina m\u00f5\u00f5tu paanid","robots":{"index":"index","follow":"follow","max-snippet":"max-snippet:-1","max-image-preview":"max-image-preview:large","max-video-preview":"max-video-preview:-1"},"canonical":"https:\/\/baubauwall.com\/et\/toode\/tapeet-helivonked-terrakota\/","og_locale":"et_EE","og_type":"article","og_title":"Tapeet Heliv\u00f5nked. Terrakota toonides disain. Ootamatud peegeldused.","og_description":"Tumedates toonides tapeet Heliv\u00f5nge. Uus tapeedikollektsioon eriliste disainidega. Keskkonnas\u00f5bralikud fliistapeedid, sinu seina m\u00f5\u00f5tu paanid","og_url":"https:\/\/baubauwall.com\/et\/toode\/tapeet-helivonked-terrakota\/","og_site_name":"BAUBAUWALL TAPEEDID","article_publisher":"https:\/\/www.facebook.com\/Baubauwall","article_modified_time":"2022-06-10T10:04:44+00:00","og_image":[{"width":985,"height":800,"url":"https:\/\/baubauwall.com\/wp-content\/uploads\/2022\/04\/51100190_SoundDunes_orange_Baubauwall_Wallpaper_room1-8.jpg","type":"image\/jpeg"}],"twitter_card":"summary_large_image","twitter_misc":{"Est. reading time":"1 minut"},"schema":{"@context":"https:\/\/schema.org","@graph":[{"@type":"WebPage","@id":"https:\/\/baubauwall.com\/et\/toode\/tapeet-helivonked-terrakota\/","url":"https:\/\/baubauwall.com\/et\/toode\/tapeet-helivonked-terrakota\/","name":"Tapeet Heliv\u00f5nked. Terrakota toonides disain. Ootamatud peegeldused.","isPartOf":{"@id":"https:\/\/baubauwall.com\/et\/#website"},"primaryImageOfPage":{"@id":"https:\/\/baubauwall.com\/et\/toode\/tapeet-helivonked-terrakota\/#primaryimage"},"image":{"@id":"https:\/\/baubauwall.com\/et\/toode\/tapeet-helivonked-terrakota\/#primaryimage"},"thumbnailUrl":"https:\/\/baubauwall.com\/wp-content\/uploads\/2022\/04\/51100190_SoundDunes_orange_Baubauwall_Wallpaper_room1-8.jpg","datePublished":"2022-04-26T10:50:06+00:00","dateModified":"2022-06-10T10:04:44+00:00","description":"Tumedates toonides tapeet Heliv\u00f5nge. Uus tapeedikollektsioon eriliste disainidega. Keskkonnas\u00f5bralikud fliistapeedid, sinu seina m\u00f5\u00f5tu paanid","breadcrumb":{"@id":"https:\/\/baubauwall.com\/et\/toode\/tapeet-helivonked-terrakota\/#breadcrumb"},"inLanguage":"et","potentialAction":[{"@type":"ReadAction","target":["https:\/\/baubauwall.com\/et\/toode\/tapeet-helivonked-terrakota\/"]}]},{"@type":"ImageObject","inLanguage":"et","@id":"https:\/\/baubauwall.com\/et\/toode\/tapeet-helivonked-terrakota\/#primaryimage","url":"https:\/\/baubauwall.com\/wp-content\/uploads\/2022\/04\/51100190_SoundDunes_orange_Baubauwall_Wallpaper_room1-8.jpg","contentUrl":"https:\/\/baubauwall.com\/wp-content\/uploads\/2022\/04\/51100190_SoundDunes_orange_Baubauwall_Wallpaper_room1-8.jpg","width":985,"height":800},{"@type":"BreadcrumbList","@id":"https:\/\/baubauwall.com\/et\/toode\/tapeet-helivonked-terrakota\/#breadcrumb","itemListElement":[{"@type":"ListItem","position":1,"name":"Koju","item":"https:\/\/baubauwall.com\/et\/"},{"@type":"ListItem","position":2,"name":"Tapeedid","item":"https:\/\/baubauwall.com\/et\/tapeedid\/"},{"@type":"ListItem","position":3,"name":"Heliv\u00f5nked &#8211; terrakota"}]},{"@type":"WebSite","@id":"https:\/\/baubauwall.com\/et\/#website","url":"https:\/\/baubauwall.com\/et\/","name":"BAUBAUWALL Wallpapers","description":"Valmis paanides tapeet Eestist!","publisher":{"@id":"https:\/\/baubauwall.com\/et\/#organization"},"potentialAction":[{"@type":"SearchAction","target":{"@type":"EntryPoint","urlTemplate":"https:\/\/baubauwall.com\/et\/?s={search_term_string}"},"query-input":{"@type":"PropertyValueSpecification","valueRequired":true,"valueName":"search_term_string"}}],"inLanguage":"et"},{"@type":"Organization","@id":"https:\/\/baubauwall.com\/et\/#organization","name":"BAUBAUWALL Wallpapers","url":"https:\/\/baubauwall.com\/et\/","logo":{"@type":"ImageObject","inLanguage":"et","@id":"https:\/\/baubauwall.com\/et\/#\/schema\/logo\/image\/","url":"https:\/\/baubauwall.com\/wp-content\/uploads\/2022\/03\/logo-horizontal.svg","contentUrl":"https:\/\/baubauwall.com\/wp-content\/uploads\/2022\/03\/logo-horizontal.svg","width":"1024","height":"1024","caption":"BAUBAUWALL Wallpapers"},"image":{"@id":"https:\/\/baubauwall.com\/et\/#\/schema\/logo\/image\/"},"sameAs":["https:\/\/www.facebook.com\/Baubauwall","https:\/\/www.instagram.com\/baubauwall"]}]}},"jetpack_sharing_enabled":true,"_links":{"self":[{"href":"https:\/\/baubauwall.com\/et\/wp-json\/wp\/v2\/product\/8366","targetHints":{"allow":["GET"]}}],"collection":[{"href":"https:\/\/baubauwall.com\/et\/wp-json\/wp\/v2\/product"}],"about":[{"href":"https:\/\/baubauwall.com\/et\/wp-json\/wp\/v2\/types\/product"}],"replies":[{"embeddable":true,"href":"https:\/\/baubauwall.com\/et\/wp-json\/wp\/v2\/comments?post=8366"}],"wp:featuredmedia":[{"embeddable":true,"href":"https:\/\/baubauwall.com\/et\/wp-json\/wp\/v2\/media\/8365"}],"wp:attachment":[{"href":"https:\/\/baubauwall.com\/et\/wp-json\/wp\/v2\/media?parent=8366"}],"wp:term":[{"taxonomy":"product_brand","embeddable":true,"href":"https:\/\/baubauwall.com\/et\/wp-json\/wp\/v2\/product_brand?post=8366"},{"taxonomy":"product_cat","embeddable":true,"href":"https:\/\/baubauwall.com\/et\/wp-json\/wp\/v2\/product_cat?post=8366"},{"taxonomy":"product_tag","embeddable":true,"href":"https:\/\/baubauwall.com\/et\/wp-json\/wp\/v2\/product_tag?post=8366"}],"curies":[{"name":"wp","href":"https:\/\/api.w.org\/{rel}","templated":true}]}}