{"id":8414,"date":"2022-04-26T12:50:12","date_gmt":"2022-04-26T10:50:12","guid":{"rendered":"https:\/\/baubauwall.com\/?post_type=product&#038;p=8414"},"modified":"2022-06-01T12:36:08","modified_gmt":"2022-06-01T10:36:08","slug":"tapeet-sebra-kaleidoskoop-sinine","status":"publish","type":"product","link":"https:\/\/baubauwall.com\/et\/toode\/tapeet-sebra-kaleidoskoop-sinine\/","title":{"rendered":"Sebra kaleidoskoop &#8211; sinine"},"content":{"rendered":"<p>See on lugu sebradest, kelle mustvalge muster on maailmakuulus ning justkui otsatu kordus! Kaleidoskooplikul tapeedidisaini mustril on elegantsed sebrad l\u00f5putus korduses koos abstraktsete troopiliste lehtedega. Floora ja fauna, mis k\u00e4ivad alati k\u00e4sik\u00e4es. Detailne, soojades toonides moodsas v\u00f5tmes ja kaugetest maadest inspireeritud unikaalne tapeet sobib elegantselt moodsas v\u00f5tmes interj\u00f6\u00f6ri kui ka inspireerivatesse <em>mid-century <\/em>stiilis <em>vintage<\/em> m\u00f6\u00f6bliga.<\/p>\n<p>Kollektsioon \u201dOotamatud peegeldused\u201d on lugu tapeetidest, mis r\u00e4\u00e4givad lugusid ootamatutest kordustest, eksootiliste elementide l\u00f5imumisest ning peegeldustest. Tapeedid, mis on t\u00e4is otsatuid avastusi, kus miski pole p\u00e4ris nii, nagu esmalt tundub. \u00dche nurga alt n\u00e4ed nii tuttavat faktuuri, teisalt v\u00f5ib see olla midagi hoopis muud.<\/p>\n<p>Tapeet &#8220;Sebra kaleidoskoop&#8221; on olemas ka bee\u017ei ja tumesinise toonides.<\/p>\n","protected":false},"excerpt":{"rendered":"<p>See on lugu sebradest, kelle mustvalge muster on maailmakuulus ning justkui otsatu kordus! Kaleidoskooplikul tapeedidisaini mustril on elegantsed sebrad l\u00f5putus korduses koos abstraktsete troopiliste lehtedega. Floora ja fauna, mis k\u00e4ivad alati k\u00e4sik\u00e4es. Detailne, soojades toonides moodsas v\u00f5tmes ja kaugetest maadest inspireeritud unikaalne tapeet sobib elegantselt moodsas v\u00f5tmes interj\u00f6\u00f6ri kui ka inspireerivatesse mid-century stiilis vintage m\u00f6\u00f6bliga. [&hellip;]<\/p>\n","protected":false},"featured_media":8413,"comment_status":"open","ping_status":"closed","template":"","meta":{"_acf_changed":false,"inline_featured_image":false},"product_brand":[],"product_cat":[538,386,622,404,447,267,272,752,413,414,415,416,399,401,402,412,699,254,255],"product_tag":[695,539,361],"class_list":{"0":"post-8414","1":"product","2":"type-product","3":"status-publish","4":"has-post-thumbnail","6":"product_cat-kollektsioon-2022-et","7":"product_cat-kordusmustriga-tapeedid","8":"product_cat-julged-tapeedid","9":"product_cat-abstraktne","10":"product_cat-maksimalistlik-et","11":"product_cat-sinised-tapeedid","12":"product_cat-hallid-tapeedid","13":"product_cat-avalik-ruum","14":"product_cat-magamistoa-tapeedid","15":"product_cat-soogitoa-tapeedid","16":"product_cat-kulalistetoa-tapeedid","17":"product_cat-esiku-tapeedid","18":"product_cat-kodukontori-tapeedid","19":"product_cat-koogi-tapeedid","20":"product_cat-elutoa-tapeedid","21":"product_cat-vannitoa-tapeedid","22":"product_cat-eesti-disain-tapeedid","23":"product_cat-loodus","24":"product_cat-loomad","25":"product_tag-eesti-disain-tapeedid","26":"product_tag-ootamatud-peegeldused-et","27":"product_tag-safari-et","28":"pa_designedby-triinu-silla","30":"first","31":"instock","32":"taxable","33":"shipping-taxable","34":"purchasable","35":"product-type-simple"},"acf":[],"yoast_head":"<!-- This site is optimized with the Yoast SEO plugin v25.9 - https:\/\/yoast.com\/wordpress\/plugins\/seo\/ -->\n<title>Zebra Kaleidoscope Wallpaper - Blue. Unexpected Encounters Collection<\/title>\n<meta name=\"description\" content=\"Bespoke wallpaper design sure to impress. Kaleidoscopic pattern of zebras, tropical leaves create modern look. Custom printed eco wallpapers.\" \/>\n<meta name=\"robots\" content=\"index, follow, max-snippet:-1, max-image-preview:large, max-video-preview:-1\" \/>\n<link rel=\"canonical\" href=\"https:\/\/baubauwall.com\/et\/toode\/tapeet-sebra-kaleidoskoop-sinine\/\" \/>\n<meta property=\"og:locale\" content=\"et_EE\" \/>\n<meta property=\"og:type\" content=\"article\" \/>\n<meta property=\"og:title\" content=\"Zebra Kaleidoscope Wallpaper - Blue. Unexpected Encounters Collection\" \/>\n<meta property=\"og:description\" content=\"Bespoke wallpaper design sure to impress. Kaleidoscopic pattern of zebras, tropical leaves create modern look. Custom printed eco wallpapers.\" \/>\n<meta property=\"og:url\" content=\"https:\/\/baubauwall.com\/et\/toode\/tapeet-sebra-kaleidoskoop-sinine\/\" \/>\n<meta property=\"og:site_name\" content=\"BAUBAUWALL TAPEEDID\" \/>\n<meta property=\"article:publisher\" content=\"https:\/\/www.facebook.com\/Baubauwall\" \/>\n<meta property=\"article:modified_time\" content=\"2022-06-01T10:36:08+00:00\" \/>\n<meta property=\"og:image\" content=\"https:\/\/baubauwall.com\/wp-content\/uploads\/2022\/04\/51100193_ZebraKaleidoscope_bluegrey_Baubauwall_Wallpaper_room2-7.jpg\" \/>\n\t<meta property=\"og:image:width\" content=\"658\" \/>\n\t<meta property=\"og:image:height\" content=\"800\" \/>\n\t<meta property=\"og:image:type\" content=\"image\/jpeg\" \/>\n<meta name=\"twitter:card\" content=\"summary_large_image\" \/>\n<meta name=\"twitter:label1\" content=\"Est. reading time\" \/>\n\t<meta name=\"twitter:data1\" content=\"1 minut\" \/>\n<script type=\"application\/ld+json\" class=\"yoast-schema-graph\">{\"@context\":\"https:\/\/schema.org\",\"@graph\":[{\"@type\":\"WebPage\",\"@id\":\"https:\/\/baubauwall.com\/et\/toode\/tapeet-sebra-kaleidoskoop-sinine\/\",\"url\":\"https:\/\/baubauwall.com\/et\/toode\/tapeet-sebra-kaleidoskoop-sinine\/\",\"name\":\"Zebra Kaleidoscope Wallpaper - Blue. Unexpected Encounters Collection\",\"isPartOf\":{\"@id\":\"https:\/\/baubauwall.com\/et\/#website\"},\"primaryImageOfPage\":{\"@id\":\"https:\/\/baubauwall.com\/et\/toode\/tapeet-sebra-kaleidoskoop-sinine\/#primaryimage\"},\"image\":{\"@id\":\"https:\/\/baubauwall.com\/et\/toode\/tapeet-sebra-kaleidoskoop-sinine\/#primaryimage\"},\"thumbnailUrl\":\"https:\/\/baubauwall.com\/wp-content\/uploads\/2022\/04\/51100193_ZebraKaleidoscope_bluegrey_Baubauwall_Wallpaper_room2-7.jpg\",\"datePublished\":\"2022-04-26T10:50:12+00:00\",\"dateModified\":\"2022-06-01T10:36:08+00:00\",\"description\":\"Bespoke wallpaper design sure to impress. Kaleidoscopic pattern of zebras, tropical leaves create modern look. Custom printed eco wallpapers.\",\"breadcrumb\":{\"@id\":\"https:\/\/baubauwall.com\/et\/toode\/tapeet-sebra-kaleidoskoop-sinine\/#breadcrumb\"},\"inLanguage\":\"et\",\"potentialAction\":[{\"@type\":\"ReadAction\",\"target\":[\"https:\/\/baubauwall.com\/et\/toode\/tapeet-sebra-kaleidoskoop-sinine\/\"]}]},{\"@type\":\"ImageObject\",\"inLanguage\":\"et\",\"@id\":\"https:\/\/baubauwall.com\/et\/toode\/tapeet-sebra-kaleidoskoop-sinine\/#primaryimage\",\"url\":\"https:\/\/baubauwall.com\/wp-content\/uploads\/2022\/04\/51100193_ZebraKaleidoscope_bluegrey_Baubauwall_Wallpaper_room2-7.jpg\",\"contentUrl\":\"https:\/\/baubauwall.com\/wp-content\/uploads\/2022\/04\/51100193_ZebraKaleidoscope_bluegrey_Baubauwall_Wallpaper_room2-7.jpg\",\"width\":658,\"height\":800},{\"@type\":\"BreadcrumbList\",\"@id\":\"https:\/\/baubauwall.com\/et\/toode\/tapeet-sebra-kaleidoskoop-sinine\/#breadcrumb\",\"itemListElement\":[{\"@type\":\"ListItem\",\"position\":1,\"name\":\"Koju\",\"item\":\"https:\/\/baubauwall.com\/et\/\"},{\"@type\":\"ListItem\",\"position\":2,\"name\":\"Tapeedid\",\"item\":\"https:\/\/baubauwall.com\/et\/tapeedid\/\"},{\"@type\":\"ListItem\",\"position\":3,\"name\":\"Sebra kaleidoskoop &#8211; sinine\"}]},{\"@type\":\"WebSite\",\"@id\":\"https:\/\/baubauwall.com\/et\/#website\",\"url\":\"https:\/\/baubauwall.com\/et\/\",\"name\":\"BAUBAUWALL Wallpapers\",\"description\":\"Valmis paanides tapeet Eestist!\",\"publisher\":{\"@id\":\"https:\/\/baubauwall.com\/et\/#organization\"},\"potentialAction\":[{\"@type\":\"SearchAction\",\"target\":{\"@type\":\"EntryPoint\",\"urlTemplate\":\"https:\/\/baubauwall.com\/et\/?s={search_term_string}\"},\"query-input\":{\"@type\":\"PropertyValueSpecification\",\"valueRequired\":true,\"valueName\":\"search_term_string\"}}],\"inLanguage\":\"et\"},{\"@type\":\"Organization\",\"@id\":\"https:\/\/baubauwall.com\/et\/#organization\",\"name\":\"BAUBAUWALL Wallpapers\",\"url\":\"https:\/\/baubauwall.com\/et\/\",\"logo\":{\"@type\":\"ImageObject\",\"inLanguage\":\"et\",\"@id\":\"https:\/\/baubauwall.com\/et\/#\/schema\/logo\/image\/\",\"url\":\"https:\/\/baubauwall.com\/wp-content\/uploads\/2022\/03\/logo-horizontal.svg\",\"contentUrl\":\"https:\/\/baubauwall.com\/wp-content\/uploads\/2022\/03\/logo-horizontal.svg\",\"width\":\"1024\",\"height\":\"1024\",\"caption\":\"BAUBAUWALL Wallpapers\"},\"image\":{\"@id\":\"https:\/\/baubauwall.com\/et\/#\/schema\/logo\/image\/\"},\"sameAs\":[\"https:\/\/www.facebook.com\/Baubauwall\",\"https:\/\/www.instagram.com\/baubauwall\"]}]}<\/script>\n<!-- \/ Yoast SEO plugin. -->","yoast_head_json":{"title":"Zebra Kaleidoscope Wallpaper - Blue. Unexpected Encounters Collection","description":"Bespoke wallpaper design sure to impress. Kaleidoscopic pattern of zebras, tropical leaves create modern look. Custom printed eco wallpapers.","robots":{"index":"index","follow":"follow","max-snippet":"max-snippet:-1","max-image-preview":"max-image-preview:large","max-video-preview":"max-video-preview:-1"},"canonical":"https:\/\/baubauwall.com\/et\/toode\/tapeet-sebra-kaleidoskoop-sinine\/","og_locale":"et_EE","og_type":"article","og_title":"Zebra Kaleidoscope Wallpaper - Blue. Unexpected Encounters Collection","og_description":"Bespoke wallpaper design sure to impress. Kaleidoscopic pattern of zebras, tropical leaves create modern look. Custom printed eco wallpapers.","og_url":"https:\/\/baubauwall.com\/et\/toode\/tapeet-sebra-kaleidoskoop-sinine\/","og_site_name":"BAUBAUWALL TAPEEDID","article_publisher":"https:\/\/www.facebook.com\/Baubauwall","article_modified_time":"2022-06-01T10:36:08+00:00","og_image":[{"width":658,"height":800,"url":"https:\/\/baubauwall.com\/wp-content\/uploads\/2022\/04\/51100193_ZebraKaleidoscope_bluegrey_Baubauwall_Wallpaper_room2-7.jpg","type":"image\/jpeg"}],"twitter_card":"summary_large_image","twitter_misc":{"Est. reading time":"1 minut"},"schema":{"@context":"https:\/\/schema.org","@graph":[{"@type":"WebPage","@id":"https:\/\/baubauwall.com\/et\/toode\/tapeet-sebra-kaleidoskoop-sinine\/","url":"https:\/\/baubauwall.com\/et\/toode\/tapeet-sebra-kaleidoskoop-sinine\/","name":"Zebra Kaleidoscope Wallpaper - Blue. Unexpected Encounters Collection","isPartOf":{"@id":"https:\/\/baubauwall.com\/et\/#website"},"primaryImageOfPage":{"@id":"https:\/\/baubauwall.com\/et\/toode\/tapeet-sebra-kaleidoskoop-sinine\/#primaryimage"},"image":{"@id":"https:\/\/baubauwall.com\/et\/toode\/tapeet-sebra-kaleidoskoop-sinine\/#primaryimage"},"thumbnailUrl":"https:\/\/baubauwall.com\/wp-content\/uploads\/2022\/04\/51100193_ZebraKaleidoscope_bluegrey_Baubauwall_Wallpaper_room2-7.jpg","datePublished":"2022-04-26T10:50:12+00:00","dateModified":"2022-06-01T10:36:08+00:00","description":"Bespoke wallpaper design sure to impress. Kaleidoscopic pattern of zebras, tropical leaves create modern look. Custom printed eco wallpapers.","breadcrumb":{"@id":"https:\/\/baubauwall.com\/et\/toode\/tapeet-sebra-kaleidoskoop-sinine\/#breadcrumb"},"inLanguage":"et","potentialAction":[{"@type":"ReadAction","target":["https:\/\/baubauwall.com\/et\/toode\/tapeet-sebra-kaleidoskoop-sinine\/"]}]},{"@type":"ImageObject","inLanguage":"et","@id":"https:\/\/baubauwall.com\/et\/toode\/tapeet-sebra-kaleidoskoop-sinine\/#primaryimage","url":"https:\/\/baubauwall.com\/wp-content\/uploads\/2022\/04\/51100193_ZebraKaleidoscope_bluegrey_Baubauwall_Wallpaper_room2-7.jpg","contentUrl":"https:\/\/baubauwall.com\/wp-content\/uploads\/2022\/04\/51100193_ZebraKaleidoscope_bluegrey_Baubauwall_Wallpaper_room2-7.jpg","width":658,"height":800},{"@type":"BreadcrumbList","@id":"https:\/\/baubauwall.com\/et\/toode\/tapeet-sebra-kaleidoskoop-sinine\/#breadcrumb","itemListElement":[{"@type":"ListItem","position":1,"name":"Koju","item":"https:\/\/baubauwall.com\/et\/"},{"@type":"ListItem","position":2,"name":"Tapeedid","item":"https:\/\/baubauwall.com\/et\/tapeedid\/"},{"@type":"ListItem","position":3,"name":"Sebra kaleidoskoop &#8211; sinine"}]},{"@type":"WebSite","@id":"https:\/\/baubauwall.com\/et\/#website","url":"https:\/\/baubauwall.com\/et\/","name":"BAUBAUWALL Wallpapers","description":"Valmis paanides tapeet Eestist!","publisher":{"@id":"https:\/\/baubauwall.com\/et\/#organization"},"potentialAction":[{"@type":"SearchAction","target":{"@type":"EntryPoint","urlTemplate":"https:\/\/baubauwall.com\/et\/?s={search_term_string}"},"query-input":{"@type":"PropertyValueSpecification","valueRequired":true,"valueName":"search_term_string"}}],"inLanguage":"et"},{"@type":"Organization","@id":"https:\/\/baubauwall.com\/et\/#organization","name":"BAUBAUWALL Wallpapers","url":"https:\/\/baubauwall.com\/et\/","logo":{"@type":"ImageObject","inLanguage":"et","@id":"https:\/\/baubauwall.com\/et\/#\/schema\/logo\/image\/","url":"https:\/\/baubauwall.com\/wp-content\/uploads\/2022\/03\/logo-horizontal.svg","contentUrl":"https:\/\/baubauwall.com\/wp-content\/uploads\/2022\/03\/logo-horizontal.svg","width":"1024","height":"1024","caption":"BAUBAUWALL Wallpapers"},"image":{"@id":"https:\/\/baubauwall.com\/et\/#\/schema\/logo\/image\/"},"sameAs":["https:\/\/www.facebook.com\/Baubauwall","https:\/\/www.instagram.com\/baubauwall"]}]}},"jetpack_sharing_enabled":true,"_links":{"self":[{"href":"https:\/\/baubauwall.com\/et\/wp-json\/wp\/v2\/product\/8414","targetHints":{"allow":["GET"]}}],"collection":[{"href":"https:\/\/baubauwall.com\/et\/wp-json\/wp\/v2\/product"}],"about":[{"href":"https:\/\/baubauwall.com\/et\/wp-json\/wp\/v2\/types\/product"}],"replies":[{"embeddable":true,"href":"https:\/\/baubauwall.com\/et\/wp-json\/wp\/v2\/comments?post=8414"}],"wp:featuredmedia":[{"embeddable":true,"href":"https:\/\/baubauwall.com\/et\/wp-json\/wp\/v2\/media\/8413"}],"wp:attachment":[{"href":"https:\/\/baubauwall.com\/et\/wp-json\/wp\/v2\/media?parent=8414"}],"wp:term":[{"taxonomy":"product_brand","embeddable":true,"href":"https:\/\/baubauwall.com\/et\/wp-json\/wp\/v2\/product_brand?post=8414"},{"taxonomy":"product_cat","embeddable":true,"href":"https:\/\/baubauwall.com\/et\/wp-json\/wp\/v2\/product_cat?post=8414"},{"taxonomy":"product_tag","embeddable":true,"href":"https:\/\/baubauwall.com\/et\/wp-json\/wp\/v2\/product_tag?post=8414"}],"curies":[{"name":"wp","href":"https:\/\/api.w.org\/{rel}","templated":true}]}}