{"id":8500,"date":"2022-03-03T07:18:09","date_gmt":"2022-03-03T05:18:09","guid":{"rendered":"https:\/\/baubauwall.com\/?post_type=product&#038;p=8500"},"modified":"2025-05-22T12:29:55","modified_gmt":"2025-05-22T10:29:55","slug":"pilttapeet-sulgede-dekonstruktsioon-heleroheline","status":"publish","type":"product","link":"https:\/\/baubauwall.com\/et\/toode\/pilttapeet-sulgede-dekonstruktsioon-heleroheline\/","title":{"rendered":"Sulgede dekonstruktsioon &#8211; heleroheline"},"content":{"rendered":"<p>Pilttapeet, mis viib m\u00f5tted lendama! Kas oled m\u00f5elnud, kuidas ka looduses kordub k\u00f5ik? Mitte ainult aastaajad ja n\u00e4dalad, vaid ka mustrid. Lindude kirevad suled pakuvad l\u00f5putuna m\u00f5juvaid mustreid, liigist liiki. Just linnusuled on selle \u00f5rnalt helerohelise pilttapeedi disaini inspiratsiooniks, luues koos kivistruktuuriga elutruu pinnase, mida tahakski j\u00e4\u00e4da silitama. Maitsekas tapeedivalik, mis loob tekstuurse efekti seinale. See pilttapeet on \u00fcks meie populaarsematest valikutest klientide seas! <a href=\"https:\/\/baubauwall.com\/et\/ideed\/let-the-homes-do-the-talking\/\">Vaata galeriist!<\/a><\/p>\n<p><strong>&#8220;Ootamatud peegeldused\u201c<\/strong> <a href=\"https:\/\/baubauwall.com\/et\/uudised\/uus-tapeedikollektsioon-ootamatud-peegeldused\/\" target=\"_blank\" rel=\"noopener\">kollektsiooni<\/a> kordusmustrid ja pilttapeedid on t\u00e4is otsatuid avastusi, kus miski pole p\u00e4ris nii, nagu esmalt tundub. \u00dche nurga alt n\u00e4ed nii tuttavat faktuuri, teisalt v\u00f5ib see olla midagi hoopis muud.\u00a0Kollektsiooni pilttapeedid flirdivad vastupidiselt klassikalistele stseenidele konkreetsel teemal hoopis kordusmustriga. Need on tapeedid, mis pole tagasihoidlikud taustategelased, vaid mis loovad oma loo ja originaalse tausta interj\u00f6\u00f6ris.<\/p>\n<p>Pilttapeet &#8220;Sulgede dekonstruktsioon&#8221; on meil olemas ka halli, bee\u017ei kui ka petrooleumrohelisena.<\/p>\n<p>&nbsp;<\/p>\n<p>&nbsp;<\/p>\n<p>&nbsp;<\/p>\n","protected":false},"excerpt":{"rendered":"<p>Pilttapeet, mis viib m\u00f5tted lendama! Kas oled m\u00f5elnud, kuidas ka looduses kordub k\u00f5ik? Mitte ainult aastaajad ja n\u00e4dalad, vaid ka mustrid. Lindude kirevad suled pakuvad l\u00f5putuna m\u00f5juvaid mustreid, liigist liiki. Just linnusuled on selle \u00f5rnalt helerohelise pilttapeedi disaini inspiratsiooniks, luues koos kivistruktuuriga elutruu pinnase, mida tahakski j\u00e4\u00e4da silitama. Maitsekas tapeedivalik, mis loob tekstuurse efekti seinale. [&hellip;]<\/p>\n","protected":false},"featured_media":9046,"comment_status":"open","ping_status":"closed","template":"","meta":{"_acf_changed":false,"inline_featured_image":false},"product_brand":[],"product_cat":[538,387,404,271,273,276,752,413,414,399,402,412,699,254,561],"product_tag":[563,695,539,345,719],"class_list":{"0":"post-8500","1":"product","2":"type-product","3":"status-publish","4":"has-post-thumbnail","6":"product_cat-kollektsioon-2022-et","7":"product_cat-pilttapeedid","8":"product_cat-abstraktne","9":"product_cat-rohelised-tapeedid","10":"product_cat-heledad-tapeedid","11":"product_cat-pastelsed-tapeedid","12":"product_cat-avalik-ruum","13":"product_cat-magamistoa-tapeedid","14":"product_cat-soogitoa-tapeedid","15":"product_cat-kodukontori-tapeedid","16":"product_cat-elutoa-tapeedid","17":"product_cat-vannitoa-tapeedid","18":"product_cat-eesti-disain-tapeedid","19":"product_cat-loodus","20":"product_cat-suvised-tapeedid","21":"product_tag-biofiilia-stiil","22":"product_tag-eesti-disain-tapeedid","23":"product_tag-ootamatud-peegeldused-et","24":"product_tag-pilttapeet","25":"product_tag-vaikne-luksus","26":"pa_designedby-triinu-silla","28":"first","29":"instock","30":"taxable","31":"shipping-taxable","32":"purchasable","33":"product-type-simple"},"acf":[],"yoast_head":"<!-- This site is optimized with the Yoast SEO plugin v25.9 - https:\/\/yoast.com\/wordpress\/plugins\/seo\/ -->\n<title>Heleroheline pilttapeet Sulgede dekonstruktsioon<\/title>\n<meta name=\"description\" content=\"Heleroheline pilttapeet abstraktse mustriga - suled ja lehed. Tapeedikollektsioon eriliste disainidega. Keskkonnas\u00f5bralikud fliistapeedid, sinu seina m\u00f5\u00f5tu.\" \/>\n<meta name=\"robots\" content=\"index, follow, max-snippet:-1, max-image-preview:large, max-video-preview:-1\" \/>\n<link rel=\"canonical\" href=\"https:\/\/baubauwall.com\/et\/toode\/pilttapeet-sulgede-dekonstruktsioon-heleroheline\/\" \/>\n<meta property=\"og:locale\" content=\"et_EE\" \/>\n<meta property=\"og:type\" content=\"article\" \/>\n<meta property=\"og:title\" content=\"Heleroheline pilttapeet Sulgede dekonstruktsioon\" \/>\n<meta property=\"og:description\" content=\"Heleroheline pilttapeet abstraktse mustriga - suled ja lehed. Tapeedikollektsioon eriliste disainidega. Keskkonnas\u00f5bralikud fliistapeedid, sinu seina m\u00f5\u00f5tu.\" \/>\n<meta property=\"og:url\" content=\"https:\/\/baubauwall.com\/et\/toode\/pilttapeet-sulgede-dekonstruktsioon-heleroheline\/\" \/>\n<meta property=\"og:site_name\" content=\"BAUBAUWALL TAPEEDID\" \/>\n<meta property=\"article:publisher\" content=\"https:\/\/www.facebook.com\/Baubauwall\" \/>\n<meta property=\"article:modified_time\" content=\"2025-05-22T10:29:55+00:00\" \/>\n<meta property=\"og:image\" content=\"https:\/\/baubauwall.com\/wp-content\/uploads\/2022\/03\/51200059_DeconstructedFeather-lightgreen_Baubauwall_Wallmural_room8-1.jpg\" \/>\n\t<meta property=\"og:image:width\" content=\"800\" \/>\n\t<meta property=\"og:image:height\" content=\"800\" \/>\n\t<meta property=\"og:image:type\" content=\"image\/jpeg\" \/>\n<meta name=\"twitter:card\" content=\"summary_large_image\" \/>\n<meta name=\"twitter:label1\" content=\"Est. reading time\" \/>\n\t<meta name=\"twitter:data1\" content=\"1 minut\" \/>\n<script type=\"application\/ld+json\" class=\"yoast-schema-graph\">{\"@context\":\"https:\/\/schema.org\",\"@graph\":[{\"@type\":\"WebPage\",\"@id\":\"https:\/\/baubauwall.com\/et\/toode\/pilttapeet-sulgede-dekonstruktsioon-heleroheline\/\",\"url\":\"https:\/\/baubauwall.com\/et\/toode\/pilttapeet-sulgede-dekonstruktsioon-heleroheline\/\",\"name\":\"Heleroheline pilttapeet Sulgede dekonstruktsioon\",\"isPartOf\":{\"@id\":\"https:\/\/baubauwall.com\/et\/#website\"},\"primaryImageOfPage\":{\"@id\":\"https:\/\/baubauwall.com\/et\/toode\/pilttapeet-sulgede-dekonstruktsioon-heleroheline\/#primaryimage\"},\"image\":{\"@id\":\"https:\/\/baubauwall.com\/et\/toode\/pilttapeet-sulgede-dekonstruktsioon-heleroheline\/#primaryimage\"},\"thumbnailUrl\":\"https:\/\/baubauwall.com\/wp-content\/uploads\/2022\/03\/51200059_DeconstructedFeather-lightgreen_Baubauwall_Wallmural_room8-1.jpg\",\"datePublished\":\"2022-03-03T05:18:09+00:00\",\"dateModified\":\"2025-05-22T10:29:55+00:00\",\"description\":\"Heleroheline pilttapeet abstraktse mustriga - suled ja lehed. Tapeedikollektsioon eriliste disainidega. Keskkonnas\u00f5bralikud fliistapeedid, sinu seina m\u00f5\u00f5tu.\",\"breadcrumb\":{\"@id\":\"https:\/\/baubauwall.com\/et\/toode\/pilttapeet-sulgede-dekonstruktsioon-heleroheline\/#breadcrumb\"},\"inLanguage\":\"et\",\"potentialAction\":[{\"@type\":\"ReadAction\",\"target\":[\"https:\/\/baubauwall.com\/et\/toode\/pilttapeet-sulgede-dekonstruktsioon-heleroheline\/\"]}]},{\"@type\":\"ImageObject\",\"inLanguage\":\"et\",\"@id\":\"https:\/\/baubauwall.com\/et\/toode\/pilttapeet-sulgede-dekonstruktsioon-heleroheline\/#primaryimage\",\"url\":\"https:\/\/baubauwall.com\/wp-content\/uploads\/2022\/03\/51200059_DeconstructedFeather-lightgreen_Baubauwall_Wallmural_room8-1.jpg\",\"contentUrl\":\"https:\/\/baubauwall.com\/wp-content\/uploads\/2022\/03\/51200059_DeconstructedFeather-lightgreen_Baubauwall_Wallmural_room8-1.jpg\",\"width\":800,\"height\":800,\"caption\":\"baubauwall wall mural deconstructed feather design\"},{\"@type\":\"BreadcrumbList\",\"@id\":\"https:\/\/baubauwall.com\/et\/toode\/pilttapeet-sulgede-dekonstruktsioon-heleroheline\/#breadcrumb\",\"itemListElement\":[{\"@type\":\"ListItem\",\"position\":1,\"name\":\"Koju\",\"item\":\"https:\/\/baubauwall.com\/et\/\"},{\"@type\":\"ListItem\",\"position\":2,\"name\":\"Tapeedid\",\"item\":\"https:\/\/baubauwall.com\/et\/tapeedid\/\"},{\"@type\":\"ListItem\",\"position\":3,\"name\":\"Sulgede dekonstruktsioon &#8211; heleroheline\"}]},{\"@type\":\"WebSite\",\"@id\":\"https:\/\/baubauwall.com\/et\/#website\",\"url\":\"https:\/\/baubauwall.com\/et\/\",\"name\":\"BAUBAUWALL Wallpapers\",\"description\":\"Valmis paanides tapeet Eestist!\",\"publisher\":{\"@id\":\"https:\/\/baubauwall.com\/et\/#organization\"},\"potentialAction\":[{\"@type\":\"SearchAction\",\"target\":{\"@type\":\"EntryPoint\",\"urlTemplate\":\"https:\/\/baubauwall.com\/et\/?s={search_term_string}\"},\"query-input\":{\"@type\":\"PropertyValueSpecification\",\"valueRequired\":true,\"valueName\":\"search_term_string\"}}],\"inLanguage\":\"et\"},{\"@type\":\"Organization\",\"@id\":\"https:\/\/baubauwall.com\/et\/#organization\",\"name\":\"BAUBAUWALL Wallpapers\",\"url\":\"https:\/\/baubauwall.com\/et\/\",\"logo\":{\"@type\":\"ImageObject\",\"inLanguage\":\"et\",\"@id\":\"https:\/\/baubauwall.com\/et\/#\/schema\/logo\/image\/\",\"url\":\"https:\/\/baubauwall.com\/wp-content\/uploads\/2022\/03\/logo-horizontal.svg\",\"contentUrl\":\"https:\/\/baubauwall.com\/wp-content\/uploads\/2022\/03\/logo-horizontal.svg\",\"width\":\"1024\",\"height\":\"1024\",\"caption\":\"BAUBAUWALL Wallpapers\"},\"image\":{\"@id\":\"https:\/\/baubauwall.com\/et\/#\/schema\/logo\/image\/\"},\"sameAs\":[\"https:\/\/www.facebook.com\/Baubauwall\",\"https:\/\/www.instagram.com\/baubauwall\"]}]}<\/script>\n<!-- \/ Yoast SEO plugin. -->","yoast_head_json":{"title":"Heleroheline pilttapeet Sulgede dekonstruktsioon","description":"Heleroheline pilttapeet abstraktse mustriga - suled ja lehed. Tapeedikollektsioon eriliste disainidega. Keskkonnas\u00f5bralikud fliistapeedid, sinu seina m\u00f5\u00f5tu.","robots":{"index":"index","follow":"follow","max-snippet":"max-snippet:-1","max-image-preview":"max-image-preview:large","max-video-preview":"max-video-preview:-1"},"canonical":"https:\/\/baubauwall.com\/et\/toode\/pilttapeet-sulgede-dekonstruktsioon-heleroheline\/","og_locale":"et_EE","og_type":"article","og_title":"Heleroheline pilttapeet Sulgede dekonstruktsioon","og_description":"Heleroheline pilttapeet abstraktse mustriga - suled ja lehed. Tapeedikollektsioon eriliste disainidega. Keskkonnas\u00f5bralikud fliistapeedid, sinu seina m\u00f5\u00f5tu.","og_url":"https:\/\/baubauwall.com\/et\/toode\/pilttapeet-sulgede-dekonstruktsioon-heleroheline\/","og_site_name":"BAUBAUWALL TAPEEDID","article_publisher":"https:\/\/www.facebook.com\/Baubauwall","article_modified_time":"2025-05-22T10:29:55+00:00","og_image":[{"width":800,"height":800,"url":"https:\/\/baubauwall.com\/wp-content\/uploads\/2022\/03\/51200059_DeconstructedFeather-lightgreen_Baubauwall_Wallmural_room8-1.jpg","type":"image\/jpeg"}],"twitter_card":"summary_large_image","twitter_misc":{"Est. reading time":"1 minut"},"schema":{"@context":"https:\/\/schema.org","@graph":[{"@type":"WebPage","@id":"https:\/\/baubauwall.com\/et\/toode\/pilttapeet-sulgede-dekonstruktsioon-heleroheline\/","url":"https:\/\/baubauwall.com\/et\/toode\/pilttapeet-sulgede-dekonstruktsioon-heleroheline\/","name":"Heleroheline pilttapeet Sulgede dekonstruktsioon","isPartOf":{"@id":"https:\/\/baubauwall.com\/et\/#website"},"primaryImageOfPage":{"@id":"https:\/\/baubauwall.com\/et\/toode\/pilttapeet-sulgede-dekonstruktsioon-heleroheline\/#primaryimage"},"image":{"@id":"https:\/\/baubauwall.com\/et\/toode\/pilttapeet-sulgede-dekonstruktsioon-heleroheline\/#primaryimage"},"thumbnailUrl":"https:\/\/baubauwall.com\/wp-content\/uploads\/2022\/03\/51200059_DeconstructedFeather-lightgreen_Baubauwall_Wallmural_room8-1.jpg","datePublished":"2022-03-03T05:18:09+00:00","dateModified":"2025-05-22T10:29:55+00:00","description":"Heleroheline pilttapeet abstraktse mustriga - suled ja lehed. Tapeedikollektsioon eriliste disainidega. Keskkonnas\u00f5bralikud fliistapeedid, sinu seina m\u00f5\u00f5tu.","breadcrumb":{"@id":"https:\/\/baubauwall.com\/et\/toode\/pilttapeet-sulgede-dekonstruktsioon-heleroheline\/#breadcrumb"},"inLanguage":"et","potentialAction":[{"@type":"ReadAction","target":["https:\/\/baubauwall.com\/et\/toode\/pilttapeet-sulgede-dekonstruktsioon-heleroheline\/"]}]},{"@type":"ImageObject","inLanguage":"et","@id":"https:\/\/baubauwall.com\/et\/toode\/pilttapeet-sulgede-dekonstruktsioon-heleroheline\/#primaryimage","url":"https:\/\/baubauwall.com\/wp-content\/uploads\/2022\/03\/51200059_DeconstructedFeather-lightgreen_Baubauwall_Wallmural_room8-1.jpg","contentUrl":"https:\/\/baubauwall.com\/wp-content\/uploads\/2022\/03\/51200059_DeconstructedFeather-lightgreen_Baubauwall_Wallmural_room8-1.jpg","width":800,"height":800,"caption":"baubauwall wall mural deconstructed feather design"},{"@type":"BreadcrumbList","@id":"https:\/\/baubauwall.com\/et\/toode\/pilttapeet-sulgede-dekonstruktsioon-heleroheline\/#breadcrumb","itemListElement":[{"@type":"ListItem","position":1,"name":"Koju","item":"https:\/\/baubauwall.com\/et\/"},{"@type":"ListItem","position":2,"name":"Tapeedid","item":"https:\/\/baubauwall.com\/et\/tapeedid\/"},{"@type":"ListItem","position":3,"name":"Sulgede dekonstruktsioon &#8211; heleroheline"}]},{"@type":"WebSite","@id":"https:\/\/baubauwall.com\/et\/#website","url":"https:\/\/baubauwall.com\/et\/","name":"BAUBAUWALL Wallpapers","description":"Valmis paanides tapeet Eestist!","publisher":{"@id":"https:\/\/baubauwall.com\/et\/#organization"},"potentialAction":[{"@type":"SearchAction","target":{"@type":"EntryPoint","urlTemplate":"https:\/\/baubauwall.com\/et\/?s={search_term_string}"},"query-input":{"@type":"PropertyValueSpecification","valueRequired":true,"valueName":"search_term_string"}}],"inLanguage":"et"},{"@type":"Organization","@id":"https:\/\/baubauwall.com\/et\/#organization","name":"BAUBAUWALL Wallpapers","url":"https:\/\/baubauwall.com\/et\/","logo":{"@type":"ImageObject","inLanguage":"et","@id":"https:\/\/baubauwall.com\/et\/#\/schema\/logo\/image\/","url":"https:\/\/baubauwall.com\/wp-content\/uploads\/2022\/03\/logo-horizontal.svg","contentUrl":"https:\/\/baubauwall.com\/wp-content\/uploads\/2022\/03\/logo-horizontal.svg","width":"1024","height":"1024","caption":"BAUBAUWALL Wallpapers"},"image":{"@id":"https:\/\/baubauwall.com\/et\/#\/schema\/logo\/image\/"},"sameAs":["https:\/\/www.facebook.com\/Baubauwall","https:\/\/www.instagram.com\/baubauwall"]}]}},"jetpack_sharing_enabled":true,"_links":{"self":[{"href":"https:\/\/baubauwall.com\/et\/wp-json\/wp\/v2\/product\/8500","targetHints":{"allow":["GET"]}}],"collection":[{"href":"https:\/\/baubauwall.com\/et\/wp-json\/wp\/v2\/product"}],"about":[{"href":"https:\/\/baubauwall.com\/et\/wp-json\/wp\/v2\/types\/product"}],"replies":[{"embeddable":true,"href":"https:\/\/baubauwall.com\/et\/wp-json\/wp\/v2\/comments?post=8500"}],"wp:featuredmedia":[{"embeddable":true,"href":"https:\/\/baubauwall.com\/et\/wp-json\/wp\/v2\/media\/9046"}],"wp:attachment":[{"href":"https:\/\/baubauwall.com\/et\/wp-json\/wp\/v2\/media?parent=8500"}],"wp:term":[{"taxonomy":"product_brand","embeddable":true,"href":"https:\/\/baubauwall.com\/et\/wp-json\/wp\/v2\/product_brand?post=8500"},{"taxonomy":"product_cat","embeddable":true,"href":"https:\/\/baubauwall.com\/et\/wp-json\/wp\/v2\/product_cat?post=8500"},{"taxonomy":"product_tag","embeddable":true,"href":"https:\/\/baubauwall.com\/et\/wp-json\/wp\/v2\/product_tag?post=8500"}],"curies":[{"name":"wp","href":"https:\/\/api.w.org\/{rel}","templated":true}]}}