{"id":8527,"date":"2022-03-03T09:18:09","date_gmt":"2022-03-03T07:18:09","guid":{"rendered":"https:\/\/baubauwall.com\/?post_type=product&#038;p=8527"},"modified":"2023-03-21T10:04:25","modified_gmt":"2023-03-21T08:04:25","slug":"pilttapeet-sulgede-dekonstruktsioon-elevandiluu","status":"publish","type":"product","link":"https:\/\/baubauwall.com\/et\/toode\/pilttapeet-sulgede-dekonstruktsioon-elevandiluu\/","title":{"rendered":"Sulgede dekonstruktsioon &#8211; helehall"},"content":{"rendered":"<p>Kas oled m\u00f5elnud, kuidas ka looduses kordub k\u00f5ik? Mitte ainult aastaajad ja n\u00e4dalad, vaid ka mustrid. Lindude kirevad suled pakuvad l\u00f5putuna m\u00f5juvaid mustreid, liigist liiki. Just linnusuled on selle kreemja pilttapeedi disaini inspiratsiooniks, luues koos kivistruktuuriga elutruu pinnase, mida tahakski j\u00e4\u00e4da silitama. Maitsekas, helehall p\u00f5hjamaine disain, mis loob tekstuurse efekti.<\/p>\n<p><a href=\"https:\/\/baubauwall.com\/et\/uudised\/uus-tapeedikollektsioon-ootamatud-peegeldused\/\" target=\"_blank\" rel=\"noopener\"><strong>&#8220;Ootamatud peegeldused\u201c<\/strong> kollektsiooni<\/a> kordusmustrid ja pilttapeedid on t\u00e4is otsatuid avastusi, kus miski pole p\u00e4ris nii, nagu esmalt tundub. \u00dche nurga alt n\u00e4ed nii tuttavat faktuuri, teisalt v\u00f5ib see olla midagi hoopis muud.\u00a0Kollektsiooni pilttapeedid flirdivad vastupidiselt klassikalistele stseenidele konkreetsel teemal hoopis kordusmustriga. Need on tapeedid, mis pole tagasihoidlikud taustategelased, vaid mis loovad oma loo ja originaalse tausta interj\u00f6\u00f6ris.<\/p>\n<p>Pilttapeet &#8220;Sulgede dekonstruktsioon&#8221; on meil olemas ka bee\u017eina, helerohelisena, tumehalli tooni kui ka petrooleumrohelisena.<\/p>\n<p>&nbsp;<\/p>\n<p>&nbsp;<\/p>\n<p>&nbsp;<\/p>\n","protected":false},"excerpt":{"rendered":"<p>Kas oled m\u00f5elnud, kuidas ka looduses kordub k\u00f5ik? Mitte ainult aastaajad ja n\u00e4dalad, vaid ka mustrid. Lindude kirevad suled pakuvad l\u00f5putuna m\u00f5juvaid mustreid, liigist liiki. Just linnusuled on selle kreemja pilttapeedi disaini inspiratsiooniks, luues koos kivistruktuuriga elutruu pinnase, mida tahakski j\u00e4\u00e4da silitama. Maitsekas, helehall p\u00f5hjamaine disain, mis loob tekstuurse efekti. &#8220;Ootamatud peegeldused\u201c kollektsiooni kordusmustrid ja [&hellip;]<\/p>\n","protected":false},"featured_media":18459,"comment_status":"open","ping_status":"closed","template":"","meta":{"_acf_changed":false,"inline_featured_image":false},"product_brand":[],"product_cat":[538,387,404,272,273,413,414,415,399,402,699,254],"product_tag":[563,695,539,345,719],"class_list":{"0":"post-8527","1":"product","2":"type-product","3":"status-publish","4":"has-post-thumbnail","6":"product_cat-kollektsioon-2022-et","7":"product_cat-pilttapeedid","8":"product_cat-abstraktne","9":"product_cat-hallid-tapeedid","10":"product_cat-heledad-tapeedid","11":"product_cat-magamistoa-tapeedid","12":"product_cat-soogitoa-tapeedid","13":"product_cat-kulalistetoa-tapeedid","14":"product_cat-kodukontori-tapeedid","15":"product_cat-elutoa-tapeedid","16":"product_cat-eesti-disain-tapeedid","17":"product_cat-loodus","18":"product_tag-biofiilia-stiil","19":"product_tag-eesti-disain-tapeedid","20":"product_tag-ootamatud-peegeldused-et","21":"product_tag-pilttapeet","22":"product_tag-vaikne-luksus","23":"pa_designedby-triinu-silla","25":"first","26":"instock","27":"taxable","28":"shipping-taxable","29":"purchasable","30":"product-type-simple"},"acf":[],"yoast_head":"<!-- This site is optimized with the Yoast SEO plugin v25.9 - https:\/\/yoast.com\/wordpress\/plugins\/seo\/ -->\n<title>Helehall pilttapeet Sulgede Dekonstruktsioon. Disaintapeedid<\/title>\n<meta name=\"description\" content=\"Helehall, disain pilttapeet abstraktse tekstuuriga. Uus tapeedikollektsioon eriliste disainidega. Keskkonnas\u00f5bralikud fliistapeedid, seina m\u00f5\u00f5tu l\u00f5igatud.\" \/>\n<meta name=\"robots\" content=\"index, follow, max-snippet:-1, max-image-preview:large, max-video-preview:-1\" \/>\n<link rel=\"canonical\" href=\"https:\/\/baubauwall.com\/et\/toode\/pilttapeet-sulgede-dekonstruktsioon-elevandiluu\/\" \/>\n<meta property=\"og:locale\" content=\"et_EE\" \/>\n<meta property=\"og:type\" content=\"article\" \/>\n<meta property=\"og:title\" content=\"Sulgede dekonstruktsioon - helehall\" \/>\n<meta property=\"og:description\" content=\"BAUBAUWALL Wallpapers\" \/>\n<meta property=\"og:url\" content=\"https:\/\/baubauwall.com\/et\/toode\/pilttapeet-sulgede-dekonstruktsioon-elevandiluu\/\" \/>\n<meta property=\"og:site_name\" content=\"BAUBAUWALL Wallpapers\" \/>\n<meta property=\"article:publisher\" content=\"https:\/\/www.facebook.com\/Baubauwall\" \/>\n<meta property=\"article:modified_time\" content=\"2023-03-21T08:04:25+00:00\" \/>\n<meta property=\"og:image\" content=\"https:\/\/baubauwall.com\/wp-content\/uploads\/2022\/03\/51200060_DeconstructedFeather-lightgrey_Baubauwall_Wallmural_room9.jpg\" \/>\n\t<meta property=\"og:image:width\" content=\"1200\" \/>\n\t<meta property=\"og:image:height\" content=\"800\" \/>\n\t<meta property=\"og:image:type\" content=\"image\/jpeg\" \/>\n<meta name=\"twitter:card\" content=\"summary_large_image\" \/>\n<meta name=\"twitter:label1\" content=\"Est. reading time\" \/>\n\t<meta name=\"twitter:data1\" content=\"1 minut\" \/>\n<script type=\"application\/ld+json\" class=\"yoast-schema-graph\">{\"@context\":\"https:\/\/schema.org\",\"@graph\":[{\"@type\":\"WebPage\",\"@id\":\"https:\/\/baubauwall.com\/et\/toode\/pilttapeet-sulgede-dekonstruktsioon-elevandiluu\/\",\"url\":\"https:\/\/baubauwall.com\/et\/toode\/pilttapeet-sulgede-dekonstruktsioon-elevandiluu\/\",\"name\":\"Helehall pilttapeet Sulgede Dekonstruktsioon. Disaintapeedid\",\"isPartOf\":{\"@id\":\"https:\/\/baubauwall.com\/et\/#website\"},\"primaryImageOfPage\":{\"@id\":\"https:\/\/baubauwall.com\/et\/toode\/pilttapeet-sulgede-dekonstruktsioon-elevandiluu\/#primaryimage\"},\"image\":{\"@id\":\"https:\/\/baubauwall.com\/et\/toode\/pilttapeet-sulgede-dekonstruktsioon-elevandiluu\/#primaryimage\"},\"thumbnailUrl\":\"https:\/\/baubauwall.com\/wp-content\/uploads\/2022\/03\/51200060_DeconstructedFeather-lightgrey_Baubauwall_Wallmural_room8-1.jpg\",\"datePublished\":\"2022-03-03T07:18:09+00:00\",\"dateModified\":\"2023-03-21T08:04:25+00:00\",\"description\":\"Helehall, disain pilttapeet abstraktse tekstuuriga. Uus tapeedikollektsioon eriliste disainidega. Keskkonnas\u00f5bralikud fliistapeedid, seina m\u00f5\u00f5tu l\u00f5igatud.\",\"breadcrumb\":{\"@id\":\"https:\/\/baubauwall.com\/et\/toode\/pilttapeet-sulgede-dekonstruktsioon-elevandiluu\/#breadcrumb\"},\"inLanguage\":\"et\",\"potentialAction\":[{\"@type\":\"ReadAction\",\"target\":[\"https:\/\/baubauwall.com\/et\/toode\/pilttapeet-sulgede-dekonstruktsioon-elevandiluu\/\"]}]},{\"@type\":\"ImageObject\",\"inLanguage\":\"et\",\"@id\":\"https:\/\/baubauwall.com\/et\/toode\/pilttapeet-sulgede-dekonstruktsioon-elevandiluu\/#primaryimage\",\"url\":\"https:\/\/baubauwall.com\/wp-content\/uploads\/2022\/03\/51200060_DeconstructedFeather-lightgrey_Baubauwall_Wallmural_room8-1.jpg\",\"contentUrl\":\"https:\/\/baubauwall.com\/wp-content\/uploads\/2022\/03\/51200060_DeconstructedFeather-lightgrey_Baubauwall_Wallmural_room8-1.jpg\",\"width\":1041,\"height\":800},{\"@type\":\"BreadcrumbList\",\"@id\":\"https:\/\/baubauwall.com\/et\/toode\/pilttapeet-sulgede-dekonstruktsioon-elevandiluu\/#breadcrumb\",\"itemListElement\":[{\"@type\":\"ListItem\",\"position\":1,\"name\":\"Koju\",\"item\":\"https:\/\/baubauwall.com\/et\/\"},{\"@type\":\"ListItem\",\"position\":2,\"name\":\"Tapeedid\",\"item\":\"https:\/\/baubauwall.com\/et\/tapeedid\/\"},{\"@type\":\"ListItem\",\"position\":3,\"name\":\"Sulgede dekonstruktsioon &#8211; helehall\"}]},{\"@type\":\"WebSite\",\"@id\":\"https:\/\/baubauwall.com\/et\/#website\",\"url\":\"https:\/\/baubauwall.com\/et\/\",\"name\":\"BAUBAUWALL Wallpapers\",\"description\":\"Valmis paanides tapeet Eestist!\",\"publisher\":{\"@id\":\"https:\/\/baubauwall.com\/et\/#organization\"},\"potentialAction\":[{\"@type\":\"SearchAction\",\"target\":{\"@type\":\"EntryPoint\",\"urlTemplate\":\"https:\/\/baubauwall.com\/et\/?s={search_term_string}\"},\"query-input\":{\"@type\":\"PropertyValueSpecification\",\"valueRequired\":true,\"valueName\":\"search_term_string\"}}],\"inLanguage\":\"et\"},{\"@type\":\"Organization\",\"@id\":\"https:\/\/baubauwall.com\/et\/#organization\",\"name\":\"BAUBAUWALL Wallpapers\",\"url\":\"https:\/\/baubauwall.com\/et\/\",\"logo\":{\"@type\":\"ImageObject\",\"inLanguage\":\"et\",\"@id\":\"https:\/\/baubauwall.com\/et\/#\/schema\/logo\/image\/\",\"url\":\"https:\/\/baubauwall.com\/wp-content\/uploads\/2022\/03\/logo-horizontal.svg\",\"contentUrl\":\"https:\/\/baubauwall.com\/wp-content\/uploads\/2022\/03\/logo-horizontal.svg\",\"width\":\"1024\",\"height\":\"1024\",\"caption\":\"BAUBAUWALL Wallpapers\"},\"image\":{\"@id\":\"https:\/\/baubauwall.com\/et\/#\/schema\/logo\/image\/\"},\"sameAs\":[\"https:\/\/www.facebook.com\/Baubauwall\",\"https:\/\/www.instagram.com\/baubauwall\"]}]}<\/script>\n<!-- \/ Yoast SEO plugin. -->","yoast_head_json":{"title":"Helehall pilttapeet Sulgede Dekonstruktsioon. Disaintapeedid","description":"Helehall, disain pilttapeet abstraktse tekstuuriga. Uus tapeedikollektsioon eriliste disainidega. Keskkonnas\u00f5bralikud fliistapeedid, seina m\u00f5\u00f5tu l\u00f5igatud.","robots":{"index":"index","follow":"follow","max-snippet":"max-snippet:-1","max-image-preview":"max-image-preview:large","max-video-preview":"max-video-preview:-1"},"canonical":"https:\/\/baubauwall.com\/et\/toode\/pilttapeet-sulgede-dekonstruktsioon-elevandiluu\/","og_locale":"et_EE","og_type":"article","og_title":"Sulgede dekonstruktsioon - helehall","og_description":"BAUBAUWALL Wallpapers","og_url":"https:\/\/baubauwall.com\/et\/toode\/pilttapeet-sulgede-dekonstruktsioon-elevandiluu\/","og_site_name":"BAUBAUWALL Wallpapers","article_publisher":"https:\/\/www.facebook.com\/Baubauwall","article_modified_time":"2023-03-21T08:04:25+00:00","og_image":[{"width":1200,"height":800,"url":"https:\/\/baubauwall.com\/wp-content\/uploads\/2022\/03\/51200060_DeconstructedFeather-lightgrey_Baubauwall_Wallmural_room9.jpg","type":"image\/jpeg"}],"twitter_card":"summary_large_image","twitter_misc":{"Est. reading time":"1 minut"},"schema":{"@context":"https:\/\/schema.org","@graph":[{"@type":"WebPage","@id":"https:\/\/baubauwall.com\/et\/toode\/pilttapeet-sulgede-dekonstruktsioon-elevandiluu\/","url":"https:\/\/baubauwall.com\/et\/toode\/pilttapeet-sulgede-dekonstruktsioon-elevandiluu\/","name":"Helehall pilttapeet Sulgede Dekonstruktsioon. Disaintapeedid","isPartOf":{"@id":"https:\/\/baubauwall.com\/et\/#website"},"primaryImageOfPage":{"@id":"https:\/\/baubauwall.com\/et\/toode\/pilttapeet-sulgede-dekonstruktsioon-elevandiluu\/#primaryimage"},"image":{"@id":"https:\/\/baubauwall.com\/et\/toode\/pilttapeet-sulgede-dekonstruktsioon-elevandiluu\/#primaryimage"},"thumbnailUrl":"https:\/\/baubauwall.com\/wp-content\/uploads\/2022\/03\/51200060_DeconstructedFeather-lightgrey_Baubauwall_Wallmural_room8-1.jpg","datePublished":"2022-03-03T07:18:09+00:00","dateModified":"2023-03-21T08:04:25+00:00","description":"Helehall, disain pilttapeet abstraktse tekstuuriga. Uus tapeedikollektsioon eriliste disainidega. Keskkonnas\u00f5bralikud fliistapeedid, seina m\u00f5\u00f5tu l\u00f5igatud.","breadcrumb":{"@id":"https:\/\/baubauwall.com\/et\/toode\/pilttapeet-sulgede-dekonstruktsioon-elevandiluu\/#breadcrumb"},"inLanguage":"et","potentialAction":[{"@type":"ReadAction","target":["https:\/\/baubauwall.com\/et\/toode\/pilttapeet-sulgede-dekonstruktsioon-elevandiluu\/"]}]},{"@type":"ImageObject","inLanguage":"et","@id":"https:\/\/baubauwall.com\/et\/toode\/pilttapeet-sulgede-dekonstruktsioon-elevandiluu\/#primaryimage","url":"https:\/\/baubauwall.com\/wp-content\/uploads\/2022\/03\/51200060_DeconstructedFeather-lightgrey_Baubauwall_Wallmural_room8-1.jpg","contentUrl":"https:\/\/baubauwall.com\/wp-content\/uploads\/2022\/03\/51200060_DeconstructedFeather-lightgrey_Baubauwall_Wallmural_room8-1.jpg","width":1041,"height":800},{"@type":"BreadcrumbList","@id":"https:\/\/baubauwall.com\/et\/toode\/pilttapeet-sulgede-dekonstruktsioon-elevandiluu\/#breadcrumb","itemListElement":[{"@type":"ListItem","position":1,"name":"Koju","item":"https:\/\/baubauwall.com\/et\/"},{"@type":"ListItem","position":2,"name":"Tapeedid","item":"https:\/\/baubauwall.com\/et\/tapeedid\/"},{"@type":"ListItem","position":3,"name":"Sulgede dekonstruktsioon &#8211; helehall"}]},{"@type":"WebSite","@id":"https:\/\/baubauwall.com\/et\/#website","url":"https:\/\/baubauwall.com\/et\/","name":"BAUBAUWALL Wallpapers","description":"Valmis paanides tapeet Eestist!","publisher":{"@id":"https:\/\/baubauwall.com\/et\/#organization"},"potentialAction":[{"@type":"SearchAction","target":{"@type":"EntryPoint","urlTemplate":"https:\/\/baubauwall.com\/et\/?s={search_term_string}"},"query-input":{"@type":"PropertyValueSpecification","valueRequired":true,"valueName":"search_term_string"}}],"inLanguage":"et"},{"@type":"Organization","@id":"https:\/\/baubauwall.com\/et\/#organization","name":"BAUBAUWALL Wallpapers","url":"https:\/\/baubauwall.com\/et\/","logo":{"@type":"ImageObject","inLanguage":"et","@id":"https:\/\/baubauwall.com\/et\/#\/schema\/logo\/image\/","url":"https:\/\/baubauwall.com\/wp-content\/uploads\/2022\/03\/logo-horizontal.svg","contentUrl":"https:\/\/baubauwall.com\/wp-content\/uploads\/2022\/03\/logo-horizontal.svg","width":"1024","height":"1024","caption":"BAUBAUWALL Wallpapers"},"image":{"@id":"https:\/\/baubauwall.com\/et\/#\/schema\/logo\/image\/"},"sameAs":["https:\/\/www.facebook.com\/Baubauwall","https:\/\/www.instagram.com\/baubauwall"]}]}},"jetpack_sharing_enabled":true,"_links":{"self":[{"href":"https:\/\/baubauwall.com\/et\/wp-json\/wp\/v2\/product\/8527","targetHints":{"allow":["GET"]}}],"collection":[{"href":"https:\/\/baubauwall.com\/et\/wp-json\/wp\/v2\/product"}],"about":[{"href":"https:\/\/baubauwall.com\/et\/wp-json\/wp\/v2\/types\/product"}],"replies":[{"embeddable":true,"href":"https:\/\/baubauwall.com\/et\/wp-json\/wp\/v2\/comments?post=8527"}],"wp:featuredmedia":[{"embeddable":true,"href":"https:\/\/baubauwall.com\/et\/wp-json\/wp\/v2\/media\/18459"}],"wp:attachment":[{"href":"https:\/\/baubauwall.com\/et\/wp-json\/wp\/v2\/media?parent=8527"}],"wp:term":[{"taxonomy":"product_brand","embeddable":true,"href":"https:\/\/baubauwall.com\/et\/wp-json\/wp\/v2\/product_brand?post=8527"},{"taxonomy":"product_cat","embeddable":true,"href":"https:\/\/baubauwall.com\/et\/wp-json\/wp\/v2\/product_cat?post=8527"},{"taxonomy":"product_tag","embeddable":true,"href":"https:\/\/baubauwall.com\/et\/wp-json\/wp\/v2\/product_tag?post=8527"}],"curies":[{"name":"wp","href":"https:\/\/api.w.org\/{rel}","templated":true}]}}