{"id":8714,"date":"2022-03-03T09:18:12","date_gmt":"2022-03-03T07:18:12","guid":{"rendered":"https:\/\/baubauwall.com\/?post_type=product&#038;p=8714"},"modified":"2023-12-01T12:29:50","modified_gmt":"2023-12-01T10:29:50","slug":"pilttapeet-nahasuled-pruun","status":"publish","type":"product","link":"https:\/\/baubauwall.com\/et\/toode\/pilttapeet-nahasuled-pruun\/","title":{"rendered":"Nahasuled &#8211; \u0161okolaadipruun"},"content":{"rendered":"<p>Pilttapeet, mis pakub avastusi ja detailirohkust. Pehmed udusuled, s\u00e4titud kordusmustrisse troopiliste lehtedega luues justkui pruuni, nahkse tekstuuri. V\u00f5i kas k\u00f5ik on nii, nagu tundub esmapilgul? Igal juhul on tegemist elegantse disainiga, mis m\u00e4ngib interj\u00f6\u00f6ris kui mitte peaosa, siis tugevat k\u00f5rvalosat\u00e4itja karakterit. Tapeedi disaini autori <strong>Triinu Silla:<\/strong> &#8220;Mustris on k\u00fcll intensiivseid detaile, kuid neist moodustub omamoodi abstraktne faktuur. Kui tahad v\u00f5id s\u00fcveneda detailidesse, kuid \u00fcldmulje ei ole liiga intensiivne, ei jutusta kindlat lugu, ei koorma sinu pilku ega piira kujutlusv\u00f5imet.&#8221;<\/p>\n<p><strong>&#8220;Ootamatud peegeldused\u201c<\/strong> <a href=\"https:\/\/baubauwall.com\/et\/uudised\/uus-tapeedikollektsioon-ootamatud-peegeldused\" target=\"_blank\" rel=\"noopener\">kollektsiooni<\/a> kordusmustrid ja pilttapeedid on t\u00e4is otsatuid avastusi, kus miski pole p\u00e4ris nii, nagu esmalt tundub. \u00dche nurga alt n\u00e4ed nii tuttavat faktuuri, teisalt v\u00f5ib see olla midagi hoopis muud. Kollektsiooni pilttapeedid flirdivad vastupidiselt klassikalistele stseenidele konkreetsel teemal hoopis kordusmustriga.<\/p>\n<p>Pilttapeet &#8220;Nahasuled&#8221; on meil olemas ka halli ja sinisena.<\/p>\n","protected":false},"excerpt":{"rendered":"<p>Pilttapeet, mis pakub avastusi ja detailirohkust. Pehmed udusuled, s\u00e4titud kordusmustrisse troopiliste lehtedega luues justkui pruuni, nahkse tekstuuri. V\u00f5i kas k\u00f5ik on nii, nagu tundub esmapilgul? Igal juhul on tegemist elegantse disainiga, mis m\u00e4ngib interj\u00f6\u00f6ris kui mitte peaosa, siis tugevat k\u00f5rvalosat\u00e4itja karakterit. Tapeedi disaini autori Triinu Silla: &#8220;Mustris on k\u00fcll intensiivseid detaile, kuid neist moodustub omamoodi [&hellip;]<\/p>\n","protected":false},"featured_media":8697,"comment_status":"open","ping_status":"closed","template":"","meta":{"_acf_changed":false,"inline_featured_image":false},"product_brand":[],"product_cat":[538,387,404,447,269,270,752,413,414,415,401,402,412,699,254],"product_tag":[695,539,345],"class_list":{"0":"post-8714","1":"product","2":"type-product","3":"status-publish","4":"has-post-thumbnail","6":"product_cat-kollektsioon-2022-et","7":"product_cat-pilttapeedid","8":"product_cat-abstraktne","9":"product_cat-maksimalistlik-et","10":"product_cat-pruunid-tapeedid","11":"product_cat-tumedad-tapeedid","12":"product_cat-avalik-ruum","13":"product_cat-magamistoa-tapeedid","14":"product_cat-soogitoa-tapeedid","15":"product_cat-kulalistetoa-tapeedid","16":"product_cat-koogi-tapeedid","17":"product_cat-elutoa-tapeedid","18":"product_cat-vannitoa-tapeedid","19":"product_cat-eesti-disain-tapeedid","20":"product_cat-loodus","21":"product_tag-eesti-disain-tapeedid","22":"product_tag-ootamatud-peegeldused-et","23":"product_tag-pilttapeet","24":"pa_designedby-triinu-silla","26":"first","27":"instock","28":"taxable","29":"shipping-taxable","30":"purchasable","31":"product-type-simple"},"acf":[],"yoast_head":"<!-- This site is optimized with the Yoast SEO plugin v25.9 - https:\/\/yoast.com\/wordpress\/plugins\/seo\/ -->\n<title>Autorit\u00f6\u00f6 pilttapeet Nahasuled. Ootamatud peegeldused tapeedid.<\/title>\n<meta name=\"description\" content=\"Tumepruun pilttapeet abstraktse tekstuuriga. Uus tapeedikollektsioon eriliste disainidega. Keskkonnas\u00f5bralikud fliistapeedid, seina m\u00f5\u00f5tu paanid\" \/>\n<meta name=\"robots\" content=\"index, follow, max-snippet:-1, max-image-preview:large, max-video-preview:-1\" \/>\n<link rel=\"canonical\" href=\"https:\/\/baubauwall.com\/et\/toode\/pilttapeet-nahasuled-pruun\/\" \/>\n<meta property=\"og:locale\" content=\"et_EE\" \/>\n<meta property=\"og:type\" content=\"article\" \/>\n<meta property=\"og:title\" content=\"Autorit\u00f6\u00f6 pilttapeet Nahasuled. Ootamatud peegeldused tapeedid.\" \/>\n<meta property=\"og:description\" content=\"Tumepruun pilttapeet abstraktse tekstuuriga. Uus tapeedikollektsioon eriliste disainidega. Keskkonnas\u00f5bralikud fliistapeedid, seina m\u00f5\u00f5tu paanid\" \/>\n<meta property=\"og:url\" content=\"https:\/\/baubauwall.com\/et\/toode\/pilttapeet-nahasuled-pruun\/\" \/>\n<meta property=\"og:site_name\" content=\"BAUBAUWALL Wallpapers\" \/>\n<meta property=\"article:publisher\" content=\"https:\/\/www.facebook.com\/Baubauwall\" \/>\n<meta property=\"article:modified_time\" content=\"2023-12-01T10:29:50+00:00\" \/>\n<meta property=\"og:image\" content=\"https:\/\/baubauwall.com\/wp-content\/uploads\/2022\/03\/51200067_FeatherLeather-scratched_brown-Baubauwall_Wallmural_room8-2.jpg\" \/>\n\t<meta property=\"og:image:width\" content=\"658\" \/>\n\t<meta property=\"og:image:height\" content=\"800\" \/>\n\t<meta property=\"og:image:type\" content=\"image\/jpeg\" \/>\n<meta name=\"twitter:card\" content=\"summary_large_image\" \/>\n<meta name=\"twitter:label1\" content=\"Est. reading time\" \/>\n\t<meta name=\"twitter:data1\" content=\"1 minut\" \/>\n<script type=\"application\/ld+json\" class=\"yoast-schema-graph\">{\"@context\":\"https:\/\/schema.org\",\"@graph\":[{\"@type\":\"WebPage\",\"@id\":\"https:\/\/baubauwall.com\/et\/toode\/pilttapeet-nahasuled-pruun\/\",\"url\":\"https:\/\/baubauwall.com\/et\/toode\/pilttapeet-nahasuled-pruun\/\",\"name\":\"Autorit\u00f6\u00f6 pilttapeet Nahasuled. Ootamatud peegeldused tapeedid.\",\"isPartOf\":{\"@id\":\"https:\/\/baubauwall.com\/et\/#website\"},\"primaryImageOfPage\":{\"@id\":\"https:\/\/baubauwall.com\/et\/toode\/pilttapeet-nahasuled-pruun\/#primaryimage\"},\"image\":{\"@id\":\"https:\/\/baubauwall.com\/et\/toode\/pilttapeet-nahasuled-pruun\/#primaryimage\"},\"thumbnailUrl\":\"https:\/\/baubauwall.com\/wp-content\/uploads\/2022\/03\/51200067_FeatherLeather-scratched_brown-Baubauwall_Wallmural_room8-2.jpg\",\"datePublished\":\"2022-03-03T07:18:12+00:00\",\"dateModified\":\"2023-12-01T10:29:50+00:00\",\"description\":\"Tumepruun pilttapeet abstraktse tekstuuriga. Uus tapeedikollektsioon eriliste disainidega. Keskkonnas\u00f5bralikud fliistapeedid, seina m\u00f5\u00f5tu paanid\",\"breadcrumb\":{\"@id\":\"https:\/\/baubauwall.com\/et\/toode\/pilttapeet-nahasuled-pruun\/#breadcrumb\"},\"inLanguage\":\"et\",\"potentialAction\":[{\"@type\":\"ReadAction\",\"target\":[\"https:\/\/baubauwall.com\/et\/toode\/pilttapeet-nahasuled-pruun\/\"]}]},{\"@type\":\"ImageObject\",\"inLanguage\":\"et\",\"@id\":\"https:\/\/baubauwall.com\/et\/toode\/pilttapeet-nahasuled-pruun\/#primaryimage\",\"url\":\"https:\/\/baubauwall.com\/wp-content\/uploads\/2022\/03\/51200067_FeatherLeather-scratched_brown-Baubauwall_Wallmural_room8-2.jpg\",\"contentUrl\":\"https:\/\/baubauwall.com\/wp-content\/uploads\/2022\/03\/51200067_FeatherLeather-scratched_brown-Baubauwall_Wallmural_room8-2.jpg\",\"width\":658,\"height\":800},{\"@type\":\"BreadcrumbList\",\"@id\":\"https:\/\/baubauwall.com\/et\/toode\/pilttapeet-nahasuled-pruun\/#breadcrumb\",\"itemListElement\":[{\"@type\":\"ListItem\",\"position\":1,\"name\":\"Koju\",\"item\":\"https:\/\/baubauwall.com\/et\/\"},{\"@type\":\"ListItem\",\"position\":2,\"name\":\"Tapeedid\",\"item\":\"https:\/\/baubauwall.com\/et\/tapeedid\/\"},{\"@type\":\"ListItem\",\"position\":3,\"name\":\"Nahasuled &#8211; \u0161okolaadipruun\"}]},{\"@type\":\"WebSite\",\"@id\":\"https:\/\/baubauwall.com\/et\/#website\",\"url\":\"https:\/\/baubauwall.com\/et\/\",\"name\":\"BAUBAUWALL Wallpapers\",\"description\":\"Valmis paanides tapeet Eestist!\",\"publisher\":{\"@id\":\"https:\/\/baubauwall.com\/et\/#organization\"},\"potentialAction\":[{\"@type\":\"SearchAction\",\"target\":{\"@type\":\"EntryPoint\",\"urlTemplate\":\"https:\/\/baubauwall.com\/et\/?s={search_term_string}\"},\"query-input\":{\"@type\":\"PropertyValueSpecification\",\"valueRequired\":true,\"valueName\":\"search_term_string\"}}],\"inLanguage\":\"et\"},{\"@type\":\"Organization\",\"@id\":\"https:\/\/baubauwall.com\/et\/#organization\",\"name\":\"BAUBAUWALL Wallpapers\",\"url\":\"https:\/\/baubauwall.com\/et\/\",\"logo\":{\"@type\":\"ImageObject\",\"inLanguage\":\"et\",\"@id\":\"https:\/\/baubauwall.com\/et\/#\/schema\/logo\/image\/\",\"url\":\"https:\/\/baubauwall.com\/wp-content\/uploads\/2022\/03\/logo-horizontal.svg\",\"contentUrl\":\"https:\/\/baubauwall.com\/wp-content\/uploads\/2022\/03\/logo-horizontal.svg\",\"width\":\"1024\",\"height\":\"1024\",\"caption\":\"BAUBAUWALL Wallpapers\"},\"image\":{\"@id\":\"https:\/\/baubauwall.com\/et\/#\/schema\/logo\/image\/\"},\"sameAs\":[\"https:\/\/www.facebook.com\/Baubauwall\",\"https:\/\/www.instagram.com\/baubauwall\"]}]}<\/script>\n<!-- \/ Yoast SEO plugin. -->","yoast_head_json":{"title":"Autorit\u00f6\u00f6 pilttapeet Nahasuled. Ootamatud peegeldused tapeedid.","description":"Tumepruun pilttapeet abstraktse tekstuuriga. Uus tapeedikollektsioon eriliste disainidega. Keskkonnas\u00f5bralikud fliistapeedid, seina m\u00f5\u00f5tu paanid","robots":{"index":"index","follow":"follow","max-snippet":"max-snippet:-1","max-image-preview":"max-image-preview:large","max-video-preview":"max-video-preview:-1"},"canonical":"https:\/\/baubauwall.com\/et\/toode\/pilttapeet-nahasuled-pruun\/","og_locale":"et_EE","og_type":"article","og_title":"Autorit\u00f6\u00f6 pilttapeet Nahasuled. Ootamatud peegeldused tapeedid.","og_description":"Tumepruun pilttapeet abstraktse tekstuuriga. Uus tapeedikollektsioon eriliste disainidega. Keskkonnas\u00f5bralikud fliistapeedid, seina m\u00f5\u00f5tu paanid","og_url":"https:\/\/baubauwall.com\/et\/toode\/pilttapeet-nahasuled-pruun\/","og_site_name":"BAUBAUWALL Wallpapers","article_publisher":"https:\/\/www.facebook.com\/Baubauwall","article_modified_time":"2023-12-01T10:29:50+00:00","og_image":[{"width":658,"height":800,"url":"https:\/\/baubauwall.com\/wp-content\/uploads\/2022\/03\/51200067_FeatherLeather-scratched_brown-Baubauwall_Wallmural_room8-2.jpg","type":"image\/jpeg"}],"twitter_card":"summary_large_image","twitter_misc":{"Est. reading time":"1 minut"},"schema":{"@context":"https:\/\/schema.org","@graph":[{"@type":"WebPage","@id":"https:\/\/baubauwall.com\/et\/toode\/pilttapeet-nahasuled-pruun\/","url":"https:\/\/baubauwall.com\/et\/toode\/pilttapeet-nahasuled-pruun\/","name":"Autorit\u00f6\u00f6 pilttapeet Nahasuled. Ootamatud peegeldused tapeedid.","isPartOf":{"@id":"https:\/\/baubauwall.com\/et\/#website"},"primaryImageOfPage":{"@id":"https:\/\/baubauwall.com\/et\/toode\/pilttapeet-nahasuled-pruun\/#primaryimage"},"image":{"@id":"https:\/\/baubauwall.com\/et\/toode\/pilttapeet-nahasuled-pruun\/#primaryimage"},"thumbnailUrl":"https:\/\/baubauwall.com\/wp-content\/uploads\/2022\/03\/51200067_FeatherLeather-scratched_brown-Baubauwall_Wallmural_room8-2.jpg","datePublished":"2022-03-03T07:18:12+00:00","dateModified":"2023-12-01T10:29:50+00:00","description":"Tumepruun pilttapeet abstraktse tekstuuriga. Uus tapeedikollektsioon eriliste disainidega. Keskkonnas\u00f5bralikud fliistapeedid, seina m\u00f5\u00f5tu paanid","breadcrumb":{"@id":"https:\/\/baubauwall.com\/et\/toode\/pilttapeet-nahasuled-pruun\/#breadcrumb"},"inLanguage":"et","potentialAction":[{"@type":"ReadAction","target":["https:\/\/baubauwall.com\/et\/toode\/pilttapeet-nahasuled-pruun\/"]}]},{"@type":"ImageObject","inLanguage":"et","@id":"https:\/\/baubauwall.com\/et\/toode\/pilttapeet-nahasuled-pruun\/#primaryimage","url":"https:\/\/baubauwall.com\/wp-content\/uploads\/2022\/03\/51200067_FeatherLeather-scratched_brown-Baubauwall_Wallmural_room8-2.jpg","contentUrl":"https:\/\/baubauwall.com\/wp-content\/uploads\/2022\/03\/51200067_FeatherLeather-scratched_brown-Baubauwall_Wallmural_room8-2.jpg","width":658,"height":800},{"@type":"BreadcrumbList","@id":"https:\/\/baubauwall.com\/et\/toode\/pilttapeet-nahasuled-pruun\/#breadcrumb","itemListElement":[{"@type":"ListItem","position":1,"name":"Koju","item":"https:\/\/baubauwall.com\/et\/"},{"@type":"ListItem","position":2,"name":"Tapeedid","item":"https:\/\/baubauwall.com\/et\/tapeedid\/"},{"@type":"ListItem","position":3,"name":"Nahasuled &#8211; \u0161okolaadipruun"}]},{"@type":"WebSite","@id":"https:\/\/baubauwall.com\/et\/#website","url":"https:\/\/baubauwall.com\/et\/","name":"BAUBAUWALL Wallpapers","description":"Valmis paanides tapeet Eestist!","publisher":{"@id":"https:\/\/baubauwall.com\/et\/#organization"},"potentialAction":[{"@type":"SearchAction","target":{"@type":"EntryPoint","urlTemplate":"https:\/\/baubauwall.com\/et\/?s={search_term_string}"},"query-input":{"@type":"PropertyValueSpecification","valueRequired":true,"valueName":"search_term_string"}}],"inLanguage":"et"},{"@type":"Organization","@id":"https:\/\/baubauwall.com\/et\/#organization","name":"BAUBAUWALL Wallpapers","url":"https:\/\/baubauwall.com\/et\/","logo":{"@type":"ImageObject","inLanguage":"et","@id":"https:\/\/baubauwall.com\/et\/#\/schema\/logo\/image\/","url":"https:\/\/baubauwall.com\/wp-content\/uploads\/2022\/03\/logo-horizontal.svg","contentUrl":"https:\/\/baubauwall.com\/wp-content\/uploads\/2022\/03\/logo-horizontal.svg","width":"1024","height":"1024","caption":"BAUBAUWALL Wallpapers"},"image":{"@id":"https:\/\/baubauwall.com\/et\/#\/schema\/logo\/image\/"},"sameAs":["https:\/\/www.facebook.com\/Baubauwall","https:\/\/www.instagram.com\/baubauwall"]}]}},"jetpack_sharing_enabled":true,"_links":{"self":[{"href":"https:\/\/baubauwall.com\/et\/wp-json\/wp\/v2\/product\/8714","targetHints":{"allow":["GET"]}}],"collection":[{"href":"https:\/\/baubauwall.com\/et\/wp-json\/wp\/v2\/product"}],"about":[{"href":"https:\/\/baubauwall.com\/et\/wp-json\/wp\/v2\/types\/product"}],"replies":[{"embeddable":true,"href":"https:\/\/baubauwall.com\/et\/wp-json\/wp\/v2\/comments?post=8714"}],"wp:featuredmedia":[{"embeddable":true,"href":"https:\/\/baubauwall.com\/et\/wp-json\/wp\/v2\/media\/8697"}],"wp:attachment":[{"href":"https:\/\/baubauwall.com\/et\/wp-json\/wp\/v2\/media?parent=8714"}],"wp:term":[{"taxonomy":"product_brand","embeddable":true,"href":"https:\/\/baubauwall.com\/et\/wp-json\/wp\/v2\/product_brand?post=8714"},{"taxonomy":"product_cat","embeddable":true,"href":"https:\/\/baubauwall.com\/et\/wp-json\/wp\/v2\/product_cat?post=8714"},{"taxonomy":"product_tag","embeddable":true,"href":"https:\/\/baubauwall.com\/et\/wp-json\/wp\/v2\/product_tag?post=8714"}],"curies":[{"name":"wp","href":"https:\/\/api.w.org\/{rel}","templated":true}]}}